{"id":405,"date":"2024-11-28T10:54:25","date_gmt":"2024-11-28T09:54:25","guid":{"rendered":"https:\/\/portvellbcn.cat\/tinglados\/?page_id=405"},"modified":"2024-11-28T11:31:41","modified_gmt":"2024-11-28T10:31:41","slug":"reservas","status":"publish","type":"page","link":"https:\/\/portvellbcn.cat\/tinglados\/es\/reservas\/","title":{"rendered":"RESERVAS"},"content":{"rendered":"<div class=\"wpb-content-wrapper\"><p>[vc_row][vc_column width=\u00bb1\/1&#8243;][vc_column_text]Todos los campos deben estar debidamente rellenados, en caso de error en el env\u00edo se mostrar\u00e1 un mensaje de aviso bajo el formulario, y se marcar\u00e1n los campos con errores.[\/vc_column_text][\/vc_column][\/vc_row][vc_row][vc_column width=\u00bb1\/1&#8243;]\n<div class=\"wpcf7 no-js\" id=\"wpcf7-f421-o1\" lang=\"es-ES\" dir=\"ltr\" data-wpcf7-id=\"421\">\n<div class=\"screen-reader-response\"><p role=\"status\" aria-live=\"polite\" aria-atomic=\"true\"><\/p> <ul><\/ul><\/div>\n<form action=\"\/tinglados\/wp-json\/wp\/v2\/pages\/405#wpcf7-f421-o1\" method=\"post\" class=\"wpcf7-form init\" aria-label=\"Formulario de contacto\" novalidate=\"novalidate\" data-status=\"init\">\n<fieldset class=\"hidden-fields-container\"><input type=\"hidden\" name=\"_wpcf7\" value=\"421\" \/><input type=\"hidden\" name=\"_wpcf7_version\" value=\"6.1.5\" \/><input type=\"hidden\" name=\"_wpcf7_locale\" value=\"es_ES\" \/><input type=\"hidden\" name=\"_wpcf7_unit_tag\" value=\"wpcf7-f421-o1\" \/><input type=\"hidden\" name=\"_wpcf7_container_post\" value=\"0\" \/><input type=\"hidden\" name=\"_wpcf7_posted_data_hash\" value=\"\" \/>\n<\/fieldset>\n<p class=\"bolder\">\n\t<bold> Esta ficha se deber\u00e1 rellenar sin perjuicio del cumplimiento del PAU en los casos previstos en el Decreto de Autoprotecci\u00f3n 82\/2010 y el SOAP cuando se trate de espect\u00e1culos p\u00fablicos y actividades de car\u00e1cter extraordinario organizados en la v\u00eda p\u00fablica con un aforo previsto entre 4.000 y 20.000 personas, seg\u00fan lo previsto en el Decreto de Alcald\u00eda de 23 de abril de 2014.\n\t<\/bold>\n<\/p>\n<p class=\"titulo\">1.IDENTIFICACI\u00d3N DEL TITULAR DEL EVENTO\n<\/p>\n<table style=\"width:100%; border-bottom-spacing: 100px;\" class=\"tabla2\">\n\t<tr  >\n\t\t<td>\n\t\t\t<p class=\"bolderPara\">Nombre\/Raz\u00f3n Social:*\n\t\t\t<\/p>\n\t\t\t<p><span class=\"wpcf7-form-control-wrap\" data-name=\"rao-social\"><input size=\"40\" maxlength=\"400\" class=\"wpcf7-form-control wpcf7-text wpcf7-validates-as-required\" aria-required=\"true\" aria-invalid=\"false\" value=\"\" type=\"text\" name=\"rao-social\" \/><\/span>\n\t\t\t<\/p>\n\t\t<\/td>\n\t\t<td>\n\t\t\t<p  class=\"bolderPara\">NIF\/CIF:*\n\t\t\t<\/p>\n\t\t\t<p><span class=\"wpcf7-form-control-wrap\" data-name=\"nif\"><input size=\"40\" maxlength=\"400\" class=\"wpcf7-form-control wpcf7-text wpcf7-validates-as-required\" aria-required=\"true\" aria-invalid=\"false\" value=\"\" type=\"text\" name=\"nif\" \/><\/span>\n\t\t\t<\/p>\n\t\t<\/td>\n\t<\/tr>\n\t<tr >\n\t\t<td>\n\t\t\t<p  class=\"bolderPara\">Direcci\u00f3n:*\n\t\t\t<\/p>\n\t\t\t<p><span class=\"wpcf7-form-control-wrap\" data-name=\"adresa\"><input size=\"40\" maxlength=\"400\" class=\"wpcf7-form-control wpcf7-text wpcf7-validates-as-required\" aria-required=\"true\" aria-invalid=\"false\" value=\"\" type=\"text\" name=\"adresa\" \/><\/span>\n\t\t\t<\/p>\n\t\t<\/td>\n\t\t<td>\n\t\t\t<p  class=\"bolderPara\">E-mail:*\n\t\t\t<\/p>\n\t\t\t<p><span class=\"wpcf7-form-control-wrap\" data-name=\"email\"><input size=\"40\" maxlength=\"400\" class=\"wpcf7-form-control wpcf7-email wpcf7-validates-as-required wpcf7-text wpcf7-validates-as-email\" aria-required=\"true\" aria-invalid=\"false\" value=\"\" type=\"email\" name=\"email\" \/><\/span>\n\t\t\t<\/p>\n\t\t<\/td>\n\t<\/tr>\n\t<tr >\n\t\t<td>\n\t\t\t<p  class=\"bolderPara\">Nombre Representante:*\n\t\t\t<\/p>\n\t\t\t<p><span class=\"wpcf7-form-control-wrap\" data-name=\"nom-representant\"><input size=\"40\" maxlength=\"400\" class=\"wpcf7-form-control wpcf7-text wpcf7-validates-as-required\" aria-required=\"true\" aria-invalid=\"false\" value=\"\" type=\"text\" name=\"nom-representant\" \/><\/span>\n\t\t\t<\/p>\n\t\t<\/td>\n\t\t<td>\n\t\t\t<p  class=\"bolderPara\">DNI\/NIE:*\n\t\t\t<\/p>\n\t\t\t<p><span class=\"wpcf7-form-control-wrap\" data-name=\"dni\"><input size=\"40\" maxlength=\"400\" class=\"wpcf7-form-control wpcf7-text wpcf7-validates-as-required\" aria-required=\"true\" aria-invalid=\"false\" value=\"\" type=\"text\" name=\"dni\" \/><\/span>\n\t\t\t<\/p>\n\t\t<\/td>\n\t<\/tr>\n\t<tr >\n\t\t<td>\n\t\t\t<p class=\"bolderPara\">Tipo de actividad*\n\t\t\t<\/p>\n\t\t\t<p><span class=\"wpcf7-form-control-wrap\" data-name=\"tipus_activitat\"><span class=\"wpcf7-form-control wpcf7-checkbox wpcf7-validates-as-required wpcf7-exclusive-checkbox\"><span class=\"wpcf7-list-item first\"><input type=\"checkbox\" name=\"tipus_activitat\" value=\"Productora\" \/><span class=\"wpcf7-list-item-label\">Productora<\/span><\/span><span class=\"wpcf7-list-item\"><input type=\"checkbox\" name=\"tipus_activitat\" value=\"Localizador\/a\" \/><span class=\"wpcf7-list-item-label\">Localizador\/a<\/span><\/span><span class=\"wpcf7-list-item\"><input type=\"checkbox\" name=\"tipus_activitat\" value=\"Agencia de publicidad\/eventos\" \/><span class=\"wpcf7-list-item-label\">Agencia de publicidad\/eventos<\/span><\/span><span class=\"wpcf7-list-item last\"><input type=\"checkbox\" name=\"tipus_activitat\" value=\"Otros\" \/><span class=\"wpcf7-list-item-label\">Otros<\/span><\/span><\/span><\/span>\n\t\t\t<\/p>\n\t\t<\/td>\n\t<\/tr>\n<\/table>\n<p class=\"titulo\" style=\"padding-top: 5%;\">2.IDENTIFICACI\u00d3N DEL EVENTO Y DE LA ACTIVIDAD\n<\/p>\n<p class=\"bolderPara\">Tipo de evento:*\n<\/p>\n<p><span class=\"wpcf7-form-control-wrap\" data-name=\"tipus-acte\"><input size=\"40\" maxlength=\"400\" class=\"wpcf7-form-control wpcf7-text wpcf7-validates-as-required\" aria-required=\"true\" aria-invalid=\"false\" value=\"\" type=\"text\" name=\"tipus-acte\" \/><\/span>\n<\/p>\n<p class=\"bolderPara\">Nombre del evento:*<br \/>\n<span class=\"wpcf7-form-control-wrap\" data-name=\"nom-acte\"><input size=\"40\" maxlength=\"400\" class=\"wpcf7-form-control wpcf7-text wpcf7-validates-as-required\" aria-required=\"true\" aria-invalid=\"false\" value=\"\" type=\"text\" name=\"nom-acte\" \/><\/span>\n<\/p>\n<table style=\"width:100%;margin-bottom: 15px;\" class=\"tabla1 hora\">\n\t<tr>\n\t\t<td>\n\t\t\t<p class=\"bolderPara\">Fecha inicio:*\n\t\t\t<\/p>\n\t\t\t<p><span class=\"wpcf7-form-control-wrap\" data-name=\"data-inici\"><input class=\"wpcf7-form-control wpcf7-date wpcf7-validates-as-required wpcf7-validates-as-date\" aria-required=\"true\" aria-invalid=\"false\" value=\"\" type=\"date\" name=\"data-inici\" \/><\/span>\n\t\t\t<\/p>\n\t\t<\/td>\n\t\t<td>\n\t\t\t<p class=\"bolderPara\">Hora inicio:*\n\t\t\t<\/p>\n\t\t\t<p><span class=\"wpcf7-form-control-wrap\" data-name=\"hora-inici\"><input size=\"40\" maxlength=\"400\" class=\"wpcf7-form-control wpcf7-text wpcf7-validates-as-required\" aria-required=\"true\" aria-invalid=\"false\" value=\"\" type=\"text\" name=\"hora-inici\" \/><\/span>\n\t\t\t<\/p>\n\t\t<\/td>\n\t\t<td>\n\t\t\t<p class=\"bolderPara\">Fecha fin:*\n\t\t\t<\/p>\n\t\t\t<p><span class=\"wpcf7-form-control-wrap\" data-name=\"data-fi\"><input class=\"wpcf7-form-control wpcf7-date wpcf7-validates-as-required wpcf7-validates-as-date\" aria-required=\"true\" aria-invalid=\"false\" value=\"\" type=\"date\" name=\"data-fi\" \/><\/span>\n\t\t\t<\/p>\n\t\t<\/td>\n\t\t<td>\n\t\t\t<p class=\"bolderPara\">Hora fin::*\n\t\t\t<\/p>\n\t\t\t<p><span class=\"wpcf7-form-control-wrap\" data-name=\"hora-fi\"><input size=\"40\" maxlength=\"400\" class=\"wpcf7-form-control wpcf7-text wpcf7-validates-as-required\" aria-required=\"true\" aria-invalid=\"false\" value=\"\" type=\"text\" name=\"hora-fi\" \/><\/span>\n\t\t\t<\/p>\n\t\t<\/td>\n\t<\/tr>\n<\/table>\n<table style=\"width:100%;margin-bottom: 15px;\" class=\"tabla1\">\n\t<tr>\n\t\t<td style=\"padding-bottom: 15px;\">\n\t\t\t<p class=\"bolderPara\">Aforo m\u00e1ximo:*\n\t\t\t<\/p>\n\t\t\t<p><span class=\"wpcf7-form-control-wrap\" data-name=\"aforament-maxim\"><input class=\"wpcf7-form-control wpcf7-number wpcf7-validates-as-required wpcf7-validates-as-number\" aria-required=\"true\" aria-invalid=\"false\" value=\"\" type=\"number\" name=\"aforament-maxim\" \/><\/span>\n\t\t\t<\/p>\n\t\t<\/td>\n\t\t<td  style=\"padding-bottom: 15px;\">\n\t\t\t<p class=\"bolderPara\">P\u00fablico total estimado:*\n\t\t\t<\/p>\n\t\t\t<p><span class=\"wpcf7-form-control-wrap\" data-name=\"public-total-estimat\"><input class=\"wpcf7-form-control wpcf7-number wpcf7-validates-as-required wpcf7-validates-as-number\" aria-required=\"true\" aria-invalid=\"false\" value=\"\" type=\"number\" name=\"public-total-estimat\" \/><\/span>\n\t\t\t<\/p>\n\t\t<\/td>\n\t<\/tr>\n<\/table>\n<p class=\"bolderPara\">Definici\u00f3n de la actividad:*<br \/>\n<span class=\"wpcf7-form-control-wrap\" data-name=\"definicio\"><textarea cols=\"40\" rows=\"10\" maxlength=\"2000\" class=\"wpcf7-form-control wpcf7-textarea wpcf7-validates-as-required\" aria-required=\"true\" aria-invalid=\"false\" name=\"definicio\"><\/textarea><\/span>\n<\/p>\n<p class=\"titulo\" style=\"padding-top: 5%;\">3.ESPACIO SOLICITADO\n<\/p>\n<p class=\"bolderPara\" >Lista de espacios. ESCOGE UNO*\n<\/p>\n<p><span class=\"wpcf7-form-control-wrap\" data-name=\"llista-espais\"><span class=\"wpcf7-form-control wpcf7-checkbox wpcf7-validates-as-required wpcf7-exclusive-checkbox colum2\"><span class=\"wpcf7-list-item first\"><input type=\"checkbox\" name=\"llista-espais\" value=\"Carbonera y Fusteria\" \/><span class=\"wpcf7-list-item-label\">Carbonera y Fusteria<\/span><\/span><span class=\"wpcf7-list-item\"><input type=\"checkbox\" name=\"llista-espais\" value=\"Carbonera, Fusteria y Taller\" \/><span class=\"wpcf7-list-item-label\">Carbonera, Fusteria y Taller<\/span><\/span><span class=\"wpcf7-list-item last\"><input type=\"checkbox\" name=\"llista-espais\" value=\"El Taller\" \/><span class=\"wpcf7-list-item-label\">El Taller<\/span><\/span><\/span><\/span>\n<\/p>\n<p class=\"titulo\">\n<\/p>\n<table border=\"1\" style=\"width:100%; border-bottom-spacing: 100px;\" class=\"tabla2 cuadrados tablemove2\">\n\t<tr>\n\t\t<td>\n\t\t\t<p><a download=\"TINGLADOS-planols-CAT-scaled\"  href=\"https:\/\/pro.dortoka.com\/tinglados\/wp-content\/uploads\/2024\/10\/TINGLADOS-planols-CAT.svg\" class=\"btn planolButton\" download target=\"_blank\">Descarga plano SVG<\/a>\n\t\t\t<\/p>\n\t\t<\/td>\n\t\t<td>\n\t\t\t<p><a download=\"TINGLADOS-planols-CAT-scaled\" href=\"https:\/\/pro.dortoka.com\/tinglados\/wp-content\/themes\/unicon-child\/download2.php\"  class=\"btn planolButton download-link\" download target=\"_blank\">Descarga plano JPG<\/a>\n\t\t\t<\/p>\n\t\t<\/td>\n\t\t<td>\n\t\t\t<p><a download=\"TINGLADOS-planols-CAT-scaled\"  href=\"https:\/\/pro.dortoka.com\/tinglados\/wp-content\/uploads\/2024\/10\/TINGLADOS-planols-CAT.pdf\" class=\"btn planolButton\" download target=\"_blank\">Descarga plano PDF<\/a>\n\t\t\t<\/p>\n\t\t<\/td>\n\t<\/tr>\n<\/table>\n<p class=\"titulo\">\n<\/p>\n<p class=\"bolderPara\">Adjunta plano y croquis de la actividad. (obligatorio) DEBE CONSTAR UBICACI\u00d3N Y \u00c1REA DE AFECTACI\u00d3N*\n<\/p>\n<p class=\"titulo\"  style=\"padding-top: 5%;\">4.DESCRIPCI\u00d3N DE LAS INSTALACIONES\n<\/p>\n<table border=\"1\" style=\"width:100%; border-bottom-spacing: 100px;\" class=\"tabla2 cuadrados tablemove2\">\n\t<tr>\n\t\t<td>\n\t\t\t<div style=\"text-align: center;\">\n\t\t\t\t<p class=\"bolderPara\">Tarimas\n\t\t\t\t<\/p>\n\t\t\t\t<p><span class=\"wpcf7-form-control-wrap\" data-name=\"tarimesSN\"><span class=\"wpcf7-form-control wpcf7-checkbox wpcf7-exclusive-checkbox\"><span class=\"wpcf7-list-item first\"><input type=\"checkbox\" name=\"tarimesSN\" value=\"SI\" \/><span class=\"wpcf7-list-item-label\">SI<\/span><\/span><span class=\"wpcf7-list-item last\"><input type=\"checkbox\" name=\"tarimesSN\" value=\"NO\" \/><span class=\"wpcf7-list-item-label\">NO<\/span><\/span><\/span><\/span>\n\t\t\t\t<\/p>\n\t\t\t<\/div>\n\t\t\t<p class=\"bolderPara\">Superficie m<sup>2<\/sup>:\n\t\t\t<\/p>\n\t\t\t<p><span class=\"wpcf7-form-control-wrap\" data-name=\"tarimasup\"><input size=\"40\" maxlength=\"400\" class=\"wpcf7-form-control wpcf7-text\" aria-invalid=\"false\" value=\"\" type=\"text\" name=\"tarimasup\" \/><\/span>\n\t\t\t<\/p>\n\t\t<\/td>\n\t\t<td>\n\t\t\t<div style=\"text-align: center;\">\n\t\t\t\t<p class=\"bolderPara\">Escenario\n\t\t\t\t<\/p>\n\t\t\t\t<p><span class=\"wpcf7-form-control-wrap\" data-name=\"escenariSN\"><span class=\"wpcf7-form-control wpcf7-checkbox wpcf7-exclusive-checkbox\"><span class=\"wpcf7-list-item first\"><input type=\"checkbox\" name=\"escenariSN\" value=\"SI\" \/><span class=\"wpcf7-list-item-label\">SI<\/span><\/span><span class=\"wpcf7-list-item last\"><input type=\"checkbox\" name=\"escenariSN\" value=\"NO\" \/><span class=\"wpcf7-list-item-label\">NO<\/span><\/span><\/span><\/span>\n\t\t\t\t<\/p>\n\t\t\t<\/div>\n\t\t\t<p class=\"bolderPara\">Superficie m<sup>2<\/sup>:\n\t\t\t<\/p>\n\t\t\t<p><span class=\"wpcf7-form-control-wrap\" data-name=\"escenarisup\"><input size=\"40\" maxlength=\"400\" class=\"wpcf7-form-control wpcf7-text\" aria-invalid=\"false\" value=\"\" type=\"text\" name=\"escenarisup\" \/><\/span>\n\t\t\t<\/p>\n\t\t<\/td>\n\t\t<td>\n\t\t\t<div style=\"text-align: center;\">\n\t\t\t\t<p class=\"bolderPara\">Mesas de sonido, luz\n\t\t\t\t<\/p>\n\t\t\t\t<p><span class=\"wpcf7-form-control-wrap\" data-name=\"taulessoSN\"><span class=\"wpcf7-form-control wpcf7-checkbox wpcf7-exclusive-checkbox\"><span class=\"wpcf7-list-item first\"><input type=\"checkbox\" name=\"taulessoSN\" value=\"SI\" \/><span class=\"wpcf7-list-item-label\">SI<\/span><\/span><span class=\"wpcf7-list-item last\"><input type=\"checkbox\" name=\"taulessoSN\" value=\"NO\" \/><span class=\"wpcf7-list-item-label\">NO<\/span><\/span><\/span><\/span>\n\t\t\t\t<\/p>\n\t\t\t<\/div>\n\t\t\t<p class=\"bolderPara\">Potencia KW:\n\t\t\t<\/p>\n\t\t\t<p><span class=\"wpcf7-form-control-wrap\" data-name=\"potenciaTaules\"><input size=\"40\" maxlength=\"400\" class=\"wpcf7-form-control wpcf7-text\" aria-invalid=\"false\" value=\"\" type=\"text\" name=\"potenciaTaules\" \/><\/span>\n\t\t\t<\/p>\n\t\t<\/td>\n\t<\/tr>\n\t<tr>\n\t\t<td>\n\t\t\t<div style=\"text-align: center;\">\n\t\t\t\t<p class=\"bolderPara\">Unidades:\n\t\t\t\t<\/p>\n\t\t\t\t<p><span class=\"wpcf7-form-control-wrap\" data-name=\"unitats\"><input size=\"40\" maxlength=\"400\" class=\"wpcf7-form-control wpcf7-text\" aria-invalid=\"false\" value=\"\" type=\"text\" name=\"unitats\" \/><\/span>\n\t\t\t\t<\/p>\n\t\t\t<\/div>\n\t\t<\/td>\n\t<\/tr>\n<\/table>\n<p><input class=\"wpcf7-form-control wpcf7-submit has-spinner\" type=\"submit\" value=\"Enviar\" \/>\n<\/p><div class=\"wpcf7-response-output\" aria-hidden=\"true\"><\/div>\n<\/form>\n<\/div>\n[\/vc_column][\/vc_row]<\/p>\n<\/div>","protected":false},"excerpt":{"rendered":"<p>[vc_row][vc_column width=\u00bb1\/1&#8243;][vc_column_text]Todos los campos deben estar debidamente rellenados, en caso de error en el env\u00edo se mostrar\u00e1 un mensaje de aviso bajo el formulario, y se marcar\u00e1n los campos con errores.[\/vc_column_text][\/vc_column][\/vc_row][vc_row][vc_column width=\u00bb1\/1&#8243;][\/vc_column][\/vc_row]<\/p>\n","protected":false},"author":1,"featured_media":0,"parent":0,"menu_order":0,"comment_status":"closed","ping_status":"closed","template":"","meta":{"_acf_changed":false,"footnotes":""},"class_list":["post-405","page","type-page","status-publish","hentry"],"acf":[],"_links":{"self":[{"href":"https:\/\/portvellbcn.cat\/tinglados\/wp-json\/wp\/v2\/pages\/405","targetHints":{"allow":["GET"]}}],"collection":[{"href":"https:\/\/portvellbcn.cat\/tinglados\/wp-json\/wp\/v2\/pages"}],"about":[{"href":"https:\/\/portvellbcn.cat\/tinglados\/wp-json\/wp\/v2\/types\/page"}],"author":[{"embeddable":true,"href":"https:\/\/portvellbcn.cat\/tinglados\/wp-json\/wp\/v2\/users\/1"}],"replies":[{"embeddable":true,"href":"https:\/\/portvellbcn.cat\/tinglados\/wp-json\/wp\/v2\/comments?post=405"}],"version-history":[{"count":0,"href":"https:\/\/portvellbcn.cat\/tinglados\/wp-json\/wp\/v2\/pages\/405\/revisions"}],"wp:attachment":[{"href":"https:\/\/portvellbcn.cat\/tinglados\/wp-json\/wp\/v2\/media?parent=405"}],"curies":[{"name":"wp","href":"https:\/\/api.w.org\/{rel}","templated":true}]}}