{"id":9600,"date":"2021-02-03T17:21:26","date_gmt":"2021-02-03T16:21:26","guid":{"rendered":"https:\/\/portvellbcn.cat\/es\/que-es-portvell\/"},"modified":"2026-01-30T11:54:37","modified_gmt":"2026-01-30T10:54:37","slug":"que-es-el-portvell","status":"publish","type":"page","link":"https:\/\/portvellbcn.cat\/es\/que-es-el-portvell\/","title":{"rendered":"Qu\u00e9 es el Port Vell"},"content":{"rendered":"<div class=\"wpb-content-wrapper\"><p>[vc_row top_padding=\u00bb60&#8243; bottom_padding=\u00bb60&#8243; class=\u00bbpocoPadding\u00bb][vc_column width=\u00bb1\/1&#8243;][vc_empty_space height=\u00bb20&#8243;][\/vc_column][\/vc_row][vc_row top_padding=\u00bb0&#8243; bottom_padding=\u00bb0&#8243;][vc_column el_class=\u00bbfuera\u00bb width=\u00bb1\/4&#8243;][\/vc_column][vc_column width=\u00bb1\/2&#8243;][vc_column_text]<\/p>\n<p style=\"text-align: center; letter-spacing: 4px;\"><span style=\"color: #999999; font-size: 14px; letter-spacing: 4px;\">\u00bfQUI\u00c9NES SOMOS?<\/span><\/p>\n<p>[\/vc_column_text][vc_column_text]<\/p>\n<p style=\"text-align: center;\"><span class=\"s1\" style=\"font-size: 55px; color: #333333;\"><span style=\"font-family: 'Poppins', sans-serif; font-weight: 300; letter-spacing: 1px;\"><span style=\"line-height: 1.2em; display: inline-block; width: 100%;\"><span style=\"font-family: 'Poppins', sans-serif; font-weight: 400;\"><span style=\"font-family: 'Poppins', sans-serif; font-weight: 500;\"><span class=\"titulofuente\" style=\"font-family: 'Playfair Display', sans-serif; font-weight: 400;\">\u00bfQu\u00e9 es el Port Vell?<\/span><\/span><\/span><\/span><\/span><\/span><\/p>\n<p>[\/vc_column_text][vc_zigzag color=\u00bbsandy_brown\u00bb el_width=\u00bb20&#8243;][\/vc_column][vc_column el_class=\u00bbfuera\u00bb width=\u00bb1\/4&#8243;][\/vc_column][\/vc_row][vc_row top_padding=\u00bb60&#8243; bottom_padding=\u00bb60&#8243; class=\u00bbpocoPadding\u00bb][vc_column width=\u00bb1\/1&#8243;][vc_empty_space height=\u00bb20&#8243;][\/vc_column][\/vc_row][vc_row type=\u00bbfull_width_section\u00bb bg_color=\u00bb#efefef\u00bb full_height=\u00bbtrue\u00bb][vc_column bg_image=\u00bb7724&#8243; column_center=\u00bbtrue\u00bb width=\u00bb1\/2&#8243;]<div class=\"spacer\" style=\"height: 750px;\"><\/div>[\/vc_column][vc_column column_padding=\u00bbpadding-5&#8243; width=\u00bb1\/2&#8243;][vc_column_text]<\/p>\n<p style=\"text-align: justify;\"><span style=\"font-size: 14px;\">Port Vell es el territorio ciudadano del Port de Barcelona, una de las zonas m\u00e1s din\u00e1micas, atractivas y singulares de la ciudad. Gracias a una gesti\u00f3n equilibrada de los espacios p\u00fablicos, Port Vell se ha posicionado como un referente internacional en la integraci\u00f3n puerto-ciudad, logrando una convivencia productiva y sostenible entre los usos urbanos y ciudadanos, y las actividades comerciales, industriales y pesqueras presentes en la zona. El puerto-ciudad est\u00e1 gestionado por la Ger\u00e8ncia Urban\u00edstica del Port Vell, constituida por el Port de Barcelona en 1988. Sus principales competencias son:<br \/>\n<\/span><\/p>\n<ul class=\"styled-list fa-ul\"><li><i class=\"fa fa-check\"><\/i> Garantizar la cohesi\u00f3n e integraci\u00f3n entre el espacio portuario y el entorno ciudadano, con criterios de sostenibilidad econ\u00f3mica, social y medioambiental.<\/p>\n<\/li><li><i class=\"fa fa-check\"><\/i> La explotaci\u00f3n comercial de los espacios p\u00fablicos del Port Vell y de la Nova Bocana.<\/p>\n<\/li><li><i class=\"fa fa-check\"><\/i> El apoyo y la prestaci\u00f3n de servicios a las entidades y empresas que desarrollan su actividad en el Port Vell.<\/p>\n<\/li><ul class=\"styled-list fa-ul\"><\/ul><li><i class=\"fa fa-check\"><\/i> Impulsar y proyectar la econom\u00eda azul en Barcelona y su litoral.<\/p>\n<\/li><ul class=\"styled-list fa-ul\"><\/ul><li><i class=\"fa fa-check\"><\/i> Poner en valor el patrimonio cultural y arquitect\u00f3nico de la zona.<\/p>\n<\/li><ul class=\"styled-list fa-ul\"><\/ul><li><i class=\"fa fa-check\"><\/i> Seguimiento de los proyectos urban\u00edsticos e infraestructuras.<\/p>\n<\/li><ul class=\"styled-list fa-ul\"><\/ul><li><i class=\"fa fa-check\"><\/i> Mantener la identidad mar\u00edtima de Barcelona.<\/p>\n<\/li><\/ul>\n<p style=\"text-align: justify;\"><span style=\"font-size: 14px;\">El Port Vell, mediante su Plan Estrat\u00e9gico, sigue asumiendo nuevos retos, atrayendo importantes proyectos de inversi\u00f3n y acogiendo iniciativas innovadoras, y ampl\u00eda su \u00e1rea ciudadana urbanizando nuevas zonas de paseo y de ocio abiertas al p\u00fablico.<br \/>\n<\/span><\/p>\n<p>[\/vc_column_text][\/vc_column][\/vc_row][vc_row top_padding=\u00bb40&#8243;][vc_column width=\u00bb1\/1&#8243;][vc_column_text]<\/p>\n<p style=\"text-align: justify;\"><span style=\"font-size: 15px;\">Desde sus inicios, los habitantes de este llano dispusieron del litoral para pescar y para establecer l\u00edneas de comercio mar\u00edtimo con otros puertos. Y si bien es cierto que Barcelona no dispuso de protecciones naturales que le permitieran amarrar los barcos para poder efectuar las operaciones de carga y descarga de mercader\u00edas con seguridad y eficacia, tambi\u00e9n lo hes que no dej\u00f3 nunca de buscar un lugar para facilitar esta operativa. Un proceso largo y agotador, que los habitantes de Barcelona no consiguieron parcialmente hasta la era industrial y que, definitivamente, pudieron disponer de su puerto a partir de las \u00faltimas d\u00e9cadas del siglo XIX.<\/span><\/p>\n<p>[\/vc_column_text][\/vc_column][\/vc_row][vc_row top_padding=\u00bb50&#8243; bottom_padding=\u00bb50&#8243; class=\u00bbtimeline\u00bb][vc_column width=\u00bb1\/1&#8243;][vc_raw_html]JTNDZGl2JTIwY2xhc3MlM0QlMjJ0bC1jb250YWluZXIlMjIlM0UlMEQlMEElMjAlMjAlM0NkaXYlMjBjbGFzcyUzRCUyMnRsLXdyYXBwZXIlMjIlM0UlMEQlMEElMjAlMjAlMjAlMjAlM0NkaXYlMjBjbGFzcyUzRCUyMnRsLWxpbmUlMjIlM0UlM0MlMkZkaXYlM0UlMEQlMEElMjAlMjAlMjAlMjAlM0NkaXYlMjBjbGFzcyUzRCUyMnRsLXByb2dyZXNzJTIyJTIwaWQlM0QlMjJwcm9ncmVzcyUyMiUzRSUzQyUyRmRpdiUzRSUwRCUwQSUyMCUyMCUyMCUyMCUwRCUwQSUyMCUyMCUyMCUyMCUzQ2RpdiUyMGNsYXNzJTNEJTIydGwtcG9pbnRzJTIyJTNFJTBEJTBBJTIwJTIwJTIwJTIwJTIwJTIwJTNDZGl2JTIwY2xhc3MlM0QlMjJ0bC1wb2ludCUyMGFjdGl2ZSUyMiUyMG9uY2xpY2slM0QlMjJzaG93U3RlcCUyODAlMkMlMjAwJTI5JTIyJTNFJTNDc3BhbiUzRTE4NjAlM0MlMkZzcGFuJTNFJTNDJTJGZGl2JTNFJTBEJTBBJTIwJTIwJTIwJTIwJTIwJTIwJTNDZGl2JTIwY2xhc3MlM0QlMjJ0bC1wb2ludCUyMiUyMG9uY2xpY2slM0QlMjJzaG93U3RlcCUyODElMkMlMjAxMCUyOSUyMiUzRSUzQ3NwYW4lM0UxODY5JTNDJTJGc3BhbiUzRSUzQyUyRmRpdiUzRSUwRCUwQSUyMCUyMCUyMCUyMCUyMCUyMCUzQ2RpdiUyMGNsYXNzJTNEJTIydGwtcG9pbnQlMjIlMjBvbmNsaWNrJTNEJTIyc2hvd1N0ZXAlMjgyJTJDJTIwMjAlMjklMjIlM0UlM0NzcGFuJTNFMTkwMCUzQyUyRnNwYW4lM0UlM0MlMkZkaXYlM0UlMEQlMEElMjAlMjAlMjAlMjAlMjAlMjAlM0NkaXYlMjBjbGFzcyUzRCUyMnRsLXBvaW50JTIyJTIwb25jbGljayUzRCUyMnNob3dTdGVwJTI4MyUyQyUyMDMwJTI5JTIyJTNFJTNDc3BhbiUzRTE5MDUtMTk4MCUzQyUyRnNwYW4lM0UlM0MlMkZkaXYlM0UlMEQlMEElMjAlMjAlMjAlMjAlMjAlMjAlM0NkaXYlMjBjbGFzcyUzRCUyMnRsLXBvaW50JTIyJTIwb25jbGljayUzRCUyMnNob3dTdGVwJTI4NCUyQyUyMDQwJTI5JTIyJTNFJTNDc3BhbiUzRTE5ODElM0MlMkZzcGFuJTNFJTNDJTJGZGl2JTNFJTBEJTBBJTIwJTIwJTIwJTIwJTIwJTIwJTNDZGl2JTIwY2xhc3MlM0QlMjJ0bC1wb2ludCUyMiUyMG9uY2xpY2slM0QlMjJzaG93U3RlcCUyODUlMkMlMjA1MCUyOSUyMiUzRSUzQ3NwYW4lM0UxOTgyJTNDJTJGc3BhbiUzRSUzQyUyRmRpdiUzRSUwRCUwQSUyMCUyMCUyMCUyMCUyMCUyMCUzQ2RpdiUyMGNsYXNzJTNEJTIydGwtcG9pbnQlMjIlMjBvbmNsaWNrJTNEJTIyc2hvd1N0ZXAlMjg2JTJDJTIwNjAlMjklMjIlM0UlM0NzcGFuJTNFMTk4NiUzQyUyRnNwYW4lM0UlM0MlMkZkaXYlM0UlMEQlMEElMjAlMjAlMjAlMjAlMjAlMjAlM0NkaXYlMjBjbGFzcyUzRCUyMnRsLXBvaW50JTIyJTIwb25jbGljayUzRCUyMnNob3dTdGVwJTI4NyUyQyUyMDcwJTI5JTIyJTNFJTNDc3BhbiUzRTE5ODglM0MlMkZzcGFuJTNFJTNDJTJGZGl2JTNFJTBEJTBBJTIwJTIwJTIwJTIwJTIwJTIwJTNDZGl2JTIwY2xhc3MlM0QlMjJ0bC1wb2ludCUyMiUyMG9uY2xpY2slM0QlMjJzaG93U3RlcCUyODglMkMlMjA4MCUyOSUyMiUzRSUzQ3NwYW4lM0UxOTg5JTNDJTJGc3BhbiUzRSUzQyUyRmRpdiUzRSUwRCUwQSUyMCUyMCUyMCUyMCUyMCUyMCUzQ2RpdiUyMGNsYXNzJTNEJTIydGwtcG9pbnQlMjIlMjBvbmNsaWNrJTNEJTIyc2hvd1N0ZXAlMjg5JTJDJTIwOTAlMjklMjIlM0UlM0NzcGFuJTNFMjAwMSUzQyUyRnNwYW4lM0UlM0MlMkZkaXYlM0UlMEQlMEElMjAlMjAlMjAlMjAlMjAlMjAlM0NkaXYlMjBjbGFzcyUzRCUyMnRsLXBvaW50JTIyJTIwb25jbGljayUzRCUyMnNob3dTdGVwJTI4MTAlMkMxMDAlMjklMjIlM0UlM0NzcGFuJTNFQWN0dWFsaWRhZCUzQyUyRnNwYW4lM0UlM0MlMkZkaXYlM0UlMEQlMEElMjAlMjAlMjAlMjAlM0MlMkZkaXYlM0UlMEQlMEElMjAlMjAlM0MlMkZkaXYlM0UlMEQlMEElMEQlMEElMjAlMjAlM0NkaXYlMjBpZCUzRCUyMnRsLWNvbnRlbnQlMjIlMjBjbGFzcyUzRCUyMnRsLWNvbnRlbnQlMjIlM0UlMEQlMEElMjAlMjAlMjAlMjAlM0NpbWclMjBpZCUzRCUyMnRsLWltZyUyMiUyMHNyYyUzRCUyMmh0dHBzJTNBJTJGJTJGcG9ydHZlbGxiY24uY2F0JTJGd3AtY29udGVudCUyRnVwbG9hZHMlMkYyMDE5JTJGMTAlMkZGb3RvX0hpc3RvcmlhX2NvbXBhcnRpZGFfMl9lZGl0YWRhLmpwZyUyMiUyMGFsdCUzRCUyMkV2ZW50byUyMiUzRSUwRCUwQSUyMCUyMCUyMCUyMCUzQ2RpdiUyMGNsYXNzJTNEJTIydGwtdGV4dC1hbGlnbiUyMiUzRSUwRCUwQSUyMCUyMCUyMCUyMCUyMCUyMCUzQ2gzJTIwaWQlM0QlMjJ0bC10aXRsZSUyMiUzRSUzQ3N0cm9uZyUzRTE4NjAlM0MlMkZzdHJvbmclM0UlM0MlMkZoMyUzRSUwRCUwQSUyMCUyMCUyMCUyMCUyMCUyMCUzQ3AlMjBpZCUzRCUyMnRsLWRlc2MlMjIlM0VJbmljaWFuJTIwbGFzJTIwb2JyYXMlMjBkZWwlMjBQbGFuJTIwZGUlMjBKb3NlcCUyMFJhZm8lMjBjb24lMjBlbCUyMG9iamV0aXZvJTIwZGUlMjBjcmVhciUyMHB1bnRvcyUyMGRlJTIwcmVzZ3VhcmRvJTIwZW4lMjBlbCUyMFBvcnQlMkMlMjBwZXJvJTIwcG9yJTIwZGVzZ3JhY2lhJTIwc2UlMjBlc3RhbmNhbi5uJTNDJTJGcCUzRSUwRCUwQSUyMCUyMCUyMCUyMCUzQyUyRmRpdiUzRSUwRCUwQSUyMCUyMCUzQyUyRmRpdiUzRSUwRCUwQSUzQyUyRmRpdiUzRSUwRCUwQSUwRCUwQSUzQ3N0eWxlJTNFJTBEJTBBJTBEJTBBJTNDJTJGc3R5bGUlM0UlMEQlMEElMEQlMEElM0NzY3JpcHQlM0UlMEQlMEElMkYlMkYlMjBFbCUyMHNjcmlwdCUyMHNlJTIwcXVlZGElMjBjb21vJTIwbG8lMjB0aWVuZXMlMkMlMjBxdWUlMjBmdW5jaW9uYSUyMHBlcmZlY3RvLiUwRCUwQWNvbnN0JTIwZGF0YSUyMCUzRCUyMCU1QiUwRCUwQSUyMCUyMCU3QiUyMHRpdGxlJTNBJTIwJTIyMTg2MCUyMiUyQyUyMGltZyUzQSUyMCUyMmh0dHBzJTNBJTJGJTJGcG9ydHZlbGxiY24uY2F0JTJGd3AtY29udGVudCUyRnVwbG9hZHMlMkYyMDE5JTJGMTAlMkZGb3RvX0hpc3RvcmlhX2NvbXBhcnRpZGFfMl9lZGl0YWRhLmpwZyUyMiUyQyUyMGRlc2MlM0ElMjAlMjJJbmljaWFuJTIwbGFzJTIwb2JyYXMlMjBkZWwlMjBQbGFuJTIwZGUlMjBKb3NlcCUyMFJhZm8lMjBjb24lMjBlbCUyMG9iamV0aXZvJTIwZGUlMjBjcmVhciUyMHB1bnRvcyUyMGRlJTIwcmVzZ3VhcmRvJTIwZW4lMjBlbCUyMFBvcnQlMkMlMjBwZXJvJTIwcG9yJTIwZGVzZ3JhY2lhJTIwc2UlMjBlc3RhbmNhbi4lMjIlMjAlN0QlMkMlMEQlMEElMjAlMjAlN0IlMjB0aXRsZSUzQSUyMCUyMjE4NjklMjIlMkMlMjBpbWclM0ElMjAlMjJodHRwcyUzQSUyRiUyRnBvcnR2ZWxsYmNuLmNhdCUyRndwLWNvbnRlbnQlMkZ1cGxvYWRzJTJGMjAyMCUyRjExJTJGQmFyY2Vsb25ldGEucG5nJTIyJTJDJTIwZGVzYyUzQSUyMCUyMlNlJTIwY29uc3RpdHV5ZSUyMGxhJTIwSnVudGElMjBkZSUyME9icmFzJTIwZGVsJTIwUG9ydCUyMGRlJTIwQmFyY2Vsb25hJTIweSUyMHNlJTIwaW1wdWxzYSUyMGVsJTIwUGxhJTIwZGUlMjBSYWZvJTIwcGFyYSUyMGNvbnRpbnVhciUyMGxhJTIwY29uc3RydWNjaSVDMyVCM24uJTIwU2UlMjBkZXNhcnJvbGxhJTIwZWwlMjBNb2xsJTIwZGUlMjBsYSUyME11cmFsbGElMkMlMjBkZSUyMERyYXNzYW5lcyUyMHklMjBkZSUyMFNhbnQlMjBCZXJ0cmFuLiUyMiUyMCU3RCUyQyUwRCUwQSUyMCUyMCU3QiUyMHRpdGxlJTNBJTIwJTIyMTkwMCUyMiUyQyUyMGltZyUzQSUyMCUyMmh0dHBzJTNBJTJGJTJGcG9ydHZlbGxiY24uY2F0JTJGd3AtY29udGVudCUyRnVwbG9hZHMlMkYyMDI0JTJGMDclMkZWaWRhLXF1b3RpZGlhbmEtZW4tZWwtTW9sbC1kZS1sYS1NdXJhbGxhLTE5MDUtQXV0b3ItZGVzY29uZWd1dC5qcGclMjIlMkMlMjBkZXNjJTNBJTIwJTIyU2UlMjBpbmljaWElMjBlbCUyMHByb3llY3RvJTIwZGUlMjBDYXJsb3MlMjBkZSUyMEFuZ3Vsby4lMjBTbyUyMGRvdGFuJTIwbG9zJTIwbXVlbGxlcyUyMGRlJTIwZ3IlQzMlQkFhcyUyMGVsJUMzJUE5Y3RyaWNhcyUyQyUyMHYlQzMlQURhcyUyMGZlcnJvdmlhcmlhcyUyMHklMjBzZXJ2aWNpb3MlMjBhZHVhbmVyb3MlMkMlMjBwb3RlbmNpYW5kbyUyMGVsJTIwbmVnb2NpbyUyMHBvcnR1YXJpby4lMjIlMjAlN0QlMkMlMEQlMEElMjAlMjAlN0IlMjB0aXRsZSUzQSUyMCUyMjE5MDUtMTk4MCUyMiUyQyUyMGltZyUzQSUyMCUyMmh0dHBzJTNBJTJGJTJGcG9ydHZlbGxiY24uY2F0JTJGd3AtY29udGVudCUyRnVwbG9hZHMlMkYyMDI0JTJGMDclMkZPcGVyYWNpby1kZS1zb3J0aWRhLWRlLWxhLWJvY2FuYS1kZWwtVmFpeGVsbC1MYXNoLUVzcGFueWEtZGUtbGEtUHJ1ZGVudGlhbC1MaW5lcy0xOTcxLUF1dG9yLWRlc2NvbmVndXQuanBnJTIyJTJDJTIwZGVzYyUzQSUyMCUyMkVsJTIwY3JlY2ltaWVudG8lMjBkZWwlMjBuZWdvY2lvJTIwcG9ydHVhcmlvJTIweSUyMHN1JTIwdHJhc2xhZG8lMjBoYWNpYSUyMGVsJTIwc3VyJTIwZGVqYSUyMG11Y2hhcyUyMGluZnJhZXN0cnVjdHVyYXMlMjBhYmFuZG9uYWRhcyUyMHklMjBvYnNvbGV0YXMuJTIyJTIwJTdEJTJDJTBEJTBBJTIwJTIwJTdCJTIwdGl0bGUlM0ElMjAlMjIxOTgxJTIyJTJDJTIwaW1nJTNBJTIwJTIyaHR0cHMlM0ElMkYlMkZwb3J0dmVsbGJjbi5jYXQlMkZ3cC1jb250ZW50JTJGdXBsb2FkcyUyRjIwMjAlMkYxMSUyRlZpYWwucG5nJTIyJTJDJTIwZGVzYyUzQSUyMCUyMkVsJTIwcHVlcnRvJTIwYmFqbyUyMGxhJTIwZ2VzdGklQzMlQjNuJTIwZGUlMjBQb3J0JTIwQXV0JUMzJUIybm9tJTJDJTIwYWJyZSUyMGxhcyUyMHB1ZXJ0YXMlMjBkZWwlMjBNb2xsJTIwZGUlMjBCb3NjaCUyMGklMjBBbHNpbmElMjBhJTIwbGElMjBjaXVkYWRhbiVDMyVBRGElMjBjb24lMjBlbCUyMG1vdGl2byUyMGRlJTIwbGElMjBjZWxlYnJhY2klQzMlQjNuJTIwZGUlMjBsJTIwRCVDMyVBRGElMjBkZSUyMGxhcyUyMEZ1ZXJ6YXMlMjBBcm1hZGFzLiUyMEVzJTIwbGElMjBwcmltZXJhJTIwdmV6JTIwZGVzcHUlQzMlQTlzJTIwZGUlMjA3MCUyMGElQzMlQjFvcyUyMHF1ZSUyMGVsJTIwcHVlcnRvJTIwc2UlMjBhYnJlJTIwYSUyMGxhJTIwY2l1ZGFkLiUyMiUyMCU3RCUyQyUwRCUwQSUyMCUyMCU3QiUyMHRpdGxlJTNBJTIwJTIyMTk4MiUyMiUyQyUyMGltZyUzQSUyMCUyMmh0dHBzJTNBJTJGJTJGcG9ydHZlbGxiY24uY2F0JTJGd3AtY29udGVudCUyRnVwbG9hZHMlMkYyMDIwJTJGMTElMkZtb2xsZXNwYW55YS5wbmclMjIlMkMlMjBkZXNjJTNBJTIwJTIyRWwlMjBQb3J0JTIweSUyMGVsJTIwQXl1bnRhbWllbnRvJTIwZW5jYXJnYW4lMjBhJTIwTWFudWVsJTIwZGUlMjBTb2wlQzMlQTAtTW9yYWxlcyUyMGxhJTIwb3JkZW5hY2klQzMlQjNuJTIwZGVsJTIwbXVlbGxlJTIweSUyMGVsJTIwZW50b3JubyUyMHVyYmFubyUyQyUyMGluY2x1eWVuZG8lMjBlbCUyMFBhc3NlaWclMjBkZSUyMENvbG9tLiUyMEVzdGFzJTIwZmluYWxpemFuJTIwZW4lMjAxOTg1LiUyMiUyMCU3RCUyQyUwRCUwQSUyMCUyMCU3QiUyMHRpdGxlJTNBJTIwJTIyMTk4NiUyMiUyQyUyMGltZyUzQSUyMCUyMmh0dHBzJTNBJTJGJTJGcG9ydHZlbGxiY24uY2F0JTJGd3AtY29udGVudCUyRnVwbG9hZHMlMkYyMDI0JTJGMDclMkZNb2xsLUJvc2NoLWktQWxzaW5hLmpwZyUyMiUyQyUyMGRlc2MlM0ElMjAlMjJTZSUyMGRlc2lnbmElMjBCYXJjZWxvbmElMjBjb21vJTIwb3JnYW5pemFkb3JhJTIwZGUlMjBsb3MlMjBKdWVnb3MlMjBPbCVDMyVBRG1waWNvcyUyMGRlJTIwMTk5Mi4lMjBKdW50byUyMGNvbiUyMGxhJTIwZXhwZXJpZW5jaWElMjBkZWwlMjBNb2xsJTIwZGUlMjBCb3NjaCUyMGklMjBBbHNpbmElMjB5JTIwbGElMjByZWNvbnZlcnNpJUMzJUIzbiUyMGRlJTIwb3Ryb3MlMjBwdWVydG9zJTIwaW50ZXJuYWNpb25hbGVzJTIwcGFyYSUyMHVzb3MlMjB1cmJhbm9zJTIwJTI4TG9uZHJlcyUyQyUyMFNhbiUyMEZyYW5jaXNjbyUyQyUyMExpdmVycG9vbC4uLiUyOSUyMG1vdGl2YW4lMjBsYSUyMHRyYW5zZm9ybWFjaSVDMyVCM24lMjBkZWwlMjBQb3J0JTIwVmVsbC4lMjIlMjAlN0QlMkMlMEQlMEElMjAlMjAlN0IlMjB0aXRsZSUzQSUyMCUyMjE5ODglMjIlMkMlMjBpbWclM0ElMjAlMjJodHRwcyUzQSUyRiUyRnBvcnR2ZWxsYmNuLmNhdCUyRndwLWNvbnRlbnQlMkZ1cGxvYWRzJTJGMjAyNCUyRjA3JTJGUG9ydC0yMDAwLmpwZyUyMiUyQyUyMGRlc2MlM0ElMjAlMjJTZSUyMGNvbnN0aXR1eWUlMjBsYSUyMEdlciVDMyVBOG5jaWElMjBVcmJhbiVDMyVBRHN0aWNhJTIwUG9ydCUyMDIwMDAlMjAlMjhBY3R1YWxtZW50ZSUyMEdlciVDMyVBOG5jaWElMjBVcmJhbiVDMyVBRHN0aWNhJTIwUG9ydCUyMFZlbGwlMjklMkMlMjBxdWUlMjBlbGFib3JhJTIwdW4lMjBQbGElMjBFc3BlY2lhbCUyMGp1bnRvJTIwY29uJTIwbG9zJTIwU2VydmljaW9zJTIwVCVDMyVBOWNuaWNvcyUyMGRlbCUyMFBvcnQuJTIyJTIwJTdEJTJDJTBEJTBBJTIwJTIwJTdCJTIwdGl0bGUlM0ElMjAlMjIxOTg5JTIyJTJDJTIwaW1nJTNBJTIwJTIyaHR0cHMlM0ElMkYlMkZwb3J0dmVsbGJjbi5jYXQlMkZ3cC1jb250ZW50JTJGdXBsb2FkcyUyRjIwMjQlMkYwNyUyRlBsYS1Fc3BlY2lhbC1Qb3J0LVZlbGwuanBnJTIyJTJDJTIwZGVzYyUzQSUyMCUyMkVuJTIwbWF5byUyMGRlJTIwZXNlJTIwYSVDMyVCMW8lMkMlMjBsYSUyMENvbWlzc2klQzMlQjMlMjBkJTI3VXJiYW5pc21lJTIwZGUlMjBsYSUyMEdlbmVyYWxpdGF0JTIwZGUlMjBDYXRhbHVueWElMjBhcHJ1ZWJhJTIwZWwlMjBQbGElMjBFc3BlY2lhbCUyMGRlbCUyMFBvcnQlMjBWZWxsLiUyMEVsJTIwb2JqZXRpdm8lMjBlcyUyMG1hbnRlbmVyJTIwZWwlMjBjYXIlQzMlQTFjdGVyJTIwcG9ydHVhcmlvJTIwZGUlMjBsb3MlMjBlc3BhY2lvcyUyMHBlciUyMGltcHVsc2FuZG8lMjB5JTIwZGl2ZXJzaWZpY2FuZG8lMjB1c29zJTIwcXVlJTIwbWVqb3Jhc2VuJTIwbGElMjByZWxhY2klQzMlQjNuJTIwY29uJTIwbGElMjBjaXVkYWQuJTIwQXMlQzMlQUQlMkMlMjBzZSUyMGltcHVsc2ElMjBlbCUyMHNlY3RvciUyMG4lQzMlQTF1dGljby1kZXBvcnRpdm8lMkMlMjBzZSUyMG9mcmVjZW4lMjBtJUMzJUExcyUyMGVzcGFjaW9zJTIwcCVDMyVCQWJsaWNvcyUyMHklMjBzZSUyMGNvbmNlbnRyYW4lMjB1c29zJTIwY29tZXJjaWFsZXMuJTIyJTIwJTdEJTJDJTBEJTBBJTIwJTIwJTdCJTIwdGl0bGUlM0ElMjAlMjIyMDAxJTIyJTJDJTIwaW1nJTNBJTIwJTIyaHR0cHMlM0ElMkYlMkZwb3J0dmVsbGJjbi5jYXQlMkZ3cC1jb250ZW50JTJGdXBsb2FkcyUyRjIwMjQlMkYwNyUyRk5vdmEtQm9jYW5hLmpwZyUyMiUyQyUyMGRlc2MlM0ElMjAlMjJTZSUyMGFwcnVlYmElMjBlbCUyMFBsYSUyMGVzcGVjaWFsJTIwZGUlMjBsYSUyME5vdmElMjBCb2NhbmElMkMlMjBjb24lMjBlbCUyMG9iamV0aXZvJTIwZGUlMjBkZWZpbmlyJTIwbG9zJTIwdXNvcyUyMHklMjBhY3RpdmlkYWRlcyUyMHF1ZSUyMHNlJTIwYWNvZ2VyJUMzJUExbiUyMGVuJTIwbGElMjBudWV2YSUyMHN1cGVyZmljaWUlMjB0ZXJyZXN0cmUlMjB5JTIwbCVDMyVBMW1pbmElMjBtYXJpdGlxdWUlMjBxdWUlMjBzdXB1c28lMjBsYSUyMEJvY2FuYSUyME5vcmQuJTIyJTIwJTdEJTJDJTBEJTBBJTIwJTIwJTdCJTIwJTBEJTBBJTIwJTIwdGl0bGUlM0ElMjAlMjJBY3R1YWxpZGFkJTIyJTJDJTIwJTBEJTBBJTIwJTIwaW1nJTNBJTIwJTIyaHR0cHMlM0ElMkYlMkZwb3J0dmVsbGJjbi5jYXQlMkZ3cC1jb250ZW50JTJGdXBsb2FkcyUyRjIwMjQlMkYwNyUyRkFjdHVhbGl0YXQuanBnJTIyJTJDJTIwJTBEJTBBJTIwJTIwZGVzYyUzQSUyMCU2MERlc3B1JUMzJUE5cyUyMGRlJTIwbSVDMyVBMXMlMjBkZSUyMDMwJTIwYSVDMyVCMW9zLiUyMExhJTIwR2VyJUMzJUE4bmNpYSUyMFVyYmFuJUMzJUFEc3RpY2ElMjBQb3J0JTIwVmVsbCUyMGNvbnRpbiVDMyVCQWElMjBjZW50cmFuZG8lMjBzdSUyMGFjdGl2aWRhZCUyMGVuJTIwZ2VzdGlvbmFyJTJDJTIwY29uc2VydmFyJTIweSUyMG1hbnRlbmVyJTIwbG9zJTIwZXNwYWNpb3MlMjBwJUMzJUJBYmxpY29zJTIwZGVsJTIwdGVycml0b3JpbyUyMGRhbmRvJTIwc29wb3J0ZSUyMGElMjBsYXMlMjBlbXByZXNhcyUyMHF1ZSUyMG9wZXJhbiUyMGVuJTIwbGElMjB6b25hJTJDJTIwdmVsYW5kbyUyMHBvciUyMGdhcmFudGl6YXIlMjB1biUyMGVxdWlsaWJyaW8lMjBzb3N0ZW5pYmxlJTIwZGUlMjBsYXMlMjBhY3RpdmlkYWRlcyUyMHF1ZSUyMHNlJTIwbGxldmFuJTIwYSUyMGNhYm8lMjB5JTIwY29uc29saWRhbmRvJTIwbGFzJTIwcmVsYWNpb25lcyUyMGNvbiUyMGVsJTIwZW50b3JubyUyMGNpdWRhZGFuby4lMEQlMEElMEQlMEFFcyUyMGVuJTIwZXN0ZSUyMCVDMyVCQWx0aW1vJTIwJUMzJUExbWJpdG8lMjB5JTIwY29uJTIwbGElMjB2b2x1bnRhZCUyMGRlJTIwYnVzY2FyJTIwZWwlMjBtZWpvciUyMGVuY2FqZSUyMHklMjBsYSUyMG1heW9yJTIwaW50ZWdyYWNpJUMzJUIzbiUyMGVudHJlJTIwZWwlMjBwdWVydG8lMjB5JTIwbGElMjBjaXVkYWQlMkMlMjBlbiUyMGVsJTIwcXVlJTIwbGElMjBHZXIlQzMlQThuY2lhJTIwVXJiYW4lQzMlQURzdGljYSUyMFBvcnQlMjBWZWxsJTIwZGVzYXJyb2xsYSUyMGFjY2lvbmVzJTIwb3JpZW50YWRhcyUyMGElMjBjb25zb2xpZGFyJTIwcmVsYWNpb25lcyUyMGVzdHJhdCVDMyVBOWdpY2FzJTIwY29uJTIwbG9zJTIwYmFycmlvcyUyMHF1ZSUyMGxvJTIwZW52dWVsdmVuJTJDJTIwaW52b2x1Y3IlQzMlQTFuZG9zZSUyMGNvbiUyMHByb2dyYW1hcyUyMGxpZGVyYWRvcyUyMHBvciUyMGxhcyUyMGVudGlkYWRlcyUyMGRlbCUyMGVudG9ybm8lMjB5JTIwY29sYWJvcmFuZG8lMjBlbiUyMGFjdGl2aWRhZGVzJTIwcmVsYWNpb25hZGFzJTIwY29uJTIwbGElMjBtZWpvcmElMjBkZSUyMGxhJTIwY2FsaWRhZCUyMGRlJTIwdmlkYSUyMGRlJTIwc3VzJTIwaGFiaXRhbnRlcy4lNjAlMEQlMEElN0QlMEQlMEElNUQlM0IlMEQlMEElMEQlMEFmdW5jdGlvbiUyMHNob3dTdGVwJTI4aW5kZXglMkMlMjBwZXJjZW50YWdlJTI5JTIwJTdCJTBEJTBBJTIwJTIwY29uc3QlMjBjb250ZW50JTIwJTNEJTIwZG9jdW1lbnQuZ2V0RWxlbWVudEJ5SWQlMjglMjd0bC1jb250ZW50JTI3JTI5JTNCJTBEJTBBJTIwJTIwY29udGVudC5zdHlsZS5vcGFjaXR5JTIwJTNEJTIwMCUzQiUwRCUwQSUyMCUyMCUwRCUwQSUyMCUyMHNldFRpbWVvdXQlMjglMjglMjklMjAlM0QlM0UlMjAlN0IlMEQlMEElMjAlMjAlMjAlMjBkb2N1bWVudC5nZXRFbGVtZW50QnlJZCUyOCUyN3Byb2dyZXNzJTI3JTI5LnN0eWxlLndpZHRoJTIwJTNEJTIwcGVyY2VudGFnZSUyMCUyQiUyMCUyMiUyNSUyMiUzQiUwRCUwQSUyMCUyMCUyMCUyMGNvbnN0JTIwcG9pbnRzJTIwJTNEJTIwZG9jdW1lbnQucXVlcnlTZWxlY3RvckFsbCUyOCUyNy50bC1wb2ludCUyNyUyOSUzQiUwRCUwQSUyMCUyMCUyMCUyMHBvaW50cy5mb3JFYWNoJTI4JTI4cCUyQyUyMGklMjklMjAlM0QlM0UlMjAlN0IlMEQlMEElMjAlMjAlMjAlMjAlMjAlMjBwLmNsYXNzTGlzdC50b2dnbGUlMjglMjdhY3RpdmUlMjclMkMlMjBpJTIwJTNDJTNEJTIwaW5kZXglMjklM0IlMEQlMEElMjAlMjAlMjAlMjAlN0QlMjklM0IlMEQlMEElMEQlMEElMjAlMjAlMjAlMjBkb2N1bWVudC5nZXRFbGVtZW50QnlJZCUyOCUyN3RsLWltZyUyNyUyOS5zcmMlMjAlM0QlMjBkYXRhJTVCaW5kZXglNUQuaW1nJTNCJTBEJTBBJTIwJTIwJTIwJTIwZG9jdW1lbnQuZ2V0RWxlbWVudEJ5SWQlMjglMjd0bC10aXRsZSUyNyUyOS5pbm5lckhUTUwlMjAlM0QlMjAlNjAlM0NzdHJvbmclM0UlMjQlN0JkYXRhJTVCaW5kZXglNUQudGl0bGUlN0QlM0MlMkZzdHJvbmclM0UlNjAlM0IlMEQlMEElMjAlMjAlMjAlMjBkb2N1bWVudC5nZXRFbGVtZW50QnlJZCUyOCUyN3RsLWRlc2MlMjclMjkuaW5uZXJUZXh0JTIwJTNEJTIwZGF0YSU1QmluZGV4JTVELmRlc2MlM0IlMEQlMEElMjAlMjAlMjAlMjAlMEQlMEElMjAlMjAlMjAlMjBjb250ZW50LmNsYXNzTGlzdC5yZW1vdmUlMjglMjdhbmltYXRlLWZhZGUlMjclMjklM0IlMEQlMEElMjAlMjAlMjAlMjB2b2lkJTIwY29udGVudC5vZmZzZXRXaWR0aCUzQiUyMCUwRCUwQSUyMCUyMCUyMCUyMGNvbnRlbnQuY2xhc3NMaXN0LmFkZCUyOCUyN2FuaW1hdGUtZmFkZSUyNyUyOSUzQiUwRCUwQSUyMCUyMCUyMCUyMGNvbnRlbnQuc3R5bGUub3BhY2l0eSUyMCUzRCUyMDElM0IlMEQlMEElMjAlMjAlN0QlMkMlMjAzMDAlMjklM0IlMEQlMEElN0QlMEQlMEElM0MlMkZzY3JpcHQlM0U=[\/vc_raw_html][\/vc_column][\/vc_row]<\/p>\n<\/div>","protected":false},"excerpt":{"rendered":"<p>[vc_row top_padding=\u00bb60&#8243; bottom_padding=\u00bb60&#8243; class=\u00bbpocoPadding\u00bb][vc_column width=\u00bb1\/1&#8243;][vc_empty_space height=\u00bb20&#8243;][\/vc_column][\/vc_row][vc_row top_padding=\u00bb0&#8243; bottom_padding=\u00bb0&#8243;][vc_column el_class=\u00bbfuera\u00bb width=\u00bb1\/4&#8243;][\/vc_column][vc_column width=\u00bb1\/2&#8243;][vc_column_text] \u00bfQUI\u00c9NES SOMOS? [\/vc_column_text][vc_column_text] \u00bfQu\u00e9 es el Port Vell? [\/vc_column_text][vc_zigzag color=\u00bbsandy_brown\u00bb el_width=\u00bb20&#8243;][\/vc_column][vc_column el_class=\u00bbfuera\u00bb width=\u00bb1\/4&#8243;][\/vc_column][\/vc_row][vc_row top_padding=\u00bb60&#8243; bottom_padding=\u00bb60&#8243; class=\u00bbpocoPadding\u00bb][vc_column width=\u00bb1\/1&#8243;][vc_empty_space height=\u00bb20&#8243;][\/vc_column][\/vc_row][vc_row type=\u00bbfull_width_section\u00bb bg_color=\u00bb#efefef\u00bb full_height=\u00bbtrue\u00bb][vc_column bg_image=\u00bb7724&#8243; column_center=\u00bbtrue\u00bb width=\u00bb1\/2&#8243;][\/vc_column][vc_column column_padding=\u00bbpadding-5&#8243; width=\u00bb1\/2&#8243;][vc_column_text] Port Vell es el territorio ciudadano del Port de Barcelona, una de las zonas m\u00e1s din\u00e1micas, atractivas y singulares de la ciudad. Gracias a una gesti\u00f3n equilibrada de los espacios p\u00fablicos, Port Vell se ha posicionado como un referente internacional en la integraci\u00f3n puerto-ciudad, logrando una convivencia productiva y sostenible entre los usos urbanos y ciudadanos, y las actividades comerciales, industriales y pesqueras presentes en la zona. El puerto-ciudad est\u00e1 gestionado por la Ger\u00e8ncia Urban\u00edstica del Port Vell, constituida por el Port de Barcelona en 1988. Sus principales competencias son: El Port Vell, mediante su Plan Estrat\u00e9gico, sigue asumiendo nuevos retos, atrayendo importantes proyectos de inversi\u00f3n y acogiendo iniciativas innovadoras, y ampl\u00eda su \u00e1rea ciudadana urbanizando nuevas zonas de paseo y de ocio abiertas al p\u00fablico. [\/vc_column_text][\/vc_column][\/vc_row][vc_row top_padding=\u00bb40&#8243;][vc_column width=\u00bb1\/1&#8243;][vc_column_text] Desde sus inicios, los habitantes de este llano dispusieron del litoral para pescar y para establecer l\u00edneas de comercio mar\u00edtimo con otros puertos. Y si bien es cierto que Barcelona no dispuso de protecciones [&hellip;]<\/p>\n","protected":false},"author":1,"featured_media":0,"parent":0,"menu_order":0,"comment_status":"closed","ping_status":"closed","template":"","meta":{"_acf_changed":false,"footnotes":""},"class_list":["post-9600","page","type-page","status-publish","hentry"],"acf":[],"_links":{"self":[{"href":"https:\/\/portvellbcn.cat\/es\/wp-json\/wp\/v2\/pages\/9600","targetHints":{"allow":["GET"]}}],"collection":[{"href":"https:\/\/portvellbcn.cat\/es\/wp-json\/wp\/v2\/pages"}],"about":[{"href":"https:\/\/portvellbcn.cat\/es\/wp-json\/wp\/v2\/types\/page"}],"author":[{"embeddable":true,"href":"https:\/\/portvellbcn.cat\/es\/wp-json\/wp\/v2\/users\/1"}],"replies":[{"embeddable":true,"href":"https:\/\/portvellbcn.cat\/es\/wp-json\/wp\/v2\/comments?post=9600"}],"version-history":[{"count":0,"href":"https:\/\/portvellbcn.cat\/es\/wp-json\/wp\/v2\/pages\/9600\/revisions"}],"wp:attachment":[{"href":"https:\/\/portvellbcn.cat\/es\/wp-json\/wp\/v2\/media?parent=9600"}],"curies":[{"name":"wp","href":"https:\/\/api.w.org\/{rel}","templated":true}]}}