{"id":8025,"date":"2019-07-23T09:57:21","date_gmt":"2019-07-23T07:57:21","guid":{"rendered":"https:\/\/portvellbcn.cat\/es\/edifici-portal-de-la-pau\/"},"modified":"2024-09-03T09:03:46","modified_gmt":"2024-09-03T07:03:46","slug":"edificio-portal-de-la-pau","status":"publish","type":"page","link":"https:\/\/portvellbcn.cat\/es\/edificio-portal-de-la-pau\/","title":{"rendered":"Edificio Portal de la Paz"},"content":{"rendered":"<div class=\"wpb-content-wrapper\"><p>[vc_row type=\u00bbfull_width_section\u00bb top_padding=\u00bb80&#8243; bottom_padding=\u00bb100&#8243; class=\u00bbpocoPadding\u00bb][vc_column el_class=\u00bbfuera\u00bb width=\u00bb1\/5&#8243;][vc_column_text][\/vc_column_text][\/vc_column][vc_column el_class=\u00bbpocoPadding\u00bb width=\u00bb3\/5&#8243;][vc_column_text css_animation=\u00bbnone\u00bb el_class=\u00bbtiuloverbig\u00bb]<\/p>\n<p style=\"text-align: center;\"><span class=\"s1\" style=\"font-size: 60px; color: #333333;\"><span style=\"font-family: 'Poppins', sans-serif; font-weight: 300; letter-spacing: 1px;\"><span style=\"line-height: 1.2em; display: inline-block; width: 100%;\"><span style=\"font-family: 'Poppins', sans-serif; font-weight: 400;\"><span style=\"font-family: 'Poppins', sans-serif; font-weight: 500;\"><span class=\"titulofuente\" style=\"font-family: 'Playfair Display', sans-serif; font-weight: 400;\">El edificio del Portal de la Pau:<br \/>\nuna breve pincelada sobre su historia<\/span><\/span><\/span><\/span><\/span><\/span><\/p>\n<p>[\/vc_column_text][vc_zigzag color=\u00bbsandy_brown\u00bb el_width=\u00bb10&#8243;][\/vc_column][vc_column el_class=\u00bbfuera\u00bb width=\u00bb1\/5&#8243;][\/vc_column][\/vc_row][vc_row type=\u00bbfull_width_section\u00bb bg_color=\u00bb#f4f4f4&#8243; full_width=\u00bbstretch_row_content_no_spaces\u00bb equal_height=\u00bbyes\u00bb css=\u00bb.vc_custom_1608633220099{margin-top: 0px !important;padding-top: 0px !important;padding-bottom: 0px !important;background-color: #f4f4f4 !important;}\u00bb][vc_column bg_image=\u00bb7734&#8243; column_center=\u00bbtrue\u00bb width=\u00bb1\/2&#8243; css=\u00bb.vc_custom_1608631960242{padding-top: 310px !important;padding-bottom: 310px !important;background-image: url(https:\/\/portvellbcn.cat\/wp-content\/uploads\/2020\/12\/Foto_hotel_internacional.jpg?id=7734) !important;background-position: center !important;background-repeat: no-repeat !important;background-size: cover !important;}\u00bb]<div class=\"spacer\" style=\"height: 550px;\"><\/div>[\/vc_column][vc_column el_class=\u00bbsinSpacer\u00bb column_padding=\u00bbpadding-7&#8243; column_center=\u00bbtrue\u00bb css_animation=\u00bbfadeInRight\u00bb width=\u00bb1\/2&#8243;]<div class=\"spacer\" style=\"height: 10px;\"><\/div>[vc_column_text]<\/p>\n<p style=\"text-align: justify;\"><span style=\"color: #808080;\"><span style=\"font-size: 15px;\">Este edificio fue proyectado en 1903 por el ingeniero Julio Vald\u00e9s Humaran, en aquel momento subdirector de la Junta del Port, y fue inaugurado oficialmente en 1908. <\/span><\/span><\/p>\n<p style=\"text-align: justify;\"><span style=\"color: #808080;\"><span style=\"font-size: 15px;\">Originalmente, el edificio iba a usarse como estaci\u00f3n mar\u00edtima para los viajeros que embarcaban o llegaban por v\u00eda mar\u00edtima a Barcelona y hasta 1918 fue denominado \u00abEmbarcadero de Viajeros de Barcelona\u00bb. <\/span><\/span><\/p>\n<p style=\"text-align: justify;\"><span style=\"color: #808080;\"><span style=\"font-size: 15px;\">El edificio constaba de dos plantas. En la planta baja, adem\u00e1s de un amplio vest\u00edbulo, se instalaron las dependencias destinadas a la aduana para la recepci\u00f3n y revisi\u00f3n de los equipajes procedentes por v\u00eda mar\u00edtima. Para cumplir con esta finalidad, contaba con una gran sala con mostradores para la inspecci\u00f3n de paquetes, vest\u00edbulos laterales para la entrada y salida de los pasajeros, despachos para las compa\u00f1\u00edas navieras, locales para los carabineros o para el registro personal, oficinas, almac\u00e9n, oficina de correos, tel\u00e9grafos, quiosco de prensa y servicios p\u00fablicos.<\/span> <\/span><\/p>\n<p>[\/vc_column_text][\/vc_column][\/vc_row][vc_row type=\u00bbfull_width_section\u00bb bg_color=\u00bb#f4f4f4&#8243; full_width=\u00bbstretch_row_content_no_spaces\u00bb equal_height=\u00bbyes\u00bb css=\u00bb.vc_custom_1608633290180{padding-top: 00px !important;padding-bottom: 00px !important;background-color: #f2f2f2 !important;}\u00bb][vc_column el_class=\u00bbsinSpacer\u00bb column_padding=\u00bbpadding-7&#8243; column_center=\u00bbtrue\u00bb css_animation=\u00bbfadeInLeft\u00bb width=\u00bb1\/2&#8243;]<div class=\"spacer\" style=\"height: 40px;\"><\/div>[vc_column_text]<\/p>\n<p style=\"text-align: justify;\"><span style=\"color: #808080; font-size: 15px;\">En el gran sal\u00f3n del primer piso se estableci\u00f3 el restaurante \u00abMundial Palace\u00bb as\u00ed como todas las dependencias anexas para su servicio: cocina, despensa, bodega, lavabos\u2026 Este restaurante, seg\u00fan relatan las cr\u00f3nicas de la \u00e9poca, fue uno de los establecimientos m\u00e1s modernos y frecuentados entre la alta burgues\u00eda de la ciudad.<\/span><\/p>\n<p style=\"text-align: justify;\"><span style=\"color: #808080;\"><span style=\"font-size: 15px;\">\u201c\u2026 Durante un tiempo fue uno de los restaurantes de moda entre los intelectuales y los burgueses de la ciudad, que all\u00ed celebraban banquetes y reuniones de gran lujo, de donde surg\u00edan acuerdos y decisiones entre el humo de los puros y la m\u00fasica de las orquestas. Santiago Rusi\u00f1ol, Valent\u00ed Almirall, Ignasi Iglesias, Apel\u00b7les Mestres, entre otros, sol\u00edan frecuentar estos salones mientras forjaban los cimientos del nuevo teatro catal\u00e1n\u2026\u201d<br \/>\nLa Barcelona del Vent. Merc\u00e8 Vallejo y David Escamilla.<br \/>\n<\/span><\/span><\/p>\n<p style=\"text-align: justify;\"><span style=\"color: #808080;\"><span style=\"font-size: 15px;\">Tambi\u00e9n con ocasi\u00f3n del banquete de inauguraci\u00f3n, La Vanguardia public\u00f3 la siguiente cr\u00f3nica: \u201c\u2026 Alrededor de las ocho fueron llegando los invitados que, recibidos en el elegante vest\u00edbulo y ascendiendo por las anchas y alfombradas escaleras, llegaron a las galer\u00edas del primer piso y de all\u00ed en el magn\u00edfico sal\u00f3n. En dimensiones no tiene actualmente ninguno que le aventaje en Barcelona, siendo tambi\u00e9n de mucho efecto el decorado\u201d.<br \/>\n<\/span><\/span><\/p>\n<p style=\"text-align: justify;\"><span style=\"font-size: 12px;\"><span style=\"color: #808080;\">Fuente: La Vanguardia, 2 de febrero de 1908.<br \/>\n<\/span><span style=\"color: #808080;\">A partir de 1918, y tras realizarse las correspondientes obras de remodelaci\u00f3n, el edificio fue destinado a albergar las oficinas de la Junta d\u2019Obres del Port, despu\u00e9s del Port Aut\u00f2nom de Barcelona y, a partir de 1992, de la Autoritat Portu\u00e0ria de Barcelona.<\/span><\/span><\/p>\n<p>[\/vc_column_text][\/vc_column][vc_column bg_image=\u00bb7017&#8243; column_center=\u00bbtrue\u00bb width=\u00bb1\/2&#8243; css=\u00bb.vc_custom_1608631933058{padding-top: 310px !important;padding-bottom: 310px !important;background-image: url(https:\/\/portvellbcn.cat\/wp-content\/uploads\/2020\/11\/mp01.jpg?id=7017) !important;background-position: center !important;background-repeat: no-repeat !important;background-size: cover !important;}\u00bb]<div class=\"spacer\" style=\"height: 550px;\"><\/div>[\/vc_column][\/vc_row]<\/p>\n<\/div>","protected":false},"excerpt":{"rendered":"<p>[vc_row type=\u00bbfull_width_section\u00bb top_padding=\u00bb80&#8243; bottom_padding=\u00bb100&#8243; class=\u00bbpocoPadding\u00bb][vc_column el_class=\u00bbfuera\u00bb width=\u00bb1\/5&#8243;][vc_column_text][\/vc_column_text][\/vc_column][vc_column el_class=\u00bbpocoPadding\u00bb width=\u00bb3\/5&#8243;][vc_column_text css_animation=\u00bbnone\u00bb el_class=\u00bbtiuloverbig\u00bb] El edificio del Portal de la Pau: una breve pincelada sobre su historia [\/vc_column_text][vc_zigzag color=\u00bbsandy_brown\u00bb el_width=\u00bb10&#8243;][\/vc_column][vc_column el_class=\u00bbfuera\u00bb width=\u00bb1\/5&#8243;][\/vc_column][\/vc_row][vc_row type=\u00bbfull_width_section\u00bb bg_color=\u00bb#f4f4f4&#8243; full_width=\u00bbstretch_row_content_no_spaces\u00bb equal_height=\u00bbyes\u00bb css=\u00bb.vc_custom_1608633220099{margin-top: 0px !important;padding-top: 0px !important;padding-bottom: 0px !important;background-color: #f4f4f4 !important;}\u00bb][vc_column bg_image=\u00bb7734&#8243; column_center=\u00bbtrue\u00bb width=\u00bb1\/2&#8243; css=\u00bb.vc_custom_1608631960242{padding-top: 310px !important;padding-bottom: 310px !important;background-image: url(https:\/\/portvellbcn.cat\/wp-content\/uploads\/2020\/12\/Foto_hotel_internacional.jpg?id=7734) !important;background-position: center !important;background-repeat: no-repeat !important;background-size: cover !important;}\u00bb][\/vc_column][vc_column el_class=\u00bbsinSpacer\u00bb column_padding=\u00bbpadding-7&#8243; column_center=\u00bbtrue\u00bb css_animation=\u00bbfadeInRight\u00bb width=\u00bb1\/2&#8243;][vc_column_text] Este edificio fue proyectado en 1903 por el ingeniero Julio Vald\u00e9s Humaran, en aquel momento subdirector de la Junta del Port, y fue inaugurado oficialmente en 1908. Originalmente, el edificio iba a usarse como estaci\u00f3n mar\u00edtima para los viajeros que embarcaban o llegaban por v\u00eda mar\u00edtima a Barcelona y hasta 1918 fue denominado \u00abEmbarcadero de Viajeros de Barcelona\u00bb. El edificio constaba de dos plantas. En la planta baja, adem\u00e1s de un amplio vest\u00edbulo, se instalaron las dependencias destinadas a la aduana para la recepci\u00f3n y revisi\u00f3n de los equipajes procedentes por v\u00eda mar\u00edtima. Para cumplir con esta finalidad, contaba con una gran sala con mostradores para la inspecci\u00f3n de paquetes, vest\u00edbulos laterales para la entrada y salida de los pasajeros, despachos para las compa\u00f1\u00edas navieras, locales para los carabineros o para el registro personal, oficinas, almac\u00e9n, oficina [&hellip;]<\/p>\n","protected":false},"author":1,"featured_media":0,"parent":0,"menu_order":0,"comment_status":"closed","ping_status":"closed","template":"","meta":{"_acf_changed":false,"footnotes":""},"class_list":["post-8025","page","type-page","status-publish","hentry"],"acf":[],"_links":{"self":[{"href":"https:\/\/portvellbcn.cat\/es\/wp-json\/wp\/v2\/pages\/8025","targetHints":{"allow":["GET"]}}],"collection":[{"href":"https:\/\/portvellbcn.cat\/es\/wp-json\/wp\/v2\/pages"}],"about":[{"href":"https:\/\/portvellbcn.cat\/es\/wp-json\/wp\/v2\/types\/page"}],"author":[{"embeddable":true,"href":"https:\/\/portvellbcn.cat\/es\/wp-json\/wp\/v2\/users\/1"}],"replies":[{"embeddable":true,"href":"https:\/\/portvellbcn.cat\/es\/wp-json\/wp\/v2\/comments?post=8025"}],"version-history":[{"count":0,"href":"https:\/\/portvellbcn.cat\/es\/wp-json\/wp\/v2\/pages\/8025\/revisions"}],"wp:attachment":[{"href":"https:\/\/portvellbcn.cat\/es\/wp-json\/wp\/v2\/media?parent=8025"}],"curies":[{"name":"wp","href":"https:\/\/api.w.org\/{rel}","templated":true}]}}