{"id":7911,"date":"2020-12-17T11:53:45","date_gmt":"2020-12-17T10:53:45","guid":{"rendered":"https:\/\/portvellbcn.cat\/es\/el-gran-hotel-internacional\/"},"modified":"2024-09-12T11:49:47","modified_gmt":"2024-09-12T09:49:47","slug":"el-gran-hotel-internacional","status":"publish","type":"page","link":"https:\/\/portvellbcn.cat\/es\/el-gran-hotel-internacional\/","title":{"rendered":"El Gran Hotel Hotel Internacional de Barcelona"},"content":{"rendered":"<div class=\"wpb-content-wrapper\"><p>[vc_row type=\u00bbfull_width_section\u00bb top_padding=\u00bb100&#8243; bottom_padding=\u00bb80&#8243; class=\u00bbpocoPadding\u00bb full_width=\u00bbstretch_row\u00bb css=\u00bb.vc_custom_1595320301702{padding-top: 60px !important;padding-bottom: 60px !important;}\u00bb][vc_column offset=\u00bbvc_col-lg-offset-2 vc_col-lg-8 vc_col-md-offset-2 vc_col-md-8&#8243;][vc_column_text css_animation=\u00bbnone\u00bb el_class=\u00bbtiuloverbig\u00bb]<\/p>\n<p style=\"text-align: center;\"><span class=\"s1\" style=\"font-size: 60px; color: #333333;\"><span style=\"font-family: 'Poppins', sans-serif; font-weight: 300; letter-spacing: 1px;\"><span style=\"line-height: 1.2em; display: inline-block; width: 100%;\"><span style=\"font-family: 'Poppins', sans-serif; font-weight: 400;\"><span style=\"font-family: 'Poppins', sans-serif; font-weight: 500;\"><span class=\"titulofuente\" style=\"font-family: 'Playfair Display', sans-serif; font-weight: 400;\">El Gran Hotel Internacional<br \/>\nde Barcelona<\/span><\/span><\/span><\/span><\/span><\/span><\/p>\n<p>[\/vc_column_text][vc_zigzag color=\u00bbsandy_brown\u00bb el_width=\u00bb10&#8243;][\/vc_column][\/vc_row][vc_row class=\u00bbfuera\u00bb][vc_column width=\u00bb1\/1&#8243;]<div class=\"spacer\" style=\"height: 40px;\"><\/div>[\/vc_column][\/vc_row][vc_row type=\u00bbfull_width_section\u00bb bg_color=\u00bb#f4f4f4&#8243; full_width=\u00bbstretch_row_content_no_spaces\u00bb equal_height=\u00bbyes\u00bb css=\u00bb.vc_custom_1611738135193{margin-top: 0px !important;background-color: #fafafa !important;}\u00bb][vc_column bg_image=\u00bb7590&#8243; width=\u00bb1\/2&#8243; css=\u00bb.vc_custom_1608202805916{padding-top: 310px !important;padding-bottom: 310px !important;background-image: url(https:\/\/portvellbcn.cat\/wp-content\/uploads\/2020\/11\/hotel-internacional-portal-de-la-pau.jpg?id=7590) !important;background-position: center !important;background-repeat: no-repeat !important;background-size: cover !important;}\u00bb]<div class=\"spacer\" style=\"height: 550px;\"><\/div>[\/vc_column][vc_column el_class=\u00bbsinSpacer\u00bb column_padding=\u00bbpadding-7&#8243; column_center=\u00bbtrue\u00bb css_animation=\u00bbfadeInRight\u00bb width=\u00bb1\/2&#8243;]<div class=\"spacer\" style=\"height: 20px;\"><\/div>[vc_column_text]<\/p>\n<p style=\"text-align: justify;\"><span style=\"color: #808080;\"><span style=\"font-size: 15px;\">La falta de oferta que ten\u00eda Barcelona para alojar a los visitantes que se preve\u00eda que asistir\u00edan a la Exposici\u00f3n Universal de 1888 llev\u00f3 al Ayuntamiento de la ciudad a encargar la construcci\u00f3n de un hotel en un solar de m\u00e1s de 5.000 metros cuadrados en un terreno ganado al mar, propiedad del Port de Barcelona, situado en el paseo de las Palmeras frente al edificio de la Capitan\u00eda General.<\/span><\/span><\/p>\n<p style=\"text-align: justify;\"><span style=\"color: #808080;\"><span style=\"font-size: 15px;\">El Hotel Internacional fue proyectado por el arquitecto Llu\u00eds Dom\u00e8nech i Montaner, ten\u00eda capacidad para 2.000 hu\u00e9spedes y contaba con 600 habitaciones y 30 apartamentos para familias.<\/span><\/span><\/p>\n<p style=\"text-align: justify;\"><span style=\"color: #808080;\"><span style=\"font-size: 15px;\">Este equipamiento fue construido bas\u00e1ndose en un nuevo e innovador concepto que lo planteaba como un establecimiento de servicio completo y personalizado, en el que las habitaciones dispon\u00edan de suficiente espacio e incorporaban ba\u00f1os modernos. La decoraci\u00f3n era cuidada y lujosa, y la atenci\u00f3n directa al cliente estaba centralizada en la recepci\u00f3n. Un concepto muy alejado de las posadas, fondas o hoster\u00edas que hasta ese momento eran los tipos de alojamiento con los que contaba la ciudad.<\/span><\/span><\/p>\n<p>[\/vc_column_text][\/vc_column][\/vc_row][vc_row type=\u00bbfull_width_section\u00bb bg_color=\u00bb#f4f4f4&#8243; full_width=\u00bbstretch_row_content_no_spaces\u00bb css=\u00bb.vc_custom_1611738129965{padding-top: 0px !important;padding-bottom: 0px !important;}\u00bb][vc_column el_class=\u00bbsinSpacer\u00bb column_padding=\u00bbpadding-7&#8243; column_center=\u00bbtrue\u00bb css_animation=\u00bbfadeInLeft\u00bb width=\u00bb1\/2&#8243;]<div class=\"spacer\" style=\"height: 20px;\"><\/div>[vc_column_text]<\/p>\n<p style=\"text-align: justify;\"><span style=\"color: #808080;\"><span style=\"font-size: 15px;\">El hotel dispon\u00eda de un pasillo central que atravesaba el edificio de punta a punta. A los lados se pod\u00eda ver una cafeter\u00eda en un lado y un restaurante en el otro. En el amplio cuerpo central estaba el vest\u00edbulo, el paso para los carruajes, la \u201ccamiser\u00eda y guanter\u00eda\u201d, el estanco, el patio de honor y el tel\u00e9grafo. El Gran Hotel Internacional fue construido en un tiempo r\u00e9cord de 53 d\u00edas, aunque los acabados interiores y la decoraci\u00f3n extendieron las obras durante 30 d\u00edas m\u00e1s. La inauguraci\u00f3n oficial tuvo lugar el 5 de abril de 1888 y se abri\u00f3 al p\u00fablico el 12 de abril.<\/span><\/span><\/p>\n<p><span style=\"color: #808080;\"><span style=\"font-size: 15px;\">Este establecimiento se vio como una instalaci\u00f3n ef\u00edmera y, a pesar de la buena acogida que tuvo entre la ciudadan\u00eda y las movilizaciones que se organizaron para su defensa, fue demolido un a\u00f1o despu\u00e9s de su inauguraci\u00f3n. En 1963, Oriol Bohigas afirmaba en el monogr\u00e1fico de Cuadernos de Arquitectura dedicado a Llu\u00eds Dom\u00e8nech i Montaner: \u201cEl Hotel Internacional ha sido seguramente la aventura constructiva m\u00e1s importante de nuestro pa\u00eds\u201d.<\/span><\/span><\/p>\n<p><span style=\"color: #808080;\"><span style=\"font-size: 11px;\">Fuente: Aznar Colet, Javier. \u201cGran Hotel Internacional de Barcelona: un hotel ef\u00edmero.\u201d Puertos, 136, octubre 2006. Documento del mes: octubre 2017 \u201cL&#8217;Hotel de l\u2019Exposici\u00f3 Universal de 1888.\u201d Archivo Nacional de Catalu\u00f1a.<\/span><\/span>[\/vc_column_text][\/vc_column][vc_column bg_image=\u00bb7589&#8243; width=\u00bb1\/2&#8243; css=\u00bb.vc_custom_1608634693776{padding-top: 310px !important;padding-bottom: 310px !important;background-image: url(https:\/\/portvellbcn.cat\/wp-content\/uploads\/2020\/11\/hotel_internacional-portal-de-la-pau.jpg?id=7589) !important;background-position: center !important;background-repeat: no-repeat !important;background-size: cover !important;}\u00bb]<div class=\"spacer\" style=\"height: 550px;\"><\/div>[\/vc_column][\/vc_row]<\/p>\n<\/div>","protected":false},"excerpt":{"rendered":"<p>[vc_row type=\u00bbfull_width_section\u00bb top_padding=\u00bb100&#8243; bottom_padding=\u00bb80&#8243; class=\u00bbpocoPadding\u00bb full_width=\u00bbstretch_row\u00bb css=\u00bb.vc_custom_1595320301702{padding-top: 60px !important;padding-bottom: 60px !important;}\u00bb][vc_column offset=\u00bbvc_col-lg-offset-2 vc_col-lg-8 vc_col-md-offset-2 vc_col-md-8&#8243;][vc_column_text css_animation=\u00bbnone\u00bb el_class=\u00bbtiuloverbig\u00bb] El Gran Hotel Internacional de Barcelona [\/vc_column_text][vc_zigzag color=\u00bbsandy_brown\u00bb el_width=\u00bb10&#8243;][\/vc_column][\/vc_row][vc_row class=\u00bbfuera\u00bb][vc_column width=\u00bb1\/1&#8243;][\/vc_column][\/vc_row][vc_row type=\u00bbfull_width_section\u00bb bg_color=\u00bb#f4f4f4&#8243; full_width=\u00bbstretch_row_content_no_spaces\u00bb equal_height=\u00bbyes\u00bb css=\u00bb.vc_custom_1611738135193{margin-top: 0px !important;background-color: #fafafa !important;}\u00bb][vc_column bg_image=\u00bb7590&#8243; width=\u00bb1\/2&#8243; css=\u00bb.vc_custom_1608202805916{padding-top: 310px !important;padding-bottom: 310px !important;background-image: url(https:\/\/portvellbcn.cat\/wp-content\/uploads\/2020\/11\/hotel-internacional-portal-de-la-pau.jpg?id=7590) !important;background-position: center !important;background-repeat: no-repeat !important;background-size: cover !important;}\u00bb][\/vc_column][vc_column el_class=\u00bbsinSpacer\u00bb column_padding=\u00bbpadding-7&#8243; column_center=\u00bbtrue\u00bb css_animation=\u00bbfadeInRight\u00bb width=\u00bb1\/2&#8243;][vc_column_text] La falta de oferta que ten\u00eda Barcelona para alojar a los visitantes que se preve\u00eda que asistir\u00edan a la Exposici\u00f3n Universal de 1888 llev\u00f3 al Ayuntamiento de la ciudad a encargar la construcci\u00f3n de un hotel en un solar de m\u00e1s de 5.000 metros cuadrados en un terreno ganado al mar, propiedad del Port de Barcelona, situado en el paseo de las Palmeras frente al edificio de la Capitan\u00eda General. El Hotel Internacional fue proyectado por el arquitecto Llu\u00eds Dom\u00e8nech i Montaner, ten\u00eda capacidad para 2.000 hu\u00e9spedes y contaba con 600 habitaciones y 30 apartamentos para familias. Este equipamiento fue construido bas\u00e1ndose en un nuevo e innovador concepto que lo planteaba como un establecimiento de servicio completo y personalizado, en el que las habitaciones dispon\u00edan de suficiente espacio e incorporaban ba\u00f1os modernos. La decoraci\u00f3n era cuidada y lujosa, y la atenci\u00f3n directa al [&hellip;]<\/p>\n","protected":false},"author":1,"featured_media":0,"parent":0,"menu_order":0,"comment_status":"closed","ping_status":"closed","template":"","meta":{"_acf_changed":false,"footnotes":""},"class_list":["post-7911","page","type-page","status-publish","hentry"],"acf":[],"_links":{"self":[{"href":"https:\/\/portvellbcn.cat\/es\/wp-json\/wp\/v2\/pages\/7911","targetHints":{"allow":["GET"]}}],"collection":[{"href":"https:\/\/portvellbcn.cat\/es\/wp-json\/wp\/v2\/pages"}],"about":[{"href":"https:\/\/portvellbcn.cat\/es\/wp-json\/wp\/v2\/types\/page"}],"author":[{"embeddable":true,"href":"https:\/\/portvellbcn.cat\/es\/wp-json\/wp\/v2\/users\/1"}],"replies":[{"embeddable":true,"href":"https:\/\/portvellbcn.cat\/es\/wp-json\/wp\/v2\/comments?post=7911"}],"version-history":[{"count":0,"href":"https:\/\/portvellbcn.cat\/es\/wp-json\/wp\/v2\/pages\/7911\/revisions"}],"wp:attachment":[{"href":"https:\/\/portvellbcn.cat\/es\/wp-json\/wp\/v2\/media?parent=7911"}],"curies":[{"name":"wp","href":"https:\/\/api.w.org\/{rel}","templated":true}]}}