{"id":7848,"date":"2020-11-16T12:33:04","date_gmt":"2020-11-16T11:33:04","guid":{"rendered":"https:\/\/portvellbcn.cat\/es\/historia-compartida\/"},"modified":"2024-10-11T14:52:24","modified_gmt":"2024-10-11T12:52:24","slug":"historia-compartida","status":"publish","type":"page","link":"https:\/\/portvellbcn.cat\/es\/historia-compartida\/","title":{"rendered":"Historia compartida"},"content":{"rendered":"<div class=\"wpb-content-wrapper\"><p>[vc_row type=\u00bbfull_width_section\u00bb top_padding=\u00bb80&#8243; bottom_padding=\u00bb80&#8243;][vc_column width=\u00bb1\/5&#8243;][\/vc_column][vc_column width=\u00bb3\/5&#8243;][vc_column_text css_animation=\u00bbnone\u00bb]<\/p>\n<p style=\"text-align: center;\"><span class=\"s1\" style=\"font-size: 60px; color: #333333;\"><span style=\"font-family: 'Poppins', sans-serif; font-weight: 300; letter-spacing: 1px;\"><span style=\"line-height: 1.2em; display: inline-block; width: 100%;\"><span style=\"font-family: 'Poppins', sans-serif; font-weight: 400;\"><span style=\"font-family: 'Poppins', sans-serif; font-weight: 500;\"><span class=\"titulofuente\" style=\"font-family: 'Playfair Display', sans-serif; font-weight: 400;\">Una historia compartida<br \/>\ncon la ciudad<\/span><\/span><\/span><\/span><\/span><\/span><\/p>\n<p>[\/vc_column_text][vc_zigzag color=\u00bbsandy_brown\u00bb el_width=\u00bb10&#8243;][\/vc_column][vc_column width=\u00bb1\/5&#8243;][\/vc_column][\/vc_row][vc_row type=\u00bbfull_width_section\u00bb bg_color=\u00bb#ededed\u00bb][vc_column bg_image=\u00bb7726&#8243; width=\u00bb1\/2&#8243;]<div class=\"spacer\" style=\"height: 550px;\"><\/div>[\/vc_column][vc_column el_class=\u00bbsinSpacer\u00bb column_padding=\u00bbpadding-7&#8243; column_center=\u00bbtrue\u00bb width=\u00bb1\/2&#8243;]<div class=\"spacer\" style=\"height: 40px;\"><\/div>[vc_column_text css_animation=\u00bbnone\u00bb]<\/p>\n<p style=\"text-align: justify;\"><span style=\"font-size: 15px;\">Una antigua leyenda cuenta que la fundaci\u00f3n de la ciudad se debe a H\u00e9rcules, quien encontr\u00f3 en un lugar protegido de la costa la novena de sus embarcaciones que se hab\u00eda separado de su flota en una tormenta. Por eso, dio el nombre de Barkinona al lugar donde fund\u00f3 la ciudad. De esta manera, se atribuye el nacimiento de la ciudad a un hecho y una caracter\u00edstica mar\u00edtima. El v\u00ednculo entre la ciudad, el mar y el puerto no puede ser m\u00e1s estrecho.<\/span><\/p>\n<p style=\"text-align: justify;\"><span style=\"font-size: 15px;\">De hecho, la ciudad naci\u00f3 en una peque\u00f1a colina de una llanura que presentaba una suave pendiente hacia el mar, lo que le permit\u00eda un desarrollo progresivo, sin obst\u00e1culos ni l\u00edmites f\u00edsicos. Dos r\u00edos, el Bes\u00f3s y el Llobregat, le ofrec\u00edan suficiente agua; el mar Mediterr\u00e1neo, sus recursos y una v\u00eda de comunicaci\u00f3n.<br \/>\n<\/span><span style=\"font-size: 15px;\">(Joan Alemany: \u201cEl Port de Barcelona\u201d 1998).<\/span><\/p>\n<p>[\/vc_column_text][\/vc_column][\/vc_row][vc_row type=\u00bbfull_width_section\u00bb bg_color=\u00bb#ededed\u00bb][vc_column el_class=\u00bbsinSpacer\u00bb column_padding=\u00bbpadding-7&#8243; column_center=\u00bbtrue\u00bb width=\u00bb1\/2&#8243;]<div class=\"spacer\" style=\"height: 50px;\"><\/div>[vc_column_text css_animation=\u00bbnone\u00bb]<\/p>\n<p style=\"text-align: justify;\"><span style=\"font-size: 15px;\">Desde sus inicios, los habitantes de esta llanura tuvieron el litoral para pescar y establecer rutas de comercio mar\u00edtimo con otros puertos. Y aunque es cierto que Barcelona no dispon\u00eda de refugios naturales que permitieran amarrar los barcos para realizar las operaciones de carga y descarga de mercanc\u00edas con seguridad y eficacia, tambi\u00e9n es cierto que nunca dej\u00f3 de buscar un espacio protegido que facilitara su operativa. Un proceso largo y laborioso que los habitantes de Barcelona no consiguieron hasta la era industrial y que, finalmente, lograron con la creaci\u00f3n de su puerto a partir de las \u00faltimas d\u00e9cadas del siglo XIX.<\/span><\/p>\n<p style=\"text-align: justify;\"><span style=\"font-size: 15px;\">Barcelona es una ciudad reconocida internacionalmente y es un modelo de transformaci\u00f3n urbana que han servido de inspiraci\u00f3n para muchas otras ciudades. Su puerto, \u00edntima y estrechamente ligado a la ciudad, la ha acompa\u00f1ado en esta transformaci\u00f3n y, al igual que ella, ha evolucionado y se ha reconvertido ante cada desaf\u00edo que se le ha presentado, adapt\u00e1ndose a las nuevas realidades sociales, econ\u00f3micas y culturales experimentadas por los habitantes de la ciudad.<\/span><\/p>\n<p>[\/vc_column_text][\/vc_column][vc_column el_class=\u00bbpadtext\u00bb bg_image=\u00bb7724&#8243; column_padding=\u00bbpadding-1&#8243; width=\u00bb1\/2&#8243;]<div class=\"spacer\" style=\"height: 550px;\"><\/div>[\/vc_column][\/vc_row]<\/p>\n<\/div>","protected":false},"excerpt":{"rendered":"<p>[vc_row type=\u00bbfull_width_section\u00bb top_padding=\u00bb80&#8243; bottom_padding=\u00bb80&#8243;][vc_column width=\u00bb1\/5&#8243;][\/vc_column][vc_column width=\u00bb3\/5&#8243;][vc_column_text css_animation=\u00bbnone\u00bb] Una historia compartida con la ciudad [\/vc_column_text][vc_zigzag color=\u00bbsandy_brown\u00bb el_width=\u00bb10&#8243;][\/vc_column][vc_column width=\u00bb1\/5&#8243;][\/vc_column][\/vc_row][vc_row type=\u00bbfull_width_section\u00bb bg_color=\u00bb#ededed\u00bb][vc_column bg_image=\u00bb7726&#8243; width=\u00bb1\/2&#8243;][\/vc_column][vc_column el_class=\u00bbsinSpacer\u00bb column_padding=\u00bbpadding-7&#8243; column_center=\u00bbtrue\u00bb width=\u00bb1\/2&#8243;][vc_column_text css_animation=\u00bbnone\u00bb] Una antigua leyenda cuenta que la fundaci\u00f3n de la ciudad se debe a H\u00e9rcules, quien encontr\u00f3 en un lugar protegido de la costa la novena de sus embarcaciones que se hab\u00eda separado de su flota en una tormenta. Por eso, dio el nombre de Barkinona al lugar donde fund\u00f3 la ciudad. De esta manera, se atribuye el nacimiento de la ciudad a un hecho y una caracter\u00edstica mar\u00edtima. El v\u00ednculo entre la ciudad, el mar y el puerto no puede ser m\u00e1s estrecho. De hecho, la ciudad naci\u00f3 en una peque\u00f1a colina de una llanura que presentaba una suave pendiente hacia el mar, lo que le permit\u00eda un desarrollo progresivo, sin obst\u00e1culos ni l\u00edmites f\u00edsicos. Dos r\u00edos, el Bes\u00f3s y el Llobregat, le ofrec\u00edan suficiente agua; el mar Mediterr\u00e1neo, sus recursos y una v\u00eda de comunicaci\u00f3n. (Joan Alemany: \u201cEl Port de Barcelona\u201d 1998). [\/vc_column_text][\/vc_column][\/vc_row][vc_row type=\u00bbfull_width_section\u00bb bg_color=\u00bb#ededed\u00bb][vc_column el_class=\u00bbsinSpacer\u00bb column_padding=\u00bbpadding-7&#8243; column_center=\u00bbtrue\u00bb width=\u00bb1\/2&#8243;][vc_column_text css_animation=\u00bbnone\u00bb] Desde sus inicios, los habitantes de esta llanura tuvieron el litoral para pescar y establecer rutas de comercio mar\u00edtimo con otros puertos. Y [&hellip;]<\/p>\n","protected":false},"author":1,"featured_media":0,"parent":0,"menu_order":0,"comment_status":"closed","ping_status":"closed","template":"","meta":{"_acf_changed":false,"footnotes":""},"class_list":["post-7848","page","type-page","status-publish","hentry"],"acf":[],"_links":{"self":[{"href":"https:\/\/portvellbcn.cat\/es\/wp-json\/wp\/v2\/pages\/7848","targetHints":{"allow":["GET"]}}],"collection":[{"href":"https:\/\/portvellbcn.cat\/es\/wp-json\/wp\/v2\/pages"}],"about":[{"href":"https:\/\/portvellbcn.cat\/es\/wp-json\/wp\/v2\/types\/page"}],"author":[{"embeddable":true,"href":"https:\/\/portvellbcn.cat\/es\/wp-json\/wp\/v2\/users\/1"}],"replies":[{"embeddable":true,"href":"https:\/\/portvellbcn.cat\/es\/wp-json\/wp\/v2\/comments?post=7848"}],"version-history":[{"count":0,"href":"https:\/\/portvellbcn.cat\/es\/wp-json\/wp\/v2\/pages\/7848\/revisions"}],"wp:attachment":[{"href":"https:\/\/portvellbcn.cat\/es\/wp-json\/wp\/v2\/media?parent=7848"}],"curies":[{"name":"wp","href":"https:\/\/api.w.org\/{rel}","templated":true}]}}