{"id":7613,"date":"2019-09-06T11:14:47","date_gmt":"2019-09-06T09:14:47","guid":{"rendered":"https:\/\/portvellbcn.cat\/es\/futur-portvell\/"},"modified":"2023-07-26T14:03:15","modified_gmt":"2023-07-26T12:03:15","slug":"futuro-portvell","status":"publish","type":"page","link":"https:\/\/portvellbcn.cat\/es\/futuro-portvell\/","title":{"rendered":"Futuro"},"content":{"rendered":"<div class=\"wpb-content-wrapper\"><p>[vc_row type=\u00bbfull_width_section\u00bb top_padding=\u00bb100&#8243; full_width=\u00bbstretch_row\u00bb css=\u00bb.vc_custom_1595315739926{padding-top: 60px !important;padding-bottom: 83px !important;}\u00bb][vc_column offset=\u00bbvc_col-lg-offset-2 vc_col-lg-8 vc_col-md-offset-2 vc_col-md-8&#8243;][vc_column_text css_animation=\u00bbfadeInDown\u00bb el_class=\u00bbtiuloverbig\u00bb]<\/p>\n<p style=\"text-align: center;\"><span class=\"s1\" style=\"font-size: 60px; color: #333333;\"><span style=\"font-family: 'Poppins', sans-serif; font-weight: 300; letter-spacing: 1px;\"><span style=\"line-height: 1.2em; display: inline-block; width: 100%;\"><span style=\"font-family: 'Poppins', sans-serif; font-weight: 400;\"><span style=\"font-family: 'Poppins', sans-serif; font-weight: 500;\"><span class=\"titulofuente\" style=\"font-family: 'Playfair Display', sans-serif; font-weight: 400;\">El Port Vell mira<br \/>\nhacia el futuro<\/span><\/span><\/span><\/span><\/span><\/span><\/p>\n<p>[\/vc_column_text][vc_zigzag color=\u00bbsandy_brown\u00bb el_width=\u00bb10&#8243;][\/vc_column][\/vc_row][vc_row][vc_column width=\u00bb1\/1&#8243;]<div class=\"spacer\" style=\"height: 100px;\"><\/div>[\/vc_column][\/vc_row][vc_row type=\u00bbfull_width_section\u00bb full_width=\u00bbstretch_row_content\u00bb css=\u00bb.vc_custom_1584692830792{padding-top: 0px !important;padding-bottom: 0px !important;background-color: #fafafa !important;}\u00bb][vc_column el_class=\u00bbpadtext\u00bb column_padding=\u00bbpadding-1&#8243; css_animation=\u00bbfadeInLeft\u00bb width=\u00bb1\/2&#8243;]<div class=\"spacer\" style=\"height: 150px;\"><\/div>[vc_column_text]<span style=\"font-size: 15px;\">En los pr\u00f3ximos a\u00f1os prometen ser tanto interesantes como din\u00e1micos para el Port Vell.<\/span><\/p>\n<p><span style=\"font-size: 15px;\">Consciente de la potencialidad que le proporciona su situaci\u00f3n geogr\u00e1fica y del incuestionable hecho que este territorio se ha convertido en  <span lang=\"CA\">tractor de la Econom\u00eda Azul y  <\/span>uno de los atractivos  <span lang=\"CA\">comerciales y tur\u00edsticos  <\/span>de la ciudad de Barcelona, \u200b\u200bel Port Vell encara su futuro definiendo varios e importantes proyectos que mejorar\u00e1n sus espacios y permitir\u00e1n complementar la actual oferta.<\/span>[\/vc_column_text][\/vc_column][vc_column bg_image=\u00bb6393&#8243; width=\u00bb1\/2&#8243; css=\u00bb.vc_custom_1584691386102{padding-top: 300px !important;padding-bottom: 370px !important;background-image: url(https:\/\/portvellbcn.cat\/wp-content\/uploads\/2020\/03\/futur-port-vell-portal-de-la-pau-barcelona.jpg?id=6393) !important;background-position: center !important;background-repeat: no-repeat !important;background-size: cover !important;}\u00bb]<div class=\"spacer\" style=\"height: 550px;\"><\/div>[\/vc_column][\/vc_row][vc_row type=\u00bbfull_width_section\u00bb full_width=\u00bbstretch_row_content\u00bb equal_height=\u00bbyes\u00bb css=\u00bb.vc_custom_1487703904790{margin-top: 0px !important;background-color: #fafafa !important;}\u00bb][vc_column bg_image=\u00bb6395&#8243; width=\u00bb1\/2&#8243; css=\u00bb.vc_custom_1584691412662{padding-top: 310px !important;padding-bottom: 310px !important;background-image: url(https:\/\/portvellbcn.cat\/wp-content\/uploads\/2020\/03\/futur-port-vell-rambla-marina-barcelona.jpg?id=6395) !important;background-position: center !important;background-repeat: no-repeat !important;background-size: cover !important;}\u00bb]<div class=\"spacer\" style=\"height: 550px;\"><\/div>[\/vc_column][vc_column el_class=\u00bbpadtext\u00bb column_padding=\u00bbpadding-1&#8243; css_animation=\u00bbfadeInRight\u00bb width=\u00bb1\/2&#8243;]<div class=\"spacer\" style=\"height: 150px;\"><\/div>[vc_column_text]<span style=\"font-size: 15px;\">El Puerto de Barcelona trabaja en la recuperaci\u00f3n de los edificios hist\u00f3ricos y patrimoniales para dotarlos de usos adecuados a los servicios que demandan los nuevos tiempos, velando por que aporten valor social y econ\u00f3mico a la oferta ya existente.<\/span><\/p>\n<p><span style=\"font-size: 15px;\">Tambi\u00e9n seguir\u00e1 avanzando en la planificaci\u00f3n y repensamiento de los espacios p\u00fablicos y de los servicios que ofrece a los usuarios de la zona con el fin de facilitar la movilidad, implementando nuevos sistemas de transporte mar\u00edtimo, mejorando la informaci\u00f3n sobre el territorio y potenciando al mismo tiempo los criterios de sostenibilidad ambiental.  <\/span>[\/vc_column_text][\/vc_column][\/vc_row][vc_row type=\u00bbfull_width_section\u00bb full_width=\u00bbstretch_row_content\u00bb css=\u00bb.vc_custom_1584692839728{padding-top: 0px !important;padding-bottom: 0px !important;background-color: #fafafa !important;}\u00bb][vc_column el_class=\u00bbpadtext\u00bb column_padding=\u00bbpadding-1&#8243; css_animation=\u00bbfadeInLeft\u00bb width=\u00bb1\/2&#8243;]<div class=\"spacer\" style=\"height: 150px;\"><\/div>[vc_column_text]<span style=\"font-size: 15px;\">En definitiva, el Port Vell encara su futuro con la seguridad que le otorga ser un instrumento primordial para mantener viva la identidad mar\u00edtima de la ciudad, aportando sus espacios para el recreo de la ciudadan\u00eda y trabajando para seguir siendo un motor de desarrollo  <span lang=\"CA\">de negocio en  <\/span>Barcelona.<\/span><\/p>\n<p><span style=\"font-size: 15px;\">  Y siempre, esmer\u00e1ndose por encontrar el mejor encaje del territorio portuario con su entorno ciudadano.  <\/span>[\/vc_column_text][\/vc_column][vc_column bg_image=\u00bb6396&#8243; width=\u00bb1\/2&#8243; css=\u00bb.vc_custom_1584691430251{padding-top: 300px !important;padding-bottom: 300px !important;background-image: url(https:\/\/portvellbcn.cat\/wp-content\/uploads\/2020\/03\/futur-port-vell-moll-pescadors-barcelona.jpg?id=6396) !important;background-position: center !important;background-repeat: no-repeat !important;background-size: cover !important;}\u00bb]<div class=\"spacer\" style=\"height: 550px;\"><\/div>[\/vc_column][\/vc_row]<\/p>\n<\/div>","protected":false},"excerpt":{"rendered":"<p>[vc_row type=\u00bbfull_width_section\u00bb top_padding=\u00bb100&#8243; full_width=\u00bbstretch_row\u00bb css=\u00bb.vc_custom_1595315739926{padding-top: 60px !important;padding-bottom: 83px !important;}\u00bb][vc_column offset=\u00bbvc_col-lg-offset-2 vc_col-lg-8 vc_col-md-offset-2 vc_col-md-8&#8243;][vc_column_text css_animation=\u00bbfadeInDown\u00bb el_class=\u00bbtiuloverbig\u00bb] El Port Vell mira hacia el futuro [\/vc_column_text][vc_zigzag color=\u00bbsandy_brown\u00bb el_width=\u00bb10&#8243;][\/vc_column][\/vc_row][vc_row][vc_column width=\u00bb1\/1&#8243;][\/vc_column][\/vc_row][vc_row type=\u00bbfull_width_section\u00bb full_width=\u00bbstretch_row_content\u00bb css=\u00bb.vc_custom_1584692830792{padding-top: 0px !important;padding-bottom: 0px !important;background-color: #fafafa !important;}\u00bb][vc_column el_class=\u00bbpadtext\u00bb column_padding=\u00bbpadding-1&#8243; css_animation=\u00bbfadeInLeft\u00bb width=\u00bb1\/2&#8243;][vc_column_text]En los pr\u00f3ximos a\u00f1os prometen ser tanto interesantes como din\u00e1micos para el Port Vell. Consciente de la potencialidad que le proporciona su situaci\u00f3n geogr\u00e1fica y del incuestionable hecho que este territorio se ha convertido en tractor de la Econom\u00eda Azul y uno de los atractivos comerciales y tur\u00edsticos de la ciudad de Barcelona, \u200b\u200bel Port Vell encara su futuro definiendo varios e importantes proyectos que mejorar\u00e1n sus espacios y permitir\u00e1n complementar la actual oferta.[\/vc_column_text][\/vc_column][vc_column bg_image=\u00bb6393&#8243; width=\u00bb1\/2&#8243; css=\u00bb.vc_custom_1584691386102{padding-top: 300px !important;padding-bottom: 370px !important;background-image: url(https:\/\/portvellbcn.cat\/wp-content\/uploads\/2020\/03\/futur-port-vell-portal-de-la-pau-barcelona.jpg?id=6393) !important;background-position: center !important;background-repeat: no-repeat !important;background-size: cover !important;}\u00bb][\/vc_column][\/vc_row][vc_row type=\u00bbfull_width_section\u00bb full_width=\u00bbstretch_row_content\u00bb equal_height=\u00bbyes\u00bb css=\u00bb.vc_custom_1487703904790{margin-top: 0px !important;background-color: #fafafa !important;}\u00bb][vc_column bg_image=\u00bb6395&#8243; width=\u00bb1\/2&#8243; css=\u00bb.vc_custom_1584691412662{padding-top: 310px !important;padding-bottom: 310px !important;background-image: url(https:\/\/portvellbcn.cat\/wp-content\/uploads\/2020\/03\/futur-port-vell-rambla-marina-barcelona.jpg?id=6395) !important;background-position: center !important;background-repeat: no-repeat !important;background-size: cover !important;}\u00bb][\/vc_column][vc_column el_class=\u00bbpadtext\u00bb column_padding=\u00bbpadding-1&#8243; css_animation=\u00bbfadeInRight\u00bb width=\u00bb1\/2&#8243;][vc_column_text]El Puerto de Barcelona trabaja en la recuperaci\u00f3n de los edificios hist\u00f3ricos y patrimoniales para dotarlos de usos adecuados a los servicios que demandan los nuevos tiempos, velando por que aporten valor social y econ\u00f3mico a la oferta ya existente. Tambi\u00e9n seguir\u00e1 avanzando en la planificaci\u00f3n y [&hellip;]<\/p>\n","protected":false},"author":1,"featured_media":0,"parent":0,"menu_order":0,"comment_status":"closed","ping_status":"closed","template":"","meta":{"_acf_changed":false,"footnotes":""},"class_list":["post-7613","page","type-page","status-publish","hentry"],"acf":[],"_links":{"self":[{"href":"https:\/\/portvellbcn.cat\/es\/wp-json\/wp\/v2\/pages\/7613","targetHints":{"allow":["GET"]}}],"collection":[{"href":"https:\/\/portvellbcn.cat\/es\/wp-json\/wp\/v2\/pages"}],"about":[{"href":"https:\/\/portvellbcn.cat\/es\/wp-json\/wp\/v2\/types\/page"}],"author":[{"embeddable":true,"href":"https:\/\/portvellbcn.cat\/es\/wp-json\/wp\/v2\/users\/1"}],"replies":[{"embeddable":true,"href":"https:\/\/portvellbcn.cat\/es\/wp-json\/wp\/v2\/comments?post=7613"}],"version-history":[{"count":0,"href":"https:\/\/portvellbcn.cat\/es\/wp-json\/wp\/v2\/pages\/7613\/revisions"}],"wp:attachment":[{"href":"https:\/\/portvellbcn.cat\/es\/wp-json\/wp\/v2\/media?parent=7613"}],"curies":[{"name":"wp","href":"https:\/\/api.w.org\/{rel}","templated":true}]}}