{"id":7064,"date":"2017-02-02T21:58:54","date_gmt":"2017-02-02T21:58:54","guid":{"rendered":"https:\/\/portvellbcn.cat\/es\/explora-02-2\/"},"modified":"2024-09-12T11:36:55","modified_gmt":"2024-09-12T09:36:55","slug":"explora-portvell","status":"publish","type":"page","link":"https:\/\/portvellbcn.cat\/es\/explora-portvell\/","title":{"rendered":"Explora el Port Vell"},"content":{"rendered":"<div class=\"wpb-content-wrapper\"><p>[vc_row][vc_column]<div class=\"spacer\" style=\"height: 100px;\"><\/div>[\/vc_column][\/vc_row][vc_row][vc_column][vc_column_text]<\/p>\n<p style=\"text-align: center;\"><span class=\"s1\" style=\"font-size: 60px; color: #333333;\"><span style=\"font-family: 'Poppins', sans-serif; font-weight: 300; letter-spacing: 1px;\"><span style=\"line-height: 1.2em; display: inline-block; width: 100%;\"><span style=\"font-family: 'Poppins', sans-serif; font-weight: 400;\"><span style=\"font-family: 'Poppins', sans-serif; font-weight: 500;\"><span class=\"titulofuente\" style=\"font-family: 'Playfair Display', sans-serif; font-weight: 400;\">En el Port Vell conectan<br \/>\n<\/span><\/span><\/span><\/span><\/span><\/span><span class=\"s1\" style=\"font-size: 60px; color: #333333;\"><span style=\"font-family: 'Poppins', sans-serif; font-weight: 300; letter-spacing: 1px;\"><span style=\"line-height: 1.2em; display: inline-block; width: 100%;\"><span style=\"font-family: 'Poppins', sans-serif; font-weight: 400;\"><span style=\"font-family: 'Poppins', sans-serif; font-weight: 500;\"><span class=\"titulofuente\" style=\"font-family: 'Playfair Display', sans-serif; font-weight: 400;\">Barcelona y el mar<\/span><\/span><\/span><\/span><\/span><\/span><\/p>\n<p>[\/vc_column_text][\/vc_column][\/vc_row][vc_row][vc_column][vc_column_text]<\/p>\n<p style=\"text-align: center;\"><span class=\"s1\" style=\"font-size: 30px; color: #ff6600;\"><span style=\"font-family: Poppins, sans-serif; letter-spacing: 1px;\"><span style=\"line-height: 1.2em; display: inline-block; width: 100%;\"><span style=\"font-family: Poppins, sans-serif;\"><span style=\"font-family: Poppins, sans-serif;\"><span class=\"titulofuente\" style=\"font-family: 'Playfair Display', sans-serif;\">Es espacio p\u00fablico, empresa, cultura, deporte, emprendimiento, innovaci\u00f3n, patrimonio. Es restauraci\u00f3n y comercio. Es industria n\u00e1utica, es un gran escenario, es playa y paseo, es respeto por el medio ambiente. Es futuro. El Port Vell es todo esto y mucho m\u00e1s. \u00a1Mira!<\/span><\/span><\/span><\/span><\/span><\/span><\/p>\n<p>[\/vc_column_text][\/vc_column][\/vc_row][vc_row type=\u00bbfull_width_section\u00bb][vc_column]<div class=\"spacer\" style=\"height: 100px;\"><\/div>\n\t\t<div class=\"portfolio-element\">\n\n\t\t\n\t\t\n\t\t\t\t\t<div id=\"2064390141\" class=\"portfolio-items portfolio-nomargin portfolio-overlay-name clearfix\" data-id=\"2064390141\">  \n\t\t\t\t\t\t\n\t\t\t\t\t\t\t\n\t\t\t\t\t\t\t\n\t\t\t\t\t\t\n\t\t\t\t\t\t\t\t\t\t\t\t\t\t\t\t\n\t\t\t\t\t\t\t\t   \n\n\t\t\t\t\t\t\t\t<div class=\"term-explora-el-port-vell-es portfolio-item nomargin\">\n\t\t\t\t\t\t\t\t\t<div class=\"portfolio-image\"><a href=\"https:\/\/portvellbcn.cat\/es\/portfolio-item\/confraria-pescadors\/\" title=\"Confradia Pescadores\"><div class=\"portfolio-image-img\"><img decoding=\"async\" src=\"https:\/\/portvellbcn.cat\/wp-content\/uploads\/2019\/10\/port-vell-cofradia-pescadors-barcelona-1027069-2.jpg\" alt=\"Confradia Pescadores\" \/><\/div><div class=\"portfolio-overlay overlay-name\"><span>Confradia Pescadores<\/span><i class=\"icon-minti-plus\"><\/i><\/div><\/a><\/div>\n\t\t\t\t\t\t\t\t<\/div>\n\n\t\t\t\t\t\t\t\t\t\t\t\t  \n\t\t\t\t\t\t\n\t\t\t\t\t\t\t\n\t\t\t\t\t\t\t\n\t\t\t\t\t\t\n\t\t\t\t\t\t\t\t\t\t\t\t\t\t\t\t\n\t\t\t\t\t\t\t\t   \n\n\t\t\t\t\t\t\t\t<div class=\"term-espacio-publico term-explora-el-port-vell-es portfolio-item nomargin\">\n\t\t\t\t\t\t\t\t\t<div class=\"portfolio-image\"><a href=\"https:\/\/portvellbcn.cat\/es\/portfolio-item\/esculturas\/\" title=\"Esculturas\"><div class=\"portfolio-image-img\"><img decoding=\"async\" src=\"https:\/\/portvellbcn.cat\/wp-content\/uploads\/2020\/02\/imagen_escultures_joansalvat_portvell.jpg\" alt=\"Esculturas\" \/><\/div><div class=\"portfolio-overlay overlay-name\"><span>Esculturas<\/span><i class=\"icon-minti-plus\"><\/i><\/div><\/a><\/div>\n\t\t\t\t\t\t\t\t<\/div>\n\n\t\t\t\t\t\t\t\t\t\t\t\t  \n\t\t\t\t\t\t\n\t\t\t\t\t\t\t\n\t\t\t\t\t\t\t\n\t\t\t\t\t\t\n\t\t\t\t\t\t\t\t\t\t\t\t\t\t\t\t\n\t\t\t\t\t\t\t\t   \n\n\t\t\t\t\t\t\t\t<div class=\"term-explora-el-port-vell-es portfolio-item nomargin\">\n\t\t\t\t\t\t\t\t\t<div class=\"portfolio-image\"><a href=\"https:\/\/portvellbcn.cat\/es\/portfolio-item\/mercats-i-fires\/\" title=\"Mercados y ferias\"><div class=\"portfolio-image-img\"><img decoding=\"async\" src=\"https:\/\/portvellbcn.cat\/wp-content\/uploads\/2017\/04\/mercats_01.jpg\" alt=\"Mercados y ferias\" \/><\/div><div class=\"portfolio-overlay overlay-name\"><span>Mercados y ferias<\/span><i class=\"icon-minti-plus\"><\/i><\/div><\/a><\/div>\n\t\t\t\t\t\t\t\t<\/div>\n\n\t\t\t\t\t\t\t\t\t\t\t\t  \n\t\t\t\t\t\t\n\t\t\t\t\t\t\t\n\t\t\t\t\t\t\t\n\t\t\t\t\t\t\n\t\t\t\t\t\t\t\t\t\t\t\t\t\t\t\t\n\t\t\t\t\t\t\t\t   \n\n\t\t\t\t\t\t\t\t<div class=\"term-explora-el-port-vell-es portfolio-item nomargin\">\n\t\t\t\t\t\t\t\t\t<div class=\"portfolio-image\"><a href=\"https:\/\/portvellbcn.cat\/es\/portfolio-item\/nautica-y-marinas\/\" title=\"N\u00e1utica y Marinas\"><div class=\"portfolio-image-img\"><img decoding=\"async\" src=\"https:\/\/portvellbcn.cat\/wp-content\/uploads\/2019\/04\/nautica_03.jpg\" alt=\"N\u00e1utica y Marinas\" \/><\/div><div class=\"portfolio-overlay overlay-name\"><span>N\u00e1utica y Marinas<\/span><i class=\"icon-minti-plus\"><\/i><\/div><\/a><\/div>\n\t\t\t\t\t\t\t\t<\/div>\n\n\t\t\t\t\t\t\t\t\t\t\t\t  \n\t\t\t\t\t\t\n\t\t\t\t\t\t\t\n\t\t\t\t\t\t\t\n\t\t\t\t\t\t\n\t\t\t\t\t\t\t\t\t\t\t\t\t\t\t\t\n\t\t\t\t\t\t\t\t   \n\n\t\t\t\t\t\t\t\t<div class=\"term-explora-el-port-vell-es portfolio-item nomargin\">\n\t\t\t\t\t\t\t\t\t<div class=\"portfolio-image\"><a href=\"https:\/\/portvellbcn.cat\/es\/portfolio-item\/museos-y-aquarium\/\" title=\"Museos y Aquarium\"><div class=\"portfolio-image-img\"><img decoding=\"async\" src=\"https:\/\/portvellbcn.cat\/wp-content\/uploads\/2017\/04\/Aquarium_02-1.png\" alt=\"Museos y Aquarium\" \/><\/div><div class=\"portfolio-overlay overlay-name\"><span>Museos y Aquarium<\/span><i class=\"icon-minti-plus\"><\/i><\/div><\/a><\/div>\n\t\t\t\t\t\t\t\t<\/div>\n\n\t\t\t\t\t\t\t\t\t\t\t\t  \n\t\t\t\t\t\t\n\t\t\t\t\t\t\t\n\t\t\t\t\t\t\t\n\t\t\t\t\t\t\n\t\t\t\t\t\t\t\t\t\t\t\t\t\t\t\t\n\t\t\t\t\t\t\t\t   \n\n\t\t\t\t\t\t\t\t<div class=\"term-explora-el-port-vell-es portfolio-item nomargin\">\n\t\t\t\t\t\t\t\t\t<div class=\"portfolio-image\"><a href=\"https:\/\/portvellbcn.cat\/es\/portfolio-item\/hosteleria-comercio-y-restauracion\/\" title=\"Hosteler\u00eda, comercio y restauraci\u00f3n\"><div class=\"portfolio-image-img\"><img decoding=\"async\" src=\"https:\/\/portvellbcn.cat\/wp-content\/uploads\/2019\/04\/hosteleria_02.jpg\" alt=\"Hosteler\u00eda, comercio y restauraci\u00f3n\" \/><\/div><div class=\"portfolio-overlay overlay-name\"><span>Hosteler\u00eda, comercio y restauraci\u00f3n<\/span><i class=\"icon-minti-plus\"><\/i><\/div><\/a><\/div>\n\t\t\t\t\t\t\t\t<\/div>\n\n\t\t\t\t\t\t\t\t\t\t\t\t  \n\t\t\t\t\t\t\n\t\t\t\t\t\t\t\n\t\t\t\t\t\t\t\n\t\t\t\t\t\t\n\t\t\t\t\t\t\t\t\t\t\t\t\t\t\t\t\n\t\t\t\t\t\t\t\t   \n\n\t\t\t\t\t\t\t\t<div class=\"term-explora-el-port-vell-es portfolio-item nomargin\">\n\t\t\t\t\t\t\t\t\t<div class=\"portfolio-image\"><a href=\"https:\/\/portvellbcn.cat\/es\/portfolio-item\/espacio-publico\/\" title=\"Espacio P\u00fablico\"><div class=\"portfolio-image-img\"><img decoding=\"async\" src=\"https:\/\/portvellbcn.cat\/wp-content\/uploads\/2019\/06\/BARCELONA_8058.jpg\" alt=\"Espacio P\u00fablico\" \/><\/div><div class=\"portfolio-overlay overlay-name\"><span>Espacio P\u00fablico<\/span><i class=\"icon-minti-plus\"><\/i><\/div><\/a><\/div>\n\t\t\t\t\t\t\t\t<\/div>\n\n\t\t\t\t\t\t\t\t\t\t\t\t  \n\t\t\t\t\t\t\n\t\t\t\t\t\t\t\n\t\t\t\t\t\t\t\n\t\t\t\t\t\t\n\t\t\t\t\t\t\t\t\t\t\t\t\t\t\t\t\n\t\t\t\t\t\t\t\t   \n\n\t\t\t\t\t\t\t\t<div class=\"term-explora-el-port-vell-es portfolio-item nomargin\">\n\t\t\t\t\t\t\t\t\t<div class=\"portfolio-image\"><a href=\"https:\/\/portvellbcn.cat\/es\/portfolio-item\/barcos-turisticos\/\" title=\"Barcos tur\u00edsticos\"><div class=\"portfolio-image-img\"><img decoding=\"async\" src=\"https:\/\/portvellbcn.cat\/wp-content\/uploads\/2019\/04\/ferri_01.jpg\" alt=\"Barcos tur\u00edsticos\" \/><\/div><div class=\"portfolio-overlay overlay-name\"><span>Barcos tur\u00edsticos<\/span><i class=\"icon-minti-plus\"><\/i><\/div><\/a><\/div>\n\t\t\t\t\t\t\t\t<\/div>\n\n\t\t\t\t\t\t\t\t\t\t\t\t  \n\t\t\t\t\t\t\n\t\t\t\t\t\t\t\n\t\t\t\t\t\t\t\n\t\t\t\t\t\t\n\t\t\t\t\t\t\t\t\t\t\t\t\t\t\t\t\n\t\t\t\t\t\t\t\t   \n\n\t\t\t\t\t\t\t\t<div class=\"term-explora-el-port-vell-es portfolio-item nomargin\">\n\t\t\t\t\t\t\t\t\t<div class=\"portfolio-image\"><a href=\"https:\/\/portvellbcn.cat\/es\/portfolio-item\/industria-y-empresa\/\" title=\"Industria y Empresa\"><div class=\"portfolio-image-img\"><img decoding=\"async\" src=\"https:\/\/portvellbcn.cat\/wp-content\/uploads\/2019\/04\/industria_01.jpg\" alt=\"Industria y Empresa\" \/><\/div><div class=\"portfolio-overlay overlay-name\"><span>Industria y Empresa<\/span><i class=\"icon-minti-plus\"><\/i><\/div><\/a><\/div>\n\t\t\t\t\t\t\t\t<\/div>\n\n\t\t\t\t\t\t\t\t\t\t\t\t  \n\t\t\t\t\t\t\n\t\t\t\t\t\t\t\n\t\t\t\t\t\t\t\n\t\t\t\t\t\t\n\t\t\t\t\t\t\t\t\t\t\t\t\t\t\t\t\n\t\t\t\t\t\t\t\t   \n\n\t\t\t\t\t\t\t\t<div class=\"term-explora-el-port-vell-es portfolio-item nomargin\">\n\t\t\t\t\t\t\t\t\t<div class=\"portfolio-image\"><a href=\"https:\/\/portvellbcn.cat\/es\/portfolio-item\/deportes\/\" title=\"Deportes\"><div class=\"portfolio-image-img\"><img decoding=\"async\" src=\"https:\/\/portvellbcn.cat\/wp-content\/uploads\/2017\/04\/deportes_02.jpg\" alt=\"Deportes\" \/><\/div><div class=\"portfolio-overlay overlay-name\"><span>Deportes<\/span><i class=\"icon-minti-plus\"><\/i><\/div><\/a><\/div>\n\t\t\t\t\t\t\t\t<\/div>\n\n\t\t\t\t\t\t\t\t\t\t\t\t  \n\t\t\t\t\t\t\n\t\t\t\t\t\t\t\n\t\t\t\t\t\t\t\n\t\t\t\t\t\t\n\t\t\t\t\t\t\t\t\t\t\t\t\t\t\t\t\n\t\t\t\t\t\t\t\t   \n\n\t\t\t\t\t\t\t\t<div class=\"term-explora-el-port-vell-es portfolio-item nomargin\">\n\t\t\t\t\t\t\t\t\t<div class=\"portfolio-image\"><a href=\"https:\/\/portvellbcn.cat\/es\/portfolio-item\/formacion\/\" title=\"Formaci\u00f3n\"><div class=\"portfolio-image-img\"><img decoding=\"async\" src=\"https:\/\/portvellbcn.cat\/wp-content\/uploads\/2019\/04\/formacion_01.jpg\" alt=\"Formaci\u00f3n\" \/><\/div><div class=\"portfolio-overlay overlay-name\"><span>Formaci\u00f3n<\/span><i class=\"icon-minti-plus\"><\/i><\/div><\/a><\/div>\n\t\t\t\t\t\t\t\t<\/div>\n\n\t\t\t\t\t\t\t\t\t\t\t\t  \n\t\t\t\t\t\t\n\t\t\t\t\t\t\t\n\t\t\t\t\t\t\t\n\t\t\t\t\t\t\n\t\t\t\t\t\t\t\t\t\t\t\t\t\t\t\t\n\t\t\t\t\t\t\t\t   \n\n\t\t\t\t\t\t\t\t<div class=\"term-explora-el-port-vell-es portfolio-item nomargin\">\n\t\t\t\t\t\t\t\t\t<div class=\"portfolio-image\"><a href=\"https:\/\/portvellbcn.cat\/es\/portfolio-item\/cruceros-y-ferris\/\" title=\"Cruceros y Ferris\"><div class=\"portfolio-image-img\"><img decoding=\"async\" src=\"https:\/\/portvellbcn.cat\/wp-content\/uploads\/2017\/04\/barcos_turisticos_01.jpg\" alt=\"Cruceros y Ferris\" \/><\/div><div class=\"portfolio-overlay overlay-name\"><span>Cruceros y Ferris<\/span><i class=\"icon-minti-plus\"><\/i><\/div><\/a><\/div>\n\t\t\t\t\t\t\t\t<\/div>\n\n\t\t\t\t\t\t\t\t\t\t\t\t  \n\t\t\t\t\t\t\t\t\t\t\t<\/div>\n\n\t\t\n\t\t<\/div>\n\t\t\t\n\t\t\t\t\n\t\t[\/vc_column][\/vc_row]<\/p>\n<\/div>","protected":false},"excerpt":{"rendered":"<p>[vc_row][vc_column][\/vc_column][\/vc_row][vc_row][vc_column][vc_column_text] En el Port Vell conectan Barcelona y el mar [\/vc_column_text][\/vc_column][\/vc_row][vc_row][vc_column][vc_column_text] Es espacio p\u00fablico, empresa, cultura, deporte, emprendimiento, innovaci\u00f3n, patrimonio. Es restauraci\u00f3n y comercio. Es industria n\u00e1utica, es un gran escenario, es playa y paseo, es respeto por el medio ambiente. Es futuro. El Port Vell es todo esto y mucho m\u00e1s. \u00a1Mira! [\/vc_column_text][\/vc_column][\/vc_row][vc_row type=\u00bbfull_width_section\u00bb][vc_column][\/vc_column][\/vc_row]<\/p>\n","protected":false},"author":1,"featured_media":0,"parent":0,"menu_order":0,"comment_status":"closed","ping_status":"closed","template":"","meta":{"_acf_changed":false,"footnotes":""},"class_list":["post-7064","page","type-page","status-publish","hentry"],"acf":[],"_links":{"self":[{"href":"https:\/\/portvellbcn.cat\/es\/wp-json\/wp\/v2\/pages\/7064","targetHints":{"allow":["GET"]}}],"collection":[{"href":"https:\/\/portvellbcn.cat\/es\/wp-json\/wp\/v2\/pages"}],"about":[{"href":"https:\/\/portvellbcn.cat\/es\/wp-json\/wp\/v2\/types\/page"}],"author":[{"embeddable":true,"href":"https:\/\/portvellbcn.cat\/es\/wp-json\/wp\/v2\/users\/1"}],"replies":[{"embeddable":true,"href":"https:\/\/portvellbcn.cat\/es\/wp-json\/wp\/v2\/comments?post=7064"}],"version-history":[{"count":0,"href":"https:\/\/portvellbcn.cat\/es\/wp-json\/wp\/v2\/pages\/7064\/revisions"}],"wp:attachment":[{"href":"https:\/\/portvellbcn.cat\/es\/wp-json\/wp\/v2\/media?parent=7064"}],"curies":[{"name":"wp","href":"https:\/\/api.w.org\/{rel}","templated":true}]}}