{"id":3434,"date":"2019-03-12T10:54:46","date_gmt":"2019-03-12T09:54:46","guid":{"rendered":"https:\/\/portvellbcn.cat\/home-portvell\/?lang=es"},"modified":"2026-02-17T12:40:27","modified_gmt":"2026-02-17T11:40:27","slug":"home-portvell-2","status":"publish","type":"page","link":"https:\/\/portvellbcn.cat\/es\/","title":{"rendered":"Home-PortVell"},"content":{"rendered":"<div class=\"wpb-content-wrapper\"><p>[vc_row type=\u00bbfull_width_section\u00bb text_align=\u00bbcenter\u00bb class=\u00bbvideodiv\u00bb][vc_column column_padding=\u00bbcustom-padding\u00bb text_align=\u00bbcenter\u00bb width=\u00bb1\/1&#8243;][vc_raw_html css=\u00bb\u00bb]JTNDZGl2JTIwY2xhc3MlM0QlMjJ2aWRlby1iYWNrZ3JvdW5kJTIyJTNFJTBBJTIwJTIwJTIwJTNDdmlkZW8lMjBjbGFzcyUzRCUyMnZpZGVvUG9ydCUyMiUyMG11dGVkJTIwaWQlM0QlMjJwbGF5ZXIlMjIlMjBwcmVsb2FkJTNEJTIybm9uZSUyMiUyMHBvc3RlciUzRCUyMnZpZGVvJTJGYmlnLWJ1Y2stYnVubnkuanBnJTIyJTIwYXV0b3BsYXklM0QlMjJhdXRvcGxheSUyMiUyMGxvb3AlM0QlMjJsb29wJTIyJTIwJTNFJTBBJTIwJTIwJTIwJTIwJTIwJTIwJTIwJTIwJTIwJTIwJTIwJTIwJTNDc291cmNlJTIwc3JjJTNEJTIyaHR0cHMlM0ElMkYlMkZ3d3cucG9ydHZlbGxiY24uY2F0JTJGd3AtY29udGVudCUyRnVwbG9hZHMlMkYyMDI0JTJGMDklMkZQT1JUJTI1MjBWRUxMX01BU1RFUiUyNTIwMjAyMyUyNTIwRVNQXzFtaW5fSDI2NC5tcDQlMjIlM0UlMEElMjAlMjAlMjAlM0MlMkZ2aWRlbyUzRSUwQSUzQ2RpdiUyMGlkJTNEJTIybXV0ZSUyMiUyMGNsYXNzJTNEJTIyYnRuJTIyJTNFJTNDJTJGZGl2JTNFJTBBJTNDJTJGZGl2JTNF[\/vc_raw_html][\/vc_column][\/vc_row][vc_row type=\u00bbfull_width_section\u00bb top_padding=\u00bb0&#8243; bottom_padding=\u00bb0&#8243;][vc_column el_class=\u00bbexploraMain\u00bb width=\u00bb1\/2&#8243;]<h4 class=\"headline font-special fontsize-s fontweight-500 lh-12 align-left transform-inherit \" style=\"margin: 0 0 20px 0; color: #bfbfbf;\">EXPLORA EL PORT VELL<\/h4>[vc_empty_space height=\u00bb10&#8243;]<h1 class=\"headline font-inherit fontsize-xxl fontweight-600 lh-16 align-left transform-inherit \" style=\"margin: 0 0 20px 0; color: #444444;\">El Port Vell, el puerto-ciudad<br \/>\nde Barcelona.<br \/>\nUn puerto, una ciudad,<br \/>\nuna historia compartida<br \/>\nentre Barcelona y la mar<\/h1>[vc_empty_space height=\u00bb15&#8243;]<a href=\"https:\/\/portvellbcn.cat\/es\/quienes-somos\/\" target=\"_blank\" class=\"button color-2 medium \" style=\"border-radius: 20px;\">Ver m\u00e1s<\/a>[\/vc_column][vc_column el_class=\u00bbfotoExploraMain\u00bb column_center=\u00bbtrue\u00bb width=\u00bb1\/2&#8243;][vc_single_image image=\u00bb13446&#8243; img_size=\u00bbfull\u00bb alignment=\u00bbcenter\u00bb css=\u00bb\u00bb][\/vc_column][\/vc_row][vc_row type=\u00bbfull_width_section\u00bb bg_color=\u00bb#ff6600&#8243; top_padding=\u00bb20&#8243; bottom_padding=\u00bb20&#8243;][vc_column width=\u00bb3\/6&#8243;]<h1 class=\"headline font-inherit fontsize-xxl fontweight-500 lh-16 align-right transform-inherit textoNaranja\" style=\"margin: 0 0 20px 0; color: #ffffff;\">Segunda transformaci\u00f3n del Port Vell<\/h1>[\/vc_column][vc_column text_align=\u00bbcenter\u00bb width=\u00bb1\/6&#8243;][vc_empty_space height=\u00bb15px\u00bb]<a href=\"https:\/\/portvellbcn.cat\/wp-content\/uploads\/2024\/06\/240620_Presentacio_Pla-estrategic-Port-Vell.pdf\" target=\"_blank\" class=\"button color-8 medium OrangeButton\" style=\"border-radius: 20px;\">Presentaci\u00f3n<\/a>[\/vc_column][vc_column el_class=\u00bbbajaBoton\u00bb width=\u00bb1\/6&#8243;][vc_empty_space height=\u00bb15px\u00bb]<a href=\"https:\/\/www.portvellbcn.cat\/wp-content\/uploads\/2024\/06\/PORT%20VELL%20PLA%20ESTRATE\u0300GIC_RECTIF02.mp4\" target=\"_blank\" class=\"button color-8 medium OrangeButton\" style=\"border-radius: 20px;\">Plan estrat\u00e9gico<\/a>[\/vc_column][vc_column width=\u00bb1\/6&#8243;][\/vc_column][\/vc_row][vc_row type=\u00bbfull_width_section\u00bb top_padding=\u00bb0&#8243; bottom_padding=\u00bb0&#8243;][vc_column el_class=\u00bbemptyResponsive\u00bb bg_image=\u00bb19320&#8243; column_center=\u00bbtrue\u00bb width=\u00bb1\/2&#8243;][vc_empty_space height=\u00bb182px\u00bb][vc_btn title=\u00bbDESCUBRE EL NADAL AL PORT VELL\u00bb shape=\u00bbround\u00bb color=\u00bbwhite\u00bb align=\u00bbcenter\u00bb css=\u00bb\u00bb link=\u00bburl:https%3A%2F%2Fwww.portdebarcelona.cat%2Fes%2Fport-vell%2Fnadal-al-port|target:_blank\u00bb el_class=\u00bbbotonNewBlue\u00bb][vc_btn title=\u00bbNOTA DE PRENSA\u00bb shape=\u00bbround\u00bb color=\u00bbwhite\u00bb align=\u00bbcenter\u00bb css=\u00bb\u00bb link=\u00bburl:%20https%3A%2F%2Fwww.portdebarcelona.cat%2Fes%2Fcomunicacion%2Fnoticias%2Fel-nadal-al-port-celebra-siete-ediciones-creciendo-hasta-el-muelle-de-les-drassanes-y-consolidandose-como-el-gran-acontecimiento-maritimo-de-las-fiestas|target:_blank\u00bb el_class=\u00bbbotonNewBlue\u00bb][vc_empty_space height=\u00bb259px\u00bb][\/vc_column][vc_column el_class=\u00bbemptyResponsive\u00bb bg_image=\u00bb16334&#8243; width=\u00bb1\/2&#8243;][vc_empty_space height=\u00bb182px\u00bb]<h1 class=\"headline font-special fontsize-l fontweight-500 lh-12 align-center transform-inherit \" style=\"margin: 0 0 20px 0; color: #ffffff;\">PR\u00d3XIMAMENTE<\/h1>[vc_btn title=\u00bbTINGLADOS\u00ae\u00bb shape=\u00bbround\u00bb color=\u00bbwhite\u00bb align=\u00bbcenter\u00bb css=\u00bb\u00bb link=\u00bburl:https%3A%2F%2Fportvellbcn.cat%2Fca%2Fportfolio-item%2Ftinglados%2F|target:_blank\u00bb el_class=\u00bbbotonNewBlue\u00bb][vc_btn title=\u00bbMUNTA UN TINGLADO, CLICA AQU\u00cd\u00bb shape=\u00bbround\u00bb color=\u00bbwhite\u00bb align=\u00bbcenter\u00bb css=\u00bb\u00bb link=\u00bburl:https%3A%2F%2Fportvellbcn.cat%2Fwp-content%2Fuploads%2F2024%2F07%2FTinglados-FolletoDigital_2.pdf|target:_blank\u00bb el_class=\u00bbbotonNewBlue\u00bb][vc_empty_space height=\u00bb259px\u00bb][\/vc_column][\/vc_row][vc_row type=\u00bbfull_width_section\u00bb][vc_column width=\u00bb1\/4&#8243;]<a href=\"https:\/\/portvellbcn.cat\/es\/alquiler-de-espacios\/\" target=\"_blank\" class=\"catimage wpb_content_element color-light\" style=\"height: 450px;\">\n\t\t\t<span style=\"background-image: url(https:\/\/portvellbcn.cat\/wp-content\/uploads\/2017\/03\/home-portvell-mapainteractiu-1.jpg); height: 450px;\"><\/span>\n\t\t\t<div class=\"catimage-overlay clearfix\" style=\"height: 450px;\">\n\t\t\t\t<div class=\"catimage-text\">Alquiler de espacios<\/div>\n\t\t\t<\/div><\/a>[\/vc_column][vc_column width=\u00bb1\/4&#8243;]<a href=\"https:\/\/portvellbcn.cat\/es\/explora-portvell\/\" target=\"_blank\" class=\"catimage wpb_content_element color-light\" style=\"height: 450px;\">\n\t\t\t<span style=\"background-image: url(https:\/\/portvellbcn.cat\/wp-content\/uploads\/2023\/03\/homepruf1.jpg); height: 450px;\"><\/span>\n\t\t\t<div class=\"catimage-overlay clearfix\" style=\"height: 450px;\">\n\t\t\t\t<div class=\"catimage-text\">Explora el Port Vell<\/div>\n\t\t\t<\/div><\/a>[\/vc_column][vc_column width=\u00bb1\/4&#8243;]<a href=\"https:\/\/portvellbcn.cat\/es\/portfolio-item\/activitats-al-port-vell\/\" target=\"_blank\" class=\"catimage wpb_content_element color-light\" style=\"height: 450px;\">\n\t\t\t<span style=\"background-image: url(https:\/\/portvellbcn.cat\/wp-content\/uploads\/2017\/03\/home-portvell-galeria.jpg); height: 450px;\"><\/span>\n\t\t\t<div class=\"catimage-overlay clearfix\" style=\"height: 450px;\">\n\t\t\t\t<div class=\"catimage-text\">Actividades del Port Vell<\/div>\n\t\t\t<\/div><\/a>[\/vc_column][vc_column width=\u00bb1\/4&#8243;]<a href=\"https:\/\/portvellbcn.cat\/es\/galeria-2\/\" target=\"_blank\" class=\"catimage wpb_content_element color-light\" style=\"height: 450px;\">\n\t\t\t<span style=\"background-image: url(https:\/\/portvellbcn.cat\/wp-content\/uploads\/2026\/02\/videos.jpg); height: 450px;\"><\/span>\n\t\t\t<div class=\"catimage-overlay clearfix\" style=\"height: 450px;\">\n\t\t\t\t<div class=\"catimage-text\">V\u00eddeos del Port Vell<\/div>\n\t\t\t<\/div><\/a>[\/vc_column][\/vc_row][vc_row bg_color=\u00bb#f4f4f4&#8243; top_padding=\u00bb30&#8243;][vc_column width=\u00bb1\/1&#8243;][vc_row_inner][vc_column_inner width=\u00bb3\/4&#8243; css=\u00bb.vc_custom_1709293956787{padding-bottom: 20px !important;}\u00bb][vc_column_text]<\/p>\n<p style=\"text-align: left;\"><strong><span class=\"s1\" style=\"font-size: 30px; color: #333333;\"><span style=\"font-family: Poppins, sans-serif; letter-spacing: 1px;\"><span style=\"line-height: 1.2em; display: inline-block; width: 100%;\"><span style=\"font-family: Poppins, sans-serif;\"><span class=\"titulofuente\" style=\"font-family: 'Playfair Display', sans-serif;\">Acceso a la plataforma de Licitaci\u00f3n Electr\u00f3nica de la Ger\u00e8ncia Urban\u00edstica del Port Vell<\/span><\/span><\/span><\/span><\/span><\/strong><\/p>\n<p>[\/vc_column_text][\/vc_column_inner][vc_column_inner width=\u00bb1\/4&#8243;]<div class=\"spacer\" style=\"height: 15px;\"><\/div><a href=\"https:\/\/community.vortal.biz\/PRODSTS\/Users\/Login\/Index?SkinName=portvell\" target=\"_blank\" class=\"button custom large \" style=\"background-color: #0073cf; border-color: #0073cf;border-radius: 20px;\">VER M\u00c1S<\/a>[\/vc_column_inner][\/vc_row_inner][\/vc_column][\/vc_row][vc_row top_padding=\u00bb50&#8243; bottom_padding=\u00bb60&#8243;][vc_column width=\u00bb1\/1&#8243;]<h4 class=\"headline font-special fontsize-s fontweight-500 lh-12 align-center transform-inherit \" style=\"margin: 0 0 20px 0; color: #bfbfbf;\">CIFRAS Y DATOS<\/h4>[\/vc_column][\/vc_row][vc_row bottom_padding=\u00bb50&#8243;][vc_column width=\u00bb1\/4&#8243;]<div class=\"counter clearfix wpb_content_element\"><div class=\"counter-number\" style=\"color: #ff6600 !important;\">70<\/div><span class=\"counter-title\"><\/span><\/div><div class=\"headline font-inherit fontsize-s fontweight-400 lh-inherit align-center transform-inherit \" style=\"margin: 0 0 20px 0;\">Hect\u00e1reas de territorio<\/div>[\/vc_column][vc_column width=\u00bb1\/4&#8243;]<div class=\"counter clearfix wpb_content_element\"><div class=\"counter-number\" style=\"color: #ff6600 !important;\">380<\/div><span class=\"counter-title\"><\/span><\/div><div class=\"headline font-inherit fontsize-s fontweight-400 lh-inherit align-center transform-inherit \" style=\"margin: 0 0 20px 0;\">Empresas<\/div>[\/vc_column][vc_column width=\u00bb1\/4&#8243;]<div class=\"counter clearfix wpb_content_element\"><div class=\"counter-number\" style=\"color: #ff6600 !important;\">9200<\/div><span class=\"counter-title\"><\/span><\/div><div class=\"headline font-inherit fontsize-s fontweight-400 lh-inherit align-center transform-inherit \" style=\"margin: 0 0 20px 0;\">Puestos de trabajo<\/div>[\/vc_column][vc_column width=\u00bb1\/4&#8243;]<div class=\"counter clearfix wpb_content_element\"><div class=\"counter-number\" style=\"color: #ff6600 !important;\">365<\/div><span class=\"counter-title\"><\/span><\/div><div class=\"headline font-inherit fontsize-s fontweight-400 lh-inherit align-center transform-inherit \" style=\"margin: 0 0 20px 0;\">D\u00edas de eventos al a\u00f1o<\/div>[\/vc_column][\/vc_row][vc_row][vc_column width=\u00bb1\/1&#8243;][vc_raw_html css=\u00bb\u00bb]JTNDZGl2JTIwY2xhc3MlM0QlMjJzY3JvbGxfZXZlbnQlMjIlM0UlMEElMjAlMjAlMjAlMjAlM0NwJTNFU2Nyb2xsJTIwZG93biUzQyUyRnAlM0UlMjAlMEElMjAlMjAlMjAlMjAlM0NwJTNFcGFyYSUyMGV4cGxvcmFyJTNDJTJGcCUzRSUwQSUyMCUyMCUyMCUyMCUzQ2ltZyUyMGNsYXNzJTNEJTIybW91c2Vfc2Nyb2xsJTIyJTIwc3JjJTNEJTIyaHR0cHMlM0ElMkYlMkZwb3J0dmVsbGJjbi5jYXQlMkZ3cC1jb250ZW50JTJGdXBsb2FkcyUyRjIwMjQlMkYwOSUyRlNjcm9sbF9tb3VzZS5wbmclMjIlMjBhbHQlM0QlMjJzY3JvbGwlMjBkb3duJTIyJTIwJTJGJTNFJTBBJTNDJTJGZGl2JTNFJTBBJTBBJTNDc2NyaXB0JTNFJTBBJTIwJTIwJTIwJTIwd2luZG93LmFkZEV2ZW50TGlzdGVuZXIlMjglMjdzY3JvbGwlMjclMkMlMjBmdW5jdGlvbiUyOCUyOSUyMCU3QiUwQSUyMCUyMCUyMCUyMCUyMCUyMCUyMCUyMHZhciUyMHNjcm9sbERpdiUyMCUzRCUyMGRvY3VtZW50LnF1ZXJ5U2VsZWN0b3IlMjglMjcuc2Nyb2xsX2V2ZW50JTI3JTI5JTNCJTBBJTIwJTIwJTIwJTIwJTIwJTIwJTIwJTIwJTBBJTIwJTIwJTIwJTIwJTIwJTIwJTIwJTIwJTJGJTJGJTIwRGV0ZWN0YSUyMHNpJTIwZWwlMjB1c3VhcmlvJTIwaGElMjBoZWNobyUyMHNjcm9sbCUyMGhhY2lhJTIwYWJham8lMEElMjAlMjAlMjAlMjAlMjAlMjAlMjAlMjBpZiUyMCUyOHdpbmRvdy5zY3JvbGxZJTIwJTNFJTIwMCUyOSUyMCU3QiUwQSUyMCUyMCUyMCUyMCUyMCUyMCUyMCUyMCUyMCUyMCUyMCUyMHNjcm9sbERpdi5jbGFzc0xpc3QuYWRkJTI4JTI3aGlkZGVuJTI3JTI5JTNCJTIwJTJGJTJGJTIwT2N1bHRhJTIwZWwlMjBkaXYlMEElMjAlMjAlMjAlMjAlMjAlMjAlMjAlMjAlN0QlMjBlbHNlJTIwJTdCJTBBJTIwJTIwJTIwJTIwJTIwJTIwJTIwJTIwJTIwJTIwJTIwJTIwc2Nyb2xsRGl2LmNsYXNzTGlzdC5yZW1vdmUlMjglMjdoaWRkZW4lMjclMjklM0IlMjAlMkYlMkYlMjBNdWVzdHJhJTIwZWwlMjBkaXYlMEElMjAlMjAlMjAlMjAlMjAlMjAlMjAlMjAlN0QlMEElMjAlMjAlMjAlMjAlN0QlMjklM0IlMEElM0MlMkZzY3JpcHQlM0UlMEElMEElM0NzdHlsZSUzRSUwQSUyMCUyMCUyMCUyMC5zY3JvbGxfZXZlbnQlMjAlN0IlMEElMjAlMjAlMjAlMjAlMjAlMjAlMjAlMjBwb3NpdGlvbiUzQSUyMGZpeGVkJTNCJTBBJTIwJTIwJTIwJTIwJTIwJTIwJTIwJTIwdG9wJTNBJTIwODclMjUlM0IlMEElMjAlMjAlMjAlMjAlMjAlMjAlMjAlMjBsZWZ0JTNBJTIwNTAlMjUlM0IlMEElMjAlMjAlMjAlMjAlMjAlMjAlMjAlMjB0cmFuc2Zvcm0lM0ElMjB0cmFuc2xhdGVYJTI4LTUwJTI1JTI5JTNCJTBBJTIwJTIwJTIwJTIwJTIwJTIwJTIwJTIwcGFkZGluZyUzQSUyMDEwcHglM0IlMEElMjAlMjAlMjAlMjAlMjAlMjAlMjAlMjB0cmFuc2l0aW9uJTNBJTIwb3BhY2l0eSUyMDAuNXMlMjBlYXNlJTNCJTBBJTIwJTIwJTIwJTIwJTIwJTIwJTIwJTIwb3BhY2l0eSUzQSUyMDElM0IlMEElMjAlMjAlMjAlMjAlMjAlMjAlMjAlMjB6LWluZGV4JTNBJTIwMTAwMCUzQiUwQSUyMCUyMCUyMCUyMCUyMCUyMCUyMCUyMGRpc3BsYXklM0ElMjBmbGV4JTNCJTBBJTIwJTIwJTIwJTIwJTIwJTIwJTIwJTIwZmxleC1kaXJlY3Rpb24lM0ElMjBjb2x1bW4lM0IlMEElMjAlMjAlMjAlMjAlMjAlMjAlMjAlMjBhbGlnbi1pdGVtcyUzQSUyMGNlbnRlciUzQiUyMCUyRiUyQSUyMENlbnRyYSUyMGxhJTIwaW1hZ2VuJTIweSUyMGVsJTIwdGV4dG8lMjBob3Jpem9udGFsbWVudGUlMjAlMkElMkYlMEElMjAlMjAlMjAlMjAlN0QlMEElMEElMjAlMjAlMjAlMjAuc2Nyb2xsX2V2ZW50JTIwJTNFJTIwcCUyMCU3QiUwQSUyMCUyMCUyMCUyMCUyMCUyMCUyMCUyMHRleHQtYWxpZ24lM0ElMjBjZW50ZXIlM0IlMEElMjAlMjAlMjAlMjAlMjAlMjAlMjAlMjBjb2xvciUzQSUyMHdoaXRlJTNCJTBBJTIwJTIwJTIwJTIwJTIwJTIwJTIwJTIwbWFyZ2luJTNBJTIwMCUzQiUwQSUyMCUyMCUyMCUyMCUyMCUyMCUyMCUyMHBhZGRpbmctYm90dG9tJTNBJTIwMTBweCUzQiUwQSUyMCUyMCUyMCUyMCUyMCUyMCUyMCUyMGZvbnQtd2VpZ2h0JTNBJTIwNzAwJTNCJTBBJTIwJTIwJTIwJTIwJTdEJTBBJTBBJTIwJTIwJTIwJTIwLmhpZGRlbiUyMCU3QiUwQSUyMCUyMCUyMCUyMCUyMCUyMCUyMCUyMG9wYWNpdHklM0ElMjAwJTNCJTBBJTIwJTIwJTIwJTIwJTdEJTBBJTBBJTIwJTIwJTIwJTIwLm1vdXNlX3Njcm9sbCUyMCU3QiUwQSUyMCUyMCUyMCUyMCUyMCUyMCUyMCUyMG1heC13aWR0aCUzQSUyMDMwcHglM0IlMEElMjAlMjAlMjAlMjAlN0QlMEElM0MlMkZzdHlsZSUzRSUwQQ==[\/vc_raw_html][\/vc_column][\/vc_row]<\/p>\n<\/div>","protected":false},"excerpt":{"rendered":"<p>[vc_row type=\u00bbfull_width_section\u00bb text_align=\u00bbcenter\u00bb class=\u00bbvideodiv\u00bb][vc_column column_padding=\u00bbcustom-padding\u00bb text_align=\u00bbcenter\u00bb width=\u00bb1\/1&#8243;][vc_raw_html css=\u00bb\u00bb]JTNDZGl2JTIwY2xhc3MlM0QlMjJ2aWRlby1iYWNrZ3JvdW5kJTIyJTNFJTBBJTIwJTIwJTIwJTNDdmlkZW8lMjBjbGFzcyUzRCUyMnZpZGVvUG9ydCUyMiUyMG11dGVkJTIwaWQlM0QlMjJwbGF5ZXIlMjIlMjBwcmVsb2FkJTNEJTIybm9uZSUyMiUyMHBvc3RlciUzRCUyMnZpZGVvJTJGYmlnLWJ1Y2stYnVubnkuanBnJTIyJTIwYXV0b3BsYXklM0QlMjJhdXRvcGxheSUyMiUyMGxvb3AlM0QlMjJsb29wJTIyJTIwJTNFJTBBJTIwJTIwJTIwJTIwJTIwJTIwJTIwJTIwJTIwJTIwJTIwJTIwJTNDc291cmNlJTIwc3JjJTNEJTIyaHR0cHMlM0ElMkYlMkZ3d3cucG9ydHZlbGxiY24uY2F0JTJGd3AtY29udGVudCUyRnVwbG9hZHMlMkYyMDI0JTJGMDklMkZQT1JUJTI1MjBWRUxMX01BU1RFUiUyNTIwMjAyMyUyNTIwRVNQXzFtaW5fSDI2NC5tcDQlMjIlM0UlMEElMjAlMjAlMjAlM0MlMkZ2aWRlbyUzRSUwQSUzQ2RpdiUyMGlkJTNEJTIybXV0ZSUyMiUyMGNsYXNzJTNEJTIyYnRuJTIyJTNFJTNDJTJGZGl2JTNFJTBBJTNDJTJGZGl2JTNF[\/vc_raw_html][\/vc_column][\/vc_row][vc_row type=\u00bbfull_width_section\u00bb top_padding=\u00bb0&#8243; bottom_padding=\u00bb0&#8243;][vc_column el_class=\u00bbexploraMain\u00bb width=\u00bb1\/2&#8243;][vc_empty_space height=\u00bb10&#8243;][vc_empty_space height=\u00bb15&#8243;][\/vc_column][vc_column el_class=\u00bbfotoExploraMain\u00bb column_center=\u00bbtrue\u00bb width=\u00bb1\/2&#8243;][vc_single_image image=\u00bb13446&#8243; img_size=\u00bbfull\u00bb alignment=\u00bbcenter\u00bb css=\u00bb\u00bb][\/vc_column][\/vc_row][vc_row type=\u00bbfull_width_section\u00bb bg_color=\u00bb#ff6600&#8243; top_padding=\u00bb20&#8243; bottom_padding=\u00bb20&#8243;][vc_column width=\u00bb3\/6&#8243;][\/vc_column][vc_column text_align=\u00bbcenter\u00bb width=\u00bb1\/6&#8243;][vc_empty_space height=\u00bb15px\u00bb][\/vc_column][vc_column el_class=\u00bbbajaBoton\u00bb width=\u00bb1\/6&#8243;][vc_empty_space height=\u00bb15px\u00bb][\/vc_column][vc_column width=\u00bb1\/6&#8243;][\/vc_column][\/vc_row][vc_row type=\u00bbfull_width_section\u00bb top_padding=\u00bb0&#8243; bottom_padding=\u00bb0&#8243;][vc_column el_class=\u00bbemptyResponsive\u00bb bg_image=\u00bb19320&#8243; column_center=\u00bbtrue\u00bb width=\u00bb1\/2&#8243;][vc_empty_space height=\u00bb182px\u00bb][vc_btn title=\u00bbDESCUBRE EL NADAL AL PORT VELL\u00bb shape=\u00bbround\u00bb color=\u00bbwhite\u00bb align=\u00bbcenter\u00bb css=\u00bb\u00bb link=\u00bburl:https%3A%2F%2Fwww.portdebarcelona.cat%2Fes%2Fport-vell%2Fnadal-al-port|target:_blank\u00bb el_class=\u00bbbotonNewBlue\u00bb][vc_btn title=\u00bbNOTA DE PRENSA\u00bb shape=\u00bbround\u00bb color=\u00bbwhite\u00bb align=\u00bbcenter\u00bb css=\u00bb\u00bb link=\u00bburl:%20https%3A%2F%2Fwww.portdebarcelona.cat%2Fes%2Fcomunicacion%2Fnoticias%2Fel-nadal-al-port-celebra-siete-ediciones-creciendo-hasta-el-muelle-de-les-drassanes-y-consolidandose-como-el-gran-acontecimiento-maritimo-de-las-fiestas|target:_blank\u00bb el_class=\u00bbbotonNewBlue\u00bb][vc_empty_space height=\u00bb259px\u00bb][\/vc_column][vc_column el_class=\u00bbemptyResponsive\u00bb bg_image=\u00bb16334&#8243; width=\u00bb1\/2&#8243;][vc_empty_space height=\u00bb182px\u00bb][vc_btn title=\u00bbTINGLADOS\u00ae\u00bb shape=\u00bbround\u00bb color=\u00bbwhite\u00bb align=\u00bbcenter\u00bb css=\u00bb\u00bb link=\u00bburl:https%3A%2F%2Fportvellbcn.cat%2Fca%2Fportfolio-item%2Ftinglados%2F|target:_blank\u00bb el_class=\u00bbbotonNewBlue\u00bb][vc_btn title=\u00bbMUNTA UN TINGLADO, CLICA AQU\u00cd\u00bb shape=\u00bbround\u00bb color=\u00bbwhite\u00bb align=\u00bbcenter\u00bb css=\u00bb\u00bb link=\u00bburl:https%3A%2F%2Fportvellbcn.cat%2Fwp-content%2Fuploads%2F2024%2F07%2FTinglados-FolletoDigital_2.pdf|target:_blank\u00bb el_class=\u00bbbotonNewBlue\u00bb][vc_empty_space height=\u00bb259px\u00bb][\/vc_column][\/vc_row][vc_row type=\u00bbfull_width_section\u00bb][vc_column width=\u00bb1\/4&#8243;][\/vc_column][vc_column width=\u00bb1\/4&#8243;][\/vc_column][vc_column width=\u00bb1\/4&#8243;][\/vc_column][vc_column width=\u00bb1\/4&#8243;][\/vc_column][\/vc_row][vc_row bg_color=\u00bb#f4f4f4&#8243; top_padding=\u00bb30&#8243;][vc_column width=\u00bb1\/1&#8243;][vc_row_inner][vc_column_inner width=\u00bb3\/4&#8243; css=\u00bb.vc_custom_1709293956787{padding-bottom: 20px !important;}\u00bb][vc_column_text] Acceso a la plataforma de Licitaci\u00f3n Electr\u00f3nica de la Ger\u00e8ncia Urban\u00edstica del Port Vell [\/vc_column_text][\/vc_column_inner][vc_column_inner width=\u00bb1\/4&#8243;][\/vc_column_inner][\/vc_row_inner][\/vc_column][\/vc_row][vc_row top_padding=\u00bb50&#8243; bottom_padding=\u00bb60&#8243;][vc_column width=\u00bb1\/1&#8243;][\/vc_column][\/vc_row][vc_row bottom_padding=\u00bb50&#8243;][vc_column width=\u00bb1\/4&#8243;][\/vc_column][vc_column width=\u00bb1\/4&#8243;][\/vc_column][vc_column width=\u00bb1\/4&#8243;][\/vc_column][vc_column width=\u00bb1\/4&#8243;][\/vc_column][\/vc_row][vc_row][vc_column width=\u00bb1\/1&#8243;][vc_raw_html css=\u00bb\u00bb]JTNDZGl2JTIwY2xhc3MlM0QlMjJzY3JvbGxfZXZlbnQlMjIlM0UlMEElMjAlMjAlMjAlMjAlM0NwJTNFU2Nyb2xsJTIwZG93biUzQyUyRnAlM0UlMjAlMEElMjAlMjAlMjAlMjAlM0NwJTNFcGFyYSUyMGV4cGxvcmFyJTNDJTJGcCUzRSUwQSUyMCUyMCUyMCUyMCUzQ2ltZyUyMGNsYXNzJTNEJTIybW91c2Vfc2Nyb2xsJTIyJTIwc3JjJTNEJTIyaHR0cHMlM0ElMkYlMkZwb3J0dmVsbGJjbi5jYXQlMkZ3cC1jb250ZW50JTJGdXBsb2FkcyUyRjIwMjQlMkYwOSUyRlNjcm9sbF9tb3VzZS5wbmclMjIlMjBhbHQlM0QlMjJzY3JvbGwlMjBkb3duJTIyJTIwJTJGJTNFJTBBJTNDJTJGZGl2JTNFJTBBJTBBJTNDc2NyaXB0JTNFJTBBJTIwJTIwJTIwJTIwd2luZG93LmFkZEV2ZW50TGlzdGVuZXIlMjglMjdzY3JvbGwlMjclMkMlMjBmdW5jdGlvbiUyOCUyOSUyMCU3QiUwQSUyMCUyMCUyMCUyMCUyMCUyMCUyMCUyMHZhciUyMHNjcm9sbERpdiUyMCUzRCUyMGRvY3VtZW50LnF1ZXJ5U2VsZWN0b3IlMjglMjcuc2Nyb2xsX2V2ZW50JTI3JTI5JTNCJTBBJTIwJTIwJTIwJTIwJTIwJTIwJTIwJTIwJTBBJTIwJTIwJTIwJTIwJTIwJTIwJTIwJTIwJTJGJTJGJTIwRGV0ZWN0YSUyMHNpJTIwZWwlMjB1c3VhcmlvJTIwaGElMjBoZWNobyUyMHNjcm9sbCUyMGhhY2lhJTIwYWJham8lMEElMjAlMjAlMjAlMjAlMjAlMjAlMjAlMjBpZiUyMCUyOHdpbmRvdy5zY3JvbGxZJTIwJTNFJTIwMCUyOSUyMCU3QiUwQSUyMCUyMCUyMCUyMCUyMCUyMCUyMCUyMCUyMCUyMCUyMCUyMHNjcm9sbERpdi5jbGFzc0xpc3QuYWRkJTI4JTI3aGlkZGVuJTI3JTI5JTNCJTIwJTJGJTJGJTIwT2N1bHRhJTIwZWwlMjBkaXYlMEElMjAlMjAlMjAlMjAlMjAlMjAlMjAlMjAlN0QlMjBlbHNlJTIwJTdCJTBBJTIwJTIwJTIwJTIwJTIwJTIwJTIwJTIwJTIwJTIwJTIwJTIwc2Nyb2xsRGl2LmNsYXNzTGlzdC5yZW1vdmUlMjglMjdoaWRkZW4lMjclMjklM0IlMjAlMkYlMkYlMjBNdWVzdHJhJTIwZWwlMjBkaXYlMEElMjAlMjAlMjAlMjAlMjAlMjAlMjAlMjAlN0QlMEElMjAlMjAlMjAlMjAlN0QlMjklM0IlMEElM0MlMkZzY3JpcHQlM0UlMEElMEElM0NzdHlsZSUzRSUwQSUyMCUyMCUyMCUyMC5zY3JvbGxfZXZlbnQlMjAlN0IlMEElMjAlMjAlMjAlMjAlMjAlMjAlMjAlMjBwb3NpdGlvbiUzQSUyMGZpeGVkJTNCJTBBJTIwJTIwJTIwJTIwJTIwJTIwJTIwJTIwdG9wJTNBJTIwODclMjUlM0IlMEElMjAlMjAlMjAlMjAlMjAlMjAlMjAlMjBsZWZ0JTNBJTIwNTAlMjUlM0IlMEElMjAlMjAlMjAlMjAlMjAlMjAlMjAlMjB0cmFuc2Zvcm0lM0ElMjB0cmFuc2xhdGVYJTI4LTUwJTI1JTI5JTNCJTBBJTIwJTIwJTIwJTIwJTIwJTIwJTIwJTIwcGFkZGluZyUzQSUyMDEwcHglM0IlMEElMjAlMjAlMjAlMjAlMjAlMjAlMjAlMjB0cmFuc2l0aW9uJTNBJTIwb3BhY2l0eSUyMDAuNXMlMjBlYXNlJTNCJTBBJTIwJTIwJTIwJTIwJTIwJTIwJTIwJTIwb3BhY2l0eSUzQSUyMDElM0IlMEElMjAlMjAlMjAlMjAlMjAlMjAlMjAlMjB6LWluZGV4JTNBJTIwMTAwMCUzQiUwQSUyMCUyMCUyMCUyMCUyMCUyMCUyMCUyMGRpc3BsYXklM0ElMjBmbGV4JTNCJTBBJTIwJTIwJTIwJTIwJTIwJTIwJTIwJTIwZmxleC1kaXJlY3Rpb24lM0ElMjBjb2x1bW4lM0IlMEElMjAlMjAlMjAlMjAlMjAlMjAlMjAlMjBhbGlnbi1pdGVtcyUzQSUyMGNlbnRlciUzQiUyMCUyRiUyQSUyMENlbnRyYSUyMGxhJTIwaW1hZ2VuJTIweSUyMGVsJTIwdGV4dG8lMjBob3Jpem9udGFsbWVudGUlMjAlMkElMkYlMEElMjAlMjAlMjAlMjAlN0QlMEElMEElMjAlMjAlMjAlMjAuc2Nyb2xsX2V2ZW50JTIwJTNFJTIwcCUyMCU3QiUwQSUyMCUyMCUyMCUyMCUyMCUyMCUyMCUyMHRleHQtYWxpZ24lM0ElMjBjZW50ZXIlM0IlMEElMjAlMjAlMjAlMjAlMjAlMjAlMjAlMjBjb2xvciUzQSUyMHdoaXRlJTNCJTBBJTIwJTIwJTIwJTIwJTIwJTIwJTIwJTIwbWFyZ2luJTNBJTIwMCUzQiUwQSUyMCUyMCUyMCUyMCUyMCUyMCUyMCUyMHBhZGRpbmctYm90dG9tJTNBJTIwMTBweCUzQiUwQSUyMCUyMCUyMCUyMCUyMCUyMCUyMCUyMGZvbnQtd2VpZ2h0JTNBJTIwNzAwJTNCJTBBJTIwJTIwJTIwJTIwJTdEJTBBJTBBJTIwJTIwJTIwJTIwLmhpZGRlbiUyMCU3QiUwQSUyMCUyMCUyMCUyMCUyMCUyMCUyMCUyMG9wYWNpdHklM0ElMjAwJTNCJTBBJTIwJTIwJTIwJTIwJTdEJTBBJTBBJTIwJTIwJTIwJTIwLm1vdXNlX3Njcm9sbCUyMCU3QiUwQSUyMCUyMCUyMCUyMCUyMCUyMCUyMCUyMG1heC13aWR0aCUzQSUyMDMwcHglM0IlMEElMjAlMjAlMjAlMjAlN0QlMEElM0MlMkZzdHlsZSUzRSUwQQ==[\/vc_raw_html][\/vc_column][\/vc_row]<\/p>\n","protected":false},"author":1,"featured_media":0,"parent":0,"menu_order":0,"comment_status":"closed","ping_status":"closed","template":"","meta":{"_acf_changed":false,"footnotes":""},"class_list":["post-3434","page","type-page","status-publish","hentry"],"acf":[],"_links":{"self":[{"href":"https:\/\/portvellbcn.cat\/es\/wp-json\/wp\/v2\/pages\/3434","targetHints":{"allow":["GET"]}}],"collection":[{"href":"https:\/\/portvellbcn.cat\/es\/wp-json\/wp\/v2\/pages"}],"about":[{"href":"https:\/\/portvellbcn.cat\/es\/wp-json\/wp\/v2\/types\/page"}],"author":[{"embeddable":true,"href":"https:\/\/portvellbcn.cat\/es\/wp-json\/wp\/v2\/users\/1"}],"replies":[{"embeddable":true,"href":"https:\/\/portvellbcn.cat\/es\/wp-json\/wp\/v2\/comments?post=3434"}],"version-history":[{"count":0,"href":"https:\/\/portvellbcn.cat\/es\/wp-json\/wp\/v2\/pages\/3434\/revisions"}],"wp:attachment":[{"href":"https:\/\/portvellbcn.cat\/es\/wp-json\/wp\/v2\/media?parent=3434"}],"curies":[{"name":"wp","href":"https:\/\/api.w.org\/{rel}","templated":true}]}}