{"id":18557,"date":"2024-06-21T13:43:28","date_gmt":"2024-06-21T11:43:28","guid":{"rendered":"https:\/\/portvellbcn.cat\/convocatories-de-premsa\/"},"modified":"2024-12-30T09:46:51","modified_gmt":"2024-12-30T08:46:51","slug":"notas-de-prensa","status":"publish","type":"page","link":"https:\/\/portvellbcn.cat\/es\/notas-de-prensa\/","title":{"rendered":"Notas de prensa"},"content":{"rendered":"<div class=\"wpb-content-wrapper\"><p>[vc_row type=\u00bbfull_width_section\u00bb top_padding=\u00bb50&#8243; bottom_padding=\u00bb60&#8243; full_width=\u00bbstretch_row\u00bb css=\u00bb.vc_custom_1615275997084{padding-top: 60px !important;padding-bottom: 60px !important;}\u00bb][vc_column width=\u00bb1\/6&#8243;][\/vc_column][vc_column width=\u00bb2\/3&#8243;][vc_column_text]<\/p>\n<p style=\"text-align: center;\"><span style=\"font-family: 'Playfair Display', sans-serif; color: #000000;\"><span style=\"font-size: 80px; letter-spacing: 1px;\">Notas de prensa<\/span><\/span><\/p>\n<p>[\/vc_column_text][vc_zigzag color=\u00bbsandy_brown\u00bb el_width=\u00bb10&#8243;][\/vc_column][vc_column width=\u00bb1\/6&#8243;][\/vc_column][\/vc_row][vc_row top_padding=\u00bb20&#8243;][vc_column width=\u00bb1\/1&#8243;][vc_row_inner][vc_column_inner width=\u00bb5\/6&#8243;]<h1 class=\"headline font-special fontsize-l fontweight-400 lh-12 align-left transform-inherit \" style=\"margin: 0 0 20px 0;\">El Port Vell y la Comisi\u00f3n de Fiestas de la Barceloneta organizan el \u201cTinglado Real\u201d en el muelle Oriental para celebrar la llegada de los Reyes Magos<\/h1>[\/vc_column_inner][vc_column_inner width=\u00bb1\/6&#8243;][vc_icon icon_fontawesome=\u00bbfas fa-arrow-right\u00bb color=\u00bbwhite\u00bb background_style=\u00bbrounded\u00bb background_color=\u00bbsandy_brown\u00bb size=\u00bbsm\u00bb css=\u00bb\u00bb link=\u00bburl:https%3A%2F%2Fportvellbcn.cat%2Fwp-content%2Fuploads%2F2024%2F12%2F241227_tinglado-reial_es.pdf|target:_blank\u00bb][\/vc_column_inner][\/vc_row_inner][vc_separator css=\u00bb\u00bb][vc_row_inner][vc_column_inner width=\u00bb5\/6&#8243;]<h1 class=\"headline font-special fontsize-l fontweight-400 lh-12 align-left transform-inherit \" style=\"margin: 0 0 20px 0;\">El Port de Barcelona organiza la 6\u00aa edici\u00f3n de \u201cNadal al Port\u201d con el foco en la sostenibilidad social y ambiental <\/h1>[\/vc_column_inner][vc_column_inner width=\u00bb1\/6&#8243;][vc_icon icon_fontawesome=\u00bbfas fa-arrow-right\u00bb color=\u00bbwhite\u00bb background_style=\u00bbrounded\u00bb background_color=\u00bbsandy_brown\u00bb size=\u00bbsm\u00bb css=\u00bb\u00bb link=\u00bburl:https%3A%2F%2Fportvellbcn.cat%2Fwp-content%2Fuploads%2F2024%2F11%2F241118_6a_edicio_nadal_al_port_es.pdf|target:_blank\u00bb][\/vc_column_inner][\/vc_row_inner][vc_separator css=\u00bb\u00bb][vc_row_inner][vc_column_inner width=\u00bb5\/6&#8243;]<h1 class=\"headline font-special fontsize-l fontweight-400 lh-12 align-left transform-inherit \" style=\"margin: 0 0 20px 0;\">El Bus N\u00e0utic del Port de Barcelona suma 125.000 desplazamientos en sus primeros tres meses<\/h1>[\/vc_column_inner][vc_column_inner width=\u00bb1\/6&#8243;][vc_icon icon_fontawesome=\u00bbfas fa-arrow-right\u00bb color=\u00bbwhite\u00bb background_style=\u00bbrounded\u00bb background_color=\u00bbsandy_brown\u00bb size=\u00bbsm\u00bb css=\u00bb\u00bb link=\u00bburl:https%3A%2F%2Fportvellbcn.cat%2Fwp-content%2Fuploads%2F2024%2F09%2F240904_encesa_llums_palaudemar_es.pdf|target:_blank\u00bb][\/vc_column_inner][\/vc_row_inner][vc_separator css=\u00bb\u00bb][vc_row_inner][vc_column_inner width=\u00bb5\/6&#8243;]<h1 class=\"headline font-special fontsize-l fontweight-400 lh-12 align-left transform-inherit \" style=\"margin: 0 0 20px 0;\">El World Trade Center Barcelona celebra su 25\u00ba aniversarioabri\u00e9ndose paso al mar y a la ciudadan\u00eda<\/h1>[\/vc_column_inner][vc_column_inner width=\u00bb1\/6&#8243;][vc_icon icon_fontawesome=\u00bbfas fa-arrow-right\u00bb color=\u00bbwhite\u00bb background_style=\u00bbrounded\u00bb background_color=\u00bbsandy_brown\u00bb size=\u00bbsm\u00bb css=\u00bb\u00bb link=\u00bburl:https%3A%2F%2Fportvellbcn.cat%2Fwp-content%2Fuploads%2F2024%2F11%2F240926_25_aniversari_wtc_es.pdf|target:_blank\u00bb][\/vc_column_inner][\/vc_row_inner][vc_separator css=\u00bb\u00bb][vc_row_inner][vc_column_inner width=\u00bb5\/6&#8243;]<h1 class=\"headline font-special fontsize-l fontweight-400 lh-12 align-left transform-inherit \" style=\"margin: 0 0 20px 0;\">El Stage de la Americas&#8217;s Cup Race Village pone en valor los proyectos innovadores y sostenibles impulsados por el BlueTechPort<\/h1>[\/vc_column_inner][vc_column_inner width=\u00bb1\/6&#8243;][vc_icon icon_fontawesome=\u00bbfas fa-arrow-right\u00bb color=\u00bbwhite\u00bb background_style=\u00bbrounded\u00bb background_color=\u00bbsandy_brown\u00bb size=\u00bbsm\u00bb css=\u00bb\u00bb link=\u00bburl:https%3A%2F%2Fportvellbcn.cat%2Fwp-content%2Fuploads%2F2024%2F11%2F240913_stage_ac_race_village_es.pdf|target:_blank\u00bb][\/vc_column_inner][\/vc_row_inner][vc_separator css=\u00bb\u00bb][vc_row_inner][vc_column_inner width=\u00bb5\/6&#8243;]<h1 class=\"headline font-special fontsize-l fontweight-400 lh-12 align-left transform-inherit \" style=\"margin: 0 0 20px 0;\">El Palau de Mar estrena unas nuevas luces que destacan sus caracter\u00edstica arquitect\u00f3nicos<\/h1>[\/vc_column_inner][vc_column_inner width=\u00bb1\/6&#8243;][vc_icon icon_fontawesome=\u00bbfas fa-arrow-right\u00bb color=\u00bbwhite\u00bb background_style=\u00bbrounded\u00bb background_color=\u00bbsandy_brown\u00bb size=\u00bbsm\u00bb css=\u00bb\u00bb link=\u00bburl:https%3A%2F%2Fportvellbcn.cat%2Fwp-content%2Fuploads%2F2024%2F09%2F240904_encesa_llums_palaudemar_es.pdf|target:_blank\u00bb][\/vc_column_inner][\/vc_row_inner][vc_separator css=\u00bb\u00bb][vc_row_inner][vc_column_inner width=\u00bb5\/6&#8243;]<h1 class=\"headline font-special fontsize-l fontweight-400 lh-12 align-left transform-inherit \" style=\"margin: 0 0 20px 0;\">El edificio de Portal de la Pau ya luce la fachada restaurada tras de la primera fase de rehabilitaci\u00f3n<\/h1>[\/vc_column_inner][vc_column_inner width=\u00bb1\/6&#8243;][vc_icon icon_fontawesome=\u00bbfas fa-arrow-right\u00bb color=\u00bbwhite\u00bb background_style=\u00bbrounded\u00bb background_color=\u00bbsandy_brown\u00bb size=\u00bbsm\u00bb css=\u00bb\u00bb link=\u00bburl:https%3A%2F%2Fportvellbcn.cat%2Fwp-content%2Fuploads%2F2024%2F09%2F240805_bastides_portal_pau_es-1.pdf|target:_blank\u00bb][\/vc_column_inner][\/vc_row_inner][vc_separator css=\u00bb\u00bb][vc_row_inner][vc_column_inner width=\u00bb5\/6&#8243;]<h1 class=\"headline font-special fontsize-l fontweight-400 lh-12 align-left transform-inherit \" style=\"margin: 0 0 20px 0;\">La Fundaci\u00f3n BCN Port Innovation presenta los primeros pasos del proyecto BCN Sotamar de la mano de Louis Vuitton 37\u00aa America&#8217;s Cup<\/h1>[\/vc_column_inner][vc_column_inner width=\u00bb1\/6&#8243;][vc_icon icon_fontawesome=\u00bbfas fa-arrow-right\u00bb color=\u00bbwhite\u00bb background_style=\u00bbrounded\u00bb background_color=\u00bbsandy_brown\u00bb size=\u00bbsm\u00bb css=\u00bb\u00bb link=\u00bburl:https%3A%2F%2Fportvellbcn.cat%2Fwp-content%2Fuploads%2F2024%2F09%2F240802_bcn_sotamar_es.pdf|target:_blank\u00bb][\/vc_column_inner][\/vc_row_inner][vc_separator css=\u00bb\u00bb][vc_row_inner][vc_column_inner width=\u00bb5\/6&#8243;]<h1 class=\"headline font-special fontsize-l fontweight-400 lh-12 align-left transform-inherit \" style=\"margin: 0 0 20px 0;\">El Port de Barcelona abre al p\u00fablico el muelle Drassanes<\/h1>[\/vc_column_inner][vc_column_inner width=\u00bb1\/6&#8243;][vc_icon icon_fontawesome=\u00bbfas fa-arrow-right\u00bb color=\u00bbwhite\u00bb background_style=\u00bbrounded\u00bb background_color=\u00bbsandy_brown\u00bb size=\u00bbsm\u00bb css=\u00bb\u00bb link=\u00bburl:https%3A%2F%2Fportvellbcn.cat%2Fwp-content%2Fuploads%2F2024%2F09%2F240725_obertura_moll_drassanes_es.pdf|target:_blank\u00bb][\/vc_column_inner][\/vc_row_inner][vc_separator css=\u00bb\u00bb][vc_row_inner][vc_column_inner width=\u00bb5\/6&#8243;]<h1 class=\"headline font-special fontsize-l fontweight-400 lh-12 align-left transform-inherit \" style=\"margin: 0 0 20px 0;\">El Port Vell acoge un nuevo espacio de ocio y juego familiar de divulgaci\u00f3n mar\u00edtima<\/h1>[\/vc_column_inner][vc_column_inner width=\u00bb1\/6&#8243;][vc_icon icon_fontawesome=\u00bbfas fa-arrow-right\u00bb color=\u00bbwhite\u00bb background_style=\u00bbrounded\u00bb background_color=\u00bbsandy_brown\u00bb size=\u00bbsm\u00bb css=\u00bb\u00bb link=\u00bburl:https%3A%2F%2Fportvellbcn.cat%2Fwp-content%2Fuploads%2F2024%2F09%2F240724_la_mar_dactivitats_es.pdf|target:_blank\u00bb][\/vc_column_inner][\/vc_row_inner][vc_separator css=\u00bb\u00bb][vc_row_inner][vc_column_inner width=\u00bb5\/6&#8243;]<h1 class=\"headline font-special fontsize-l fontweight-400 lh-12 align-left transform-inherit \" style=\"margin: 0 0 20px 0;\">El bus N\u00e0utic redise\u00f1a la movilidad del Port de Barcelona<\/h1>[\/vc_column_inner][vc_column_inner width=\u00bb1\/6&#8243;][vc_icon icon_fontawesome=\u00bbfas fa-arrow-right\u00bb color=\u00bbwhite\u00bb background_style=\u00bbrounded\u00bb background_color=\u00bbsandy_brown\u00bb size=\u00bbsm\u00bb css=\u00bb\u00bb link=\u00bburl:https%3A%2F%2Fportvellbcn.cat%2Fwp-content%2Fuploads%2F2024%2F09%2F240703_inauguracio_bus_nautic_es.pdf|target:_blank\u00bb][\/vc_column_inner][\/vc_row_inner][vc_separator css=\u00bb\u00bb][vc_row_inner][vc_column_inner width=\u00bb5\/6&#8243;]<h1 class=\"headline font-special fontsize-l fontweight-400 lh-12 align-left transform-inherit \" style=\"margin: 0 0 20px 0;\">El 38\u00ba Encuentro de RETE analiza el modelo de integraci\u00f3n puerto-ciudad a trav\u00e9s de la Copa Am\u00e9rica que se celebrar\u00e1 en Barcelona<\/h1>[\/vc_column_inner][vc_column_inner width=\u00bb1\/6&#8243;][vc_icon icon_fontawesome=\u00bbfas fa-arrow-right\u00bb color=\u00bbwhite\u00bb background_style=\u00bbrounded\u00bb background_color=\u00bbsandy_brown\u00bb size=\u00bbsm\u00bb css=\u00bb\u00bb link=\u00bburl:https%3A%2F%2Fportvellbcn.cat%2Fwp-content%2Fuploads%2F2024%2F09%2F240604_encuentro_rete_2024_es.pdf|target:_blank\u00bb][\/vc_column_inner][\/vc_row_inner][vc_separator css=\u00bb\u00bb][vc_row_inner][vc_column_inner width=\u00bb5\/6&#8243;]<h1 class=\"headline font-special fontsize-l fontweight-400 lh-12 align-left transform-inherit \" style=\"margin: 0 0 20px 0;\">El Port de Barcelona llena el 99% de las m\u00e1s de 16.000 visitas guiadas de las Jornadas de Puertas Abiertas<\/h1>[\/vc_column_inner][vc_column_inner width=\u00bb1\/6&#8243;][vc_icon icon_fontawesome=\u00bbfas fa-arrow-right\u00bb color=\u00bbwhite\u00bb background_style=\u00bbrounded\u00bb background_color=\u00bbsandy_brown\u00bb size=\u00bbsm\u00bb css=\u00bb\u00bb link=\u00bburl:https%3A%2F%2Fportvellbcn.cat%2Fwp-content%2Fuploads%2F2024%2F09%2F240523_esgotades_entrades_jornades_de_portes_obertes_es.pdf|target:_blank\u00bb][\/vc_column_inner][\/vc_row_inner][vc_separator css=\u00bb\u00bb][vc_row_inner][vc_column_inner width=\u00bb5\/6&#8243;]<h1 class=\"headline font-special fontsize-l fontweight-400 lh-12 align-left transform-inherit \" style=\"margin: 0 0 20px 0;\">La nueva lonja acerca el trabajo y el producto de los pescadores del Port de Barcelona a la ciudadan\u00eda <\/h1>[\/vc_column_inner][vc_column_inner width=\u00bb1\/6&#8243;][vc_icon icon_fontawesome=\u00bbfas fa-arrow-right\u00bb color=\u00bbwhite\u00bb background_style=\u00bbrounded\u00bb background_color=\u00bbsandy_brown\u00bb size=\u00bbsm\u00bb css=\u00bb\u00bb link=\u00bburl:https%3A%2F%2Fportvellbcn.cat%2Fwp-content%2Fuploads%2F2024%2F09%2F240531_nova_llotja_pescadors-1.pdf|target:_blank\u00bb][\/vc_column_inner][\/vc_row_inner][vc_separator css=\u00bb\u00bb][vc_row_inner][vc_column_inner width=\u00bb5\/6&#8243;]<h1 class=\"headline font-special fontsize-l fontweight-400 lh-12 align-left transform-inherit \" style=\"margin: 0 0 20px 0;\">M\u00e1s de 30.000 personas participan en las primeras Jornadas de Puertas Abiertas del Port de Barcelona<\/h1>[\/vc_column_inner][vc_column_inner width=\u00bb1\/6&#8243;][vc_icon icon_fontawesome=\u00bbfas fa-arrow-right\u00bb color=\u00bbwhite\u00bb background_style=\u00bbrounded\u00bb background_color=\u00bbsandy_brown\u00bb size=\u00bbsm\u00bb css=\u00bb\u00bb link=\u00bburl:https%3A%2F%2Fportvellbcn.cat%2Fwp-content%2Fuploads%2F2024%2F09%2F240527_exit_jornades_de_portes_obertes_es.pdf|target:_blank\u00bb][\/vc_column_inner][\/vc_row_inner][vc_separator css=\u00bb\u00bb][vc_row_inner][vc_column_inner width=\u00bb5\/6&#8243;]<h1 class=\"headline font-special fontsize-l fontweight-400 lh-12 align-left transform-inherit \" style=\"margin: 0 0 20px 0;\">El BlueTechPort segueix creixent amb la reforma dels \u2018tinglados\u2019 de Sant Bertran <\/h1>[\/vc_column_inner][vc_column_inner width=\u00bb1\/6&#8243;][vc_icon icon_fontawesome=\u00bbfas fa-arrow-right\u00bb color=\u00bbwhite\u00bb background_style=\u00bbrounded\u00bb background_color=\u00bbsandy_brown\u00bb size=\u00bbsm\u00bb css=\u00bb\u00bb link=\u00bburl:https%3A%2F%2Fportvellbcn.cat%2Fwp-content%2Fuploads%2F2024%2F06%2F240522_presentacio_bluetechport_sant_bertran.pdf|target:_blank\u00bb][\/vc_column_inner][\/vc_row_inner][vc_separator css=\u00bb\u00bb][vc_row_inner][vc_column_inner width=\u00bb5\/6&#8243;]<h1 class=\"headline font-special fontsize-l fontweight-400 lh-12 align-left transform-inherit \" style=\"margin: 0 0 20px 0;\">El Port de Barcelona restaura los hist\u00f3ricos \u00abtinglados\u00bb del muelle Oriental<\/h1>[\/vc_column_inner][vc_column_inner width=\u00bb1\/6&#8243;][vc_icon icon_fontawesome=\u00bbfas fa-arrow-right\u00bb color=\u00bbwhite\u00bb background_style=\u00bbrounded\u00bb background_color=\u00bbsandy_brown\u00bb size=\u00bbsm\u00bb css=\u00bb\u00bb link=\u00bburl:https%3A%2F%2Fportvellbcn.cat%2Fwp-content%2Fuploads%2F2024%2F09%2F240516_reforma_tinglados_moll_oriental_es.pdf\u00bb][\/vc_column_inner][\/vc_row_inner][vc_separator css=\u00bb\u00bb][vc_row_inner][vc_column_inner width=\u00bb5\/6&#8243;]<h1 class=\"headline font-special fontsize-l fontweight-400 lh-12 align-left transform-inherit \" style=\"margin: 0 0 20px 0;\">El Port de Barcelona organitza sus primeras Jornadas de Puertas Abiertas para acercarse a la ciudadan\u00eda<\/h1>[\/vc_column_inner][vc_column_inner width=\u00bb1\/6&#8243;][vc_icon icon_fontawesome=\u00bbfas fa-arrow-right\u00bb color=\u00bbwhite\u00bb background_style=\u00bbrounded\u00bb background_color=\u00bbsandy_brown\u00bb size=\u00bbsm\u00bb css=\u00bb\u00bb link=\u00bburl:https%3A%2F%2Fportvellbcn.cat%2Fwp-content%2Fuploads%2F2024%2F09%2F240429_jornades_de_portes_obertes_es.pdf|target:_blank\u00bb][\/vc_column_inner][\/vc_row_inner][vc_separator css=\u00bb\u00bb][vc_row_inner][vc_column_inner width=\u00bb5\/6&#8243;]<h1 class=\"headline font-special fontsize-l fontweight-400 lh-12 align-left transform-inherit \" style=\"margin: 0 0 20px 0;\">Estudiantes de las entidades educativas del entorno de Port Vell visitan las bases de los equipos de la Copa Am\u00e8rica<\/h1>[\/vc_column_inner][vc_column_inner width=\u00bb1\/6&#8243;][vc_icon icon_fontawesome=\u00bbfas fa-arrow-right\u00bb color=\u00bbwhite\u00bb background_style=\u00bbrounded\u00bb background_color=\u00bbsandy_brown\u00bb size=\u00bbsm\u00bb css=\u00bb\u00bb link=\u00bburl:https%3A%2F%2Fportvellbcn.cat%2Fwp-content%2Fuploads%2F2024%2F09%2F240426_visita_upc_ineos_es.pdf|target:_blank\u00bb][\/vc_column_inner][\/vc_row_inner][vc_separator css=\u00bb\u00bb][vc_row_inner][vc_column_inner width=\u00bb5\/6&#8243;]<h1 class=\"headline font-special fontsize-l fontweight-400 lh-12 align-left transform-inherit \" style=\"margin: 0 0 10px 0;\">El bus n\u00e1utico del Port de Barcelona empezar\u00e1 a operar el 1 de julio <\/h1>[\/vc_column_inner][vc_column_inner width=\u00bb1\/6&#8243;][vc_icon icon_fontawesome=\u00bbfas fa-arrow-right\u00bb color=\u00bbwhite\u00bb background_style=\u00bbrounded\u00bb background_color=\u00bbsandy_brown\u00bb size=\u00bbsm\u00bb css=\u00bb\u00bb link=\u00bburl:https%3A%2F%2Fportvellbcn.cat%2Fwp-content%2Fuploads%2F2024%2F09%2F240228_consell_administracio_febrer_es.pdf|target:_blank\u00bb][\/vc_column_inner][\/vc_row_inner][vc_separator css=\u00bb\u00bb][vc_row_inner][vc_column_inner width=\u00bb5\/6&#8243;]<h1 class=\"headline font-special fontsize-l fontweight-400 lh-12 align-left transform-inherit \" style=\"margin: 0 0 20px 0;\">El Port de Barcelona adjudica a Altius Media Sports la explotaci\u00f3n de l\u2019Hospitality de la 37a America\u2019s Cup<\/h1>[\/vc_column_inner][vc_column_inner width=\u00bb1\/6&#8243;][vc_icon icon_fontawesome=\u00bbfas fa-arrow-right\u00bb color=\u00bbwhite\u00bb background_style=\u00bbrounded\u00bb background_color=\u00bbsandy_brown\u00bb size=\u00bbsm\u00bb css=\u00bb\u00bb link=\u00bburl:https%3A%2F%2Fportvellbcn.cat%2Fwp-content%2Fuploads%2F2024%2F09%2F240304_adjudicacio_hospitality_port_barcelona_es.pdf|target:_blank\u00bb][\/vc_column_inner][\/vc_row_inner][vc_separator css=\u00bb\u00bb][\/vc_column][\/vc_row][vc_row][vc_column width=\u00bb1\/1&#8243;][vc_empty_space height=\u00bb100px\u00bb][\/vc_column][\/vc_row]<\/p>\n<\/div>","protected":false},"excerpt":{"rendered":"<p>[vc_row type=\u00bbfull_width_section\u00bb top_padding=\u00bb50&#8243; bottom_padding=\u00bb60&#8243; full_width=\u00bbstretch_row\u00bb css=\u00bb.vc_custom_1615275997084{padding-top: 60px !important;padding-bottom: 60px !important;}\u00bb][vc_column width=\u00bb1\/6&#8243;][\/vc_column][vc_column width=\u00bb2\/3&#8243;][vc_column_text] Notas de prensa [\/vc_column_text][vc_zigzag color=\u00bbsandy_brown\u00bb el_width=\u00bb10&#8243;][\/vc_column][vc_column width=\u00bb1\/6&#8243;][\/vc_column][\/vc_row][vc_row top_padding=\u00bb20&#8243;][vc_column width=\u00bb1\/1&#8243;][vc_row_inner][vc_column_inner width=\u00bb5\/6&#8243;][\/vc_column_inner][vc_column_inner width=\u00bb1\/6&#8243;][vc_icon icon_fontawesome=\u00bbfas fa-arrow-right\u00bb color=\u00bbwhite\u00bb background_style=\u00bbrounded\u00bb background_color=\u00bbsandy_brown\u00bb size=\u00bbsm\u00bb css=\u00bb\u00bb link=\u00bburl:https%3A%2F%2Fportvellbcn.cat%2Fwp-content%2Fuploads%2F2024%2F12%2F241227_tinglado-reial_es.pdf|target:_blank\u00bb][\/vc_column_inner][\/vc_row_inner][vc_separator css=\u00bb\u00bb][vc_row_inner][vc_column_inner width=\u00bb5\/6&#8243;][\/vc_column_inner][vc_column_inner width=\u00bb1\/6&#8243;][vc_icon icon_fontawesome=\u00bbfas fa-arrow-right\u00bb color=\u00bbwhite\u00bb background_style=\u00bbrounded\u00bb background_color=\u00bbsandy_brown\u00bb size=\u00bbsm\u00bb css=\u00bb\u00bb link=\u00bburl:https%3A%2F%2Fportvellbcn.cat%2Fwp-content%2Fuploads%2F2024%2F11%2F241118_6a_edicio_nadal_al_port_es.pdf|target:_blank\u00bb][\/vc_column_inner][\/vc_row_inner][vc_separator css=\u00bb\u00bb][vc_row_inner][vc_column_inner width=\u00bb5\/6&#8243;][\/vc_column_inner][vc_column_inner width=\u00bb1\/6&#8243;][vc_icon icon_fontawesome=\u00bbfas fa-arrow-right\u00bb color=\u00bbwhite\u00bb background_style=\u00bbrounded\u00bb background_color=\u00bbsandy_brown\u00bb size=\u00bbsm\u00bb css=\u00bb\u00bb link=\u00bburl:https%3A%2F%2Fportvellbcn.cat%2Fwp-content%2Fuploads%2F2024%2F09%2F240904_encesa_llums_palaudemar_es.pdf|target:_blank\u00bb][\/vc_column_inner][\/vc_row_inner][vc_separator css=\u00bb\u00bb][vc_row_inner][vc_column_inner width=\u00bb5\/6&#8243;][\/vc_column_inner][vc_column_inner width=\u00bb1\/6&#8243;][vc_icon icon_fontawesome=\u00bbfas fa-arrow-right\u00bb color=\u00bbwhite\u00bb background_style=\u00bbrounded\u00bb background_color=\u00bbsandy_brown\u00bb size=\u00bbsm\u00bb css=\u00bb\u00bb link=\u00bburl:https%3A%2F%2Fportvellbcn.cat%2Fwp-content%2Fuploads%2F2024%2F11%2F240926_25_aniversari_wtc_es.pdf|target:_blank\u00bb][\/vc_column_inner][\/vc_row_inner][vc_separator css=\u00bb\u00bb][vc_row_inner][vc_column_inner width=\u00bb5\/6&#8243;][\/vc_column_inner][vc_column_inner width=\u00bb1\/6&#8243;][vc_icon icon_fontawesome=\u00bbfas fa-arrow-right\u00bb color=\u00bbwhite\u00bb background_style=\u00bbrounded\u00bb background_color=\u00bbsandy_brown\u00bb size=\u00bbsm\u00bb css=\u00bb\u00bb link=\u00bburl:https%3A%2F%2Fportvellbcn.cat%2Fwp-content%2Fuploads%2F2024%2F11%2F240913_stage_ac_race_village_es.pdf|target:_blank\u00bb][\/vc_column_inner][\/vc_row_inner][vc_separator css=\u00bb\u00bb][vc_row_inner][vc_column_inner width=\u00bb5\/6&#8243;][\/vc_column_inner][vc_column_inner width=\u00bb1\/6&#8243;][vc_icon icon_fontawesome=\u00bbfas fa-arrow-right\u00bb color=\u00bbwhite\u00bb background_style=\u00bbrounded\u00bb background_color=\u00bbsandy_brown\u00bb size=\u00bbsm\u00bb css=\u00bb\u00bb link=\u00bburl:https%3A%2F%2Fportvellbcn.cat%2Fwp-content%2Fuploads%2F2024%2F09%2F240904_encesa_llums_palaudemar_es.pdf|target:_blank\u00bb][\/vc_column_inner][\/vc_row_inner][vc_separator css=\u00bb\u00bb][vc_row_inner][vc_column_inner width=\u00bb5\/6&#8243;][\/vc_column_inner][vc_column_inner width=\u00bb1\/6&#8243;][vc_icon icon_fontawesome=\u00bbfas fa-arrow-right\u00bb color=\u00bbwhite\u00bb background_style=\u00bbrounded\u00bb background_color=\u00bbsandy_brown\u00bb size=\u00bbsm\u00bb css=\u00bb\u00bb link=\u00bburl:https%3A%2F%2Fportvellbcn.cat%2Fwp-content%2Fuploads%2F2024%2F09%2F240805_bastides_portal_pau_es-1.pdf|target:_blank\u00bb][\/vc_column_inner][\/vc_row_inner][vc_separator css=\u00bb\u00bb][vc_row_inner][vc_column_inner width=\u00bb5\/6&#8243;][\/vc_column_inner][vc_column_inner width=\u00bb1\/6&#8243;][vc_icon icon_fontawesome=\u00bbfas fa-arrow-right\u00bb color=\u00bbwhite\u00bb background_style=\u00bbrounded\u00bb background_color=\u00bbsandy_brown\u00bb size=\u00bbsm\u00bb css=\u00bb\u00bb link=\u00bburl:https%3A%2F%2Fportvellbcn.cat%2Fwp-content%2Fuploads%2F2024%2F09%2F240802_bcn_sotamar_es.pdf|target:_blank\u00bb][\/vc_column_inner][\/vc_row_inner][vc_separator css=\u00bb\u00bb][vc_row_inner][vc_column_inner width=\u00bb5\/6&#8243;][\/vc_column_inner][vc_column_inner width=\u00bb1\/6&#8243;][vc_icon icon_fontawesome=\u00bbfas fa-arrow-right\u00bb color=\u00bbwhite\u00bb background_style=\u00bbrounded\u00bb background_color=\u00bbsandy_brown\u00bb size=\u00bbsm\u00bb css=\u00bb\u00bb link=\u00bburl:https%3A%2F%2Fportvellbcn.cat%2Fwp-content%2Fuploads%2F2024%2F09%2F240725_obertura_moll_drassanes_es.pdf|target:_blank\u00bb][\/vc_column_inner][\/vc_row_inner][vc_separator css=\u00bb\u00bb][vc_row_inner][vc_column_inner width=\u00bb5\/6&#8243;][\/vc_column_inner][vc_column_inner width=\u00bb1\/6&#8243;][vc_icon icon_fontawesome=\u00bbfas fa-arrow-right\u00bb color=\u00bbwhite\u00bb background_style=\u00bbrounded\u00bb background_color=\u00bbsandy_brown\u00bb size=\u00bbsm\u00bb css=\u00bb\u00bb link=\u00bburl:https%3A%2F%2Fportvellbcn.cat%2Fwp-content%2Fuploads%2F2024%2F09%2F240724_la_mar_dactivitats_es.pdf|target:_blank\u00bb][\/vc_column_inner][\/vc_row_inner][vc_separator css=\u00bb\u00bb][vc_row_inner][vc_column_inner width=\u00bb5\/6&#8243;][\/vc_column_inner][vc_column_inner width=\u00bb1\/6&#8243;][vc_icon icon_fontawesome=\u00bbfas fa-arrow-right\u00bb color=\u00bbwhite\u00bb background_style=\u00bbrounded\u00bb background_color=\u00bbsandy_brown\u00bb size=\u00bbsm\u00bb css=\u00bb\u00bb link=\u00bburl:https%3A%2F%2Fportvellbcn.cat%2Fwp-content%2Fuploads%2F2024%2F09%2F240703_inauguracio_bus_nautic_es.pdf|target:_blank\u00bb][\/vc_column_inner][\/vc_row_inner][vc_separator css=\u00bb\u00bb][vc_row_inner][vc_column_inner width=\u00bb5\/6&#8243;][\/vc_column_inner][vc_column_inner width=\u00bb1\/6&#8243;][vc_icon icon_fontawesome=\u00bbfas fa-arrow-right\u00bb color=\u00bbwhite\u00bb background_style=\u00bbrounded\u00bb background_color=\u00bbsandy_brown\u00bb size=\u00bbsm\u00bb css=\u00bb\u00bb link=\u00bburl:https%3A%2F%2Fportvellbcn.cat%2Fwp-content%2Fuploads%2F2024%2F09%2F240604_encuentro_rete_2024_es.pdf|target:_blank\u00bb][\/vc_column_inner][\/vc_row_inner][vc_separator css=\u00bb\u00bb][vc_row_inner][vc_column_inner width=\u00bb5\/6&#8243;][\/vc_column_inner][vc_column_inner width=\u00bb1\/6&#8243;][vc_icon icon_fontawesome=\u00bbfas fa-arrow-right\u00bb color=\u00bbwhite\u00bb background_style=\u00bbrounded\u00bb background_color=\u00bbsandy_brown\u00bb size=\u00bbsm\u00bb css=\u00bb\u00bb link=\u00bburl:https%3A%2F%2Fportvellbcn.cat%2Fwp-content%2Fuploads%2F2024%2F09%2F240523_esgotades_entrades_jornades_de_portes_obertes_es.pdf|target:_blank\u00bb][\/vc_column_inner][\/vc_row_inner][vc_separator css=\u00bb\u00bb][vc_row_inner][vc_column_inner width=\u00bb5\/6&#8243;][\/vc_column_inner][vc_column_inner width=\u00bb1\/6&#8243;][vc_icon icon_fontawesome=\u00bbfas fa-arrow-right\u00bb color=\u00bbwhite\u00bb background_style=\u00bbrounded\u00bb background_color=\u00bbsandy_brown\u00bb size=\u00bbsm\u00bb css=\u00bb\u00bb link=\u00bburl:https%3A%2F%2Fportvellbcn.cat%2Fwp-content%2Fuploads%2F2024%2F09%2F240531_nova_llotja_pescadors-1.pdf|target:_blank\u00bb][\/vc_column_inner][\/vc_row_inner][vc_separator css=\u00bb\u00bb][vc_row_inner][vc_column_inner width=\u00bb5\/6&#8243;][\/vc_column_inner][vc_column_inner width=\u00bb1\/6&#8243;][vc_icon icon_fontawesome=\u00bbfas fa-arrow-right\u00bb color=\u00bbwhite\u00bb background_style=\u00bbrounded\u00bb background_color=\u00bbsandy_brown\u00bb size=\u00bbsm\u00bb css=\u00bb\u00bb link=\u00bburl:https%3A%2F%2Fportvellbcn.cat%2Fwp-content%2Fuploads%2F2024%2F09%2F240527_exit_jornades_de_portes_obertes_es.pdf|target:_blank\u00bb][\/vc_column_inner][\/vc_row_inner][vc_separator css=\u00bb\u00bb][vc_row_inner][vc_column_inner width=\u00bb5\/6&#8243;][\/vc_column_inner][vc_column_inner width=\u00bb1\/6&#8243;][vc_icon icon_fontawesome=\u00bbfas fa-arrow-right\u00bb color=\u00bbwhite\u00bb background_style=\u00bbrounded\u00bb background_color=\u00bbsandy_brown\u00bb size=\u00bbsm\u00bb css=\u00bb\u00bb link=\u00bburl:https%3A%2F%2Fportvellbcn.cat%2Fwp-content%2Fuploads%2F2024%2F06%2F240522_presentacio_bluetechport_sant_bertran.pdf|target:_blank\u00bb][\/vc_column_inner][\/vc_row_inner][vc_separator css=\u00bb\u00bb][vc_row_inner][vc_column_inner width=\u00bb5\/6&#8243;][\/vc_column_inner][vc_column_inner width=\u00bb1\/6&#8243;][vc_icon icon_fontawesome=\u00bbfas [&hellip;]<\/p>\n","protected":false},"author":1,"featured_media":0,"parent":0,"menu_order":0,"comment_status":"closed","ping_status":"closed","template":"","meta":{"_acf_changed":false,"footnotes":""},"class_list":["post-18557","page","type-page","status-publish","hentry"],"acf":[],"_links":{"self":[{"href":"https:\/\/portvellbcn.cat\/es\/wp-json\/wp\/v2\/pages\/18557","targetHints":{"allow":["GET"]}}],"collection":[{"href":"https:\/\/portvellbcn.cat\/es\/wp-json\/wp\/v2\/pages"}],"about":[{"href":"https:\/\/portvellbcn.cat\/es\/wp-json\/wp\/v2\/types\/page"}],"author":[{"embeddable":true,"href":"https:\/\/portvellbcn.cat\/es\/wp-json\/wp\/v2\/users\/1"}],"replies":[{"embeddable":true,"href":"https:\/\/portvellbcn.cat\/es\/wp-json\/wp\/v2\/comments?post=18557"}],"version-history":[{"count":0,"href":"https:\/\/portvellbcn.cat\/es\/wp-json\/wp\/v2\/pages\/18557\/revisions"}],"wp:attachment":[{"href":"https:\/\/portvellbcn.cat\/es\/wp-json\/wp\/v2\/media?parent=18557"}],"curies":[{"name":"wp","href":"https:\/\/api.w.org\/{rel}","templated":true}]}}