{"id":18484,"date":"2024-06-27T13:54:08","date_gmt":"2024-06-27T11:54:08","guid":{"rendered":"https:\/\/portvellbcn.cat\/esdeveniments-i-rodatges\/"},"modified":"2024-10-16T16:53:22","modified_gmt":"2024-10-16T14:53:22","slug":"esdeveniments-i-rodatges","status":"publish","type":"page","link":"https:\/\/portvellbcn.cat\/es\/esdeveniments-i-rodatges\/","title":{"rendered":"Eventos y rodajes"},"content":{"rendered":"<div class=\"wpb-content-wrapper\"><p>[vc_row type=\u00bbfull_width_section\u00bb top_padding=\u00bb100&#8243; bottom_padding=\u00bb130&#8243; class=\u00bbpocoPadding\u00bb full_width=\u00bbstretch_row\u00bb css=\u00bb.vc_custom_1615275997084{padding-top: 60px !important;padding-bottom: 60px !important;}\u00bb][vc_column el_class=\u00bbfuera\u00bb width=\u00bb1\/6&#8243;][\/vc_column][vc_column width=\u00bb2\/3&#8243;][vc_column_text]<\/p>\n<p style=\"text-align: center; letter-spacing: 4px;\"><span style=\"color: #999999; font-size: 14px; letter-spacing: 4px;\">EVENTOS Y RODAJES<\/span><\/p>\n<p>[\/vc_column_text][vc_column_text]<\/p>\n<p style=\"text-align: center;\"><span class=\"s1\" style=\"font-size: 60px; color: #333333;\"><span style=\"font-family: 'Poppins', sans-serif; font-weight: 300; letter-spacing: 1px;\"><span style=\"line-height: 1.2em; display: inline-block; width: 100%;\"><span style=\"font-family: 'Poppins', sans-serif; font-weight: 400;\"><span style=\"font-family: 'Poppins', sans-serif; font-weight: 500;\"><span class=\"titulofuente\" style=\"font-family: 'Playfair Display', sans-serif; font-weight: 400;\">Eventos y rodajes<\/span><\/span><\/span><\/span><\/span><\/span><\/p>\n<p>[\/vc_column_text][vc_zigzag color=\u00bbsandy_brown\u00bb el_width=\u00bb10&#8243;][\/vc_column][vc_column el_class=\u00bbfuera\u00bb width=\u00bb1\/6&#8243;][\/vc_column][\/vc_row][vc_row type=\u00bbfull_width_section\u00bb bg_color=\u00bb#eaeaea\u00bb full_width=\u00bbstretch_row_content\u00bb columns_placement=\u00bbstretch\u00bb equal_height=\u00bbyes\u00bb css=\u00bb.vc_custom_1595315379961{padding-top: -10px !important;background-color: #f7f7f7 !important;}\u00bb][vc_column column_padding=\u00bbpadding-10&#8243; text_align=\u00bbcenter\u00bb css_animation=\u00bbfadeInLeft\u00bb css=\u00bb.vc_custom_1609833150258{margin-right: 10% !important;margin-left: 10% !important;padding-top: 90px !important;padding-bottom: 90px !important;}\u00bb offset=\u00bbvc_col-lg-6 vc_col-md-6&#8243; width=\u00bb1\/2&#8243;]<div class=\"iconbox  wpb_content_element iconbox-style-3 icon-color-accent color-dark\"><i class=\"fa fa-camera boxicon\" style=\"\"><\/i><h3><\/h3><p>\n<p style=\"text-align: center;\"><span class=\"responsive\" style=\"font-size: 60px; color: #333333;\"><span style=\"font-family: 'Poppins', sans-serif; font-weight: 300; letter-spacing: 1px;\"><span style=\"line-height: 1.2em; display: inline-block; width: 100%;\"><span style=\"font-family: 'Poppins', sans-serif; font-weight: 400;\"><span style=\"font-family: 'Poppins', sans-serif; font-weight: 500;\"><span style=\"font-family: 'Playfair Display', sans-serif; font-weight: 400;\">Eventos<br \/>\ny actividades<\/span><\/span><\/span><\/span><\/span><\/span><\/p>\n<\/p><\/div>[vc_column_text]<\/p>\n<h3 style=\"text-align: justify;\"><strong>El Port Vell ofrece una amplia diversidad de espacios donde hacer realidad vuestros eventos memorables. <\/strong><\/h3>\n<p style=\"text-align: justify;\">Estos espacios, que cuentan con una gran experiencia en acoger eventos de todo tipo, ofrecen una conexi\u00f3n y visibilidad \u00fanicas con la ciudadan\u00eda, en un entorno natural y con muchas posibilidades para dotar vuestra idea de valor a\u00f1adido<\/p>\n<p>[\/vc_column_text]<a href=\"https:\/\/portvellbcn.cat\/es\/formulario-de-reserva-de-espacio\/\" target=\"_self\" class=\"button orange medium \" style=\"border-radius: 20px;\">Rellena el formulario F02<\/a><a href=\"https:\/\/portvellbcn.cat\/es\/alquiler-de-espacios\/\" target=\"_self\" class=\"button orange medium \" style=\"border-radius: 20px;\">Ver los espacios a alquilar<\/a>[\/vc_column][vc_column bg_image=\u00bb17404&#8243; column_center=\u00bbtrue\u00bb css_animation=\u00bbfadeInRight\u00bb css=\u00bb.vc_custom_1614941153493{padding-top: 200px !important;padding-bottom: 200px !important;background-image: url(https:\/\/portvellbcn.cat\/wp-content\/uploads\/2020\/11\/Barceloneta.png?id=7012) !important;background-position: center !important;background-repeat: no-repeat !important;background-size: cover !important;}\u00bb offset=\u00bbvc_col-lg-6 vc_col-md-6&#8243; width=\u00bb1\/2&#8243;]<div class=\"spacer\" style=\"height: 620px;\"><\/div>[\/vc_column][\/vc_row][vc_row type=\u00bbfull_width_section\u00bb bg_color=\u00bb#eaeaea\u00bb full_width=\u00bbstretch_row_content\u00bb columns_placement=\u00bbstretch\u00bb equal_height=\u00bbyes\u00bb css=\u00bb.vc_custom_1603962042819{margin-top: 0px !important;background-color: #f7f7f7 !important;}\u00bb][vc_column bg_image=\u00bb17330&#8243; column_center=\u00bbtrue\u00bb css_animation=\u00bbfadeInLeft\u00bb css=\u00bb.vc_custom_1614944122957{padding-top: 200px !important;padding-bottom: 200px !important;background-image: url(https:\/\/portvellbcn.cat\/wp-content\/uploads\/2019\/10\/Foto_Historia_compartida_2_editada.jpg?id=7726) !important;background-position: center !important;background-repeat: no-repeat !important;background-size: cover !important;}\u00bb offset=\u00bbvc_col-lg-6 vc_col-md-6&#8243; width=\u00bb1\/2&#8243;]<div class=\"spacer\" style=\"height: 620px;\"><\/div>[\/vc_column][vc_column column_padding=\u00bbpadding-10&#8243; text_align=\u00bbcenter\u00bb css_animation=\u00bbfadeInRight\u00bb css=\u00bb.vc_custom_1609833166617{padding-top: 90px !important;padding-bottom: 90px !important;background-position: center !important;background-repeat: no-repeat !important;background-size: cover !important;}\u00bb offset=\u00bbvc_col-lg-6 vc_col-md-6&#8243; width=\u00bb1\/2&#8243;]<div class=\"iconbox  wpb_content_element iconbox-style-3 icon-color-accent color-dark\"><i class=\"fa fa-bank boxicon\" style=\"\"><\/i><h3><\/h3><p>\n<p style=\"text-align: center;\"><span class=\"responsive\" style=\"font-size: 60px; color: #333333;\"><span style=\"font-family: 'Poppins', sans-serif; font-weight: 300; letter-spacing: 1px;\"><span style=\"line-height: 1.2em; display: inline-block; width: 100%;\"><span style=\"font-family: 'Poppins', sans-serif; font-weight: 400;\"><span style=\"font-family: 'Poppins', sans-serif; font-weight: 500;\"><span style=\"font-family: 'Playfair Display', sans-serif; font-weight: 400;\">Rodajes y sesiones fotogr\u00e1ficas<\/span><\/span><\/span><\/span><\/span><\/span><\/p>\n<\/p><\/div>[vc_column_text]<\/p>\n<h3 style=\"text-align: justify;\"><strong>El Port Vell ha sido y es un plat\u00f3 inmejorable de Barcelona.<\/strong><\/h3>\n<p style=\"text-align: justify;\">Tanto los rodajes publicitarios como los largometrajes encuentran espacios \u00fanicos y f\u00e1ciles para trabajar. Pel\u00edculas de gran renombre como \u00abVicky Cristina Barcelona\u00bb, \u00abBarcelona Ciudad Neutral\u00bb, \u00abEl Perfume\u00bb, las \u00abCheetah Girls\u00bb, \u00abThe Gunman\u00bb erc&#8230; o sesiones publicitarias de ropa, autom\u00f3biles etc&#8230; son ejemplos de la gran proyecci\u00f3n que aporta el Port Vell.<\/p>\n<p>[\/vc_column_text]<a href=\"https:\/\/portvellbcn.cat\/es\/formulario-de-reserva-de-espacio\/\" target=\"_self\" class=\"button orange medium \" style=\"border-radius: 20px;\">Rellena el formulari F01<\/a>[\/vc_column][\/vc_row][vc_row type=\u00bbfull_width_section\u00bb][vc_column width=\u00bb1\/1&#8243;][vc_empty_space height=\u00bb60px\u00bb]\n\t\t<div class=\"portfolio-element\">\n\n\t\t\n\t\t\n\t\t\t\t\t<div id=\"2092495424\" class=\"portfolio-items portfolio-nomargin portfolio-overlay-name clearfix\" data-id=\"2092495424\">  \n\t\t\t\t\t\t\n\t\t\t\t\t\t\t\n\t\t\t\t\t\t\t\n\t\t\t\t\t\t\n\t\t\t\t\t\t\t\t\t\t\t\t\t\t\t\t\n\t\t\t\t\t\t\t\t   \n\n\t\t\t\t\t\t\t\t<div class=\"term-esdeveniments-i-rodatges-es portfolio-item nomargin\">\n\t\t\t\t\t\t\t\t\t<div class=\"portfolio-image\"><a href=\"https:\/\/portvellbcn.cat\/es\/portfolio-item\/tramits-i-documentacio\/\" title=\"Tr\u00e1mites y documentaci\u00f3n\"><div class=\"portfolio-image-img\"><img decoding=\"async\" src=\"https:\/\/portvellbcn.cat\/wp-content\/uploads\/2019\/04\/formacion_01.jpg\" alt=\"Tr\u00e1mites y documentaci\u00f3n\" \/><\/div><div class=\"portfolio-overlay overlay-name\"><span>Tr\u00e1mites y documentaci\u00f3n<\/span><i class=\"icon-minti-plus\"><\/i><\/div><\/a><\/div>\n\t\t\t\t\t\t\t\t<\/div>\n\n\t\t\t\t\t\t\t\t\t\t\t\t  \n\t\t\t\t\t\t\n\t\t\t\t\t\t\t\n\t\t\t\t\t\t\t\n\t\t\t\t\t\t\n\t\t\t\t\t\t\t\t\t\t\t\t\t\t\t\t\n\t\t\t\t\t\t\t\t   \n\n\t\t\t\t\t\t\t\t<div class=\"term-esdeveniments-i-rodatges-es portfolio-item nomargin\">\n\t\t\t\t\t\t\t\t\t<div class=\"portfolio-image\"><a href=\"https:\/\/portvellbcn.cat\/es\/portfolio-item\/activitats-al-port-vell\/\" title=\"Actividades del Port Vell\"><div class=\"portfolio-image-img\"><img decoding=\"async\" src=\"https:\/\/portvellbcn.cat\/wp-content\/uploads\/2021\/01\/ssmm_orient.jpg\" alt=\"Actividades del Port Vell\" \/><\/div><div class=\"portfolio-overlay overlay-name\"><span>Actividades del Port Vell<\/span><i class=\"icon-minti-plus\"><\/i><\/div><\/a><\/div>\n\t\t\t\t\t\t\t\t<\/div>\n\n\t\t\t\t\t\t\t\t\t\t\t\t  \n\t\t\t\t\t\t\n\t\t\t\t\t\t\t\n\t\t\t\t\t\t\t\n\t\t\t\t\t\t\n\t\t\t\t\t\t\t\t\t\t\t\t\t\t\t\t\n\t\t\t\t\t\t\t\t   \n\n\t\t\t\t\t\t\t\t<div class=\"term-esdeveniments-i-rodatges-es portfolio-item nomargin\">\n\t\t\t\t\t\t\t\t\t<div class=\"portfolio-image\"><a href=\"https:\/\/portvellbcn.cat\/es\/portfolio-item\/alquiler-de-espacios-2\/\" title=\"Alquiler de espacios\"><div class=\"portfolio-image-img\"><img decoding=\"async\" src=\"https:\/\/portvellbcn.cat\/wp-content\/uploads\/2023\/07\/Espai_NovaBocaiRosa_030-600x400.jpg\" alt=\"Alquiler de espacios\" \/><\/div><div class=\"portfolio-overlay overlay-name\"><span>Alquiler de espacios<\/span><i class=\"icon-minti-plus\"><\/i><\/div><\/a><\/div>\n\t\t\t\t\t\t\t\t<\/div>\n\n\t\t\t\t\t\t\t\t\t\t\t\t  \n\t\t\t\t\t\t\t\t\t\t\t<\/div>\n\n\t\t\n\t\t<\/div>\n\t\t\t\n\t\t\t\t\n\t\t[\/vc_column][\/vc_row]<\/p>\n<\/div>","protected":false},"excerpt":{"rendered":"<p>[vc_row type=\u00bbfull_width_section\u00bb top_padding=\u00bb100&#8243; bottom_padding=\u00bb130&#8243; class=\u00bbpocoPadding\u00bb full_width=\u00bbstretch_row\u00bb css=\u00bb.vc_custom_1615275997084{padding-top: 60px !important;padding-bottom: 60px !important;}\u00bb][vc_column el_class=\u00bbfuera\u00bb width=\u00bb1\/6&#8243;][\/vc_column][vc_column width=\u00bb2\/3&#8243;][vc_column_text] EVENTOS Y RODAJES [\/vc_column_text][vc_column_text] Eventos y rodajes [\/vc_column_text][vc_zigzag color=\u00bbsandy_brown\u00bb el_width=\u00bb10&#8243;][\/vc_column][vc_column el_class=\u00bbfuera\u00bb width=\u00bb1\/6&#8243;][\/vc_column][\/vc_row][vc_row type=\u00bbfull_width_section\u00bb bg_color=\u00bb#eaeaea\u00bb full_width=\u00bbstretch_row_content\u00bb columns_placement=\u00bbstretch\u00bb equal_height=\u00bbyes\u00bb css=\u00bb.vc_custom_1595315379961{padding-top: -10px !important;background-color: #f7f7f7 !important;}\u00bb][vc_column column_padding=\u00bbpadding-10&#8243; text_align=\u00bbcenter\u00bb css_animation=\u00bbfadeInLeft\u00bb css=\u00bb.vc_custom_1609833150258{margin-right: 10% !important;margin-left: 10% !important;padding-top: 90px !important;padding-bottom: 90px !important;}\u00bb offset=\u00bbvc_col-lg-6 vc_col-md-6&#8243; width=\u00bb1\/2&#8243;][vc_column_text] El Port Vell ofrece una amplia diversidad de espacios donde hacer realidad vuestros eventos memorables. Estos espacios, que cuentan con una gran experiencia en acoger eventos de todo tipo, ofrecen una conexi\u00f3n y visibilidad \u00fanicas con la ciudadan\u00eda, en un entorno natural y con muchas posibilidades para dotar vuestra idea de valor a\u00f1adido [\/vc_column_text][\/vc_column][vc_column bg_image=\u00bb17404&#8243; column_center=\u00bbtrue\u00bb css_animation=\u00bbfadeInRight\u00bb css=\u00bb.vc_custom_1614941153493{padding-top: 200px !important;padding-bottom: 200px !important;background-image: url(https:\/\/portvellbcn.cat\/wp-content\/uploads\/2020\/11\/Barceloneta.png?id=7012) !important;background-position: center !important;background-repeat: no-repeat !important;background-size: cover !important;}\u00bb offset=\u00bbvc_col-lg-6 vc_col-md-6&#8243; width=\u00bb1\/2&#8243;][\/vc_column][\/vc_row][vc_row type=\u00bbfull_width_section\u00bb bg_color=\u00bb#eaeaea\u00bb full_width=\u00bbstretch_row_content\u00bb columns_placement=\u00bbstretch\u00bb equal_height=\u00bbyes\u00bb css=\u00bb.vc_custom_1603962042819{margin-top: 0px !important;background-color: #f7f7f7 !important;}\u00bb][vc_column bg_image=\u00bb17330&#8243; column_center=\u00bbtrue\u00bb css_animation=\u00bbfadeInLeft\u00bb css=\u00bb.vc_custom_1614944122957{padding-top: 200px !important;padding-bottom: 200px !important;background-image: url(https:\/\/portvellbcn.cat\/wp-content\/uploads\/2019\/10\/Foto_Historia_compartida_2_editada.jpg?id=7726) !important;background-position: center !important;background-repeat: no-repeat !important;background-size: cover !important;}\u00bb offset=\u00bbvc_col-lg-6 vc_col-md-6&#8243; width=\u00bb1\/2&#8243;][\/vc_column][vc_column column_padding=\u00bbpadding-10&#8243; text_align=\u00bbcenter\u00bb css_animation=\u00bbfadeInRight\u00bb css=\u00bb.vc_custom_1609833166617{padding-top: 90px !important;padding-bottom: 90px !important;background-position: center !important;background-repeat: no-repeat !important;background-size: cover !important;}\u00bb offset=\u00bbvc_col-lg-6 vc_col-md-6&#8243; width=\u00bb1\/2&#8243;][vc_column_text] El Port Vell ha sido y es un plat\u00f3 inmejorable de Barcelona. Tanto los rodajes publicitarios como los largometrajes encuentran espacios \u00fanicos y f\u00e1ciles para trabajar. Pel\u00edculas de gran renombre [&hellip;]<\/p>\n","protected":false},"author":1,"featured_media":0,"parent":0,"menu_order":0,"comment_status":"closed","ping_status":"closed","template":"","meta":{"_acf_changed":false,"footnotes":""},"class_list":["post-18484","page","type-page","status-publish","hentry"],"acf":[],"_links":{"self":[{"href":"https:\/\/portvellbcn.cat\/es\/wp-json\/wp\/v2\/pages\/18484","targetHints":{"allow":["GET"]}}],"collection":[{"href":"https:\/\/portvellbcn.cat\/es\/wp-json\/wp\/v2\/pages"}],"about":[{"href":"https:\/\/portvellbcn.cat\/es\/wp-json\/wp\/v2\/types\/page"}],"author":[{"embeddable":true,"href":"https:\/\/portvellbcn.cat\/es\/wp-json\/wp\/v2\/users\/1"}],"replies":[{"embeddable":true,"href":"https:\/\/portvellbcn.cat\/es\/wp-json\/wp\/v2\/comments?post=18484"}],"version-history":[{"count":0,"href":"https:\/\/portvellbcn.cat\/es\/wp-json\/wp\/v2\/pages\/18484\/revisions"}],"wp:attachment":[{"href":"https:\/\/portvellbcn.cat\/es\/wp-json\/wp\/v2\/media?parent=18484"}],"curies":[{"name":"wp","href":"https:\/\/api.w.org\/{rel}","templated":true}]}}