{"id":14600,"date":"2023-07-27T13:44:07","date_gmt":"2023-07-27T11:44:07","guid":{"rendered":"https:\/\/portvellbcn.cat\/torre-de-jaume-i\/"},"modified":"2023-07-28T08:58:16","modified_gmt":"2023-07-28T06:58:16","slug":"torre-de-jaume-i","status":"publish","type":"page","link":"https:\/\/portvellbcn.cat\/es\/torre-de-jaume-i\/","title":{"rendered":"Torre de Jaume I"},"content":{"rendered":"<div class=\"wpb-content-wrapper\"><p>[vc_row type=\u00bbfull_width_section\u00bb top_padding=\u00bb100&#8243; bottom_padding=\u00bb100&#8243;][vc_column width=\u00bb1\/4&#8243;][\/vc_column][vc_column width=\u00bb2\/4&#8243;][vc_column_text css_animation=\u00bbfadeInUp\u00bb css=\u00bb.vc_custom_1583940689502{margin-bottom: 15px !important;}\u00bb]<\/p>\n<p style=\"text-align: center; letter-spacing: 4px;\"><span style=\"color: #999999; font-size: 14px; letter-spacing: 4px;\">ESPACIO P\u00daBLICO<\/span><\/p>\n<p>&nbsp;[\/vc_column_text][vc_column_text css_animation=\u00bbfadeInUp\u00bb]<\/p>\n<p style=\"text-align: center;\"><span class=\"s1\" style=\"font-size: 60px; color: #333333;\"><span style=\"font-family: 'Poppins', sans-serif; font-weight: 300; letter-spacing: 1px;\"><span style=\"line-height: 1.2em; display: inline-block; width: 100%;\"><span style=\"font-family: 'Poppins', sans-serif; font-weight: 400;\"><span style=\"font-family: 'Poppins', sans-serif; font-weight: 500;\"><span class=\"titulofuente\" style=\"font-family: 'Playfair Display', sans-serif; font-weight: 400;\">Torre de Jaume I<\/span><\/span><\/span><\/span><\/span><\/span><\/p>\n<p>&nbsp;[\/vc_column_text][vc_zigzag color=\u00bbsandy_brown\u00bb el_width=\u00bb10&#8243;][\/vc_column][vc_column width=\u00bb1\/4&#8243;][\/vc_column][\/vc_row][vc_row type=\u00bbfull_width_section\u00bb bottom_padding=\u00bb50&#8243; full_width=\u00bbstretch_row_content_no_spaces\u00bb el_class=\u00bb.vc-col-xs-margin-top-0&#8243; css=\u00bb.vc_custom_1608638457077{margin-bottom: 40px !important;}\u00bb][vc_column bg_image=\u00bb5445&#8243; css_animation=\u00bbfadeInLeft\u00bb css=\u00bb.vc_custom_1563806848334{padding-top: 400px !important;padding-right: 0px !important;padding-bottom: 300px !important;padding-left: 0px !important;background-image: url(https:\/\/portvellbcn.cat\/wp-content\/uploads\/2019\/06\/torre-de-jaume.jpg?id=5445) !important;background-position: center !important;background-repeat: no-repeat !important;background-size: cover !important;}\u00bb]<div class=\"spacer\" style=\"height: 750px;\"><\/div>[\/vc_column][\/vc_row][vc_row equal_height=\u00bbyes\u00bb css=\u00bb.vc_custom_1608638521917{margin-top: 40px !important;margin-bottom: 50px !important;}\u00bb][vc_column el_class=\u00bbtituloexplora\u00bb css_animation=\u00bbfadeInLeft\u00bb width=\u00bb1\/2&#8243;][vc_raw_html]PGh0bWw+DQo8aGVhZD4NCjxzY3JpcHQgc3JjPSJqcXVlcnktMi4xLjQuanMiPjwvc2NyaXB0Pg0KPGxpbmsgcmVsPSJzdHlsZXNoZWV0IiB0eXBlPSJ0ZXh0L2NzcyIgaHJlZj0ic3R5bGVzLmNzcyI+DQo8c3R5bGU+DQogICAgICAjbWFwIHsNCiAgICAgICAgaGVpZ2h0OiAzNTBweDsNCiAgICAgICAgb3ZlcmZsb3ctYW5jaG9yOm5vbmU7DQogICAgICB9DQo8L3N0eWxlPg0KPC9oZWFkPg0KPGJvZHk+DQo8YnIvPg0KPGJyLz4NCjxkaXYgaWQ9IndyYXBwZXIiPg0KPGRpdiBpZD0ibWFwIj48L2Rpdj4NCiAgICA8c2NyaXB0Pg0KICAgICAgdmFyIG1hcDsNCiAgICAgIGZ1bmN0aW9uIGluaXRNYXAoKSB7DQogICAgICAgIG1hcCA9IG5ldyBnb29nbGUubWFwcy5NYXAoZG9jdW1lbnQuZ2V0RWxlbWVudEJ5SWQoJ21hcCcpLCB7DQogICAgICAgICAgY2VudGVyOiB7bGF0OjQxLjM3MjAyNSwgbG5nOiAyLjE4MDI4N30sDQogICAgICAgICAgem9vbTogMTYsDQoJCSAgc3R5bGVzOlsNCiAgew0KICAgICJmZWF0dXJlVHlwZSI6ICJsYW5kc2NhcGUubWFuX21hZGUiLA0KICAgICJlbGVtZW50VHlwZSI6ICJnZW9tZXRyeS5maWxsIiwNCiAgICAic3R5bGVycyI6IFsNCiAgICAgIHsNCiAgICAgICAgImNvbG9yIjogIiM2OTgyYWIiDQogICAgICB9DQogICAgXQ0KICB9LA0KICB7DQogICAgImZlYXR1cmVUeXBlIjogImxhbmRzY2FwZS5uYXR1cmFsIiwNCiAgICAiZWxlbWVudFR5cGUiOiAiZ2VvbWV0cnkuZmlsbCIsDQogICAgInN0eWxlcnMiOiBbDQogICAgICB7DQogICAgICAgICJjb2xvciI6ICIjNjk4MmFiIg0KICAgICAgfQ0KICAgIF0NCiAgfSwNCiAgew0KICAgICJmZWF0dXJlVHlwZSI6ICJwb2kiLA0KICAgICJlbGVtZW50VHlwZSI6ICJnZW9tZXRyeS5maWxsIiwNCiAgICAic3R5bGVycyI6IFsNCiAgICAgIHsNCiAgICAgICAgImNvbG9yIjogIiMzMzQxNWIiDQogICAgICB9DQogICAgXQ0KICB9LA0KICB7DQogICAgImZlYXR1cmVUeXBlIjogInJvYWQiLA0KICAgICJlbGVtZW50VHlwZSI6ICJnZW9tZXRyeS5maWxsIiwNCiAgICAic3R5bGVycyI6IFsNCiAgICAgIHsNCiAgICAgICAgImNvbG9yIjogIiMxZDJkM2QiDQogICAgICB9DQogICAgXQ0KICB9LA0KICB7DQogICAgImZlYXR1cmVUeXBlIjogIndhdGVyIiwNCiAgICAiZWxlbWVudFR5cGUiOiAiZ2VvbWV0cnkuZmlsbCIsDQogICAgInN0eWxlcnMiOiBbDQogICAgICB7DQogICAgICAgICJjb2xvciI6ICIjMmU3ZGMwIg0KICAgICAgfQ0KICAgIF0NCiAgfSwNCiAgew0KICAgICJmZWF0dXJlVHlwZSI6ICJhZG1pbmlzdHJhdGl2ZS5sYW5kX3BhcmNlbCIsDQogICAgImVsZW1lbnRUeXBlIjogImxhYmVscyIsDQogICAgInN0eWxlcnMiOiBbDQogICAgICB7DQogICAgICAgICJ2aXNpYmlsaXR5IjogIm9mZiINCiAgICAgIH0NCiAgICBdDQogIH0sDQogIHsNCiAgICAiZmVhdHVyZVR5cGUiOiAicG9pIiwNCiAgICAiZWxlbWVudFR5cGUiOiAibGFiZWxzLnRleHQiLA0KICAgICJzdHlsZXJzIjogWw0KICAgICAgew0KICAgICAgICAidmlzaWJpbGl0eSI6ICJvZmYiDQogICAgICB9DQogICAgXQ0KICB9LA0KICB7DQogICAgImZlYXR1cmVUeXBlIjogInBvaS5idXNpbmVzcyIsDQogICAgInN0eWxlcnMiOiBbDQogICAgICB7DQogICAgICAgICJ2aXNpYmlsaXR5IjogIm9mZiINCiAgICAgIH0NCiAgICBdDQogIH0sDQogIHsNCiAgICAiZmVhdHVyZVR5cGUiOiAicm9hZCIsDQogICAgImVsZW1lbnRUeXBlIjogImxhYmVscy5pY29uIiwNCiAgICAic3R5bGVycyI6IFsNCiAgICAgIHsNCiAgICAgICAgInZpc2liaWxpdHkiOiAib2ZmIg0KICAgICAgfQ0KICAgIF0NCiAgfSwNCiAgew0KICAgICJmZWF0dXJlVHlwZSI6ICJyb2FkLmxvY2FsIiwNCiAgICAiZWxlbWVudFR5cGUiOiAibGFiZWxzIiwNCiAgICAic3R5bGVycyI6IFsNCiAgICAgIHsNCiAgICAgICAgInZpc2liaWxpdHkiOiAib2ZmIg0KICAgICAgfQ0KICAgIF0NCiAgfSwNCiAgew0KICAgICJmZWF0dXJlVHlwZSI6ICJ0cmFuc2l0IiwNCiAgICAic3R5bGVycyI6IFsNCiAgICAgIHsNCiAgICAgICAgInZpc2liaWxpdHkiOiAib2ZmIg0KICAgICAgfQ0KICAgIF0NCiAgfQ0KXQ0KCQkgIA0KICAgICAgICB9KTsNCg0KDQoNCiAgICB2YXIgcG9zdG9ycmVqYXVtZT0ge2xhdDogNDEuMzcyMDI1LCBsbmc6IDIuMTgwMjg3fTsNCg0KICAgIHZhciB0b3JyZWphdW1lID0nPGRpdiBjbGFzcz0iaW1hZyI+PGltZyBzcmM9Imh0dHBzOi8vcG9ydHZlbGxiY24uY2F0L3dwLWNvbnRlbnQvdXBsb2Fkcy8yMDE5LzA2L3RvcnJlLWRlLWphdW1lLmpwZz9pZD01NDQ1Ii8+PC9kaXY+JysNCiAgICAJCQkJCSc8YnIvPjxkaXYgY2xhc3M9InRpdHUiPlRvcnJlIGRlIEphdW1lIEk8L2Rpdj4nKw0KICAgIAkJCQkJJzxkaXYgY2xhc3M9ImJhcnJhIj48aHI+PC9kaXY+JysNCiAgICAJCQkJCSc8ZGl2IGNsYXNzPSJ0ZXh0byI+TGEgdG9ycmUgZGUgSmF1bWUgSSDDqXMgbOKAmWVzdHJ1Y3R1cmEgY2VudHJhbCBkZWwgdHJhbnNib3JkYWRvciBhZXJpIHF1ZSB1bmVpeCBlbCBwb3J0IGFtYiBNb250anXDr2MuIDwvZGl2PicrDQogICAgCQkJCQknPGJyLz48ZGl2IGNsYXNzPSJkaXJlY2Npb24iPjxhIGhyZWY9Imh0dHBzOi8vd3d3Lmdvb2dsZS5jb20vbWFwcy9wbGFjZS9Ub3JyZStkZStKYXVtZStJKy0rVGVsZWYlQzMlQThyaWMrZGVsK1BvcnQrZGUrQmFyY2Vsb25hL0A0MS4zNzIwNjkyLDIuMTc4MDIzMSwxN3ovZGF0YT0hM20xITRiMSE0bTUhM200ITFzMHgxMmE0YTI1MjNjNWM4YzE1OjB4YTM5OGM0N2FiYjgwMjgyYSE4bTIhM2Q0MS4zNzIwNjkyITRkMi4xODAyMTE4Ij5Bdi4gTWlyYW1hciwgcy9uLDxicj4wODAzOCBCYXJjZWxvbmE8L2E+PC9kaXY+JzsNCiAgICAgICAgDQogICAgdmFyIGluZm93aW5kb3d0b3JyZWphdW1lID0gbmV3IGdvb2dsZS5tYXBzLkluZm9XaW5kb3coew0KICAgICAgICBjb250ZW50OiB0b3JyZWphdW1lDQogICAgfSk7DQoNCiAgICB2YXIgbWFya2VydG9ycmVqYXVtZSA9IG5ldyBnb29nbGUubWFwcy5NYXJrZXIoew0KICAgIAkJcG9zaXRpb246IHBvc3RvcnJlamF1bWUsDQogICAgCQlpY29uOiAnaHR0cHM6Ly9wb3J0dmVsbGJjbi5jYXQvd3AtY29udGVudC91cGxvYWRzLzIwMTkvMTAvaWNvbm9fbWFwYV9uYXJhbmphLnBuZycsDQogICAJCQltYXA6IG1hcCwNCiAgIAkJCWFuaW1hdGlvbjogZ29vZ2xlLm1hcHMuQW5pbWF0aW9uLkRST1AsDQoNCiAgCQl9KTsNCgkNCiAgICAgICANCiAgICBtYXJrZXJ0b3JyZWphdW1lLmFkZExpc3RlbmVyKCdjbGljaycsIGZ1bmN0aW9uKCkgew0KICAgIAlpbmZvd2luZG93dG9ycmVqYXVtZS5vcGVuKG1hcCwgbWFya2VydG9ycmVqYXVtZSk7DQogICAgfSk7DQoNCg0KICAgDQoNCg0KCX0NCiAgICA8L3NjcmlwdD4NCiAgICA8c2NyaXB0IHNyYz0iaHR0cHM6Ly9tYXBzLmdvb2dsZWFwaXMuY29tL21hcHMvYXBpL2pzP2tleT1BSXphU3lBVjFlU2R1b2VtcDg4S2daV3p6MTYwZ0o2RTZ2VWI0QmMmY2FsbGJhY2s9aW5pdE1hcCINCiAgICBhc3luYyBkZWZlcj48L3NjcmlwdD4NCjwvZGl2Pg0KPC9ib2R5Pg0KPC9odG1sPg==[\/vc_raw_html][\/vc_column][vc_column css_animation=\u00bbfadeInRight\u00bb width=\u00bb1\/2&#8243;]<div class=\"spacer\" style=\"height: 40px;\"><\/div>[vc_column_text]<\/p>\n<p style=\"text-align: justify;\"><span style=\"font-size: 15px;\">La torre de Jaime I es la estructura central del transbordador a\u00e9reo que une el puerto con Montjuic. Fue dise\u00f1ada por el arquitecto e ingeniero Carles Bu\u00efgas con el objetivo de enlazar los recintos de Montjuic y la Secci\u00f3n Mar\u00edtima de la Exposici\u00f3n Internacional de Barcelona de 1929<\/span><\/p>\n<p style=\"text-align: justify;\"><span style=\"font-size: 15px;\">No obstante, por dificultades financieras de la empresa que ten\u00eda que construir y explotar el telef\u00e9rico no se pudo inaugurar hasta el 1931. Con 107 metros de altura, la torre de Jaime I no se utiliza actualmente para el acceso de pasajeros, sino \u00fanicamente como torre intermedia entre la torre de San Sebasti\u00e1n en la Barceloneta y la de Montjuic. Un paseo a\u00e9reo excelente para observar la ciudad y el Puerto.<\/span><\/p>\n<p>[\/vc_column_text]<div class=\"divider divider2\" style='margin:10px 0 10px 0 !important;'><\/div>[vc_row_inner][vc_column_inner width=\u00bb1\/2&#8243;]<div class=\"iconbox  wpb_content_element iconbox-style-1 icon-color-accent color-dark animation-none\"><h3><i class=\"fa fa-globe boxicon\" style=\"\"><\/i><span>Web:<\/span><\/h3><p><span style=\"font-size: 13px;\"><a href=\"https:\/\/www.telefericodebarcelona.com\/\" target=\"_blank\" rel=\"noopener noreferrer\">\u00a0www.telefericodebarcelona.com<\/a><\/span><\/p><\/div><div class=\"iconbox  wpb_content_element iconbox-style-1 icon-color-accent color-dark animation-none\"><h3><i class=\"fa fa-phone boxicon\" style=\"\"><\/i><span>Contacto:<\/span><\/h3><p><span style=\"font-size: 13px;\">T. +34 934 304 716<\/span><\/p><\/div>[\/vc_column_inner][vc_column_inner width=\u00bb1\/2&#8243;]<div class=\"iconbox  wpb_content_element iconbox-style-1 icon-color-accent color-dark animation-none\"><h3><i class=\"fa fa-envelope boxicon\" style=\"\"><\/i><span>Mail:<\/span><\/h3><p><span style=\"font-size: 13px;\"><a href=\"mailto:tebarsa@hotmail.com\" target=\"_blank\" rel=\"noopener noreferrer\">tebarsa@hotmail.com<\/a><\/span><\/p><\/div><div class=\"iconbox  wpb_content_element iconbox-style-1 icon-color-accent color-dark animation-none\"><h3><i class=\"fa fa-map-marker-alt boxicon\" style=\"\"><\/i><span>Ubicaci\u00f3n:<\/span><\/h3><p><span style=\"font-size: 13px;\"><a href=\"https:\/\/www.google.com\/maps\/place\/Telef%C3%A9rico+de+Montju%C3%AFc\/@41.3667207,2.1662506,15.15z\/data=!4m13!1m7!3m6!1s0x12a4a2429bb9a837:0x48df525cca971ba8!2sAvinguda+Miramar,+08038+Barcelona!3b1!8m2!3d41.3689319!4d2.1646098!3m4!1s0x12a4a2684eec5aa3:0xad9fba41fbe66ad3!8m2!3d41.3687232!4d2.1634886\" target=\"_blank\" rel=\"noopener\">\u00a0Av. Miramar, s\/n,<\/a><\/span><span style=\"font-size: 13px;\"><a href=\"https:\/\/www.google.com\/maps\/place\/Telef%C3%A9rico+de+Montju%C3%AFc\/@41.3667207,2.1662506,15.15z\/data=!4m13!1m7!3m6!1s0x12a4a2429bb9a837:0x48df525cca971ba8!2sAvinguda+Miramar,+08038+Barcelona!3b1!8m2!3d41.3689319!4d2.1646098!3m4!1s0x12a4a2684eec5aa3:0xad9fba41fbe66ad3!8m2!3d41.3687232!4d2.1634886\">\u00a008038 Barcelona<\/a><\/span><\/p><\/div>[\/vc_column_inner][\/vc_row_inner][\/vc_column][\/vc_row][vc_row type=\u00bbfull_width_section\u00bb top_padding=\u00bb60&#8243;][vc_column width=\u00bb1\/4&#8243;]<div class=\"single_image wpb_content_element align-left    \" data-animation=\"none\" data-delay=\"0\"><a href=\"https:\/\/portvellbcn.cat\/wp-content\/uploads\/2023\/07\/Torre_jaume_I_01.jpg\" class=\"prettyPhoto\" rel=\"prettyPhoto[image]\"><img loading=\"lazy\" decoding=\"async\" width=\"1920\" height=\"1080\" src=\"https:\/\/portvellbcn.cat\/wp-content\/uploads\/2023\/07\/Torre_jaume_I_01.jpg\" class=\"attachment-full\" alt=\"\" title=\"Torre_jaume_I_01\" srcset=\"https:\/\/portvellbcn.cat\/wp-content\/uploads\/2023\/07\/Torre_jaume_I_01.jpg 1920w, https:\/\/portvellbcn.cat\/wp-content\/uploads\/2023\/07\/Torre_jaume_I_01-300x169.jpg 300w, https:\/\/portvellbcn.cat\/wp-content\/uploads\/2023\/07\/Torre_jaume_I_01-1024x576.jpg 1024w, https:\/\/portvellbcn.cat\/wp-content\/uploads\/2023\/07\/Torre_jaume_I_01-768x432.jpg 768w, https:\/\/portvellbcn.cat\/wp-content\/uploads\/2023\/07\/Torre_jaume_I_01-1536x864.jpg 1536w, https:\/\/portvellbcn.cat\/wp-content\/uploads\/2023\/07\/Torre_jaume_I_01-1000x563.jpg 1000w\" sizes=\"auto, (max-width: 1920px) 100vw, 1920px\" \/><\/a><\/div>[\/vc_column][vc_column width=\u00bb1\/4&#8243;]<div class=\"single_image wpb_content_element align-left    \" data-animation=\"none\" data-delay=\"0\"><a href=\"https:\/\/portvellbcn.cat\/wp-content\/uploads\/2023\/07\/Torre_jaume_I_02.jpg\" class=\"prettyPhoto\" rel=\"prettyPhoto[image]\"><img loading=\"lazy\" decoding=\"async\" width=\"1920\" height=\"1080\" src=\"https:\/\/portvellbcn.cat\/wp-content\/uploads\/2023\/07\/Torre_jaume_I_02.jpg\" class=\"attachment-full\" alt=\"\" title=\"Torre_jaume_I_02\" srcset=\"https:\/\/portvellbcn.cat\/wp-content\/uploads\/2023\/07\/Torre_jaume_I_02.jpg 1920w, https:\/\/portvellbcn.cat\/wp-content\/uploads\/2023\/07\/Torre_jaume_I_02-300x169.jpg 300w, https:\/\/portvellbcn.cat\/wp-content\/uploads\/2023\/07\/Torre_jaume_I_02-1024x576.jpg 1024w, https:\/\/portvellbcn.cat\/wp-content\/uploads\/2023\/07\/Torre_jaume_I_02-768x432.jpg 768w, https:\/\/portvellbcn.cat\/wp-content\/uploads\/2023\/07\/Torre_jaume_I_02-1536x864.jpg 1536w, https:\/\/portvellbcn.cat\/wp-content\/uploads\/2023\/07\/Torre_jaume_I_02-1000x563.jpg 1000w\" sizes=\"auto, (max-width: 1920px) 100vw, 1920px\" \/><\/a><\/div>[\/vc_column][vc_column width=\u00bb1\/4&#8243;]<div class=\"single_image wpb_content_element align-left    \" data-animation=\"none\" data-delay=\"0\"><a href=\"https:\/\/portvellbcn.cat\/wp-content\/uploads\/2023\/07\/Torre_jaume_I_03.jpg\" class=\"prettyPhoto\" rel=\"prettyPhoto[image]\"><img loading=\"lazy\" decoding=\"async\" width=\"1920\" height=\"1080\" src=\"https:\/\/portvellbcn.cat\/wp-content\/uploads\/2023\/07\/Torre_jaume_I_03.jpg\" class=\"attachment-full\" alt=\"\" title=\"Torre_jaume_I_03\" srcset=\"https:\/\/portvellbcn.cat\/wp-content\/uploads\/2023\/07\/Torre_jaume_I_03.jpg 1920w, https:\/\/portvellbcn.cat\/wp-content\/uploads\/2023\/07\/Torre_jaume_I_03-300x169.jpg 300w, https:\/\/portvellbcn.cat\/wp-content\/uploads\/2023\/07\/Torre_jaume_I_03-1024x576.jpg 1024w, https:\/\/portvellbcn.cat\/wp-content\/uploads\/2023\/07\/Torre_jaume_I_03-768x432.jpg 768w, https:\/\/portvellbcn.cat\/wp-content\/uploads\/2023\/07\/Torre_jaume_I_03-1536x864.jpg 1536w, https:\/\/portvellbcn.cat\/wp-content\/uploads\/2023\/07\/Torre_jaume_I_03-1000x563.jpg 1000w\" sizes=\"auto, (max-width: 1920px) 100vw, 1920px\" \/><\/a><\/div>[\/vc_column][vc_column width=\u00bb1\/4&#8243;]<div class=\"single_image wpb_content_element align-left    \" data-animation=\"none\" data-delay=\"0\"><a href=\"https:\/\/portvellbcn.cat\/wp-content\/uploads\/2023\/07\/Torre_jaume_I_04.jpg\" class=\"prettyPhoto\" rel=\"prettyPhoto[image]\"><img loading=\"lazy\" decoding=\"async\" width=\"1920\" height=\"1080\" src=\"https:\/\/portvellbcn.cat\/wp-content\/uploads\/2023\/07\/Torre_jaume_I_04.jpg\" class=\"attachment-full\" alt=\"\" title=\"Torre_jaume_I_04\" srcset=\"https:\/\/portvellbcn.cat\/wp-content\/uploads\/2023\/07\/Torre_jaume_I_04.jpg 1920w, https:\/\/portvellbcn.cat\/wp-content\/uploads\/2023\/07\/Torre_jaume_I_04-300x169.jpg 300w, https:\/\/portvellbcn.cat\/wp-content\/uploads\/2023\/07\/Torre_jaume_I_04-1024x576.jpg 1024w, https:\/\/portvellbcn.cat\/wp-content\/uploads\/2023\/07\/Torre_jaume_I_04-768x432.jpg 768w, https:\/\/portvellbcn.cat\/wp-content\/uploads\/2023\/07\/Torre_jaume_I_04-1536x864.jpg 1536w, https:\/\/portvellbcn.cat\/wp-content\/uploads\/2023\/07\/Torre_jaume_I_04-1000x563.jpg 1000w\" sizes=\"auto, (max-width: 1920px) 100vw, 1920px\" \/><\/a><\/div>[\/vc_column][\/vc_row]<\/p>\n<\/div>","protected":false},"excerpt":{"rendered":"<p>[vc_row type=\u00bbfull_width_section\u00bb top_padding=\u00bb100&#8243; bottom_padding=\u00bb100&#8243;][vc_column width=\u00bb1\/4&#8243;][\/vc_column][vc_column width=\u00bb2\/4&#8243;][vc_column_text css_animation=\u00bbfadeInUp\u00bb css=\u00bb.vc_custom_1583940689502{margin-bottom: 15px !important;}\u00bb] ESPACIO P\u00daBLICO &nbsp;[\/vc_column_text][vc_column_text css_animation=\u00bbfadeInUp\u00bb] Torre de Jaume I &nbsp;[\/vc_column_text][vc_zigzag color=\u00bbsandy_brown\u00bb el_width=\u00bb10&#8243;][\/vc_column][vc_column width=\u00bb1\/4&#8243;][\/vc_column][\/vc_row][vc_row type=\u00bbfull_width_section\u00bb bottom_padding=\u00bb50&#8243; full_width=\u00bbstretch_row_content_no_spaces\u00bb el_class=\u00bb.vc-col-xs-margin-top-0&#8243; css=\u00bb.vc_custom_1608638457077{margin-bottom: 40px !important;}\u00bb][vc_column bg_image=\u00bb5445&#8243; css_animation=\u00bbfadeInLeft\u00bb css=\u00bb.vc_custom_1563806848334{padding-top: 400px !important;padding-right: 0px !important;padding-bottom: 300px !important;padding-left: 0px !important;background-image: url(https:\/\/portvellbcn.cat\/wp-content\/uploads\/2019\/06\/torre-de-jaume.jpg?id=5445) !important;background-position: center !important;background-repeat: no-repeat !important;background-size: cover !important;}\u00bb][\/vc_column][\/vc_row][vc_row equal_height=\u00bbyes\u00bb css=\u00bb.vc_custom_1608638521917{margin-top: 40px !important;margin-bottom: 50px !important;}\u00bb][vc_column el_class=\u00bbtituloexplora\u00bb css_animation=\u00bbfadeInLeft\u00bb width=\u00bb1\/2&#8243;][vc_raw_html]PGh0bWw+DQo8aGVhZD4NCjxzY3JpcHQgc3JjPSJqcXVlcnktMi4xLjQuanMiPjwvc2NyaXB0Pg0KPGxpbmsgcmVsPSJzdHlsZXNoZWV0IiB0eXBlPSJ0ZXh0L2NzcyIgaHJlZj0ic3R5bGVzLmNzcyI+DQo8c3R5bGU+DQogICAgICAjbWFwIHsNCiAgICAgICAgaGVpZ2h0OiAzNTBweDsNCiAgICAgICAgb3ZlcmZsb3ctYW5jaG9yOm5vbmU7DQogICAgICB9DQo8L3N0eWxlPg0KPC9oZWFkPg0KPGJvZHk+DQo8YnIvPg0KPGJyLz4NCjxkaXYgaWQ9IndyYXBwZXIiPg0KPGRpdiBpZD0ibWFwIj48L2Rpdj4NCiAgICA8c2NyaXB0Pg0KICAgICAgdmFyIG1hcDsNCiAgICAgIGZ1bmN0aW9uIGluaXRNYXAoKSB7DQogICAgICAgIG1hcCA9IG5ldyBnb29nbGUubWFwcy5NYXAoZG9jdW1lbnQuZ2V0RWxlbWVudEJ5SWQoJ21hcCcpLCB7DQogICAgICAgICAgY2VudGVyOiB7bGF0OjQxLjM3MjAyNSwgbG5nOiAyLjE4MDI4N30sDQogICAgICAgICAgem9vbTogMTYsDQoJCSAgc3R5bGVzOlsNCiAgew0KICAgICJmZWF0dXJlVHlwZSI6ICJsYW5kc2NhcGUubWFuX21hZGUiLA0KICAgICJlbGVtZW50VHlwZSI6ICJnZW9tZXRyeS5maWxsIiwNCiAgICAic3R5bGVycyI6IFsNCiAgICAgIHsNCiAgICAgICAgImNvbG9yIjogIiM2OTgyYWIiDQogICAgICB9DQogICAgXQ0KICB9LA0KICB7DQogICAgImZlYXR1cmVUeXBlIjogImxhbmRzY2FwZS5uYXR1cmFsIiwNCiAgICAiZWxlbWVudFR5cGUiOiAiZ2VvbWV0cnkuZmlsbCIsDQogICAgInN0eWxlcnMiOiBbDQogICAgICB7DQogICAgICAgICJjb2xvciI6ICIjNjk4MmFiIg0KICAgICAgfQ0KICAgIF0NCiAgfSwNCiAgew0KICAgICJmZWF0dXJlVHlwZSI6ICJwb2kiLA0KICAgICJlbGVtZW50VHlwZSI6ICJnZW9tZXRyeS5maWxsIiwNCiAgICAic3R5bGVycyI6IFsNCiAgICAgIHsNCiAgICAgICAgImNvbG9yIjogIiMzMzQxNWIiDQogICAgICB9DQogICAgXQ0KICB9LA0KICB7DQogICAgImZlYXR1cmVUeXBlIjogInJvYWQiLA0KICAgICJlbGVtZW50VHlwZSI6ICJnZW9tZXRyeS5maWxsIiwNCiAgICAic3R5bGVycyI6IFsNCiAgICAgIHsNCiAgICAgICAgImNvbG9yIjogIiMxZDJkM2QiDQogICAgICB9DQogICAgXQ0KICB9LA0KICB7DQogICAgImZlYXR1cmVUeXBlIjogIndhdGVyIiwNCiAgICAiZWxlbWVudFR5cGUiOiAiZ2VvbWV0cnkuZmlsbCIsDQogICAgInN0eWxlcnMiOiBbDQogICAgICB7DQogICAgICAgICJjb2xvciI6ICIjMmU3ZGMwIg0KICAgICAgfQ0KICAgIF0NCiAgfSwNCiAgew0KICAgICJmZWF0dXJlVHlwZSI6ICJhZG1pbmlzdHJhdGl2ZS5sYW5kX3BhcmNlbCIsDQogICAgImVsZW1lbnRUeXBlIjogImxhYmVscyIsDQogICAgInN0eWxlcnMiOiBbDQogICAgICB7DQogICAgICAgICJ2aXNpYmlsaXR5IjogIm9mZiINCiAgICAgIH0NCiAgICBdDQogIH0sDQogIHsNCiAgICAiZmVhdHVyZVR5cGUiOiAicG9pIiwNCiAgICAiZWxlbWVudFR5cGUiOiAibGFiZWxzLnRleHQiLA0KICAgICJzdHlsZXJzIjogWw0KICAgICAgew0KICAgICAgICAidmlzaWJpbGl0eSI6ICJvZmYiDQogICAgICB9DQogICAgXQ0KICB9LA0KICB7DQogICAgImZlYXR1cmVUeXBlIjogInBvaS5idXNpbmVzcyIsDQogICAgInN0eWxlcnMiOiBbDQogICAgICB7DQogICAgICAgICJ2aXNpYmlsaXR5IjogIm9mZiINCiAgICAgIH0NCiAgICBdDQogIH0sDQogIHsNCiAgICAiZmVhdHVyZVR5cGUiOiAicm9hZCIsDQogICAgImVsZW1lbnRUeXBlIjogImxhYmVscy5pY29uIiwNCiAgICAic3R5bGVycyI6IFsNCiAgICAgIHsNCiAgICAgICAgInZpc2liaWxpdHkiOiAib2ZmIg0KICAgICAgfQ0KICAgIF0NCiAgfSwNCiAgew0KICAgICJmZWF0dXJlVHlwZSI6ICJyb2FkLmxvY2FsIiwNCiAgICAiZWxlbWVudFR5cGUiOiAibGFiZWxzIiwNCiAgICAic3R5bGVycyI6IFsNCiAgICAgIHsNCiAgICAgICAgInZpc2liaWxpdHkiOiAib2ZmIg0KICAgICAgfQ0KICAgIF0NCiAgfSwNCiAgew0KICAgICJmZWF0dXJlVHlwZSI6ICJ0cmFuc2l0IiwNCiAgICAic3R5bGVycyI6IFsNCiAgICAgIHsNCiAgICAgICAgInZpc2liaWxpdHkiOiAib2ZmIg0KICAgICAgfQ0KICAgIF0NCiAgfQ0KXQ0KCQkgIA0KICAgICAgICB9KTsNCg0KDQoNCiAgICB2YXIgcG9zdG9ycmVqYXVtZT0ge2xhdDogNDEuMzcyMDI1LCBsbmc6IDIuMTgwMjg3fTsNCg0KICAgIHZhciB0b3JyZWphdW1lID0nPGRpdiBjbGFzcz0iaW1hZyI+PGltZyBzcmM9Imh0dHBzOi8vcG9ydHZlbGxiY24uY2F0L3dwLWNvbnRlbnQvdXBsb2Fkcy8yMDE5LzA2L3RvcnJlLWRlLWphdW1lLmpwZz9pZD01NDQ1Ii8+PC9kaXY+JysNCiAgICAJCQkJCSc8YnIvPjxkaXYgY2xhc3M9InRpdHUiPlRvcnJlIGRlIEphdW1lIEk8L2Rpdj4nKw0KICAgIAkJCQkJJzxkaXYgY2xhc3M9ImJhcnJhIj48aHI+PC9kaXY+JysNCiAgICAJCQkJCSc8ZGl2IGNsYXNzPSJ0ZXh0byI+TGEgdG9ycmUgZGUgSmF1bWUgSSDDqXMgbOKAmWVzdHJ1Y3R1cmEgY2VudHJhbCBkZWwgdHJhbnNib3JkYWRvciBhZXJpIHF1ZSB1bmVpeCBlbCBwb3J0IGFtYiBNb250anXDr2MuIDwvZGl2PicrDQogICAgCQkJCQknPGJyLz48ZGl2IGNsYXNzPSJkaXJlY2Npb24iPjxhIGhyZWY9Imh0dHBzOi8vd3d3Lmdvb2dsZS5jb20vbWFwcy9wbGFjZS9Ub3JyZStkZStKYXVtZStJKy0rVGVsZWYlQzMlQThyaWMrZGVsK1BvcnQrZGUrQmFyY2Vsb25hL0A0MS4zNzIwNjkyLDIuMTc4MDIzMSwxN3ovZGF0YT0hM20xITRiMSE0bTUhM200ITFzMHgxMmE0YTI1MjNjNWM4YzE1OjB4YTM5OGM0N2FiYjgwMjgyYSE4bTIhM2Q0MS4zNzIwNjkyITRkMi4xODAyMTE4Ij5Bdi4gTWlyYW1hciwgcy9uLDxicj4wODAzOCBCYXJjZWxvbmE8L2E+PC9kaXY+JzsNCiAgICAgICAgDQogICAgdmFyIGluZm93aW5kb3d0b3JyZWphdW1lID0gbmV3IGdvb2dsZS5tYXBzLkluZm9XaW5kb3coew0KICAgICAgICBjb250ZW50OiB0b3JyZWphdW1lDQogICAgfSk7DQoNCiAgICB2YXIgbWFya2VydG9ycmVqYXVtZSA9IG5ldyBnb29nbGUubWFwcy5NYXJrZXIoew0KICAgIAkJcG9zaXRpb246IHBvc3RvcnJlamF1bWUsDQogICAgCQlpY29uOiAnaHR0cHM6Ly9wb3J0dmVsbGJjbi5jYXQvd3AtY29udGVudC91cGxvYWRzLzIwMTkvMTAvaWNvbm9fbWFwYV9uYXJhbmphLnBuZycsDQogICAJCQltYXA6IG1hcCwNCiAgIAkJCWFuaW1hdGlvbjogZ29vZ2xlLm1hcHMuQW5pbWF0aW9uLkRST1AsDQoNCiAgCQl9KTsNCgkNCiAgICAgICANCiAgICBtYXJrZXJ0b3JyZWphdW1lLmFkZExpc3RlbmVyKCdjbGljaycsIGZ1bmN0aW9uKCkgew0KICAgIAlpbmZvd2luZG93dG9ycmVqYXVtZS5vcGVuKG1hcCwgbWFya2VydG9ycmVqYXVtZSk7DQogICAgfSk7DQoNCg0KICAgDQoNCg0KCX0NCiAgICA8L3NjcmlwdD4NCiAgICA8c2NyaXB0IHNyYz0iaHR0cHM6Ly9tYXBzLmdvb2dsZWFwaXMuY29tL21hcHMvYXBpL2pzP2tleT1BSXphU3lBVjFlU2R1b2VtcDg4S2daV3p6MTYwZ0o2RTZ2VWI0QmMmY2FsbGJhY2s9aW5pdE1hcCINCiAgICBhc3luYyBkZWZlcj48L3NjcmlwdD4NCjwvZGl2Pg0KPC9ib2R5Pg0KPC9odG1sPg==[\/vc_raw_html][\/vc_column][vc_column css_animation=\u00bbfadeInRight\u00bb width=\u00bb1\/2&#8243;][vc_column_text] La torre de Jaime I es la estructura central del transbordador a\u00e9reo que une el puerto con Montjuic. Fue dise\u00f1ada por el arquitecto e ingeniero Carles Bu\u00efgas con el objetivo de enlazar los recintos de Montjuic y la Secci\u00f3n Mar\u00edtima de la Exposici\u00f3n Internacional de Barcelona de 1929 No obstante, por dificultades financieras de la empresa que ten\u00eda que construir y explotar el telef\u00e9rico no se pudo inaugurar hasta el 1931. Con 107 metros de altura, la torre de Jaime I no se utiliza actualmente para el acceso de pasajeros, sino \u00fanicamente como torre intermedia entre la torre de San Sebasti\u00e1n en la Barceloneta y la de Montjuic. Un paseo a\u00e9reo excelente para observar la ciudad y el Puerto. [\/vc_column_text][vc_row_inner][vc_column_inner width=\u00bb1\/2&#8243;][\/vc_column_inner][vc_column_inner width=\u00bb1\/2&#8243;][\/vc_column_inner][\/vc_row_inner][\/vc_column][\/vc_row][vc_row type=\u00bbfull_width_section\u00bb top_padding=\u00bb60&#8243;][vc_column width=\u00bb1\/4&#8243;][\/vc_column][vc_column width=\u00bb1\/4&#8243;][\/vc_column][vc_column width=\u00bb1\/4&#8243;][\/vc_column][vc_column width=\u00bb1\/4&#8243;][\/vc_column][\/vc_row]<\/p>\n","protected":false},"author":1,"featured_media":0,"parent":0,"menu_order":0,"comment_status":"closed","ping_status":"closed","template":"","meta":{"_acf_changed":false,"footnotes":""},"class_list":["post-14600","page","type-page","status-publish","hentry"],"acf":[],"_links":{"self":[{"href":"https:\/\/portvellbcn.cat\/es\/wp-json\/wp\/v2\/pages\/14600","targetHints":{"allow":["GET"]}}],"collection":[{"href":"https:\/\/portvellbcn.cat\/es\/wp-json\/wp\/v2\/pages"}],"about":[{"href":"https:\/\/portvellbcn.cat\/es\/wp-json\/wp\/v2\/types\/page"}],"author":[{"embeddable":true,"href":"https:\/\/portvellbcn.cat\/es\/wp-json\/wp\/v2\/users\/1"}],"replies":[{"embeddable":true,"href":"https:\/\/portvellbcn.cat\/es\/wp-json\/wp\/v2\/comments?post=14600"}],"version-history":[{"count":0,"href":"https:\/\/portvellbcn.cat\/es\/wp-json\/wp\/v2\/pages\/14600\/revisions"}],"wp:attachment":[{"href":"https:\/\/portvellbcn.cat\/es\/wp-json\/wp\/v2\/media?parent=14600"}],"curies":[{"name":"wp","href":"https:\/\/api.w.org\/{rel}","templated":true}]}}