{"id":14590,"date":"2023-07-27T13:38:05","date_gmt":"2023-07-27T11:38:05","guid":{"rendered":"https:\/\/portvellbcn.cat\/rambla-de-mar\/"},"modified":"2023-07-28T08:59:15","modified_gmt":"2023-07-28T06:59:15","slug":"rambla-de-mar","status":"publish","type":"page","link":"https:\/\/portvellbcn.cat\/es\/rambla-de-mar\/","title":{"rendered":"Rambla de Mar"},"content":{"rendered":"<div class=\"wpb-content-wrapper\"><p>[vc_row type=\u00bbfull_width_section\u00bb top_padding=\u00bb100&#8243; bottom_padding=\u00bb100&#8243;][vc_column width=\u00bb1\/4&#8243;][\/vc_column][vc_column width=\u00bb2\/4&#8243;][vc_column_text css_animation=\u00bbfadeInUp\u00bb css=\u00bb.vc_custom_1583940689502{margin-bottom: 15px !important;}\u00bb]<\/p>\n<p style=\"text-align: center; letter-spacing: 4px;\"><span style=\"color: #999999; font-size: 14px; letter-spacing: 4px;\">ESPACIO P\u00daBLICO<\/span><\/p>\n<p>&nbsp;[\/vc_column_text][vc_column_text css_animation=\u00bbfadeInUp\u00bb]<\/p>\n<p style=\"text-align: center;\"><span class=\"s1\" style=\"font-size: 60px; color: #333333;\"><span style=\"font-family: 'Poppins', sans-serif; font-weight: 300; letter-spacing: 1px;\"><span style=\"line-height: 1.2em; display: inline-block; width: 100%;\"><span style=\"font-family: 'Poppins', sans-serif; font-weight: 400;\"><span style=\"font-family: 'Poppins', sans-serif; font-weight: 500;\"><span class=\"titulofuente\" style=\"font-family: 'Playfair Display', sans-serif; font-weight: 400;\">Rambla de Mar<\/span><\/span><\/span><\/span><\/span><\/span><\/p>\n<p>[\/vc_column_text][vc_zigzag color=\u00bbsandy_brown\u00bb el_width=\u00bb10&#8243;][\/vc_column][vc_column width=\u00bb1\/4&#8243;][\/vc_column][\/vc_row][vc_row type=\u00bbfull_width_section\u00bb bottom_padding=\u00bb50&#8243; full_width=\u00bbstretch_row_content_no_spaces\u00bb el_class=\u00bb.vc-col-xs-margin-top-0&#8243; css=\u00bb.vc_custom_1608638457077{margin-bottom: 40px !important;}\u00bb][vc_column animation=\u00bbfade-in-from-left\u00bb bg_image=\u00bb5414&#8243; css_animation=\u00bbfadeInLeft\u00bb css=\u00bb.vc_custom_1563806848334{padding-top: 400px !important;padding-right: 0px !important;padding-bottom: 300px !important;padding-left: 0px !important;background-image: url(https:\/\/portvellbcn.cat\/wp-content\/uploads\/2019\/06\/torre-de-jaume.jpg?id=5445) !important;background-position: center !important;background-repeat: no-repeat !important;background-size: cover !important;}\u00bb]<div class=\"spacer\" style=\"height: 750px;\"><\/div>[\/vc_column][\/vc_row][vc_row equal_height=\u00bbyes\u00bb css=\u00bb.vc_custom_1608638521917{margin-top: 40px !important;margin-bottom: 50px !important;}\u00bb][vc_column el_class=\u00bbtituloexplora\u00bb animation=\u00bbfade-in-from-left\u00bb css_animation=\u00bbfadeInLeft\u00bb width=\u00bb1\/2&#8243;][vc_raw_html]PGh0bWw+DQo8aGVhZD4NCjxzY3JpcHQgc3JjPSJqcXVlcnktMi4xLjQuanMiPjwvc2NyaXB0Pg0KPGxpbmsgcmVsPSJzdHlsZXNoZWV0IiB0eXBlPSJ0ZXh0L2NzcyIgaHJlZj0ic3R5bGVzLmNzcyI+DQo8c3R5bGU+DQogICAgICAjbWFwIHsNCiAgICAgICAgaGVpZ2h0OiAzNTBweDsNCiAgICAgICAgb3ZlcmZsb3ctYW5jaG9yOm5vbmU7DQogICAgICB9DQo8L3N0eWxlPg0KPC9oZWFkPg0KPGJvZHk+DQo8YnIvPg0KPGJyLz4NCjxkaXYgaWQ9IndyYXBwZXIiPg0KPGRpdiBpZD0ibWFwIj48L2Rpdj4NCiAgICA8c2NyaXB0Pg0KICAgICAgdmFyIG1hcDsNCiAgICAgIGZ1bmN0aW9uIGluaXRNYXAoKSB7DQogICAgICAgIG1hcCA9IG5ldyBnb29nbGUubWFwcy5NYXAoZG9jdW1lbnQuZ2V0RWxlbWVudEJ5SWQoJ21hcCcpLCB7DQogICAgICAgICAgY2VudGVyOiB7bGF0OjQxLjM3NTEyNTQsIGxuZzogMi4xNzg2NDA1fSwNCiAgICAgICAgICB6b29tOiAxNiwNCgkJICBzdHlsZXM6Ww0KICB7DQogICAgImZlYXR1cmVUeXBlIjogImxhbmRzY2FwZS5tYW5fbWFkZSIsDQogICAgImVsZW1lbnRUeXBlIjogImdlb21ldHJ5LmZpbGwiLA0KICAgICJzdHlsZXJzIjogWw0KICAgICAgew0KICAgICAgICAiY29sb3IiOiAiIzY5ODJhYiINCiAgICAgIH0NCiAgICBdDQogIH0sDQogIHsNCiAgICAiZmVhdHVyZVR5cGUiOiAibGFuZHNjYXBlLm5hdHVyYWwiLA0KICAgICJlbGVtZW50VHlwZSI6ICJnZW9tZXRyeS5maWxsIiwNCiAgICAic3R5bGVycyI6IFsNCiAgICAgIHsNCiAgICAgICAgImNvbG9yIjogIiM2OTgyYWIiDQogICAgICB9DQogICAgXQ0KICB9LA0KICB7DQogICAgImZlYXR1cmVUeXBlIjogInBvaSIsDQogICAgImVsZW1lbnRUeXBlIjogImdlb21ldHJ5LmZpbGwiLA0KICAgICJzdHlsZXJzIjogWw0KICAgICAgew0KICAgICAgICAiY29sb3IiOiAiIzMzNDE1YiINCiAgICAgIH0NCiAgICBdDQogIH0sDQogIHsNCiAgICAiZmVhdHVyZVR5cGUiOiAicm9hZCIsDQogICAgImVsZW1lbnRUeXBlIjogImdlb21ldHJ5LmZpbGwiLA0KICAgICJzdHlsZXJzIjogWw0KICAgICAgew0KICAgICAgICAiY29sb3IiOiAiIzFkMmQzZCINCiAgICAgIH0NCiAgICBdDQogIH0sDQogIHsNCiAgICAiZmVhdHVyZVR5cGUiOiAid2F0ZXIiLA0KICAgICJlbGVtZW50VHlwZSI6ICJnZW9tZXRyeS5maWxsIiwNCiAgICAic3R5bGVycyI6IFsNCiAgICAgIHsNCiAgICAgICAgImNvbG9yIjogIiMyZTdkYzAiDQogICAgICB9DQogICAgXQ0KICB9LA0KICB7DQogICAgImZlYXR1cmVUeXBlIjogImFkbWluaXN0cmF0aXZlLmxhbmRfcGFyY2VsIiwNCiAgICAiZWxlbWVudFR5cGUiOiAibGFiZWxzIiwNCiAgICAic3R5bGVycyI6IFsNCiAgICAgIHsNCiAgICAgICAgInZpc2liaWxpdHkiOiAib2ZmIg0KICAgICAgfQ0KICAgIF0NCiAgfSwNCiAgew0KICAgICJmZWF0dXJlVHlwZSI6ICJwb2kiLA0KICAgICJlbGVtZW50VHlwZSI6ICJsYWJlbHMudGV4dCIsDQogICAgInN0eWxlcnMiOiBbDQogICAgICB7DQogICAgICAgICJ2aXNpYmlsaXR5IjogIm9mZiINCiAgICAgIH0NCiAgICBdDQogIH0sDQogIHsNCiAgICAiZmVhdHVyZVR5cGUiOiAicG9pLmJ1c2luZXNzIiwNCiAgICAic3R5bGVycyI6IFsNCiAgICAgIHsNCiAgICAgICAgInZpc2liaWxpdHkiOiAib2ZmIg0KICAgICAgfQ0KICAgIF0NCiAgfSwNCiAgew0KICAgICJmZWF0dXJlVHlwZSI6ICJyb2FkIiwNCiAgICAiZWxlbWVudFR5cGUiOiAibGFiZWxzLmljb24iLA0KICAgICJzdHlsZXJzIjogWw0KICAgICAgew0KICAgICAgICAidmlzaWJpbGl0eSI6ICJvZmYiDQogICAgICB9DQogICAgXQ0KICB9LA0KICB7DQogICAgImZlYXR1cmVUeXBlIjogInJvYWQubG9jYWwiLA0KICAgICJlbGVtZW50VHlwZSI6ICJsYWJlbHMiLA0KICAgICJzdHlsZXJzIjogWw0KICAgICAgew0KICAgICAgICAidmlzaWJpbGl0eSI6ICJvZmYiDQogICAgICB9DQogICAgXQ0KICB9LA0KICB7DQogICAgImZlYXR1cmVUeXBlIjogInRyYW5zaXQiLA0KICAgICJzdHlsZXJzIjogWw0KICAgICAgew0KICAgICAgICAidmlzaWJpbGl0eSI6ICJvZmYiDQogICAgICB9DQogICAgXQ0KICB9DQpdDQoJCSAgDQogICAgICAgIH0pOw0KDQoNCg0KICAgIHZhciBwb3NyYW1ibGFtYXIgPSB7bGF0OiA0MS4zNzUxMjU0LCBsbmc6IDIuMTc4NjQwNX07DQoNCiAgICB2YXIgcmFtYmxhbWFyID0nPGRpdiBjbGFzcz0iaW1hZyI+PGltZyBzcmM9Imh0dHBzOi8vcG9ydHZlbGxiY24uY2F0L3dwLWNvbnRlbnQvdXBsb2Fkcy8yMDE5LzA2L3JhbWJsYV9kZWxfbWFyXzA4LmpwZz9pZD01NDQzIi8+PC9kaXY+JysNCiAgICAJCQkJCSc8YnIvPjxkaXYgY2xhc3M9InRpdHUiPlJhbWJsYSBkZWwgTWFyPC9kaXY+JysNCiAgICAJCQkJCSc8ZGl2IGNsYXNzPSJiYXJyYSI+PGhyPjwvZGl2PicrDQogICAgCQkJCQknPGRpdiBjbGFzcz0idGV4dG8iPkxhIFJhbWJsYSBkZSBNYXIgw6lzIHVuIHBvbnQgaSBwYXNzZWlnIHNvYnJlIGzigJlhaWd1YSBxdWUgcHJvbG9uZ2EgbGVzIHBvcHVsYXJzIFJhbWJsZXMgZmlucyBhbCBtb2xsIGTigJlFc3BhbnlhLjwvZGl2PicrDQogICAgCQkJCQknPGJyLz48ZGl2IGNsYXNzPSJkaXJlY2Npb24iPjxhIGhyZWY9Imh0dHBzOi8vd3d3Lmdvb2dsZS5jb20vbWFwcy9wbGFjZS9SYW1ibGErZGUrTWFyL0A0MS4zNzUxMjU0LDIuMTc4NjQwNSwxN3ovZGF0YT0hM20xITRiMSE0bTUhM200ITFzMHgxMmE0YTI1MzhjNWMwNmU5OjB4MWVhMTczYmUyYmNiZTI2OSE4bTIhM2Q0MS4zNzUxMjU0ITRkMi4xODA4MjkyIj5SYW1ibGEgZGUgTWFyLDxicj4gMDgwMDIgQmFyY2Vsb25hPC9hPjwvZGl2Pic7DQogICAgICAgIA0KICAgIHZhciBpbmZvd2luZG93cmFtYmxhbWFyID0gbmV3IGdvb2dsZS5tYXBzLkluZm9XaW5kb3coew0KICAgICAgICBjb250ZW50OiByYW1ibGFtYXINCiAgICB9KTsNCg0KICAgIHZhciBtYXJrZXJyYW1ibGFtYXIgPSBuZXcgZ29vZ2xlLm1hcHMuTWFya2VyKHsNCiAgICAJCXBvc2l0aW9uOiBwb3NyYW1ibGFtYXIsDQogICAgCQlpY29uOiAnaHR0cHM6Ly9wb3J0dmVsbGJjbi5jYXQvd3AtY29udGVudC91cGxvYWRzLzIwMTkvMTAvaWNvbm9fbWFwYV9uYXJhbmphLnBuZycsDQogICAJCQltYXA6IG1hcCwNCiAgIAkJCWFuaW1hdGlvbjogZ29vZ2xlLm1hcHMuQW5pbWF0aW9uLkRST1AsDQoNCiAgCQl9KTsNCgkNCiAgICAgICANCiAgICBtYXJrZXJyYW1ibGFtYXIuYWRkTGlzdGVuZXIoJ2NsaWNrJywgZnVuY3Rpb24oKSB7DQogICAgCWluZm93aW5kb3dyYW1ibGFtYXIub3BlbihtYXAsIG1hcmtlcnJhbWJsYW1hcik7DQogICAgfSk7DQoNCg0KICAgIA0KDQoNCg0KCX0NCiAgICA8L3NjcmlwdD4NCiAgICA8c2NyaXB0IHNyYz0iaHR0cHM6Ly9tYXBzLmdvb2dsZWFwaXMuY29tL21hcHMvYXBpL2pzP2tleT1BSXphU3lBVjFlU2R1b2VtcDg4S2daV3p6MTYwZ0o2RTZ2VWI0QmMmY2FsbGJhY2s9aW5pdE1hcCINCiAgICBhc3luYyBkZWZlcj48L3NjcmlwdD4NCjwvZGl2Pg0KPC9ib2R5Pg0KPC9odG1sPg==[\/vc_raw_html][\/vc_column][vc_column animation=\u00bbfade-in-from-right\u00bb css_animation=\u00bbfadeInRight\u00bb width=\u00bb1\/2&#8243;]<div class=\"spacer\" style=\"height: 40px;\"><\/div>[vc_column_text]<\/p>\n<p style=\"text-align: justify;\"><span style=\"font-size: 15px;\"><br \/>\nLa Rambla de Mar es un puente y paseo sobre el agua que prolonga las populares Ramblas hasta el muelle de Espa\u00f1a. Proyectada el 1994 por los arquitectos Albert Viaplana y Helio Pi\u00f1\u00f3n (autores tambi\u00e9n del proyecto del edificio Maremagnum), su arquitectura moderna y la forma cuidadosa constituyen una de las im\u00e1genes m\u00e1s emblem\u00e1ticas de la transformaci\u00f3n urban\u00edstica de esta zona<\/span><\/p>\n<p style=\"text-align: justify;\"><span style=\"font-size: 15px;\"><br \/>\nLa pasarela est\u00e1 dotada de un puente giratorio que cada hora se abre para dejar a las embarcaciones de ocio de las d\u00e1rsenas m\u00e1s interiores del puerto. La Rambla de Mar es atravesada cada a\u00f1o por millones de personas que se dirigen a los espacios p\u00fablicos y en la zona comercial y de ocio del muelle de Espa\u00f1a.<\/span><\/p>\n<p>[\/vc_column_text]<div class=\"divider divider2\" style='margin:10px 0 10px 0 !important;'><\/div>[vc_row_inner][vc_column_inner width=\u00bb1\/2&#8243;]<div class=\"iconbox  wpb_content_element iconbox-style-1 icon-color-accent color-dark animation-none\"><h3><i class=\"fa fa-globe boxicon\" style=\"\"><\/i><span>Web:<\/span><\/h3><p><span style=\"font-size: 13px;\"><a href=\"https:\/\/portvellbcn.cat\/\" target=\"_blank\" rel=\"noopener\">www.portvellbcn.cat<\/a><\/span><\/p><\/div><div class=\"iconbox  wpb_content_element iconbox-style-1 icon-color-accent color-dark animation-none\"><h3><i class=\"fa fa-phone boxicon\" style=\"\"><\/i><span>Contacto:<\/span><\/h3><div ><span style=\"font-size: 13px;\">T. +34 933 176 135<\/span><\/div><\/div>[\/vc_column_inner][vc_column_inner width=\u00bb1\/2&#8243;]<div class=\"iconbox  wpb_content_element iconbox-style-1 icon-color-accent color-dark animation-none\"><h3><i class=\"fa fa-envelope boxicon\" style=\"\"><\/i><span>Mail:<\/span><\/h3><div ><span style=\"font-size: 13px;\"><a href=\"mailto:info@portvellbcn.cat\">info@portvellbcn.cat<\/a><\/span><\/div><\/div><div class=\"iconbox  wpb_content_element iconbox-style-1 icon-color-accent color-dark animation-none\"><h3><i class=\"fa fa-map-marker-alt boxicon\" style=\"\"><\/i><span>Ubicaci\u00f3n:<\/span><\/h3><p><span style=\"font-size: 13px; color: #999999;\"><a style=\"color: #999999;\" href=\"https:\/\/www.google.com\/maps\/place\/Rambla+de+Mar\/@41.3751254,2.1786405,17z\/data=!3m1!4b1!4m5!3m4!1s0x12a4a2538c5c06e9:0x1ea173be2bcbe269!8m2!3d41.3751254!4d2.1808292\" target=\"_blank\" rel=\"noopener\">Rambla de Mar,<\/a><\/span><span style=\"font-size: 13px; color: #999999;\"><a style=\"color: #999999;\" href=\"https:\/\/www.google.com\/maps\/place\/Rambla+de+Mar\/@41.3751254,2.1786405,17z\/data=!3m1!4b1!4m5!3m4!1s0x12a4a2538c5c06e9:0x1ea173be2bcbe269!8m2!3d41.3751254!4d2.1808292\">08002 Barcelona<\/a><\/span><\/p><\/div>[\/vc_column_inner][\/vc_row_inner][\/vc_column][\/vc_row][vc_row type=\u00bbfull_width_section\u00bb top_padding=\u00bb60&#8243; bottom_padding=\u00bb100&#8243;][vc_column width=\u00bb1\/4&#8243;]<div class=\"single_image wpb_content_element align-left    \" data-animation=\"none\" data-delay=\"0\"><a href=\"https:\/\/portvellbcn.cat\/wp-content\/uploads\/2023\/07\/RamblaMar4.jpg\" class=\"prettyPhoto\" rel=\"prettyPhoto[image]\"><img loading=\"lazy\" decoding=\"async\" width=\"1920\" height=\"1080\" src=\"https:\/\/portvellbcn.cat\/wp-content\/uploads\/2023\/07\/RamblaMar4.jpg\" class=\"attachment-full\" alt=\"\" title=\"RamblaMar4\" srcset=\"https:\/\/portvellbcn.cat\/wp-content\/uploads\/2023\/07\/RamblaMar4.jpg 1920w, https:\/\/portvellbcn.cat\/wp-content\/uploads\/2023\/07\/RamblaMar4-300x169.jpg 300w, https:\/\/portvellbcn.cat\/wp-content\/uploads\/2023\/07\/RamblaMar4-1024x576.jpg 1024w, https:\/\/portvellbcn.cat\/wp-content\/uploads\/2023\/07\/RamblaMar4-768x432.jpg 768w, https:\/\/portvellbcn.cat\/wp-content\/uploads\/2023\/07\/RamblaMar4-1536x864.jpg 1536w, https:\/\/portvellbcn.cat\/wp-content\/uploads\/2023\/07\/RamblaMar4-1000x563.jpg 1000w\" sizes=\"auto, (max-width: 1920px) 100vw, 1920px\" \/><\/a><\/div>[\/vc_column][vc_column width=\u00bb1\/4&#8243;]<div class=\"single_image wpb_content_element align-left    \" data-animation=\"none\" data-delay=\"0\"><a href=\"https:\/\/portvellbcn.cat\/wp-content\/uploads\/2023\/07\/RamblaMar3.jpg\" class=\"prettyPhoto\" rel=\"prettyPhoto[image]\"><img loading=\"lazy\" decoding=\"async\" width=\"1920\" height=\"1080\" src=\"https:\/\/portvellbcn.cat\/wp-content\/uploads\/2023\/07\/RamblaMar3.jpg\" class=\"attachment-full\" alt=\"\" title=\"RamblaMar3\" srcset=\"https:\/\/portvellbcn.cat\/wp-content\/uploads\/2023\/07\/RamblaMar3.jpg 1920w, https:\/\/portvellbcn.cat\/wp-content\/uploads\/2023\/07\/RamblaMar3-300x169.jpg 300w, https:\/\/portvellbcn.cat\/wp-content\/uploads\/2023\/07\/RamblaMar3-1024x576.jpg 1024w, https:\/\/portvellbcn.cat\/wp-content\/uploads\/2023\/07\/RamblaMar3-768x432.jpg 768w, https:\/\/portvellbcn.cat\/wp-content\/uploads\/2023\/07\/RamblaMar3-1536x864.jpg 1536w, https:\/\/portvellbcn.cat\/wp-content\/uploads\/2023\/07\/RamblaMar3-1000x563.jpg 1000w\" sizes=\"auto, (max-width: 1920px) 100vw, 1920px\" \/><\/a><\/div>[\/vc_column][vc_column width=\u00bb1\/4&#8243;]<div class=\"single_image wpb_content_element align-left    \" data-animation=\"none\" data-delay=\"0\"><a href=\"https:\/\/portvellbcn.cat\/wp-content\/uploads\/2023\/07\/RamblaMar2.jpg\" class=\"prettyPhoto\" rel=\"prettyPhoto[image]\"><img loading=\"lazy\" decoding=\"async\" width=\"1920\" height=\"1080\" src=\"https:\/\/portvellbcn.cat\/wp-content\/uploads\/2023\/07\/RamblaMar2.jpg\" class=\"attachment-full\" alt=\"\" title=\"RamblaMar2\" srcset=\"https:\/\/portvellbcn.cat\/wp-content\/uploads\/2023\/07\/RamblaMar2.jpg 1920w, https:\/\/portvellbcn.cat\/wp-content\/uploads\/2023\/07\/RamblaMar2-300x169.jpg 300w, https:\/\/portvellbcn.cat\/wp-content\/uploads\/2023\/07\/RamblaMar2-1024x576.jpg 1024w, https:\/\/portvellbcn.cat\/wp-content\/uploads\/2023\/07\/RamblaMar2-768x432.jpg 768w, https:\/\/portvellbcn.cat\/wp-content\/uploads\/2023\/07\/RamblaMar2-1536x864.jpg 1536w, https:\/\/portvellbcn.cat\/wp-content\/uploads\/2023\/07\/RamblaMar2-1000x563.jpg 1000w\" sizes=\"auto, (max-width: 1920px) 100vw, 1920px\" \/><\/a><\/div>[\/vc_column][vc_column width=\u00bb1\/4&#8243;]<div class=\"single_image wpb_content_element align-left    \" data-animation=\"none\" data-delay=\"0\"><a href=\"https:\/\/portvellbcn.cat\/wp-content\/uploads\/2023\/07\/RamblaMar1.jpg\" class=\"prettyPhoto\" rel=\"prettyPhoto[image]\"><img loading=\"lazy\" decoding=\"async\" width=\"1920\" height=\"1080\" src=\"https:\/\/portvellbcn.cat\/wp-content\/uploads\/2023\/07\/RamblaMar1.jpg\" class=\"attachment-full\" alt=\"\" title=\"RamblaMar1\" srcset=\"https:\/\/portvellbcn.cat\/wp-content\/uploads\/2023\/07\/RamblaMar1.jpg 1920w, https:\/\/portvellbcn.cat\/wp-content\/uploads\/2023\/07\/RamblaMar1-300x169.jpg 300w, https:\/\/portvellbcn.cat\/wp-content\/uploads\/2023\/07\/RamblaMar1-1024x576.jpg 1024w, https:\/\/portvellbcn.cat\/wp-content\/uploads\/2023\/07\/RamblaMar1-768x432.jpg 768w, https:\/\/portvellbcn.cat\/wp-content\/uploads\/2023\/07\/RamblaMar1-1536x864.jpg 1536w, https:\/\/portvellbcn.cat\/wp-content\/uploads\/2023\/07\/RamblaMar1-1000x563.jpg 1000w\" sizes=\"auto, (max-width: 1920px) 100vw, 1920px\" \/><\/a><\/div>[\/vc_column][\/vc_row]<\/p>\n<\/div>","protected":false},"excerpt":{"rendered":"<p>[vc_row type=\u00bbfull_width_section\u00bb top_padding=\u00bb100&#8243; bottom_padding=\u00bb100&#8243;][vc_column width=\u00bb1\/4&#8243;][\/vc_column][vc_column width=\u00bb2\/4&#8243;][vc_column_text css_animation=\u00bbfadeInUp\u00bb css=\u00bb.vc_custom_1583940689502{margin-bottom: 15px !important;}\u00bb] ESPACIO P\u00daBLICO &nbsp;[\/vc_column_text][vc_column_text css_animation=\u00bbfadeInUp\u00bb] Rambla de Mar [\/vc_column_text][vc_zigzag color=\u00bbsandy_brown\u00bb el_width=\u00bb10&#8243;][\/vc_column][vc_column width=\u00bb1\/4&#8243;][\/vc_column][\/vc_row][vc_row type=\u00bbfull_width_section\u00bb bottom_padding=\u00bb50&#8243; full_width=\u00bbstretch_row_content_no_spaces\u00bb el_class=\u00bb.vc-col-xs-margin-top-0&#8243; css=\u00bb.vc_custom_1608638457077{margin-bottom: 40px !important;}\u00bb][vc_column animation=\u00bbfade-in-from-left\u00bb bg_image=\u00bb5414&#8243; css_animation=\u00bbfadeInLeft\u00bb css=\u00bb.vc_custom_1563806848334{padding-top: 400px !important;padding-right: 0px !important;padding-bottom: 300px !important;padding-left: 0px !important;background-image: url(https:\/\/portvellbcn.cat\/wp-content\/uploads\/2019\/06\/torre-de-jaume.jpg?id=5445) !important;background-position: center !important;background-repeat: no-repeat !important;background-size: cover !important;}\u00bb][\/vc_column][\/vc_row][vc_row equal_height=\u00bbyes\u00bb css=\u00bb.vc_custom_1608638521917{margin-top: 40px !important;margin-bottom: 50px !important;}\u00bb][vc_column el_class=\u00bbtituloexplora\u00bb animation=\u00bbfade-in-from-left\u00bb css_animation=\u00bbfadeInLeft\u00bb width=\u00bb1\/2&#8243;][vc_raw_html]PGh0bWw+DQo8aGVhZD4NCjxzY3JpcHQgc3JjPSJqcXVlcnktMi4xLjQuanMiPjwvc2NyaXB0Pg0KPGxpbmsgcmVsPSJzdHlsZXNoZWV0IiB0eXBlPSJ0ZXh0L2NzcyIgaHJlZj0ic3R5bGVzLmNzcyI+DQo8c3R5bGU+DQogICAgICAjbWFwIHsNCiAgICAgICAgaGVpZ2h0OiAzNTBweDsNCiAgICAgICAgb3ZlcmZsb3ctYW5jaG9yOm5vbmU7DQogICAgICB9DQo8L3N0eWxlPg0KPC9oZWFkPg0KPGJvZHk+DQo8YnIvPg0KPGJyLz4NCjxkaXYgaWQ9IndyYXBwZXIiPg0KPGRpdiBpZD0ibWFwIj48L2Rpdj4NCiAgICA8c2NyaXB0Pg0KICAgICAgdmFyIG1hcDsNCiAgICAgIGZ1bmN0aW9uIGluaXRNYXAoKSB7DQogICAgICAgIG1hcCA9IG5ldyBnb29nbGUubWFwcy5NYXAoZG9jdW1lbnQuZ2V0RWxlbWVudEJ5SWQoJ21hcCcpLCB7DQogICAgICAgICAgY2VudGVyOiB7bGF0OjQxLjM3NTEyNTQsIGxuZzogMi4xNzg2NDA1fSwNCiAgICAgICAgICB6b29tOiAxNiwNCgkJICBzdHlsZXM6Ww0KICB7DQogICAgImZlYXR1cmVUeXBlIjogImxhbmRzY2FwZS5tYW5fbWFkZSIsDQogICAgImVsZW1lbnRUeXBlIjogImdlb21ldHJ5LmZpbGwiLA0KICAgICJzdHlsZXJzIjogWw0KICAgICAgew0KICAgICAgICAiY29sb3IiOiAiIzY5ODJhYiINCiAgICAgIH0NCiAgICBdDQogIH0sDQogIHsNCiAgICAiZmVhdHVyZVR5cGUiOiAibGFuZHNjYXBlLm5hdHVyYWwiLA0KICAgICJlbGVtZW50VHlwZSI6ICJnZW9tZXRyeS5maWxsIiwNCiAgICAic3R5bGVycyI6IFsNCiAgICAgIHsNCiAgICAgICAgImNvbG9yIjogIiM2OTgyYWIiDQogICAgICB9DQogICAgXQ0KICB9LA0KICB7DQogICAgImZlYXR1cmVUeXBlIjogInBvaSIsDQogICAgImVsZW1lbnRUeXBlIjogImdlb21ldHJ5LmZpbGwiLA0KICAgICJzdHlsZXJzIjogWw0KICAgICAgew0KICAgICAgICAiY29sb3IiOiAiIzMzNDE1YiINCiAgICAgIH0NCiAgICBdDQogIH0sDQogIHsNCiAgICAiZmVhdHVyZVR5cGUiOiAicm9hZCIsDQogICAgImVsZW1lbnRUeXBlIjogImdlb21ldHJ5LmZpbGwiLA0KICAgICJzdHlsZXJzIjogWw0KICAgICAgew0KICAgICAgICAiY29sb3IiOiAiIzFkMmQzZCINCiAgICAgIH0NCiAgICBdDQogIH0sDQogIHsNCiAgICAiZmVhdHVyZVR5cGUiOiAid2F0ZXIiLA0KICAgICJlbGVtZW50VHlwZSI6ICJnZW9tZXRyeS5maWxsIiwNCiAgICAic3R5bGVycyI6IFsNCiAgICAgIHsNCiAgICAgICAgImNvbG9yIjogIiMyZTdkYzAiDQogICAgICB9DQogICAgXQ0KICB9LA0KICB7DQogICAgImZlYXR1cmVUeXBlIjogImFkbWluaXN0cmF0aXZlLmxhbmRfcGFyY2VsIiwNCiAgICAiZWxlbWVudFR5cGUiOiAibGFiZWxzIiwNCiAgICAic3R5bGVycyI6IFsNCiAgICAgIHsNCiAgICAgICAgInZpc2liaWxpdHkiOiAib2ZmIg0KICAgICAgfQ0KICAgIF0NCiAgfSwNCiAgew0KICAgICJmZWF0dXJlVHlwZSI6ICJwb2kiLA0KICAgICJlbGVtZW50VHlwZSI6ICJsYWJlbHMudGV4dCIsDQogICAgInN0eWxlcnMiOiBbDQogICAgICB7DQogICAgICAgICJ2aXNpYmlsaXR5IjogIm9mZiINCiAgICAgIH0NCiAgICBdDQogIH0sDQogIHsNCiAgICAiZmVhdHVyZVR5cGUiOiAicG9pLmJ1c2luZXNzIiwNCiAgICAic3R5bGVycyI6IFsNCiAgICAgIHsNCiAgICAgICAgInZpc2liaWxpdHkiOiAib2ZmIg0KICAgICAgfQ0KICAgIF0NCiAgfSwNCiAgew0KICAgICJmZWF0dXJlVHlwZSI6ICJyb2FkIiwNCiAgICAiZWxlbWVudFR5cGUiOiAibGFiZWxzLmljb24iLA0KICAgICJzdHlsZXJzIjogWw0KICAgICAgew0KICAgICAgICAidmlzaWJpbGl0eSI6ICJvZmYiDQogICAgICB9DQogICAgXQ0KICB9LA0KICB7DQogICAgImZlYXR1cmVUeXBlIjogInJvYWQubG9jYWwiLA0KICAgICJlbGVtZW50VHlwZSI6ICJsYWJlbHMiLA0KICAgICJzdHlsZXJzIjogWw0KICAgICAgew0KICAgICAgICAidmlzaWJpbGl0eSI6ICJvZmYiDQogICAgICB9DQogICAgXQ0KICB9LA0KICB7DQogICAgImZlYXR1cmVUeXBlIjogInRyYW5zaXQiLA0KICAgICJzdHlsZXJzIjogWw0KICAgICAgew0KICAgICAgICAidmlzaWJpbGl0eSI6ICJvZmYiDQogICAgICB9DQogICAgXQ0KICB9DQpdDQoJCSAgDQogICAgICAgIH0pOw0KDQoNCg0KICAgIHZhciBwb3NyYW1ibGFtYXIgPSB7bGF0OiA0MS4zNzUxMjU0LCBsbmc6IDIuMTc4NjQwNX07DQoNCiAgICB2YXIgcmFtYmxhbWFyID0nPGRpdiBjbGFzcz0iaW1hZyI+PGltZyBzcmM9Imh0dHBzOi8vcG9ydHZlbGxiY24uY2F0L3dwLWNvbnRlbnQvdXBsb2Fkcy8yMDE5LzA2L3JhbWJsYV9kZWxfbWFyXzA4LmpwZz9pZD01NDQzIi8+PC9kaXY+JysNCiAgICAJCQkJCSc8YnIvPjxkaXYgY2xhc3M9InRpdHUiPlJhbWJsYSBkZWwgTWFyPC9kaXY+JysNCiAgICAJCQkJCSc8ZGl2IGNsYXNzPSJiYXJyYSI+PGhyPjwvZGl2PicrDQogICAgCQkJCQknPGRpdiBjbGFzcz0idGV4dG8iPkxhIFJhbWJsYSBkZSBNYXIgw6lzIHVuIHBvbnQgaSBwYXNzZWlnIHNvYnJlIGzigJlhaWd1YSBxdWUgcHJvbG9uZ2EgbGVzIHBvcHVsYXJzIFJhbWJsZXMgZmlucyBhbCBtb2xsIGTigJlFc3BhbnlhLjwvZGl2PicrDQogICAgCQkJCQknPGJyLz48ZGl2IGNsYXNzPSJkaXJlY2Npb24iPjxhIGhyZWY9Imh0dHBzOi8vd3d3Lmdvb2dsZS5jb20vbWFwcy9wbGFjZS9SYW1ibGErZGUrTWFyL0A0MS4zNzUxMjU0LDIuMTc4NjQwNSwxN3ovZGF0YT0hM20xITRiMSE0bTUhM200ITFzMHgxMmE0YTI1MzhjNWMwNmU5OjB4MWVhMTczYmUyYmNiZTI2OSE4bTIhM2Q0MS4zNzUxMjU0ITRkMi4xODA4MjkyIj5SYW1ibGEgZGUgTWFyLDxicj4gMDgwMDIgQmFyY2Vsb25hPC9hPjwvZGl2Pic7DQogICAgICAgIA0KICAgIHZhciBpbmZvd2luZG93cmFtYmxhbWFyID0gbmV3IGdvb2dsZS5tYXBzLkluZm9XaW5kb3coew0KICAgICAgICBjb250ZW50OiByYW1ibGFtYXINCiAgICB9KTsNCg0KICAgIHZhciBtYXJrZXJyYW1ibGFtYXIgPSBuZXcgZ29vZ2xlLm1hcHMuTWFya2VyKHsNCiAgICAJCXBvc2l0aW9uOiBwb3NyYW1ibGFtYXIsDQogICAgCQlpY29uOiAnaHR0cHM6Ly9wb3J0dmVsbGJjbi5jYXQvd3AtY29udGVudC91cGxvYWRzLzIwMTkvMTAvaWNvbm9fbWFwYV9uYXJhbmphLnBuZycsDQogICAJCQltYXA6IG1hcCwNCiAgIAkJCWFuaW1hdGlvbjogZ29vZ2xlLm1hcHMuQW5pbWF0aW9uLkRST1AsDQoNCiAgCQl9KTsNCgkNCiAgICAgICANCiAgICBtYXJrZXJyYW1ibGFtYXIuYWRkTGlzdGVuZXIoJ2NsaWNrJywgZnVuY3Rpb24oKSB7DQogICAgCWluZm93aW5kb3dyYW1ibGFtYXIub3BlbihtYXAsIG1hcmtlcnJhbWJsYW1hcik7DQogICAgfSk7DQoNCg0KICAgIA0KDQoNCg0KCX0NCiAgICA8L3NjcmlwdD4NCiAgICA8c2NyaXB0IHNyYz0iaHR0cHM6Ly9tYXBzLmdvb2dsZWFwaXMuY29tL21hcHMvYXBpL2pzP2tleT1BSXphU3lBVjFlU2R1b2VtcDg4S2daV3p6MTYwZ0o2RTZ2VWI0QmMmY2FsbGJhY2s9aW5pdE1hcCINCiAgICBhc3luYyBkZWZlcj48L3NjcmlwdD4NCjwvZGl2Pg0KPC9ib2R5Pg0KPC9odG1sPg==[\/vc_raw_html][\/vc_column][vc_column animation=\u00bbfade-in-from-right\u00bb css_animation=\u00bbfadeInRight\u00bb width=\u00bb1\/2&#8243;][vc_column_text] La Rambla de Mar es un puente y paseo sobre el agua que prolonga las populares Ramblas hasta el muelle de Espa\u00f1a. Proyectada el 1994 por los arquitectos Albert Viaplana y Helio Pi\u00f1\u00f3n (autores tambi\u00e9n del proyecto del edificio Maremagnum), su arquitectura moderna y la forma cuidadosa constituyen una de las im\u00e1genes m\u00e1s emblem\u00e1ticas de la transformaci\u00f3n urban\u00edstica de esta zona La pasarela est\u00e1 dotada de un puente giratorio que cada hora se abre para dejar a las embarcaciones de ocio de las d\u00e1rsenas m\u00e1s interiores del puerto. La Rambla de Mar es atravesada cada a\u00f1o por millones de personas que se dirigen a los espacios p\u00fablicos y en la zona comercial y de ocio del muelle de Espa\u00f1a. [\/vc_column_text][vc_row_inner][vc_column_inner width=\u00bb1\/2&#8243;][\/vc_column_inner][vc_column_inner width=\u00bb1\/2&#8243;][\/vc_column_inner][\/vc_row_inner][\/vc_column][\/vc_row][vc_row type=\u00bbfull_width_section\u00bb top_padding=\u00bb60&#8243; bottom_padding=\u00bb100&#8243;][vc_column width=\u00bb1\/4&#8243;][\/vc_column][vc_column width=\u00bb1\/4&#8243;][\/vc_column][vc_column width=\u00bb1\/4&#8243;][\/vc_column][vc_column width=\u00bb1\/4&#8243;][\/vc_column][\/vc_row]<\/p>\n","protected":false},"author":1,"featured_media":0,"parent":0,"menu_order":0,"comment_status":"closed","ping_status":"closed","template":"","meta":{"_acf_changed":false,"footnotes":""},"class_list":["post-14590","page","type-page","status-publish","hentry"],"acf":[],"_links":{"self":[{"href":"https:\/\/portvellbcn.cat\/es\/wp-json\/wp\/v2\/pages\/14590","targetHints":{"allow":["GET"]}}],"collection":[{"href":"https:\/\/portvellbcn.cat\/es\/wp-json\/wp\/v2\/pages"}],"about":[{"href":"https:\/\/portvellbcn.cat\/es\/wp-json\/wp\/v2\/types\/page"}],"author":[{"embeddable":true,"href":"https:\/\/portvellbcn.cat\/es\/wp-json\/wp\/v2\/users\/1"}],"replies":[{"embeddable":true,"href":"https:\/\/portvellbcn.cat\/es\/wp-json\/wp\/v2\/comments?post=14590"}],"version-history":[{"count":0,"href":"https:\/\/portvellbcn.cat\/es\/wp-json\/wp\/v2\/pages\/14590\/revisions"}],"wp:attachment":[{"href":"https:\/\/portvellbcn.cat\/es\/wp-json\/wp\/v2\/media?parent=14590"}],"curies":[{"name":"wp","href":"https:\/\/api.w.org\/{rel}","templated":true}]}}