{"id":14578,"date":"2023-07-27T12:30:57","date_gmt":"2023-07-27T10:30:57","guid":{"rendered":"https:\/\/portvellbcn.cat\/torre-del-rellotge\/"},"modified":"2023-07-27T12:32:52","modified_gmt":"2023-07-27T10:32:52","slug":"torre-del-rellotge","status":"publish","type":"page","link":"https:\/\/portvellbcn.cat\/es\/torre-del-rellotge\/","title":{"rendered":"Torre del Rellotge"},"content":{"rendered":"<div class=\"wpb-content-wrapper\"><p>[vc_row type=\u00bbfull_width_section\u00bb top_padding=\u00bb100&#8243; bottom_padding=\u00bb100&#8243;][vc_column width=\u00bb1\/4&#8243;][\/vc_column][vc_column width=\u00bb2\/4&#8243;][vc_column_text css_animation=\u00bbfadeInUp\u00bb css=\u00bb.vc_custom_1583940689502{margin-bottom: 15px !important;}\u00bb]<\/p>\n<p style=\"text-align: center; letter-spacing: 4px;\"><span style=\"color: #999999; font-size: 14px; letter-spacing: 4px;\">ESPACIO P\u00daBLICO<\/span><\/p>\n<p>&nbsp;[\/vc_column_text][vc_column_text css_animation=\u00bbfadeInUp\u00bb]<\/p>\n<p style=\"text-align: center;\"><span class=\"s1\" style=\"font-size: 60px; color: #333333;\"><span style=\"font-family: 'Poppins', sans-serif; font-weight: 300; letter-spacing: 1px;\"><span style=\"line-height: 1.2em; display: inline-block; width: 100%;\"><span style=\"font-family: 'Poppins', sans-serif; font-weight: 400;\"><span style=\"font-family: 'Poppins', sans-serif; font-weight: 500;\"><span class=\"titulofuente\" style=\"font-family: 'Playfair Display', sans-serif; font-weight: 400;\">Torre del Reloj<\/span><\/span><\/span><\/span><\/span><\/span><\/p>\n<p>&nbsp;[\/vc_column_text][vc_zigzag color=\u00bbsandy_brown\u00bb el_width=\u00bb10&#8243;][\/vc_column][vc_column width=\u00bb1\/4&#8243;][\/vc_column][\/vc_row][vc_row type=\u00bbfull_width_section\u00bb bottom_padding=\u00bb50&#8243; full_width=\u00bbstretch_row_content_no_spaces\u00bb el_class=\u00bb.vc-col-xs-margin-top-0&#8243; css=\u00bb.vc_custom_1608638457077{margin-bottom: 40px !important;}\u00bb][vc_column animation=\u00bbfade-in-from-left\u00bb bg_image=\u00bb5451&#8243; css_animation=\u00bbfadeInLeft\u00bb css=\u00bb.vc_custom_1563806848334{padding-top: 400px !important;padding-right: 0px !important;padding-bottom: 300px !important;padding-left: 0px !important;background-image: url(https:\/\/portvellbcn.cat\/wp-content\/uploads\/2019\/06\/torre-de-jaume.jpg?id=5445) !important;background-position: center !important;background-repeat: no-repeat !important;background-size: cover !important;}\u00bb]<div class=\"spacer\" style=\"height: 750px;\"><\/div>[\/vc_column][\/vc_row][vc_row equal_height=\u00bbyes\u00bb css=\u00bb.vc_custom_1608638521917{margin-top: 40px !important;margin-bottom: 50px !important;}\u00bb][vc_column el_class=\u00bbtituloexplora\u00bb animation=\u00bbfade-in-from-left\u00bb css_animation=\u00bbfadeInLeft\u00bb width=\u00bb1\/2&#8243;][vc_raw_html]PHNjcmlwdCBzcmM9ImpxdWVyeS0yLjEuNC5qcyI+PC9zY3JpcHQ+DQoNCjxzdHlsZT4NCiAgICAgICNtYXAgezxiciAvPg0KICAgICAgICBoZWlnaHQ6IDM1MHB4OzxiciAvPg0KICAgICAgICBvdmVyZmxvdy1hbmNob3I6bm9uZTs8YnIgLz4NCiAgICAgIH08YnIgLz4NCjwvc3R5bGU+DQoNCiZuYnNwOw0KPGRpdiBpZD0id3JhcHBlciI+DQo8ZGl2IGlkPSJtYXAiPjwvZGl2Pg0KPHNjcmlwdD4NCiAgICAgIHZhciBtYXA7DQogICAgICBmdW5jdGlvbiBpbml0TWFwKCkgew0KICAgICAgICBtYXAgPSBuZXcgZ29vZ2xlLm1hcHMuTWFwKGRvY3VtZW50LmdldEVsZW1lbnRCeUlkKCdtYXAnKSwgew0KICAgICAgICAgIGNlbnRlcjoge2xhdDogNDEuMzc1MTY3LCBsbmc6IDIuMTg2MTk0fSwNCiAgICAgICAgICB6b29tOiAxNiwNCgkJICBzdHlsZXM6Ww0KICB7DQogICAgImZlYXR1cmVUeXBlIjogImxhbmRzY2FwZS5tYW5fbWFkZSIsDQogICAgImVsZW1lbnRUeXBlIjogImdlb21ldHJ5LmZpbGwiLA0KICAgICJzdHlsZXJzIjogWw0KICAgICAgew0KICAgICAgICAiY29sb3IiOiAiIzY5ODJhYiINCiAgICAgIH0NCiAgICBdDQogIH0sDQogIHsNCiAgICAiZmVhdHVyZVR5cGUiOiAibGFuZHNjYXBlLm5hdHVyYWwiLA0KICAgICJlbGVtZW50VHlwZSI6ICJnZW9tZXRyeS5maWxsIiwNCiAgICAic3R5bGVycyI6IFsNCiAgICAgIHsNCiAgICAgICAgImNvbG9yIjogIiM2OTgyYWIiDQogICAgICB9DQogICAgXQ0KICB9LA0KICB7DQogICAgImZlYXR1cmVUeXBlIjogInBvaSIsDQogICAgImVsZW1lbnRUeXBlIjogImdlb21ldHJ5LmZpbGwiLA0KICAgICJzdHlsZXJzIjogWw0KICAgICAgew0KICAgICAgICAiY29sb3IiOiAiIzMzNDE1YiINCiAgICAgIH0NCiAgICBdDQogIH0sDQogIHsNCiAgICAiZmVhdHVyZVR5cGUiOiAicm9hZCIsDQogICAgImVsZW1lbnRUeXBlIjogImdlb21ldHJ5LmZpbGwiLA0KICAgICJzdHlsZXJzIjogWw0KICAgICAgew0KICAgICAgICAiY29sb3IiOiAiIzFkMmQzZCINCiAgICAgIH0NCiAgICBdDQogIH0sDQogIHsNCiAgICAiZmVhdHVyZVR5cGUiOiAid2F0ZXIiLA0KICAgICJlbGVtZW50VHlwZSI6ICJnZW9tZXRyeS5maWxsIiwNCiAgICAic3R5bGVycyI6IFsNCiAgICAgIHsNCiAgICAgICAgImNvbG9yIjogIiMyZTdkYzAiDQogICAgICB9DQogICAgXQ0KICB9LA0KICB7DQogICAgImZlYXR1cmVUeXBlIjogImFkbWluaXN0cmF0aXZlLmxhbmRfcGFyY2VsIiwNCiAgICAiZWxlbWVudFR5cGUiOiAibGFiZWxzIiwNCiAgICAic3R5bGVycyI6IFsNCiAgICAgIHsNCiAgICAgICAgInZpc2liaWxpdHkiOiAib2ZmIg0KICAgICAgfQ0KICAgIF0NCiAgfSwNCiAgew0KICAgICJmZWF0dXJlVHlwZSI6ICJwb2kiLA0KICAgICJlbGVtZW50VHlwZSI6ICJsYWJlbHMudGV4dCIsDQogICAgInN0eWxlcnMiOiBbDQogICAgICB7DQogICAgICAgICJ2aXNpYmlsaXR5IjogIm9mZiINCiAgICAgIH0NCiAgICBdDQogIH0sDQogIHsNCiAgICAiZmVhdHVyZVR5cGUiOiAicG9pLmJ1c2luZXNzIiwNCiAgICAic3R5bGVycyI6IFsNCiAgICAgIHsNCiAgICAgICAgInZpc2liaWxpdHkiOiAib2ZmIg0KICAgICAgfQ0KICAgIF0NCiAgfSwNCiAgew0KICAgICJmZWF0dXJlVHlwZSI6ICJyb2FkIiwNCiAgICAiZWxlbWVudFR5cGUiOiAibGFiZWxzLmljb24iLA0KICAgICJzdHlsZXJzIjogWw0KICAgICAgew0KICAgICAgICAidmlzaWJpbGl0eSI6ICJvZmYiDQogICAgICB9DQogICAgXQ0KICB9LA0KICB7DQogICAgImZlYXR1cmVUeXBlIjogInJvYWQubG9jYWwiLA0KICAgICJlbGVtZW50VHlwZSI6ICJsYWJlbHMiLA0KICAgICJzdHlsZXJzIjogWw0KICAgICAgew0KICAgICAgICAidmlzaWJpbGl0eSI6ICJvZmYiDQogICAgICB9DQogICAgXQ0KICB9LA0KICB7DQogICAgImZlYXR1cmVUeXBlIjogInRyYW5zaXQiLA0KICAgICJzdHlsZXJzIjogWw0KICAgICAgew0KICAgICAgICAidmlzaWJpbGl0eSI6ICJvZmYiDQogICAgICB9DQogICAgXQ0KICB9DQpdDQoJCSAgDQogICAgICAgIH0pOw0KDQoNCiAgICB2YXIgcG9zdG9ycmVyZWxsb3RnZT0ge2xhdDogNDEuMzc1MTY3LCBsbmc6IDIuMTg2MTk0fTsNCg0KICAgIHZhciB0b3JyZXJlbGxvdGdlID0nPC9wPg0KPGRpdiBjbGFzcz0iaW1hZyI+PGltZyBzcmM9Imh0dHBzOi8vcG9ydHZlbGxiY24uY2F0L3dwLWNvbnRlbnQvdXBsb2Fkcy8yMDE5LzA2L3RvcnJlLXJlbGxvdGdlLTAxLmpwZz9pZD01NDUxIi8+PC9kaXY+DQo8cD4nKw0KICAgIAkJCQkJJzxici8+PC9wPg0KPGRpdiBjbGFzcz0idGl0dSI+VG9ycmUgZGVsIFJlbGxvdGdlPC9kaXY+DQo8cD4nKw0KICAgIAkJCQkJJzwvcD4NCjxkaXYgY2xhc3M9ImJhcnJhIj4NCjxocj4NCjwvZGl2Pg0KPHA+JysNCiAgICAJCQkJCSc8L3A+DQo8ZGl2IGNsYXNzPSJ0ZXh0byI+TGEgVG9ycmUgZGVsIFJlbGxvdGdlIMOpcyB1biBhbnRpYyBmYXIgY29uc3RydcOvdCBlbCAxNzcyIHBlciBpbmRpY2FyIGzigJllbnRyYWRhIGRlbCBwb3J0LiBFbCAxOTA0LCBxdWFuIGphIGVzdGF2ZW4gY29tZW7Dp2FkZXMgbGVzIGltcG9ydGFudHMgb2JyZXMgZOKAmWFtcGxpYWNpw7MgZGVsIHBvcnQgcHJvamVjdGFkZXMgZWwgMTkwMCwgc+KAmWhpIHZhIGluc3RhbMK3bGFyIHVuIGdyYW4gcmVsbG90Z2UuPC9kaXY+DQo8cD4nKw0KICAgIAkJCQkJJzxici8+PC9wPg0KPGRpdiBjbGFzcz0iZGlyZWNjaW9uIj48YSBocmVmPSJodHRwczovL3d3dy5nb29nbGUuY29tL21hcHMvcGxhY2UvTW9sbCtkZStQZXNjYWRvcnMsKzA4MDM5K0JhcmNlbG9uYS9ANDEuMzc1MjE5NCwyLjE4NDAyMjMsMTd6L2RhdGE9ITNtMSE0YjEhNG01ITNtNCExczB4MTJhNGEzYWM4MzI3N2Q3ZDoweDNhNDhiZDYyNzFkYmE0ZGMhOG0yITNkNDEuMzc1MjE5NCE0ZDIuMTg2MjExIj5Nb2xsIGRlIFBlc2NhZG9ycyw8YnI+MDgwMzkgQmFyY2Vsb25hPC9hPjwvZGl2Pg0KPHA+JzsNCiAgICAgICAgDQogICAgdmFyIGluZm93aW5kb3d0b3JyZXJlbGxvdGdlID0gbmV3IGdvb2dsZS5tYXBzLkluZm9XaW5kb3coew0KICAgICAgICBjb250ZW50OiB0b3JyZXJlbGxvdGdlDQogICAgfSk7DQoNCiAgICB2YXIgbWFya2VydG9ycmVyZWxsb3RnZSA9IG5ldyBnb29nbGUubWFwcy5NYXJrZXIoew0KICAgIAkJcG9zaXRpb246IHBvc3RvcnJlcmVsbG90Z2UsDQogICAgCQlpY29uOiAnaHR0cHM6Ly9wb3J0dmVsbGJjbi5jYXQvd3AtY29udGVudC91cGxvYWRzLzIwMTkvMTAvaWNvbm9fbWFwYV9uYXJhbmphLnBuZycsDQogICAJCQltYXA6IG1hcCwNCiAgIAkJCWFuaW1hdGlvbjogZ29vZ2xlLm1hcHMuQW5pbWF0aW9uLkRST1AsDQoNCiAgCQl9KTsNCgkNCiAgICAgICANCiAgICBtYXJrZXJ0b3JyZXJlbGxvdGdlLmFkZExpc3RlbmVyKCdjbGljaycsIGZ1bmN0aW9uKCkgew0KICAgIAlpbmZvd2luZG93dG9ycmVyZWxsb3RnZS5vcGVuKG1hcCwgbWFya2VydG9ycmVyZWxsb3RnZSk7DQogICAgfSk7DQoNCg0KICANCg0KCX0NCiAgICA8L3NjcmlwdD4NCjxzY3JpcHQgc3JjPSJodHRwczovL21hcHMuZ29vZ2xlYXBpcy5jb20vbWFwcy9hcGkvanM\/a2V5PUFJemFTeUFWMWVTZHVvZW1wODhLZ1pXenoxNjBnSjZFNnZVYjRCYyZjYWxsYmFjaz1pbml0TWFwIiBhc3luYyBkZWZlcj48L3NjcmlwdD4NCg0KPC9kaXY+DQombmJzcDs=[\/vc_raw_html][\/vc_column][vc_column animation=\u00bbfade-in-from-right\u00bb css_animation=\u00bbfadeInRight\u00bb width=\u00bb1\/2&#8243;]<div class=\"spacer\" style=\"height: 40px;\"><\/div>[vc_column_text]<\/p>\n<p style=\"text-align: justify;\"><span style=\"font-size: 15px;\">La Torre del Reloj es un antiguo faro construido el 1772 para indicar la entrada del puerto. El 1904, cuando ya estaban empezadas las importantes obras de ampliaci\u00f3n del puerto proyectadas el 1900, se instal\u00f3 un gran reloj.<\/span><\/p>\n<p style=\"text-align: justify;\"><span style=\"font-size: 15px;\">La torre sirvi\u00f3 al geod\u00e9sico franc\u00e9s Pierre M\u00e9chain para efectuar las medidas, a comienzos de la d\u00e9cada de 1790, para calcular la longitud del meridiano entre Dunkerque y Barcelona y determinar la medida b\u00e1sica del sistema decimal: el metro.<br \/>\n<\/span><span style=\"font-size: 15px;\"><br \/>\nTambi\u00e9n es el punto de confluencia de la prolongaci\u00f3n de dos avenidas importantes de la ciudad, el Paralelo y la Meridiana, que dise\u00f1\u00f3 Ildefonso Cerd\u00e0 siguiendo un paralelo y un meridiano en el Plan Cerd\u00e0 de Barcelona aprobado el 1860. Est\u00e1 catalogada como Bien Cultural de Inter\u00e9s Local.<\/span><\/p>\n<p>[\/vc_column_text]<div class=\"divider divider2\" style='margin:10px 0 10px 0 !important;'><\/div>[vc_row_inner][vc_column_inner width=\u00bb1\/2&#8243;]<div class=\"iconbox  wpb_content_element iconbox-style-1 icon-color-accent color-dark animation-none\"><h3><i class=\"fa fa-globe boxicon\" style=\"\"><\/i><span>Web:<\/span><\/h3><p><span style=\"font-size: 13px;\"><a href=\"https:\/\/portvellbcn.cat\/\" target=\"_blank\" rel=\"noopener\">www.portvellbcn.cat<\/a><\/span><\/p><\/div><div class=\"iconbox  wpb_content_element iconbox-style-1 icon-color-accent color-dark animation-none\"><h3><i class=\"fa fa-envelope boxicon\" style=\"\"><\/i><span>Contacto:<\/span><\/h3><p><span style=\"font-size: 13px;\"><a href=\"mailto:info@portvellbcn.cat\" target=\"_blank\" rel=\"noopener noreferrer\">info@portvellbcn.cat<\/a><\/span><\/p><\/div>[\/vc_column_inner][vc_column_inner width=\u00bb1\/2&#8243;]<div class=\"iconbox  wpb_content_element iconbox-style-1 icon-color-accent color-dark animation-none\"><h3><i class=\"fa fa-map-marker-alt boxicon\" style=\"\"><\/i><span>Ubicaci\u00f3n:<\/span><\/h3><p><span style=\"font-size: 13px;\"><a href=\"https:\/\/www.google.com\/maps?q=Moll+de+Pescadors,+08039+Barcelona&amp;um=1&amp;ie=UTF-8&amp;sa=X&amp;ved=2ahUKEwjk4fPaufTmAhUXAWMBHSjvAO4Q_AUoAXoECBAQAw\">Moll de Pescadors,<\/a><\/span><span style=\"font-size: 13px;\"><a href=\"https:\/\/www.google.com\/maps?q=Moll+de+Pescadors,+08039+Barcelona&amp;um=1&amp;ie=UTF-8&amp;sa=X&amp;ved=2ahUKEwjk4fPaufTmAhUXAWMBHSjvAO4Q_AUoAXoECBAQAw\">08039 Barcelona<\/a><\/span><\/p><\/div>[\/vc_column_inner][\/vc_row_inner][\/vc_column][\/vc_row][vc_row type=\u00bbfull_width_section\u00bb top_padding=\u00bb60&#8243;][vc_column width=\u00bb1\/4&#8243;]<div class=\"single_image wpb_content_element align-left    \" data-animation=\"none\" data-delay=\"0\"><a href=\"https:\/\/portvellbcn.cat\/wp-content\/uploads\/2023\/07\/TORRE_RELOJ.jpg\" class=\"prettyPhoto\" rel=\"prettyPhoto[image]\"><img loading=\"lazy\" decoding=\"async\" width=\"1920\" height=\"1080\" src=\"https:\/\/portvellbcn.cat\/wp-content\/uploads\/2023\/07\/TORRE_RELOJ.jpg\" class=\"attachment-full\" alt=\"\" title=\"TORRE_RELOJ\" srcset=\"https:\/\/portvellbcn.cat\/wp-content\/uploads\/2023\/07\/TORRE_RELOJ.jpg 1920w, https:\/\/portvellbcn.cat\/wp-content\/uploads\/2023\/07\/TORRE_RELOJ-300x169.jpg 300w, https:\/\/portvellbcn.cat\/wp-content\/uploads\/2023\/07\/TORRE_RELOJ-1024x576.jpg 1024w, https:\/\/portvellbcn.cat\/wp-content\/uploads\/2023\/07\/TORRE_RELOJ-768x432.jpg 768w, https:\/\/portvellbcn.cat\/wp-content\/uploads\/2023\/07\/TORRE_RELOJ-1536x864.jpg 1536w, https:\/\/portvellbcn.cat\/wp-content\/uploads\/2023\/07\/TORRE_RELOJ-1000x563.jpg 1000w\" sizes=\"auto, (max-width: 1920px) 100vw, 1920px\" \/><\/a><\/div>[\/vc_column][vc_column width=\u00bb1\/4&#8243;]<div class=\"single_image wpb_content_element align-left    \" data-animation=\"none\" data-delay=\"0\"><a href=\"https:\/\/portvellbcn.cat\/wp-content\/uploads\/2023\/07\/Torre_rellotge_2.jpg\" class=\"prettyPhoto\" rel=\"prettyPhoto[image]\"><img loading=\"lazy\" decoding=\"async\" width=\"1920\" height=\"1080\" src=\"https:\/\/portvellbcn.cat\/wp-content\/uploads\/2023\/07\/Torre_rellotge_2.jpg\" class=\"attachment-full\" alt=\"\" title=\"Torre_rellotge_2\" srcset=\"https:\/\/portvellbcn.cat\/wp-content\/uploads\/2023\/07\/Torre_rellotge_2.jpg 1920w, https:\/\/portvellbcn.cat\/wp-content\/uploads\/2023\/07\/Torre_rellotge_2-300x169.jpg 300w, https:\/\/portvellbcn.cat\/wp-content\/uploads\/2023\/07\/Torre_rellotge_2-1024x576.jpg 1024w, https:\/\/portvellbcn.cat\/wp-content\/uploads\/2023\/07\/Torre_rellotge_2-768x432.jpg 768w, https:\/\/portvellbcn.cat\/wp-content\/uploads\/2023\/07\/Torre_rellotge_2-1536x864.jpg 1536w, https:\/\/portvellbcn.cat\/wp-content\/uploads\/2023\/07\/Torre_rellotge_2-1000x563.jpg 1000w\" sizes=\"auto, (max-width: 1920px) 100vw, 1920px\" \/><\/a><\/div>[\/vc_column][vc_column width=\u00bb1\/4&#8243;]<div class=\"single_image wpb_content_element align-left    \" data-animation=\"none\" data-delay=\"0\"><a href=\"https:\/\/portvellbcn.cat\/wp-content\/uploads\/2023\/07\/Torre_rellotge_1.jpg\" class=\"prettyPhoto\" rel=\"prettyPhoto[image]\"><img loading=\"lazy\" decoding=\"async\" width=\"1920\" height=\"1080\" src=\"https:\/\/portvellbcn.cat\/wp-content\/uploads\/2023\/07\/Torre_rellotge_1.jpg\" class=\"attachment-full\" alt=\"\" title=\"Torre_rellotge_1\" srcset=\"https:\/\/portvellbcn.cat\/wp-content\/uploads\/2023\/07\/Torre_rellotge_1.jpg 1920w, https:\/\/portvellbcn.cat\/wp-content\/uploads\/2023\/07\/Torre_rellotge_1-300x169.jpg 300w, https:\/\/portvellbcn.cat\/wp-content\/uploads\/2023\/07\/Torre_rellotge_1-1024x576.jpg 1024w, https:\/\/portvellbcn.cat\/wp-content\/uploads\/2023\/07\/Torre_rellotge_1-768x432.jpg 768w, https:\/\/portvellbcn.cat\/wp-content\/uploads\/2023\/07\/Torre_rellotge_1-1536x864.jpg 1536w, https:\/\/portvellbcn.cat\/wp-content\/uploads\/2023\/07\/Torre_rellotge_1-1000x563.jpg 1000w\" sizes=\"auto, (max-width: 1920px) 100vw, 1920px\" \/><\/a><\/div>[\/vc_column][vc_column width=\u00bb1\/4&#8243;]<div class=\"single_image wpb_content_element align-left    \" data-animation=\"none\" data-delay=\"0\"><a href=\"https:\/\/portvellbcn.cat\/wp-content\/uploads\/2023\/07\/Torre_rellotge3.jpg\" class=\"prettyPhoto\" rel=\"prettyPhoto[image]\"><img loading=\"lazy\" decoding=\"async\" width=\"1920\" height=\"1080\" src=\"https:\/\/portvellbcn.cat\/wp-content\/uploads\/2023\/07\/Torre_rellotge3.jpg\" class=\"attachment-full\" alt=\"\" title=\"Torre_rellotge3\" srcset=\"https:\/\/portvellbcn.cat\/wp-content\/uploads\/2023\/07\/Torre_rellotge3.jpg 1920w, https:\/\/portvellbcn.cat\/wp-content\/uploads\/2023\/07\/Torre_rellotge3-300x169.jpg 300w, https:\/\/portvellbcn.cat\/wp-content\/uploads\/2023\/07\/Torre_rellotge3-1024x576.jpg 1024w, https:\/\/portvellbcn.cat\/wp-content\/uploads\/2023\/07\/Torre_rellotge3-768x432.jpg 768w, https:\/\/portvellbcn.cat\/wp-content\/uploads\/2023\/07\/Torre_rellotge3-1536x864.jpg 1536w, https:\/\/portvellbcn.cat\/wp-content\/uploads\/2023\/07\/Torre_rellotge3-1000x563.jpg 1000w\" sizes=\"auto, (max-width: 1920px) 100vw, 1920px\" \/><\/a><\/div>[\/vc_column][\/vc_row]<\/p>\n<\/div>","protected":false},"excerpt":{"rendered":"<p>[vc_row type=\u00bbfull_width_section\u00bb top_padding=\u00bb100&#8243; bottom_padding=\u00bb100&#8243;][vc_column width=\u00bb1\/4&#8243;][\/vc_column][vc_column width=\u00bb2\/4&#8243;][vc_column_text css_animation=\u00bbfadeInUp\u00bb css=\u00bb.vc_custom_1583940689502{margin-bottom: 15px !important;}\u00bb] ESPACIO P\u00daBLICO &nbsp;[\/vc_column_text][vc_column_text css_animation=\u00bbfadeInUp\u00bb] Torre del Reloj &nbsp;[\/vc_column_text][vc_zigzag color=\u00bbsandy_brown\u00bb el_width=\u00bb10&#8243;][\/vc_column][vc_column width=\u00bb1\/4&#8243;][\/vc_column][\/vc_row][vc_row type=\u00bbfull_width_section\u00bb bottom_padding=\u00bb50&#8243; full_width=\u00bbstretch_row_content_no_spaces\u00bb el_class=\u00bb.vc-col-xs-margin-top-0&#8243; css=\u00bb.vc_custom_1608638457077{margin-bottom: 40px !important;}\u00bb][vc_column animation=\u00bbfade-in-from-left\u00bb bg_image=\u00bb5451&#8243; css_animation=\u00bbfadeInLeft\u00bb css=\u00bb.vc_custom_1563806848334{padding-top: 400px !important;padding-right: 0px !important;padding-bottom: 300px !important;padding-left: 0px !important;background-image: url(https:\/\/portvellbcn.cat\/wp-content\/uploads\/2019\/06\/torre-de-jaume.jpg?id=5445) !important;background-position: center !important;background-repeat: no-repeat !important;background-size: cover !important;}\u00bb][\/vc_column][\/vc_row][vc_row equal_height=\u00bbyes\u00bb css=\u00bb.vc_custom_1608638521917{margin-top: 40px !important;margin-bottom: 50px !important;}\u00bb][vc_column el_class=\u00bbtituloexplora\u00bb animation=\u00bbfade-in-from-left\u00bb css_animation=\u00bbfadeInLeft\u00bb width=\u00bb1\/2&#8243;][vc_raw_html]PHNjcmlwdCBzcmM9ImpxdWVyeS0yLjEuNC5qcyI+PC9zY3JpcHQ+DQoNCjxzdHlsZT4NCiAgICAgICNtYXAgezxiciAvPg0KICAgICAgICBoZWlnaHQ6IDM1MHB4OzxiciAvPg0KICAgICAgICBvdmVyZmxvdy1hbmNob3I6bm9uZTs8YnIgLz4NCiAgICAgIH08YnIgLz4NCjwvc3R5bGU+DQoNCiZuYnNwOw0KPGRpdiBpZD0id3JhcHBlciI+DQo8ZGl2IGlkPSJtYXAiPjwvZGl2Pg0KPHNjcmlwdD4NCiAgICAgIHZhciBtYXA7DQogICAgICBmdW5jdGlvbiBpbml0TWFwKCkgew0KICAgICAgICBtYXAgPSBuZXcgZ29vZ2xlLm1hcHMuTWFwKGRvY3VtZW50LmdldEVsZW1lbnRCeUlkKCdtYXAnKSwgew0KICAgICAgICAgIGNlbnRlcjoge2xhdDogNDEuMzc1MTY3LCBsbmc6IDIuMTg2MTk0fSwNCiAgICAgICAgICB6b29tOiAxNiwNCgkJICBzdHlsZXM6Ww0KICB7DQogICAgImZlYXR1cmVUeXBlIjogImxhbmRzY2FwZS5tYW5fbWFkZSIsDQogICAgImVsZW1lbnRUeXBlIjogImdlb21ldHJ5LmZpbGwiLA0KICAgICJzdHlsZXJzIjogWw0KICAgICAgew0KICAgICAgICAiY29sb3IiOiAiIzY5ODJhYiINCiAgICAgIH0NCiAgICBdDQogIH0sDQogIHsNCiAgICAiZmVhdHVyZVR5cGUiOiAibGFuZHNjYXBlLm5hdHVyYWwiLA0KICAgICJlbGVtZW50VHlwZSI6ICJnZW9tZXRyeS5maWxsIiwNCiAgICAic3R5bGVycyI6IFsNCiAgICAgIHsNCiAgICAgICAgImNvbG9yIjogIiM2OTgyYWIiDQogICAgICB9DQogICAgXQ0KICB9LA0KICB7DQogICAgImZlYXR1cmVUeXBlIjogInBvaSIsDQogICAgImVsZW1lbnRUeXBlIjogImdlb21ldHJ5LmZpbGwiLA0KICAgICJzdHlsZXJzIjogWw0KICAgICAgew0KICAgICAgICAiY29sb3IiOiAiIzMzNDE1YiINCiAgICAgIH0NCiAgICBdDQogIH0sDQogIHsNCiAgICAiZmVhdHVyZVR5cGUiOiAicm9hZCIsDQogICAgImVsZW1lbnRUeXBlIjogImdlb21ldHJ5LmZpbGwiLA0KICAgICJzdHlsZXJzIjogWw0KICAgICAgew0KICAgICAgICAiY29sb3IiOiAiIzFkMmQzZCINCiAgICAgIH0NCiAgICBdDQogIH0sDQogIHsNCiAgICAiZmVhdHVyZVR5cGUiOiAid2F0ZXIiLA0KICAgICJlbGVtZW50VHlwZSI6ICJnZW9tZXRyeS5maWxsIiwNCiAgICAic3R5bGVycyI6IFsNCiAgICAgIHsNCiAgICAgICAgImNvbG9yIjogIiMyZTdkYzAiDQogICAgICB9DQogICAgXQ0KICB9LA0KICB7DQogICAgImZlYXR1cmVUeXBlIjogImFkbWluaXN0cmF0aXZlLmxhbmRfcGFyY2VsIiwNCiAgICAiZWxlbWVudFR5cGUiOiAibGFiZWxzIiwNCiAgICAic3R5bGVycyI6IFsNCiAgICAgIHsNCiAgICAgICAgInZpc2liaWxpdHkiOiAib2ZmIg0KICAgICAgfQ0KICAgIF0NCiAgfSwNCiAgew0KICAgICJmZWF0dXJlVHlwZSI6ICJwb2kiLA0KICAgICJlbGVtZW50VHlwZSI6ICJsYWJlbHMudGV4dCIsDQogICAgInN0eWxlcnMiOiBbDQogICAgICB7DQogICAgICAgICJ2aXNpYmlsaXR5IjogIm9mZiINCiAgICAgIH0NCiAgICBdDQogIH0sDQogIHsNCiAgICAiZmVhdHVyZVR5cGUiOiAicG9pLmJ1c2luZXNzIiwNCiAgICAic3R5bGVycyI6IFsNCiAgICAgIHsNCiAgICAgICAgInZpc2liaWxpdHkiOiAib2ZmIg0KICAgICAgfQ0KICAgIF0NCiAgfSwNCiAgew0KICAgICJmZWF0dXJlVHlwZSI6ICJyb2FkIiwNCiAgICAiZWxlbWVudFR5cGUiOiAibGFiZWxzLmljb24iLA0KICAgICJzdHlsZXJzIjogWw0KICAgICAgew0KICAgICAgICAidmlzaWJpbGl0eSI6ICJvZmYiDQogICAgICB9DQogICAgXQ0KICB9LA0KICB7DQogICAgImZlYXR1cmVUeXBlIjogInJvYWQubG9jYWwiLA0KICAgICJlbGVtZW50VHlwZSI6ICJsYWJlbHMiLA0KICAgICJzdHlsZXJzIjogWw0KICAgICAgew0KICAgICAgICAidmlzaWJpbGl0eSI6ICJvZmYiDQogICAgICB9DQogICAgXQ0KICB9LA0KICB7DQogICAgImZlYXR1cmVUeXBlIjogInRyYW5zaXQiLA0KICAgICJzdHlsZXJzIjogWw0KICAgICAgew0KICAgICAgICAidmlzaWJpbGl0eSI6ICJvZmYiDQogICAgICB9DQogICAgXQ0KICB9DQpdDQoJCSAgDQogICAgICAgIH0pOw0KDQoNCiAgICB2YXIgcG9zdG9ycmVyZWxsb3RnZT0ge2xhdDogNDEuMzc1MTY3LCBsbmc6IDIuMTg2MTk0fTsNCg0KICAgIHZhciB0b3JyZXJlbGxvdGdlID0nPC9wPg0KPGRpdiBjbGFzcz0iaW1hZyI+PGltZyBzcmM9Imh0dHBzOi8vcG9ydHZlbGxiY24uY2F0L3dwLWNvbnRlbnQvdXBsb2Fkcy8yMDE5LzA2L3RvcnJlLXJlbGxvdGdlLTAxLmpwZz9pZD01NDUxIi8+PC9kaXY+DQo8cD4nKw0KICAgIAkJCQkJJzxici8+PC9wPg0KPGRpdiBjbGFzcz0idGl0dSI+VG9ycmUgZGVsIFJlbGxvdGdlPC9kaXY+DQo8cD4nKw0KICAgIAkJCQkJJzwvcD4NCjxkaXYgY2xhc3M9ImJhcnJhIj4NCjxocj4NCjwvZGl2Pg0KPHA+JysNCiAgICAJCQkJCSc8L3A+DQo8ZGl2IGNsYXNzPSJ0ZXh0byI+TGEgVG9ycmUgZGVsIFJlbGxvdGdlIMOpcyB1biBhbnRpYyBmYXIgY29uc3RydcOvdCBlbCAxNzcyIHBlciBpbmRpY2FyIGzigJllbnRyYWRhIGRlbCBwb3J0LiBFbCAxOTA0LCBxdWFuIGphIGVzdGF2ZW4gY29tZW7Dp2FkZXMgbGVzIGltcG9ydGFudHMgb2JyZXMgZOKAmWFtcGxpYWNpw7MgZGVsIHBvcnQgcHJvamVjdGFkZXMgZWwgMTkwMCwgc+KAmWhpIHZhIGluc3RhbMK3bGFyIHVuIGdyYW4gcmVsbG90Z2UuPC9kaXY+DQo8cD4nKw0KICAgIAkJCQkJJzxici8+PC9wPg0KPGRpdiBjbGFzcz0iZGlyZWNjaW9uIj48YSBocmVmPSJodHRwczovL3d3dy5nb29nbGUuY29tL21hcHMvcGxhY2UvTW9sbCtkZStQZXNjYWRvcnMsKzA4MDM5K0JhcmNlbG9uYS9ANDEuMzc1MjE5NCwyLjE4NDAyMjMsMTd6L2RhdGE9ITNtMSE0YjEhNG01ITNtNCExczB4MTJhNGEzYWM4MzI3N2Q3ZDoweDNhNDhiZDYyNzFkYmE0ZGMhOG0yITNkNDEuMzc1MjE5NCE0ZDIuMTg2MjExIj5Nb2xsIGRlIFBlc2NhZG9ycyw8YnI+MDgwMzkgQmFyY2Vsb25hPC9hPjwvZGl2Pg0KPHA+JzsNCiAgICAgICAgDQogICAgdmFyIGluZm93aW5kb3d0b3JyZXJlbGxvdGdlID0gbmV3IGdvb2dsZS5tYXBzLkluZm9XaW5kb3coew0KICAgICAgICBjb250ZW50OiB0b3JyZXJlbGxvdGdlDQogICAgfSk7DQoNCiAgICB2YXIgbWFya2VydG9ycmVyZWxsb3RnZSA9IG5ldyBnb29nbGUubWFwcy5NYXJrZXIoew0KICAgIAkJcG9zaXRpb246IHBvc3RvcnJlcmVsbG90Z2UsDQogICAgCQlpY29uOiAnaHR0cHM6Ly9wb3J0dmVsbGJjbi5jYXQvd3AtY29udGVudC91cGxvYWRzLzIwMTkvMTAvaWNvbm9fbWFwYV9uYXJhbmphLnBuZycsDQogICAJCQltYXA6IG1hcCwNCiAgIAkJCWFuaW1hdGlvbjogZ29vZ2xlLm1hcHMuQW5pbWF0aW9uLkRST1AsDQoNCiAgCQl9KTsNCgkNCiAgICAgICANCiAgICBtYXJrZXJ0b3JyZXJlbGxvdGdlLmFkZExpc3RlbmVyKCdjbGljaycsIGZ1bmN0aW9uKCkgew0KICAgIAlpbmZvd2luZG93dG9ycmVyZWxsb3RnZS5vcGVuKG1hcCwgbWFya2VydG9ycmVyZWxsb3RnZSk7DQogICAgfSk7DQoNCg0KICANCg0KCX0NCiAgICA8L3NjcmlwdD4NCjxzY3JpcHQgc3JjPSJodHRwczovL21hcHMuZ29vZ2xlYXBpcy5jb20vbWFwcy9hcGkvanM\/a2V5PUFJemFTeUFWMWVTZHVvZW1wODhLZ1pXenoxNjBnSjZFNnZVYjRCYyZjYWxsYmFjaz1pbml0TWFwIiBhc3luYyBkZWZlcj48L3NjcmlwdD4NCg0KPC9kaXY+DQombmJzcDs=[\/vc_raw_html][\/vc_column][vc_column animation=\u00bbfade-in-from-right\u00bb css_animation=\u00bbfadeInRight\u00bb width=\u00bb1\/2&#8243;][vc_column_text] La Torre del Reloj es un antiguo faro construido el 1772 para indicar la entrada del puerto. El 1904, cuando ya estaban empezadas las importantes obras de ampliaci\u00f3n del puerto proyectadas el 1900, se instal\u00f3 un gran reloj. La torre sirvi\u00f3 al geod\u00e9sico franc\u00e9s Pierre M\u00e9chain para efectuar las medidas, a comienzos de la d\u00e9cada de 1790, para calcular la longitud del meridiano entre Dunkerque y Barcelona y determinar la medida b\u00e1sica del sistema decimal: el metro. Tambi\u00e9n es el punto de confluencia de la prolongaci\u00f3n de dos avenidas importantes de la ciudad, el Paralelo y la Meridiana, que dise\u00f1\u00f3 Ildefonso Cerd\u00e0 siguiendo un paralelo y un meridiano en el Plan Cerd\u00e0 de Barcelona aprobado el 1860. Est\u00e1 catalogada como Bien Cultural de Inter\u00e9s Local. [\/vc_column_text][vc_row_inner][vc_column_inner width=\u00bb1\/2&#8243;][\/vc_column_inner][vc_column_inner width=\u00bb1\/2&#8243;][\/vc_column_inner][\/vc_row_inner][\/vc_column][\/vc_row][vc_row type=\u00bbfull_width_section\u00bb top_padding=\u00bb60&#8243;][vc_column width=\u00bb1\/4&#8243;][\/vc_column][vc_column width=\u00bb1\/4&#8243;][\/vc_column][vc_column width=\u00bb1\/4&#8243;][\/vc_column][vc_column width=\u00bb1\/4&#8243;][\/vc_column][\/vc_row]<\/p>\n","protected":false},"author":1,"featured_media":0,"parent":0,"menu_order":0,"comment_status":"closed","ping_status":"closed","template":"","meta":{"_acf_changed":false,"footnotes":""},"class_list":["post-14578","page","type-page","status-publish","hentry"],"acf":[],"_links":{"self":[{"href":"https:\/\/portvellbcn.cat\/es\/wp-json\/wp\/v2\/pages\/14578","targetHints":{"allow":["GET"]}}],"collection":[{"href":"https:\/\/portvellbcn.cat\/es\/wp-json\/wp\/v2\/pages"}],"about":[{"href":"https:\/\/portvellbcn.cat\/es\/wp-json\/wp\/v2\/types\/page"}],"author":[{"embeddable":true,"href":"https:\/\/portvellbcn.cat\/es\/wp-json\/wp\/v2\/users\/1"}],"replies":[{"embeddable":true,"href":"https:\/\/portvellbcn.cat\/es\/wp-json\/wp\/v2\/comments?post=14578"}],"version-history":[{"count":0,"href":"https:\/\/portvellbcn.cat\/es\/wp-json\/wp\/v2\/pages\/14578\/revisions"}],"wp:attachment":[{"href":"https:\/\/portvellbcn.cat\/es\/wp-json\/wp\/v2\/media?parent=14578"}],"curies":[{"name":"wp","href":"https:\/\/api.w.org\/{rel}","templated":true}]}}