{"id":14564,"date":"2023-07-27T11:45:29","date_gmt":"2023-07-27T09:45:29","guid":{"rendered":"https:\/\/portvellbcn.cat\/almacen-del-comercio\/"},"modified":"2023-07-27T12:07:53","modified_gmt":"2023-07-27T10:07:53","slug":"almacen-del-comercio","status":"publish","type":"page","link":"https:\/\/portvellbcn.cat\/es\/almacen-del-comercio\/","title":{"rendered":"Almac\u00e9n del comercio"},"content":{"rendered":"<div class=\"wpb-content-wrapper\"><p>[vc_row type=\u00bbfull_width_section\u00bb top_padding=\u00bb100&#8243; bottom_padding=\u00bb100&#8243;][vc_column width=\u00bb1\/4&#8243;][\/vc_column][vc_column width=\u00bb2\/4&#8243;][vc_column_text css_animation=\u00bbfadeInUp\u00bb css=\u00bb.vc_custom_1583940689502{margin-bottom: 15px !important;}\u00bb]<\/p>\n<p style=\"text-align: center; letter-spacing: 4px;\"><span style=\"color: #999999; font-size: 14px; letter-spacing: 4px;\">ESPACIO P\u00daBLICO<\/span><\/p>\n<p>[\/vc_column_text][vc_column_text css_animation=\u00bbfadeInUp\u00bb]<\/p>\n<p style=\"text-align: center;\"><span class=\"s1\" style=\"font-size: 60px; color: #333333;\"><span style=\"font-family: 'Poppins', sans-serif; font-weight: 300; letter-spacing: 1px;\"><span style=\"line-height: 1.2em; display: inline-block; width: 100%;\"><span style=\"font-family: 'Poppins', sans-serif; font-weight: 400;\"><span style=\"font-family: 'Poppins', sans-serif; font-weight: 500;\"><span class=\"titulofuente\" style=\"font-family: 'Playfair Display', sans-serif; font-weight: 400;\">Edificio Almac\u00e9n del Comercio <span style=\"font-size: 45px;\">(Palau de Mar)<\/span><\/span><\/span><\/span><\/span><\/span><\/span><\/p>\n<p>[\/vc_column_text][vc_zigzag color=\u00bbsandy_brown\u00bb el_width=\u00bb10&#8243;][\/vc_column][vc_column width=\u00bb1\/4&#8243;][\/vc_column][\/vc_row][vc_row type=\u00bbfull_width_section\u00bb bottom_padding=\u00bb50&#8243; full_width=\u00bbstretch_row_content_no_spaces\u00bb el_class=\u00bb.vc-col-xs-margin-top-0&#8243; css=\u00bb.vc_custom_1608638457077{margin-bottom: 40px !important;}\u00bb][vc_column animation=\u00bbfade-in-from-left\u00bb bg_image=\u00bb5656&#8243; text_align=\u00bbcenter\u00bb css_animation=\u00bbfadeInLeft\u00bb css=\u00bb.vc_custom_1563806848334{padding-top: 400px !important;padding-right: 0px !important;padding-bottom: 300px !important;padding-left: 0px !important;background-image: url(https:\/\/portvellbcn.cat\/wp-content\/uploads\/2019\/06\/torre-de-jaume.jpg?id=5445) !important;background-position: center !important;background-repeat: no-repeat !important;background-size: cover !important;}\u00bb]<div class=\"spacer\" style=\"height: 750px;\"><\/div>[\/vc_column][\/vc_row][vc_row equal_height=\u00bbyes\u00bb css=\u00bb.vc_custom_1608638521917{margin-top: 40px !important;margin-bottom: 50px !important;}\u00bb][vc_column el_class=\u00bbtituloexplora\u00bb animation=\u00bbfade-in-from-left\u00bb css_animation=\u00bbfadeInLeft\u00bb width=\u00bb1\/2&#8243;][vc_raw_html]PGRpdj4KCjxzY3JpcHQgc3JjPSJqcXVlcnktMi4xLjQuanMiPjwvc2NyaXB0Pgo8bGluayByZWw9InN0eWxlc2hlZXQiIHR5cGU9InRleHQvY3NzIiBocmVmPSJzdHlsZXMuY3NzIj4KPHN0eWxlPgogICAgICAjbWFwIHsKICAgICAgICBoZWlnaHQ6IDM1MHB4OwogICAgICAgIG92ZXJmbG93LWFuY2hvcjpub25lOwogICAgICB9Cjwvc3R5bGU+CgoKPGJyPgo8YnI+CjxkaXYgaWQ9IndyYXBwZXIiPgo8ZGl2IGlkPSJtYXAiPjwvZGl2PgogICAgPHNjcmlwdD4KICAgICAgdmFyIG1hcDsKICAgICAgZnVuY3Rpb24gaW5pdE1hcCgpIHsKICAgICAgICBtYXAgPSBuZXcgZ29vZ2xlLm1hcHMuTWFwKGRvY3VtZW50LmdldEVsZW1lbnRCeUlkKCdtYXAnKSwgewogICAgICAgICAgY2VudGVyOiB7bGF0OiA0MS4zODAwODAwMzA4NjQyNiwgIGxuZzogIDIuMTg2MzQyMTE4NTUyMTQwM30sCiAgICAgICAgICB6b29tOiAxNiwKCQkgIHN0eWxlczpbCiAgewogICAgImZlYXR1cmVUeXBlIjogImxhbmRzY2FwZS5tYW5fbWFkZSIsCiAgICAiZWxlbWVudFR5cGUiOiAiZ2VvbWV0cnkuZmlsbCIsCiAgICAic3R5bGVycyI6IFsKICAgICAgewogICAgICAgICJjb2xvciI6ICIjNjk4MmFiIgogICAgICB9CiAgICBdCiAgfSwKICB7CiAgICAiZmVhdHVyZVR5cGUiOiAibGFuZHNjYXBlLm5hdHVyYWwiLAogICAgImVsZW1lbnRUeXBlIjogImdlb21ldHJ5LmZpbGwiLAogICAgInN0eWxlcnMiOiBbCiAgICAgIHsKICAgICAgICAiY29sb3IiOiAiIzY5ODJhYiIKICAgICAgfQogICAgXQogIH0sCiAgewogICAgImZlYXR1cmVUeXBlIjogInBvaSIsCiAgICAiZWxlbWVudFR5cGUiOiAiZ2VvbWV0cnkuZmlsbCIsCiAgICAic3R5bGVycyI6IFsKICAgICAgewogICAgICAgICJjb2xvciI6ICIjMzM0MTViIgogICAgICB9CiAgICBdCiAgfSwKICB7CiAgICAiZmVhdHVyZVR5cGUiOiAicm9hZCIsCiAgICAiZWxlbWVudFR5cGUiOiAiZ2VvbWV0cnkuZmlsbCIsCiAgICAic3R5bGVycyI6IFsKICAgICAgewogICAgICAgICJjb2xvciI6ICIjMWQyZDNkIgogICAgICB9CiAgICBdCiAgfSwKICB7CiAgICAiZmVhdHVyZVR5cGUiOiAid2F0ZXIiLAogICAgImVsZW1lbnRUeXBlIjogImdlb21ldHJ5LmZpbGwiLAogICAgInN0eWxlcnMiOiBbCiAgICAgIHsKICAgICAgICAiY29sb3IiOiAiIzJlN2RjMCIKICAgICAgfQogICAgXQogIH0sCiAgewogICAgImZlYXR1cmVUeXBlIjogImFkbWluaXN0cmF0aXZlLmxhbmRfcGFyY2VsIiwKICAgICJlbGVtZW50VHlwZSI6ICJsYWJlbHMiLAogICAgInN0eWxlcnMiOiBbCiAgICAgIHsKICAgICAgICAidmlzaWJpbGl0eSI6ICJvZmYiCiAgICAgIH0KICAgIF0KICB9LAogIHsKICAgICJmZWF0dXJlVHlwZSI6ICJwb2kiLAogICAgImVsZW1lbnRUeXBlIjogImxhYmVscy50ZXh0IiwKICAgICJzdHlsZXJzIjogWwogICAgICB7CiAgICAgICAgInZpc2liaWxpdHkiOiAib2ZmIgogICAgICB9CiAgICBdCiAgfSwKICB7CiAgICAiZmVhdHVyZVR5cGUiOiAicG9pLmJ1c2luZXNzIiwKICAgICJzdHlsZXJzIjogWwogICAgICB7CiAgICAgICAgInZpc2liaWxpdHkiOiAib2ZmIgogICAgICB9CiAgICBdCiAgfSwKICB7CiAgICAiZmVhdHVyZVR5cGUiOiAicm9hZCIsCiAgICAiZWxlbWVudFR5cGUiOiAibGFiZWxzLmljb24iLAogICAgInN0eWxlcnMiOiBbCiAgICAgIHsKICAgICAgICAidmlzaWJpbGl0eSI6ICJvZmYiCiAgICAgIH0KICAgIF0KICB9LAogIHsKICAgICJmZWF0dXJlVHlwZSI6ICJyb2FkLmxvY2FsIiwKICAgICJlbGVtZW50VHlwZSI6ICJsYWJlbHMiLAogICAgInN0eWxlcnMiOiBbCiAgICAgIHsKICAgICAgICAidmlzaWJpbGl0eSI6ICJvZmYiCiAgICAgIH0KICAgIF0KICB9LAogIHsKICAgICJmZWF0dXJlVHlwZSI6ICJ0cmFuc2l0IiwKICAgICJzdHlsZXJzIjogWwogICAgICB7CiAgICAgICAgInZpc2liaWxpdHkiOiAib2ZmIgogICAgICB9CiAgICBdCiAgfQpdCgkJICAKICAgICAgICB9KTsKCiAgICB2YXIgcG9zbWFnYXR6ZW1jb21lcsOnID0ge2xhdDogNDEuMzgwMDgwMDMwODY0MjYsIGxuZzogMi4xODYzNDIxMTg1NTIxNDAzfTsKCiAgICB2YXIgbWFnYXR6ZW1jb21lcsOnID0nPGRpdiBjbGFzcz0iaW1hZyI+PGltZyBzcmM9Imh0dHBzOi8vcG9ydHZlbGxiY24uY2F0L3dwLWNvbnRlbnQvdXBsb2Fkcy8yMDE5LzA2L3BvcnR2ZWxsLWVkaWZpY2ktbWFnYXR6ZW0tZGVsLWNvbWXDpy1iYXJjZWxvbmEtMTA5ODQ5NC0xLmpwZyIvPjwvZGl2PicrCiAgICAJCQkJCSc8YnIvPjxkaXYgY2xhc3M9InRpdHUiPkVkaWZpY2kgTWFnYXR6ZW0gZGVsIGNvbWVyw6c8L2Rpdj4nKwogICAgCQkJCQknPGRpdiBjbGFzcz0iYmFycmEiPjxocj48L2Rpdj4nKwogICAgCQkJCQknPGRpdiBjbGFzcz0idGV4dG8iPkF2dWkgw6lzIGxhIHNldSBkZWwgTXVzZXUgZOKAmUhpc3TDsnJpYSBkZSBDYXRhbHVueWEgaSBkZWwgRGVwYXJ0YW1lbnQgZGUgQmVuZXN0YXIgU29jaWFsIGRlIGxhIEdlbmVyYWxpdGF0IGRlIENhdGFsdW55YS48L2Rpdj4nKwogICAgCQkJCQknPGJyLz48ZGl2IGNsYXNzPSJkaXJlY2Npb24iPjxhIGhyZWY9Imh0dHBzOi8vd3d3Lmdvb2dsZS5jb20vbWFwcy9zZWFyY2gvUGFsYXUrZGUrTWFyLCtQbC4rUGF1K1ZpbGEsMywrMDgwMDMrQmFyY2Vsb25hL0A0MS4zODA5MzI2LDIuMTg0MjQxLDE4eiI+UGFsYXUgZGUgTWFyLCBQbC4gUGF1IFZpbGEsPGJyPjMsIDA4MDAzIEJhcmNlbG9uYTwvYT48L2Rpdj4nOwogICAgICAgIAogICAgdmFyIGluZm93aW5kb3dtYWdhdHplbWNvbWVyw6cgPSBuZXcgZ29vZ2xlLm1hcHMuSW5mb1dpbmRvdyh7CiAgICAgICAgY29udGVudDogbWFnYXR6ZW1jb21lcsOnCiAgICB9KTsKCiAgICB2YXIgbWFya2VybWFnYXR6ZW1jb21lcsOnID0gbmV3IGdvb2dsZS5tYXBzLk1hcmtlcih7CiAgICAJCXBvc2l0aW9uOiBwb3NtYWdhdHplbWNvbWVyw6csCiAgICAJCWljb246ICdodHRwczovL3BvcnR2ZWxsYmNuLmNhdC93cC1jb250ZW50L3VwbG9hZHMvMjAxOS8xMC9pY29ub19tYXBhX25hcmFuamEucG5nJywKICAgCQkJbWFwOiBtYXAsCiAgIAkJCWFuaW1hdGlvbjogZ29vZ2xlLm1hcHMuQW5pbWF0aW9uLkRST1AsCgogIAkJfSk7CgkKICAgICAgIAogICAgbWFya2VybWFnYXR6ZW1jb21lcsOnLmFkZExpc3RlbmVyKCdjbGljaycsIGZ1bmN0aW9uKCkgewogICAgCWluZm93aW5kb3dtYWdhdHplbWNvbWVyw6cub3BlbihtYXAsIG1hcmtlcm1hZ2F0emVtY29tZXLDpyk7CiAgICB9KTsKCgogICAKCgoJfQogICAgPC9zY3JpcHQ+CiAgICA8c2NyaXB0IHNyYz0iaHR0cHM6Ly9tYXBzLmdvb2dsZWFwaXMuY29tL21hcHMvYXBpL2pzP2tleT1BSXphU3lBVjFlU2R1b2VtcDg4S2daV3p6MTYwZ0o2RTZ2VWI0QmMmYW1wO2NhbGxiYWNrPWluaXRNYXAiIGFzeW5jPSIiIGRlZmVyPjwvc2NyaXB0Pgo8L2Rpdj4KCjwvZGl2Pg==[\/vc_raw_html][\/vc_column][vc_column animation=\u00bbfade-in-from-right\u00bb css_animation=\u00bbfadeInRight\u00bb width=\u00bb1\/2&#8243;]<div class=\"spacer\" style=\"height: 40px;\"><\/div>[vc_column_text]<\/p>\n<p style=\"text-align: justify;\"><span style=\"font-size: 15px;\">Llamado Palacio de Mar es un edificio proyectado el 1881 y construido fundamentalmente entre 1895 y 1902 como dep\u00f3sito comercial. <\/span><\/p>\n<p style=\"text-align: justify;\"><span style=\"font-size: 15px;\">Posteriormente recibi\u00f3 el nombre de Almac\u00e9n General del Comercio. Es un edificio t\u00edpico de la arquitectura portuaria del siglo XIX y actualmente es la sede del Museo de Historia de Catalu\u00f1a y tambi\u00e9n del Pier-01, espacio de promoci\u00f3n de la ocupaci\u00f3n en nuevas tecnolog\u00edas de la asociaci\u00f3n Barcelona Tech City. <\/span><\/p>\n<p style=\"text-align: justify;\"><span style=\"font-size: 15px;\">A la planta baja hay diferentes restaurantes tur\u00edsticos. El edificio est\u00e1 catalogado como Bien Cultural de Inter\u00e9s Local.<\/span><\/p>\n<p>[\/vc_column_text]<div class=\"divider divider2\" style='margin:10px 0 10px 0 !important;'><\/div>[vc_row_inner][vc_column_inner width=\u00bb1\/2&#8243;]<div class=\"iconbox  wpb_content_element iconbox-style-1 icon-color-accent color-dark animation-none\"><h3><i class=\"fa fa-globe boxicon\" style=\"\"><\/i><span>Web:<\/span><\/h3><p><span style=\"font-size: 13px;\"><a href=\"https:\/\/www.mhcat.cat\/\" target=\"_blank\" rel=\"noopener noreferrer\">www.mhcat.cat<\/a><\/span><\/p>\n<p><span style=\"font-size: 13px;\"><a href=\"https:\/\/techbarcelona.com\/ca\" target=\"_blank\" rel=\"noopener noreferrer\">www.barcelonatechcity.com<\/a><\/span><\/p><\/div>[\/vc_column_inner][vc_column_inner width=\u00bb1\/2&#8243;]<div class=\"iconbox  wpb_content_element iconbox-style-1 icon-color-accent color-dark animation-none\"><h3><i class=\"fa fa-map-marker-alt boxicon\" style=\"\"><\/i><span>Ubicaci\u00f3n:<\/span><\/h3><p><span style=\"font-size: 13px;\"><a href=\"https:\/\/www.google.com\/maps\/search\/Palau+de+Mar,+Pl.+Pau+Vila,3,+08003+Barcelona\/@41.3809326,2.184241,18z\" target=\"_blank\" rel=\"noopener\">Palau de Mar, Pl. Pau Vila,08003 Barcelona<\/a><\/span><\/p><\/div>[\/vc_column_inner][\/vc_row_inner][\/vc_column][\/vc_row][vc_row type=\u00bbfull_width_section\u00bb top_padding=\u00bb60&#8243;][vc_column width=\u00bb1\/4&#8243;]<div class=\"single_image wpb_content_element align-left    \" data-animation=\"none\" data-delay=\"0\"><a href=\"https:\/\/portvellbcn.cat\/wp-content\/uploads\/2023\/07\/portvell-edifici-magatzem-del-comec-barcelona-1.jpg\" class=\"prettyPhoto\" rel=\"prettyPhoto[image]\"><img loading=\"lazy\" decoding=\"async\" width=\"1920\" height=\"1080\" src=\"https:\/\/portvellbcn.cat\/wp-content\/uploads\/2023\/07\/portvell-edifici-magatzem-del-comec-barcelona-1.jpg\" class=\"attachment-full\" alt=\"\" title=\"portvell-edifici-magatzem-del-come\u00e7-barcelona-1\" srcset=\"https:\/\/portvellbcn.cat\/wp-content\/uploads\/2023\/07\/portvell-edifici-magatzem-del-comec-barcelona-1.jpg 1920w, https:\/\/portvellbcn.cat\/wp-content\/uploads\/2023\/07\/portvell-edifici-magatzem-del-comec-barcelona-1-300x169.jpg 300w, https:\/\/portvellbcn.cat\/wp-content\/uploads\/2023\/07\/portvell-edifici-magatzem-del-comec-barcelona-1-1024x576.jpg 1024w, https:\/\/portvellbcn.cat\/wp-content\/uploads\/2023\/07\/portvell-edifici-magatzem-del-comec-barcelona-1-768x432.jpg 768w, https:\/\/portvellbcn.cat\/wp-content\/uploads\/2023\/07\/portvell-edifici-magatzem-del-comec-barcelona-1-1536x864.jpg 1536w, https:\/\/portvellbcn.cat\/wp-content\/uploads\/2023\/07\/portvell-edifici-magatzem-del-comec-barcelona-1-1000x563.jpg 1000w\" sizes=\"auto, (max-width: 1920px) 100vw, 1920px\" \/><\/a><\/div>[\/vc_column][vc_column width=\u00bb1\/4&#8243;]<div class=\"single_image wpb_content_element align-left    \" data-animation=\"none\" data-delay=\"0\"><a href=\"https:\/\/portvellbcn.cat\/wp-content\/uploads\/2023\/07\/portvell-edifici-magatzem-del-comec-barcelona-2.jpg\" class=\"prettyPhoto\" rel=\"prettyPhoto[image]\"><img loading=\"lazy\" decoding=\"async\" width=\"1920\" height=\"1080\" src=\"https:\/\/portvellbcn.cat\/wp-content\/uploads\/2023\/07\/portvell-edifici-magatzem-del-comec-barcelona-2.jpg\" class=\"attachment-full\" alt=\"\" title=\"portvell-edifici-magatzem-del-come\u00e7-barcelona-2\" srcset=\"https:\/\/portvellbcn.cat\/wp-content\/uploads\/2023\/07\/portvell-edifici-magatzem-del-comec-barcelona-2.jpg 1920w, https:\/\/portvellbcn.cat\/wp-content\/uploads\/2023\/07\/portvell-edifici-magatzem-del-comec-barcelona-2-300x169.jpg 300w, https:\/\/portvellbcn.cat\/wp-content\/uploads\/2023\/07\/portvell-edifici-magatzem-del-comec-barcelona-2-1024x576.jpg 1024w, https:\/\/portvellbcn.cat\/wp-content\/uploads\/2023\/07\/portvell-edifici-magatzem-del-comec-barcelona-2-768x432.jpg 768w, https:\/\/portvellbcn.cat\/wp-content\/uploads\/2023\/07\/portvell-edifici-magatzem-del-comec-barcelona-2-1536x864.jpg 1536w, https:\/\/portvellbcn.cat\/wp-content\/uploads\/2023\/07\/portvell-edifici-magatzem-del-comec-barcelona-2-1000x563.jpg 1000w\" sizes=\"auto, (max-width: 1920px) 100vw, 1920px\" \/><\/a><\/div>[\/vc_column][vc_column width=\u00bb1\/4&#8243;]<div class=\"single_image wpb_content_element align-left    \" data-animation=\"none\" data-delay=\"0\"><a href=\"https:\/\/portvellbcn.cat\/wp-content\/uploads\/2023\/07\/portvell-edifici-magatzem-del-comec-barcelona-3.jpg\" class=\"prettyPhoto\" rel=\"prettyPhoto[image]\"><img loading=\"lazy\" decoding=\"async\" width=\"1920\" height=\"1080\" src=\"https:\/\/portvellbcn.cat\/wp-content\/uploads\/2023\/07\/portvell-edifici-magatzem-del-comec-barcelona-3.jpg\" class=\"attachment-full\" alt=\"\" title=\"portvell-edifici-magatzem-del-come\u00e7-barcelona-3\" srcset=\"https:\/\/portvellbcn.cat\/wp-content\/uploads\/2023\/07\/portvell-edifici-magatzem-del-comec-barcelona-3.jpg 1920w, https:\/\/portvellbcn.cat\/wp-content\/uploads\/2023\/07\/portvell-edifici-magatzem-del-comec-barcelona-3-300x169.jpg 300w, https:\/\/portvellbcn.cat\/wp-content\/uploads\/2023\/07\/portvell-edifici-magatzem-del-comec-barcelona-3-1024x576.jpg 1024w, https:\/\/portvellbcn.cat\/wp-content\/uploads\/2023\/07\/portvell-edifici-magatzem-del-comec-barcelona-3-768x432.jpg 768w, https:\/\/portvellbcn.cat\/wp-content\/uploads\/2023\/07\/portvell-edifici-magatzem-del-comec-barcelona-3-1536x864.jpg 1536w, https:\/\/portvellbcn.cat\/wp-content\/uploads\/2023\/07\/portvell-edifici-magatzem-del-comec-barcelona-3-1000x563.jpg 1000w\" sizes=\"auto, (max-width: 1920px) 100vw, 1920px\" \/><\/a><\/div>[\/vc_column][vc_column width=\u00bb1\/4&#8243;]<div class=\"single_image wpb_content_element align-left    \" data-animation=\"none\" data-delay=\"0\"><a href=\"https:\/\/portvellbcn.cat\/wp-content\/uploads\/2023\/07\/portvell-edifici-magatzem-del-comec-barcelona-4.jpg\" class=\"prettyPhoto\" rel=\"prettyPhoto[image]\"><img loading=\"lazy\" decoding=\"async\" width=\"1920\" height=\"1080\" src=\"https:\/\/portvellbcn.cat\/wp-content\/uploads\/2023\/07\/portvell-edifici-magatzem-del-comec-barcelona-4.jpg\" class=\"attachment-full\" alt=\"\" title=\"portvell-edifici-magatzem-del-come\u00e7-barcelona-4\" srcset=\"https:\/\/portvellbcn.cat\/wp-content\/uploads\/2023\/07\/portvell-edifici-magatzem-del-comec-barcelona-4.jpg 1920w, https:\/\/portvellbcn.cat\/wp-content\/uploads\/2023\/07\/portvell-edifici-magatzem-del-comec-barcelona-4-300x169.jpg 300w, https:\/\/portvellbcn.cat\/wp-content\/uploads\/2023\/07\/portvell-edifici-magatzem-del-comec-barcelona-4-1024x576.jpg 1024w, https:\/\/portvellbcn.cat\/wp-content\/uploads\/2023\/07\/portvell-edifici-magatzem-del-comec-barcelona-4-768x432.jpg 768w, https:\/\/portvellbcn.cat\/wp-content\/uploads\/2023\/07\/portvell-edifici-magatzem-del-comec-barcelona-4-1536x864.jpg 1536w, https:\/\/portvellbcn.cat\/wp-content\/uploads\/2023\/07\/portvell-edifici-magatzem-del-comec-barcelona-4-1000x563.jpg 1000w\" sizes=\"auto, (max-width: 1920px) 100vw, 1920px\" \/><\/a><\/div>[\/vc_column][\/vc_row]<\/p>\n<\/div>","protected":false},"excerpt":{"rendered":"<p>[vc_row type=\u00bbfull_width_section\u00bb top_padding=\u00bb100&#8243; bottom_padding=\u00bb100&#8243;][vc_column width=\u00bb1\/4&#8243;][\/vc_column][vc_column width=\u00bb2\/4&#8243;][vc_column_text css_animation=\u00bbfadeInUp\u00bb css=\u00bb.vc_custom_1583940689502{margin-bottom: 15px !important;}\u00bb] ESPACIO P\u00daBLICO [\/vc_column_text][vc_column_text css_animation=\u00bbfadeInUp\u00bb] Edificio Almac\u00e9n del Comercio (Palau de Mar) [\/vc_column_text][vc_zigzag color=\u00bbsandy_brown\u00bb el_width=\u00bb10&#8243;][\/vc_column][vc_column width=\u00bb1\/4&#8243;][\/vc_column][\/vc_row][vc_row type=\u00bbfull_width_section\u00bb bottom_padding=\u00bb50&#8243; full_width=\u00bbstretch_row_content_no_spaces\u00bb el_class=\u00bb.vc-col-xs-margin-top-0&#8243; css=\u00bb.vc_custom_1608638457077{margin-bottom: 40px !important;}\u00bb][vc_column animation=\u00bbfade-in-from-left\u00bb bg_image=\u00bb5656&#8243; text_align=\u00bbcenter\u00bb css_animation=\u00bbfadeInLeft\u00bb css=\u00bb.vc_custom_1563806848334{padding-top: 400px !important;padding-right: 0px !important;padding-bottom: 300px !important;padding-left: 0px !important;background-image: url(https:\/\/portvellbcn.cat\/wp-content\/uploads\/2019\/06\/torre-de-jaume.jpg?id=5445) !important;background-position: center !important;background-repeat: no-repeat !important;background-size: cover !important;}\u00bb][\/vc_column][\/vc_row][vc_row equal_height=\u00bbyes\u00bb css=\u00bb.vc_custom_1608638521917{margin-top: 40px !important;margin-bottom: 50px !important;}\u00bb][vc_column el_class=\u00bbtituloexplora\u00bb animation=\u00bbfade-in-from-left\u00bb css_animation=\u00bbfadeInLeft\u00bb width=\u00bb1\/2&#8243;][vc_raw_html]PGRpdj4KCjxzY3JpcHQgc3JjPSJqcXVlcnktMi4xLjQuanMiPjwvc2NyaXB0Pgo8bGluayByZWw9InN0eWxlc2hlZXQiIHR5cGU9InRleHQvY3NzIiBocmVmPSJzdHlsZXMuY3NzIj4KPHN0eWxlPgogICAgICAjbWFwIHsKICAgICAgICBoZWlnaHQ6IDM1MHB4OwogICAgICAgIG92ZXJmbG93LWFuY2hvcjpub25lOwogICAgICB9Cjwvc3R5bGU+CgoKPGJyPgo8YnI+CjxkaXYgaWQ9IndyYXBwZXIiPgo8ZGl2IGlkPSJtYXAiPjwvZGl2PgogICAgPHNjcmlwdD4KICAgICAgdmFyIG1hcDsKICAgICAgZnVuY3Rpb24gaW5pdE1hcCgpIHsKICAgICAgICBtYXAgPSBuZXcgZ29vZ2xlLm1hcHMuTWFwKGRvY3VtZW50LmdldEVsZW1lbnRCeUlkKCdtYXAnKSwgewogICAgICAgICAgY2VudGVyOiB7bGF0OiA0MS4zODAwODAwMzA4NjQyNiwgIGxuZzogIDIuMTg2MzQyMTE4NTUyMTQwM30sCiAgICAgICAgICB6b29tOiAxNiwKCQkgIHN0eWxlczpbCiAgewogICAgImZlYXR1cmVUeXBlIjogImxhbmRzY2FwZS5tYW5fbWFkZSIsCiAgICAiZWxlbWVudFR5cGUiOiAiZ2VvbWV0cnkuZmlsbCIsCiAgICAic3R5bGVycyI6IFsKICAgICAgewogICAgICAgICJjb2xvciI6ICIjNjk4MmFiIgogICAgICB9CiAgICBdCiAgfSwKICB7CiAgICAiZmVhdHVyZVR5cGUiOiAibGFuZHNjYXBlLm5hdHVyYWwiLAogICAgImVsZW1lbnRUeXBlIjogImdlb21ldHJ5LmZpbGwiLAogICAgInN0eWxlcnMiOiBbCiAgICAgIHsKICAgICAgICAiY29sb3IiOiAiIzY5ODJhYiIKICAgICAgfQogICAgXQogIH0sCiAgewogICAgImZlYXR1cmVUeXBlIjogInBvaSIsCiAgICAiZWxlbWVudFR5cGUiOiAiZ2VvbWV0cnkuZmlsbCIsCiAgICAic3R5bGVycyI6IFsKICAgICAgewogICAgICAgICJjb2xvciI6ICIjMzM0MTViIgogICAgICB9CiAgICBdCiAgfSwKICB7CiAgICAiZmVhdHVyZVR5cGUiOiAicm9hZCIsCiAgICAiZWxlbWVudFR5cGUiOiAiZ2VvbWV0cnkuZmlsbCIsCiAgICAic3R5bGVycyI6IFsKICAgICAgewogICAgICAgICJjb2xvciI6ICIjMWQyZDNkIgogICAgICB9CiAgICBdCiAgfSwKICB7CiAgICAiZmVhdHVyZVR5cGUiOiAid2F0ZXIiLAogICAgImVsZW1lbnRUeXBlIjogImdlb21ldHJ5LmZpbGwiLAogICAgInN0eWxlcnMiOiBbCiAgICAgIHsKICAgICAgICAiY29sb3IiOiAiIzJlN2RjMCIKICAgICAgfQogICAgXQogIH0sCiAgewogICAgImZlYXR1cmVUeXBlIjogImFkbWluaXN0cmF0aXZlLmxhbmRfcGFyY2VsIiwKICAgICJlbGVtZW50VHlwZSI6ICJsYWJlbHMiLAogICAgInN0eWxlcnMiOiBbCiAgICAgIHsKICAgICAgICAidmlzaWJpbGl0eSI6ICJvZmYiCiAgICAgIH0KICAgIF0KICB9LAogIHsKICAgICJmZWF0dXJlVHlwZSI6ICJwb2kiLAogICAgImVsZW1lbnRUeXBlIjogImxhYmVscy50ZXh0IiwKICAgICJzdHlsZXJzIjogWwogICAgICB7CiAgICAgICAgInZpc2liaWxpdHkiOiAib2ZmIgogICAgICB9CiAgICBdCiAgfSwKICB7CiAgICAiZmVhdHVyZVR5cGUiOiAicG9pLmJ1c2luZXNzIiwKICAgICJzdHlsZXJzIjogWwogICAgICB7CiAgICAgICAgInZpc2liaWxpdHkiOiAib2ZmIgogICAgICB9CiAgICBdCiAgfSwKICB7CiAgICAiZmVhdHVyZVR5cGUiOiAicm9hZCIsCiAgICAiZWxlbWVudFR5cGUiOiAibGFiZWxzLmljb24iLAogICAgInN0eWxlcnMiOiBbCiAgICAgIHsKICAgICAgICAidmlzaWJpbGl0eSI6ICJvZmYiCiAgICAgIH0KICAgIF0KICB9LAogIHsKICAgICJmZWF0dXJlVHlwZSI6ICJyb2FkLmxvY2FsIiwKICAgICJlbGVtZW50VHlwZSI6ICJsYWJlbHMiLAogICAgInN0eWxlcnMiOiBbCiAgICAgIHsKICAgICAgICAidmlzaWJpbGl0eSI6ICJvZmYiCiAgICAgIH0KICAgIF0KICB9LAogIHsKICAgICJmZWF0dXJlVHlwZSI6ICJ0cmFuc2l0IiwKICAgICJzdHlsZXJzIjogWwogICAgICB7CiAgICAgICAgInZpc2liaWxpdHkiOiAib2ZmIgogICAgICB9CiAgICBdCiAgfQpdCgkJICAKICAgICAgICB9KTsKCiAgICB2YXIgcG9zbWFnYXR6ZW1jb21lcsOnID0ge2xhdDogNDEuMzgwMDgwMDMwODY0MjYsIGxuZzogMi4xODYzNDIxMTg1NTIxNDAzfTsKCiAgICB2YXIgbWFnYXR6ZW1jb21lcsOnID0nPGRpdiBjbGFzcz0iaW1hZyI+PGltZyBzcmM9Imh0dHBzOi8vcG9ydHZlbGxiY24uY2F0L3dwLWNvbnRlbnQvdXBsb2Fkcy8yMDE5LzA2L3BvcnR2ZWxsLWVkaWZpY2ktbWFnYXR6ZW0tZGVsLWNvbWXDpy1iYXJjZWxvbmEtMTA5ODQ5NC0xLmpwZyIvPjwvZGl2PicrCiAgICAJCQkJCSc8YnIvPjxkaXYgY2xhc3M9InRpdHUiPkVkaWZpY2kgTWFnYXR6ZW0gZGVsIGNvbWVyw6c8L2Rpdj4nKwogICAgCQkJCQknPGRpdiBjbGFzcz0iYmFycmEiPjxocj48L2Rpdj4nKwogICAgCQkJCQknPGRpdiBjbGFzcz0idGV4dG8iPkF2dWkgw6lzIGxhIHNldSBkZWwgTXVzZXUgZOKAmUhpc3TDsnJpYSBkZSBDYXRhbHVueWEgaSBkZWwgRGVwYXJ0YW1lbnQgZGUgQmVuZXN0YXIgU29jaWFsIGRlIGxhIEdlbmVyYWxpdGF0IGRlIENhdGFsdW55YS48L2Rpdj4nKwogICAgCQkJCQknPGJyLz48ZGl2IGNsYXNzPSJkaXJlY2Npb24iPjxhIGhyZWY9Imh0dHBzOi8vd3d3Lmdvb2dsZS5jb20vbWFwcy9zZWFyY2gvUGFsYXUrZGUrTWFyLCtQbC4rUGF1K1ZpbGEsMywrMDgwMDMrQmFyY2Vsb25hL0A0MS4zODA5MzI2LDIuMTg0MjQxLDE4eiI+UGFsYXUgZGUgTWFyLCBQbC4gUGF1IFZpbGEsPGJyPjMsIDA4MDAzIEJhcmNlbG9uYTwvYT48L2Rpdj4nOwogICAgICAgIAogICAgdmFyIGluZm93aW5kb3dtYWdhdHplbWNvbWVyw6cgPSBuZXcgZ29vZ2xlLm1hcHMuSW5mb1dpbmRvdyh7CiAgICAgICAgY29udGVudDogbWFnYXR6ZW1jb21lcsOnCiAgICB9KTsKCiAgICB2YXIgbWFya2VybWFnYXR6ZW1jb21lcsOnID0gbmV3IGdvb2dsZS5tYXBzLk1hcmtlcih7CiAgICAJCXBvc2l0aW9uOiBwb3NtYWdhdHplbWNvbWVyw6csCiAgICAJCWljb246ICdodHRwczovL3BvcnR2ZWxsYmNuLmNhdC93cC1jb250ZW50L3VwbG9hZHMvMjAxOS8xMC9pY29ub19tYXBhX25hcmFuamEucG5nJywKICAgCQkJbWFwOiBtYXAsCiAgIAkJCWFuaW1hdGlvbjogZ29vZ2xlLm1hcHMuQW5pbWF0aW9uLkRST1AsCgogIAkJfSk7CgkKICAgICAgIAogICAgbWFya2VybWFnYXR6ZW1jb21lcsOnLmFkZExpc3RlbmVyKCdjbGljaycsIGZ1bmN0aW9uKCkgewogICAgCWluZm93aW5kb3dtYWdhdHplbWNvbWVyw6cub3BlbihtYXAsIG1hcmtlcm1hZ2F0emVtY29tZXLDpyk7CiAgICB9KTsKCgogICAKCgoJfQogICAgPC9zY3JpcHQ+CiAgICA8c2NyaXB0IHNyYz0iaHR0cHM6Ly9tYXBzLmdvb2dsZWFwaXMuY29tL21hcHMvYXBpL2pzP2tleT1BSXphU3lBVjFlU2R1b2VtcDg4S2daV3p6MTYwZ0o2RTZ2VWI0QmMmYW1wO2NhbGxiYWNrPWluaXRNYXAiIGFzeW5jPSIiIGRlZmVyPjwvc2NyaXB0Pgo8L2Rpdj4KCjwvZGl2Pg==[\/vc_raw_html][\/vc_column][vc_column animation=\u00bbfade-in-from-right\u00bb css_animation=\u00bbfadeInRight\u00bb width=\u00bb1\/2&#8243;][vc_column_text] Llamado Palacio de Mar es un edificio proyectado el 1881 y construido fundamentalmente entre 1895 y 1902 como dep\u00f3sito comercial. Posteriormente recibi\u00f3 el nombre de Almac\u00e9n General del Comercio. Es un edificio t\u00edpico de la arquitectura portuaria del siglo XIX y actualmente es la sede del Museo de Historia de Catalu\u00f1a y tambi\u00e9n del Pier-01, espacio de promoci\u00f3n de la ocupaci\u00f3n en nuevas tecnolog\u00edas de la asociaci\u00f3n Barcelona Tech City. A la planta baja hay diferentes restaurantes tur\u00edsticos. El edificio est\u00e1 catalogado como Bien Cultural de Inter\u00e9s Local. [\/vc_column_text][vc_row_inner][vc_column_inner width=\u00bb1\/2&#8243;][\/vc_column_inner][vc_column_inner width=\u00bb1\/2&#8243;][\/vc_column_inner][\/vc_row_inner][\/vc_column][\/vc_row][vc_row type=\u00bbfull_width_section\u00bb top_padding=\u00bb60&#8243;][vc_column width=\u00bb1\/4&#8243;][\/vc_column][vc_column width=\u00bb1\/4&#8243;][\/vc_column][vc_column width=\u00bb1\/4&#8243;][\/vc_column][vc_column width=\u00bb1\/4&#8243;][\/vc_column][\/vc_row]<\/p>\n","protected":false},"author":1,"featured_media":0,"parent":0,"menu_order":0,"comment_status":"closed","ping_status":"closed","template":"","meta":{"_acf_changed":false,"footnotes":""},"class_list":["post-14564","page","type-page","status-publish","hentry"],"acf":[],"_links":{"self":[{"href":"https:\/\/portvellbcn.cat\/es\/wp-json\/wp\/v2\/pages\/14564","targetHints":{"allow":["GET"]}}],"collection":[{"href":"https:\/\/portvellbcn.cat\/es\/wp-json\/wp\/v2\/pages"}],"about":[{"href":"https:\/\/portvellbcn.cat\/es\/wp-json\/wp\/v2\/types\/page"}],"author":[{"embeddable":true,"href":"https:\/\/portvellbcn.cat\/es\/wp-json\/wp\/v2\/users\/1"}],"replies":[{"embeddable":true,"href":"https:\/\/portvellbcn.cat\/es\/wp-json\/wp\/v2\/comments?post=14564"}],"version-history":[{"count":0,"href":"https:\/\/portvellbcn.cat\/es\/wp-json\/wp\/v2\/pages\/14564\/revisions"}],"wp:attachment":[{"href":"https:\/\/portvellbcn.cat\/es\/wp-json\/wp\/v2\/media?parent=14564"}],"curies":[{"name":"wp","href":"https:\/\/api.w.org\/{rel}","templated":true}]}}