{"id":14561,"date":"2023-07-27T11:42:27","date_gmt":"2023-07-27T09:42:27","guid":{"rendered":"https:\/\/portvellbcn.cat\/edificio-portal-de-la-pau-2\/"},"modified":"2023-07-27T12:06:07","modified_gmt":"2023-07-27T10:06:07","slug":"edificio-portal-de-la-pau-2","status":"publish","type":"page","link":"https:\/\/portvellbcn.cat\/es\/edificio-portal-de-la-pau-2\/","title":{"rendered":"Edificio Portal de la Pau"},"content":{"rendered":"<div class=\"wpb-content-wrapper\"><p>[vc_row type=\u00bbfull_width_section\u00bb top_padding=\u00bb100&#8243; bottom_padding=\u00bb100&#8243;][vc_column width=\u00bb1\/4&#8243;][\/vc_column][vc_column width=\u00bb2\/4&#8243;][vc_column_text css_animation=\u00bbfadeInUp\u00bb css=\u00bb.vc_custom_1583940689502{margin-bottom: 15px !important;}\u00bb]<\/p>\n<p style=\"text-align: center; letter-spacing: 4px;\"><span style=\"color: #999999; font-size: 14px; letter-spacing: 4px;\">ESPACIO P\u00daBLICO<\/span><\/p>\n<p>[\/vc_column_text][vc_column_text css_animation=\u00bbfadeInUp\u00bb]<\/p>\n<p style=\"text-align: center;\"><span class=\"s1\" style=\"font-size: 60px; color: #333333;\"><span style=\"font-family: 'Poppins', sans-serif; font-weight: 300; letter-spacing: 1px;\"><span style=\"line-height: 1.2em; display: inline-block; width: 100%;\"><span style=\"font-family: 'Poppins', sans-serif; font-weight: 400;\"><span style=\"font-family: 'Poppins', sans-serif; font-weight: 500;\"><span class=\"titulofuente\" style=\"font-family: 'Playfair Display', sans-serif; font-weight: 400;\">Edificio Portal<br \/>\nde la Pau<\/span><\/span><\/span><\/span><\/span><\/span><\/p>\n<p>[\/vc_column_text][vc_zigzag color=\u00bbsandy_brown\u00bb el_width=\u00bb10&#8243;][\/vc_column][vc_column width=\u00bb1\/4&#8243;][\/vc_column][\/vc_row][vc_row type=\u00bbfull_width_section\u00bb bottom_padding=\u00bb50&#8243; full_width=\u00bbstretch_row_content_no_spaces\u00bb el_class=\u00bb.vc-col-xs-margin-top-0&#8243; css=\u00bb.vc_custom_1608638457077{margin-bottom: 40px !important;}\u00bb][vc_column animation=\u00bbfade-in-from-left\u00bb bg_image=\u00bb5680&#8243; css_animation=\u00bbfadeInLeft\u00bb css=\u00bb.vc_custom_1563806848334{padding-top: 400px !important;padding-right: 0px !important;padding-bottom: 300px !important;padding-left: 0px !important;background-image: url(https:\/\/portvellbcn.cat\/wp-content\/uploads\/2019\/06\/torre-de-jaume.jpg?id=5445) !important;background-position: center !important;background-repeat: no-repeat !important;background-size: cover !important;}\u00bb]<div class=\"spacer\" style=\"height: 750px;\"><\/div>[\/vc_column][\/vc_row][vc_row equal_height=\u00bbyes\u00bb css=\u00bb.vc_custom_1608638521917{margin-top: 40px !important;margin-bottom: 50px !important;}\u00bb][vc_column el_class=\u00bbtituloexplora\u00bb animation=\u00bbfade-in-from-left\u00bb css_animation=\u00bbfadeInLeft\u00bb width=\u00bb1\/2&#8243;][vc_raw_html]PGRpdj4KCjxzY3JpcHQgc3JjPSJqcXVlcnktMi4xLjQuanMiPjwvc2NyaXB0Pgo8bGluayByZWw9InN0eWxlc2hlZXQiIHR5cGU9InRleHQvY3NzIiBocmVmPSJzdHlsZXMuY3NzIj4KPHN0eWxlPgogICAgICAjbWFwIHsKICAgICAgICBoZWlnaHQ6IDM1MHB4OwogICAgICAgIG92ZXJmbG93LWFuY2hvcjpub25lOwogICAgICB9Cjwvc3R5bGU+CgoKPGJyPgo8YnI+CjxkaXYgaWQ9IndyYXBwZXIiPgo8ZGl2IGlkPSJtYXAiPjwvZGl2PgogICAgPHNjcmlwdD4KICAgICAgdmFyIG1hcDsKICAgICAgZnVuY3Rpb24gaW5pdE1hcCgpIHsKICAgICAgICBtYXAgPSBuZXcgZ29vZ2xlLm1hcHMuTWFwKGRvY3VtZW50LmdldEVsZW1lbnRCeUlkKCdtYXAnKSwgewogICAgICAgICAgY2VudGVyOiB7bGF0OjQxLjM3NTk1MiwgbG5nOiAyLjE3ODg5OH0sCiAgICAgICAgICB6b29tOiAxNiwKCQkgIHN0eWxlczpbCiAgewogICAgImZlYXR1cmVUeXBlIjogImxhbmRzY2FwZS5tYW5fbWFkZSIsCiAgICAiZWxlbWVudFR5cGUiOiAiZ2VvbWV0cnkuZmlsbCIsCiAgICAic3R5bGVycyI6IFsKICAgICAgewogICAgICAgICJjb2xvciI6ICIjNjk4MmFiIgogICAgICB9CiAgICBdCiAgfSwKICB7CiAgICAiZmVhdHVyZVR5cGUiOiAibGFuZHNjYXBlLm5hdHVyYWwiLAogICAgImVsZW1lbnRUeXBlIjogImdlb21ldHJ5LmZpbGwiLAogICAgInN0eWxlcnMiOiBbCiAgICAgIHsKICAgICAgICAiY29sb3IiOiAiIzY5ODJhYiIKICAgICAgfQogICAgXQogIH0sCiAgewogICAgImZlYXR1cmVUeXBlIjogInBvaSIsCiAgICAiZWxlbWVudFR5cGUiOiAiZ2VvbWV0cnkuZmlsbCIsCiAgICAic3R5bGVycyI6IFsKICAgICAgewogICAgICAgICJjb2xvciI6ICIjMzM0MTViIgogICAgICB9CiAgICBdCiAgfSwKICB7CiAgICAiZmVhdHVyZVR5cGUiOiAicm9hZCIsCiAgICAiZWxlbWVudFR5cGUiOiAiZ2VvbWV0cnkuZmlsbCIsCiAgICAic3R5bGVycyI6IFsKICAgICAgewogICAgICAgICJjb2xvciI6ICIjMWQyZDNkIgogICAgICB9CiAgICBdCiAgfSwKICB7CiAgICAiZmVhdHVyZVR5cGUiOiAid2F0ZXIiLAogICAgImVsZW1lbnRUeXBlIjogImdlb21ldHJ5LmZpbGwiLAogICAgInN0eWxlcnMiOiBbCiAgICAgIHsKICAgICAgICAiY29sb3IiOiAiIzJlN2RjMCIKICAgICAgfQogICAgXQogIH0sCiAgewogICAgImZlYXR1cmVUeXBlIjogImFkbWluaXN0cmF0aXZlLmxhbmRfcGFyY2VsIiwKICAgICJlbGVtZW50VHlwZSI6ICJsYWJlbHMiLAogICAgInN0eWxlcnMiOiBbCiAgICAgIHsKICAgICAgICAidmlzaWJpbGl0eSI6ICJvZmYiCiAgICAgIH0KICAgIF0KICB9LAogIHsKICAgICJmZWF0dXJlVHlwZSI6ICJwb2kiLAogICAgImVsZW1lbnRUeXBlIjogImxhYmVscy50ZXh0IiwKICAgICJzdHlsZXJzIjogWwogICAgICB7CiAgICAgICAgInZpc2liaWxpdHkiOiAib2ZmIgogICAgICB9CiAgICBdCiAgfSwKICB7CiAgICAiZmVhdHVyZVR5cGUiOiAicG9pLmJ1c2luZXNzIiwKICAgICJzdHlsZXJzIjogWwogICAgICB7CiAgICAgICAgInZpc2liaWxpdHkiOiAib2ZmIgogICAgICB9CiAgICBdCiAgfSwKICB7CiAgICAiZmVhdHVyZVR5cGUiOiAicm9hZCIsCiAgICAiZWxlbWVudFR5cGUiOiAibGFiZWxzLmljb24iLAogICAgInN0eWxlcnMiOiBbCiAgICAgIHsKICAgICAgICAidmlzaWJpbGl0eSI6ICJvZmYiCiAgICAgIH0KICAgIF0KICB9LAogIHsKICAgICJmZWF0dXJlVHlwZSI6ICJyb2FkLmxvY2FsIiwKICAgICJlbGVtZW50VHlwZSI6ICJsYWJlbHMiLAogICAgInN0eWxlcnMiOiBbCiAgICAgIHsKICAgICAgICAidmlzaWJpbGl0eSI6ICJvZmYiCiAgICAgIH0KICAgIF0KICB9LAogIHsKICAgICJmZWF0dXJlVHlwZSI6ICJ0cmFuc2l0IiwKICAgICJzdHlsZXJzIjogWwogICAgICB7CiAgICAgICAgInZpc2liaWxpdHkiOiAib2ZmIgogICAgICB9CiAgICBdCiAgfQpdCgkJICAKICAgICAgICB9KTsKCgoKCiAgICB2YXIgcG9zcG9ydGFscGF1PSB7bGF0OiA0MS4zNzU5NTIsIGxuZzogMi4xNzg4OTh9OwoKICAgIHZhciBwb3J0YWxwYXUgPSc8ZGl2IGNsYXNzPSJpbWFnIj48aW1nIHNyYz0iaHR0cHM6Ly9wb3J0dmVsbGJjbi5jYXQvd3AtY29udGVudC91cGxvYWRzLzIwMTkvMTAvcG9ydC12ZWxsLXBvcnRhbC1kZS1sYS1wYXUtYmFyY2Vsb25hLTEwODYxNTQtMi0xLmpwZz9pZD01NjgwIi8+PC9kaXY+JysKICAgIAkJCQkJJzxici8+PGRpdiBjbGFzcz0idGl0dSI+RWRpZmljaSBQb3J0YWwgZGUgbGEgUGF1PC9kaXY+JysKICAgIAkJCQkJJzxkaXYgY2xhc3M9ImJhcnJhIj48aHI+PC9kaXY+JysKICAgIAkJCQkJJzxkaXYgY2xhc3M9InRleHRvIj5M4oCZZWRpZmljaSBkZWwgUG9ydGFsIGRlIGxhIFBhdSB2YSBzZXIgZGlzc2VueWF0IHBlciBs4oCZZW5naW55ZXIgaSBzb3RzZGlyZWN0b3IgZOKAmW9icmVzIGRlbCBwb3J0IGVuIGFxdWVsbHMgbW9tZW50cywgSnVsaW8gVmFsZMOpcyB5IEh1bWFyw6FuLjwvZGl2PicrCiAgICAJCQkJCSc8YnIvPjxkaXYgY2xhc3M9ImRpcmVjY2lvbiI+PGEgaHJlZj0iaHR0cHM6Ly93d3cuZ29vZ2xlLmNvbS9tYXBzL3BsYWNlL1BvcnQrQXV0aG9yaXR5Ky0rQWRtaXJhbCtIaXN0b3JpYytBdXRob3JpdHkvQDQxLjM3NjE1NzksMi4xNzk1ODczLDE2Ljc1ei9kYXRhPSE0bTghMW0yITJtMSExc1BhbGF1K2RlK01hciwrUGwuK1BhdStWaWxhLCszLCswODAwMytCYXJjZWxvbmEhM200ITFzMHgxMmE0YTI1NmFlMTU5NjUzOjB4NWU0NDVmMGZiNThiOTJhNCE4bTIhM2Q0MS4zNzYwMTkxITRkMi4xNzg4NjM3Ij5DYXJyZXIgZGUgQ2lyY3VtdmFsbGFjaW8gVHJhbSBEb3MsIDYsPGJyPjA4MDM5IEJhcmNlbG9uYTwvYT48L2Rpdj4nOwogICAgICAgIAogICAgdmFyIGluZm93aW5kb3dwb3J0YWxwYXUgPSBuZXcgZ29vZ2xlLm1hcHMuSW5mb1dpbmRvdyh7CiAgICAgICAgY29udGVudDogcG9ydGFscGF1CiAgICB9KTsKCiAgICB2YXIgbWFya2VycG9ydGFscGF1ID0gbmV3IGdvb2dsZS5tYXBzLk1hcmtlcih7CiAgICAJCXBvc2l0aW9uOiBwb3Nwb3J0YWxwYXUsCiAgICAJCWljb246ICdodHRwczovL3BvcnR2ZWxsYmNuLmNhdC93cC1jb250ZW50L3VwbG9hZHMvMjAxOS8xMC9pY29ub19tYXBhX25hcmFuamEucG5nJywKICAgCQkJbWFwOiBtYXAsCiAgIAkJCWFuaW1hdGlvbjogZ29vZ2xlLm1hcHMuQW5pbWF0aW9uLkRST1AsCgogIAkJfSk7CgkKICAgICAgIAogICAgbWFya2VycG9ydGFscGF1LmFkZExpc3RlbmVyKCdjbGljaycsIGZ1bmN0aW9uKCkgewogICAgCWluZm93aW5kb3dwb3J0YWxwYXUub3BlbihtYXAsIG1hcmtlcnBvcnRhbHBhdSk7CiAgICB9KTsKCgogICAKCgoJfQogICAgPC9zY3JpcHQ+CiAgICA8c2NyaXB0IHNyYz0iaHR0cHM6Ly9tYXBzLmdvb2dsZWFwaXMuY29tL21hcHMvYXBpL2pzP2tleT1BSXphU3lBVjFlU2R1b2VtcDg4S2daV3p6MTYwZ0o2RTZ2VWI0QmMmYW1wO2NhbGxiYWNrPWluaXRNYXAiIGFzeW5jPSIiIGRlZmVyPjwvc2NyaXB0Pgo8L2Rpdj4KCjwvZGl2Pg==[\/vc_raw_html][\/vc_column][vc_column animation=\u00bbfade-in-from-right\u00bb css_animation=\u00bbfadeInRight\u00bb width=\u00bb1\/2&#8243;]<div class=\"spacer\" style=\"height: 40px;\"><\/div>[vc_column_text]<\/p>\n<p style=\"text-align: justify;\"><span style=\"font-size: 15px;\">El edificio del Portal de la Pau fue dise\u00f1ado por el ingeniero y subdirector de obras del puerto en aquellos momentos, Julio Vald\u00e9s y Humar\u00e1n. Construido entre 1903 y 1907, est\u00e1 declarado Bien Cultural de Inter\u00e9s Local (BCIL).<\/span><\/p>\n<p style=\"text-align: justify;\"><span style=\"font-size: 15px;\">La fachada del edificio est\u00e1 coronada por el grupo escult\u00f3rico Barcelona protegiendo la Marina y el Comercio, obra de Joan Serra Pau. Inicialmente el edificio acogi\u00f3 un embarcadero de pasajeros (a la planta baja) y un restaurante de lujo (a la primera planta).<\/span><\/p>\n<p><span style=\"font-size: 15px;\">El conjunto del inmueble fue destinado el 1918 como sede del organismo administrador del Puerto de Barcelona, la Junta de Obras, que fue sustituida el 1978 por el Puerto Aut\u00f3nomo y, desde 1992, por la Autoridad Portuaria de Barcelona.<\/span>[\/vc_column_text]<div class=\"divider divider2\" style='margin:10px 0 10px 0 !important;'><\/div>[vc_row_inner][vc_column_inner width=\u00bb1\/2&#8243;]<div class=\"iconbox  wpb_content_element iconbox-style-1 icon-color-accent color-dark animation-none\"><h3><i class=\"fa fa-globe boxicon\" style=\"\"><\/i><span>Web:<\/span><\/h3><p><span style=\"font-size: 13px;\"><a href=\"http:\/\/www.portdebarcelona.cat\">www.portdebarcelona.cat<\/a><\/span><\/p><\/div><div class=\"iconbox  wpb_content_element iconbox-style-1 icon-color-accent color-dark animation-none\"><h3><i class=\"fa fa-phone boxicon\" style=\"\"><\/i><span>Contacto:<\/span><\/h3><div ><span style=\"font-size: 13px;\">T. +34 932 986 000<\/span><\/div><\/div>[\/vc_column_inner][vc_column_inner width=\u00bb1\/2&#8243;]<div class=\"iconbox  wpb_content_element iconbox-style-1 icon-color-accent color-dark animation-none\"><h3><i class=\"fa fa-map-marker-alt boxicon\" style=\"\"><\/i><span>Ubicaci\u00f3n:<\/span><\/h3><p><span style=\"font-size: 13px;\"><a href=\"https:\/\/www.google.com\/maps\/dir\/\/Pla%C3%A7a+Portal+de+la+pau,+6,+08002+Barcelona\/data=!4m6!4m5!1m1!4e2!1m2!1m1!1s0x12a4a256d41b393f:0xe38a905e698374c9?sa=X&amp;ved=2ahUKEwjJ_KrW-9TtAhWViVwKHbMjCcMQwwUwAHoECAQQAg\" target=\"_blank\" rel=\"noopener noreferrer\">Portal de la Pau, 6 <\/a><\/span><span style=\"font-size: 13px;\"><a href=\"https:\/\/www.google.com\/maps\/place\/Port+Authority+-+Admiral+Historic+Authority\/@41.3766598,2.1796705,17z\/data=!4m8!1m2!2m1!1sPalau+de+Mar,+Pl.+Pau+Vila,+3,+08003+Barcelona!3m4!1s0x12a4a256ae159653:0x5e445f0fb58b92a4!8m2!3d41.3760191!4d2.1788637\">08002 Barcelona<\/a><\/span><\/p><\/div>[\/vc_column_inner][\/vc_row_inner][\/vc_column][\/vc_row][vc_row type=\u00bbfull_width_section\u00bb top_padding=\u00bb60&#8243;][vc_column width=\u00bb1\/4&#8243;]<div class=\"single_image wpb_content_element align-left    \" data-animation=\"none\" data-delay=\"0\"><a href=\"https:\/\/portvellbcn.cat\/wp-content\/uploads\/2019\/06\/portal-de-la-pau-02.jpg\" class=\"prettyPhoto\" rel=\"prettyPhoto[image]\"><img loading=\"lazy\" decoding=\"async\" width=\"1200\" height=\"800\" src=\"https:\/\/portvellbcn.cat\/wp-content\/uploads\/2019\/06\/portal-de-la-pau-02.jpg\" class=\"attachment-full\" alt=\"\" title=\"portal-de-la-pau-02\" srcset=\"https:\/\/portvellbcn.cat\/wp-content\/uploads\/2019\/06\/portal-de-la-pau-02.jpg 1200w, https:\/\/portvellbcn.cat\/wp-content\/uploads\/2019\/06\/portal-de-la-pau-02-600x400.jpg 600w, https:\/\/portvellbcn.cat\/wp-content\/uploads\/2019\/06\/portal-de-la-pau-02-300x200.jpg 300w, https:\/\/portvellbcn.cat\/wp-content\/uploads\/2019\/06\/portal-de-la-pau-02-768x512.jpg 768w, https:\/\/portvellbcn.cat\/wp-content\/uploads\/2019\/06\/portal-de-la-pau-02-1024x683.jpg 1024w\" sizes=\"auto, (max-width: 1200px) 100vw, 1200px\" \/><\/a><\/div>[\/vc_column][vc_column width=\u00bb1\/4&#8243;]<div class=\"single_image wpb_content_element align-left    \" data-animation=\"none\" data-delay=\"0\"><a href=\"https:\/\/portvellbcn.cat\/wp-content\/uploads\/2019\/10\/port-vell-portal-de-la-pau-1098773.jpg\" class=\"prettyPhoto\" rel=\"prettyPhoto[image]\"><img loading=\"lazy\" decoding=\"async\" width=\"1200\" height=\"800\" src=\"https:\/\/portvellbcn.cat\/wp-content\/uploads\/2019\/10\/port-vell-portal-de-la-pau-1098773.jpg\" class=\"attachment-full\" alt=\"\" title=\"port-vell-portal-de-la-pau-1098773\" srcset=\"https:\/\/portvellbcn.cat\/wp-content\/uploads\/2019\/10\/port-vell-portal-de-la-pau-1098773.jpg 1200w, https:\/\/portvellbcn.cat\/wp-content\/uploads\/2019\/10\/port-vell-portal-de-la-pau-1098773-600x400.jpg 600w, https:\/\/portvellbcn.cat\/wp-content\/uploads\/2019\/10\/port-vell-portal-de-la-pau-1098773-300x200.jpg 300w, https:\/\/portvellbcn.cat\/wp-content\/uploads\/2019\/10\/port-vell-portal-de-la-pau-1098773-768x512.jpg 768w, https:\/\/portvellbcn.cat\/wp-content\/uploads\/2019\/10\/port-vell-portal-de-la-pau-1098773-1024x683.jpg 1024w\" sizes=\"auto, (max-width: 1200px) 100vw, 1200px\" \/><\/a><\/div>[\/vc_column][vc_column width=\u00bb1\/4&#8243;]<div class=\"single_image wpb_content_element align-left    \" data-animation=\"none\" data-delay=\"0\"><a href=\"https:\/\/portvellbcn.cat\/wp-content\/uploads\/2019\/06\/portal-de-la-pau-01.jpg\" class=\"prettyPhoto\" rel=\"prettyPhoto[image]\"><img loading=\"lazy\" decoding=\"async\" width=\"1200\" height=\"800\" src=\"https:\/\/portvellbcn.cat\/wp-content\/uploads\/2019\/06\/portal-de-la-pau-01.jpg\" class=\"attachment-full\" alt=\"\" title=\"portal-de-la-pau-01\" srcset=\"https:\/\/portvellbcn.cat\/wp-content\/uploads\/2019\/06\/portal-de-la-pau-01.jpg 1200w, https:\/\/portvellbcn.cat\/wp-content\/uploads\/2019\/06\/portal-de-la-pau-01-600x400.jpg 600w, https:\/\/portvellbcn.cat\/wp-content\/uploads\/2019\/06\/portal-de-la-pau-01-300x200.jpg 300w, https:\/\/portvellbcn.cat\/wp-content\/uploads\/2019\/06\/portal-de-la-pau-01-768x512.jpg 768w, https:\/\/portvellbcn.cat\/wp-content\/uploads\/2019\/06\/portal-de-la-pau-01-1024x683.jpg 1024w\" sizes=\"auto, (max-width: 1200px) 100vw, 1200px\" \/><\/a><\/div>[\/vc_column][vc_column width=\u00bb1\/4&#8243;]<div class=\"single_image wpb_content_element align-left    \" data-animation=\"none\" data-delay=\"0\"><img loading=\"lazy\" decoding=\"async\" width=\"1200\" height=\"800\" src=\"https:\/\/portvellbcn.cat\/wp-content\/uploads\/2019\/06\/portal-de-la-pau-03.jpg\" class=\"attachment-full\" alt=\"\" title=\"portal-de-la-pau-03\" srcset=\"https:\/\/portvellbcn.cat\/wp-content\/uploads\/2019\/06\/portal-de-la-pau-03.jpg 1200w, https:\/\/portvellbcn.cat\/wp-content\/uploads\/2019\/06\/portal-de-la-pau-03-600x400.jpg 600w, https:\/\/portvellbcn.cat\/wp-content\/uploads\/2019\/06\/portal-de-la-pau-03-300x200.jpg 300w, https:\/\/portvellbcn.cat\/wp-content\/uploads\/2019\/06\/portal-de-la-pau-03-768x512.jpg 768w, https:\/\/portvellbcn.cat\/wp-content\/uploads\/2019\/06\/portal-de-la-pau-03-1024x683.jpg 1024w\" sizes=\"auto, (max-width: 1200px) 100vw, 1200px\" \/><\/div>[\/vc_column][\/vc_row]<\/p>\n<\/div>","protected":false},"excerpt":{"rendered":"<p>[vc_row type=\u00bbfull_width_section\u00bb top_padding=\u00bb100&#8243; bottom_padding=\u00bb100&#8243;][vc_column width=\u00bb1\/4&#8243;][\/vc_column][vc_column width=\u00bb2\/4&#8243;][vc_column_text css_animation=\u00bbfadeInUp\u00bb css=\u00bb.vc_custom_1583940689502{margin-bottom: 15px !important;}\u00bb] ESPACIO P\u00daBLICO [\/vc_column_text][vc_column_text css_animation=\u00bbfadeInUp\u00bb] Edificio Portal de la Pau [\/vc_column_text][vc_zigzag color=\u00bbsandy_brown\u00bb el_width=\u00bb10&#8243;][\/vc_column][vc_column width=\u00bb1\/4&#8243;][\/vc_column][\/vc_row][vc_row type=\u00bbfull_width_section\u00bb bottom_padding=\u00bb50&#8243; full_width=\u00bbstretch_row_content_no_spaces\u00bb el_class=\u00bb.vc-col-xs-margin-top-0&#8243; css=\u00bb.vc_custom_1608638457077{margin-bottom: 40px !important;}\u00bb][vc_column animation=\u00bbfade-in-from-left\u00bb bg_image=\u00bb5680&#8243; css_animation=\u00bbfadeInLeft\u00bb css=\u00bb.vc_custom_1563806848334{padding-top: 400px !important;padding-right: 0px !important;padding-bottom: 300px !important;padding-left: 0px !important;background-image: url(https:\/\/portvellbcn.cat\/wp-content\/uploads\/2019\/06\/torre-de-jaume.jpg?id=5445) !important;background-position: center !important;background-repeat: no-repeat !important;background-size: cover !important;}\u00bb][\/vc_column][\/vc_row][vc_row equal_height=\u00bbyes\u00bb css=\u00bb.vc_custom_1608638521917{margin-top: 40px !important;margin-bottom: 50px !important;}\u00bb][vc_column el_class=\u00bbtituloexplora\u00bb animation=\u00bbfade-in-from-left\u00bb css_animation=\u00bbfadeInLeft\u00bb width=\u00bb1\/2&#8243;][vc_raw_html]PGRpdj4KCjxzY3JpcHQgc3JjPSJqcXVlcnktMi4xLjQuanMiPjwvc2NyaXB0Pgo8bGluayByZWw9InN0eWxlc2hlZXQiIHR5cGU9InRleHQvY3NzIiBocmVmPSJzdHlsZXMuY3NzIj4KPHN0eWxlPgogICAgICAjbWFwIHsKICAgICAgICBoZWlnaHQ6IDM1MHB4OwogICAgICAgIG92ZXJmbG93LWFuY2hvcjpub25lOwogICAgICB9Cjwvc3R5bGU+CgoKPGJyPgo8YnI+CjxkaXYgaWQ9IndyYXBwZXIiPgo8ZGl2IGlkPSJtYXAiPjwvZGl2PgogICAgPHNjcmlwdD4KICAgICAgdmFyIG1hcDsKICAgICAgZnVuY3Rpb24gaW5pdE1hcCgpIHsKICAgICAgICBtYXAgPSBuZXcgZ29vZ2xlLm1hcHMuTWFwKGRvY3VtZW50LmdldEVsZW1lbnRCeUlkKCdtYXAnKSwgewogICAgICAgICAgY2VudGVyOiB7bGF0OjQxLjM3NTk1MiwgbG5nOiAyLjE3ODg5OH0sCiAgICAgICAgICB6b29tOiAxNiwKCQkgIHN0eWxlczpbCiAgewogICAgImZlYXR1cmVUeXBlIjogImxhbmRzY2FwZS5tYW5fbWFkZSIsCiAgICAiZWxlbWVudFR5cGUiOiAiZ2VvbWV0cnkuZmlsbCIsCiAgICAic3R5bGVycyI6IFsKICAgICAgewogICAgICAgICJjb2xvciI6ICIjNjk4MmFiIgogICAgICB9CiAgICBdCiAgfSwKICB7CiAgICAiZmVhdHVyZVR5cGUiOiAibGFuZHNjYXBlLm5hdHVyYWwiLAogICAgImVsZW1lbnRUeXBlIjogImdlb21ldHJ5LmZpbGwiLAogICAgInN0eWxlcnMiOiBbCiAgICAgIHsKICAgICAgICAiY29sb3IiOiAiIzY5ODJhYiIKICAgICAgfQogICAgXQogIH0sCiAgewogICAgImZlYXR1cmVUeXBlIjogInBvaSIsCiAgICAiZWxlbWVudFR5cGUiOiAiZ2VvbWV0cnkuZmlsbCIsCiAgICAic3R5bGVycyI6IFsKICAgICAgewogICAgICAgICJjb2xvciI6ICIjMzM0MTViIgogICAgICB9CiAgICBdCiAgfSwKICB7CiAgICAiZmVhdHVyZVR5cGUiOiAicm9hZCIsCiAgICAiZWxlbWVudFR5cGUiOiAiZ2VvbWV0cnkuZmlsbCIsCiAgICAic3R5bGVycyI6IFsKICAgICAgewogICAgICAgICJjb2xvciI6ICIjMWQyZDNkIgogICAgICB9CiAgICBdCiAgfSwKICB7CiAgICAiZmVhdHVyZVR5cGUiOiAid2F0ZXIiLAogICAgImVsZW1lbnRUeXBlIjogImdlb21ldHJ5LmZpbGwiLAogICAgInN0eWxlcnMiOiBbCiAgICAgIHsKICAgICAgICAiY29sb3IiOiAiIzJlN2RjMCIKICAgICAgfQogICAgXQogIH0sCiAgewogICAgImZlYXR1cmVUeXBlIjogImFkbWluaXN0cmF0aXZlLmxhbmRfcGFyY2VsIiwKICAgICJlbGVtZW50VHlwZSI6ICJsYWJlbHMiLAogICAgInN0eWxlcnMiOiBbCiAgICAgIHsKICAgICAgICAidmlzaWJpbGl0eSI6ICJvZmYiCiAgICAgIH0KICAgIF0KICB9LAogIHsKICAgICJmZWF0dXJlVHlwZSI6ICJwb2kiLAogICAgImVsZW1lbnRUeXBlIjogImxhYmVscy50ZXh0IiwKICAgICJzdHlsZXJzIjogWwogICAgICB7CiAgICAgICAgInZpc2liaWxpdHkiOiAib2ZmIgogICAgICB9CiAgICBdCiAgfSwKICB7CiAgICAiZmVhdHVyZVR5cGUiOiAicG9pLmJ1c2luZXNzIiwKICAgICJzdHlsZXJzIjogWwogICAgICB7CiAgICAgICAgInZpc2liaWxpdHkiOiAib2ZmIgogICAgICB9CiAgICBdCiAgfSwKICB7CiAgICAiZmVhdHVyZVR5cGUiOiAicm9hZCIsCiAgICAiZWxlbWVudFR5cGUiOiAibGFiZWxzLmljb24iLAogICAgInN0eWxlcnMiOiBbCiAgICAgIHsKICAgICAgICAidmlzaWJpbGl0eSI6ICJvZmYiCiAgICAgIH0KICAgIF0KICB9LAogIHsKICAgICJmZWF0dXJlVHlwZSI6ICJyb2FkLmxvY2FsIiwKICAgICJlbGVtZW50VHlwZSI6ICJsYWJlbHMiLAogICAgInN0eWxlcnMiOiBbCiAgICAgIHsKICAgICAgICAidmlzaWJpbGl0eSI6ICJvZmYiCiAgICAgIH0KICAgIF0KICB9LAogIHsKICAgICJmZWF0dXJlVHlwZSI6ICJ0cmFuc2l0IiwKICAgICJzdHlsZXJzIjogWwogICAgICB7CiAgICAgICAgInZpc2liaWxpdHkiOiAib2ZmIgogICAgICB9CiAgICBdCiAgfQpdCgkJICAKICAgICAgICB9KTsKCgoKCiAgICB2YXIgcG9zcG9ydGFscGF1PSB7bGF0OiA0MS4zNzU5NTIsIGxuZzogMi4xNzg4OTh9OwoKICAgIHZhciBwb3J0YWxwYXUgPSc8ZGl2IGNsYXNzPSJpbWFnIj48aW1nIHNyYz0iaHR0cHM6Ly9wb3J0dmVsbGJjbi5jYXQvd3AtY29udGVudC91cGxvYWRzLzIwMTkvMTAvcG9ydC12ZWxsLXBvcnRhbC1kZS1sYS1wYXUtYmFyY2Vsb25hLTEwODYxNTQtMi0xLmpwZz9pZD01NjgwIi8+PC9kaXY+JysKICAgIAkJCQkJJzxici8+PGRpdiBjbGFzcz0idGl0dSI+RWRpZmljaSBQb3J0YWwgZGUgbGEgUGF1PC9kaXY+JysKICAgIAkJCQkJJzxkaXYgY2xhc3M9ImJhcnJhIj48aHI+PC9kaXY+JysKICAgIAkJCQkJJzxkaXYgY2xhc3M9InRleHRvIj5M4oCZZWRpZmljaSBkZWwgUG9ydGFsIGRlIGxhIFBhdSB2YSBzZXIgZGlzc2VueWF0IHBlciBs4oCZZW5naW55ZXIgaSBzb3RzZGlyZWN0b3IgZOKAmW9icmVzIGRlbCBwb3J0IGVuIGFxdWVsbHMgbW9tZW50cywgSnVsaW8gVmFsZMOpcyB5IEh1bWFyw6FuLjwvZGl2PicrCiAgICAJCQkJCSc8YnIvPjxkaXYgY2xhc3M9ImRpcmVjY2lvbiI+PGEgaHJlZj0iaHR0cHM6Ly93d3cuZ29vZ2xlLmNvbS9tYXBzL3BsYWNlL1BvcnQrQXV0aG9yaXR5Ky0rQWRtaXJhbCtIaXN0b3JpYytBdXRob3JpdHkvQDQxLjM3NjE1NzksMi4xNzk1ODczLDE2Ljc1ei9kYXRhPSE0bTghMW0yITJtMSExc1BhbGF1K2RlK01hciwrUGwuK1BhdStWaWxhLCszLCswODAwMytCYXJjZWxvbmEhM200ITFzMHgxMmE0YTI1NmFlMTU5NjUzOjB4NWU0NDVmMGZiNThiOTJhNCE4bTIhM2Q0MS4zNzYwMTkxITRkMi4xNzg4NjM3Ij5DYXJyZXIgZGUgQ2lyY3VtdmFsbGFjaW8gVHJhbSBEb3MsIDYsPGJyPjA4MDM5IEJhcmNlbG9uYTwvYT48L2Rpdj4nOwogICAgICAgIAogICAgdmFyIGluZm93aW5kb3dwb3J0YWxwYXUgPSBuZXcgZ29vZ2xlLm1hcHMuSW5mb1dpbmRvdyh7CiAgICAgICAgY29udGVudDogcG9ydGFscGF1CiAgICB9KTsKCiAgICB2YXIgbWFya2VycG9ydGFscGF1ID0gbmV3IGdvb2dsZS5tYXBzLk1hcmtlcih7CiAgICAJCXBvc2l0aW9uOiBwb3Nwb3J0YWxwYXUsCiAgICAJCWljb246ICdodHRwczovL3BvcnR2ZWxsYmNuLmNhdC93cC1jb250ZW50L3VwbG9hZHMvMjAxOS8xMC9pY29ub19tYXBhX25hcmFuamEucG5nJywKICAgCQkJbWFwOiBtYXAsCiAgIAkJCWFuaW1hdGlvbjogZ29vZ2xlLm1hcHMuQW5pbWF0aW9uLkRST1AsCgogIAkJfSk7CgkKICAgICAgIAogICAgbWFya2VycG9ydGFscGF1LmFkZExpc3RlbmVyKCdjbGljaycsIGZ1bmN0aW9uKCkgewogICAgCWluZm93aW5kb3dwb3J0YWxwYXUub3BlbihtYXAsIG1hcmtlcnBvcnRhbHBhdSk7CiAgICB9KTsKCgogICAKCgoJfQogICAgPC9zY3JpcHQ+CiAgICA8c2NyaXB0IHNyYz0iaHR0cHM6Ly9tYXBzLmdvb2dsZWFwaXMuY29tL21hcHMvYXBpL2pzP2tleT1BSXphU3lBVjFlU2R1b2VtcDg4S2daV3p6MTYwZ0o2RTZ2VWI0QmMmYW1wO2NhbGxiYWNrPWluaXRNYXAiIGFzeW5jPSIiIGRlZmVyPjwvc2NyaXB0Pgo8L2Rpdj4KCjwvZGl2Pg==[\/vc_raw_html][\/vc_column][vc_column animation=\u00bbfade-in-from-right\u00bb css_animation=\u00bbfadeInRight\u00bb width=\u00bb1\/2&#8243;][vc_column_text] El edificio del Portal de la Pau fue dise\u00f1ado por el ingeniero y subdirector de obras del puerto en aquellos momentos, Julio Vald\u00e9s y Humar\u00e1n. Construido entre 1903 y 1907, est\u00e1 declarado Bien Cultural de Inter\u00e9s Local (BCIL). La fachada del edificio est\u00e1 coronada por el grupo escult\u00f3rico Barcelona protegiendo la Marina y el Comercio, obra de Joan Serra Pau. Inicialmente el edificio acogi\u00f3 un embarcadero de pasajeros (a la planta baja) y un restaurante de lujo (a la primera planta). El conjunto del inmueble fue destinado el 1918 como sede del organismo administrador del Puerto de Barcelona, la Junta de Obras, que fue sustituida el 1978 por el Puerto Aut\u00f3nomo y, desde 1992, por la Autoridad Portuaria de Barcelona.[\/vc_column_text][vc_row_inner][vc_column_inner width=\u00bb1\/2&#8243;][\/vc_column_inner][vc_column_inner width=\u00bb1\/2&#8243;][\/vc_column_inner][\/vc_row_inner][\/vc_column][\/vc_row][vc_row type=\u00bbfull_width_section\u00bb top_padding=\u00bb60&#8243;][vc_column width=\u00bb1\/4&#8243;][\/vc_column][vc_column width=\u00bb1\/4&#8243;][\/vc_column][vc_column width=\u00bb1\/4&#8243;][\/vc_column][vc_column width=\u00bb1\/4&#8243;][\/vc_column][\/vc_row]<\/p>\n","protected":false},"author":1,"featured_media":0,"parent":0,"menu_order":0,"comment_status":"closed","ping_status":"closed","template":"","meta":{"_acf_changed":false,"footnotes":""},"class_list":["post-14561","page","type-page","status-publish","hentry"],"acf":[],"_links":{"self":[{"href":"https:\/\/portvellbcn.cat\/es\/wp-json\/wp\/v2\/pages\/14561","targetHints":{"allow":["GET"]}}],"collection":[{"href":"https:\/\/portvellbcn.cat\/es\/wp-json\/wp\/v2\/pages"}],"about":[{"href":"https:\/\/portvellbcn.cat\/es\/wp-json\/wp\/v2\/types\/page"}],"author":[{"embeddable":true,"href":"https:\/\/portvellbcn.cat\/es\/wp-json\/wp\/v2\/users\/1"}],"replies":[{"embeddable":true,"href":"https:\/\/portvellbcn.cat\/es\/wp-json\/wp\/v2\/comments?post=14561"}],"version-history":[{"count":0,"href":"https:\/\/portvellbcn.cat\/es\/wp-json\/wp\/v2\/pages\/14561\/revisions"}],"wp:attachment":[{"href":"https:\/\/portvellbcn.cat\/es\/wp-json\/wp\/v2\/media?parent=14561"}],"curies":[{"name":"wp","href":"https:\/\/api.w.org\/{rel}","templated":true}]}}