{"id":14558,"date":"2023-07-27T11:39:43","date_gmt":"2023-07-27T09:39:43","guid":{"rendered":"https:\/\/portvellbcn.cat\/drassanes-reials\/"},"modified":"2023-07-27T12:04:06","modified_gmt":"2023-07-27T10:04:06","slug":"drassanes-reials","status":"publish","type":"page","link":"https:\/\/portvellbcn.cat\/es\/drassanes-reials\/","title":{"rendered":"Drassanes Reials"},"content":{"rendered":"<div class=\"wpb-content-wrapper\"><p>[vc_row type=\u00bbfull_width_section\u00bb top_padding=\u00bb100&#8243; bottom_padding=\u00bb100&#8243;][vc_column width=\u00bb1\/4&#8243;][\/vc_column][vc_column width=\u00bb2\/4&#8243;][vc_column_text css_animation=\u00bbfadeInUp\u00bb css=\u00bb.vc_custom_1583940689502{margin-bottom: 15px !important;}\u00bb]<\/p>\n<p style=\"text-align: center; letter-spacing: 4px;\"><span style=\"color: #999999; font-size: 14px; letter-spacing: 4px;\">ESPACIO P\u00daBLICO<\/span><\/p>\n<p>[\/vc_column_text][vc_column_text css_animation=\u00bbfadeInUp\u00bb]<\/p>\n<p style=\"text-align: center;\"><span class=\"s1\" style=\"font-size: 60px; color: #333333;\"><span style=\"font-family: 'Poppins', sans-serif; font-weight: 300; letter-spacing: 1px;\"><span style=\"line-height: 1.2em; display: inline-block; width: 100%;\"><span style=\"font-family: 'Poppins', sans-serif; font-weight: 400;\"><span style=\"font-family: 'Poppins', sans-serif; font-weight: 500;\"><span class=\"titulofuente\" style=\"font-family: 'Playfair Display', sans-serif; font-weight: 400;\">Drassanes Reales<\/span><\/span><\/span><\/span><\/span><\/span><\/p>\n<p>[\/vc_column_text][vc_zigzag color=\u00bbsandy_brown\u00bb el_width=\u00bb10&#8243;][\/vc_column][vc_column width=\u00bb1\/4&#8243;][\/vc_column][\/vc_row][vc_row type=\u00bbfull_width_section\u00bb bottom_padding=\u00bb50&#8243; full_width=\u00bbstretch_row_content_no_spaces\u00bb el_class=\u00bb.vc-col-xs-margin-top-0&#8243; css=\u00bb.vc_custom_1608638457077{margin-bottom: 40px !important;}\u00bb][vc_column animation=\u00bbfade-in-from-left\u00bb bg_image=\u00bb5684&#8243; css_animation=\u00bbfadeInLeft\u00bb css=\u00bb.vc_custom_1563806848334{padding-top: 400px !important;padding-right: 0px !important;padding-bottom: 300px !important;padding-left: 0px !important;background-image: url(https:\/\/portvellbcn.cat\/wp-content\/uploads\/2019\/06\/torre-de-jaume.jpg?id=5445) !important;background-position: center !important;background-repeat: no-repeat !important;background-size: cover !important;}\u00bb]<div class=\"spacer\" style=\"height: 750px;\"><\/div>[\/vc_column][\/vc_row][vc_row equal_height=\u00bbyes\u00bb css=\u00bb.vc_custom_1608638521917{margin-top: 40px !important;margin-bottom: 50px !important;}\u00bb][vc_column el_class=\u00bbtituloexplora\u00bb animation=\u00bbfade-in-from-left\u00bb css_animation=\u00bbfadeInLeft\u00bb width=\u00bb1\/2&#8243;][vc_raw_html]PGRpdj4KCjxzY3JpcHQgc3JjPSJqcXVlcnktMi4xLjQuanMiPjwvc2NyaXB0Pgo8bGluayByZWw9InN0eWxlc2hlZXQiIHR5cGU9InRleHQvY3NzIiBocmVmPSJzdHlsZXMuY3NzIj4KPHN0eWxlPgogICAgICAjbWFwIHsKICAgICAgICBoZWlnaHQ6IDM1MHB4OwogICAgICAgIG92ZXJmbG93LWFuY2hvcjpub25lOwogICAgICB9Cjwvc3R5bGU+CgoKPGJyPgo8YnI+CjxkaXYgaWQ9IndyYXBwZXIiPgo8ZGl2IGlkPSJtYXAiPjwvZGl2PgogICAgPHNjcmlwdD4KICAgICAgdmFyIG1hcDsKICAgICAgZnVuY3Rpb24gaW5pdE1hcCgpIHsKICAgICAgICBtYXAgPSBuZXcgZ29vZ2xlLm1hcHMuTWFwKGRvY3VtZW50LmdldEVsZW1lbnRCeUlkKCdtYXAnKSwgewogICAgICAgICAgY2VudGVyOiB7bGF0OiA0MS4zNzU3MjUsIGxuZzogMi4xNzU5ODJ9LAogICAgICAgICAgem9vbTogMTYsCgkJICBzdHlsZXM6WwogIHsKICAgICJmZWF0dXJlVHlwZSI6ICJsYW5kc2NhcGUubWFuX21hZGUiLAogICAgImVsZW1lbnRUeXBlIjogImdlb21ldHJ5LmZpbGwiLAogICAgInN0eWxlcnMiOiBbCiAgICAgIHsKICAgICAgICAiY29sb3IiOiAiIzY5ODJhYiIKICAgICAgfQogICAgXQogIH0sCiAgewogICAgImZlYXR1cmVUeXBlIjogImxhbmRzY2FwZS5uYXR1cmFsIiwKICAgICJlbGVtZW50VHlwZSI6ICJnZW9tZXRyeS5maWxsIiwKICAgICJzdHlsZXJzIjogWwogICAgICB7CiAgICAgICAgImNvbG9yIjogIiM2OTgyYWIiCiAgICAgIH0KICAgIF0KICB9LAogIHsKICAgICJmZWF0dXJlVHlwZSI6ICJwb2kiLAogICAgImVsZW1lbnRUeXBlIjogImdlb21ldHJ5LmZpbGwiLAogICAgInN0eWxlcnMiOiBbCiAgICAgIHsKICAgICAgICAiY29sb3IiOiAiIzMzNDE1YiIKICAgICAgfQogICAgXQogIH0sCiAgewogICAgImZlYXR1cmVUeXBlIjogInJvYWQiLAogICAgImVsZW1lbnRUeXBlIjogImdlb21ldHJ5LmZpbGwiLAogICAgInN0eWxlcnMiOiBbCiAgICAgIHsKICAgICAgICAiY29sb3IiOiAiIzFkMmQzZCIKICAgICAgfQogICAgXQogIH0sCiAgewogICAgImZlYXR1cmVUeXBlIjogIndhdGVyIiwKICAgICJlbGVtZW50VHlwZSI6ICJnZW9tZXRyeS5maWxsIiwKICAgICJzdHlsZXJzIjogWwogICAgICB7CiAgICAgICAgImNvbG9yIjogIiMyZTdkYzAiCiAgICAgIH0KICAgIF0KICB9LAogIHsKICAgICJmZWF0dXJlVHlwZSI6ICJhZG1pbmlzdHJhdGl2ZS5sYW5kX3BhcmNlbCIsCiAgICAiZWxlbWVudFR5cGUiOiAibGFiZWxzIiwKICAgICJzdHlsZXJzIjogWwogICAgICB7CiAgICAgICAgInZpc2liaWxpdHkiOiAib2ZmIgogICAgICB9CiAgICBdCiAgfSwKICB7CiAgICAiZmVhdHVyZVR5cGUiOiAicG9pIiwKICAgICJlbGVtZW50VHlwZSI6ICJsYWJlbHMudGV4dCIsCiAgICAic3R5bGVycyI6IFsKICAgICAgewogICAgICAgICJ2aXNpYmlsaXR5IjogIm9mZiIKICAgICAgfQogICAgXQogIH0sCiAgewogICAgImZlYXR1cmVUeXBlIjogInBvaS5idXNpbmVzcyIsCiAgICAic3R5bGVycyI6IFsKICAgICAgewogICAgICAgICJ2aXNpYmlsaXR5IjogIm9mZiIKICAgICAgfQogICAgXQogIH0sCiAgewogICAgImZlYXR1cmVUeXBlIjogInJvYWQiLAogICAgImVsZW1lbnRUeXBlIjogImxhYmVscy5pY29uIiwKICAgICJzdHlsZXJzIjogWwogICAgICB7CiAgICAgICAgInZpc2liaWxpdHkiOiAib2ZmIgogICAgICB9CiAgICBdCiAgfSwKICB7CiAgICAiZmVhdHVyZVR5cGUiOiAicm9hZC5sb2NhbCIsCiAgICAiZWxlbWVudFR5cGUiOiAibGFiZWxzIiwKICAgICJzdHlsZXJzIjogWwogICAgICB7CiAgICAgICAgInZpc2liaWxpdHkiOiAib2ZmIgogICAgICB9CiAgICBdCiAgfSwKICB7CiAgICAiZmVhdHVyZVR5cGUiOiAidHJhbnNpdCIsCiAgICAic3R5bGVycyI6IFsKICAgICAgewogICAgICAgICJ2aXNpYmlsaXR5IjogIm9mZiIKICAgICAgfQogICAgXQogIH0KXQoJCSAgCiAgICAgICAgfSk7CgoKCiAgICB2YXIgcG9zZHJhc3NhbmVzcmVpYWxzID0ge2xhdDogNDEuMzc1NzI1LCBsbmc6IDIuMTc1OTgyfTsKCiAgICB2YXIgZHJhc3NhbmVzcmVpYWxzID0nPGRpdiBjbGFzcz0iaW1hZyI+PGltZyBzcmM9Imh0dHBzOi8vcG9ydHZlbGxiY24uY2F0L3dwLWNvbnRlbnQvdXBsb2Fkcy8yMDE5LzA2L3BvcnR2ZWxsLWVkaWZpY2ktbWFnYXR6ZW0tZGVsLWNvbWXDpy1iYXJjZWxvbmEtMTA5ODQ5NC0xLmpwZz9pZD01NjY1Ii8+PC9kaXY+JysKICAgIAkJCQkJJzxici8+PGRpdiBjbGFzcz0idGl0dSI+RHJhc3NhbmVzIFJlaWFsczwvZGl2PicrCiAgICAJCQkJCSc8ZGl2IGNsYXNzPSJiYXJyYSI+PGhyPjwvZGl2PicrCiAgICAJCQkJCSc8ZGl2IGNsYXNzPSJ0ZXh0byI+TGVzIERyYXNzYW5lcyBSZWlhbHMgZGUgQmFyY2Vsb25hIHPDs24gdW4gZWRpZmljaSBtaWxpdGFyIGTigJllc3RpbCBnw7J0aWMuIEVzIHZhbiBjb21lbsOnYXIgYSBiYXN0aXIgYWwgZmluYWwgZGVsIHNlZ2xlIFhJSUksIGR1cmFudCBlbCByZWduYXQgZGUgUGVyZSBlbCBHcmFuLCBpIGRlcyBkZWwgc2V1IG9yaWdlbiBlcyB2YW4gZGVzdGluYXIgYSBsYSBjb25zdHJ1Y2Npw7MgZGUgbGVzIGdhbGVyZXMgZGUgbOKAmWFybWFkYSBkZWwgcmVpIGTigJlBcmFnw7MuIDwvZGl2PicrCiAgICAJCQkJCSc8YnIvPjxkaXYgY2xhc3M9ImRpcmVjY2lvbiI+PGEgaHJlZj0iaHR0cHM6Ly93d3cuZ29vZ2xlLmNvbS9tYXBzL3BsYWNlL0RyYXNzYW5lcytSZWlhbHMvQDQxLjM3NTc3MzMsMi4xNzYwMDg3LDIxei9kYXRhPSE0bTUhM200ITFzMHgxMmE0YTMzNWU4YWVhZGU5OjB4MjI0YzlhYTExMmFhMTA1NiE4bTIhM2Q0MS4zNzU4MjI2ITRkMi4xNzYwOTE5Ij5Bdi4gZGUgbGVzIERyYXNzYW5lcywgMSw8YnI+IDA4MDAxIEJhcmNlbG9uYTwvYT48L2Rpdj4nOwogICAgICAgIAogICAgdmFyIGluZm93aW5kb3dkcmFzc2FuZXNyZWlhbHMgPSBuZXcgZ29vZ2xlLm1hcHMuSW5mb1dpbmRvdyh7CiAgICAgICAgY29udGVudDogZHJhc3NhbmVzcmVpYWxzCiAgICB9KTsKCiAgICB2YXIgbWFya2VyZHJhc3NhbmVzcmVpYWxzID0gbmV3IGdvb2dsZS5tYXBzLk1hcmtlcih7CiAgICAJCXBvc2l0aW9uOiBwb3NkcmFzc2FuZXNyZWlhbHMsCiAgICAJCWljb246ICdodHRwczovL3BvcnR2ZWxsYmNuLmNhdC93cC1jb250ZW50L3VwbG9hZHMvMjAxOS8xMC9pY29ub19tYXBhX25hcmFuamEucG5nJywKICAgCQkJbWFwOiBtYXAsCiAgIAkJCWFuaW1hdGlvbjogZ29vZ2xlLm1hcHMuQW5pbWF0aW9uLkRST1AsCgogIAkJfSk7CgkKICAgICAgIAogICAgbWFya2VyZHJhc3NhbmVzcmVpYWxzLmFkZExpc3RlbmVyKCdjbGljaycsIGZ1bmN0aW9uKCkgewogICAgCWluZm93aW5kb3dkcmFzc2FuZXNyZWlhbHMub3BlbihtYXAsIG1hcmtlcmRyYXNzYW5lc3JlaWFscyk7CiAgICB9KTsKCgl9CiAgICA8L3NjcmlwdD4KICAgIDxzY3JpcHQgc3JjPSJodHRwczovL21hcHMuZ29vZ2xlYXBpcy5jb20vbWFwcy9hcGkvanM\/a2V5PUFJemFTeUFWMWVTZHVvZW1wODhLZ1pXenoxNjBnSjZFNnZVYjRCYyZhbXA7Y2FsbGJhY2s9aW5pdE1hcCIgYXN5bmM9IiIgZGVmZXI+PC9zY3JpcHQ+CjwvZGl2PgoKPC9kaXY+[\/vc_raw_html][\/vc_column][vc_column animation=\u00bbfade-in-from-right\u00bb css_animation=\u00bbfadeInRight\u00bb width=\u00bb1\/2&#8243;]<div class=\"spacer\" style=\"height: 40px;\"><\/div>[vc_column_text]<\/p>\n<p style=\"text-align: justify;\"><span style=\"font-size: 15px;\">Los Astilleros Reales de Barcelona son un edificio militar de estilo g\u00f3tico. Se empezaron a construir al final del siglo XIII, durante el reinado de Pedro lo Grande, y desde su origen se destinaron a la construcci\u00f3n de las galeras de la armada del rey de Arag\u00f3n. Es uno de los conjuntos arquitect\u00f3nicos del g\u00f3tico civil mejor conservados del mundo, preservado casi en su aspecto original.<\/span><\/p>\n<p style=\"text-align: justify;\"><span style=\"font-size: 15px;\">Las excavaciones realizadas en 2012 evidenciaron que a finales del siglo XVI sobre los antiguos astilleros medievales, se construyeron unos nuevos astilleros que se corresponden con el edificio actual. La construcci\u00f3n militar estuvo bajo la administraci\u00f3n de la Diputaci\u00f3n del General de Catalu\u00f1a durando toda la edad moderna hasta el 1714. El a\u00f1o 1935 los Astilleros fueron cedidos en el Ayuntamiento de Barcelona, que las convirti\u00f3 en sede del Museo Mar\u00edtimo de Barcelona en 1941. El edificio fue declarado Monumento Hist\u00f3rico Art\u00edstico por decreto del Consejo de Ministros de Espa\u00f1a el 5 de mayo de 1976.<\/span><\/p>\n<p style=\"text-align: justify;\"><span style=\"font-size: 15px;\">El Museo Mar\u00edtimo de Barcelona acoge exposiciones sobre la historia y la cultura mar\u00edtima catalana y re\u00fane una de las colecciones m\u00e1s amplias del Mediterr\u00e1neo. El 2006 fue declarado Museo de Inter\u00e9s Nacional.<\/span><\/p>\n<p>[\/vc_column_text]<div class=\"divider divider2\" style='margin:10px 0 10px 0 !important;'><\/div>[vc_row_inner][vc_column_inner width=\u00bb1\/2&#8243;]<div class=\"iconbox  wpb_content_element iconbox-style-1 icon-color-accent color-dark animation-none\"><h3><i class=\"fa fa-globe boxicon\" style=\"\"><\/i><span>Web:<\/span><\/h3><p><span style=\"font-size: 13px;\"><a href=\"http:\/\/www.mhcat.cat\/\">www.mhcat.cat<\/a><\/span><\/p><\/div><div class=\"iconbox  wpb_content_element iconbox-style-1 icon-color-accent color-dark animation-none\"><h3><i class=\"fa fa-phone boxicon\" style=\"\"><\/i><span>Contacto:<\/span><\/h3><p><span style=\"font-size: 13px;\">T. +34 93 342 9920<\/span><\/p><\/div>[\/vc_column_inner][vc_column_inner width=\u00bb1\/2&#8243;]<div class=\"iconbox  wpb_content_element iconbox-style-1 icon-color-accent color-dark animation-none\"><h3><i class=\"fa fa-map-marker-alt boxicon\" style=\"\"><\/i><span>Ubicaci\u00f3n:<\/span><\/h3><p><span style=\"font-size: 13px;\"><a href=\"https:\/\/www.google.com\/maps?q=Av.+de+les+Drassanes,+s\/n,+08001-+Barcelona&amp;rlz=1C1GCEU_esES820ES820&amp;um=1&amp;ie=UTF-8&amp;sa=X&amp;ved=0ahUKEwj9gc_ZwYnjAhWN8eAKHZRwCloQ_AUIECgB\">Av. de les Drassanes, s\/n, 08001- Barcelona<\/a><\/span><\/p><\/div>[\/vc_column_inner][\/vc_row_inner][\/vc_column][\/vc_row][vc_row type=\u00bbfull_width_section\u00bb top_padding=\u00bb60&#8243;][vc_column width=\u00bb1\/4&#8243;]<div class=\"single_image wpb_content_element align-left    \" data-animation=\"none\" data-delay=\"0\"><a href=\"https:\/\/portvellbcn.cat\/wp-content\/uploads\/2019\/06\/port-vell-drassanes-reial-1098833.jpg\" class=\"prettyPhoto\" rel=\"prettyPhoto[image]\"><img loading=\"lazy\" decoding=\"async\" width=\"1200\" height=\"800\" src=\"https:\/\/portvellbcn.cat\/wp-content\/uploads\/2019\/06\/port-vell-drassanes-reial-1098833.jpg\" class=\"attachment-full\" alt=\"\" title=\"port-vell-drassanes-reial-1098833\" srcset=\"https:\/\/portvellbcn.cat\/wp-content\/uploads\/2019\/06\/port-vell-drassanes-reial-1098833.jpg 1200w, https:\/\/portvellbcn.cat\/wp-content\/uploads\/2019\/06\/port-vell-drassanes-reial-1098833-600x400.jpg 600w, https:\/\/portvellbcn.cat\/wp-content\/uploads\/2019\/06\/port-vell-drassanes-reial-1098833-300x200.jpg 300w, https:\/\/portvellbcn.cat\/wp-content\/uploads\/2019\/06\/port-vell-drassanes-reial-1098833-768x512.jpg 768w, https:\/\/portvellbcn.cat\/wp-content\/uploads\/2019\/06\/port-vell-drassanes-reial-1098833-1024x683.jpg 1024w\" sizes=\"auto, (max-width: 1200px) 100vw, 1200px\" \/><\/a><\/div>[\/vc_column][vc_column width=\u00bb1\/4&#8243;]<div class=\"single_image wpb_content_element align-left    \" data-animation=\"none\" data-delay=\"0\"><a href=\"https:\/\/portvellbcn.cat\/wp-content\/uploads\/2019\/06\/port-vell-drassanes-reials-1098911.jpg\" class=\"prettyPhoto\" rel=\"prettyPhoto[image]\"><img loading=\"lazy\" decoding=\"async\" width=\"1200\" height=\"800\" src=\"https:\/\/portvellbcn.cat\/wp-content\/uploads\/2019\/06\/port-vell-drassanes-reials-1098911.jpg\" class=\"attachment-full\" alt=\"\" title=\"port-vell-drassanes-reials-1098911\" srcset=\"https:\/\/portvellbcn.cat\/wp-content\/uploads\/2019\/06\/port-vell-drassanes-reials-1098911.jpg 1200w, https:\/\/portvellbcn.cat\/wp-content\/uploads\/2019\/06\/port-vell-drassanes-reials-1098911-600x400.jpg 600w, https:\/\/portvellbcn.cat\/wp-content\/uploads\/2019\/06\/port-vell-drassanes-reials-1098911-300x200.jpg 300w, https:\/\/portvellbcn.cat\/wp-content\/uploads\/2019\/06\/port-vell-drassanes-reials-1098911-768x512.jpg 768w, https:\/\/portvellbcn.cat\/wp-content\/uploads\/2019\/06\/port-vell-drassanes-reials-1098911-1024x683.jpg 1024w\" sizes=\"auto, (max-width: 1200px) 100vw, 1200px\" \/><\/a><\/div>[\/vc_column][vc_column width=\u00bb1\/4&#8243;]<div class=\"single_image wpb_content_element align-left    \" data-animation=\"none\" data-delay=\"0\"><a href=\"https:\/\/portvellbcn.cat\/wp-content\/uploads\/2023\/07\/DRASSANES.jpg\" class=\"prettyPhoto\" rel=\"prettyPhoto[image]\"><img loading=\"lazy\" decoding=\"async\" width=\"1200\" height=\"800\" src=\"https:\/\/portvellbcn.cat\/wp-content\/uploads\/2023\/07\/DRASSANES.jpg\" class=\"attachment-full\" alt=\"\" title=\"DRASSANES\" srcset=\"https:\/\/portvellbcn.cat\/wp-content\/uploads\/2023\/07\/DRASSANES.jpg 1200w, https:\/\/portvellbcn.cat\/wp-content\/uploads\/2023\/07\/DRASSANES-300x200.jpg 300w, https:\/\/portvellbcn.cat\/wp-content\/uploads\/2023\/07\/DRASSANES-1024x683.jpg 1024w, https:\/\/portvellbcn.cat\/wp-content\/uploads\/2023\/07\/DRASSANES-768x512.jpg 768w, https:\/\/portvellbcn.cat\/wp-content\/uploads\/2023\/07\/DRASSANES-391x260.jpg 391w, https:\/\/portvellbcn.cat\/wp-content\/uploads\/2023\/07\/DRASSANES-600x400.jpg 600w\" sizes=\"auto, (max-width: 1200px) 100vw, 1200px\" \/><\/a><\/div>[\/vc_column][vc_column width=\u00bb1\/4&#8243;]<div class=\"single_image wpb_content_element align-left    \" data-animation=\"none\" data-delay=\"0\"><a href=\"https:\/\/portvellbcn.cat\/wp-content\/uploads\/2023\/07\/DRASSANES2.jpg\" class=\"prettyPhoto\" rel=\"prettyPhoto[image]\"><img loading=\"lazy\" decoding=\"async\" width=\"1200\" height=\"800\" src=\"https:\/\/portvellbcn.cat\/wp-content\/uploads\/2023\/07\/DRASSANES2.jpg\" class=\"attachment-full\" alt=\"\" title=\"DRASSANES2\" srcset=\"https:\/\/portvellbcn.cat\/wp-content\/uploads\/2023\/07\/DRASSANES2.jpg 1200w, https:\/\/portvellbcn.cat\/wp-content\/uploads\/2023\/07\/DRASSANES2-300x200.jpg 300w, https:\/\/portvellbcn.cat\/wp-content\/uploads\/2023\/07\/DRASSANES2-1024x683.jpg 1024w, https:\/\/portvellbcn.cat\/wp-content\/uploads\/2023\/07\/DRASSANES2-768x512.jpg 768w, https:\/\/portvellbcn.cat\/wp-content\/uploads\/2023\/07\/DRASSANES2-391x260.jpg 391w, https:\/\/portvellbcn.cat\/wp-content\/uploads\/2023\/07\/DRASSANES2-600x400.jpg 600w\" sizes=\"auto, (max-width: 1200px) 100vw, 1200px\" \/><\/a><\/div>[\/vc_column][\/vc_row]<\/p>\n<\/div>","protected":false},"excerpt":{"rendered":"<p>[vc_row type=\u00bbfull_width_section\u00bb top_padding=\u00bb100&#8243; bottom_padding=\u00bb100&#8243;][vc_column width=\u00bb1\/4&#8243;][\/vc_column][vc_column width=\u00bb2\/4&#8243;][vc_column_text css_animation=\u00bbfadeInUp\u00bb css=\u00bb.vc_custom_1583940689502{margin-bottom: 15px !important;}\u00bb] ESPACIO P\u00daBLICO [\/vc_column_text][vc_column_text css_animation=\u00bbfadeInUp\u00bb] Drassanes Reales [\/vc_column_text][vc_zigzag color=\u00bbsandy_brown\u00bb el_width=\u00bb10&#8243;][\/vc_column][vc_column width=\u00bb1\/4&#8243;][\/vc_column][\/vc_row][vc_row type=\u00bbfull_width_section\u00bb bottom_padding=\u00bb50&#8243; full_width=\u00bbstretch_row_content_no_spaces\u00bb el_class=\u00bb.vc-col-xs-margin-top-0&#8243; css=\u00bb.vc_custom_1608638457077{margin-bottom: 40px !important;}\u00bb][vc_column animation=\u00bbfade-in-from-left\u00bb bg_image=\u00bb5684&#8243; css_animation=\u00bbfadeInLeft\u00bb css=\u00bb.vc_custom_1563806848334{padding-top: 400px !important;padding-right: 0px !important;padding-bottom: 300px !important;padding-left: 0px !important;background-image: url(https:\/\/portvellbcn.cat\/wp-content\/uploads\/2019\/06\/torre-de-jaume.jpg?id=5445) !important;background-position: center !important;background-repeat: no-repeat !important;background-size: cover !important;}\u00bb][\/vc_column][\/vc_row][vc_row equal_height=\u00bbyes\u00bb css=\u00bb.vc_custom_1608638521917{margin-top: 40px !important;margin-bottom: 50px !important;}\u00bb][vc_column el_class=\u00bbtituloexplora\u00bb animation=\u00bbfade-in-from-left\u00bb css_animation=\u00bbfadeInLeft\u00bb width=\u00bb1\/2&#8243;][vc_raw_html]PGRpdj4KCjxzY3JpcHQgc3JjPSJqcXVlcnktMi4xLjQuanMiPjwvc2NyaXB0Pgo8bGluayByZWw9InN0eWxlc2hlZXQiIHR5cGU9InRleHQvY3NzIiBocmVmPSJzdHlsZXMuY3NzIj4KPHN0eWxlPgogICAgICAjbWFwIHsKICAgICAgICBoZWlnaHQ6IDM1MHB4OwogICAgICAgIG92ZXJmbG93LWFuY2hvcjpub25lOwogICAgICB9Cjwvc3R5bGU+CgoKPGJyPgo8YnI+CjxkaXYgaWQ9IndyYXBwZXIiPgo8ZGl2IGlkPSJtYXAiPjwvZGl2PgogICAgPHNjcmlwdD4KICAgICAgdmFyIG1hcDsKICAgICAgZnVuY3Rpb24gaW5pdE1hcCgpIHsKICAgICAgICBtYXAgPSBuZXcgZ29vZ2xlLm1hcHMuTWFwKGRvY3VtZW50LmdldEVsZW1lbnRCeUlkKCdtYXAnKSwgewogICAgICAgICAgY2VudGVyOiB7bGF0OiA0MS4zNzU3MjUsIGxuZzogMi4xNzU5ODJ9LAogICAgICAgICAgem9vbTogMTYsCgkJICBzdHlsZXM6WwogIHsKICAgICJmZWF0dXJlVHlwZSI6ICJsYW5kc2NhcGUubWFuX21hZGUiLAogICAgImVsZW1lbnRUeXBlIjogImdlb21ldHJ5LmZpbGwiLAogICAgInN0eWxlcnMiOiBbCiAgICAgIHsKICAgICAgICAiY29sb3IiOiAiIzY5ODJhYiIKICAgICAgfQogICAgXQogIH0sCiAgewogICAgImZlYXR1cmVUeXBlIjogImxhbmRzY2FwZS5uYXR1cmFsIiwKICAgICJlbGVtZW50VHlwZSI6ICJnZW9tZXRyeS5maWxsIiwKICAgICJzdHlsZXJzIjogWwogICAgICB7CiAgICAgICAgImNvbG9yIjogIiM2OTgyYWIiCiAgICAgIH0KICAgIF0KICB9LAogIHsKICAgICJmZWF0dXJlVHlwZSI6ICJwb2kiLAogICAgImVsZW1lbnRUeXBlIjogImdlb21ldHJ5LmZpbGwiLAogICAgInN0eWxlcnMiOiBbCiAgICAgIHsKICAgICAgICAiY29sb3IiOiAiIzMzNDE1YiIKICAgICAgfQogICAgXQogIH0sCiAgewogICAgImZlYXR1cmVUeXBlIjogInJvYWQiLAogICAgImVsZW1lbnRUeXBlIjogImdlb21ldHJ5LmZpbGwiLAogICAgInN0eWxlcnMiOiBbCiAgICAgIHsKICAgICAgICAiY29sb3IiOiAiIzFkMmQzZCIKICAgICAgfQogICAgXQogIH0sCiAgewogICAgImZlYXR1cmVUeXBlIjogIndhdGVyIiwKICAgICJlbGVtZW50VHlwZSI6ICJnZW9tZXRyeS5maWxsIiwKICAgICJzdHlsZXJzIjogWwogICAgICB7CiAgICAgICAgImNvbG9yIjogIiMyZTdkYzAiCiAgICAgIH0KICAgIF0KICB9LAogIHsKICAgICJmZWF0dXJlVHlwZSI6ICJhZG1pbmlzdHJhdGl2ZS5sYW5kX3BhcmNlbCIsCiAgICAiZWxlbWVudFR5cGUiOiAibGFiZWxzIiwKICAgICJzdHlsZXJzIjogWwogICAgICB7CiAgICAgICAgInZpc2liaWxpdHkiOiAib2ZmIgogICAgICB9CiAgICBdCiAgfSwKICB7CiAgICAiZmVhdHVyZVR5cGUiOiAicG9pIiwKICAgICJlbGVtZW50VHlwZSI6ICJsYWJlbHMudGV4dCIsCiAgICAic3R5bGVycyI6IFsKICAgICAgewogICAgICAgICJ2aXNpYmlsaXR5IjogIm9mZiIKICAgICAgfQogICAgXQogIH0sCiAgewogICAgImZlYXR1cmVUeXBlIjogInBvaS5idXNpbmVzcyIsCiAgICAic3R5bGVycyI6IFsKICAgICAgewogICAgICAgICJ2aXNpYmlsaXR5IjogIm9mZiIKICAgICAgfQogICAgXQogIH0sCiAgewogICAgImZlYXR1cmVUeXBlIjogInJvYWQiLAogICAgImVsZW1lbnRUeXBlIjogImxhYmVscy5pY29uIiwKICAgICJzdHlsZXJzIjogWwogICAgICB7CiAgICAgICAgInZpc2liaWxpdHkiOiAib2ZmIgogICAgICB9CiAgICBdCiAgfSwKICB7CiAgICAiZmVhdHVyZVR5cGUiOiAicm9hZC5sb2NhbCIsCiAgICAiZWxlbWVudFR5cGUiOiAibGFiZWxzIiwKICAgICJzdHlsZXJzIjogWwogICAgICB7CiAgICAgICAgInZpc2liaWxpdHkiOiAib2ZmIgogICAgICB9CiAgICBdCiAgfSwKICB7CiAgICAiZmVhdHVyZVR5cGUiOiAidHJhbnNpdCIsCiAgICAic3R5bGVycyI6IFsKICAgICAgewogICAgICAgICJ2aXNpYmlsaXR5IjogIm9mZiIKICAgICAgfQogICAgXQogIH0KXQoJCSAgCiAgICAgICAgfSk7CgoKCiAgICB2YXIgcG9zZHJhc3NhbmVzcmVpYWxzID0ge2xhdDogNDEuMzc1NzI1LCBsbmc6IDIuMTc1OTgyfTsKCiAgICB2YXIgZHJhc3NhbmVzcmVpYWxzID0nPGRpdiBjbGFzcz0iaW1hZyI+PGltZyBzcmM9Imh0dHBzOi8vcG9ydHZlbGxiY24uY2F0L3dwLWNvbnRlbnQvdXBsb2Fkcy8yMDE5LzA2L3BvcnR2ZWxsLWVkaWZpY2ktbWFnYXR6ZW0tZGVsLWNvbWXDpy1iYXJjZWxvbmEtMTA5ODQ5NC0xLmpwZz9pZD01NjY1Ii8+PC9kaXY+JysKICAgIAkJCQkJJzxici8+PGRpdiBjbGFzcz0idGl0dSI+RHJhc3NhbmVzIFJlaWFsczwvZGl2PicrCiAgICAJCQkJCSc8ZGl2IGNsYXNzPSJiYXJyYSI+PGhyPjwvZGl2PicrCiAgICAJCQkJCSc8ZGl2IGNsYXNzPSJ0ZXh0byI+TGVzIERyYXNzYW5lcyBSZWlhbHMgZGUgQmFyY2Vsb25hIHPDs24gdW4gZWRpZmljaSBtaWxpdGFyIGTigJllc3RpbCBnw7J0aWMuIEVzIHZhbiBjb21lbsOnYXIgYSBiYXN0aXIgYWwgZmluYWwgZGVsIHNlZ2xlIFhJSUksIGR1cmFudCBlbCByZWduYXQgZGUgUGVyZSBlbCBHcmFuLCBpIGRlcyBkZWwgc2V1IG9yaWdlbiBlcyB2YW4gZGVzdGluYXIgYSBsYSBjb25zdHJ1Y2Npw7MgZGUgbGVzIGdhbGVyZXMgZGUgbOKAmWFybWFkYSBkZWwgcmVpIGTigJlBcmFnw7MuIDwvZGl2PicrCiAgICAJCQkJCSc8YnIvPjxkaXYgY2xhc3M9ImRpcmVjY2lvbiI+PGEgaHJlZj0iaHR0cHM6Ly93d3cuZ29vZ2xlLmNvbS9tYXBzL3BsYWNlL0RyYXNzYW5lcytSZWlhbHMvQDQxLjM3NTc3MzMsMi4xNzYwMDg3LDIxei9kYXRhPSE0bTUhM200ITFzMHgxMmE0YTMzNWU4YWVhZGU5OjB4MjI0YzlhYTExMmFhMTA1NiE4bTIhM2Q0MS4zNzU4MjI2ITRkMi4xNzYwOTE5Ij5Bdi4gZGUgbGVzIERyYXNzYW5lcywgMSw8YnI+IDA4MDAxIEJhcmNlbG9uYTwvYT48L2Rpdj4nOwogICAgICAgIAogICAgdmFyIGluZm93aW5kb3dkcmFzc2FuZXNyZWlhbHMgPSBuZXcgZ29vZ2xlLm1hcHMuSW5mb1dpbmRvdyh7CiAgICAgICAgY29udGVudDogZHJhc3NhbmVzcmVpYWxzCiAgICB9KTsKCiAgICB2YXIgbWFya2VyZHJhc3NhbmVzcmVpYWxzID0gbmV3IGdvb2dsZS5tYXBzLk1hcmtlcih7CiAgICAJCXBvc2l0aW9uOiBwb3NkcmFzc2FuZXNyZWlhbHMsCiAgICAJCWljb246ICdodHRwczovL3BvcnR2ZWxsYmNuLmNhdC93cC1jb250ZW50L3VwbG9hZHMvMjAxOS8xMC9pY29ub19tYXBhX25hcmFuamEucG5nJywKICAgCQkJbWFwOiBtYXAsCiAgIAkJCWFuaW1hdGlvbjogZ29vZ2xlLm1hcHMuQW5pbWF0aW9uLkRST1AsCgogIAkJfSk7CgkKICAgICAgIAogICAgbWFya2VyZHJhc3NhbmVzcmVpYWxzLmFkZExpc3RlbmVyKCdjbGljaycsIGZ1bmN0aW9uKCkgewogICAgCWluZm93aW5kb3dkcmFzc2FuZXNyZWlhbHMub3BlbihtYXAsIG1hcmtlcmRyYXNzYW5lc3JlaWFscyk7CiAgICB9KTsKCgl9CiAgICA8L3NjcmlwdD4KICAgIDxzY3JpcHQgc3JjPSJodHRwczovL21hcHMuZ29vZ2xlYXBpcy5jb20vbWFwcy9hcGkvanM\/a2V5PUFJemFTeUFWMWVTZHVvZW1wODhLZ1pXenoxNjBnSjZFNnZVYjRCYyZhbXA7Y2FsbGJhY2s9aW5pdE1hcCIgYXN5bmM9IiIgZGVmZXI+PC9zY3JpcHQ+CjwvZGl2PgoKPC9kaXY+[\/vc_raw_html][\/vc_column][vc_column animation=\u00bbfade-in-from-right\u00bb css_animation=\u00bbfadeInRight\u00bb width=\u00bb1\/2&#8243;][vc_column_text] Los Astilleros Reales de Barcelona son un edificio militar de estilo g\u00f3tico. Se empezaron a construir al final del siglo XIII, durante el reinado de Pedro lo Grande, y desde su origen se destinaron a la construcci\u00f3n de las galeras de la armada del rey de Arag\u00f3n. Es uno de los conjuntos arquitect\u00f3nicos del g\u00f3tico civil mejor conservados del mundo, preservado casi en su aspecto original. Las excavaciones realizadas en 2012 evidenciaron que a finales del siglo XVI sobre los antiguos astilleros medievales, se construyeron unos nuevos astilleros que se corresponden con el edificio actual. La construcci\u00f3n militar estuvo bajo la administraci\u00f3n de la Diputaci\u00f3n del General de Catalu\u00f1a durando toda la edad moderna hasta el 1714. El a\u00f1o 1935 los Astilleros fueron cedidos en el Ayuntamiento de Barcelona, que las convirti\u00f3 en sede del Museo Mar\u00edtimo de Barcelona en [&hellip;]<\/p>\n","protected":false},"author":1,"featured_media":0,"parent":0,"menu_order":0,"comment_status":"closed","ping_status":"closed","template":"","meta":{"_acf_changed":false,"footnotes":""},"class_list":["post-14558","page","type-page","status-publish","hentry"],"acf":[],"_links":{"self":[{"href":"https:\/\/portvellbcn.cat\/es\/wp-json\/wp\/v2\/pages\/14558","targetHints":{"allow":["GET"]}}],"collection":[{"href":"https:\/\/portvellbcn.cat\/es\/wp-json\/wp\/v2\/pages"}],"about":[{"href":"https:\/\/portvellbcn.cat\/es\/wp-json\/wp\/v2\/types\/page"}],"author":[{"embeddable":true,"href":"https:\/\/portvellbcn.cat\/es\/wp-json\/wp\/v2\/users\/1"}],"replies":[{"embeddable":true,"href":"https:\/\/portvellbcn.cat\/es\/wp-json\/wp\/v2\/comments?post=14558"}],"version-history":[{"count":0,"href":"https:\/\/portvellbcn.cat\/es\/wp-json\/wp\/v2\/pages\/14558\/revisions"}],"wp:attachment":[{"href":"https:\/\/portvellbcn.cat\/es\/wp-json\/wp\/v2\/media?parent=14558"}],"curies":[{"name":"wp","href":"https:\/\/api.w.org\/{rel}","templated":true}]}}