{"id":13895,"date":"2023-07-25T12:40:14","date_gmt":"2023-07-25T10:40:14","guid":{"rendered":"https:\/\/portvellbcn.cat\/agenda-port-vell\/"},"modified":"2026-04-07T09:34:33","modified_gmt":"2026-04-07T07:34:33","slug":"agenda-port-vell","status":"publish","type":"page","link":"https:\/\/portvellbcn.cat\/es\/agenda-port-vell\/","title":{"rendered":"Agenda Port Vell"},"content":{"rendered":"<div class=\"wpb-content-wrapper\"><p>[vc_row full_width=\u00bbstretch_row\u00bb css=\u00bb.vc_custom_1595320301702{padding-top: 60px !important;padding-bottom: 60px !important;}\u00bb][vc_column offset=\u00bbvc_col-lg-offset-2 vc_col-lg-8 vc_col-md-offset-2 vc_col-md-8&#8243;][vc_column_text css_animation=\u00bbfadeInDown\u00bb el_class=\u00bbtiuloverbig\u00bb]<\/p>\n<p style=\"text-align: center;\"><span class=\"s1\" style=\"font-size: 60px; color: #333333;\"><span style=\"font-family: 'Poppins', sans-serif; font-weight: 300; letter-spacing: 1px;\"><span style=\"line-height: 1.2em; display: inline-block; width: 100%;\"><span style=\"font-family: 'Poppins', sans-serif; font-weight: 400;\"><span style=\"font-family: 'Poppins', sans-serif; font-weight: 500;\"><span class=\"titulofuente\" style=\"font-family: 'Playfair Display', sans-serif; font-weight: 400;\">Agenda Port Vell<\/span><\/span><\/span><\/span><\/span><\/span><\/p>\n<p>[\/vc_column_text][\/vc_column][\/vc_row][vc_row bottom_padding=\u00bb50&#8243;][vc_column width=\u00bb1\/3&#8243;][vc_single_image image=\u00bb19502&#8243; img_size=\u00bb500&#215;500&#8243; alignment=\u00bbcenter\u00bb css=\u00bb\u00bb][vc_column_text]<\/p>\n<h3><strong>Circo de los Horrores<\/strong><\/h3>\n<p style=\"text-align: justify;\"><span style=\"font-size: 15px; color: #ff6600;\">Del 9-abr-2026 al 26-abr-2026<\/span><\/p>\n<h4><strong>Lugar: Miquel Tarradell<\/strong><\/h4>\n<p>[\/vc_column_text][\/vc_column][vc_column width=\u00bb1\/3&#8243;][vc_single_image image=\u00bb19511&#8243; img_size=\u00bb500&#215;500&#8243; alignment=\u00bbcenter\u00bb css=\u00bb\u00bb][vc_column_text]<\/p>\n<h3><strong>Summud Flotilla por Gaza<\/strong><\/h3>\n<p style=\"text-align: justify;\"><span style=\"font-size: 15px; color: #ff6600;\">Del 11-abr-2026 al 12-abr-2026<\/span><\/p>\n<h4><strong>Lugar: Moll de Bosch i Alsina (central)<\/strong><\/h4>\n<p>[\/vc_column_text][\/vc_column][vc_column width=\u00bb1\/3&#8243;][vc_single_image image=\u00bb19514&#8243; img_size=\u00bb500&#215;500&#8243; alignment=\u00bbcenter\u00bb css=\u00bb\u00bb][vc_column_text]<\/p>\n<h3><strong>080 Fashion Week<\/strong><\/h3>\n<p style=\"text-align: justify;\"><span style=\"font-size: 15px; color: #ff6600;\">Del 13-abr-2026 al 17-abr-2026<\/span><\/p>\n<h4><strong>Lugar: Marina Vela, Rompeolas, plaza de Las Golondrinas<\/strong><\/h4>\n<p>[\/vc_column_text][\/vc_column][\/vc_row][vc_row bottom_padding=\u00bb50&#8243;][vc_column width=\u00bb1\/3&#8243;][vc_single_image image=\u00bb19517&#8243; img_size=\u00bb500&#215;500&#8243; alignment=\u00bbcenter\u00bb css=\u00bb\u00bb][vc_column_text]<\/p>\n<h3><strong>All those food market<\/strong><\/h3>\n<p style=\"text-align: justify;\"><span style=\"font-size: 15px; color: #ff6600;\">Del 18-abr-2026 al 19-abr-2026<\/span><\/p>\n<h4><strong>Lugar: Moll de Bosch i Alsina (central)<\/strong><\/h4>\n<p>[\/vc_column_text][\/vc_column][vc_column width=\u00bb1\/3&#8243;][vc_single_image image=\u00bb19528&#8243; img_size=\u00bb500&#215;500&#8243; alignment=\u00bbcenter\u00bb css=\u00bb\u00bb][vc_column_text]<\/p>\n<h3><strong>Exposici\u00f3n AMB<\/strong><\/h3>\n<p style=\"text-align: justify;\"><span style=\"font-size: 15px; color: #ff6600;\">De mayo a septiembre de 2026<\/span><\/p>\n<h4><strong>Lugar: Estaci\u00f3n Mar\u00edtima Drassanes<\/strong><\/h4>\n<p>[\/vc_column_text][\/vc_column][vc_column width=\u00bb1\/3&#8243;][vc_single_image image=\u00bb19523&#8243; img_size=\u00bb500&#215;500&#8243; alignment=\u00bbcenter\u00bb css=\u00bb\u00bb][vc_column_text]<\/p>\n<h3><strong>Italian Republik Festival<\/strong><\/h3>\n<p style=\"text-align: justify;\"><span style=\"font-size: 15px; color: #ff6600;\">Del 8-may-2026 al 10-may-2026<\/span><\/p>\n<h4><strong>Lugar: Moll Bosch i Alsina (Central)<\/strong><\/h4>\n<p>[\/vc_column_text][\/vc_column][\/vc_row][vc_row bottom_padding=\u00bb50&#8243;][vc_column width=\u00bb1\/3&#8243;][vc_single_image image=\u00bb19525&#8243; img_size=\u00bb500&#215;500&#8243; alignment=\u00bbcenter\u00bb css=\u00bb\u00bb][vc_column_text]<\/p>\n<h3><strong>Matsuri Japan<\/strong><\/h3>\n<p style=\"text-align: justify;\"><span style=\"font-size: 15px; color: #ff6600;\">Del 15-may-2026 al 17-may-2026<\/span><\/p>\n<h4><strong>Lugar: Moll de Bosch i Alsina<\/strong><\/h4>\n<p>[\/vc_column_text][\/vc_column][vc_column width=\u00bb1\/3&#8243;][vc_single_image image=\u00bb19532&#8243; img_size=\u00bb500&#215;500&#8243; alignment=\u00bbcenter\u00bb css=\u00bb\u00bb][vc_column_text]<\/p>\n<h3><strong>53\u00ba Trofeo Conde de God\u00f3 Monotipos<\/strong><\/h3>\n<p style=\"text-align: justify;\"><span style=\"font-size: 15px; color: #ff6600;\">Del 15-may-2026 al 17-may-2026<\/span><\/p>\n<h4><strong>Lugar: Salida desde Port Vell y aguas de Barcelona<\/strong><\/h4>\n<p>[\/vc_column_text][\/vc_column][vc_column width=\u00bb1\/3&#8243;][vc_single_image image=\u00bb19553&#8243; img_size=\u00bb500&#215;500&#8243; alignment=\u00bbcenter\u00bb css=\u00bb\u00bb][vc_column_text]<\/p>\n<h3><strong>Regata RC Sailing<\/strong><\/h3>\n<p style=\"text-align: justify;\"><span style=\"font-size: 15px; color: #ff6600;\">30-may-2026<\/span><\/p>\n<h4><strong>Lugar: Moll d&#8217;Espanya<\/strong><\/h4>\n<p>[\/vc_column_text][\/vc_column][\/vc_row][vc_row bottom_padding=\u00bb50&#8243;][vc_column width=\u00bb1\/3&#8243;][vc_single_image image=\u00bb19534&#8243; img_size=\u00bb500&#215;500&#8243; alignment=\u00bbcenter\u00bb css=\u00bb\u00bb][vc_column_text]<\/p>\n<h3><strong>Port Obert<\/strong><\/h3>\n<p style=\"text-align: justify;\"><span style=\"font-size: 15px; color: #ff6600;\">Del 30-may-2026 al 31-may-2026<\/span><\/p>\n<h4><strong>Lugar: Todo el puerto<\/strong><\/h4>\n<p>[\/vc_column_text][\/vc_column][vc_column width=\u00bb1\/3&#8243;][vc_single_image image=\u00bb19539&#8243; img_size=\u00bb500&#215;500&#8243; alignment=\u00bbcenter\u00bb css=\u00bb\u00bb][vc_column_text]<\/p>\n<h3><strong>Vermut Lluci\u00e0 Ferrer<\/strong><\/h3>\n<p style=\"text-align: justify;\"><span style=\"font-size: 15px; color: #ff6600;\">30-may-2026<\/span><\/p>\n<h4><strong>Lugar: Portal de la Pau<\/strong><\/h4>\n<p>[\/vc_column_text][\/vc_column][vc_column width=\u00bb1\/3&#8243;][vc_single_image image=\u00bb19572&#8243; img_size=\u00bb500&#215;500&#8243; alignment=\u00bbcenter\u00bb css=\u00bb\u00bb][vc_column_text]<\/p>\n<h3><strong>Trobada geganters i grallers<\/strong><\/h3>\n<p style=\"text-align: justify;\"><span style=\"font-size: 15px; color: #ff6600;\">30-may-2026<\/span><\/p>\n<h4><strong>Lugar: Moll de la Barceloneta<\/strong><\/h4>\n<p>[\/vc_column_text][\/vc_column][\/vc_row][vc_row bottom_padding=\u00bb50&#8243;][vc_column width=\u00bb1\/3&#8243;][vc_single_image image=\u00bb19545&#8243; img_size=\u00bb500&#215;500&#8243; alignment=\u00bbcenter\u00bb css=\u00bb\u00bb][vc_column_text]<\/p>\n<h3><strong>Carrera contra el c\u00e1ncer<\/strong><\/h3>\n<p style=\"text-align: justify;\"><span style=\"font-size: 15px; color: #ff6600;\">31-may-2026<\/span><\/p>\n<h4><strong>Lugar: Todo el puerto<\/strong><\/h4>\n<p>[\/vc_column_text][\/vc_column][vc_column width=\u00bb1\/3&#8243;][vc_single_image image=\u00bb19549&#8243; img_size=\u00bb500&#215;500&#8243; alignment=\u00bbcenter\u00bb css=\u00bb\u00bb][vc_column_text]<\/p>\n<h3><strong>Gastrofest Cocina Catalana<\/strong><\/h3>\n<p style=\"text-align: justify;\"><span style=\"font-size: 15px; color: #ff6600;\">Del 30-may-2026 al 31-may-2026<\/span><\/p>\n<h4><strong>Lugar: Bosch i Alsina (Mirador)<\/strong><\/h4>\n<p>[\/vc_column_text][\/vc_column][vc_column width=\u00bb1\/3&#8243;][vc_single_image image=\u00bb19566&#8243; img_size=\u00bb500&#215;500&#8243; alignment=\u00bbcenter\u00bb css=\u00bb\u00bb][vc_column_text]<\/p>\n<h3><strong>Festival Peludo<\/strong><\/h3>\n<p style=\"text-align: justify;\"><span style=\"font-size: 15px; color: #ff6600;\">Del 29-may-2026 al 31-may-2026<\/span><\/p>\n<h4><strong>Lugar: Moll de la Barceloneta<\/strong><\/h4>\n<p>[\/vc_column_text][\/vc_column][\/vc_row][vc_row bottom_padding=\u00bb50&#8243;][vc_column width=\u00bb1\/3&#8243;][vc_single_image image=\u00bb19582&#8243; img_size=\u00bb500&#215;500&#8243; alignment=\u00bbcenter\u00bb css=\u00bb\u00bb][vc_column_text]<\/p>\n<h3><strong>Open de Remo<\/strong><\/h3>\n<p style=\"text-align: justify;\"><span style=\"font-size: 15px; color: #ff6600;\">30-may-2026<\/span><\/p>\n<h4><strong>Lugar: Aguas porturarias<\/strong><\/h4>\n<p>[\/vc_column_text][\/vc_column][vc_column width=\u00bb1\/3&#8243;][vc_single_image image=\u00bb19577&#8243; img_size=\u00bb500&#215;500&#8243; alignment=\u00bbcenter\u00bb css=\u00bb\u00bb][vc_column_text]<\/p>\n<h3><strong>Activaci\u00f3 rumba catalana<\/strong><\/h3>\n<p style=\"text-align: justify;\"><span style=\"font-size: 15px; color: #ff6600;\">Del 29-may-2026 al 31-may-2026<\/span><\/p>\n<h4><strong>Lugar: Moll de la Barceloneta<\/strong><\/h4>\n<p>[\/vc_column_text][\/vc_column][vc_column width=\u00bb1\/3&#8243;][vc_single_image image=\u00bb19563&#8243; img_size=\u00bb500&#215;500&#8243; alignment=\u00bbcenter\u00bb css=\u00bb\u00bb][vc_column_text]<\/p>\n<h3><strong>53\u00ba Trofeo Conde de God\u00f3 Cruceros<\/strong><\/h3>\n<p style=\"text-align: justify;\"><span style=\"font-size: 15px; color: #ff6600;\">De mayo a septiembre de 2026<\/span><\/p>\n<h4><strong>Lugar: Salida desde Port Vell y aguas de Barcelona<\/strong><\/h4>\n<p>[\/vc_column_text][\/vc_column][\/vc_row][vc_row bottom_padding=\u00bb50&#8243;][vc_column width=\u00bb1\/3&#8243;][vc_single_image image=\u00bb19584&#8243; img_size=\u00bb500&#215;500&#8243; alignment=\u00bbcenter\u00bb css=\u00bb\u00bb][vc_column_text]<\/p>\n<h3><strong>Festival BlauMar\u00ed Music Port Vell<\/strong><\/h3>\n<p style=\"text-align: justify;\"><span style=\"font-size: 15px; color: #ff6600;\">Junio de 2026<\/span><\/p>\n<h4><strong>Lugar: Moll de Barcelona<\/strong><\/h4>\n<p>[\/vc_column_text][\/vc_column][vc_column width=\u00bb1\/3&#8243;][vc_single_image image=\u00bb18065&#8243; img_size=\u00bb500&#215;500&#8243; alignment=\u00bbcenter\u00bb css=\u00bb\u00bb][vc_column_text]<\/p>\n<h3><strong>Meat &amp; Fire<\/strong><\/h3>\n<p style=\"text-align: justify;\"><span style=\"font-size: 15px; color: #ff6600;\">Del 12-jun-2026 al 14-jun-2026<\/span><\/p>\n<h4><strong>Lugar: Moll Bosch i Alsina (Central)<\/strong><\/h4>\n<p>[\/vc_column_text][\/vc_column][vc_column width=\u00bb1\/3&#8243;][vc_single_image image=\u00bb8126&#8243; img_size=\u00bb500&#215;500&#8243; alignment=\u00bbcenter\u00bb css=\u00bb\u00bb][vc_column_text]<\/p>\n<h3><strong>Lost &amp; Found<\/strong><\/h3>\n<p style=\"text-align: justify;\"><span style=\"font-size: 15px; color: #ff6600;\">21-jun-2026<\/span><\/p>\n<h4><strong>Lugar: Pla\u00e7a del Mar<\/strong><\/h4>\n<p>[\/vc_column_text][\/vc_column][\/vc_row][vc_row bottom_padding=\u00bb50&#8243;][vc_column width=\u00bb1\/3&#8243;][vc_single_image image=\u00bb19593&#8243; img_size=\u00bb500&#215;500&#8243; alignment=\u00bbcenter\u00bb css=\u00bb\u00bb][vc_column_text]<\/p>\n<h3><strong>Festejajuny<\/strong><\/h3>\n<p style=\"text-align: justify;\"><span style=\"font-size: 15px; color: #ff6600;\">Junio de 2026<\/span><\/p>\n<h4><strong>Lugar: Pla\u00e7a del Mar<\/strong><\/h4>\n<p>[\/vc_column_text][\/vc_column][vc_column width=\u00bb1\/3&#8243;][vc_single_image image=\u00bb19599&#8243; img_size=\u00bb500&#215;500&#8243; alignment=\u00bbcenter\u00bb css=\u00bb\u00bb][vc_column_text]<\/p>\n<h3><strong>Noria Panor\u00e1mica<\/strong><\/h3>\n<p style=\"text-align: justify;\"><span style=\"font-size: 15px; color: #ff6600;\">De junio a septiembre de 2026<\/span><\/p>\n<h4><strong>Lugar: Nou espai Nova Bocana<\/strong><\/h4>\n<p>[\/vc_column_text][\/vc_column][vc_column width=\u00bb1\/3&#8243;][vc_single_image image=\u00bb19584&#8243; img_size=\u00bb500&#215;500&#8243; alignment=\u00bbcenter\u00bb css=\u00bb\u00bb][vc_column_text]<\/p>\n<h3><strong>Mini Festival BlauMar\u00ed Music Port Vell<\/strong><\/h3>\n<p style=\"text-align: justify;\"><span style=\"font-size: 15px; color: #ff6600;\">Julio de 2026<\/span><\/p>\n<h4><strong>Lugar: Moll de Barcelona<\/strong><\/h4>\n<p>[\/vc_column_text][\/vc_column][\/vc_row][vc_row bottom_padding=\u00bb50&#8243;][vc_column width=\u00bb1\/3&#8243;][vc_single_image image=\u00bb19601&#8243; img_size=\u00bb500&#215;500&#8243; alignment=\u00bbcenter\u00bb css=\u00bb\u00bb][vc_column_text]<\/p>\n<h3><strong>Regata Puig Vela Cl\u00e1ssica<\/strong><\/h3>\n<p style=\"text-align: justify;\"><span style=\"font-size: 15px; color: #ff6600;\">Del 8-jul-2026 al 11-jul-2026<\/span><\/p>\n<h4><strong>Lugar: Salida desde Port Vell y aguas de Barcelona<\/strong><\/h4>\n<p>[\/vc_column_text][\/vc_column][vc_column width=\u00bb1\/3&#8243;][vc_single_image image=\u00bb19610&#8243; img_size=\u00bb500&#215;500&#8243; alignment=\u00bbcenter\u00bb css=\u00bb\u00bb][vc_column_text]<\/p>\n<h3><strong>J70 European Championship<\/strong><\/h3>\n<p style=\"text-align: justify;\"><span style=\"font-size: 15px; color: #ff6600;\">Del 18-jul-2026 al 25-jul-2026<\/span><\/p>\n<h4><strong>Lugar: Bosch i Alsina (Mirador, Dret i Voramoll)<\/strong><\/h4>\n<p>[\/vc_column_text][\/vc_column][vc_column width=\u00bb1\/3&#8243;][vc_single_image image=\u00bb19613&#8243; img_size=\u00bb500&#215;500&#8243; alignment=\u00bbcenter\u00bb css=\u00bb\u00bb][vc_column_text]<\/p>\n<h3><strong>Procesi\u00f3n de la Madre de Dios del Carmen<\/strong><\/h3>\n<p style=\"text-align: justify;\"><span style=\"font-size: 15px; color: #ff6600;\">Julio de 2026<\/span><\/p>\n<h4><strong>Lugar: Moll de Barcelona i Moll dels Pescadors<\/strong><\/h4>\n<p>[\/vc_column_text][\/vc_column][\/vc_row][vc_row bottom_padding=\u00bb50&#8243;][vc_column width=\u00bb1\/3&#8243;][vc_single_image image=\u00bb19615&#8243; img_size=\u00bb500&#215;500&#8243; alignment=\u00bbcenter\u00bb css=\u00bb\u00bb][vc_column_text]<\/p>\n<h3><strong>Cl\u00e0ssica a la Platja<\/strong><\/h3>\n<p style=\"text-align: justify;\"><span style=\"font-size: 15px; color: #ff6600;\">Julio de 2026<\/span><\/p>\n<h4><strong>Lugar: Playa Nova Bocana<\/strong><\/h4>\n<p>[\/vc_column_text][\/vc_column][vc_column width=\u00bb1\/3&#8243;][vc_single_image image=\u00bb8126&#8243; img_size=\u00bb500&#215;500&#8243; alignment=\u00bbcenter\u00bb css=\u00bb\u00bb][vc_column_text]<\/p>\n<h3><strong>Lost &amp; Found<\/strong><\/h3>\n<p style=\"text-align: justify;\"><span style=\"font-size: 15px; color: #ff6600;\">13-set-2026<\/span><\/p>\n<h4><strong>Lugar: Plaza del Mar<\/strong><\/h4>\n<p>[\/vc_column_text][\/vc_column][vc_column width=\u00bb1\/3&#8243;][vc_single_image image=\u00bb19620&#8243; img_size=\u00bb500&#215;500&#8243; alignment=\u00bbcenter\u00bb css=\u00bb\u00bb][vc_column_text]<\/p>\n<h3><strong>Festival Thai<\/strong><\/h3>\n<p style=\"text-align: justify;\"><span style=\"font-size: 15px; color: #ff6600;\">del 19-sep-2026 al 20-sep-2026<\/span><\/p>\n<h4><strong>Lugar: Rosa dels Vents<\/strong><\/h4>\n<p>[\/vc_column_text][\/vc_column][\/vc_row][vc_row bottom_padding=\u00bb50&#8243;][vc_column width=\u00bb1\/3&#8243;][vc_single_image image=\u00bb19623&#8243; img_size=\u00bb500&#215;500&#8243; alignment=\u00bbcenter\u00bb css=\u00bb\u00bb][vc_column_text]<\/p>\n<h3><strong>Festa Major de la Barceloneta<\/strong><\/h3>\n<p style=\"text-align: justify;\"><span style=\"font-size: 15px; color: #ff6600;\">Septiembre de 2026<\/span><\/p>\n<h4><strong>Lugar: Paseo de Joan de Borb\u00f3<\/strong><\/h4>\n<p>[\/vc_column_text][\/vc_column][vc_column width=\u00bb1\/3&#8243;][vc_single_image image=\u00bb19627&#8243; img_size=\u00bb500&#215;500&#8243; alignment=\u00bbcenter\u00bb css=\u00bb\u00bb][vc_column_text]<\/p>\n<h3><strong>Fiestas de la Merc\u00e8<\/strong><\/h3>\n<p style=\"text-align: justify;\"><span style=\"font-size: 15px; color: #ff6600;\">Del 23-sep-2026 al 27-sep-2026<\/span><\/p>\n<h4><strong>Lugar: Moll de Bosch i Alsina, Portal de la Pau<\/strong><\/h4>\n<p>[\/vc_column_text][\/vc_column][vc_column width=\u00bb1\/3&#8243;][vc_single_image image=\u00bb19629&#8243; img_size=\u00bb500&#215;500&#8243; alignment=\u00bbcenter\u00bb css=\u00bb\u00bb][vc_column_text]<\/p>\n<h3><strong>Fiesta Mayor de la Barceloneta \/ Sardanas<\/strong><\/h3>\n<p style=\"text-align: justify;\"><span style=\"font-size: 15px; color: #ff6600;\">Septiembre de 2026<\/span><\/p>\n<h4><strong>Lugar: Plaza del Mar<\/strong><\/h4>\n<p>[\/vc_column_text][\/vc_column][\/vc_row][vc_row bottom_padding=\u00bb50&#8243;][vc_column width=\u00bb1\/3&#8243;][vc_single_image image=\u00bb19631&#8243; img_size=\u00bb500&#215;500&#8243; alignment=\u00bbcenter\u00bb css=\u00bb\u00bb][vc_column_text]<\/p>\n<h3><strong>AutoArtWorld<\/strong><\/h3>\n<p style=\"text-align: justify;\"><span style=\"font-size: 15px; color: #ff6600;\">del 24-sep-2026 al 27-sep-2026<\/span><\/p>\n<h4><strong>Lugar: Drassanes<\/strong><\/h4>\n<p>[\/vc_column_text][\/vc_column][vc_column width=\u00bb1\/3&#8243;][vc_single_image image=\u00bb8227&#8243; img_size=\u00bb500&#215;500&#8243; alignment=\u00bbcenter\u00bb css=\u00bb\u00bb][vc_column_text]<\/p>\n<h3><strong>Trofeo Internacional de Remo<\/strong><\/h3>\n<p style=\"text-align: justify;\"><span style=\"font-size: 15px; color: #ff6600;\">3-oct-2026<\/span><\/p>\n<h4><strong>Lugar: D\u00e1rsena Nacional<\/strong><\/h4>\n<p>[\/vc_column_text][\/vc_column][vc_column width=\u00bb1\/3&#8243;][vc_single_image image=\u00bb6558&#8243; img_size=\u00bb500&#215;500&#8243; alignment=\u00bbcenter\u00bb css=\u00bb\u00bb][vc_column_text]<\/p>\n<h3><strong>Traves\u00eda nadando en el Puerto<\/strong><\/h3>\n<p style=\"text-align: justify;\"><span style=\"font-size: 15px; color: #ff6600;\">3-oct-2026<\/span><\/p>\n<h4><strong>Lugar: Aguas del puerto y Bosch i Alsina<\/strong><\/h4>\n<p>[\/vc_column_text][\/vc_column][\/vc_row][vc_row bottom_padding=\u00bb50&#8243;][vc_column width=\u00bb1\/3&#8243;][vc_single_image image=\u00bb19514&#8243; img_size=\u00bb500&#215;500&#8243; alignment=\u00bbcenter\u00bb css=\u00bb\u00bb][vc_column_text]<\/p>\n<h3><strong>080 Fashion Week<\/strong><\/h3>\n<p style=\"text-align: justify;\"><span style=\"font-size: 15px; color: #ff6600;\">del 15-oct-2026 al 18-oct-2026<\/span><\/p>\n<h4><strong>Lugar: Marina Vela, Tinglados, Rambla Rompeolas<\/strong><\/h4>\n<p>[\/vc_column_text][\/vc_column][vc_column width=\u00bb1\/3&#8243;][vc_single_image image=\u00bb19635&#8243; img_size=\u00bb500&#215;500&#8243; alignment=\u00bbcenter\u00bb css=\u00bb\u00bb][vc_column_text]<\/p>\n<h3><strong>Sal\u00f3n N\u00e1utico<\/strong><\/h3>\n<p style=\"text-align: justify;\"><span style=\"font-size: 15px; color: #ff6600;\">Del 14-oct-2026 al 18-oct-2026<\/span><\/p>\n<h4><strong>Lugar: Todo el Port Vell<\/strong><\/h4>\n<p>[\/vc_column_text][\/vc_column][vc_column width=\u00bb1\/3&#8243;][vc_single_image image=\u00bb19637&#8243; img_size=\u00bb500&#215;500&#8243; alignment=\u00bbcenter\u00bb css=\u00bb\u00bb][vc_column_text]<\/p>\n<h3><strong>Pedalea<\/strong><\/h3>\n<p style=\"text-align: justify;\"><span style=\"font-size: 15px; color: #ff6600;\">Octubre de 2026<\/span><\/p>\n<h4><strong>Lugar: Rosa dels Vents<\/strong><\/h4>\n<p>[\/vc_column_text][\/vc_column][\/vc_row][vc_row bottom_padding=\u00bb50&#8243;][vc_column width=\u00bb1\/3&#8243;][vc_single_image image=\u00bb19517&#8243; img_size=\u00bb500&#215;500&#8243; alignment=\u00bbcenter\u00bb css=\u00bb\u00bb][vc_column_text]<\/p>\n<h3><strong>All Those Food Market<\/strong><\/h3>\n<p style=\"text-align: justify;\"><span style=\"font-size: 15px; color: #ff6600;\">del 31-oct-2026 al 1-nov-2026<\/span><\/p>\n<h4><strong>Lugar: Moll de Bosch i Alsina (Central)<\/strong><\/h4>\n<p>[\/vc_column_text][\/vc_column][vc_column width=\u00bb1\/3&#8243;][vc_single_image image=\u00bb19645&#8243; img_size=\u00bb500&#215;500&#8243; alignment=\u00bbcenter\u00bb css=\u00bb\u00bb][vc_column_text]<\/p>\n<h3><strong>Regata de Yolas<\/strong><\/h3>\n<p style=\"text-align: justify;\"><span style=\"font-size: 15px; color: #ff6600;\">7-nov-2026<\/span><\/p>\n<h4><strong>Lugar: Moll de Bosch i Alsina (Central)<\/strong><\/h4>\n<p>[\/vc_column_text][\/vc_column][vc_column width=\u00bb1\/3&#8243;][vc_single_image image=\u00bb14678&#8243; img_size=\u00bb500&#215;500&#8243; alignment=\u00bbcenter\u00bb css=\u00bb\u00bb][vc_column_text]<\/p>\n<h3><strong>Nadal al Port<\/strong><\/h3>\n<p style=\"text-align: justify;\"><span style=\"font-size: 15px; color: #ff6600;\">Noviembre de 2026<\/span><\/p>\n<h4><strong>Lugar: Todo el Port Vell<\/strong><\/h4>\n<p>[\/vc_column_text][\/vc_column][\/vc_row][vc_row bottom_padding=\u00bb50&#8243;][vc_column width=\u00bb1\/3&#8243;][vc_single_image image=\u00bb19642&#8243; img_size=\u00bb500&#215;500&#8243; alignment=\u00bbcenter\u00bb css=\u00bb\u00bb][vc_column_text]<\/p>\n<h3><strong>Raluy Legacy<\/strong><\/h3>\n<p style=\"text-align: justify;\"><span style=\"font-size: 15px; color: #ff6600;\">Diciembre de 2026<\/span><\/p>\n<h4><strong>Lugar: Moll de la Barceloneta<\/strong><\/h4>\n<p>[\/vc_column_text][\/vc_column][vc_column width=\u00bb1\/3&#8243;][vc_single_image image=\u00bb8822&#8243; img_size=\u00bb500&#215;500&#8243; alignment=\u00bbcenter\u00bb css=\u00bb\u00bb][vc_column_text]<\/p>\n<h3><strong>Fira de Nadal<\/strong><\/h3>\n<p style=\"text-align: justify;\"><span style=\"font-size: 15px; color: #ff6600;\">Noviembre de 2026<\/span><\/p>\n<h4><strong>Lugar: Moll de Bosch i Alsina, Drassanes<\/strong><\/h4>\n<p>[\/vc_column_text][\/vc_column][vc_column width=\u00bb1\/3&#8243;][vc_single_image image=\u00bb8120&#8243; img_size=\u00bb500&#215;500&#8243; alignment=\u00bbcenter\u00bb css=\u00bb\u00bb][vc_column_text]<\/p>\n<h3><strong>Copa Nadal<\/strong><\/h3>\n<p style=\"text-align: justify;\"><span style=\"font-size: 15px; color: #ff6600;\">25-des-2026<\/span><\/p>\n<h4><strong>Lugar: Portal de la Pau y aguas<\/strong><\/h4>\n<p>[\/vc_column_text][\/vc_column][\/vc_row]<\/p>\n<\/div>","protected":false},"excerpt":{"rendered":"<p>[vc_row full_width=\u00bbstretch_row\u00bb css=\u00bb.vc_custom_1595320301702{padding-top: 60px !important;padding-bottom: 60px !important;}\u00bb][vc_column offset=\u00bbvc_col-lg-offset-2 vc_col-lg-8 vc_col-md-offset-2 vc_col-md-8&#8243;][vc_column_text css_animation=\u00bbfadeInDown\u00bb el_class=\u00bbtiuloverbig\u00bb] Agenda Port Vell [\/vc_column_text][\/vc_column][\/vc_row][vc_row bottom_padding=\u00bb50&#8243;][vc_column width=\u00bb1\/3&#8243;][vc_single_image image=\u00bb19502&#8243; img_size=\u00bb500&#215;500&#8243; alignment=\u00bbcenter\u00bb css=\u00bb\u00bb][vc_column_text] Circo de los Horrores Del 9-abr-2026 al 26-abr-2026 Lugar: Miquel Tarradell [\/vc_column_text][\/vc_column][vc_column width=\u00bb1\/3&#8243;][vc_single_image image=\u00bb19511&#8243; img_size=\u00bb500&#215;500&#8243; alignment=\u00bbcenter\u00bb css=\u00bb\u00bb][vc_column_text] Summud Flotilla por Gaza Del 11-abr-2026 al 12-abr-2026 Lugar: Moll de Bosch i Alsina (central) [\/vc_column_text][\/vc_column][vc_column width=\u00bb1\/3&#8243;][vc_single_image image=\u00bb19514&#8243; img_size=\u00bb500&#215;500&#8243; alignment=\u00bbcenter\u00bb css=\u00bb\u00bb][vc_column_text] 080 Fashion Week Del 13-abr-2026 al 17-abr-2026 Lugar: Marina Vela, Rompeolas, plaza de Las Golondrinas [\/vc_column_text][\/vc_column][\/vc_row][vc_row bottom_padding=\u00bb50&#8243;][vc_column width=\u00bb1\/3&#8243;][vc_single_image image=\u00bb19517&#8243; img_size=\u00bb500&#215;500&#8243; alignment=\u00bbcenter\u00bb css=\u00bb\u00bb][vc_column_text] All those food market Del 18-abr-2026 al 19-abr-2026 Lugar: Moll de Bosch i Alsina (central) [\/vc_column_text][\/vc_column][vc_column width=\u00bb1\/3&#8243;][vc_single_image image=\u00bb19528&#8243; img_size=\u00bb500&#215;500&#8243; alignment=\u00bbcenter\u00bb css=\u00bb\u00bb][vc_column_text] Exposici\u00f3n AMB De mayo a septiembre de 2026 Lugar: Estaci\u00f3n Mar\u00edtima Drassanes [\/vc_column_text][\/vc_column][vc_column width=\u00bb1\/3&#8243;][vc_single_image image=\u00bb19523&#8243; img_size=\u00bb500&#215;500&#8243; alignment=\u00bbcenter\u00bb css=\u00bb\u00bb][vc_column_text] Italian Republik Festival Del 8-may-2026 al 10-may-2026 Lugar: Moll Bosch i Alsina (Central) [\/vc_column_text][\/vc_column][\/vc_row][vc_row bottom_padding=\u00bb50&#8243;][vc_column width=\u00bb1\/3&#8243;][vc_single_image image=\u00bb19525&#8243; img_size=\u00bb500&#215;500&#8243; alignment=\u00bbcenter\u00bb css=\u00bb\u00bb][vc_column_text] Matsuri Japan Del 15-may-2026 al 17-may-2026 Lugar: Moll de Bosch i Alsina [\/vc_column_text][\/vc_column][vc_column width=\u00bb1\/3&#8243;][vc_single_image image=\u00bb19532&#8243; img_size=\u00bb500&#215;500&#8243; alignment=\u00bbcenter\u00bb css=\u00bb\u00bb][vc_column_text] 53\u00ba Trofeo Conde de God\u00f3 Monotipos Del 15-may-2026 al 17-may-2026 Lugar: Salida desde Port Vell y aguas de Barcelona [\/vc_column_text][\/vc_column][vc_column width=\u00bb1\/3&#8243;][vc_single_image image=\u00bb19553&#8243; img_size=\u00bb500&#215;500&#8243; alignment=\u00bbcenter\u00bb css=\u00bb\u00bb][vc_column_text] Regata RC Sailing 30-may-2026 Lugar: Moll d&#8217;Espanya [\/vc_column_text][\/vc_column][\/vc_row][vc_row bottom_padding=\u00bb50&#8243;][vc_column width=\u00bb1\/3&#8243;][vc_single_image image=\u00bb19534&#8243; img_size=\u00bb500&#215;500&#8243; alignment=\u00bbcenter\u00bb css=\u00bb\u00bb][vc_column_text] Port [&hellip;]<\/p>\n","protected":false},"author":1,"featured_media":0,"parent":0,"menu_order":0,"comment_status":"closed","ping_status":"closed","template":"","meta":{"_acf_changed":false,"footnotes":""},"class_list":["post-13895","page","type-page","status-publish","hentry"],"acf":[],"_links":{"self":[{"href":"https:\/\/portvellbcn.cat\/es\/wp-json\/wp\/v2\/pages\/13895","targetHints":{"allow":["GET"]}}],"collection":[{"href":"https:\/\/portvellbcn.cat\/es\/wp-json\/wp\/v2\/pages"}],"about":[{"href":"https:\/\/portvellbcn.cat\/es\/wp-json\/wp\/v2\/types\/page"}],"author":[{"embeddable":true,"href":"https:\/\/portvellbcn.cat\/es\/wp-json\/wp\/v2\/users\/1"}],"replies":[{"embeddable":true,"href":"https:\/\/portvellbcn.cat\/es\/wp-json\/wp\/v2\/comments?post=13895"}],"version-history":[{"count":2,"href":"https:\/\/portvellbcn.cat\/es\/wp-json\/wp\/v2\/pages\/13895\/revisions"}],"predecessor-version":[{"id":19666,"href":"https:\/\/portvellbcn.cat\/es\/wp-json\/wp\/v2\/pages\/13895\/revisions\/19666"}],"wp:attachment":[{"href":"https:\/\/portvellbcn.cat\/es\/wp-json\/wp\/v2\/media?parent=13895"}],"curies":[{"name":"wp","href":"https:\/\/api.w.org\/{rel}","templated":true}]}}