{"id":10050,"date":"2021-06-15T12:45:06","date_gmt":"2021-06-15T10:45:06","guid":{"rendered":"https:\/\/portvellbcn.cat\/es\/lideratge-en-economia-blava\/"},"modified":"2024-10-16T17:43:31","modified_gmt":"2024-10-16T15:43:31","slug":"liderazgo-en-economia-azul","status":"publish","type":"page","link":"https:\/\/portvellbcn.cat\/es\/liderazgo-en-economia-azul\/","title":{"rendered":"Liderazgo en Econom\u00eda Azul"},"content":{"rendered":"<div class=\"wpb-content-wrapper\"><p>[vc_row][vc_column width=\u00bb1\/1&#8243;][vc_empty_space height=\u00bb120&#8243;][\/vc_column][\/vc_row][vc_row][vc_column el_class=\u00bbfuera\u00bb width=\u00bb1\/4&#8243;][\/vc_column][vc_column width=\u00bb1\/2&#8243;][vc_column_text el_class=\u00bbQuiEts\u00bb]<\/p>\n<p style=\"text-align: center;\"><span style=\"font-size: 60px; color: #333333; line-height: 1.2em;\"><span class=\"titulofuente\" style=\"font-family: 'Playfair Display', sans-serif; font-weight: 400;\">Liderazgo en<br \/>\nEconom\u00eda Azul <\/span><\/span><\/p>\n<p>[\/vc_column_text][vc_zigzag color=\u00bbsandy_brown\u00bb el_width=\u00bb20&#8243;][\/vc_column][vc_column el_class=\u00bbfuera\u00bb width=\u00bb1\/4&#8243;][\/vc_column][\/vc_row][vc_row][vc_column width=\u00bb1\/1&#8243;][vc_empty_space height=\u00bb120&#8243;][\/vc_column][\/vc_row][vc_row type=\u00bbfull_width_section\u00bb bg_color=\u00bb#f4f4f4&#8243; top_padding=\u00bb0&#8243;][vc_column bg_image=\u00bb10095&#8243; column_center=\u00bbtrue\u00bb width=\u00bb1\/2&#8243;]<div class=\"spacer\" style=\"height: 650px;\"><\/div>[\/vc_column][vc_column column_padding=\u00bbpadding-5&#8243; width=\u00bb1\/2&#8243;][vc_column_text]<\/p>\n<p style=\"text-align: justify;\"><span style=\"font-size: 15px;\">La Econom\u00eda Azul es un sector de actividad, impulsado por la UE, en el marco de la Econom\u00eda para la Sostenibilidad y de los ODS fijados en la Agenda 2030 de Naciones Unidas, que representa el conjunto de actividades econ\u00f3micas vinculadas con los \u00e1mbitos acu\u00e1ticos.<\/span><\/p>\n<p style=\"text-align: justify;\"><span style=\"font-size: 14px;\">Entre los principales subsectores de la Econom\u00eda Azul destacan las actividades portuarias, el transporte mar\u00edtimo, la construcci\u00f3n y reparaci\u00f3n de yates, la pesca y su actividad mayorista, los centros n\u00e1uticos, la formaci\u00f3n y la investigaci\u00f3n, as\u00ed como la sensibilizaci\u00f3n y conocimiento del \u00e1mbito marino.<\/span><\/p>\n<p style=\"text-align: justify;\"><span style=\"font-size: 14px;\">En Barcelona, \u200b\u200bespec\u00edficamente, este sector ya aglutina a m\u00e1s de 1.300 operadores, genera m\u00e1s de 15.000 puestos de trabajo, y tiene un volumen de facturaci\u00f3n global cercano a los 4.000 millones de euros.<\/span><\/p>\n<p style=\"text-align: justify;\"><span style=\"font-size: 14px;\">La mayor parte del territorio del Port Vell est\u00e1 destinado a sectores que est\u00e1n directamente relacionados con la Econom\u00eda Azul. Y para consolidarlo como un \u00e1mbito de desarrollo econ\u00f3mico y social de la ciudad y como un eje vertebrador de su litoral, impulsa y favorece en su \u00e1rea las actividades que tienen como finalidad, la innovaci\u00f3n, la sostenibilidad, las nuevas tecnolog\u00edas y la promoci\u00f3n de la cultura mar\u00edtima.<\/span><\/p>\n<p style=\"text-align: justify;\"><span style=\"font-size: 14px;\">El Puerto de Barcelona, \u200b\u200bha sido impulsor y miembro fundador del Cl\u00faster N\u00e1utico desde el a\u00f1o 2013, una entidad que nace de la convicci\u00f3n de que el sector n\u00e1utico puede convertirse en un actor esencial en el crecimiento econ\u00f3mico del pa\u00eds y en la generaci\u00f3n de riqueza y de empleo. Y que ha sido el primer agente en adherirse al Acuerdo de Colaboraci\u00f3n para el Impulso de la Econom\u00eda Azul en la ciudad de Barcelona.<br \/>\n<\/span><\/p>\n<p>[\/vc_column_text][\/vc_column][\/vc_row]<\/p>\n<\/div>","protected":false},"excerpt":{"rendered":"<p>[vc_row][vc_column width=\u00bb1\/1&#8243;][vc_empty_space height=\u00bb120&#8243;][\/vc_column][\/vc_row][vc_row][vc_column el_class=\u00bbfuera\u00bb width=\u00bb1\/4&#8243;][\/vc_column][vc_column width=\u00bb1\/2&#8243;][vc_column_text el_class=\u00bbQuiEts\u00bb] Liderazgo en Econom\u00eda Azul [\/vc_column_text][vc_zigzag color=\u00bbsandy_brown\u00bb el_width=\u00bb20&#8243;][\/vc_column][vc_column el_class=\u00bbfuera\u00bb width=\u00bb1\/4&#8243;][\/vc_column][\/vc_row][vc_row][vc_column width=\u00bb1\/1&#8243;][vc_empty_space height=\u00bb120&#8243;][\/vc_column][\/vc_row][vc_row type=\u00bbfull_width_section\u00bb bg_color=\u00bb#f4f4f4&#8243; top_padding=\u00bb0&#8243;][vc_column bg_image=\u00bb10095&#8243; column_center=\u00bbtrue\u00bb width=\u00bb1\/2&#8243;][\/vc_column][vc_column column_padding=\u00bbpadding-5&#8243; width=\u00bb1\/2&#8243;][vc_column_text] La Econom\u00eda Azul es un sector de actividad, impulsado por la UE, en el marco de la Econom\u00eda para la Sostenibilidad y de los ODS fijados en la Agenda 2030 de Naciones Unidas, que representa el conjunto de actividades econ\u00f3micas vinculadas con los \u00e1mbitos acu\u00e1ticos. Entre los principales subsectores de la Econom\u00eda Azul destacan las actividades portuarias, el transporte mar\u00edtimo, la construcci\u00f3n y reparaci\u00f3n de yates, la pesca y su actividad mayorista, los centros n\u00e1uticos, la formaci\u00f3n y la investigaci\u00f3n, as\u00ed como la sensibilizaci\u00f3n y conocimiento del \u00e1mbito marino. En Barcelona, \u200b\u200bespec\u00edficamente, este sector ya aglutina a m\u00e1s de 1.300 operadores, genera m\u00e1s de 15.000 puestos de trabajo, y tiene un volumen de facturaci\u00f3n global cercano a los 4.000 millones de euros. La mayor parte del territorio del Port Vell est\u00e1 destinado a sectores que est\u00e1n directamente relacionados con la Econom\u00eda Azul. Y para consolidarlo como un \u00e1mbito de desarrollo econ\u00f3mico y social de la ciudad y como un eje vertebrador de su litoral, impulsa y favorece en su \u00e1rea las actividades que tienen [&hellip;]<\/p>\n","protected":false},"author":1,"featured_media":11664,"parent":0,"menu_order":0,"comment_status":"closed","ping_status":"closed","template":"","meta":{"_acf_changed":false,"footnotes":""},"class_list":["post-10050","page","type-page","status-publish","has-post-thumbnail","hentry"],"acf":[],"_links":{"self":[{"href":"https:\/\/portvellbcn.cat\/es\/wp-json\/wp\/v2\/pages\/10050","targetHints":{"allow":["GET"]}}],"collection":[{"href":"https:\/\/portvellbcn.cat\/es\/wp-json\/wp\/v2\/pages"}],"about":[{"href":"https:\/\/portvellbcn.cat\/es\/wp-json\/wp\/v2\/types\/page"}],"author":[{"embeddable":true,"href":"https:\/\/portvellbcn.cat\/es\/wp-json\/wp\/v2\/users\/1"}],"replies":[{"embeddable":true,"href":"https:\/\/portvellbcn.cat\/es\/wp-json\/wp\/v2\/comments?post=10050"}],"version-history":[{"count":0,"href":"https:\/\/portvellbcn.cat\/es\/wp-json\/wp\/v2\/pages\/10050\/revisions"}],"wp:featuredmedia":[{"embeddable":true,"href":"https:\/\/portvellbcn.cat\/es\/wp-json\/wp\/v2\/media\/11664"}],"wp:attachment":[{"href":"https:\/\/portvellbcn.cat\/es\/wp-json\/wp\/v2\/media?parent=10050"}],"curies":[{"name":"wp","href":"https:\/\/api.w.org\/{rel}","templated":true}]}}