{"id":9082,"date":"2021-02-03T17:21:26","date_gmt":"2021-02-03T16:21:26","guid":{"rendered":"https:\/\/portvellbcn.cat\/?page_id=9082"},"modified":"2026-01-30T11:52:42","modified_gmt":"2026-01-30T10:52:42","slug":"que-es-portvell","status":"publish","type":"page","link":"https:\/\/portvellbcn.cat\/ca\/que-es-portvell\/","title":{"rendered":"Qu\u00e8 \u00e9s Port Vell"},"content":{"rendered":"<div class=\"wpb-content-wrapper\"><p>[vc_row top_padding=&#8221;60&#8243; bottom_padding=&#8221;60&#8243; class=&#8221;pocoPadding&#8221;][vc_column width=&#8221;1\/1&#8243;][vc_empty_space height=&#8221;20&#8243;][\/vc_column][\/vc_row][vc_row top_padding=&#8221;0&#8243; bottom_padding=&#8221;0&#8243;][vc_column el_class=&#8221;fuera&#8221; width=&#8221;1\/4&#8243;][\/vc_column][vc_column width=&#8221;1\/2&#8243;][vc_column_text]<\/p>\n<p style=\"text-align: center; letter-spacing: 4px;\"><span style=\"color: #999999; font-size: 14px; letter-spacing: 4px;\">QUI SOM?<\/span><\/p>\n<p>[\/vc_column_text][vc_column_text]<\/p>\n<p style=\"text-align: center;\"><span class=\"s1\" style=\"font-size: 60px; color: #333333;\"><span style=\"font-family: 'Poppins', sans-serif; font-weight: 300; letter-spacing: 1px;\"><span style=\"line-height: 1.2em; display: inline-block; width: 100%;\"><span style=\"font-family: 'Poppins', sans-serif; font-weight: 400;\"><span style=\"font-family: 'Poppins', sans-serif; font-weight: 500;\"><span class=\"titulofuente\" style=\"font-family: 'Playfair Display', sans-serif; font-weight: 400;\">Qu\u00e8 \u00e9s el Port Vell?<\/span><\/span><\/span><\/span><\/span><\/span><\/p>\n<p>[\/vc_column_text][vc_zigzag color=&#8221;sandy_brown&#8221; el_width=&#8221;20&#8243;][\/vc_column][vc_column el_class=&#8221;fuera&#8221; width=&#8221;1\/4&#8243;][\/vc_column][\/vc_row][vc_row top_padding=&#8221;60&#8243; bottom_padding=&#8221;60&#8243; class=&#8221;pocoPadding&#8221;][vc_column width=&#8221;1\/1&#8243;][vc_empty_space height=&#8221;20&#8243;][\/vc_column][\/vc_row][vc_row type=&#8221;full_width_section&#8221; bg_color=&#8221;#efefef&#8221; full_height=&#8221;true&#8221;][vc_column bg_image=&#8221;7724&#8243; column_center=&#8221;true&#8221; width=&#8221;1\/2&#8243;]<div class=\"spacer\" style=\"height: 750px;\"><\/div>[\/vc_column][vc_column column_padding=&#8221;padding-5&#8243; width=&#8221;1\/2&#8243;][vc_column_text]<\/p>\n<p style=\"text-align: justify;\"><span style=\"font-size: 14px;\">Port Vell \u00e9s el territori ciutad\u00e0 del Port de Barcelona, una de les zones m\u00e9s din\u00e0miques, atractives i singulars de la ciutat. Mitjan\u00e7ant una gesti\u00f3 equilibrada dels espais p\u00fablics, Port Vell s\u2019ha posicionat com un referent internacional d\u2019integraci\u00f3 port-ciutat i ha assolit una conviv\u00e8ncia productiva i sostenible entre els usos urbans i ciutadans i els usos que comporten les activitats comercials, industrials i pesqueres presents a la zona. El port ciutad\u00e0 \u00e9s gestionat per la Ger\u00e8ncia Urban\u00edstica Port Vell, constitu\u00efda pel Port de Barcelona l\u2019any 1988. Les seves principals compet\u00e8ncies s\u00f3n:<br \/>\n<\/span><\/p>\n<ul class=\"styled-list fa-ul\"><li><i class=\"fa fa-check\"><\/i> Garantir la cohesi\u00f3 i la integraci\u00f3 entre l\u2019espai portuari i l\u2019entorn ciutad\u00e0,<br \/>\namb criteris de sostenibilitat econ\u00f2mica, social i mediambiental.<\/p>\n<\/li><li><i class=\"fa fa-check\"><\/i> L\u2019explotaci\u00f3 comercial dels espais p\u00fablics del Port Vell i de la Nova Bocana.<\/p>\n<\/li><li><i class=\"fa fa-check\"><\/i> El recolzament i la prestaci\u00f3 de serveis a les entitats i empreses que desenvolupen la seva activitat al Port Vell.<\/p>\n<\/li><ul class=\"styled-list fa-ul\"><\/ul><li><i class=\"fa fa-check\"><\/i> <span lang=\"CA\">L\u2019impuls i la projecci\u00f3 de l\u2019Economia Blava a Barcelona i al seu litoral.<\/span><\/p>\n<\/li><ul class=\"styled-list fa-ul\"><\/ul><li><i class=\"fa fa-check\"><\/i> Posar en valor el patrimoni cultural i arquitect\u00f2nic de la zona.<\/p>\n<\/li><ul class=\"styled-list fa-ul\"><\/ul><li><i class=\"fa fa-check\"><\/i> Seguiment dels projectes urban\u00edstics i d\u2019infraestructures.<\/p>\n<\/li><ul class=\"styled-list fa-ul\"><\/ul><li><i class=\"fa fa-check\"><\/i> Mantenir la identitat mar\u00edtima de Barcelona.<\/p>\n<\/li><\/ul>\n<p style=\"text-align: justify;\"><span style=\"font-size: 14px;\">Port Vell, a trav\u00e9s del seu Pla Estrat\u00e8gic, continua assumint nous reptes, atraient importants projectes d\u2019inversi\u00f3 i acollint innovadores iniciatives, al mateix temps que amplia la seva \u00e0rea ciutadana urbanitzant noves zones de passeig i d\u2019oci obertes al p\u00fablic.<\/span><\/p>\n<p>[\/vc_column_text][\/vc_column][\/vc_row][vc_row top_padding=&#8221;40&#8243;][vc_column width=&#8221;1\/1&#8243;][vc_column_text]<\/p>\n<p style=\"text-align: justify;\"><span style=\"font-size: 15px;\">Des dels seus inicis, els habitants d\u2019aquesta plana van disposar del litoral per pescar i per establir l\u00ednies de comer\u00e7 mar\u00edtim amb d\u2019altres ports. I si b\u00e9 \u00e9s cert que Barcelona no ha disposat de resguards naturals que li permetessin amarrar els vaixells per poder efectuar les operacions de c\u00e0rrega i desc\u00e0rrega de mercaderies amb seguretat i efic\u00e0cia, tamb\u00e9 ho \u00e9s que no va deixar mai de cercar un espai abrigat suficient per facilitar aquesta operativa. Un proc\u00e9s llarg i feixuc, que els habitants de Barcelona no van aconseguir parcialment fins l\u2019era industrial i ja, definitivament, van poder disposar del seu port a partir de les darreres d\u00e8cades del segle XIX. <\/span><\/p>\n<p>[\/vc_column_text][\/vc_column][\/vc_row][vc_row top_padding=&#8221;50&#8243; bottom_padding=&#8221;50&#8243; class=&#8221;timeline&#8221;][vc_column width=&#8221;1\/1&#8243;][vc_raw_html css=&#8221;&#8221;]JTNDZGl2JTIwY2xhc3MlM0QlMjJ0bC1jb250YWluZXIlMjIlM0UlMEQlMEElMjAlMjAlM0NkaXYlMjBjbGFzcyUzRCUyMnRsLXdyYXBwZXIlMjIlM0UlMEQlMEElMjAlMjAlMjAlMjAlM0NkaXYlMjBjbGFzcyUzRCUyMnRsLWxpbmUlMjIlM0UlM0MlMkZkaXYlM0UlMEQlMEElMjAlMjAlMjAlMjAlM0NkaXYlMjBjbGFzcyUzRCUyMnRsLXByb2dyZXNzJTIyJTIwaWQlM0QlMjJwcm9ncmVzcyUyMiUzRSUzQyUyRmRpdiUzRSUwRCUwQSUyMCUyMCUyMCUyMCUwRCUwQSUyMCUyMCUyMCUyMCUzQ2RpdiUyMGNsYXNzJTNEJTIydGwtcG9pbnRzJTIyJTNFJTBEJTBBJTIwJTIwJTIwJTIwJTIwJTIwJTNDZGl2JTIwY2xhc3MlM0QlMjJ0bC1wb2ludCUyMGFjdGl2ZSUyMiUyMG9uY2xpY2slM0QlMjJzaG93U3RlcCUyODAlMkMlMjAwJTI5JTIyJTNFJTNDc3BhbiUzRTE4NjAlM0MlMkZzcGFuJTNFJTNDJTJGZGl2JTNFJTBEJTBBJTIwJTIwJTIwJTIwJTIwJTIwJTNDZGl2JTIwY2xhc3MlM0QlMjJ0bC1wb2ludCUyMiUyMG9uY2xpY2slM0QlMjJzaG93U3RlcCUyODElMkMlMjAxMCUyOSUyMiUzRSUzQ3NwYW4lM0UxODY5JTNDJTJGc3BhbiUzRSUzQyUyRmRpdiUzRSUwRCUwQSUyMCUyMCUyMCUyMCUyMCUyMCUzQ2RpdiUyMGNsYXNzJTNEJTIydGwtcG9pbnQlMjIlMjBvbmNsaWNrJTNEJTIyc2hvd1N0ZXAlMjgyJTJDJTIwMjAlMjklMjIlM0UlM0NzcGFuJTNFMTkwMCUzQyUyRnNwYW4lM0UlM0MlMkZkaXYlM0UlMEQlMEElMjAlMjAlMjAlMjAlMjAlMjAlM0NkaXYlMjBjbGFzcyUzRCUyMnRsLXBvaW50JTIyJTIwb25jbGljayUzRCUyMnNob3dTdGVwJTI4MyUyQyUyMDMwJTI5JTIyJTNFJTNDc3BhbiUzRTE5MDUtMTk4MCUzQyUyRnNwYW4lM0UlM0MlMkZkaXYlM0UlMEQlMEElMjAlMjAlMjAlMjAlMjAlMjAlM0NkaXYlMjBjbGFzcyUzRCUyMnRsLXBvaW50JTIyJTIwb25jbGljayUzRCUyMnNob3dTdGVwJTI4NCUyQyUyMDQwJTI5JTIyJTNFJTNDc3BhbiUzRTE5ODElM0MlMkZzcGFuJTNFJTNDJTJGZGl2JTNFJTBEJTBBJTIwJTIwJTIwJTIwJTIwJTIwJTNDZGl2JTIwY2xhc3MlM0QlMjJ0bC1wb2ludCUyMiUyMG9uY2xpY2slM0QlMjJzaG93U3RlcCUyODUlMkMlMjA1MCUyOSUyMiUzRSUzQ3NwYW4lM0UxOTgyJTNDJTJGc3BhbiUzRSUzQyUyRmRpdiUzRSUwRCUwQSUyMCUyMCUyMCUyMCUyMCUyMCUzQ2RpdiUyMGNsYXNzJTNEJTIydGwtcG9pbnQlMjIlMjBvbmNsaWNrJTNEJTIyc2hvd1N0ZXAlMjg2JTJDJTIwNjAlMjklMjIlM0UlM0NzcGFuJTNFMTk4NiUzQyUyRnNwYW4lM0UlM0MlMkZkaXYlM0UlMEQlMEElMjAlMjAlMjAlMjAlMjAlMjAlM0NkaXYlMjBjbGFzcyUzRCUyMnRsLXBvaW50JTIyJTIwb25jbGljayUzRCUyMnNob3dTdGVwJTI4NyUyQyUyMDcwJTI5JTIyJTNFJTNDc3BhbiUzRTE5ODglM0MlMkZzcGFuJTNFJTNDJTJGZGl2JTNFJTBEJTBBJTIwJTIwJTIwJTIwJTIwJTIwJTNDZGl2JTIwY2xhc3MlM0QlMjJ0bC1wb2ludCUyMiUyMG9uY2xpY2slM0QlMjJzaG93U3RlcCUyODglMkMlMjA4MCUyOSUyMiUzRSUzQ3NwYW4lM0UxOTg5JTNDJTJGc3BhbiUzRSUzQyUyRmRpdiUzRSUwRCUwQSUyMCUyMCUyMCUyMCUyMCUyMCUzQ2RpdiUyMGNsYXNzJTNEJTIydGwtcG9pbnQlMjIlMjBvbmNsaWNrJTNEJTIyc2hvd1N0ZXAlMjg5JTJDJTIwOTAlMjklMjIlM0UlM0NzcGFuJTNFMjAwMSUzQyUyRnNwYW4lM0UlM0MlMkZkaXYlM0UlMEQlMEElMjAlMjAlMjAlMjAlMjAlMjAlM0NkaXYlMjBjbGFzcyUzRCUyMnRsLXBvaW50JTIyJTIwb25jbGljayUzRCUyMnNob3dTdGVwJTI4MTAlMkMxMDAlMjklMjIlM0UlM0NzcGFuJTNFQWN0dWFsaXRhdCUzQyUyRnNwYW4lM0UlM0MlMkZkaXYlM0UlMEQlMEElMjAlMjAlMjAlMjAlM0MlMkZkaXYlM0UlMEQlMEElMjAlMjAlM0MlMkZkaXYlM0UlMEQlMEElMEQlMEElMjAlMjAlM0NkaXYlMjBpZCUzRCUyMnRsLWNvbnRlbnQlMjIlMjBjbGFzcyUzRCUyMnRsLWNvbnRlbnQlMjIlM0UlMEQlMEElMjAlMjAlMjAlMjAlM0NpbWclMjBpZCUzRCUyMnRsLWltZyUyMiUyMHNyYyUzRCUyMmh0dHBzJTNBJTJGJTJGcG9ydHZlbGxiY24uY2F0JTJGd3AtY29udGVudCUyRnVwbG9hZHMlMkYyMDE5JTJGMTAlMkZGb3RvX0hpc3RvcmlhX2NvbXBhcnRpZGFfMl9lZGl0YWRhLmpwZyUyMiUyMGFsdCUzRCUyMkV2ZW50byUyMiUzRSUwRCUwQSUyMCUyMCUyMCUyMCUzQ2RpdiUyMGNsYXNzJTNEJTIydGwtdGV4dC1hbGlnbiUyMiUzRSUwRCUwQSUyMCUyMCUyMCUyMCUyMCUyMCUzQ2gzJTIwaWQlM0QlMjJ0bC10aXRsZSUyMiUzRSUzQ3N0cm9uZyUzRTE4NjAlM0MlMkZzdHJvbmclM0UlM0MlMkZoMyUzRSUwRCUwQSUyMCUyMCUyMCUyMCUyMCUyMCUzQ3AlMjBpZCUzRCUyMnRsLWRlc2MlMjIlM0VJbmljaWVuJTIwbGVzJTIwb2JyZXMlMjBkZWwlMjBQbGElMjBkZSUyMEpvc2VwJTIwUmFmbyUyMGFtYiUyMGwlRTIlODAlOTlvYmplY3RpdSUyMGRlJTIwY3JlYXIlMjBwdW50cyUyMGRlJTIwcmVzZ3VhcmQlMjBhbCUyMFBvcnQlMkMlMjBwZXIlQzMlQjIlMjBtYWxhdXJhZGFtZW50JTIwcyVFMiU4MCU5OWVzdGFucXVlbiUzQyUyRnAlM0UlMEQlMEElMjAlMjAlMjAlMjAlM0MlMkZkaXYlM0UlMEQlMEElMjAlMjAlM0MlMkZkaXYlM0UlMEQlMEElM0MlMkZkaXYlM0UlMEQlMEElMEQlMEElM0NzdHlsZSUzRSUwRCUwQSUwRCUwQSUzQyUyRnN0eWxlJTNFJTBEJTBBJTBEJTBBJTNDc2NyaXB0JTNFJTBEJTBBJTJGJTJGJTIwRWwlMjBzY3JpcHQlMjBzZSUyMHF1ZWRhJTIwY29tbyUyMGxvJTIwdGllbmVzJTJDJTIwcXVlJTIwZnVuY2lvbmElMjBwZXJmZWN0by4lMEQlMEFjb25zdCUyMGRhdGElMjAlM0QlMjAlNUIlMEQlMEElMjAlMjAlN0IlMjB0aXRsZSUzQSUyMCUyMjE4NjAlMjIlMkMlMjBpbWclM0ElMjAlMjJodHRwcyUzQSUyRiUyRnBvcnR2ZWxsYmNuLmNhdCUyRndwLWNvbnRlbnQlMkZ1cGxvYWRzJTJGMjAxOSUyRjEwJTJGRm90b19IaXN0b3JpYV9jb21wYXJ0aWRhXzJfZWRpdGFkYS5qcGclMjIlMkMlMjBkZXNjJTNBJTIwJTIySW5pY2llbiUyMGxlcyUyMG9icmVzJTIwZGVsJTIwUGxhJTIwZGUlMjBKb3NlcCUyMFJhZm8lMjBhbWIlMjBsJUUyJTgwJTk5b2JqZWN0aXUlMjBkZSUyMGNyZWFyJTIwcHVudHMlMjBkZSUyMHJlc2d1YXJkJTIwYWwlMjBQb3J0JTJDJTIwcGVyJUMzJUIyJTIwbWFsYXVyYWRhbWVudCUyMHMlRTIlODAlOTllc3RhbnF1ZW4uJTIyJTIwJTdEJTJDJTBEJTBBJTIwJTIwJTdCJTIwdGl0bGUlM0ElMjAlMjIxODY5JTIyJTJDJTIwaW1nJTNBJTIwJTIyaHR0cHMlM0ElMkYlMkZwb3J0dmVsbGJjbi5jYXQlMkZ3cC1jb250ZW50JTJGdXBsb2FkcyUyRjIwMjAlMkYxMSUyRkJhcmNlbG9uZXRhLnBuZyUyMiUyQyUyMGRlc2MlM0ElMjAlMjJFcyUyMGNvbnN0aXR1eWVpeCUyMGxhJTIwSnVudGElMjBkJUUyJTgwJTk5T2JyZXMlMjBkZWwlMjBQb3J0JTIwZGUlMjBCYXJjZWxvbmElMjBpJTIwcyVFMiU4MCU5OWltcHVsc2ElMjBlbCUyMFBsYSUyMFJhZm8lMjBwZXIlMjBjb250aW51YXIlMjBsYSUyMGNvbnN0cnVjY2klQzMlQjMuJTIwRXMlMjBkZXNlbnZvbHVwYSUyMGVsJTIwTW9sbCUyMGRlJTIwbGElMjBNdXJhbGxhJTJDJTIwZGUlMjBEcmFzc2FuZXMlMjBpJTIwZGUlMjBTYW50JTIwQmVydHJhbi4lMjIlMjAlN0QlMkMlMEQlMEElMjAlMjAlN0IlMjB0aXRsZSUzQSUyMCUyMjE5MDAlMjIlMkMlMjBpbWclM0ElMjAlMjJodHRwcyUzQSUyRiUyRnBvcnR2ZWxsYmNuLmNhdCUyRndwLWNvbnRlbnQlMkZ1cGxvYWRzJTJGMjAyNCUyRjA3JTJGVmlkYS1xdW90aWRpYW5hLWVuLWVsLU1vbGwtZGUtbGEtTXVyYWxsYS0xOTA1LUF1dG9yLWRlc2NvbmVndXQuanBnJTIyJTJDJTIwZGVzYyUzQSUyMCUyMlMlRTIlODAlOTlpbmljaWElMjBlbCUyMHByb2plY3RlJTIwZGUlMjBDYXJsb3MlMjBkZSUyMEFuZ3Vsby4lMjBFcyUyMGRvdGVuJTIwZWxzJTIwbW9sbHMlMjBkZSUyMGdydWVzJTIwZWwlQzMlQThjdHJpcXVlcyUyQyUyMHZpZXMlMjBmZXJyb3ZpJUMzJUEwcmllcyUyMGklMjBzZXJ2ZWlzJTIwZHVhbmVycyUyQyUyMHBvdGVuY2lhbnQlMjBlbCUyMG5lZ29jaSUyMHBvcnR1YXJpJTIyJTIwJTdEJTJDJTBEJTBBJTIwJTIwJTdCJTIwdGl0bGUlM0ElMjAlMjIxOTA1LTE5ODAlMjIlMkMlMjBpbWclM0ElMjAlMjJodHRwcyUzQSUyRiUyRnBvcnR2ZWxsYmNuLmNhdCUyRndwLWNvbnRlbnQlMkZ1cGxvYWRzJTJGMjAyNCUyRjA3JTJGT3BlcmFjaW8tZGUtc29ydGlkYS1kZS1sYS1ib2NhbmEtZGVsLVZhaXhlbGwtTGFzaC1Fc3BhbnlhLWRlLWxhLVBydWRlbnRpYWwtTGluZXMtMTk3MS1BdXRvci1kZXNjb25lZ3V0LmpwZyUyMiUyQyUyMGRlc2MlM0ElMjAlMjJFbCUyMGNyZWl4ZW1lbnQlMjBkZWwlMjBuZWdvY2klMjBwb3J0dWFyaSUyMGklMjBlbCUyMHNldSUyMHRyYXNsbGF0JTIwY2FwJTIwYWwlMjBzdWQlMjBkZWphJTIwbW9sdGVzJTIwaW5mcmFlc3RydWN0dXJlcyUyMGFiYW5kb25hZGVzJTIwaSUyMG9ic29sZXRlcyUyMiUyMCU3RCUyQyUwRCUwQSUyMCUyMCU3QiUyMHRpdGxlJTNBJTIwJTIyMTk4MSUyMiUyQyUyMGltZyUzQSUyMCUyMmh0dHBzJTNBJTJGJTJGcG9ydHZlbGxiY24uY2F0JTJGd3AtY29udGVudCUyRnVwbG9hZHMlMkYyMDIwJTJGMTElMkZWaWFsLnBuZyUyMiUyQyUyMGRlc2MlM0ElMjAlMjJFbCUyMHBvcnQlMkMlMjBzb3RhJTIwbGElMjBnZXN0aSVDMyVCMyUyMGRlJTIwUG9ydCUyMEF1dCVDMyVCMm5vbSUyQyUyMG9icmUlMjBsZXMlMjBwb3J0ZXMlMjBkZWwlMjBNb2xsJTIwZGUlMjBCb3NjaCUyMGklMjBBbHNpbmElMjBhJTIwbGElMjBjaXV0YWRhbmlhJTIwYW1iJTIwbW90aXUlMjBkZSUyMGxhJTIwY2VsZWJyYWNpJUMzJUIzJTIwZGVsJTIwRGlhJTIwZGUlMjBsZXMlMjBGb3JjZXMlMjBBcm1hZGVzLiUyMCVDMyU4OXMlMjBlbCUyMHByaW1lciUyMGNvcCUyMGRlc3ByJUMzJUE5cyUyMGRlJTIwNzAlMjBhbnlzJTIwcXVlJTIwZWwlMjBwb3J0JTIwcyVFMiU4MCU5OW9icmUlMjBhJTIwbGElMjBjaXV0YXQuJTIyJTIwJTdEJTJDJTBEJTBBJTIwJTIwJTdCJTIwdGl0bGUlM0ElMjAlMjIxOTgyJTIyJTJDJTIwaW1nJTNBJTIwJTIyaHR0cHMlM0ElMkYlMkZwb3J0dmVsbGJjbi5jYXQlMkZ3cC1jb250ZW50JTJGdXBsb2FkcyUyRjIwMjAlMkYxMSUyRm1vbGxlc3BhbnlhLnBuZyUyMiUyQyUyMGRlc2MlM0ElMjAlMjJFbCUyMFBvcnQlMjBpJTIwbCUyN0FqdW50YW1lbnQlMjBlbmNhcnJlZ3VlbiUyMGElMjBNYW51ZWwlMjBkZSUyMFNvbCVDMyVBMC1Nb3JhbGVzJTIwbCVFMiU4MCU5OW9yZGVuYWNpJUMzJUIzJTIwZGVsJTIwbW9sbCUyMGklMjBsJUUyJTgwJTk5ZW50b3JuJTIwdXJiJUMzJUEwJTJDJTIwaW5jbG9lbnQlMjBlbCUyMFBhc3NlaWclMjBkZSUyMENvbG9tLiUyMEFxdWVzdGVzJTIwZmluYWxpdHplbiUyMGVsJTIwMTk4NS4lMjIlMjAlN0QlMkMlMEQlMEElMjAlMjAlN0IlMjB0aXRsZSUzQSUyMCUyMjE5ODYlMjIlMkMlMjBpbWclM0ElMjAlMjJodHRwcyUzQSUyRiUyRnBvcnR2ZWxsYmNuLmNhdCUyRndwLWNvbnRlbnQlMkZ1cGxvYWRzJTJGMjAyNCUyRjA3JTJGTW9sbC1Cb3NjaC1pLUFsc2luYS5qcGclMjIlMkMlMjBkZXNjJTNBJTIwJTIyRXMlMjBkZXNpZ25hJTIwQmFyY2Vsb25hJTIwY29tJTIwYSUyMG9yZ2FuaXR6YWRvcmElMjBkZWxzJTIwSm9jcyUyME9sJUMzJUFEbXBpY3MlMjBkZWwlMjAxOTkyLiUyMEp1bnRhbWVudCUyMGNvbiUyMGwlRTIlODAlOTlleHBlcmklQzMlQThuY2lhJTIwZGVsJTIwTW9sbCUyMGRlJTIwQm9zY2glMjBpJTIwQWxzaW5hJTIwaSUyMGxhJTIwcmVjb252ZXJzaSVDMyVCMyUyMGQlRTIlODAlOTlhbHRyZXMlMjBwb3J0cyUyMGludGVybmFjaW9uYWxzJTIwcGVyJTIwYSUyMHVzb3MlMjB1cmJhbnMlMjAlMjhMb25kcmVzJTJDJTIwU2FuJTIwRnJhbmNpc2NvJTJDJTIwTGl2ZXJwb29sLi4uJTI5JTIwbW90aXZlbiUyMGxhJTIwdHJhbnNmb3JtYWNpJUMzJUIzJTIwZGVsJTIwUG9ydCUyMFZlbGwuJTIyJTIwJTdEJTJDJTBEJTBBJTIwJTIwJTdCJTIwdGl0bGUlM0ElMjAlMjIxOTg4JTIyJTJDJTIwaW1nJTNBJTIwJTIyaHR0cHMlM0ElMkYlMkZwb3J0dmVsbGJjbi5jYXQlMkZ3cC1jb250ZW50JTJGdXBsb2FkcyUyRjIwMjQlMkYwNyUyRlBvcnQtMjAwMC5qcGclMjIlMkMlMjBkZXNjJTNBJTIwJTIyRXMlMjBjb25zdGl0dXllaXglMjBsYSUyMEdlciVDMyVBOG5jaWElMjBVcmJhbiVDMyVBRHN0aWNhJTIwUG9ydCUyMDIwMDAlMjAlMjhhdnVpJTIwR2VyJUMzJUE4bmNpYSUyMFVyYmFuJUMzJUFEc3RpY2ElMjBQb3J0JTIwVmVsbCUyOSUyQyUyMHF1ZSUyMGVsYWJvcmElMjB1biUyMFBsYSUyMEVzcGVjaWFsJTIwanVudGFtZW50JTIwY29uJTIwU2VydmVpcyUyMFQlQzMlQThjbmljcyUyMGRlbCUyMFBvcnQuJTIyJTIwJTdEJTJDJTBEJTBBJTIwJTIwJTdCJTIwdGl0bGUlM0ElMjAlMjIxOTg5JTIyJTJDJTIwaW1nJTNBJTIwJTIyaHR0cHMlM0ElMkYlMkZwb3J0dmVsbGJjbi5jYXQlMkZ3cC1jb250ZW50JTJGdXBsb2FkcyUyRjIwMjQlMkYwNyUyRlBsYS1Fc3BlY2lhbC1Qb3J0LVZlbGwuanBnJTIyJTJDJTIwZGVzYyUzQSUyMCUyMkVsJTIwbWFpZyUyMGQlRTIlODAlOTlhcXVlbGwlMjBhbnklMkMlMjBsYSUyMENvbWlzc2klQzMlQjMlMjBkJUUyJTgwJTk5VXJiYW5pc21lJTIwZGUlMjBsYSUyMEdlbmVyYWxpdGF0JTIwZGUlMjBDYXRhbHVueWElMjBhcHJvdmElMjBlbCUyMFBsYSUyMEVzcGVjaWFsJTIwZGVsJTIwUG9ydCUyMFZlbGwuJTIwTCVFMiU4MCU5OW9iamVjdGl1JTIwZXMlMjBtYW50ZW5pciUyMGVsJTIwY2FyJUMzJUEwY3RlciUyMHBvcnR1YXJpJTIwZGVscyUyMGVzcGFpcyUyQyUyMHBlciVDMyVCMiUyMGltcHVsc2FudCUyMGklMjBkaXZlcnNpZmljYW50JTIwdXNvcyUyMHF1ZSUyMG1pbGxvcmVzc2luJTIwbGElMjByZWxhY2klQzMlQjMlMjBhbWIlMjBsYSUyMGNpdXRhdC4lMjBBaXglQzMlQUQlMjBkb25jcyUyQyUyMHMlRTIlODAlOTlpbXB1bHNhJTIwZWwlMjBzZWN0b3IlMjBuJUMzJUEwdXRpYy1lc3BvcnRpdSUyQyUyMHMlRTIlODAlOTlvZmVyZWl4ZW4lMjBtJUMzJUE5cyUyMGVzcGFpcyUyMHAlQzMlQkFibGljcyUyMGklMjBlcyUyMGNvbmNlbnRyZW4lMjB1c29zJTIwY29tZXJjaWFscy4lMjIlMjAlN0QlMkMlMEQlMEElMjAlMjAlN0IlMjB0aXRsZSUzQSUyMCUyMjIwMDElMjIlMkMlMjBpbWclM0ElMjAlMjJodHRwcyUzQSUyRiUyRnBvcnR2ZWxsYmNuLmNhdCUyRndwLWNvbnRlbnQlMkZ1cGxvYWRzJTJGMjAyNCUyRjA3JTJGTm92YS1Cb2NhbmEuanBnJTIyJTJDJTIwZGVzYyUzQSUyMCUyMlMlRTIlODAlOTlhcHJvdmElMjBlbCUyMFBsYSUyMGVzcGVjaWFsJTIwZGUlMjBsYSUyME5vdmElMjBCb2NhbmElMkMlMjBhbWIlMjBsJUUyJTgwJTk5b2JqZWN0aXUlMjBkZSUyMGRlZmluaXIlMjBlbHMlMjB1c29zJTIwaSUyMGFjdGl2aXRhdHMlMjBxdWUlMjBzJUUyJTgwJTk5YWNvbGxpcmllbiUyMGElMjBsYSUyMG5vdmElMjBzdXBlcmYlQzMlQURjaWUlMjB0ZXJyZXN0cmUlMjBpJTIwbCVDMyVBMG1pbmElMjBtYXIlQzMlQUR0aW1hJTIwcXVlJTIwdmElMjBzdXBvc2FyJTIwbGElMjBCb2NhbmElMjBOb3JkLiUyMiUyMCU3RCUyQyUwRCUwQSUyMCUyMCU3QiUyMCUwRCUwQSUyMCUyMHRpdGxlJTNBJTIwJTIyQWN0dWFsaXRhdCUyMiUyQyUyMCUwRCUwQSUyMCUyMGltZyUzQSUyMCUyMmh0dHBzJTNBJTJGJTJGcG9ydHZlbGxiY24uY2F0JTJGd3AtY29udGVudCUyRnVwbG9hZHMlMkYyMDI0JTJGMDclMkZBY3R1YWxpdGF0LmpwZyUyMiUyQyUyMCUwRCUwQSUyMCUyMGRlc2MlM0ElMjAlNjBEZXNwciVDMyVBOXMlMjBkZSUyMG0lQzMlQTlzJTIwZGUlMjAzMCUyMGFueXMlMkMlMjBsYSUyMEdlciVDMyVBOG5jaWElMjBVcmJhbiVDMyVBRHN0aWNhJTIwUG9ydCUyMFZlbGwlMjBjb250aW51YSUyMGNlbnRyYW50JTIwbGElMjBzZXZhJTIwYWN0aXZpdGF0JTIwZW4lMjBnZXN0aW9uYXIlMkMlMjBjb25zZXJ2YXIlMjBpJTIwbWFudGVuaXIlMjBlbHMlMjBlc3BhaXMlMjBwJUMzJUJBYmxpY3MlMjBkZWwlMjB0ZXJyaXRvcmklMkMlMjBkb25hbnQlMjBzdXBvcnQlMjBhJTIwbGVzJTIwZW1wcmVzZXMlMjBxdWUlMjBvcGVyZW4lMjBlbiUyMGxhJTIwem9uYSUyQyUyMHZldGxsYW50JTIwcGVyJTIwZ2FyYW50aXIlMjB1biUyMGVxdWlsaWJyaSUyMHNvc3RlbmlibGUlMjBkZSUyMGxlcyUyMGFjdGl2aXRhdHMlMjBxdWUlMjBlcyUyMGR1ZW4lMjBhJTIwdGVybWUlMjBpJTIwY29uc29saWRhbnQlMjBsZXMlMjByZWxhY2lvbnMlMjBhbWIlMjBsJUUyJTgwJTk5ZW50b3JuJTIwY2l1dGFkJUMzJUEwLiUwRCUwQSUwRCUwQSVDMyU4OXMlMjBlbiUyMGFxdWVzdCUyMGRhcnJlciUyMCVDMyVBMG1iaXQlMkMlMjBpJTIwYW1iJTIwbGElMjB2b2x1bnRhdCUyMGRlJTIwY2VyY2FyJTIwZWwlMjBtaWxsb3IlMjBlbmNhaXglMjBpJTIwbGElMjBtYXlvciUyMGludGVncmFjaSVDMyVCMyUyMGVudHJlJTIwZWwlMjBwb3J0JTIwaSUyMGxhJTIwY2l1dGF0JTJDJTIwZW4lMjBlbCUyMHF1ZSUyMGxhJTIwR2VyJUMzJUE4bmNpYSUyMFVyYmFuJUMzJUFEc3RpY2ElMjBQb3J0JTIwVmVsbCUyMGRlc2Vudm9sdXBhJTIwYWNjaW9ucyUyMG9yaWVudGFkZXMlMjBhJTIwY29uc29saWRhciUyMHJlbGFjaW9ucyUyMGVzdHJhdCVDMyVBOGdpcXVlcyUyMGFtYiUyMGVscyUyMGJhcnJpcyUyMHF1ZSUyMGwlRTIlODAlOTllbnZvbHRlbiUyQyUyMGludm9sdWNyYW50LXNlJTIwY29uJTIwcHJvZ3JhbWVzJTIwbGlkZXJhdHMlMjBwZXIlMjBsZXMlMjBlbnRpdGF0cyUyMGRlJTIwbCVFMiU4MCU5OWVudG9ybiUyQyUyMGklMjBjb2wlQzIlQjdsYWJvcmFudCUyMGVuJTIwYWN0aXZpdGF0cyUyMHJlbGFjaW9uYWRlcyUyMGNvbiUyMGxhJTIwbWlsbG9yYSUyMGRlJTIwbGElMjBxdWFsaXRhdCUyMGRlJTIwdmlkYSUyMGRlbHMlMjBzZXVzJTIwaGFiaXRhbnRzLiU2MCUwRCUwQSU3RCUwRCUwQSU1RCUzQiUwRCUwQSUwRCUwQWZ1bmN0aW9uJTIwc2hvd1N0ZXAlMjhpbmRleCUyQyUyMHBlcmNlbnRhZ2UlMjklMjAlN0IlMEQlMEElMjAlMjBjb25zdCUyMGNvbnRlbnQlMjAlM0QlMjBkb2N1bWVudC5nZXRFbGVtZW50QnlJZCUyOCUyN3RsLWNvbnRlbnQlMjclMjklM0IlMEQlMEElMjAlMjBjb250ZW50LnN0eWxlLm9wYWNpdHklMjAlM0QlMjAwJTNCJTBEJTBBJTIwJTIwJTBEJTBBJTIwJTIwc2V0VGltZW91dCUyOCUyOCUyOSUyMCUzRCUzRSUyMCU3QiUwRCUwQSUyMCUyMCUyMCUyMGRvY3VtZW50LmdldEVsZW1lbnRCeUlkJTI4JTI3cHJvZ3Jlc3MlMjclMjkuc3R5bGUud2lkdGglMjAlM0QlMjBwZXJjZW50YWdlJTIwJTJCJTIwJTIyJTI1JTIyJTNCJTBEJTBBJTIwJTIwJTIwJTIwY29uc3QlMjBwb2ludHMlMjAlM0QlMjBkb2N1bWVudC5xdWVyeVNlbGVjdG9yQWxsJTI4JTI3LnRsLXBvaW50JTI3JTI5JTNCJTBEJTBBJTIwJTIwJTIwJTIwcG9pbnRzLmZvckVhY2glMjglMjhwJTJDJTIwaSUyOSUyMCUzRCUzRSUyMCU3QiUwRCUwQSUyMCUyMCUyMCUyMCUyMCUyMHAuY2xhc3NMaXN0LnRvZ2dsZSUyOCUyN2FjdGl2ZSUyNyUyQyUyMGklMjAlM0MlM0QlMjBpbmRleCUyOSUzQiUwRCUwQSUyMCUyMCUyMCUyMCU3RCUyOSUzQiUwRCUwQSUwRCUwQSUyMCUyMCUyMCUyMGRvY3VtZW50LmdldEVsZW1lbnRCeUlkJTI4JTI3dGwtaW1nJTI3JTI5LnNyYyUyMCUzRCUyMGRhdGElNUJpbmRleCU1RC5pbWclM0IlMEQlMEElMjAlMjAlMjAlMjBkb2N1bWVudC5nZXRFbGVtZW50QnlJZCUyOCUyN3RsLXRpdGxlJTI3JTI5LmlubmVySFRNTCUyMCUzRCUyMCU2MCUzQ3N0cm9uZyUzRSUyNCU3QmRhdGElNUJpbmRleCU1RC50aXRsZSU3RCUzQyUyRnN0cm9uZyUzRSU2MCUzQiUwRCUwQSUyMCUyMCUyMCUyMGRvY3VtZW50LmdldEVsZW1lbnRCeUlkJTI4JTI3dGwtZGVzYyUyNyUyOS5pbm5lclRleHQlMjAlM0QlMjBkYXRhJTVCaW5kZXglNUQuZGVzYyUzQiUwRCUwQSUyMCUyMCUyMCUyMCUwRCUwQSUyMCUyMCUyMCUyMGNvbnRlbnQuY2xhc3NMaXN0LnJlbW92ZSUyOCUyN2FuaW1hdGUtZmFkZSUyNyUyOSUzQiUwRCUwQSUyMCUyMCUyMCUyMHZvaWQlMjBjb250ZW50Lm9mZnNldFdpZHRoJTNCJTIwJTBEJTBBJTIwJTIwJTIwJTIwY29udGVudC5jbGFzc0xpc3QuYWRkJTI4JTI3YW5pbWF0ZS1mYWRlJTI3JTI5JTNCJTBEJTBBJTIwJTIwJTIwJTIwY29udGVudC5zdHlsZS5vcGFjaXR5JTIwJTNEJTIwMSUzQiUwRCUwQSUyMCUyMCU3RCUyQyUyMDMwMCUyOSUzQiUwRCUwQSU3RCUwRCUwQSUzQyUyRnNjcmlwdCUzRQ==[\/vc_raw_html][\/vc_column][\/vc_row]<\/p>\n<\/div>","protected":false},"excerpt":{"rendered":"<p>[vc_row top_padding=&#8221;60&#8243; bottom_padding=&#8221;60&#8243; class=&#8221;pocoPadding&#8221;][vc_column width=&#8221;1\/1&#8243;][vc_empty_space height=&#8221;20&#8243;][\/vc_column][\/vc_row][vc_row top_padding=&#8221;0&#8243; bottom_padding=&#8221;0&#8243;][vc_column el_class=&#8221;fuera&#8221; width=&#8221;1\/4&#8243;][\/vc_column][vc_column width=&#8221;1\/2&#8243;][vc_column_text] QUI SOM? [\/vc_column_text][vc_column_text] Qu\u00e8 \u00e9s el Port Vell? [\/vc_column_text][vc_zigzag color=&#8221;sandy_brown&#8221; el_width=&#8221;20&#8243;][\/vc_column][vc_column el_class=&#8221;fuera&#8221; width=&#8221;1\/4&#8243;][\/vc_column][\/vc_row][vc_row top_padding=&#8221;60&#8243; bottom_padding=&#8221;60&#8243; class=&#8221;pocoPadding&#8221;][vc_column width=&#8221;1\/1&#8243;][vc_empty_space height=&#8221;20&#8243;][\/vc_column][\/vc_row][vc_row type=&#8221;full_width_section&#8221; bg_color=&#8221;#efefef&#8221; full_height=&#8221;true&#8221;][vc_column bg_image=&#8221;7724&#8243; column_center=&#8221;true&#8221; width=&#8221;1\/2&#8243;][\/vc_column][vc_column column_padding=&#8221;padding-5&#8243; width=&#8221;1\/2&#8243;][vc_column_text] Port Vell \u00e9s el territori ciutad\u00e0 del Port de Barcelona, una de les zones m\u00e9s din\u00e0miques, atractives i singulars de la ciutat. Mitjan\u00e7ant una gesti\u00f3 equilibrada dels espais p\u00fablics, Port Vell s\u2019ha posicionat com un referent internacional d\u2019integraci\u00f3 port-ciutat i ha assolit una conviv\u00e8ncia productiva i sostenible entre els usos urbans i ciutadans i els usos que comporten les activitats comercials, industrials i pesqueres presents a la zona. El port ciutad\u00e0 \u00e9s gestionat per la Ger\u00e8ncia Urban\u00edstica Port Vell, constitu\u00efda pel Port de Barcelona l\u2019any 1988. Les seves principals compet\u00e8ncies s\u00f3n: Port Vell, a trav\u00e9s del seu Pla Estrat\u00e8gic, continua assumint nous reptes, atraient importants projectes d\u2019inversi\u00f3 i acollint innovadores iniciatives, al mateix temps que amplia la seva \u00e0rea ciutadana urbanitzant noves zones de passeig i d\u2019oci obertes al p\u00fablic. [\/vc_column_text][\/vc_column][\/vc_row][vc_row top_padding=&#8221;40&#8243;][vc_column width=&#8221;1\/1&#8243;][vc_column_text] Des dels seus inicis, els habitants d\u2019aquesta plana van disposar del litoral per pescar i per establir l\u00ednies de comer\u00e7 mar\u00edtim amb d\u2019altres ports. I si b\u00e9 \u00e9s cert que [&hellip;]<\/p>\n","protected":false},"author":1,"featured_media":0,"parent":0,"menu_order":0,"comment_status":"closed","ping_status":"closed","template":"","meta":{"_acf_changed":false,"footnotes":""},"class_list":["post-9082","page","type-page","status-publish","hentry"],"acf":[],"_links":{"self":[{"href":"https:\/\/portvellbcn.cat\/ca\/wp-json\/wp\/v2\/pages\/9082","targetHints":{"allow":["GET"]}}],"collection":[{"href":"https:\/\/portvellbcn.cat\/ca\/wp-json\/wp\/v2\/pages"}],"about":[{"href":"https:\/\/portvellbcn.cat\/ca\/wp-json\/wp\/v2\/types\/page"}],"author":[{"embeddable":true,"href":"https:\/\/portvellbcn.cat\/ca\/wp-json\/wp\/v2\/users\/1"}],"replies":[{"embeddable":true,"href":"https:\/\/portvellbcn.cat\/ca\/wp-json\/wp\/v2\/comments?post=9082"}],"version-history":[{"count":0,"href":"https:\/\/portvellbcn.cat\/ca\/wp-json\/wp\/v2\/pages\/9082\/revisions"}],"wp:attachment":[{"href":"https:\/\/portvellbcn.cat\/ca\/wp-json\/wp\/v2\/media?parent=9082"}],"curies":[{"name":"wp","href":"https:\/\/api.w.org\/{rel}","templated":true}]}}