{"id":7736,"date":"2020-12-17T11:53:45","date_gmt":"2020-12-17T10:53:45","guid":{"rendered":"https:\/\/portvellbcn.cat\/?page_id=7736"},"modified":"2024-07-03T12:35:51","modified_gmt":"2024-07-03T10:35:51","slug":"el-gran-hotel-internacional","status":"publish","type":"page","link":"https:\/\/portvellbcn.cat\/ca\/el-gran-hotel-internacional\/","title":{"rendered":"El Gran Hotel Hotel Internacional de Barcelona"},"content":{"rendered":"<div class=\"wpb-content-wrapper\"><p>[vc_row type=&#8221;full_width_section&#8221; top_padding=&#8221;100&#8243; bottom_padding=&#8221;80&#8243; class=&#8221;pocoPadding&#8221; full_width=&#8221;stretch_row&#8221; css=&#8221;.vc_custom_1595320301702{padding-top: 60px !important;padding-bottom: 60px !important;}&#8221;][vc_column offset=&#8221;vc_col-lg-offset-2 vc_col-lg-8 vc_col-md-offset-2 vc_col-md-8&#8243;][vc_column_text css_animation=&#8221;fadeInDown&#8221; el_class=&#8221;tiuloverbig&#8221;]<\/p>\n<p style=\"text-align: center;\"><span class=\"s1\" style=\"font-size: 60px; color: #333333;\"><span style=\"font-family: 'Poppins', sans-serif; font-weight: 300; letter-spacing: 1px;\"><span style=\"line-height: 1.2em; display: inline-block; width: 100%;\"><span style=\"font-family: 'Poppins', sans-serif; font-weight: 400;\"><span style=\"font-family: 'Poppins', sans-serif; font-weight: 500;\"><span class=\"titulofuente\" style=\"font-family: 'Playfair Display', sans-serif; font-weight: 400;\">El Gran Hotel Internacional<br \/>\nde Barcelona<\/span><\/span><\/span><\/span><\/span><\/span><\/p>\n<p>[\/vc_column_text][vc_zigzag color=&#8221;sandy_brown&#8221; el_width=&#8221;10&#8243;][\/vc_column][\/vc_row][vc_row class=&#8221;fuera&#8221;][vc_column width=&#8221;1\/1&#8243;]<div class=\"spacer\" style=\"height: 40px;\"><\/div>[\/vc_column][\/vc_row][vc_row type=&#8221;full_width_section&#8221; bg_color=&#8221;#f4f4f4&#8243; full_width=&#8221;stretch_row_content_no_spaces&#8221; equal_height=&#8221;yes&#8221; css=&#8221;.vc_custom_1611738135193{margin-top: 0px !important;background-color: #fafafa !important;}&#8221;][vc_column bg_image=&#8221;7590&#8243; width=&#8221;1\/2&#8243; css=&#8221;.vc_custom_1608202805916{padding-top: 310px !important;padding-bottom: 310px !important;background-image: url(https:\/\/portvellbcn.cat\/wp-content\/uploads\/2020\/11\/hotel-internacional-portal-de-la-pau.jpg?id=7590) !important;background-position: center !important;background-repeat: no-repeat !important;background-size: cover !important;}&#8221;]<div class=\"spacer\" style=\"height: 550px;\"><\/div>[\/vc_column][vc_column el_class=&#8221;sinSpacer&#8221; column_padding=&#8221;padding-7&#8243; column_center=&#8221;true&#8221; css_animation=&#8221;fadeInRight&#8221; width=&#8221;1\/2&#8243;]<div class=\"spacer\" style=\"height: 20px;\"><\/div>[vc_column_text]<\/p>\n<p style=\"text-align: justify;\"><span style=\"color: #808080;\"><span style=\"font-size: 15px;\">La manca d\u2019oferta de la que disposava Barcelona per allotjar els visitants que es preveia que assistirien a l\u2019Exposici\u00f3 Universal de 1888, va comportar que l\u2019Ajuntament de la ciutat encarregu\u00e9s la construcci\u00f3 d\u2019un hotel que ocupava un solar de m\u00e9s de 5.000 metres quadrats en un terreny guanyat al mar, propietat del Port de Barcelona, situat al passeig de les Palmeres davant l\u2019edifici de la Capitania General.<\/span><\/span><\/p>\n<p style=\"text-align: justify;\"><span style=\"color: #808080;\"><span style=\"font-size: 15px;\">L\u2019Hotel Internacional va ser projectat per l\u2019arquitecte Llu\u00eds Dom\u00e8nech i Montaner, tenia capacitat per 2000 hostes i comptava amb 600 habitacions i amb 30 apartaments per fam\u00edlies.<\/span><\/span><\/p>\n<p style=\"text-align: justify;\"><span style=\"color: #808080;\"><span style=\"font-size: 15px;\">Aquest equipament va ser constru\u00eft basat en un nou i innovador concepte que el plantejava com un establiment de servei complet i personalitzat, en el que les habitacions disposaven d\u2019espai suficient i incorporaven la cambra de bany moderna. La decoraci\u00f3 era cuidada i luxosa, i l&#8217;atenci\u00f3 directa al client estava centralitzada en la recepci\u00f3. Un concepte molt allunyat de les posades, les fondes o les hostatgeries que fins aquell moment eren els tipus d\u2019allotjament amb el qual comptava la ciutat.<\/span><\/span><\/p>\n<p>[\/vc_column_text][\/vc_column][\/vc_row][vc_row type=&#8221;full_width_section&#8221; bg_color=&#8221;#f4f4f4&#8243; full_width=&#8221;stretch_row_content_no_spaces&#8221; css=&#8221;.vc_custom_1611738129965{padding-top: 0px !important;padding-bottom: 0px !important;}&#8221;][vc_column el_class=&#8221;sinSpacer&#8221; column_padding=&#8221;padding-7&#8243; column_center=&#8221;true&#8221; css_animation=&#8221;fadeInLeft&#8221; width=&#8221;1\/2&#8243;]<div class=\"spacer\" style=\"height: 20px;\"><\/div>[vc_column_text]<\/p>\n<p style=\"text-align: justify;\"><span style=\"color: #808080;\"><span style=\"font-size: 15px;\">L\u2019hotel disposava d\u2019un passad\u00eds central que travessava l\u2019edifici de punta a punta. Als laterals s\u2019ubicava un caf\u00e8 en una banda i un restaurant, a l\u2019altre. A l\u2019ampli cos central hi havia el vest\u00edbul, el pas per als carruatges, la \u201ccamiseria i guanteria\u201d, l\u2019estanc, el pati d\u2019honor i el tel\u00e8graf. El Gran Hotel Internacional va ser edificat en un temps r\u00e8cord de 53 dies, si b\u00e9 els acabats interiors i la decoraci\u00f3 van allargar les obres durant 30 dies m\u00e9s. <\/span><\/span><span style=\"color: #808080;\"><span style=\"font-size: 15px;\">La inauguraci\u00f3 oficial va tenir lloc el 5 d&#8217;abril de 1888 i es va obrir al p\u00fablic el 12 d&#8217;abril.<\/span><\/span><\/p>\n<p><span style=\"color: #808080;\"><span style=\"font-size: 15px;\">Aquest establiment va ser concebut com una instal\u00b7laci\u00f3 ef\u00edmera i, malgrat la bona acollida que va tenir entre la ciutadania i les mobilitzacions que per a la seva defensa es van organitzar, va ser enderrocat un any despr\u00e9s de la seva inauguraci\u00f3. L\u2019any 1963 Oriol Bohigas afirmava en el monogr\u00e0fic de Cuadernos de Arquitectura dedicat a Llu\u00eds Dom\u00e8nech i Montaner: \u201cL\u2019Hotel Internacional ha estat segurament l\u2019aventura constructiva m\u00e9s important del nostre pa\u00eds\u201d.<\/span><\/span><\/p>\n<p><span style=\"color: #808080;\"><span style=\"font-size: 11px;\">Font: Aznar Colet, Javier \u201cGran Hotel Internacional de Barcelona: un hotel ef\u00edmero. Puertos, 136, octubre 2006. Document del mes: octubre 2017 \u201cLHotel de l\u2019Exposici\u00f3 Universal de 1888\u201d. Arxiu Nacional de Catalunya.<\/span><\/span>[\/vc_column_text][\/vc_column][vc_column bg_image=&#8221;7589&#8243; width=&#8221;1\/2&#8243; css=&#8221;.vc_custom_1608634693776{padding-top: 310px !important;padding-bottom: 310px !important;background-image: url(https:\/\/portvellbcn.cat\/wp-content\/uploads\/2020\/11\/hotel_internacional-portal-de-la-pau.jpg?id=7589) !important;background-position: center !important;background-repeat: no-repeat !important;background-size: cover !important;}&#8221;]<div class=\"spacer\" style=\"height: 550px;\"><\/div>[\/vc_column][\/vc_row]<\/p>\n<\/div>","protected":false},"excerpt":{"rendered":"<p>[vc_row type=&#8221;full_width_section&#8221; top_padding=&#8221;100&#8243; bottom_padding=&#8221;80&#8243; class=&#8221;pocoPadding&#8221; full_width=&#8221;stretch_row&#8221; css=&#8221;.vc_custom_1595320301702{padding-top: 60px !important;padding-bottom: 60px !important;}&#8221;][vc_column offset=&#8221;vc_col-lg-offset-2 vc_col-lg-8 vc_col-md-offset-2 vc_col-md-8&#8243;][vc_column_text css_animation=&#8221;fadeInDown&#8221; el_class=&#8221;tiuloverbig&#8221;] El Gran Hotel Internacional de Barcelona [\/vc_column_text][vc_zigzag color=&#8221;sandy_brown&#8221; el_width=&#8221;10&#8243;][\/vc_column][\/vc_row][vc_row class=&#8221;fuera&#8221;][vc_column width=&#8221;1\/1&#8243;][\/vc_column][\/vc_row][vc_row type=&#8221;full_width_section&#8221; bg_color=&#8221;#f4f4f4&#8243; full_width=&#8221;stretch_row_content_no_spaces&#8221; equal_height=&#8221;yes&#8221; css=&#8221;.vc_custom_1611738135193{margin-top: 0px !important;background-color: #fafafa !important;}&#8221;][vc_column bg_image=&#8221;7590&#8243; width=&#8221;1\/2&#8243; css=&#8221;.vc_custom_1608202805916{padding-top: 310px !important;padding-bottom: 310px !important;background-image: url(https:\/\/portvellbcn.cat\/wp-content\/uploads\/2020\/11\/hotel-internacional-portal-de-la-pau.jpg?id=7590) !important;background-position: center !important;background-repeat: no-repeat !important;background-size: cover !important;}&#8221;][\/vc_column][vc_column el_class=&#8221;sinSpacer&#8221; column_padding=&#8221;padding-7&#8243; column_center=&#8221;true&#8221; css_animation=&#8221;fadeInRight&#8221; width=&#8221;1\/2&#8243;][vc_column_text] La manca d\u2019oferta de la que disposava Barcelona per allotjar els visitants que es preveia que assistirien a l\u2019Exposici\u00f3 Universal de 1888, va comportar que l\u2019Ajuntament de la ciutat encarregu\u00e9s la construcci\u00f3 d\u2019un hotel que ocupava un solar de m\u00e9s de 5.000 metres quadrats en un terreny guanyat al mar, propietat del Port de Barcelona, situat al passeig de les Palmeres davant l\u2019edifici de la Capitania General. L\u2019Hotel Internacional va ser projectat per l\u2019arquitecte Llu\u00eds Dom\u00e8nech i Montaner, tenia capacitat per 2000 hostes i comptava amb 600 habitacions i amb 30 apartaments per fam\u00edlies. Aquest equipament va ser constru\u00eft basat en un nou i innovador concepte que el plantejava com un establiment de servei complet i personalitzat, en el que les habitacions disposaven d\u2019espai suficient i incorporaven la cambra de bany moderna. La decoraci\u00f3 era cuidada i luxosa, i l&#8217;atenci\u00f3 directa al client [&hellip;]<\/p>\n","protected":false},"author":1,"featured_media":0,"parent":0,"menu_order":0,"comment_status":"closed","ping_status":"closed","template":"","meta":{"_acf_changed":false,"footnotes":""},"class_list":["post-7736","page","type-page","status-publish","hentry"],"acf":[],"_links":{"self":[{"href":"https:\/\/portvellbcn.cat\/ca\/wp-json\/wp\/v2\/pages\/7736","targetHints":{"allow":["GET"]}}],"collection":[{"href":"https:\/\/portvellbcn.cat\/ca\/wp-json\/wp\/v2\/pages"}],"about":[{"href":"https:\/\/portvellbcn.cat\/ca\/wp-json\/wp\/v2\/types\/page"}],"author":[{"embeddable":true,"href":"https:\/\/portvellbcn.cat\/ca\/wp-json\/wp\/v2\/users\/1"}],"replies":[{"embeddable":true,"href":"https:\/\/portvellbcn.cat\/ca\/wp-json\/wp\/v2\/comments?post=7736"}],"version-history":[{"count":0,"href":"https:\/\/portvellbcn.cat\/ca\/wp-json\/wp\/v2\/pages\/7736\/revisions"}],"wp:attachment":[{"href":"https:\/\/portvellbcn.cat\/ca\/wp-json\/wp\/v2\/media?parent=7736"}],"curies":[{"name":"wp","href":"https:\/\/api.w.org\/{rel}","templated":true}]}}