{"id":7198,"date":"2020-11-16T12:33:04","date_gmt":"2020-11-16T11:33:04","guid":{"rendered":"https:\/\/portvellbcn.cat\/?page_id=7198"},"modified":"2024-07-03T12:29:52","modified_gmt":"2024-07-03T10:29:52","slug":"historia-compartida","status":"publish","type":"page","link":"https:\/\/portvellbcn.cat\/ca\/historia-compartida\/","title":{"rendered":"Hist\u00f2ria compartida"},"content":{"rendered":"<div class=\"wpb-content-wrapper\"><p>[vc_row type=&#8221;full_width_section&#8221; top_padding=&#8221;80&#8243; bottom_padding=&#8221;80&#8243;][vc_column width=&#8221;1\/5&#8243;][\/vc_column][vc_column width=&#8221;3\/5&#8243;][vc_column_text css_animation=&#8221;none&#8221;]<\/p>\n<p style=\"text-align: center;\"><span class=\"s1\" style=\"font-size: 60px; color: #333333;\"><span style=\"font-family: 'Poppins', sans-serif; font-weight: 300; letter-spacing: 1px;\"><span style=\"line-height: 1.2em; display: inline-block; width: 100%;\"><span style=\"font-family: 'Poppins', sans-serif; font-weight: 400;\"><span style=\"font-family: 'Poppins', sans-serif; font-weight: 500;\"><span class=\"titulofuente\" style=\"font-family: 'Playfair Display', sans-serif; font-weight: 400;\">Una hist\u00f2ria compartida<br \/>\namb la ciutat<\/span><\/span><\/span><\/span><\/span><\/span><\/p>\n<p>[\/vc_column_text][vc_zigzag color=&#8221;sandy_brown&#8221; el_width=&#8221;10&#8243;][\/vc_column][vc_column width=&#8221;1\/5&#8243;][\/vc_column][\/vc_row][vc_row type=&#8221;full_width_section&#8221; bg_color=&#8221;#ededed&#8221;][vc_column bg_image=&#8221;7726&#8243; width=&#8221;1\/2&#8243;]<div class=\"spacer\" style=\"height: 550px;\"><\/div>[\/vc_column][vc_column el_class=&#8221;sinSpacer&#8221; column_padding=&#8221;padding-7&#8243; column_center=&#8221;true&#8221; width=&#8221;1\/2&#8243;]<div class=\"spacer\" style=\"height: 40px;\"><\/div>[vc_column_text css_animation=&#8221;none&#8221;]<\/p>\n<p style=\"text-align: justify;\"><span style=\"font-size: 15px;\">Una antiga llegenda explica que la fundaci\u00f3 de la ciutat es deu a H\u00e8rcules, el qual va retrobar en un resguardat lloc de la costa, la novena de les seves embarcacions que s\u2019havia separat del seu estol en una tempesta. Per aix\u00f2 va donar el nom de Barkinona al paratge on fund\u00e0 la ciutat. D\u2019aquesta manera, s\u2019atribueix el naixement de la ciutat a un fet i una caracter\u00edstica mar\u00edtima. El vincle entre la ciutat, la mar i el port no pot ser m\u00e9s estret.<\/span><\/p>\n<p style=\"text-align: justify;\"><span style=\"font-size: 15px;\">De fet, la ciutat va n\u00e9ixer en un petit tur\u00f3 d\u2019una gran plana que presentava un suau pendent fins al mar, cosa que li permetia un desenvolupament progressiu, sense obstacles ni l\u00edmits f\u00edsics. Dos rius, el Bes\u00f2s i el Llobregat, li oferien suficient aigua; la mar Mediterr\u00e0nia, els seus recursos i una via de comunicaci\u00f3\u201d. (Joan Alemany: \u201cEl Port de Barcelona\u201d 1998).<\/span><\/p>\n<p>[\/vc_column_text][\/vc_column][\/vc_row][vc_row type=&#8221;full_width_section&#8221; bg_color=&#8221;#ededed&#8221;][vc_column el_class=&#8221;sinSpacer&#8221; column_padding=&#8221;padding-7&#8243; column_center=&#8221;true&#8221; width=&#8221;1\/2&#8243;]<div class=\"spacer\" style=\"height: 50px;\"><\/div>[vc_column_text css_animation=&#8221;none&#8221;]<\/p>\n<p style=\"text-align: justify;\"><span style=\"font-size: 15px;\">Des dels seus inicis, els habitants d\u2019aquesta plana van disposar del litoral per pescar i per establir l\u00ednies de comer\u00e7 mar\u00edtim amb d\u2019altres ports. I si b\u00e9 \u00e9s cert que Barcelona no ha disposat de resguards naturals que li permetessin amarrar els vaixells per poder efectuar les operacions de c\u00e0rrega i desc\u00e0rrega de mercaderies amb seguretat i efic\u00e0cia, tamb\u00e9 ho \u00e9s que no va deixar mai de cercar un espai abrigat suficient per facilitar aquesta operativa. Un proc\u00e9s llarg i feixuc, que els habitants de Barcelona no van aconseguir parcialment fins l\u2019era industrial i ja, definitivament, van poder disposar del seu port a partir de les darreres d\u00e8cades del segle XIX.<\/span><\/p>\n<p style=\"text-align: justify;\"><span style=\"font-size: 15px;\">Barcelona \u00e9s una ciutat reconeguda internacionalment i \u00e9s un model de transformaci\u00f3 urbana que han emulat moltes altres ciutats. El seu port, \u00edntima i estretament lligat a la ciutat, l\u2019ha acompanyat en aquesta transformaci\u00f3 i, com ella, ha evolucionat i s\u2019ha reconvertit davant de cada repte que se li ha presentat, adaptant-se a les noves realitats socials, econ\u00f2miques i culturals que han experimentat els habitants de la ciutat. <\/span><\/p>\n<p>[\/vc_column_text][\/vc_column][vc_column el_class=&#8221;padtext&#8221; bg_image=&#8221;7724&#8243; column_padding=&#8221;padding-1&#8243; width=&#8221;1\/2&#8243;]<div class=\"spacer\" style=\"height: 550px;\"><\/div>[\/vc_column][\/vc_row]<\/p>\n<\/div>","protected":false},"excerpt":{"rendered":"<p>[vc_row type=&#8221;full_width_section&#8221; top_padding=&#8221;80&#8243; bottom_padding=&#8221;80&#8243;][vc_column width=&#8221;1\/5&#8243;][\/vc_column][vc_column width=&#8221;3\/5&#8243;][vc_column_text css_animation=&#8221;none&#8221;] Una hist\u00f2ria compartida amb la ciutat [\/vc_column_text][vc_zigzag color=&#8221;sandy_brown&#8221; el_width=&#8221;10&#8243;][\/vc_column][vc_column width=&#8221;1\/5&#8243;][\/vc_column][\/vc_row][vc_row type=&#8221;full_width_section&#8221; bg_color=&#8221;#ededed&#8221;][vc_column bg_image=&#8221;7726&#8243; width=&#8221;1\/2&#8243;][\/vc_column][vc_column el_class=&#8221;sinSpacer&#8221; column_padding=&#8221;padding-7&#8243; column_center=&#8221;true&#8221; width=&#8221;1\/2&#8243;][vc_column_text css_animation=&#8221;none&#8221;] Una antiga llegenda explica que la fundaci\u00f3 de la ciutat es deu a H\u00e8rcules, el qual va retrobar en un resguardat lloc de la costa, la novena de les seves embarcacions que s\u2019havia separat del seu estol en una tempesta. Per aix\u00f2 va donar el nom de Barkinona al paratge on fund\u00e0 la ciutat. D\u2019aquesta manera, s\u2019atribueix el naixement de la ciutat a un fet i una caracter\u00edstica mar\u00edtima. El vincle entre la ciutat, la mar i el port no pot ser m\u00e9s estret. De fet, la ciutat va n\u00e9ixer en un petit tur\u00f3 d\u2019una gran plana que presentava un suau pendent fins al mar, cosa que li permetia un desenvolupament progressiu, sense obstacles ni l\u00edmits f\u00edsics. Dos rius, el Bes\u00f2s i el Llobregat, li oferien suficient aigua; la mar Mediterr\u00e0nia, els seus recursos i una via de comunicaci\u00f3\u201d. (Joan Alemany: \u201cEl Port de Barcelona\u201d 1998). [\/vc_column_text][\/vc_column][\/vc_row][vc_row type=&#8221;full_width_section&#8221; bg_color=&#8221;#ededed&#8221;][vc_column el_class=&#8221;sinSpacer&#8221; column_padding=&#8221;padding-7&#8243; column_center=&#8221;true&#8221; width=&#8221;1\/2&#8243;][vc_column_text css_animation=&#8221;none&#8221;] Des dels seus inicis, els habitants d\u2019aquesta plana van disposar del litoral per pescar i per establir l\u00ednies de comer\u00e7 [&hellip;]<\/p>\n","protected":false},"author":1,"featured_media":0,"parent":0,"menu_order":0,"comment_status":"closed","ping_status":"closed","template":"","meta":{"_acf_changed":false,"footnotes":""},"class_list":["post-7198","page","type-page","status-publish","hentry"],"acf":[],"_links":{"self":[{"href":"https:\/\/portvellbcn.cat\/ca\/wp-json\/wp\/v2\/pages\/7198","targetHints":{"allow":["GET"]}}],"collection":[{"href":"https:\/\/portvellbcn.cat\/ca\/wp-json\/wp\/v2\/pages"}],"about":[{"href":"https:\/\/portvellbcn.cat\/ca\/wp-json\/wp\/v2\/types\/page"}],"author":[{"embeddable":true,"href":"https:\/\/portvellbcn.cat\/ca\/wp-json\/wp\/v2\/users\/1"}],"replies":[{"embeddable":true,"href":"https:\/\/portvellbcn.cat\/ca\/wp-json\/wp\/v2\/comments?post=7198"}],"version-history":[{"count":0,"href":"https:\/\/portvellbcn.cat\/ca\/wp-json\/wp\/v2\/pages\/7198\/revisions"}],"wp:attachment":[{"href":"https:\/\/portvellbcn.cat\/ca\/wp-json\/wp\/v2\/media?parent=7198"}],"curies":[{"name":"wp","href":"https:\/\/api.w.org\/{rel}","templated":true}]}}