{"id":5605,"date":"2019-09-06T11:14:47","date_gmt":"2019-09-06T09:14:47","guid":{"rendered":"https:\/\/portvellbcn.cat\/?page_id=5605"},"modified":"2023-07-26T14:02:00","modified_gmt":"2023-07-26T12:02:00","slug":"futur-portvell","status":"publish","type":"page","link":"https:\/\/portvellbcn.cat\/ca\/futur-portvell\/","title":{"rendered":"Futur"},"content":{"rendered":"<div class=\"wpb-content-wrapper\"><p>[vc_row type=&#8221;full_width_section&#8221; top_padding=&#8221;100&#8243; full_width=&#8221;stretch_row&#8221; css=&#8221;.vc_custom_1595315739926{padding-top: 60px !important;padding-bottom: 83px !important;}&#8221;][vc_column offset=&#8221;vc_col-lg-offset-2 vc_col-lg-8 vc_col-md-offset-2 vc_col-md-8&#8243;][vc_column_text css_animation=&#8221;fadeInDown&#8221; el_class=&#8221;tiuloverbig&#8221;]<\/p>\n<p style=\"text-align: center;\"><span class=\"s1\" style=\"font-size: 60px; color: #333333;\"><span style=\"font-family: 'Poppins', sans-serif; font-weight: 300; letter-spacing: 1px;\"><span style=\"line-height: 1.2em; display: inline-block; width: 100%;\"><span style=\"font-family: 'Poppins', sans-serif; font-weight: 400;\"><span style=\"font-family: 'Poppins', sans-serif; font-weight: 500;\"><span class=\"titulofuente\" style=\"font-family: 'Playfair Display', sans-serif; font-weight: 400;\">El Port Vell mira<br \/>\ncap al futur<\/span><\/span><\/span><\/span><\/span><\/span><\/p>\n<p>[\/vc_column_text][vc_zigzag color=&#8221;sandy_brown&#8221; el_width=&#8221;10&#8243;][\/vc_column][\/vc_row][vc_row][vc_column width=&#8221;1\/1&#8243;]<div class=\"spacer\" style=\"height: 100px;\"><\/div>[\/vc_column][\/vc_row][vc_row type=&#8221;full_width_section&#8221; full_width=&#8221;stretch_row_content&#8221; css=&#8221;.vc_custom_1584692830792{padding-top: 0px !important;padding-bottom: 0px !important;background-color: #fafafa !important;}&#8221;][vc_column el_class=&#8221;padtext&#8221; column_padding=&#8221;padding-1&#8243; css_animation=&#8221;fadeInLeft&#8221; width=&#8221;1\/2&#8243;]<div class=\"spacer\" style=\"height: 150px;\"><\/div>[vc_column_text]<span style=\"font-size: 15px;\">Els propers anys prometen ser tant interessants com din\u00e0mics per al Port Vell.<\/span><\/p>\n<p><span style=\"font-size: 15px;\">Conscient de la potencialitat que li proporciona la seva situaci\u00f3 geogr\u00e0fica i de l\u2019inq\u00fcestionable fet que aquest territori ha esdevingut <span lang=\"CA\">tractor de l\u2019Economia Blava i <\/span>un dels atractius <span lang=\"CA\">comercials i tur\u00edstics <\/span>de la ciutat de Barcelona, el Port Vell encara el seu futur definint diversos i importants projectes que milloraran els seus espais i permetran complementar l\u2019actual oferta.<\/span>[\/vc_column_text][\/vc_column][vc_column bg_image=&#8221;6393&#8243; width=&#8221;1\/2&#8243; css=&#8221;.vc_custom_1584691386102{padding-top: 300px !important;padding-bottom: 370px !important;background-image: url(https:\/\/portvellbcn.cat\/wp-content\/uploads\/2020\/03\/futur-port-vell-portal-de-la-pau-barcelona.jpg?id=6393) !important;background-position: center !important;background-repeat: no-repeat !important;background-size: cover !important;}&#8221;]<div class=\"spacer\" style=\"height: 550px;\"><\/div>[\/vc_column][\/vc_row][vc_row type=&#8221;full_width_section&#8221; full_width=&#8221;stretch_row_content&#8221; equal_height=&#8221;yes&#8221; css=&#8221;.vc_custom_1487703904790{margin-top: 0px !important;background-color: #fafafa !important;}&#8221;][vc_column bg_image=&#8221;6395&#8243; width=&#8221;1\/2&#8243; css=&#8221;.vc_custom_1584691412662{padding-top: 310px !important;padding-bottom: 310px !important;background-image: url(https:\/\/portvellbcn.cat\/wp-content\/uploads\/2020\/03\/futur-port-vell-rambla-marina-barcelona.jpg?id=6395) !important;background-position: center !important;background-repeat: no-repeat !important;background-size: cover !important;}&#8221;]<div class=\"spacer\" style=\"height: 550px;\"><\/div>[\/vc_column][vc_column el_class=&#8221;padtext&#8221; column_padding=&#8221;padding-1&#8243; css_animation=&#8221;fadeInRight&#8221; width=&#8221;1\/2&#8243;]<div class=\"spacer\" style=\"height: 150px;\"><\/div>[vc_column_text]<span style=\"font-size: 15px;\">El Port de Barcelona treballa en la recuperaci\u00f3 dels edificis hist\u00f2rics i patrimonials per dotar-los d\u2019usos adequats als serveis que demanden els nous temps, vetllant per tal que aportin valor social i econ\u00f2mic a l\u2019oferta ja existent.<\/span><\/p>\n<p><span style=\"font-size: 15px;\">Tamb\u00e9 seguir\u00e0 avan\u00e7ant en la planificaci\u00f3 i el repensament dels espais p\u00fablics i dels serveis que ofereix als usuaris de la zona amb la finalitat de facilitar la mobilitat, implementant nous sistemes de transport mar\u00edtim, millorant la informaci\u00f3 sobre el territori i potenciant al mateix temps els criteris de sostenibilitat ambiental. <\/span>[\/vc_column_text][\/vc_column][\/vc_row][vc_row type=&#8221;full_width_section&#8221; full_width=&#8221;stretch_row_content&#8221; css=&#8221;.vc_custom_1584692839728{padding-top: 0px !important;padding-bottom: 0px !important;background-color: #fafafa !important;}&#8221;][vc_column el_class=&#8221;padtext&#8221; column_padding=&#8221;padding-1&#8243; css_animation=&#8221;fadeInLeft&#8221; width=&#8221;1\/2&#8243;]<div class=\"spacer\" style=\"height: 150px;\"><\/div>[vc_column_text]<span style=\"font-size: 15px;\">En definitiva, el Port Vell encara el seu futur amb la seguretat que li atorga ser un instrument cabdal per mantenir viva la identitat mar\u00edtima de la ciutat, aportant els seus espais per a l\u2019esbarjo de la ciutadania i treballant per seguir sent un motor de desenvolupament <span lang=\"CA\">de negoci a <\/span>Barcelona.<\/span><\/p>\n<p><span style=\"font-size: 15px;\"> I sempre, esmer\u00e7ant-se per trobar el millor encaix del territori portuari amb el seu entorn ciutad\u00e0. <\/span>[\/vc_column_text][\/vc_column][vc_column bg_image=&#8221;6396&#8243; width=&#8221;1\/2&#8243; css=&#8221;.vc_custom_1584691430251{padding-top: 300px !important;padding-bottom: 300px !important;background-image: url(https:\/\/portvellbcn.cat\/wp-content\/uploads\/2020\/03\/futur-port-vell-moll-pescadors-barcelona.jpg?id=6396) !important;background-position: center !important;background-repeat: no-repeat !important;background-size: cover !important;}&#8221;]<div class=\"spacer\" style=\"height: 550px;\"><\/div>[\/vc_column][\/vc_row][vc_row type=&#8221;full_width_section&#8221; bg_color=&#8221;#ff6600&#8243; top_padding=&#8221;50&#8243; bottom_padding=&#8221;50&#8243; full_width=&#8221;stretch_row&#8221; parallax=&#8221;content-moving&#8221; parallax_speed_bg=&#8221;1.7&#8243; css=&#8221;.vc_custom_1603968408846{padding-top: 20px !important;padding-bottom: 20px !important;background-color: #ff6600 !important;}&#8221;][vc_column width=&#8221;3\/4&#8243;][vc_column_text]<\/p>\n<p style=\"text-align: center;\"><span style=\"color: #ffffff; font-size: 40px;\"><span class=\"s1\"><span style=\"font-family: Poppins, sans-serif; letter-spacing: 1px;\"><span style=\"line-height: 1.2em; display: inline-block; width: 100%;\"><span style=\"font-family: Poppins, sans-serif;\"><span style=\"font-family: Poppins, sans-serif;\"><span class=\"titulofuente\" style=\"font-family: 'Playfair Display', sans-serif;\">Pla estr\u00e0tegic Port Vell del Port de Barcelona\u00a0<\/span><\/span><\/span><\/span><\/span><\/span><\/span><\/p>\n<p>[\/vc_column_text][\/vc_column][vc_column width=&#8221;1\/4&#8243; css=&#8221;.vc_custom_1603968241791{background-position: center !important;background-repeat: no-repeat !important;background-size: cover !important;}&#8221;]<a href=\"https:\/\/portvellbcn.cat\/wp-content\/uploads\/2019\/10\/Memoria.pdf\" target=\"_blank\" class=\"button color-7 medium \" style=\"border-radius: 20px;\">Descarrega&#8217;l<\/a>[\/vc_column][\/vc_row]<\/p>\n<\/div>","protected":false},"excerpt":{"rendered":"<p>[vc_row type=&#8221;full_width_section&#8221; top_padding=&#8221;100&#8243; full_width=&#8221;stretch_row&#8221; css=&#8221;.vc_custom_1595315739926{padding-top: 60px !important;padding-bottom: 83px !important;}&#8221;][vc_column offset=&#8221;vc_col-lg-offset-2 vc_col-lg-8 vc_col-md-offset-2 vc_col-md-8&#8243;][vc_column_text css_animation=&#8221;fadeInDown&#8221; el_class=&#8221;tiuloverbig&#8221;] El Port Vell mira cap al futur [\/vc_column_text][vc_zigzag color=&#8221;sandy_brown&#8221; el_width=&#8221;10&#8243;][\/vc_column][\/vc_row][vc_row][vc_column width=&#8221;1\/1&#8243;][\/vc_column][\/vc_row][vc_row type=&#8221;full_width_section&#8221; full_width=&#8221;stretch_row_content&#8221; css=&#8221;.vc_custom_1584692830792{padding-top: 0px !important;padding-bottom: 0px !important;background-color: #fafafa !important;}&#8221;][vc_column el_class=&#8221;padtext&#8221; column_padding=&#8221;padding-1&#8243; css_animation=&#8221;fadeInLeft&#8221; width=&#8221;1\/2&#8243;][vc_column_text]Els propers anys prometen ser tant interessants com din\u00e0mics per al Port Vell. Conscient de la potencialitat que li proporciona la seva situaci\u00f3 geogr\u00e0fica i de l\u2019inq\u00fcestionable fet que aquest territori ha esdevingut tractor de l\u2019Economia Blava i un dels atractius comercials i tur\u00edstics de la ciutat de Barcelona, el Port Vell encara el seu futur definint diversos i importants projectes que milloraran els seus espais i permetran complementar l\u2019actual oferta.[\/vc_column_text][\/vc_column][vc_column bg_image=&#8221;6393&#8243; width=&#8221;1\/2&#8243; css=&#8221;.vc_custom_1584691386102{padding-top: 300px !important;padding-bottom: 370px !important;background-image: url(https:\/\/portvellbcn.cat\/wp-content\/uploads\/2020\/03\/futur-port-vell-portal-de-la-pau-barcelona.jpg?id=6393) !important;background-position: center !important;background-repeat: no-repeat !important;background-size: cover !important;}&#8221;][\/vc_column][\/vc_row][vc_row type=&#8221;full_width_section&#8221; full_width=&#8221;stretch_row_content&#8221; equal_height=&#8221;yes&#8221; css=&#8221;.vc_custom_1487703904790{margin-top: 0px !important;background-color: #fafafa !important;}&#8221;][vc_column bg_image=&#8221;6395&#8243; width=&#8221;1\/2&#8243; css=&#8221;.vc_custom_1584691412662{padding-top: 310px !important;padding-bottom: 310px !important;background-image: url(https:\/\/portvellbcn.cat\/wp-content\/uploads\/2020\/03\/futur-port-vell-rambla-marina-barcelona.jpg?id=6395) !important;background-position: center !important;background-repeat: no-repeat !important;background-size: cover !important;}&#8221;][\/vc_column][vc_column el_class=&#8221;padtext&#8221; column_padding=&#8221;padding-1&#8243; css_animation=&#8221;fadeInRight&#8221; width=&#8221;1\/2&#8243;][vc_column_text]El Port de Barcelona treballa en la recuperaci\u00f3 dels edificis hist\u00f2rics i patrimonials per dotar-los d\u2019usos adequats als serveis que demanden els nous temps, vetllant per tal que aportin valor social i econ\u00f2mic a l\u2019oferta ja existent. Tamb\u00e9 seguir\u00e0 avan\u00e7ant en la planificaci\u00f3 i el repensament dels espais p\u00fablics i [&hellip;]<\/p>\n","protected":false},"author":1,"featured_media":0,"parent":0,"menu_order":0,"comment_status":"closed","ping_status":"closed","template":"","meta":{"_acf_changed":false,"footnotes":""},"class_list":["post-5605","page","type-page","status-publish","hentry"],"acf":[],"_links":{"self":[{"href":"https:\/\/portvellbcn.cat\/ca\/wp-json\/wp\/v2\/pages\/5605","targetHints":{"allow":["GET"]}}],"collection":[{"href":"https:\/\/portvellbcn.cat\/ca\/wp-json\/wp\/v2\/pages"}],"about":[{"href":"https:\/\/portvellbcn.cat\/ca\/wp-json\/wp\/v2\/types\/page"}],"author":[{"embeddable":true,"href":"https:\/\/portvellbcn.cat\/ca\/wp-json\/wp\/v2\/users\/1"}],"replies":[{"embeddable":true,"href":"https:\/\/portvellbcn.cat\/ca\/wp-json\/wp\/v2\/comments?post=5605"}],"version-history":[{"count":0,"href":"https:\/\/portvellbcn.cat\/ca\/wp-json\/wp\/v2\/pages\/5605\/revisions"}],"wp:attachment":[{"href":"https:\/\/portvellbcn.cat\/ca\/wp-json\/wp\/v2\/media?parent=5605"}],"curies":[{"name":"wp","href":"https:\/\/api.w.org\/{rel}","templated":true}]}}