{"id":5532,"date":"2019-07-31T12:11:56","date_gmt":"2019-07-31T10:11:56","guid":{"rendered":"https:\/\/portvellbcn.cat\/?page_id=5532"},"modified":"2024-07-03T12:28:00","modified_gmt":"2024-07-03T10:28:00","slug":"transformacio-portvell","status":"publish","type":"page","link":"https:\/\/portvellbcn.cat\/ca\/transformacio-portvell\/","title":{"rendered":"Transformaci\u00f3 Port Vell"},"content":{"rendered":"<div class=\"wpb-content-wrapper\"><p>[vc_row type=&#8221;full_width_section&#8221; top_padding=&#8221;80&#8243; bottom_padding=&#8221;80&#8243;][vc_column width=&#8221;1\/4&#8243;][\/vc_column][vc_column width=&#8221;2\/4&#8243;][vc_column_text css_animation=&#8221;none&#8221;]<\/p>\n<p style=\"text-align: center;\"><span class=\"s1\" style=\"font-size: 60px; color: #333333;\"><span style=\"font-family: 'Poppins', sans-serif; font-weight: 300; letter-spacing: 1px;\"><span style=\"line-height: 1.2em; display: inline-block; width: 100%;\"><span style=\"font-family: 'Poppins', sans-serif; font-weight: 400;\"><span style=\"font-family: 'Poppins', sans-serif; font-weight: 500;\"><span class=\"titulofuente\" style=\"font-family: 'Playfair Display', sans-serif; font-weight: 400;\">La transformaci\u00f3 del Port Vell<br \/>\ndel Port de Barcelona <\/span><\/span><\/span><\/span><\/span><\/span><\/p>\n<p>[\/vc_column_text][vc_zigzag color=&#8221;sandy_brown&#8221; el_width=&#8221;10&#8243;][\/vc_column][vc_column width=&#8221;1\/4&#8243;][\/vc_column][\/vc_row][vc_row type=&#8221;full_width_section&#8221; bg_color=&#8221;#ededed&#8221;][vc_column bg_image=&#8221;7011&#8243; column_center=&#8221;true&#8221; width=&#8221;1\/2&#8243;]<div class=\"spacer\" style=\"height: 550px;\"><\/div>[\/vc_column][vc_column el_class=&#8221;sinSpacer&#8221; column_padding=&#8221;padding-7&#8243; column_center=&#8221;true&#8221; width=&#8221;1\/2&#8243;]<div class=\"spacer\" style=\"height: 70px;\"><\/div>[vc_column_text css_animation=&#8221;none&#8221;]<\/p>\n<p style=\"text-align: justify;\"><span style=\"font-size: 15px;\">El tr\u00e0fic mar\u00edtim modern amb vaixells especialitzats i progressivament de major grand\u00e0ria i calat, va deixar inservibles algunes \u00e0rees portu\u00e0ries que havien estat planificades, en unes condicions molt diferents del transport mar\u00edtim, al segle XIX i a principis del segle XX. Aquesta circumst\u00e0ncia va deixar obsoletes i abandonades algunes infraestructures i instal\u00b7lacions portu\u00e0ries que, amb l\u2019ampliaci\u00f3 del Port cap al sud, paulatinament es varen anar traslladant a les noves zones creades.<\/span><\/p>\n<p style=\"text-align: justify;\"><span style=\"font-size: 15px;\">\u00c9s en aquest context que el Port de Barcelona es planteja engegar el projecte de transformaci\u00f3 de les 56 hect\u00e0rees de l\u2019\u00e0rea m\u00e9s antiga del Port de Barcelona, la que t\u00e9 un contacte i una relaci\u00f3 m\u00e9s clara i intensa amb la ciutat. Per dur-la a terme, va crear un organisme espec\u00edfic: la Ger\u00e8ncia Urban\u00edstica Port 2000 (avui Ger\u00e8ncia Urban\u00edstica Port Vell) amb l\u2019objectiu de reconvertir l\u2019activitat de la zona, planificant i dirigint les obres de remodelaci\u00f3 de l\u2019\u00e0mbit que actualment coneixem com \u201cel Port Vell\u201d. <\/span><\/p>\n<p style=\"text-align: justify;\"><span style=\"font-size: 15px;\">El Pla Especial del Port Vell va ser aprovat per la Comissi\u00f3 d\u2019Urbanisme de la Generalitat de Catalunya el maig del 1989. Els objectius concrets que proposava el Pla Especial eren la reutilitzaci\u00f3 de l\u2019espai portuari substituint-lo per una altra activitat cent per cent portu\u00e0ria com \u00e9s la de la n\u00e0utica-esportiva, i dotant-la a m\u00e9s d\u2019altres usos m\u00e9s espec\u00edfics. <\/span><\/p>\n<p>[\/vc_column_text][\/vc_column][\/vc_row][vc_row type=&#8221;full_width_section&#8221; bg_color=&#8221;#ededed&#8221;][vc_column el_class=&#8221;sinSpacer&#8221; column_padding=&#8221;padding-7&#8243; column_center=&#8221;true&#8221; width=&#8221;1\/2&#8243;]<div class=\"spacer\" style=\"height: 70px;\"><\/div>[vc_column_text css_animation=&#8221;none&#8221;]<\/p>\n<p style=\"text-align: justify;\"><span style=\"font-size: 15px;\">Aix\u00ed, el Port Vell, sense perdre la seva identitat portu\u00e0ria, en \u00e9sser essencialment un port esportiu que comptava amb un gran nombre d\u2019equipaments complementaris, augment\u00e0 not\u00f2riament els espais per a l\u2019\u00fas p\u00fablic general (xarxa vi\u00e0ria, places i zones esportives i de lleure, equipaments culturals&#8230;), i s\u2019adapt\u00e0 per afegir d\u2019altres usos de car\u00e0cter comercial, l\u00fadic, esportiu i cultural, contribuint aix\u00ed a revitalitzar i reconstruir un \u00e0mbit urb\u00e0 degradat i facilitant el retrobament de Barcelona amb la mar. <\/span><\/p>\n<p style=\"text-align: justify;\"><span style=\"font-size: 15px;\">En el transcurs de les obres de transformaci\u00f3 d\u2019aquesta zona del Port de Barcelona es van enderrocar \u201ctinglados\u201d i algunes instal\u00b7lacions portu\u00e0ries; s\u2019eliminaren els eixos ferroviaris i es soterraren els eixos viaris, es canalitzaren els col\u00b7lectors, es regeneraren les platges, s\u2019eliminaren les barreres f\u00edsiques i es va separar el port comercial del port ciutad\u00e0 amb la construcci\u00f3 del pont Porta d\u2019Europa i de la Nova Bocana.<\/span><\/p>\n<p style=\"text-align: justify;\"><span style=\"font-size: 15px;\">Finalment, quan als voltants de l\u2019any 2000 es van acabar les obres de transformaci\u00f3 m\u00e9s importants, el model urban\u00edstic que s\u2019havia desenvolupat havia fet possible la conviv\u00e8ncia entre els espais dedicats a les activitats portu\u00e0ries comercials i mar\u00edtimes amb aquelles altres destinades als usos urbans i ciutadans. I, el Port Vell, s\u2019havia convertit en una de les \u00e0rees m\u00e9s atractives i singulars de la ciutat, gr\u00e0cies a uns espais p\u00fablics de qualitat i a una oferta d\u2019equipaments i d\u2019instal\u00b7lacions molt diversa, esdevenint una zona plenament integrada a la ciutat, moderna i de gran dinamisme.<\/span><\/p>\n<p>[\/vc_column_text][\/vc_column][vc_column bg_image=&#8221;7012&#8243; column_padding=&#8221;padding-1&#8243; column_center=&#8221;true&#8221; width=&#8221;1\/2&#8243;]<div class=\"spacer\" style=\"height: 550px;\"><\/div>[\/vc_column][\/vc_row][vc_row type=&#8221;full_width_section&#8221; bg_color=&#8221;#ededed&#8221;][vc_column bg_image=&#8221;7013&#8243; column_center=&#8221;true&#8221; width=&#8221;1\/2&#8243;]<div class=\"spacer\" style=\"height: 550px;\"><\/div>[\/vc_column][vc_column el_class=&#8221;sinSpacer&#8221; column_padding=&#8221;padding-7&#8243; column_center=&#8221;true&#8221; width=&#8221;1\/2&#8243;]<div class=\"spacer\" style=\"height: 70px;\"><\/div>[vc_column_text css_animation=&#8221;none&#8221;]<\/p>\n<p style=\"text-align: justify;\"><span style=\"font-size: 15px;\">M\u00e9s tard, amb l\u2019apertura de la Bocana Nord, es va generar una zona nova, que ha suposat un increment de 14 hect\u00e0rees i qu\u00e8 \u00e9s l\u2019\u00e0mbit on, hores d\u2019ara, es concentra l\u2019expansi\u00f3 del Port Vell. Durant tots aquests anys, la Ger\u00e8ncia Urban\u00edstica Port Vell ha centrat la seva activitat en gestionar, conservar i mantenir els espais p\u00fablics del territori, donant suport a les empreses que operen en la zona, vetllant per garantir un equilibri sostenible de les activitats que es duen a terme i consolidant les relacions amb l\u2019entorn ciutad\u00e0.<\/span><\/p>\n<p style=\"text-align: justify;\"><span style=\"font-size: 15px;\">I \u00e9s en aquest darrer \u00e0mbit, i amb la voluntat de cercar el millor encaix i la major integraci\u00f3 entre el port i la ciutat, en el que la Ger\u00e8ncia Urban\u00edstica Port Vell desenvolupa accions orientades a consolidar relacions estrat\u00e8giques amb els barris que l\u2019envolten, involucrant-se amb programes liderats per les entitats de l\u2019entorn, i col\u00b7laborant en activitats relacionades amb la millora de la qualitat de vida dels seus habitants.<\/span><\/p>\n<p style=\"text-align: justify;\"><span style=\"font-size: 15px;\">El Port Vell del Port de Barcelona compta actualment amb un territori de 70 hect\u00e0rees, on es congreguen activitats molt diversificades, que inclouen una \u00e0mplia oferta n\u00e0utica, esportiva, empresarial, cultural, tur\u00edstica i d\u2019oci.<\/span><\/p>\n<p>[\/vc_column_text][\/vc_column][\/vc_row][vc_row bg_color=&#8221;#ff6600&#8243; top_padding=&#8221;40&#8243; bottom_padding=&#8221;40&#8243;][vc_column width=&#8221;3\/4&#8243;][vc_column_text]<\/p>\n<p style=\"text-align: left;\"><span style=\"color: #ffffff; font-size: 40px;\"><span style=\"font-family: Poppins, sans-serif;\"><span class=\"titulofuente tituloResponsive\" style=\"font-family: 'Playfair Display', sans-serif;\"><i class=\"fa fa-book\" aria-hidden=\"true\"><\/i> El Port Vell del Port de Barcelona<\/span><\/span><\/span><\/p>\n<p>[\/vc_column_text][\/vc_column][vc_column el_class=&#8221;btnresponsive&#8221; width=&#8221;1\/4&#8243;]<a href=\"https:\/\/portvellbcn.cat\/wp-content\/uploads\/2019\/10\/Llibre-Port-Vell-edicio-web.pdf\" target=\"_blank\" class=\"button custom large textbuttonGrey \" style=\"background-color: #ffffff; border-color: #ffffff;border-radius: 20px;\">Descarrega<\/a>[\/vc_column][\/vc_row]<\/p>\n<\/div>","protected":false},"excerpt":{"rendered":"<p>[vc_row type=&#8221;full_width_section&#8221; top_padding=&#8221;80&#8243; bottom_padding=&#8221;80&#8243;][vc_column width=&#8221;1\/4&#8243;][\/vc_column][vc_column width=&#8221;2\/4&#8243;][vc_column_text css_animation=&#8221;none&#8221;] La transformaci\u00f3 del Port Vell del Port de Barcelona [\/vc_column_text][vc_zigzag color=&#8221;sandy_brown&#8221; el_width=&#8221;10&#8243;][\/vc_column][vc_column width=&#8221;1\/4&#8243;][\/vc_column][\/vc_row][vc_row type=&#8221;full_width_section&#8221; bg_color=&#8221;#ededed&#8221;][vc_column bg_image=&#8221;7011&#8243; column_center=&#8221;true&#8221; width=&#8221;1\/2&#8243;][\/vc_column][vc_column el_class=&#8221;sinSpacer&#8221; column_padding=&#8221;padding-7&#8243; column_center=&#8221;true&#8221; width=&#8221;1\/2&#8243;][vc_column_text css_animation=&#8221;none&#8221;] El tr\u00e0fic mar\u00edtim modern amb vaixells especialitzats i progressivament de major grand\u00e0ria i calat, va deixar inservibles algunes \u00e0rees portu\u00e0ries que havien estat planificades, en unes condicions molt diferents del transport mar\u00edtim, al segle XIX i a principis del segle XX. Aquesta circumst\u00e0ncia va deixar obsoletes i abandonades algunes infraestructures i instal\u00b7lacions portu\u00e0ries que, amb l\u2019ampliaci\u00f3 del Port cap al sud, paulatinament es varen anar traslladant a les noves zones creades. \u00c9s en aquest context que el Port de Barcelona es planteja engegar el projecte de transformaci\u00f3 de les 56 hect\u00e0rees de l\u2019\u00e0rea m\u00e9s antiga del Port de Barcelona, la que t\u00e9 un contacte i una relaci\u00f3 m\u00e9s clara i intensa amb la ciutat. Per dur-la a terme, va crear un organisme espec\u00edfic: la Ger\u00e8ncia Urban\u00edstica Port 2000 (avui Ger\u00e8ncia Urban\u00edstica Port Vell) amb l\u2019objectiu de reconvertir l\u2019activitat de la zona, planificant i dirigint les obres de remodelaci\u00f3 de l\u2019\u00e0mbit que actualment coneixem com \u201cel Port Vell\u201d. El Pla Especial del Port Vell va ser aprovat per la Comissi\u00f3 d\u2019Urbanisme [&hellip;]<\/p>\n","protected":false},"author":1,"featured_media":0,"parent":0,"menu_order":0,"comment_status":"closed","ping_status":"closed","template":"","meta":{"_acf_changed":false,"footnotes":""},"class_list":["post-5532","page","type-page","status-publish","hentry"],"acf":[],"_links":{"self":[{"href":"https:\/\/portvellbcn.cat\/ca\/wp-json\/wp\/v2\/pages\/5532","targetHints":{"allow":["GET"]}}],"collection":[{"href":"https:\/\/portvellbcn.cat\/ca\/wp-json\/wp\/v2\/pages"}],"about":[{"href":"https:\/\/portvellbcn.cat\/ca\/wp-json\/wp\/v2\/types\/page"}],"author":[{"embeddable":true,"href":"https:\/\/portvellbcn.cat\/ca\/wp-json\/wp\/v2\/users\/1"}],"replies":[{"embeddable":true,"href":"https:\/\/portvellbcn.cat\/ca\/wp-json\/wp\/v2\/comments?post=5532"}],"version-history":[{"count":0,"href":"https:\/\/portvellbcn.cat\/ca\/wp-json\/wp\/v2\/pages\/5532\/revisions"}],"wp:attachment":[{"href":"https:\/\/portvellbcn.cat\/ca\/wp-json\/wp\/v2\/media?parent=5532"}],"curies":[{"name":"wp","href":"https:\/\/api.w.org\/{rel}","templated":true}]}}