{"id":45,"date":"2017-02-02T21:58:54","date_gmt":"2017-02-02T21:58:54","guid":{"rendered":"http:\/\/choroswp.aisconverse.com\/?page_id=45"},"modified":"2024-10-14T09:52:15","modified_gmt":"2024-10-14T07:52:15","slug":"explora-portvell","status":"publish","type":"page","link":"https:\/\/portvellbcn.cat\/ca\/explora-portvell\/","title":{"rendered":"Explora el Port vell"},"content":{"rendered":"<div class=\"wpb-content-wrapper\"><p>[vc_row][vc_column]<div class=\"spacer\" style=\"height: 100px;\"><\/div>[\/vc_column][\/vc_row][vc_row][vc_column][vc_column_text]<\/p>\n<p style=\"text-align: center;\"><span class=\"s1\" style=\"font-size: 60px; color: #333333;\"><span style=\"font-family: 'Poppins', sans-serif; font-weight: 300; letter-spacing: 1px;\"><span style=\"line-height: 1.2em; display: inline-block; width: 100%;\"><span style=\"font-family: 'Poppins', sans-serif; font-weight: 400;\"><span style=\"font-family: 'Poppins', sans-serif; font-weight: 500;\"><span class=\"titulofuente\" style=\"font-family: 'Playfair Display', sans-serif; font-weight: 400;\">Al Port Vell es troben<br \/>\nBarcelona i la mar<\/span><\/span><\/span><\/span><\/span><\/span><\/p>\n<p>[\/vc_column_text][\/vc_column][\/vc_row][vc_row][vc_column][vc_column_text]<\/p>\n<p style=\"text-align: center;\"><span class=\"s1\" style=\"font-size: 30px; color: #ff6600;\"><span style=\"font-family: Poppins, sans-serif; letter-spacing: 1px;\"><span style=\"line-height: 1.2em; display: inline-block; width: 100%;\"><span style=\"font-family: Poppins, sans-serif;\"><span style=\"font-family: Poppins, sans-serif;\"><span class=\"titulofuente\" style=\"font-family: 'Playfair Display', sans-serif;\">\u00c9s espai p\u00fablic, empresa, cultura, esport, emprenedoria, innovaci\u00f3, patrimoni. \u00c9s restauraci\u00f3 i comer\u00e7. \u00c9s ind\u00fastria n\u00e0utica, \u00e9s un gran escenari, \u00e9s platja i passeig, \u00e9s respecte pel medi ambient. \u00c9s futur. El Port Vell \u00e9s tot aix\u00f2 i molt m\u00e9s. Mira!!<\/span><\/span><\/span><\/span><\/span><\/span><\/p>\n<p>[\/vc_column_text][\/vc_column][\/vc_row][vc_row type=&#8221;full_width_section&#8221;][vc_column]<div class=\"spacer\" style=\"height: 100px;\"><\/div>\n\t\t<div class=\"portfolio-element\">\n\n\t\t\n\t\t\n\t\t\t\t\t<div id=\"1047284531\" class=\"portfolio-items portfolio-nomargin portfolio-overlay-name clearfix\" data-id=\"1047284531\">  \n\t\t\t\t\t\t\n\t\t\t\t\t\t\t\n\t\t\t\t\t\t\t\n\t\t\t\t\t\t\n\t\t\t\t\t\t\t\t\t\t\t\t\t\t\t\t\n\t\t\t\t\t\t\t\t   \n\n\t\t\t\t\t\t\t\t<div class=\"term-explora-el-port-vell portfolio-item nomargin\">\n\t\t\t\t\t\t\t\t\t<div class=\"portfolio-image\"><a href=\"https:\/\/portvellbcn.cat\/ca\/portfolio-item\/confraria-pescadors\/\" title=\"Confraria Pescadors\"><div class=\"portfolio-image-img\"><img decoding=\"async\" src=\"https:\/\/portvellbcn.cat\/wp-content\/uploads\/2019\/10\/port-vell-cofradia-pescadors-barcelona-1027069-2.jpg\" alt=\"Confraria Pescadors\" \/><\/div><div class=\"portfolio-overlay overlay-name\"><span>Confraria Pescadors<\/span><i class=\"icon-minti-plus\"><\/i><\/div><\/a><\/div>\n\t\t\t\t\t\t\t\t<\/div>\n\n\t\t\t\t\t\t\t\t\t\t\t\t  \n\t\t\t\t\t\t\n\t\t\t\t\t\t\t\n\t\t\t\t\t\t\t\n\t\t\t\t\t\t\n\t\t\t\t\t\t\t\t\t\t\t\t\t\t\t\t\n\t\t\t\t\t\t\t\t   \n\n\t\t\t\t\t\t\t\t<div class=\"term-espai-public term-explora-el-port-vell portfolio-item nomargin\">\n\t\t\t\t\t\t\t\t\t<div class=\"portfolio-image\"><a href=\"https:\/\/portvellbcn.cat\/ca\/portfolio-item\/escultures\/\" title=\"Escultures\"><div class=\"portfolio-image-img\"><img decoding=\"async\" src=\"https:\/\/portvellbcn.cat\/wp-content\/uploads\/2020\/02\/imagen_escultures_joansalvat_portvell.jpg\" alt=\"Escultures\" \/><\/div><div class=\"portfolio-overlay overlay-name\"><span>Escultures<\/span><i class=\"icon-minti-plus\"><\/i><\/div><\/a><\/div>\n\t\t\t\t\t\t\t\t<\/div>\n\n\t\t\t\t\t\t\t\t\t\t\t\t  \n\t\t\t\t\t\t\n\t\t\t\t\t\t\t\n\t\t\t\t\t\t\t\n\t\t\t\t\t\t\n\t\t\t\t\t\t\t\t\t\t\t\t\t\t\t\t\n\t\t\t\t\t\t\t\t   \n\n\t\t\t\t\t\t\t\t<div class=\"term-explora-el-port-vell portfolio-item nomargin\">\n\t\t\t\t\t\t\t\t\t<div class=\"portfolio-image\"><a href=\"https:\/\/portvellbcn.cat\/ca\/portfolio-item\/espai-public-2\/\" title=\"Espai P\u00fablic\"><div class=\"portfolio-image-img\"><img decoding=\"async\" src=\"https:\/\/portvellbcn.cat\/wp-content\/uploads\/2019\/06\/BARCELONA_8058.jpg\" alt=\"Espai P\u00fablic\" \/><\/div><div class=\"portfolio-overlay overlay-name\"><span>Espai P\u00fablic<\/span><i class=\"icon-minti-plus\"><\/i><\/div><\/a><\/div>\n\t\t\t\t\t\t\t\t<\/div>\n\n\t\t\t\t\t\t\t\t\t\t\t\t  \n\t\t\t\t\t\t\n\t\t\t\t\t\t\t\n\t\t\t\t\t\t\t\n\t\t\t\t\t\t\n\t\t\t\t\t\t\t\t\t\t\t\t\t\t\t\t\n\t\t\t\t\t\t\t\t   \n\n\t\t\t\t\t\t\t\t<div class=\"term-explora-el-port-vell portfolio-item nomargin\">\n\t\t\t\t\t\t\t\t\t<div class=\"portfolio-image\"><a href=\"https:\/\/portvellbcn.cat\/ca\/portfolio-item\/industria-i-empresa\/\" title=\"Industria i Empresa\"><div class=\"portfolio-image-img\"><img decoding=\"async\" src=\"https:\/\/portvellbcn.cat\/wp-content\/uploads\/2019\/04\/industria_01.jpg\" alt=\"Industria i Empresa\" \/><\/div><div class=\"portfolio-overlay overlay-name\"><span>Industria i Empresa<\/span><i class=\"icon-minti-plus\"><\/i><\/div><\/a><\/div>\n\t\t\t\t\t\t\t\t<\/div>\n\n\t\t\t\t\t\t\t\t\t\t\t\t  \n\t\t\t\t\t\t\n\t\t\t\t\t\t\t\n\t\t\t\t\t\t\t\n\t\t\t\t\t\t\n\t\t\t\t\t\t\t\t\t\t\t\t\t\t\t\t\n\t\t\t\t\t\t\t\t   \n\n\t\t\t\t\t\t\t\t<div class=\"term-explora-el-port-vell portfolio-item nomargin\">\n\t\t\t\t\t\t\t\t\t<div class=\"portfolio-image\"><a href=\"https:\/\/portvellbcn.cat\/ca\/portfolio-item\/formacio\/\" title=\"Formaci\u00f3\"><div class=\"portfolio-image-img\"><img decoding=\"async\" src=\"https:\/\/portvellbcn.cat\/wp-content\/uploads\/2019\/04\/formacion_01.jpg\" alt=\"Formaci\u00f3\" \/><\/div><div class=\"portfolio-overlay overlay-name\"><span>Formaci\u00f3<\/span><i class=\"icon-minti-plus\"><\/i><\/div><\/a><\/div>\n\t\t\t\t\t\t\t\t<\/div>\n\n\t\t\t\t\t\t\t\t\t\t\t\t  \n\t\t\t\t\t\t\n\t\t\t\t\t\t\t\n\t\t\t\t\t\t\t\n\t\t\t\t\t\t\n\t\t\t\t\t\t\t\t\t\t\t\t\t\t\t\t\n\t\t\t\t\t\t\t\t   \n\n\t\t\t\t\t\t\t\t<div class=\"term-explora-el-port-vell portfolio-item nomargin\">\n\t\t\t\t\t\t\t\t\t<div class=\"portfolio-image\"><a href=\"https:\/\/portvellbcn.cat\/ca\/portfolio-item\/nautica-i-marinas\/\" title=\"N\u00e0utica i Marinas\"><div class=\"portfolio-image-img\"><img decoding=\"async\" src=\"https:\/\/portvellbcn.cat\/wp-content\/uploads\/2019\/04\/nautica_03.jpg\" alt=\"N\u00e0utica i Marinas\" \/><\/div><div class=\"portfolio-overlay overlay-name\"><span>N\u00e0utica i Marinas<\/span><i class=\"icon-minti-plus\"><\/i><\/div><\/a><\/div>\n\t\t\t\t\t\t\t\t<\/div>\n\n\t\t\t\t\t\t\t\t\t\t\t\t  \n\t\t\t\t\t\t\n\t\t\t\t\t\t\t\n\t\t\t\t\t\t\t\n\t\t\t\t\t\t\n\t\t\t\t\t\t\t\t\t\t\t\t\t\t\t\t\n\t\t\t\t\t\t\t\t   \n\n\t\t\t\t\t\t\t\t<div class=\"term-explora-el-port-vell portfolio-item nomargin\">\n\t\t\t\t\t\t\t\t\t<div class=\"portfolio-image\"><a href=\"https:\/\/portvellbcn.cat\/ca\/portfolio-item\/museus-i-aquarium\/\" title=\"Museus i Aquarium\"><div class=\"portfolio-image-img\"><img decoding=\"async\" src=\"https:\/\/portvellbcn.cat\/wp-content\/uploads\/2017\/04\/Aquarium_02-1.png\" alt=\"Museus i Aquarium\" \/><\/div><div class=\"portfolio-overlay overlay-name\"><span>Museus i Aquarium<\/span><i class=\"icon-minti-plus\"><\/i><\/div><\/a><\/div>\n\t\t\t\t\t\t\t\t<\/div>\n\n\t\t\t\t\t\t\t\t\t\t\t\t  \n\t\t\t\t\t\t\n\t\t\t\t\t\t\t\n\t\t\t\t\t\t\t\n\t\t\t\t\t\t\n\t\t\t\t\t\t\t\t\t\t\t\t\t\t\t\t\n\t\t\t\t\t\t\t\t   \n\n\t\t\t\t\t\t\t\t<div class=\"term-explora-el-port-vell portfolio-item nomargin\">\n\t\t\t\t\t\t\t\t\t<div class=\"portfolio-image\"><a href=\"https:\/\/portvellbcn.cat\/ca\/portfolio-item\/hosteleria-comerc-i-restauracio\/\" title=\"Hosteleria, comer\u00e7 i restauraci\u00f3\"><div class=\"portfolio-image-img\"><img decoding=\"async\" src=\"https:\/\/portvellbcn.cat\/wp-content\/uploads\/2019\/04\/hosteleria_02.jpg\" alt=\"Hosteleria, comer\u00e7 i restauraci\u00f3\" \/><\/div><div class=\"portfolio-overlay overlay-name\"><span>Hosteleria, comer\u00e7 i restauraci\u00f3<\/span><i class=\"icon-minti-plus\"><\/i><\/div><\/a><\/div>\n\t\t\t\t\t\t\t\t<\/div>\n\n\t\t\t\t\t\t\t\t\t\t\t\t  \n\t\t\t\t\t\t\n\t\t\t\t\t\t\t\n\t\t\t\t\t\t\t\n\t\t\t\t\t\t\n\t\t\t\t\t\t\t\t\t\t\t\t\t\t\t\t\n\t\t\t\t\t\t\t\t   \n\n\t\t\t\t\t\t\t\t<div class=\"term-explora-el-port-vell portfolio-item nomargin\">\n\t\t\t\t\t\t\t\t\t<div class=\"portfolio-image\"><a href=\"https:\/\/portvellbcn.cat\/ca\/portfolio-item\/vaixells-turistics\/\" title=\"Vaixells tur\u00edstics\"><div class=\"portfolio-image-img\"><img decoding=\"async\" src=\"https:\/\/portvellbcn.cat\/wp-content\/uploads\/2019\/04\/ferri_01.jpg\" alt=\"Vaixells tur\u00edstics\" \/><\/div><div class=\"portfolio-overlay overlay-name\"><span>Vaixells tur\u00edstics<\/span><i class=\"icon-minti-plus\"><\/i><\/div><\/a><\/div>\n\t\t\t\t\t\t\t\t<\/div>\n\n\t\t\t\t\t\t\t\t\t\t\t\t  \n\t\t\t\t\t\t\n\t\t\t\t\t\t\t\n\t\t\t\t\t\t\t\n\t\t\t\t\t\t\n\t\t\t\t\t\t\t\t\t\t\t\t\t\t\t\t\n\t\t\t\t\t\t\t\t   \n\n\t\t\t\t\t\t\t\t<div class=\"term-explora-el-port-vell portfolio-item nomargin\">\n\t\t\t\t\t\t\t\t\t<div class=\"portfolio-image\"><a href=\"https:\/\/portvellbcn.cat\/ca\/portfolio-item\/esports\/\" title=\"Esports\"><div class=\"portfolio-image-img\"><img decoding=\"async\" src=\"https:\/\/portvellbcn.cat\/wp-content\/uploads\/2019\/04\/deportes_02.jpg\" alt=\"Esports\" \/><\/div><div class=\"portfolio-overlay overlay-name\"><span>Esports<\/span><i class=\"icon-minti-plus\"><\/i><\/div><\/a><\/div>\n\t\t\t\t\t\t\t\t<\/div>\n\n\t\t\t\t\t\t\t\t\t\t\t\t  \n\t\t\t\t\t\t\n\t\t\t\t\t\t\t\n\t\t\t\t\t\t\t\n\t\t\t\t\t\t\n\t\t\t\t\t\t\t\t\t\t\t\t\t\t\t\t\n\t\t\t\t\t\t\t\t   \n\n\t\t\t\t\t\t\t\t<div class=\"term-explora-el-port-vell portfolio-item nomargin\">\n\t\t\t\t\t\t\t\t\t<div class=\"portfolio-image\"><a href=\"https:\/\/portvellbcn.cat\/ca\/portfolio-item\/mercats-i-fires\/\" title=\"Mercats i fires\"><div class=\"portfolio-image-img\"><img decoding=\"async\" src=\"https:\/\/portvellbcn.cat\/wp-content\/uploads\/2019\/04\/mercats_01.jpg\" alt=\"Mercats i fires\" \/><\/div><div class=\"portfolio-overlay overlay-name\"><span>Mercats i fires<\/span><i class=\"icon-minti-plus\"><\/i><\/div><\/a><\/div>\n\t\t\t\t\t\t\t\t<\/div>\n\n\t\t\t\t\t\t\t\t\t\t\t\t  \n\t\t\t\t\t\t\n\t\t\t\t\t\t\t\n\t\t\t\t\t\t\t\n\t\t\t\t\t\t\n\t\t\t\t\t\t\t\t\t\t\t\t\t\t\t\t\n\t\t\t\t\t\t\t\t   \n\n\t\t\t\t\t\t\t\t<div class=\"term-explora-el-port-vell portfolio-item nomargin\">\n\t\t\t\t\t\t\t\t\t<div class=\"portfolio-image\"><a href=\"https:\/\/portvellbcn.cat\/ca\/portfolio-item\/creuers-i-ferris\/\" title=\"Creuers i Ferris\"><div class=\"portfolio-image-img\"><img decoding=\"async\" src=\"https:\/\/portvellbcn.cat\/wp-content\/uploads\/2019\/04\/barcos_turisticos_01.jpg\" alt=\"Creuers i Ferris\" \/><\/div><div class=\"portfolio-overlay overlay-name\"><span>Creuers i Ferris<\/span><i class=\"icon-minti-plus\"><\/i><\/div><\/a><\/div>\n\t\t\t\t\t\t\t\t<\/div>\n\n\t\t\t\t\t\t\t\t\t\t\t\t  \n\t\t\t\t\t\t\t\t\t\t\t<\/div>\n\n\t\t\n\t\t<\/div>\n\t\t\t\n\t\t\t\t\t<div class=\"pagination-nomargin\"><p class=\"hidden\"><\/p><\/div>\n\t\t\t\t\n\t\t[\/vc_column][\/vc_row]<\/p>\n<\/div>","protected":false},"excerpt":{"rendered":"<p>[vc_row][vc_column][\/vc_column][\/vc_row][vc_row][vc_column][vc_column_text] Al Port Vell es troben Barcelona i la mar [\/vc_column_text][\/vc_column][\/vc_row][vc_row][vc_column][vc_column_text] \u00c9s espai p\u00fablic, empresa, cultura, esport, emprenedoria, innovaci\u00f3, patrimoni. \u00c9s restauraci\u00f3 i comer\u00e7. \u00c9s ind\u00fastria n\u00e0utica, \u00e9s un gran escenari, \u00e9s platja i passeig, \u00e9s respecte pel medi ambient. \u00c9s futur. El Port Vell \u00e9s tot aix\u00f2 i molt m\u00e9s. Mira!! [\/vc_column_text][\/vc_column][\/vc_row][vc_row type=&#8221;full_width_section&#8221;][vc_column][\/vc_column][\/vc_row]<\/p>\n","protected":false},"author":1,"featured_media":0,"parent":0,"menu_order":0,"comment_status":"closed","ping_status":"closed","template":"","meta":{"_acf_changed":false,"footnotes":""},"class_list":["post-45","page","type-page","status-publish","hentry"],"acf":[],"_links":{"self":[{"href":"https:\/\/portvellbcn.cat\/ca\/wp-json\/wp\/v2\/pages\/45","targetHints":{"allow":["GET"]}}],"collection":[{"href":"https:\/\/portvellbcn.cat\/ca\/wp-json\/wp\/v2\/pages"}],"about":[{"href":"https:\/\/portvellbcn.cat\/ca\/wp-json\/wp\/v2\/types\/page"}],"author":[{"embeddable":true,"href":"https:\/\/portvellbcn.cat\/ca\/wp-json\/wp\/v2\/users\/1"}],"replies":[{"embeddable":true,"href":"https:\/\/portvellbcn.cat\/ca\/wp-json\/wp\/v2\/comments?post=45"}],"version-history":[{"count":0,"href":"https:\/\/portvellbcn.cat\/ca\/wp-json\/wp\/v2\/pages\/45\/revisions"}],"wp:attachment":[{"href":"https:\/\/portvellbcn.cat\/ca\/wp-json\/wp\/v2\/media?parent=45"}],"curies":[{"name":"wp","href":"https:\/\/api.w.org\/{rel}","templated":true}]}}