{"id":2582,"date":"2019-03-12T10:54:46","date_gmt":"2019-03-12T09:54:46","guid":{"rendered":"https:\/\/portvellbcn.cat\/?page_id=2582"},"modified":"2026-02-17T12:39:32","modified_gmt":"2026-02-17T11:39:32","slug":"home-portvell","status":"publish","type":"page","link":"https:\/\/portvellbcn.cat\/ca\/","title":{"rendered":"Home-PortVell"},"content":{"rendered":"<div class=\"wpb-content-wrapper\"><p>[vc_row type=&#8221;full_width_section&#8221; text_align=&#8221;center&#8221; class=&#8221;videodiv&#8221;][vc_column column_padding=&#8221;custom-padding&#8221; text_align=&#8221;center&#8221; width=&#8221;1\/1&#8243;][vc_raw_html css=&#8221;&#8221;]JTNDZGl2JTIwY2xhc3MlM0QlMjJ2aWRlby1iYWNrZ3JvdW5kJTIyJTNFJTBBJTIwJTIwJTIwJTNDdmlkZW8lMjBjbGFzcyUzRCUyMnZpZGVvUG9ydCUyMiUyMG11dGVkJTIwaWQlM0QlMjJwbGF5ZXIlMjIlMjBwcmVsb2FkJTNEJTIybm9uZSUyMiUyMHBvc3RlciUzRCUyMnZpZGVvJTJGYmlnLWJ1Y2stYnVubnkuanBnJTIyJTIwYXV0b3BsYXklM0QlMjJhdXRvcGxheSUyMiUyMGxvb3AlM0QlMjJsb29wJTIyJTIwJTNFJTBBJTIwJTIwJTIwJTIwJTIwJTIwJTIwJTIwJTIwJTIwJTIwJTIwJTNDc291cmNlJTIwc3JjJTNEJTIyaHR0cHMlM0ElMkYlMkZ3d3cucG9ydHZlbGxiY24uY2F0JTJGd3AtY29udGVudCUyRnVwbG9hZHMlMkYyMDIzJTJGMDUlMkZQT1JUJTIwVkVMTF9NQVNURVIlMjAyMDIzX0NBVF8xbWluX0gyNjQubXA0JTIyJTNFJTBBJTIwJTIwJTIwJTNDJTJGdmlkZW8lM0UlMEElM0NkaXYlMjBpZCUzRCUyMm11dGUlMjIlMjBjbGFzcyUzRCUyMmJ0biUyMiUzRSUzQyUyRmRpdiUzRSUwQSUzQyUyRmRpdiUzRQ==[\/vc_raw_html][\/vc_column][\/vc_row][vc_row type=&#8221;full_width_section&#8221; top_padding=&#8221;0&#8243; bottom_padding=&#8221;0&#8243;][vc_column el_class=&#8221;exploraMain&#8221; width=&#8221;1\/2&#8243;]<h4 class=\"headline font-special fontsize-s fontweight-500 lh-12 align-left transform-inherit \" style=\"margin: 0 0 20px 0; color: #bfbfbf;\">EXPLORA EL PORT VELL<\/h4>[vc_empty_space height=&#8221;10&#8243;]<h1 class=\"headline font-inherit fontsize-xxl fontweight-600 lh-16 align-left transform-inherit \" style=\"margin: 0 0 20px 0; color: #444444;\">El Port Vell, el port-ciutat<br \/>\nde Barcelona.<br \/>\nUn port, una ciutat,<br \/>\nuna hist\u00f2ria compartida<br \/>\nentre Barcelona i la mar<\/h1>[vc_empty_space height=&#8221;15&#8243;]<a href=\"https:\/\/portvellbcn.cat\/ca\/qui-som\/\" target=\"_blank\" class=\"button color-2 medium \" style=\"border-radius: 20px;\">Veure m\u00e9s<\/a>[\/vc_column][vc_column el_class=&#8221;fotoExploraMain&#8221; column_center=&#8221;true&#8221; width=&#8221;1\/2&#8243;][vc_single_image image=&#8221;13446&#8243; img_size=&#8221;full&#8221; alignment=&#8221;center&#8221; css=&#8221;&#8221;][\/vc_column][\/vc_row][vc_row type=&#8221;full_width_section&#8221; bg_color=&#8221;#ff6600&#8243; top_padding=&#8221;20&#8243; bottom_padding=&#8221;20&#8243;][vc_column width=&#8221;3\/6&#8243;]<h1 class=\"headline font-inherit fontsize-xxl fontweight-500 lh-16 align-right transform-inherit textoNaranja\" style=\"margin: 0 0 20px 0; color: #ffffff;\">Segona transformaci\u00f3 del Port Vell<\/h1>[\/vc_column][vc_column text_align=&#8221;center&#8221; width=&#8221;1\/6&#8243;][vc_empty_space height=&#8221;15px&#8221;]<a href=\"https:\/\/portvellbcn.cat\/wp-content\/uploads\/2024\/06\/240620_Presentacio_Pla-estrategic-Port-Vell.pdf\" target=\"_blank\" class=\"button color-8 medium OrangeButton\" style=\"border-radius: 20px;\">Presentaci\u00f3<\/a>[\/vc_column][vc_column el_class=&#8221;bajaBoton&#8221; width=&#8221;1\/6&#8243;][vc_empty_space height=&#8221;15px&#8221;]<a href=\"https:\/\/www.portvellbcn.cat\/wp-content\/uploads\/2024\/06\/PORT%20VELL%20PLA%20ESTRATE\u0300GIC_RECTIF02.mp4\" target=\"_blank\" class=\"button color-8 medium OrangeButton\" style=\"border-radius: 20px;\">Pla estrat\u00e8gic<\/a>[\/vc_column][vc_column width=&#8221;1\/6&#8243;][\/vc_column][\/vc_row][vc_row type=&#8221;full_width_section&#8221; top_padding=&#8221;0&#8243; bottom_padding=&#8221;0&#8243;][vc_column el_class=&#8221;emptyResponsive&#8221; bg_image=&#8221;19319&#8243; column_center=&#8221;true&#8221; width=&#8221;1\/2&#8243;][vc_empty_space height=&#8221;230&#8243;][vc_btn title=&#8221;DESCOBREIX EL NADAL AL PORT VELL&#8221; shape=&#8221;round&#8221; color=&#8221;white&#8221; align=&#8221;center&#8221; css=&#8221;&#8221; link=&#8221;url:https%3A%2F%2Fwww.portdebarcelona.cat%2Fca%2Fport-vell%2Fnadal-al-port|target:_blank&#8221; el_class=&#8221;botonNewBlue&#8221;][vc_btn title=&#8221;NOTA DE PREMSA&#8221; shape=&#8221;round&#8221; color=&#8221;white&#8221; align=&#8221;center&#8221; css=&#8221;&#8221; link=&#8221;url:https%3A%2F%2Fwww.portdebarcelona.cat%2Fca%2Fcomunicacio%2Fnoticies%2Fel-nadal-al-port-celebra-set-edicions-creixent-fins-al-moll-de-les-drassanes-i-consolidant-se-com-el-gran-esdeveniment-maritim-de-les-festes|target:_blank&#8221; el_class=&#8221;botonNewBlue&#8221;][vc_empty_space height=&#8221;224px&#8221;][\/vc_column][vc_column el_class=&#8221;emptyResponsive&#8221; bg_image=&#8221;16334&#8243; width=&#8221;1\/2&#8243;][vc_empty_space height=&#8221;182px&#8221;]<h1 class=\"headline font-special fontsize-l fontweight-500 lh-12 align-center transform-inherit \" style=\"margin: 0 0 20px 0; color: #ffffff;\">PR\u00d2XIMAMENT<\/h1>[vc_btn title=&#8221;TINGLADOS\u00ae&#8221; shape=&#8221;round&#8221; color=&#8221;white&#8221; align=&#8221;center&#8221; css=&#8221;&#8221; link=&#8221;url:https%3A%2F%2Fportvellbcn.cat%2Fca%2Fportfolio-item%2Ftinglados%2F|target:_blank&#8221; el_class=&#8221;botonNewBlue&#8221;][vc_btn title=&#8221;MUNTA UN TINGLADO, CLICA AQU\u00cd&#8221; shape=&#8221;round&#8221; color=&#8221;white&#8221; align=&#8221;center&#8221; css=&#8221;&#8221; link=&#8221;url:https%3A%2F%2Fportvellbcn.cat%2Fwp-content%2Fuploads%2F2024%2F07%2FTinglados-FolletoDigital_2.pdf|target:_blank&#8221; el_class=&#8221;botonNewBlue&#8221;][vc_empty_space height=&#8221;259px&#8221;][\/vc_column][\/vc_row][vc_row type=&#8221;full_width_section&#8221;][vc_column width=&#8221;1\/4&#8243;]<a href=\"https:\/\/portvellbcn.cat\/ca\/lloguer-espais\/\" target=\"_blank\" class=\"catimage wpb_content_element color-light\" style=\"height: 450px;\">\n\t\t\t<span style=\"background-image: url(https:\/\/portvellbcn.cat\/wp-content\/uploads\/2024\/11\/home-portvell-mapainteractiu-1.jpg); height: 450px;\"><\/span>\n\t\t\t<div class=\"catimage-overlay clearfix\" style=\"height: 450px;\">\n\t\t\t\t<div class=\"catimage-text\">LLOGUER D&#8217;ESPAIS<\/div>\n\t\t\t<\/div><\/a>[\/vc_column][vc_column width=&#8221;1\/4&#8243;]<a href=\"https:\/\/portvellbcn.cat\/ca\/explora-portvell\/\" target=\"_blank\" class=\"catimage wpb_content_element color-light\" style=\"height: 450px;\">\n\t\t\t<span style=\"background-image: url(https:\/\/portvellbcn.cat\/wp-content\/uploads\/2023\/03\/homepruf1.jpg); height: 450px;\"><\/span>\n\t\t\t<div class=\"catimage-overlay clearfix\" style=\"height: 450px;\">\n\t\t\t\t<div class=\"catimage-text\">Explora el Port Vell<\/div>\n\t\t\t<\/div><\/a>[\/vc_column][vc_column width=&#8221;1\/4&#8243;]<a href=\"https:\/\/portvellbcn.cat\/ca\/activitats-al-port-vell-bcn\/\" target=\"_blank\" class=\"catimage wpb_content_element color-light\" style=\"height: 450px;\">\n\t\t\t<span style=\"background-image: url(https:\/\/portvellbcn.cat\/wp-content\/uploads\/2017\/03\/home-portvell-galeria.jpg); height: 450px;\"><\/span>\n\t\t\t<div class=\"catimage-overlay clearfix\" style=\"height: 450px;\">\n\t\t\t\t<div class=\"catimage-text\">Activitats al Port Vell<\/div>\n\t\t\t<\/div><\/a>[\/vc_column][vc_column width=&#8221;1\/4&#8243;]<a href=\"https:\/\/portvellbcn.cat\/ca\/galeria-2\/\" target=\"_blank\" class=\"catimage wpb_content_element color-light\" style=\"height: 450px;\">\n\t\t\t<span style=\"background-image: url(https:\/\/portvellbcn.cat\/wp-content\/uploads\/2026\/02\/videos.jpg); height: 450px;\"><\/span>\n\t\t\t<div class=\"catimage-overlay clearfix\" style=\"height: 450px;\">\n\t\t\t\t<div class=\"catimage-text\">Videos del Port Vell<\/div>\n\t\t\t<\/div><\/a>[\/vc_column][\/vc_row][vc_row bg_color=&#8221;#f4f4f4&#8243; top_padding=&#8221;30&#8243;][vc_column width=&#8221;1\/1&#8243;][vc_row_inner][vc_column_inner width=&#8221;3\/4&#8243; css=&#8221;.vc_custom_1709293956787{padding-bottom: 20px !important;}&#8221;][vc_column_text]<\/p>\n<p style=\"text-align: left;\"><strong><span class=\"s1\" style=\"font-size: 30px; color: #333333;\"><span style=\"font-family: Poppins, sans-serif; letter-spacing: 1px;\"><span style=\"line-height: 1.2em; display: inline-block; width: 100%;\"><span style=\"font-family: Poppins, sans-serif;\"><span style=\"font-family: Poppins, sans-serif;\"><span class=\"titulofuente\" style=\"font-family: 'Playfair Display', sans-serif;\">Acc\u00e9s a la plataforma de Licitaci\u00f3 Electr\u00f2nica de la Ger\u00e8ncia Urban\u00edstica del Port Vell\u00a0<\/span><\/span><\/span><\/span><\/span><\/span><\/strong><\/p>\n<p>[\/vc_column_text][\/vc_column_inner][vc_column_inner width=&#8221;1\/4&#8243;]<div class=\"spacer\" style=\"height: 15px;\"><\/div><a href=\"https:\/\/community.vortal.biz\/PRODSTS\/Users\/Login\/Index?SkinName=portvell\" target=\"_blank\" class=\"button custom large \" style=\"background-color: #0073cf; border-color: #0073cf;border-radius: 20px;\">VEURE M\u00c9S<\/a>[\/vc_column_inner][\/vc_row_inner][\/vc_column][\/vc_row][vc_row top_padding=&#8221;50&#8243; bottom_padding=&#8221;60&#8243;][vc_column width=&#8221;1\/1&#8243;]<h4 class=\"headline font-special fontsize-s fontweight-500 lh-12 align-center transform-inherit \" style=\"margin: 0 0 20px 0; color: #bfbfbf;\">XIFRES I DADES<\/h4>[\/vc_column][\/vc_row][vc_row bottom_padding=&#8221;50&#8243;][vc_column width=&#8221;1\/4&#8243;]<div class=\"counter clearfix wpb_content_element\"><div class=\"counter-number\" style=\"color: #ff6600 !important;\">70<\/div><span class=\"counter-title\"><\/span><\/div><div class=\"headline font-inherit fontsize-s fontweight-400 lh-inherit align-center transform-inherit \" style=\"margin: 0 0 20px 0;\">Hect\u00e0rees de territori<\/div>[\/vc_column][vc_column width=&#8221;1\/4&#8243;]<div class=\"counter clearfix wpb_content_element\"><div class=\"counter-number\" style=\"color: #ff6600 !important;\">380<\/div><span class=\"counter-title\"><\/span><\/div><div class=\"headline font-inherit fontsize-s fontweight-400 lh-inherit align-center transform-inherit \" style=\"margin: 0 0 20px 0;\">Empreses<\/div>[\/vc_column][vc_column width=&#8221;1\/4&#8243;]<div class=\"counter clearfix wpb_content_element\"><div class=\"counter-number\" style=\"color: #ff6600 !important;\">9200<\/div><span class=\"counter-title\"><\/span><\/div><div class=\"headline font-inherit fontsize-s fontweight-400 lh-inherit align-center transform-inherit \" style=\"margin: 0 0 20px 0;\">Llocs de treball<\/div>[\/vc_column][vc_column width=&#8221;1\/4&#8243;]<div class=\"counter clearfix wpb_content_element\"><div class=\"counter-number\" style=\"color: #ff6600 !important;\">365<\/div><span class=\"counter-title\"><\/span><\/div><div class=\"headline font-inherit fontsize-s fontweight-400 lh-inherit align-center transform-inherit \" style=\"margin: 0 0 20px 0;\">Dies d\u2019esdeveniments a l\u2019any<\/div>[\/vc_column][\/vc_row][vc_row tablet_landscape_visibility=&#8221;hide&#8221; tablet_portrait_visibility=&#8221;hide&#8221; mobile_landscape_visibility=&#8221;hide&#8221; mobile_portrait_visibility=&#8221;hide&#8221;][vc_column width=&#8221;1\/1&#8243;][vc_raw_html css=&#8221;&#8221;]JTNDZGl2JTIwY2xhc3MlM0QlMjJzY3JvbGxfZXZlbnQlMjIlM0UlMEElMjAlMjAlMjAlMjAlM0NwJTNFU2Nyb2xsJTIwZG93biUzQyUyRnAlM0UlMjAlMEElMjAlMjAlMjAlMjAlM0NwJTNFcGVyJTIwZXhwbG9yYXIlM0MlMkZwJTNFJTBBJTIwJTIwJTIwJTIwJTNDaW1nJTIwY2xhc3MlM0QlMjJtb3VzZV9zY3JvbGwlMjIlMjBzcmMlM0QlMjJodHRwcyUzQSUyRiUyRnBvcnR2ZWxsYmNuLmNhdCUyRndwLWNvbnRlbnQlMkZ1cGxvYWRzJTJGMjAyNCUyRjA5JTJGU2Nyb2xsX21vdXNlLnBuZyUyMiUyMGFsdCUzRCUyMnNjcm9sbCUyMGRvd24lMjIlMjAlMkYlM0UlMEElM0MlMkZkaXYlM0UlMEElMEElM0NzY3JpcHQlM0UlMEElMjAlMjAlMjAlMjB3aW5kb3cuYWRkRXZlbnRMaXN0ZW5lciUyOCUyN3Njcm9sbCUyNyUyQyUyMGZ1bmN0aW9uJTI4JTI5JTIwJTdCJTBBJTIwJTIwJTIwJTIwJTIwJTIwJTIwJTIwdmFyJTIwc2Nyb2xsRGl2JTIwJTNEJTIwZG9jdW1lbnQucXVlcnlTZWxlY3RvciUyOCUyNy5zY3JvbGxfZXZlbnQlMjclMjklM0IlMEElMjAlMjAlMjAlMjAlMjAlMjAlMjAlMjAlMEElMjAlMjAlMjAlMjAlMjAlMjAlMjAlMjAlMkYlMkYlMjBEZXRlY3RhJTIwc2klMjBlbCUyMHVzdWFyaW8lMjBoYSUyMGhlY2hvJTIwc2Nyb2xsJTIwaGFjaWElMjBhYmFqbyUwQSUyMCUyMCUyMCUyMCUyMCUyMCUyMCUyMGlmJTIwJTI4d2luZG93LnNjcm9sbFklMjAlM0UlMjAwJTI5JTIwJTdCJTBBJTIwJTIwJTIwJTIwJTIwJTIwJTIwJTIwJTIwJTIwJTIwJTIwc2Nyb2xsRGl2LmNsYXNzTGlzdC5hZGQlMjglMjdoaWRkZW4lMjclMjklM0IlMjAlMkYlMkYlMjBPY3VsdGElMjBlbCUyMGRpdiUwQSUyMCUyMCUyMCUyMCUyMCUyMCUyMCUyMCU3RCUyMGVsc2UlMjAlN0IlMEElMjAlMjAlMjAlMjAlMjAlMjAlMjAlMjAlMjAlMjAlMjAlMjBzY3JvbGxEaXYuY2xhc3NMaXN0LnJlbW92ZSUyOCUyN2hpZGRlbiUyNyUyOSUzQiUyMCUyRiUyRiUyME11ZXN0cmElMjBlbCUyMGRpdiUwQSUyMCUyMCUyMCUyMCUyMCUyMCUyMCUyMCU3RCUwQSUyMCUyMCUyMCUyMCU3RCUyOSUzQiUwQSUzQyUyRnNjcmlwdCUzRSUwQSUwQSUzQ3N0eWxlJTNFJTBBJTIwJTIwJTIwJTIwLnNjcm9sbF9ldmVudCUyMCU3QiUwQSUyMCUyMCUyMCUyMCUyMCUyMCUyMCUyMHBvc2l0aW9uJTNBJTIwZml4ZWQlM0IlMEElMjAlMjAlMjAlMjAlMjAlMjAlMjAlMjB0b3AlM0ElMjA4NyUyNSUzQiUwQSUyMCUyMCUyMCUyMCUyMCUyMCUyMCUyMGxlZnQlM0ElMjA1MCUyNSUzQiUwQSUyMCUyMCUyMCUyMCUyMCUyMCUyMCUyMHRyYW5zZm9ybSUzQSUyMHRyYW5zbGF0ZVglMjgtNTAlMjUlMjklM0IlMEElMjAlMjAlMjAlMjAlMjAlMjAlMjAlMjBwYWRkaW5nJTNBJTIwMTBweCUzQiUwQSUyMCUyMCUyMCUyMCUyMCUyMCUyMCUyMHRyYW5zaXRpb24lM0ElMjBvcGFjaXR5JTIwMC41cyUyMGVhc2UlM0IlMEElMjAlMjAlMjAlMjAlMjAlMjAlMjAlMjBvcGFjaXR5JTNBJTIwMSUzQiUwQSUyMCUyMCUyMCUyMCUyMCUyMCUyMCUyMHotaW5kZXglM0ElMjAxMDAwJTNCJTBBJTIwJTIwJTIwJTIwJTIwJTIwJTIwJTIwZGlzcGxheSUzQSUyMGZsZXglM0IlMEElMjAlMjAlMjAlMjAlMjAlMjAlMjAlMjBmbGV4LWRpcmVjdGlvbiUzQSUyMGNvbHVtbiUzQiUwQSUyMCUyMCUyMCUyMCUyMCUyMCUyMCUyMGFsaWduLWl0ZW1zJTNBJTIwY2VudGVyJTNCJTIwJTJGJTJBJTIwQ2VudHJhJTIwbGElMjBpbWFnZW4lMjB5JTIwZWwlMjB0ZXh0byUyMGhvcml6b250YWxtZW50ZSUyMCUyQSUyRiUwQSUyMCUyMCUyMCUyMCU3RCUwQSUwQSUyMCUyMCUyMCUyMC5zY3JvbGxfZXZlbnQlMjAlM0UlMjBwJTIwJTdCJTBBJTIwJTIwJTIwJTIwJTIwJTIwJTIwJTIwdGV4dC1hbGlnbiUzQSUyMGNlbnRlciUzQiUwQSUyMCUyMCUyMCUyMCUyMCUyMCUyMCUyMGNvbG9yJTNBJTIwd2hpdGUlM0IlMEElMjAlMjAlMjAlMjAlMjAlMjAlMjAlMjBtYXJnaW4lM0ElMjAwJTNCJTBBJTIwJTIwJTIwJTIwJTIwJTIwJTIwJTIwcGFkZGluZy1ib3R0b20lM0ElMjAxMHB4JTNCJTBBJTIwJTIwJTIwJTIwJTIwJTIwJTIwJTIwZm9udC13ZWlnaHQlM0ElMjA3MDAlM0IlMEElMjAlMjAlMjAlMjAlN0QlMEElMEElMjAlMjAlMjAlMjAuaGlkZGVuJTIwJTdCJTBBJTIwJTIwJTIwJTIwJTIwJTIwJTIwJTIwb3BhY2l0eSUzQSUyMDAlM0IlMEElMjAlMjAlMjAlMjAlN0QlMEElMEElMjAlMjAlMjAlMjAubW91c2Vfc2Nyb2xsJTIwJTdCJTBBJTIwJTIwJTIwJTIwJTIwJTIwJTIwJTIwbWF4LXdpZHRoJTNBJTIwMzBweCUzQiUwQSUyMCUyMCUyMCUyMCU3RCUwQSUzQyUyRnN0eWxlJTNFJTBB[\/vc_raw_html][\/vc_column][\/vc_row]<\/p>\n<\/div>","protected":false},"excerpt":{"rendered":"<p>[vc_row type=&#8221;full_width_section&#8221; text_align=&#8221;center&#8221; class=&#8221;videodiv&#8221;][vc_column column_padding=&#8221;custom-padding&#8221; text_align=&#8221;center&#8221; width=&#8221;1\/1&#8243;][vc_raw_html css=&#8221;&#8221;]JTNDZGl2JTIwY2xhc3MlM0QlMjJ2aWRlby1iYWNrZ3JvdW5kJTIyJTNFJTBBJTIwJTIwJTIwJTNDdmlkZW8lMjBjbGFzcyUzRCUyMnZpZGVvUG9ydCUyMiUyMG11dGVkJTIwaWQlM0QlMjJwbGF5ZXIlMjIlMjBwcmVsb2FkJTNEJTIybm9uZSUyMiUyMHBvc3RlciUzRCUyMnZpZGVvJTJGYmlnLWJ1Y2stYnVubnkuanBnJTIyJTIwYXV0b3BsYXklM0QlMjJhdXRvcGxheSUyMiUyMGxvb3AlM0QlMjJsb29wJTIyJTIwJTNFJTBBJTIwJTIwJTIwJTIwJTIwJTIwJTIwJTIwJTIwJTIwJTIwJTIwJTNDc291cmNlJTIwc3JjJTNEJTIyaHR0cHMlM0ElMkYlMkZ3d3cucG9ydHZlbGxiY24uY2F0JTJGd3AtY29udGVudCUyRnVwbG9hZHMlMkYyMDIzJTJGMDUlMkZQT1JUJTIwVkVMTF9NQVNURVIlMjAyMDIzX0NBVF8xbWluX0gyNjQubXA0JTIyJTNFJTBBJTIwJTIwJTIwJTNDJTJGdmlkZW8lM0UlMEElM0NkaXYlMjBpZCUzRCUyMm11dGUlMjIlMjBjbGFzcyUzRCUyMmJ0biUyMiUzRSUzQyUyRmRpdiUzRSUwQSUzQyUyRmRpdiUzRQ==[\/vc_raw_html][\/vc_column][\/vc_row][vc_row type=&#8221;full_width_section&#8221; top_padding=&#8221;0&#8243; bottom_padding=&#8221;0&#8243;][vc_column el_class=&#8221;exploraMain&#8221; width=&#8221;1\/2&#8243;][vc_empty_space height=&#8221;10&#8243;][vc_empty_space height=&#8221;15&#8243;][\/vc_column][vc_column el_class=&#8221;fotoExploraMain&#8221; column_center=&#8221;true&#8221; width=&#8221;1\/2&#8243;][vc_single_image image=&#8221;13446&#8243; img_size=&#8221;full&#8221; alignment=&#8221;center&#8221; css=&#8221;&#8221;][\/vc_column][\/vc_row][vc_row type=&#8221;full_width_section&#8221; bg_color=&#8221;#ff6600&#8243; top_padding=&#8221;20&#8243; bottom_padding=&#8221;20&#8243;][vc_column width=&#8221;3\/6&#8243;][\/vc_column][vc_column text_align=&#8221;center&#8221; width=&#8221;1\/6&#8243;][vc_empty_space height=&#8221;15px&#8221;][\/vc_column][vc_column el_class=&#8221;bajaBoton&#8221; width=&#8221;1\/6&#8243;][vc_empty_space height=&#8221;15px&#8221;][\/vc_column][vc_column width=&#8221;1\/6&#8243;][\/vc_column][\/vc_row][vc_row type=&#8221;full_width_section&#8221; top_padding=&#8221;0&#8243; bottom_padding=&#8221;0&#8243;][vc_column el_class=&#8221;emptyResponsive&#8221; bg_image=&#8221;19319&#8243; column_center=&#8221;true&#8221; width=&#8221;1\/2&#8243;][vc_empty_space height=&#8221;230&#8243;][vc_btn title=&#8221;DESCOBREIX EL NADAL AL PORT VELL&#8221; shape=&#8221;round&#8221; color=&#8221;white&#8221; align=&#8221;center&#8221; css=&#8221;&#8221; link=&#8221;url:https%3A%2F%2Fwww.portdebarcelona.cat%2Fca%2Fport-vell%2Fnadal-al-port|target:_blank&#8221; el_class=&#8221;botonNewBlue&#8221;][vc_btn title=&#8221;NOTA DE PREMSA&#8221; shape=&#8221;round&#8221; color=&#8221;white&#8221; align=&#8221;center&#8221; css=&#8221;&#8221; link=&#8221;url:https%3A%2F%2Fwww.portdebarcelona.cat%2Fca%2Fcomunicacio%2Fnoticies%2Fel-nadal-al-port-celebra-set-edicions-creixent-fins-al-moll-de-les-drassanes-i-consolidant-se-com-el-gran-esdeveniment-maritim-de-les-festes|target:_blank&#8221; el_class=&#8221;botonNewBlue&#8221;][vc_empty_space height=&#8221;224px&#8221;][\/vc_column][vc_column el_class=&#8221;emptyResponsive&#8221; bg_image=&#8221;16334&#8243; width=&#8221;1\/2&#8243;][vc_empty_space height=&#8221;182px&#8221;][vc_btn title=&#8221;TINGLADOS\u00ae&#8221; shape=&#8221;round&#8221; color=&#8221;white&#8221; align=&#8221;center&#8221; css=&#8221;&#8221; link=&#8221;url:https%3A%2F%2Fportvellbcn.cat%2Fca%2Fportfolio-item%2Ftinglados%2F|target:_blank&#8221; el_class=&#8221;botonNewBlue&#8221;][vc_btn title=&#8221;MUNTA UN TINGLADO, CLICA AQU\u00cd&#8221; shape=&#8221;round&#8221; color=&#8221;white&#8221; align=&#8221;center&#8221; css=&#8221;&#8221; link=&#8221;url:https%3A%2F%2Fportvellbcn.cat%2Fwp-content%2Fuploads%2F2024%2F07%2FTinglados-FolletoDigital_2.pdf|target:_blank&#8221; el_class=&#8221;botonNewBlue&#8221;][vc_empty_space height=&#8221;259px&#8221;][\/vc_column][\/vc_row][vc_row type=&#8221;full_width_section&#8221;][vc_column width=&#8221;1\/4&#8243;][\/vc_column][vc_column width=&#8221;1\/4&#8243;][\/vc_column][vc_column width=&#8221;1\/4&#8243;][\/vc_column][vc_column width=&#8221;1\/4&#8243;][\/vc_column][\/vc_row][vc_row bg_color=&#8221;#f4f4f4&#8243; top_padding=&#8221;30&#8243;][vc_column width=&#8221;1\/1&#8243;][vc_row_inner][vc_column_inner width=&#8221;3\/4&#8243; css=&#8221;.vc_custom_1709293956787{padding-bottom: 20px !important;}&#8221;][vc_column_text] Acc\u00e9s a la plataforma de Licitaci\u00f3 Electr\u00f2nica de la Ger\u00e8ncia Urban\u00edstica del Port Vell\u00a0 [\/vc_column_text][\/vc_column_inner][vc_column_inner width=&#8221;1\/4&#8243;][\/vc_column_inner][\/vc_row_inner][\/vc_column][\/vc_row][vc_row top_padding=&#8221;50&#8243; bottom_padding=&#8221;60&#8243;][vc_column width=&#8221;1\/1&#8243;][\/vc_column][\/vc_row][vc_row bottom_padding=&#8221;50&#8243;][vc_column width=&#8221;1\/4&#8243;][\/vc_column][vc_column width=&#8221;1\/4&#8243;][\/vc_column][vc_column width=&#8221;1\/4&#8243;][\/vc_column][vc_column width=&#8221;1\/4&#8243;][\/vc_column][\/vc_row][vc_row tablet_landscape_visibility=&#8221;hide&#8221; tablet_portrait_visibility=&#8221;hide&#8221; mobile_landscape_visibility=&#8221;hide&#8221; mobile_portrait_visibility=&#8221;hide&#8221;][vc_column width=&#8221;1\/1&#8243;][vc_raw_html css=&#8221;&#8221;]JTNDZGl2JTIwY2xhc3MlM0QlMjJzY3JvbGxfZXZlbnQlMjIlM0UlMEElMjAlMjAlMjAlMjAlM0NwJTNFU2Nyb2xsJTIwZG93biUzQyUyRnAlM0UlMjAlMEElMjAlMjAlMjAlMjAlM0NwJTNFcGVyJTIwZXhwbG9yYXIlM0MlMkZwJTNFJTBBJTIwJTIwJTIwJTIwJTNDaW1nJTIwY2xhc3MlM0QlMjJtb3VzZV9zY3JvbGwlMjIlMjBzcmMlM0QlMjJodHRwcyUzQSUyRiUyRnBvcnR2ZWxsYmNuLmNhdCUyRndwLWNvbnRlbnQlMkZ1cGxvYWRzJTJGMjAyNCUyRjA5JTJGU2Nyb2xsX21vdXNlLnBuZyUyMiUyMGFsdCUzRCUyMnNjcm9sbCUyMGRvd24lMjIlMjAlMkYlM0UlMEElM0MlMkZkaXYlM0UlMEElMEElM0NzY3JpcHQlM0UlMEElMjAlMjAlMjAlMjB3aW5kb3cuYWRkRXZlbnRMaXN0ZW5lciUyOCUyN3Njcm9sbCUyNyUyQyUyMGZ1bmN0aW9uJTI4JTI5JTIwJTdCJTBBJTIwJTIwJTIwJTIwJTIwJTIwJTIwJTIwdmFyJTIwc2Nyb2xsRGl2JTIwJTNEJTIwZG9jdW1lbnQucXVlcnlTZWxlY3RvciUyOCUyNy5zY3JvbGxfZXZlbnQlMjclMjklM0IlMEElMjAlMjAlMjAlMjAlMjAlMjAlMjAlMjAlMEElMjAlMjAlMjAlMjAlMjAlMjAlMjAlMjAlMkYlMkYlMjBEZXRlY3RhJTIwc2klMjBlbCUyMHVzdWFyaW8lMjBoYSUyMGhlY2hvJTIwc2Nyb2xsJTIwaGFjaWElMjBhYmFqbyUwQSUyMCUyMCUyMCUyMCUyMCUyMCUyMCUyMGlmJTIwJTI4d2luZG93LnNjcm9sbFklMjAlM0UlMjAwJTI5JTIwJTdCJTBBJTIwJTIwJTIwJTIwJTIwJTIwJTIwJTIwJTIwJTIwJTIwJTIwc2Nyb2xsRGl2LmNsYXNzTGlzdC5hZGQlMjglMjdoaWRkZW4lMjclMjklM0IlMjAlMkYlMkYlMjBPY3VsdGElMjBlbCUyMGRpdiUwQSUyMCUyMCUyMCUyMCUyMCUyMCUyMCUyMCU3RCUyMGVsc2UlMjAlN0IlMEElMjAlMjAlMjAlMjAlMjAlMjAlMjAlMjAlMjAlMjAlMjAlMjBzY3JvbGxEaXYuY2xhc3NMaXN0LnJlbW92ZSUyOCUyN2hpZGRlbiUyNyUyOSUzQiUyMCUyRiUyRiUyME11ZXN0cmElMjBlbCUyMGRpdiUwQSUyMCUyMCUyMCUyMCUyMCUyMCUyMCUyMCU3RCUwQSUyMCUyMCUyMCUyMCU3RCUyOSUzQiUwQSUzQyUyRnNjcmlwdCUzRSUwQSUwQSUzQ3N0eWxlJTNFJTBBJTIwJTIwJTIwJTIwLnNjcm9sbF9ldmVudCUyMCU3QiUwQSUyMCUyMCUyMCUyMCUyMCUyMCUyMCUyMHBvc2l0aW9uJTNBJTIwZml4ZWQlM0IlMEElMjAlMjAlMjAlMjAlMjAlMjAlMjAlMjB0b3AlM0ElMjA4NyUyNSUzQiUwQSUyMCUyMCUyMCUyMCUyMCUyMCUyMCUyMGxlZnQlM0ElMjA1MCUyNSUzQiUwQSUyMCUyMCUyMCUyMCUyMCUyMCUyMCUyMHRyYW5zZm9ybSUzQSUyMHRyYW5zbGF0ZVglMjgtNTAlMjUlMjklM0IlMEElMjAlMjAlMjAlMjAlMjAlMjAlMjAlMjBwYWRkaW5nJTNBJTIwMTBweCUzQiUwQSUyMCUyMCUyMCUyMCUyMCUyMCUyMCUyMHRyYW5zaXRpb24lM0ElMjBvcGFjaXR5JTIwMC41cyUyMGVhc2UlM0IlMEElMjAlMjAlMjAlMjAlMjAlMjAlMjAlMjBvcGFjaXR5JTNBJTIwMSUzQiUwQSUyMCUyMCUyMCUyMCUyMCUyMCUyMCUyMHotaW5kZXglM0ElMjAxMDAwJTNCJTBBJTIwJTIwJTIwJTIwJTIwJTIwJTIwJTIwZGlzcGxheSUzQSUyMGZsZXglM0IlMEElMjAlMjAlMjAlMjAlMjAlMjAlMjAlMjBmbGV4LWRpcmVjdGlvbiUzQSUyMGNvbHVtbiUzQiUwQSUyMCUyMCUyMCUyMCUyMCUyMCUyMCUyMGFsaWduLWl0ZW1zJTNBJTIwY2VudGVyJTNCJTIwJTJGJTJBJTIwQ2VudHJhJTIwbGElMjBpbWFnZW4lMjB5JTIwZWwlMjB0ZXh0byUyMGhvcml6b250YWxtZW50ZSUyMCUyQSUyRiUwQSUyMCUyMCUyMCUyMCU3RCUwQSUwQSUyMCUyMCUyMCUyMC5zY3JvbGxfZXZlbnQlMjAlM0UlMjBwJTIwJTdCJTBBJTIwJTIwJTIwJTIwJTIwJTIwJTIwJTIwdGV4dC1hbGlnbiUzQSUyMGNlbnRlciUzQiUwQSUyMCUyMCUyMCUyMCUyMCUyMCUyMCUyMGNvbG9yJTNBJTIwd2hpdGUlM0IlMEElMjAlMjAlMjAlMjAlMjAlMjAlMjAlMjBtYXJnaW4lM0ElMjAwJTNCJTBBJTIwJTIwJTIwJTIwJTIwJTIwJTIwJTIwcGFkZGluZy1ib3R0b20lM0ElMjAxMHB4JTNCJTBBJTIwJTIwJTIwJTIwJTIwJTIwJTIwJTIwZm9udC13ZWlnaHQlM0ElMjA3MDAlM0IlMEElMjAlMjAlMjAlMjAlN0QlMEElMEElMjAlMjAlMjAlMjAuaGlkZGVuJTIwJTdCJTBBJTIwJTIwJTIwJTIwJTIwJTIwJTIwJTIwb3BhY2l0eSUzQSUyMDAlM0IlMEElMjAlMjAlMjAlMjAlN0QlMEElMEElMjAlMjAlMjAlMjAubW91c2Vfc2Nyb2xsJTIwJTdCJTBBJTIwJTIwJTIwJTIwJTIwJTIwJTIwJTIwbWF4LXdpZHRoJTNBJTIwMzBweCUzQiUwQSUyMCUyMCUyMCUyMCU3RCUwQSUzQyUyRnN0eWxlJTNFJTBB[\/vc_raw_html][\/vc_column][\/vc_row]<\/p>\n","protected":false},"author":1,"featured_media":0,"parent":0,"menu_order":0,"comment_status":"closed","ping_status":"closed","template":"","meta":{"_acf_changed":false,"footnotes":""},"class_list":["post-2582","page","type-page","status-publish","hentry"],"acf":[],"_links":{"self":[{"href":"https:\/\/portvellbcn.cat\/ca\/wp-json\/wp\/v2\/pages\/2582","targetHints":{"allow":["GET"]}}],"collection":[{"href":"https:\/\/portvellbcn.cat\/ca\/wp-json\/wp\/v2\/pages"}],"about":[{"href":"https:\/\/portvellbcn.cat\/ca\/wp-json\/wp\/v2\/types\/page"}],"author":[{"embeddable":true,"href":"https:\/\/portvellbcn.cat\/ca\/wp-json\/wp\/v2\/users\/1"}],"replies":[{"embeddable":true,"href":"https:\/\/portvellbcn.cat\/ca\/wp-json\/wp\/v2\/comments?post=2582"}],"version-history":[{"count":0,"href":"https:\/\/portvellbcn.cat\/ca\/wp-json\/wp\/v2\/pages\/2582\/revisions"}],"wp:attachment":[{"href":"https:\/\/portvellbcn.cat\/ca\/wp-json\/wp\/v2\/media?parent=2582"}],"curies":[{"name":"wp","href":"https:\/\/api.w.org\/{rel}","templated":true}]}}