{"id":19396,"date":"2023-07-25T12:40:14","date_gmt":"2023-07-25T10:40:14","guid":{"rendered":"https:\/\/portvellbcn.cat\/agenda-port-vell\/"},"modified":"2026-04-20T10:25:30","modified_gmt":"2026-04-20T08:25:30","slug":"agenda-port-vell","status":"publish","type":"page","link":"https:\/\/portvellbcn.cat\/ca\/agenda-port-vell\/","title":{"rendered":"Agenda Port Vell"},"content":{"rendered":"<div class=\"wpb-content-wrapper\"><p>[vc_row full_width=&#8221;stretch_row&#8221; css=&#8221;.vc_custom_1595320301702{padding-top: 60px !important;padding-bottom: 60px !important;}&#8221;][vc_column offset=&#8221;vc_col-lg-offset-2 vc_col-lg-8 vc_col-md-offset-2 vc_col-md-8&#8243;][vc_column_text css_animation=&#8221;fadeInDown&#8221; el_class=&#8221;tiuloverbig&#8221;]<\/p>\n<p style=\"text-align: center;\"><span class=\"s1\" style=\"font-size: 60px; color: #333333;\"><span style=\"font-family: 'Poppins', sans-serif; font-weight: 300; letter-spacing: 1px;\"><span style=\"line-height: 1.2em; display: inline-block; width: 100%;\"><span style=\"font-family: 'Poppins', sans-serif; font-weight: 400;\"><span style=\"font-family: 'Poppins', sans-serif; font-weight: 500;\"><span class=\"titulofuente\" style=\"font-family: 'Playfair Display', sans-serif; font-weight: 400;\">Agenda Port Vell<\/span><\/span><\/span><\/span><\/span><\/span><\/p>\n<p>[\/vc_column_text][\/vc_column][\/vc_row][vc_row bottom_padding=&#8221;50&#8243;][vc_column width=&#8221;1\/3&#8243;][vc_single_image image=&#8221;19502&#8243; img_size=&#8221;500&#215;500&#8243; alignment=&#8221;center&#8221; css=&#8221;&#8221;][vc_column_text]<\/p>\n<h3><strong>Circo de los Horrores<\/strong><\/h3>\n<p style=\"text-align: justify;\"><span style=\"font-size: 15px; color: #ff6600;\">Del 9-abr-2026 al 26-abr-2026<\/span><\/p>\n<h4><strong>Lloc: Miquel Tarradell<\/strong><\/h4>\n<p>[\/vc_column_text][\/vc_column][vc_column width=&#8221;1\/3&#8243;][vc_single_image image=&#8221;19523&#8243; img_size=&#8221;500&#215;500&#8243; alignment=&#8221;center&#8221; css=&#8221;&#8221;][vc_column_text]<\/p>\n<h3><strong>Italian Republik Festival<\/strong><\/h3>\n<p style=\"text-align: justify;\"><span style=\"font-size: 15px; color: #ff6600;\">Del 8-mai-2026 al 10-mai-2026<\/span><\/p>\n<h4><strong>Lloc: Moll Bosch i Alsina Central<\/strong><\/h4>\n<p>[\/vc_column_text][\/vc_column][vc_column width=&#8221;1\/3&#8243;][vc_single_image image=&#8221;19525&#8243; img_size=&#8221;500&#215;500&#8243; alignment=&#8221;center&#8221; css=&#8221;&#8221;][vc_column_text]<\/p>\n<h3><strong>Matsuri Japan<\/strong><\/h3>\n<p style=\"text-align: justify;\"><span style=\"font-size: 15px; color: #ff6600;\">Del 15-mai-2026 al 17-mai-2026<\/span><\/p>\n<h4><strong>Lloc: Moll de Bosch i Alsina<\/strong><\/h4>\n<p>[\/vc_column_text][\/vc_column][\/vc_row][vc_row bottom_padding=&#8221;50&#8243;][vc_column width=&#8221;1\/3&#8243;][vc_single_image image=&#8221;19532&#8243; img_size=&#8221;500&#215;500&#8243; alignment=&#8221;center&#8221; css=&#8221;&#8221;][vc_column_text]<\/p>\n<h3><strong>53\u00e8 Trofeu Conde de God\u00f3 Monotips<\/strong><\/h3>\n<p style=\"text-align: justify;\"><span style=\"font-size: 15px; color: #ff6600;\">Del 15-mai-2026 al 17-mai-2026<\/span><\/p>\n<h4><strong>Lloc: Sortida des de Port Vell i aig\u00fces de Barcelona<\/strong><\/h4>\n<p>[\/vc_column_text][\/vc_column][vc_column width=&#8221;1\/3&#8243;][vc_single_image image=&#8221;19528&#8243; img_size=&#8221;500&#215;500&#8243; alignment=&#8221;center&#8221; css=&#8221;&#8221;][vc_column_text]<\/p>\n<h3><strong>Exposici\u00f3 AMB<\/strong><\/h3>\n<p style=\"text-align: justify;\"><span style=\"font-size: 15px; color: #ff6600;\">De maig a setembre de 2026<\/span><\/p>\n<h4><strong>Lloc: Estaci\u00f3 Mar\u00edtima Drassanes<\/strong><\/h4>\n<p>[\/vc_column_text][\/vc_column][vc_column width=&#8221;1\/3&#8243;][vc_single_image image=&#8221;19566&#8243; img_size=&#8221;500&#215;500&#8243; alignment=&#8221;center&#8221; css=&#8221;&#8221;][vc_column_text]<\/p>\n<h3><strong>Festival Pelut<\/strong><\/h3>\n<p style=\"text-align: justify;\"><span style=\"font-size: 15px; color: #ff6600;\">Del 29-mai-2026 al 31-mai-2026<\/span><\/p>\n<h4><strong>Lloc: Moll de la Barceloneta<\/strong><\/h4>\n<p>[\/vc_column_text][\/vc_column][\/vc_row][vc_row bottom_padding=&#8221;50&#8243;][vc_column width=&#8221;1\/3&#8243;][vc_single_image image=&#8221;19553&#8243; img_size=&#8221;500&#215;500&#8243; alignment=&#8221;center&#8221; css=&#8221;&#8221;][vc_column_text]<\/p>\n<h3><strong>Regata RC Sailing<\/strong><\/h3>\n<p style=\"text-align: justify;\"><span style=\"font-size: 15px; color: #ff6600;\">30-mai-2026<\/span><\/p>\n<h4><strong>Lloc: Moll d&#8217;Espanya<\/strong><\/h4>\n<p>[\/vc_column_text][\/vc_column][vc_column width=&#8221;1\/3&#8243;][vc_single_image image=&#8221;19572&#8243; img_size=&#8221;500&#215;500&#8243; alignment=&#8221;center&#8221; css=&#8221;&#8221;][vc_column_text]<\/p>\n<h3><strong>Trobada geganters i grallers<\/strong><\/h3>\n<p style=\"text-align: justify;\"><span style=\"font-size: 15px; color: #ff6600;\">30-mai-2026<\/span><\/p>\n<h4><strong>Lloc: Moll de la Barceloneta<\/strong><\/h4>\n<p>[\/vc_column_text][\/vc_column][vc_column width=&#8221;1\/3&#8243;][vc_single_image image=&#8221;19539&#8243; img_size=&#8221;500&#215;500&#8243; alignment=&#8221;center&#8221; css=&#8221;&#8221;][vc_column_text]<\/p>\n<h3><strong>Vermut Lluci\u00e0 Ferrer<\/strong><\/h3>\n<p style=\"text-align: justify;\"><span style=\"font-size: 15px; color: #ff6600;\">30-mai-2026<\/span><\/p>\n<h4><strong>Lloc: Portal de la Pau<\/strong><\/h4>\n<p>[\/vc_column_text][\/vc_column][\/vc_row][vc_row bottom_padding=&#8221;50&#8243;][vc_column width=&#8221;1\/3&#8243;][vc_single_image image=&#8221;19534&#8243; img_size=&#8221;500&#215;500&#8243; alignment=&#8221;center&#8221; css=&#8221;&#8221;][vc_column_text]<\/p>\n<h3><strong>Port Obert<\/strong><\/h3>\n<p style=\"text-align: justify;\"><span style=\"font-size: 15px; color: #ff6600;\">Del 30-mai-2026 al 31-mai-2026<\/span><\/p>\n<h4><strong>Lloc: Tot el Port<\/strong><\/h4>\n<p>[\/vc_column_text][\/vc_column][vc_column width=&#8221;1\/3&#8243;][vc_single_image image=&#8221;19545&#8243; img_size=&#8221;500&#215;500&#8243; alignment=&#8221;center&#8221; css=&#8221;&#8221;][vc_column_text]<\/p>\n<h3><strong>Cursa contra el c\u00e0ncer<\/strong><\/h3>\n<p style=\"text-align: justify;\"><span style=\"font-size: 15px; color: #ff6600;\">31-mai-2026<\/span><\/p>\n<h4><strong>Lloc: Tot el Port<\/strong><\/h4>\n<p>[\/vc_column_text][\/vc_column][vc_column width=&#8221;1\/3&#8243;][vc_single_image image=&#8221;19549&#8243; img_size=&#8221;500&#215;500&#8243; alignment=&#8221;center&#8221; css=&#8221;&#8221;][vc_column_text]<\/p>\n<h3><strong>Gastrofest Cuina Catalana<\/strong><\/h3>\n<p style=\"text-align: justify;\"><span style=\"font-size: 15px; color: #ff6600;\">Del 30-mai-2026 al 31-mai-2026<\/span><\/p>\n<h4><strong>Lloc: Bosch i Alsina (Mirador)<\/strong><\/h4>\n<p>[\/vc_column_text][\/vc_column][\/vc_row][vc_row bottom_padding=&#8221;50&#8243;][vc_column width=&#8221;1\/3&#8243;][vc_single_image image=&#8221;19582&#8243; img_size=&#8221;500&#215;500&#8243; alignment=&#8221;center&#8221; css=&#8221;&#8221;][vc_column_text]<\/p>\n<h3><strong>Open de Rem<\/strong><\/h3>\n<p style=\"text-align: justify;\"><span style=\"font-size: 15px; color: #ff6600;\">30-mai-2026<\/span><\/p>\n<h4><strong>Lloc: Aig\u00fces portu\u00e0ries<\/strong><\/h4>\n<p>[\/vc_column_text][\/vc_column][vc_column width=&#8221;1\/3&#8243;][vc_single_image image=&#8221;19577&#8243; img_size=&#8221;500&#215;500&#8243; alignment=&#8221;center&#8221; css=&#8221;&#8221;][vc_column_text]<\/p>\n<h3><strong>Activaci\u00f3 rumba catalana<\/strong><\/h3>\n<p style=\"text-align: justify;\"><span style=\"font-size: 15px; color: #ff6600;\">Del 29-mai-2026 al 31-mai-2026<\/span><\/p>\n<h4><strong>Lloc: Moll de la Barceloneta<\/strong><\/h4>\n<p>[\/vc_column_text][\/vc_column][vc_column width=&#8221;1\/3&#8243;][vc_single_image image=&#8221;19563&#8243; img_size=&#8221;500&#215;500&#8243; alignment=&#8221;center&#8221; css=&#8221;&#8221;][vc_column_text]<\/p>\n<h3><strong>53\u00e8 Trofeu Conde de God\u00f3 Creuers<\/strong><\/h3>\n<p style=\"text-align: justify;\"><span style=\"font-size: 15px; color: #ff6600;\">De maig a setembre de 2026<\/span><\/p>\n<h4><strong>Lloc: Sortida des de Port Vell i aig\u00fces de Barcelona<\/strong><\/h4>\n<p>[\/vc_column_text][\/vc_column][\/vc_row][vc_row bottom_padding=&#8221;50&#8243;][vc_column width=&#8221;1\/3&#8243;][vc_single_image image=&#8221;19584&#8243; img_size=&#8221;500&#215;500&#8243; alignment=&#8221;center&#8221; css=&#8221;&#8221;][vc_column_text]<\/p>\n<h3><strong>Festival BlauMar\u00ed Music Port Vell<\/strong><\/h3>\n<p style=\"text-align: justify;\"><span style=\"font-size: 15px; color: #ff6600;\">Juny de 2026<\/span><\/p>\n<h4><strong>Lloc: Moll de Barcelona<\/strong><\/h4>\n<p>[\/vc_column_text][\/vc_column][vc_column width=&#8221;1\/3&#8243;][vc_single_image image=&#8221;18065&#8243; img_size=&#8221;500&#215;500&#8243; alignment=&#8221;center&#8221; css=&#8221;&#8221;][vc_column_text]<\/p>\n<h3><strong>Meat &amp; Fire<\/strong><\/h3>\n<p style=\"text-align: justify;\"><span style=\"font-size: 15px; color: #ff6600;\">Del 12-jun-2026 al 14-jun-2026<\/span><\/p>\n<h4><strong>Lloc: Moll Bosch i Alsina (Central)<\/strong><\/h4>\n<p>[\/vc_column_text][\/vc_column][vc_column width=&#8221;1\/3&#8243;][vc_single_image image=&#8221;8126&#8243; img_size=&#8221;500&#215;500&#8243; alignment=&#8221;center&#8221; css=&#8221;&#8221;][vc_column_text]<\/p>\n<h3><strong>Lost &amp; Found<\/strong><\/h3>\n<p style=\"text-align: justify;\"><span style=\"font-size: 15px; color: #ff6600;\">21-jun-2026<\/span><\/p>\n<h4><strong>Lloc: Pla\u00e7a del Mar<\/strong><\/h4>\n<p>[\/vc_column_text][\/vc_column][\/vc_row][vc_row bottom_padding=&#8221;50&#8243;][vc_column width=&#8221;1\/3&#8243;][vc_single_image image=&#8221;19593&#8243; img_size=&#8221;500&#215;500&#8243; alignment=&#8221;center&#8221; css=&#8221;&#8221;][vc_column_text]<\/p>\n<h3><strong>Festejajuny<\/strong><\/h3>\n<p style=\"text-align: justify;\"><span style=\"font-size: 15px; color: #ff6600;\">Juny de 2026<\/span><\/p>\n<h4><strong>Lloc: Pla\u00e7a del Mar<\/strong><\/h4>\n<p>[\/vc_column_text][\/vc_column][vc_column width=&#8221;1\/3&#8243;][vc_single_image image=&#8221;19599&#8243; img_size=&#8221;500&#215;500&#8243; alignment=&#8221;center&#8221; css=&#8221;&#8221;][vc_column_text]<\/p>\n<h3><strong>N\u00f2ria Panor\u00e0mica<\/strong><\/h3>\n<p style=\"text-align: justify;\"><span style=\"font-size: 15px; color: #ff6600;\">De juny a setembre de 2026<\/span><\/p>\n<h4><strong>Lloc: Nou espai Nova Bocana<\/strong><\/h4>\n<p>[\/vc_column_text][\/vc_column][vc_column width=&#8221;1\/3&#8243;][vc_single_image image=&#8221;19584&#8243; img_size=&#8221;500&#215;500&#8243; alignment=&#8221;center&#8221; css=&#8221;&#8221;][vc_column_text]<\/p>\n<h3><strong>Mini Festival BlauMar\u00ed Music Port Vell<\/strong><\/h3>\n<p style=\"text-align: justify;\"><span style=\"font-size: 15px; color: #ff6600;\">Juliol de 2026<\/span><\/p>\n<h4><strong>Lloc: Moll de Barcelona<\/strong><\/h4>\n<p>[\/vc_column_text][\/vc_column][\/vc_row][vc_row bottom_padding=&#8221;50&#8243;][vc_column width=&#8221;1\/3&#8243;][vc_single_image image=&#8221;19601&#8243; img_size=&#8221;500&#215;500&#8243; alignment=&#8221;center&#8221; css=&#8221;&#8221;][vc_column_text]<\/p>\n<h3><strong>Regata Puig Vela Cl\u00e0ssica<\/strong><\/h3>\n<p style=\"text-align: justify;\"><span style=\"font-size: 15px; color: #ff6600;\">Del 8-jul-2026 al 11-jul-2026<\/span><\/p>\n<h4><strong>Lloc: Sortida des de Port Vell i aig\u00fces de Barcelona<\/strong><\/h4>\n<p>[\/vc_column_text][\/vc_column][vc_column width=&#8221;1\/3&#8243;][vc_single_image image=&#8221;19610&#8243; img_size=&#8221;500&#215;500&#8243; alignment=&#8221;center&#8221; css=&#8221;&#8221;][vc_column_text]<\/p>\n<h3><strong>J70 European Championship<\/strong><\/h3>\n<p style=\"text-align: justify;\"><span style=\"font-size: 15px; color: #ff6600;\">Del 18-jul-2026 al 25-jul-2026<\/span><\/p>\n<h4><strong>Lloc: Bosch i Alsina (Mirador, Dret i Voramoll)<\/strong><\/h4>\n<p>[\/vc_column_text][\/vc_column][vc_column width=&#8221;1\/3&#8243;][vc_single_image image=&#8221;19615&#8243; img_size=&#8221;500&#215;500&#8243; alignment=&#8221;center&#8221; css=&#8221;&#8221;][vc_column_text]<\/p>\n<h3><strong>Cl\u00e0ssica a la Platja<\/strong><\/h3>\n<p style=\"text-align: justify;\"><span style=\"font-size: 15px; color: #ff6600;\">Juliol de 2026<\/span><\/p>\n<h4><strong>Lloc: Platja Nova Bocana<\/strong><\/h4>\n<p>[\/vc_column_text][\/vc_column][\/vc_row][vc_row bottom_padding=&#8221;50&#8243;][vc_column width=&#8221;1\/3&#8243;][vc_single_image image=&#8221;19613&#8243; img_size=&#8221;500&#215;500&#8243; alignment=&#8221;center&#8221; css=&#8221;&#8221;][vc_column_text]<\/p>\n<h3><strong>Process\u00f3 de la Mare de D\u00e9u del Carme<\/strong><\/h3>\n<p style=\"text-align: justify;\"><span style=\"font-size: 15px; color: #ff6600;\">Juliol de 2026<\/span><\/p>\n<h4><strong>Lloc: Moll de Barcelona i Moll dels Pescadors<\/strong><\/h4>\n<p>[\/vc_column_text][\/vc_column][vc_column width=&#8221;1\/3&#8243;][vc_single_image image=&#8221;8126&#8243; img_size=&#8221;500&#215;500&#8243; alignment=&#8221;center&#8221; css=&#8221;&#8221;][vc_column_text]<\/p>\n<h3><strong>Lost &amp; Found<\/strong><\/h3>\n<p style=\"text-align: justify;\"><span style=\"font-size: 15px; color: #ff6600;\">13-set-2026<\/span><\/p>\n<h4><strong>Lloc: Pla\u00e7a del Mar<\/strong><\/h4>\n<p>[\/vc_column_text][\/vc_column][vc_column width=&#8221;1\/3&#8243;][vc_single_image image=&#8221;19620&#8243; img_size=&#8221;500&#215;500&#8243; alignment=&#8221;center&#8221; css=&#8221;&#8221;][vc_column_text]<\/p>\n<h3><strong>Festival Thai<\/strong><\/h3>\n<p style=\"text-align: justify;\"><span style=\"font-size: 15px; color: #ff6600;\">del 19-set-2026 al 20-set-2026<\/span><\/p>\n<h4><strong>Lloc: Rosa dels Vents<\/strong><\/h4>\n<p>[\/vc_column_text][\/vc_column][\/vc_row][vc_row bottom_padding=&#8221;50&#8243;][vc_column width=&#8221;1\/3&#8243;][vc_single_image image=&#8221;19623&#8243; img_size=&#8221;500&#215;500&#8243; alignment=&#8221;center&#8221; css=&#8221;&#8221;][vc_column_text]<\/p>\n<h3><strong>Festa Major de la Barceloneta<\/strong><\/h3>\n<p style=\"text-align: justify;\"><span style=\"font-size: 15px; color: #ff6600;\">Setembre de 2026<\/span><\/p>\n<h4><strong>Lloc: Passeig de Joan de Borb\u00f3<\/strong><\/h4>\n<p>[\/vc_column_text][\/vc_column][vc_column width=&#8221;1\/3&#8243;][vc_single_image image=&#8221;19629&#8243; img_size=&#8221;500&#215;500&#8243; alignment=&#8221;center&#8221; css=&#8221;&#8221;][vc_column_text]<\/p>\n<h3><strong>Festa Major de la Barceloneta \/ Sardanes<\/strong><\/h3>\n<p style=\"text-align: justify;\"><span style=\"font-size: 15px; color: #ff6600;\">Setembre de 2026<\/span><\/p>\n<h4><strong>Lloc: Pla\u00e7a del Mar<\/strong><\/h4>\n<p>[\/vc_column_text][\/vc_column][vc_column width=&#8221;1\/3&#8243;][vc_single_image image=&#8221;19627&#8243; img_size=&#8221;500&#215;500&#8243; alignment=&#8221;center&#8221; css=&#8221;&#8221;][vc_column_text]<\/p>\n<h3><strong>Festes de la Merc\u00e8<\/strong><\/h3>\n<p style=\"text-align: justify;\"><span style=\"font-size: 15px; color: #ff6600;\">Del 23-set-2026 al 27-set-2026<\/span><\/p>\n<h4><strong>Lloc: Moll de Bosch i Alsina, Portal de la Pau<\/strong><\/h4>\n<p>[\/vc_column_text][\/vc_column][\/vc_row][vc_row bottom_padding=&#8221;50&#8243;][vc_column width=&#8221;1\/3&#8243;][vc_single_image image=&#8221;19631&#8243; img_size=&#8221;500&#215;500&#8243; alignment=&#8221;center&#8221; css=&#8221;&#8221;][vc_column_text]<\/p>\n<h3><strong>AutoArtWorld<\/strong><\/h3>\n<p style=\"text-align: justify;\"><span style=\"font-size: 15px; color: #ff6600;\">del 24-set-2026 al 27-set-2026<\/span><\/p>\n<h4><strong>Lloc: Drassanes<\/strong><\/h4>\n<p>[\/vc_column_text][\/vc_column][vc_column width=&#8221;1\/3&#8243;][vc_single_image image=&#8221;8227&#8243; img_size=&#8221;500&#215;500&#8243; alignment=&#8221;center&#8221; css=&#8221;&#8221;][vc_column_text]<\/p>\n<h3><strong>Trofeu Internacional de Rem<\/strong><\/h3>\n<p style=\"text-align: justify;\"><span style=\"font-size: 15px; color: #ff6600;\">3-oct-2026<\/span><\/p>\n<h4><strong>Lloc: D\u00e0rsena Nacional<\/strong><\/h4>\n<p>[\/vc_column_text][\/vc_column][vc_column width=&#8221;1\/3&#8243;][vc_single_image image=&#8221;6558&#8243; img_size=&#8221;500&#215;500&#8243; alignment=&#8221;center&#8221; css=&#8221;&#8221;][vc_column_text]<\/p>\n<h3><strong>Travessia nedant al Port<\/strong><\/h3>\n<p style=\"text-align: justify;\"><span style=\"font-size: 15px; color: #ff6600;\">3-oct-2026<\/span><\/p>\n<h4><strong>Lloc: Aig\u00fces del port i Bosch i Alsina<\/strong><\/h4>\n<p>[\/vc_column_text][\/vc_column][\/vc_row][vc_row bottom_padding=&#8221;50&#8243;][vc_column width=&#8221;1\/3&#8243;][vc_single_image image=&#8221;19635&#8243; img_size=&#8221;500&#215;500&#8243; alignment=&#8221;center&#8221; css=&#8221;&#8221;][vc_column_text]<\/p>\n<h3><strong>Sal\u00f3 N\u00e0utic<\/strong><\/h3>\n<p style=\"text-align: justify;\"><span style=\"font-size: 15px; color: #ff6600;\">Del 14-oct-2026 al 18-oct-2026<\/span><\/p>\n<h4><strong>Lloc: Tot el Port Vell<\/strong><\/h4>\n<p>[\/vc_column_text][\/vc_column][vc_column width=&#8221;1\/3&#8243;][vc_single_image image=&#8221;19514&#8243; img_size=&#8221;500&#215;500&#8243; alignment=&#8221;center&#8221; css=&#8221;&#8221;][vc_column_text]<\/p>\n<h3><strong>080 Fashion Week<\/strong><\/h3>\n<p style=\"text-align: justify;\"><span style=\"font-size: 15px; color: #ff6600;\">del 15-oct-2026 al 18-oct-2026<\/span><\/p>\n<h4><strong>Lloc: Marina Vela, Tinglados, Rambla Rompeolas<\/strong><\/h4>\n<p>[\/vc_column_text][\/vc_column][vc_column width=&#8221;1\/3&#8243;][vc_single_image image=&#8221;19517&#8243; img_size=&#8221;500&#215;500&#8243; alignment=&#8221;center&#8221; css=&#8221;&#8221;][vc_column_text]<\/p>\n<h3><strong>All Those Food Market<\/strong><\/h3>\n<p style=\"text-align: justify;\"><span style=\"font-size: 15px; color: #ff6600;\">del 31-oct-2026 al 1-nov-2026<\/span><\/p>\n<h4><strong>Lloc: Moll de Bosch i Alsina (Central)<\/strong><\/h4>\n<p>[\/vc_column_text][\/vc_column][\/vc_row][vc_row bottom_padding=&#8221;50&#8243;][vc_column width=&#8221;1\/3&#8243;][vc_single_image image=&#8221;19637&#8243; img_size=&#8221;500&#215;500&#8243; alignment=&#8221;center&#8221; css=&#8221;&#8221;][vc_column_text]<\/p>\n<h3><strong>Pedaleja<\/strong><\/h3>\n<p style=\"text-align: justify;\"><span style=\"font-size: 15px; color: #ff6600;\">Octubre de 2026<\/span><\/p>\n<h4><strong>Lloc: Rosa dels Vents<\/strong><\/h4>\n<p>[\/vc_column_text][\/vc_column][vc_column width=&#8221;1\/3&#8243;][vc_single_image image=&#8221;19645&#8243; img_size=&#8221;500&#215;500&#8243; alignment=&#8221;center&#8221; css=&#8221;&#8221;][vc_column_text]<\/p>\n<h3><strong>Regata de loles<\/strong><\/h3>\n<p style=\"text-align: justify;\"><span style=\"font-size: 15px; color: #ff6600;\">7-nov-2026<\/span><\/p>\n<h4><strong>Lloc: Moll de Bosch i Alsina (Central)<\/strong><\/h4>\n<p>[\/vc_column_text][\/vc_column][vc_column width=&#8221;1\/3&#8243;][vc_single_image image=&#8221;14678&#8243; img_size=&#8221;500&#215;500&#8243; alignment=&#8221;center&#8221; css=&#8221;&#8221;][vc_column_text]<\/p>\n<h3><strong>Nadal al Port<\/strong><\/h3>\n<p style=\"text-align: justify;\"><span style=\"font-size: 15px; color: #ff6600;\">Novembre de 2026<\/span><\/p>\n<h4><strong>Lloc: Tot el Port Vell<\/strong><\/h4>\n<p>[\/vc_column_text][\/vc_column][\/vc_row][vc_row bottom_padding=&#8221;50&#8243;][vc_column width=&#8221;1\/3&#8243;][vc_single_image image=&#8221;8822&#8243; img_size=&#8221;500&#215;500&#8243; alignment=&#8221;center&#8221; css=&#8221;&#8221;][vc_column_text]<\/p>\n<h3><strong>Fira de Nadal<\/strong><\/h3>\n<p style=\"text-align: justify;\"><span style=\"font-size: 15px; color: #ff6600;\">Novembre de 2026<\/span><\/p>\n<h4><strong>Lloc: Moll de Bosch i Alsina, Drassanes<\/strong><\/h4>\n<p>[\/vc_column_text][\/vc_column][vc_column width=&#8221;1\/3&#8243;][vc_single_image image=&#8221;19642&#8243; img_size=&#8221;500&#215;500&#8243; alignment=&#8221;center&#8221; css=&#8221;&#8221;][vc_column_text]<\/p>\n<h3><strong>Raluy Legacy<\/strong><\/h3>\n<p style=\"text-align: justify;\"><span style=\"font-size: 15px; color: #ff6600;\">Desembre de 2026<\/span><\/p>\n<h4><strong>Lloc: Moll de la Barceloneta<\/strong><\/h4>\n<p>[\/vc_column_text][\/vc_column][vc_column width=&#8221;1\/3&#8243;][vc_single_image image=&#8221;8120&#8243; img_size=&#8221;500&#215;500&#8243; alignment=&#8221;center&#8221; css=&#8221;&#8221;][vc_column_text]<\/p>\n<h3><strong>Copa Nadal<\/strong><\/h3>\n<p style=\"text-align: justify;\"><span style=\"font-size: 15px; color: #ff6600;\">25-des-2026<\/span><\/p>\n<h4><strong>Lloc: Portal de la Pau i aig\u00fces<\/strong><\/h4>\n<p>[\/vc_column_text][\/vc_column][\/vc_row]<\/p>\n<\/div>","protected":false},"excerpt":{"rendered":"<p>[vc_row full_width=&#8221;stretch_row&#8221; css=&#8221;.vc_custom_1595320301702{padding-top: 60px !important;padding-bottom: 60px !important;}&#8221;][vc_column offset=&#8221;vc_col-lg-offset-2 vc_col-lg-8 vc_col-md-offset-2 vc_col-md-8&#8243;][vc_column_text css_animation=&#8221;fadeInDown&#8221; el_class=&#8221;tiuloverbig&#8221;] Agenda Port Vell [\/vc_column_text][\/vc_column][\/vc_row][vc_row bottom_padding=&#8221;50&#8243;][vc_column width=&#8221;1\/3&#8243;][vc_single_image image=&#8221;19502&#8243; img_size=&#8221;500&#215;500&#8243; alignment=&#8221;center&#8221; css=&#8221;&#8221;][vc_column_text] Circo de los Horrores Del 9-abr-2026 al 26-abr-2026 Lloc: Miquel Tarradell [\/vc_column_text][\/vc_column][vc_column width=&#8221;1\/3&#8243;][vc_single_image image=&#8221;19523&#8243; img_size=&#8221;500&#215;500&#8243; alignment=&#8221;center&#8221; css=&#8221;&#8221;][vc_column_text] Italian Republik Festival Del 8-mai-2026 al 10-mai-2026 Lloc: Moll Bosch i Alsina Central [\/vc_column_text][\/vc_column][vc_column width=&#8221;1\/3&#8243;][vc_single_image image=&#8221;19525&#8243; img_size=&#8221;500&#215;500&#8243; alignment=&#8221;center&#8221; css=&#8221;&#8221;][vc_column_text] Matsuri Japan Del 15-mai-2026 al 17-mai-2026 Lloc: Moll de Bosch i Alsina [\/vc_column_text][\/vc_column][\/vc_row][vc_row bottom_padding=&#8221;50&#8243;][vc_column width=&#8221;1\/3&#8243;][vc_single_image image=&#8221;19532&#8243; img_size=&#8221;500&#215;500&#8243; alignment=&#8221;center&#8221; css=&#8221;&#8221;][vc_column_text] 53\u00e8 Trofeu Conde de God\u00f3 Monotips Del 15-mai-2026 al 17-mai-2026 Lloc: Sortida des de Port Vell i aig\u00fces de Barcelona [\/vc_column_text][\/vc_column][vc_column width=&#8221;1\/3&#8243;][vc_single_image image=&#8221;19528&#8243; img_size=&#8221;500&#215;500&#8243; alignment=&#8221;center&#8221; css=&#8221;&#8221;][vc_column_text] Exposici\u00f3 AMB De maig a setembre de 2026 Lloc: Estaci\u00f3 Mar\u00edtima Drassanes [\/vc_column_text][\/vc_column][vc_column width=&#8221;1\/3&#8243;][vc_single_image image=&#8221;19566&#8243; img_size=&#8221;500&#215;500&#8243; alignment=&#8221;center&#8221; css=&#8221;&#8221;][vc_column_text] Festival Pelut Del 29-mai-2026 al 31-mai-2026 Lloc: Moll de la Barceloneta [\/vc_column_text][\/vc_column][\/vc_row][vc_row bottom_padding=&#8221;50&#8243;][vc_column width=&#8221;1\/3&#8243;][vc_single_image image=&#8221;19553&#8243; img_size=&#8221;500&#215;500&#8243; alignment=&#8221;center&#8221; css=&#8221;&#8221;][vc_column_text] Regata RC Sailing 30-mai-2026 Lloc: Moll d&#8217;Espanya [\/vc_column_text][\/vc_column][vc_column width=&#8221;1\/3&#8243;][vc_single_image image=&#8221;19572&#8243; img_size=&#8221;500&#215;500&#8243; alignment=&#8221;center&#8221; css=&#8221;&#8221;][vc_column_text] Trobada geganters i grallers 30-mai-2026 Lloc: Moll de la Barceloneta [\/vc_column_text][\/vc_column][vc_column width=&#8221;1\/3&#8243;][vc_single_image image=&#8221;19539&#8243; img_size=&#8221;500&#215;500&#8243; alignment=&#8221;center&#8221; css=&#8221;&#8221;][vc_column_text] Vermut Lluci\u00e0 Ferrer 30-mai-2026 Lloc: Portal de la Pau [\/vc_column_text][\/vc_column][\/vc_row][vc_row bottom_padding=&#8221;50&#8243;][vc_column width=&#8221;1\/3&#8243;][vc_single_image image=&#8221;19534&#8243; img_size=&#8221;500&#215;500&#8243; alignment=&#8221;center&#8221; css=&#8221;&#8221;][vc_column_text] Port Obert Del 30-mai-2026 al 31-mai-2026 Lloc: Tot el Port [\/vc_column_text][\/vc_column][vc_column width=&#8221;1\/3&#8243;][vc_single_image image=&#8221;19545&#8243; img_size=&#8221;500&#215;500&#8243; alignment=&#8221;center&#8221; [&hellip;]<\/p>\n","protected":false},"author":1,"featured_media":0,"parent":0,"menu_order":0,"comment_status":"closed","ping_status":"closed","template":"","meta":{"_acf_changed":false,"footnotes":""},"class_list":["post-19396","page","type-page","status-publish","hentry"],"acf":[],"_links":{"self":[{"href":"https:\/\/portvellbcn.cat\/ca\/wp-json\/wp\/v2\/pages\/19396","targetHints":{"allow":["GET"]}}],"collection":[{"href":"https:\/\/portvellbcn.cat\/ca\/wp-json\/wp\/v2\/pages"}],"about":[{"href":"https:\/\/portvellbcn.cat\/ca\/wp-json\/wp\/v2\/types\/page"}],"author":[{"embeddable":true,"href":"https:\/\/portvellbcn.cat\/ca\/wp-json\/wp\/v2\/users\/1"}],"replies":[{"embeddable":true,"href":"https:\/\/portvellbcn.cat\/ca\/wp-json\/wp\/v2\/comments?post=19396"}],"version-history":[{"count":4,"href":"https:\/\/portvellbcn.cat\/ca\/wp-json\/wp\/v2\/pages\/19396\/revisions"}],"predecessor-version":[{"id":19670,"href":"https:\/\/portvellbcn.cat\/ca\/wp-json\/wp\/v2\/pages\/19396\/revisions\/19670"}],"wp:attachment":[{"href":"https:\/\/portvellbcn.cat\/ca\/wp-json\/wp\/v2\/media?parent=19396"}],"curies":[{"name":"wp","href":"https:\/\/api.w.org\/{rel}","templated":true}]}}