{"id":14060,"date":"2023-07-25T14:07:28","date_gmt":"2023-07-25T12:07:28","guid":{"rendered":"https:\/\/portvellbcn.cat\/?page_id=14060"},"modified":"2024-09-06T13:10:33","modified_gmt":"2024-09-06T11:10:33","slug":"rodatges-i-sessions","status":"publish","type":"page","link":"https:\/\/portvellbcn.cat\/ca\/rodatges-i-sessions\/","title":{"rendered":"Rodatges i sessions"},"content":{"rendered":"<div class=\"wpb-content-wrapper\"><p>[vc_row type=&#8221;full_width_section&#8221; top_padding=&#8221;100&#8243; full_width=&#8221;stretch_row&#8221; css=&#8221;.vc_custom_1615275997084{padding-top: 60px !important;padding-bottom: 60px !important;}&#8221;][vc_column width=&#8221;1\/6&#8243;][\/vc_column][vc_column width=&#8221;2\/3&#8243;][vc_column_text]<\/p>\n<p style=\"text-align: center; letter-spacing: 4px;\"><span style=\"color: #999999; font-size: 14px; letter-spacing: 4px;\">RODATGES I SESSIONS<\/span><\/p>\n<p>[\/vc_column_text][vc_column_text]<\/p>\n<p style=\"text-align: center;\"><span class=\"s1\" style=\"font-size: 60px; color: #333333;\"><span style=\"font-family: 'Poppins', sans-serif; font-weight: 300; letter-spacing: 1px;\"><span style=\"line-height: 1.2em; display: inline-block; width: 100%;\"><span style=\"font-family: 'Poppins', sans-serif; font-weight: 400;\"><span style=\"font-family: 'Poppins', sans-serif; font-weight: 500;\"><span class=\"titulofuente\" style=\"font-family: 'Playfair Display', sans-serif; font-weight: 400;\">Un rodatge o una sessi\u00f3 de fotos al Port Vell<\/span><\/span><\/span><\/span><\/span><\/span><\/p>\n<p>[\/vc_column_text][vc_zigzag color=&#8221;sandy_brown&#8221; el_width=&#8221;10&#8243;][\/vc_column][vc_column width=&#8221;1\/6&#8243;][\/vc_column][\/vc_row][vc_row type=&#8221;full_width_section&#8221; top_padding=&#8221;50&#8243; full_width=&#8221;stretch_row_content&#8221; columns_placement=&#8221;stretch&#8221; equal_height=&#8221;yes&#8221; css=&#8221;.vc_custom_1595315379961{padding-top: -10px !important;background-color: #f7f7f7 !important;}&#8221;][vc_column bg_color=&#8221;#e5e5e5&#8243; column_padding=&#8221;padding-7&#8243; text_align=&#8221;center&#8221; css_animation=&#8221;fadeInLeft&#8221; css=&#8221;.vc_custom_1609833150258{margin-right: 10% !important;margin-left: 10% !important;padding-top: 90px !important;padding-bottom: 90px !important;}&#8221; offset=&#8221;vc_col-lg-6 vc_col-md-6&#8243; width=&#8221;1\/2&#8243;]<div class=\"spacer\" style=\"height: 100px;\"><\/div>[vc_column_text]<\/p>\n<p style=\"text-align: justify;\"><span style=\"font-size: 15px;\">El Port Vell ha estat i \u00e9s un plat\u00f3 immillorable a Barcelona.<br \/>\nTant els rodatges publicitaris com els llargmetratges troben espais \u00fanics I f\u00e0cils per a treballar. Pel\u00b7l\u00edcules de gran renom com \u201cVicky Cristina Barcelona\u201d, \u201cBarcelona Ciutat Neutral\u201d, \u201cEl Perfum\u201d, las \u201cCheetah Girls\u201d, \u201cThe Gunman\u201d etc\u2026 o sessions publicit\u00e0ries de roba, autom\u00f2bils etc.. son exemples de la gran projecci\u00f3 que aporta el Port Vell.<\/span><\/p>\n<p>[\/vc_column_text]<a href=\"https:\/\/portvellbcn.cat\/formulari-filmacions-fotografia-basecamp\/\" target=\"_self\" class=\"button orange large \" style=\"border-radius: 20px;\">Emplena el formulari F01<\/a>[\/vc_column][vc_column bg_image=&#8221;6753&#8243; css_animation=&#8221;fadeInRight&#8221; css=&#8221;.vc_custom_1614941153493{padding-top: 200px !important;padding-bottom: 200px !important;background-image: url(https:\/\/portvellbcn.cat\/wp-content\/uploads\/2020\/11\/Barceloneta.png?id=7012) !important;background-position: center !important;background-repeat: no-repeat !important;background-size: cover !important;}&#8221; offset=&#8221;vc_col-lg-6 vc_col-md-6&#8243; width=&#8221;1\/2&#8243;]<div class=\"spacer\" style=\"height: 595px;\"><\/div>[\/vc_column][\/vc_row]<\/p>\n<\/div>","protected":false},"excerpt":{"rendered":"<p>[vc_row type=&#8221;full_width_section&#8221; top_padding=&#8221;100&#8243; full_width=&#8221;stretch_row&#8221; css=&#8221;.vc_custom_1615275997084{padding-top: 60px !important;padding-bottom: 60px !important;}&#8221;][vc_column width=&#8221;1\/6&#8243;][\/vc_column][vc_column width=&#8221;2\/3&#8243;][vc_column_text] RODATGES I SESSIONS [\/vc_column_text][vc_column_text] Un rodatge o una sessi\u00f3 de fotos al Port Vell [\/vc_column_text][vc_zigzag color=&#8221;sandy_brown&#8221; el_width=&#8221;10&#8243;][\/vc_column][vc_column width=&#8221;1\/6&#8243;][\/vc_column][\/vc_row][vc_row type=&#8221;full_width_section&#8221; top_padding=&#8221;50&#8243; full_width=&#8221;stretch_row_content&#8221; columns_placement=&#8221;stretch&#8221; equal_height=&#8221;yes&#8221; css=&#8221;.vc_custom_1595315379961{padding-top: -10px !important;background-color: #f7f7f7 !important;}&#8221;][vc_column bg_color=&#8221;#e5e5e5&#8243; column_padding=&#8221;padding-7&#8243; text_align=&#8221;center&#8221; css_animation=&#8221;fadeInLeft&#8221; css=&#8221;.vc_custom_1609833150258{margin-right: 10% !important;margin-left: 10% !important;padding-top: 90px !important;padding-bottom: 90px !important;}&#8221; offset=&#8221;vc_col-lg-6 vc_col-md-6&#8243; width=&#8221;1\/2&#8243;][vc_column_text] El Port Vell ha estat i \u00e9s un plat\u00f3 immillorable a Barcelona. Tant els rodatges publicitaris com els llargmetratges troben espais \u00fanics I f\u00e0cils per a treballar. Pel\u00b7l\u00edcules de gran renom com \u201cVicky Cristina Barcelona\u201d, \u201cBarcelona Ciutat Neutral\u201d, \u201cEl Perfum\u201d, las \u201cCheetah Girls\u201d, \u201cThe Gunman\u201d etc\u2026 o sessions publicit\u00e0ries de roba, autom\u00f2bils etc.. son exemples de la gran projecci\u00f3 que aporta el Port Vell. [\/vc_column_text][\/vc_column][vc_column bg_image=&#8221;6753&#8243; css_animation=&#8221;fadeInRight&#8221; css=&#8221;.vc_custom_1614941153493{padding-top: 200px !important;padding-bottom: 200px !important;background-image: url(https:\/\/portvellbcn.cat\/wp-content\/uploads\/2020\/11\/Barceloneta.png?id=7012) !important;background-position: center !important;background-repeat: no-repeat !important;background-size: cover !important;}&#8221; offset=&#8221;vc_col-lg-6 vc_col-md-6&#8243; width=&#8221;1\/2&#8243;][\/vc_column][\/vc_row]<\/p>\n","protected":false},"author":1,"featured_media":0,"parent":0,"menu_order":0,"comment_status":"closed","ping_status":"closed","template":"","meta":{"_acf_changed":false,"footnotes":""},"class_list":["post-14060","page","type-page","status-publish","hentry"],"acf":[],"_links":{"self":[{"href":"https:\/\/portvellbcn.cat\/ca\/wp-json\/wp\/v2\/pages\/14060","targetHints":{"allow":["GET"]}}],"collection":[{"href":"https:\/\/portvellbcn.cat\/ca\/wp-json\/wp\/v2\/pages"}],"about":[{"href":"https:\/\/portvellbcn.cat\/ca\/wp-json\/wp\/v2\/types\/page"}],"author":[{"embeddable":true,"href":"https:\/\/portvellbcn.cat\/ca\/wp-json\/wp\/v2\/users\/1"}],"replies":[{"embeddable":true,"href":"https:\/\/portvellbcn.cat\/ca\/wp-json\/wp\/v2\/comments?post=14060"}],"version-history":[{"count":0,"href":"https:\/\/portvellbcn.cat\/ca\/wp-json\/wp\/v2\/pages\/14060\/revisions"}],"wp:attachment":[{"href":"https:\/\/portvellbcn.cat\/ca\/wp-json\/wp\/v2\/media?parent=14060"}],"curies":[{"name":"wp","href":"https:\/\/api.w.org\/{rel}","templated":true}]}}