{"id":10042,"date":"2021-06-15T12:45:06","date_gmt":"2021-06-15T10:45:06","guid":{"rendered":"https:\/\/portvellbcn.cat\/?page_id=10042"},"modified":"2024-10-14T09:17:49","modified_gmt":"2024-10-14T07:17:49","slug":"lideratge-en-economia-blava","status":"publish","type":"page","link":"https:\/\/portvellbcn.cat\/ca\/lideratge-en-economia-blava\/","title":{"rendered":"Lideratge en Economia Blava"},"content":{"rendered":"<div class=\"wpb-content-wrapper\"><p>[vc_row][vc_column width=&#8221;1\/1&#8243;][vc_empty_space height=&#8221;120&#8243;][\/vc_column][\/vc_row][vc_row][vc_column el_class=&#8221;fuera&#8221; width=&#8221;1\/4&#8243;][\/vc_column][vc_column width=&#8221;1\/2&#8243;][vc_column_text el_class=&#8221;QuiEts&#8221;]<\/p>\n<p style=\"text-align: center;\"><span style=\"font-size: 60px; color: #333333; line-height: 1.2em;\"><span class=\"titulofuente\" style=\"font-family: 'Playfair Display', sans-serif; font-weight: 400;\">Lideratge en<br \/>\neconomia blava<\/span><\/span><\/p>\n<p>[\/vc_column_text][vc_zigzag color=&#8221;sandy_brown&#8221; el_width=&#8221;20&#8243;][\/vc_column][vc_column el_class=&#8221;fuera&#8221; width=&#8221;1\/4&#8243;][\/vc_column][\/vc_row][vc_row][vc_column width=&#8221;1\/1&#8243;][vc_empty_space height=&#8221;120&#8243;][\/vc_column][\/vc_row][vc_row type=&#8221;full_width_section&#8221; bg_color=&#8221;#f4f4f4&#8243; top_padding=&#8221;0&#8243;][vc_column bg_image=&#8221;10095&#8243; column_center=&#8221;true&#8221; width=&#8221;1\/2&#8243;]<div class=\"spacer\" style=\"height: 650px;\"><\/div>[\/vc_column][vc_column column_padding=&#8221;padding-5&#8243; width=&#8221;1\/2&#8243;][vc_column_text]<\/p>\n<p style=\"text-align: justify;\"><span style=\"font-size: 14px;\">L\u2019Economia Blava \u00e9s un sector d\u2019activitat, impulsat per l\u2019UE, en el marc de l\u2019Economia per a la Sostenibilitat i dels ODS fixats a l\u2019Agenda 2030 de les Nacions Unides, que representa el conjunt d\u2019activitats econ\u00f2miques vinculades amb els \u00e0mbits aqu\u00e0tics.<\/span><\/p>\n<p style=\"text-align: justify;\"><span style=\"font-size: 14px;\">Entre els principals subsectors de l\u2019Economia Blava destaquen les activitats portu\u00e0ries, el transport mar\u00edtim, la construcci\u00f3 i reparaci\u00f3 de iots, la pesca i la seva activitat majorista, els centres n\u00e0utics, la formaci\u00f3 i la recerca, aix\u00ed com la sensibilitzaci\u00f3 i el coneixement de l\u2019\u00e0mbit mar\u00ed.<\/span><\/p>\n<p style=\"text-align: justify;\"><span style=\"font-size: 14px;\">A Barcelona, espec\u00edficament, aquest sector ja aglutina m\u00e9s de 1.300 operadors, genera m\u00e9s de 15.000 llocs de treball, i t\u00e9 un volum de facturaci\u00f3 global proper als 4.000 milions d\u2019euros.<\/span><\/p>\n<p style=\"text-align: justify;\"><span style=\"font-size: 14px;\">La major part del territori del Port Vell est\u00e0 destinat a sectors que estan directament relacionats amb l\u2019Economia Blava. I, per tal de consolidar-lo com un \u00e0mbit de desenvolupament econ\u00f2mic i social de la ciutat i com un eix vertebrador del seu litoral, impulsa i afavoreix en la seva \u00e0rea les activitats que tenen com a finalitat, la innovaci\u00f3, la sostenibilitat, les noves tecnologies i la promoci\u00f3 de la cultura mar\u00edtima.<\/span><\/p>\n<p style=\"text-align: justify;\"><span style=\"font-size: 14px;\">El Port de Barcelona, ha estat impulsor i membre fundador del Cl\u00faster N\u00e0utic des de l\u2019any 2013, una entitat que neix de la convicci\u00f3 que el sector n\u00e0utic pot esdevenir un actor essencial en el creixement econ\u00f2mic del pa\u00eds i en la generaci\u00f3 de riquesa i d\u2019ocupaci\u00f3. I que ha estat el primer agent en adherir-se a l\u2019Acord de Col\u00b7laboraci\u00f3 per a l\u2019Impuls de l\u2019Economia Blava a la ciutat de Barcelona<\/span><\/p>\n<p>[\/vc_column_text][\/vc_column][\/vc_row]<\/p>\n<\/div>","protected":false},"excerpt":{"rendered":"<p>[vc_row][vc_column width=&#8221;1\/1&#8243;][vc_empty_space height=&#8221;120&#8243;][\/vc_column][\/vc_row][vc_row][vc_column el_class=&#8221;fuera&#8221; width=&#8221;1\/4&#8243;][\/vc_column][vc_column width=&#8221;1\/2&#8243;][vc_column_text el_class=&#8221;QuiEts&#8221;] Lideratge en economia blava [\/vc_column_text][vc_zigzag color=&#8221;sandy_brown&#8221; el_width=&#8221;20&#8243;][\/vc_column][vc_column el_class=&#8221;fuera&#8221; width=&#8221;1\/4&#8243;][\/vc_column][\/vc_row][vc_row][vc_column width=&#8221;1\/1&#8243;][vc_empty_space height=&#8221;120&#8243;][\/vc_column][\/vc_row][vc_row type=&#8221;full_width_section&#8221; bg_color=&#8221;#f4f4f4&#8243; top_padding=&#8221;0&#8243;][vc_column bg_image=&#8221;10095&#8243; column_center=&#8221;true&#8221; width=&#8221;1\/2&#8243;][\/vc_column][vc_column column_padding=&#8221;padding-5&#8243; width=&#8221;1\/2&#8243;][vc_column_text] L\u2019Economia Blava \u00e9s un sector d\u2019activitat, impulsat per l\u2019UE, en el marc de l\u2019Economia per a la Sostenibilitat i dels ODS fixats a l\u2019Agenda 2030 de les Nacions Unides, que representa el conjunt d\u2019activitats econ\u00f2miques vinculades amb els \u00e0mbits aqu\u00e0tics. Entre els principals subsectors de l\u2019Economia Blava destaquen les activitats portu\u00e0ries, el transport mar\u00edtim, la construcci\u00f3 i reparaci\u00f3 de iots, la pesca i la seva activitat majorista, els centres n\u00e0utics, la formaci\u00f3 i la recerca, aix\u00ed com la sensibilitzaci\u00f3 i el coneixement de l\u2019\u00e0mbit mar\u00ed. A Barcelona, espec\u00edficament, aquest sector ja aglutina m\u00e9s de 1.300 operadors, genera m\u00e9s de 15.000 llocs de treball, i t\u00e9 un volum de facturaci\u00f3 global proper als 4.000 milions d\u2019euros. La major part del territori del Port Vell est\u00e0 destinat a sectors que estan directament relacionats amb l\u2019Economia Blava. I, per tal de consolidar-lo com un \u00e0mbit de desenvolupament econ\u00f2mic i social de la ciutat i com un eix vertebrador del seu litoral, impulsa i afavoreix en la seva \u00e0rea les activitats que tenen com a finalitat, la innovaci\u00f3, [&hellip;]<\/p>\n","protected":false},"author":1,"featured_media":10095,"parent":0,"menu_order":0,"comment_status":"closed","ping_status":"closed","template":"","meta":{"_acf_changed":false,"footnotes":""},"class_list":["post-10042","page","type-page","status-publish","has-post-thumbnail","hentry"],"acf":[],"_links":{"self":[{"href":"https:\/\/portvellbcn.cat\/ca\/wp-json\/wp\/v2\/pages\/10042","targetHints":{"allow":["GET"]}}],"collection":[{"href":"https:\/\/portvellbcn.cat\/ca\/wp-json\/wp\/v2\/pages"}],"about":[{"href":"https:\/\/portvellbcn.cat\/ca\/wp-json\/wp\/v2\/types\/page"}],"author":[{"embeddable":true,"href":"https:\/\/portvellbcn.cat\/ca\/wp-json\/wp\/v2\/users\/1"}],"replies":[{"embeddable":true,"href":"https:\/\/portvellbcn.cat\/ca\/wp-json\/wp\/v2\/comments?post=10042"}],"version-history":[{"count":0,"href":"https:\/\/portvellbcn.cat\/ca\/wp-json\/wp\/v2\/pages\/10042\/revisions"}],"wp:featuredmedia":[{"embeddable":true,"href":"https:\/\/portvellbcn.cat\/ca\/wp-json\/wp\/v2\/media\/10095"}],"wp:attachment":[{"href":"https:\/\/portvellbcn.cat\/ca\/wp-json\/wp\/v2\/media?parent=10042"}],"curies":[{"name":"wp","href":"https:\/\/api.w.org\/{rel}","templated":true}]}}